{"id":11574,"date":"2022-01-19T12:54:54","date_gmt":"2022-01-19T11:54:54","guid":{"rendered":"https:\/\/new.tiketi.com\/bus-tickets-in-rwanda-online-bus-ticket-booking\/"},"modified":"2022-10-24T12:09:03","modified_gmt":"2022-10-24T11:09:03","slug":"rwanda-bus-tickets","status":"publish","type":"page","link":"https:\/\/tiketi.com\/fr-fr\/coaches\/rwanda-bus-tickets\/","title":{"rendered":"Billets de bus au Rwanda - R\u00e9servation de billets de bus en ligne"},"content":{"rendered":"<h2>R\u00e9servation de billets de bus en ligne pas cher Rwanda<\/h2>\n<h3>D\u00e9couvrez votre itin\u00e9raire de voyage sur le web, le mobile ou l&#039;application et r\u00e9servez d\u00e8s maintenant des billets de bus \u00e0 bas prix au Rwanda<\/h3>\n<p>R\u00e9servation de billets de bus en ligne facile et pas cher Rwanda. Le transport transfrontalier est un facteur \u00e9norme qui affecte le tourisme en Afrique de l&#039;Est. Il y a toujours besoin d&#039;un nouvel itin\u00e9raire pour les courriers a\u00e9riens et les services d&#039;autobus et c&#039;est une meilleure chose que les entreprises de transport s&#039;aventurent dans de nouveaux territoires tous les deux jours. Voici le guide pour r\u00e9server des billets de bus pas chers au Rwanda :<\/p>\n<h2>Rwanda Voyage au Rwanda<\/h2>\n<h3>R\u00e9servation d&#039;autobus interurbains en ligne Rwanda<\/h3>\n<p>Trinity express, une compagnie de bus est presque pr\u00eate \u00e0 ouvrir une nouvelle route vers la Tanzanie, l&#039;Est du Congo et le Burundi. Trinity express est devenu ces derni\u00e8res ann\u00e9es l&#039;un des plus grands op\u00e9rateurs de bus et partenaire des op\u00e9rateurs de r\u00e9servation de bus en ligne de la plateforme rwandaise Tiketi.com entre Kampala et Kigali et cherche \u00e0 \u00e9tendre son march\u00e9 \u00e0 Dar es Salaam, Bujumbura et Goma.<\/p>\n<p>Ceux-ci circulent selon un horaire fixe (g\u00e9n\u00e9ralement toutes les trente minutes) entre les grandes villes, ne s&#039;arr\u00eatant qu&#039;aux arr\u00eats officiels \u00e0 proximit\u00e9 des lieux. M\u00eame si vous descendez plus t\u00f4t, le prix jusqu&#039;au prochain grand arr\u00eat doit \u00eatre pay\u00e9. Presque tous les itin\u00e9raires des r\u00e9servations de bus au Rwanda passent par Nyabugogo \u00e0 Kigali.<\/p>\n<h2>Station de r\u00e9servation de bus au Rwanda et r\u00e9servation de billets de bus en ligne R\u00e9servation de bus confirm\u00e9e au Rwanda<\/h2>\n<p>Les bus sont g\u00e9r\u00e9s par des entreprises priv\u00e9es et s&#039;associent \u00e0 la plateforme de r\u00e9servation de billets de bus en ligne Rwanda Tiketi.com. Comme les billets de bus sont r\u00e9serv\u00e9s en ligne ou pay\u00e9s et imprim\u00e9s dans les bureaux (grands arr\u00eats) ou par un employ\u00e9 le long de la route (petits arr\u00eats), il n&#039;est pas n\u00e9cessaire que le conducteur r\u00e9cup\u00e8re l&#039;argent dans le bus. Les billets de bus au Rwanda peuvent \u00eatre \u00e9mis \u00e0 l&#039;avance, ils peuvent donc \u00eatre vendus rapidement aux heures de pointe (principalement le vendredi, le dimanche et au d\u00e9but\/\u00e0 la fin des vacances scolaires).<\/p>\n<h2>Billets de bus pas chers au Rwanda<\/h2>\n<p>Depuis longtemps, les voyages longue distance en Afrique de l&#039;Est se font en bus. Il est \u00e9conomique pour les habitants et il existe une concurrence de prix abordable entre les soci\u00e9t\u00e9s d&#039;exploitation de bus. Derni\u00e8rement de toute fa\u00e7on, quelques compagnies a\u00e9riennes font de leur mieux pour donner aux services de bus une course pour leur argent en r\u00e9duisant les billets d&#039;avion pour les vols dans la r\u00e9gion. En Tanzanie par exemple, les billets d&#039;avion pour les vols int\u00e9rieurs se vendent \u00e0 partir de $20 taxes en sus, et les billets pour les vols \u00e0 travers la r\u00e9gion peuvent co\u00fbter $50.<\/p>\n<h2>Lignes d&#039;autobus<\/h2>\n<p>Le Rwanda a de toute fa\u00e7on besoin de se connecter davantage au reste de la r\u00e9gion pour stimuler les voyages, le commerce et le tourisme. Ces nouvelles routes vers la Tanzanie par Trinity Express ne peuvent \u00eatre qu&#039;une meilleure chose. L&#039;entreprise est d\u00e9j\u00e0 devenue c\u00e9l\u00e8bre aupr\u00e8s des voyageurs du Rwanda vers l&#039;Ouganda, \u00e9trangers et locaux. Les touristes en safari en Ouganda sont retourn\u00e9s au Rwanda, il pourrait en \u00eatre de m\u00eame avec la r\u00e9servation de billets de bus en ligne sur les lignes de bus du Rwanda et de la Tanzanie. Apr\u00e8s votre visite des gorilles de trois jours au Rwanda, vous pouvez prendre un bus pour vous rendre \u00e0 un endroit pr\u00e9f\u00e9r\u00e9 en Afrique de l&#039;Est.<\/p>","protected":false},"excerpt":{"rendered":"<p>Cheap Online Bus Ticket Booking Rwanda Discover your travel route on web, mobile or app and book cheap bus tickets in Rwanda now Easy and cheap online bus ticket booking Rwanda. Transportation across borders is a huge factor that affects tourism in East Africa. There is forever need for a fresh route for air couriers [&hellip;]<\/p>\n","protected":false},"author":1,"featured_media":13999,"parent":25605,"menu_order":0,"comment_status":"open","ping_status":"closed","template":"template-home-modern.php","meta":{"footnotes":""},"class_list":["post-11574","page","type-page","status-publish","has-post-thumbnail","hentry"],"yoast_head":"<!-- This site is optimized with the Yoast SEO plugin v27.2 - https:\/\/yoast.com\/product\/yoast-seo-wordpress\/ -->\n<title>Bus Tickets in Rwanda - Online Bus Ticket Booking<\/title>\n<meta name=\"description\" content=\"Looking for online bus ticket\u00a0booking Rwanda, app, route, distance, fare &amp; schedule? Compare and book cheap bus tickets in Rwanda online now\" \/>\n<meta name=\"robots\" content=\"index, follow, max-snippet:-1, max-image-preview:large, max-video-preview:-1\" \/>\n<link rel=\"canonical\" href=\"https:\/\/tiketi.com\/fr-fr\/coaches\/rwanda-bus-tickets\/\" \/>\n<meta property=\"og:locale\" content=\"fr_FR\" \/>\n<meta property=\"og:type\" content=\"article\" \/>\n<meta property=\"og:title\" content=\"Bus Tickets in Rwanda - Online Bus Ticket Booking\" \/>\n<meta property=\"og:description\" content=\"Looking for online bus ticket\u00a0booking Rwanda, app, route, distance, fare &amp; schedule? Compare and book cheap bus tickets in Rwanda online now\" \/>\n<meta property=\"og:url\" content=\"https:\/\/tiketi.com\/fr-fr\/coaches\/rwanda-bus-tickets\/\" \/>\n<meta property=\"og:site_name\" content=\"Tiketi.com\" \/>\n<meta property=\"article:publisher\" content=\"https:\/\/www.facebook.com\/TiketiCom\/\" \/>\n<meta property=\"article:modified_time\" content=\"2022-10-24T11:09:03+00:00\" \/>\n<meta property=\"og:image\" content=\"https:\/\/tiketi.com\/wp-content\/uploads\/2022\/01\/bus-ticket-online-booking.jpg\" \/>\n\t<meta property=\"og:image:width\" content=\"1200\" \/>\n\t<meta property=\"og:image:height\" content=\"206\" \/>\n\t<meta property=\"og:image:type\" content=\"image\/jpeg\" \/>\n<meta name=\"twitter:card\" content=\"summary_large_image\" \/>\n<meta name=\"twitter:label1\" content=\"Dur\u00e9e de lecture estim\u00e9e\" \/>\n\t<meta name=\"twitter:data1\" content=\"3 minutes\" \/>\n<script type=\"application\/ld+json\" class=\"yoast-schema-graph\">{\"@context\":\"https:\/\/schema.org\",\"@graph\":[{\"@type\":\"WebPage\",\"@id\":\"https:\/\/tiketi.com\/coaches\/rwanda-bus-tickets\/\",\"url\":\"https:\/\/tiketi.com\/coaches\/rwanda-bus-tickets\/\",\"name\":\"Bus Tickets in Rwanda - Online Bus Ticket Booking\",\"isPartOf\":{\"@id\":\"https:\/\/tiketi.com\/#website\"},\"primaryImageOfPage\":{\"@id\":\"https:\/\/tiketi.com\/coaches\/rwanda-bus-tickets\/#primaryimage\"},\"image\":{\"@id\":\"https:\/\/tiketi.com\/coaches\/rwanda-bus-tickets\/#primaryimage\"},\"thumbnailUrl\":\"https:\/\/tiketi.com\/wp-content\/uploads\/2022\/01\/bus-ticket-online-booking.jpg\",\"datePublished\":\"2022-01-19T11:54:54+00:00\",\"dateModified\":\"2022-10-24T11:09:03+00:00\",\"description\":\"Looking for online bus ticket\u00a0booking Rwanda, app, route, distance, fare & schedule? Compare and book cheap bus tickets in Rwanda online now\",\"breadcrumb\":{\"@id\":\"https:\/\/tiketi.com\/coaches\/rwanda-bus-tickets\/#breadcrumb\"},\"inLanguage\":\"fr-FR\",\"potentialAction\":[{\"@type\":\"ReadAction\",\"target\":[\"https:\/\/tiketi.com\/coaches\/rwanda-bus-tickets\/\"]}]},{\"@type\":\"ImageObject\",\"inLanguage\":\"fr-FR\",\"@id\":\"https:\/\/tiketi.com\/coaches\/rwanda-bus-tickets\/#primaryimage\",\"url\":\"https:\/\/tiketi.com\/wp-content\/uploads\/2022\/01\/bus-ticket-online-booking.jpg\",\"contentUrl\":\"https:\/\/tiketi.com\/wp-content\/uploads\/2022\/01\/bus-ticket-online-booking.jpg\",\"width\":1200,\"height\":206,\"caption\":\"Online Bus Ticket Booking\"},{\"@type\":\"BreadcrumbList\",\"@id\":\"https:\/\/tiketi.com\/coaches\/rwanda-bus-tickets\/#breadcrumb\",\"itemListElement\":[{\"@type\":\"ListItem\",\"position\":1,\"name\":\"Home\",\"item\":\"https:\/\/tiketi.com\/\"},{\"@type\":\"ListItem\",\"position\":2,\"name\":\"Coaches\",\"item\":\"https:\/\/tiketi.com\/sw\/nauli-za-mabasi\/\"},{\"@type\":\"ListItem\",\"position\":3,\"name\":\"Bus Tickets in Rwanda &#8211; Online Bus Ticket Booking\"}]},{\"@type\":\"WebSite\",\"@id\":\"https:\/\/tiketi.com\/#website\",\"url\":\"https:\/\/tiketi.com\/\",\"name\":\"Flight & Bus Tickets, Tour Packages & Activitites - Tiketi.com\",\"description\":\"Flight &amp; Bus Tickets, Tours, Activitites\",\"publisher\":{\"@id\":\"https:\/\/tiketi.com\/#organization\"},\"potentialAction\":[{\"@type\":\"SearchAction\",\"target\":{\"@type\":\"EntryPoint\",\"urlTemplate\":\"https:\/\/tiketi.com\/?s={search_term_string}\"},\"query-input\":{\"@type\":\"PropertyValueSpecification\",\"valueRequired\":true,\"valueName\":\"search_term_string\"}}],\"inLanguage\":\"fr-FR\"},{\"@type\":\"Organization\",\"@id\":\"https:\/\/tiketi.com\/#organization\",\"name\":\"Tiketi.com\",\"alternateName\":\"Tiketi\",\"url\":\"https:\/\/tiketi.com\/\",\"logo\":{\"@type\":\"ImageObject\",\"inLanguage\":\"fr-FR\",\"@id\":\"https:\/\/tiketi.com\/#\/schema\/logo\/image\/\",\"url\":\"https:\/\/tiketi.com\/wp-content\/uploads\/2019\/05\/tiketi-logo-696.png\",\"contentUrl\":\"https:\/\/tiketi.com\/wp-content\/uploads\/2019\/05\/tiketi-logo-696.png\",\"width\":696,\"height\":696,\"caption\":\"Tiketi.com\"},\"image\":{\"@id\":\"https:\/\/tiketi.com\/#\/schema\/logo\/image\/\"},\"sameAs\":[\"https:\/\/www.facebook.com\/TiketiCom\/\"]}]}<\/script>\n<!-- \/ Yoast SEO plugin. -->","yoast_head_json":{"title":"Billets de bus au Rwanda - R\u00e9servation de billets de bus en ligne","description":"Vous recherchez une r\u00e9servation de billets de bus en ligne Rwanda, une application, un itin\u00e9raire, une distance, un tarif et des horaires\u00a0? Comparez et r\u00e9servez en ligne d\u00e8s maintenant vos billets de bus au Rwanda","robots":{"index":"index","follow":"follow","max-snippet":"max-snippet:-1","max-image-preview":"max-image-preview:large","max-video-preview":"max-video-preview:-1"},"canonical":"https:\/\/tiketi.com\/fr-fr\/coaches\/rwanda-bus-tickets\/","og_locale":"fr_FR","og_type":"article","og_title":"Bus Tickets in Rwanda - Online Bus Ticket Booking","og_description":"Looking for online bus ticket\u00a0booking Rwanda, app, route, distance, fare & schedule? Compare and book cheap bus tickets in Rwanda online now","og_url":"https:\/\/tiketi.com\/fr-fr\/coaches\/rwanda-bus-tickets\/","og_site_name":"Tiketi.com","article_publisher":"https:\/\/www.facebook.com\/TiketiCom\/","article_modified_time":"2022-10-24T11:09:03+00:00","og_image":[{"width":1200,"height":206,"url":"https:\/\/tiketi.com\/wp-content\/uploads\/2022\/01\/bus-ticket-online-booking.jpg","type":"image\/jpeg"}],"twitter_card":"summary_large_image","twitter_misc":{"Dur\u00e9e de lecture estim\u00e9e":"3 minutes"},"schema":{"@context":"https:\/\/schema.org","@graph":[{"@type":"WebPage","@id":"https:\/\/tiketi.com\/coaches\/rwanda-bus-tickets\/","url":"https:\/\/tiketi.com\/coaches\/rwanda-bus-tickets\/","name":"Billets de bus au Rwanda - R\u00e9servation de billets de bus en ligne","isPartOf":{"@id":"https:\/\/tiketi.com\/#website"},"primaryImageOfPage":{"@id":"https:\/\/tiketi.com\/coaches\/rwanda-bus-tickets\/#primaryimage"},"image":{"@id":"https:\/\/tiketi.com\/coaches\/rwanda-bus-tickets\/#primaryimage"},"thumbnailUrl":"https:\/\/tiketi.com\/wp-content\/uploads\/2022\/01\/bus-ticket-online-booking.jpg","datePublished":"2022-01-19T11:54:54+00:00","dateModified":"2022-10-24T11:09:03+00:00","description":"Vous recherchez une r\u00e9servation de billets de bus en ligne Rwanda, une application, un itin\u00e9raire, une distance, un tarif et des horaires\u00a0? Comparez et r\u00e9servez en ligne d\u00e8s maintenant vos billets de bus au Rwanda","breadcrumb":{"@id":"https:\/\/tiketi.com\/coaches\/rwanda-bus-tickets\/#breadcrumb"},"inLanguage":"fr-FR","potentialAction":[{"@type":"ReadAction","target":["https:\/\/tiketi.com\/coaches\/rwanda-bus-tickets\/"]}]},{"@type":"ImageObject","inLanguage":"fr-FR","@id":"https:\/\/tiketi.com\/coaches\/rwanda-bus-tickets\/#primaryimage","url":"https:\/\/tiketi.com\/wp-content\/uploads\/2022\/01\/bus-ticket-online-booking.jpg","contentUrl":"https:\/\/tiketi.com\/wp-content\/uploads\/2022\/01\/bus-ticket-online-booking.jpg","width":1200,"height":206,"caption":"Online Bus Ticket Booking"},{"@type":"BreadcrumbList","@id":"https:\/\/tiketi.com\/coaches\/rwanda-bus-tickets\/#breadcrumb","itemListElement":[{"@type":"ListItem","position":1,"name":"Home","item":"https:\/\/tiketi.com\/"},{"@type":"ListItem","position":2,"name":"Coaches","item":"https:\/\/tiketi.com\/sw\/nauli-za-mabasi\/"},{"@type":"ListItem","position":3,"name":"Bus Tickets in Rwanda &#8211; Online Bus Ticket Booking"}]},{"@type":"WebSite","@id":"https:\/\/tiketi.com\/#website","url":"https:\/\/tiketi.com\/","name":"Billets d&#039;avion et de bus, forfaits touristiques et activit\u00e9s - Tiketi.com","description":"Billets d&#039;avion et de bus, Tours, Activit\u00e9s","publisher":{"@id":"https:\/\/tiketi.com\/#organization"},"potentialAction":[{"@type":"SearchAction","target":{"@type":"EntryPoint","urlTemplate":"https:\/\/tiketi.com\/?s={search_term_string}"},"query-input":{"@type":"PropertyValueSpecification","valueRequired":true,"valueName":"search_term_string"}}],"inLanguage":"fr-FR"},{"@type":"Organization","@id":"https:\/\/tiketi.com\/#organization","name":"Tiketi.com","alternateName":"Tiketi","url":"https:\/\/tiketi.com\/","logo":{"@type":"ImageObject","inLanguage":"fr-FR","@id":"https:\/\/tiketi.com\/#\/schema\/logo\/image\/","url":"https:\/\/tiketi.com\/wp-content\/uploads\/2019\/05\/tiketi-logo-696.png","contentUrl":"https:\/\/tiketi.com\/wp-content\/uploads\/2019\/05\/tiketi-logo-696.png","width":696,"height":696,"caption":"Tiketi.com"},"image":{"@id":"https:\/\/tiketi.com\/#\/schema\/logo\/image\/"},"sameAs":["https:\/\/www.facebook.com\/TiketiCom\/"]}]}},"_links":{"self":[{"href":"https:\/\/tiketi.com\/fr-fr\/wp-json\/wp\/v2\/pages\/11574","targetHints":{"allow":["GET"]}}],"collection":[{"href":"https:\/\/tiketi.com\/fr-fr\/wp-json\/wp\/v2\/pages"}],"about":[{"href":"https:\/\/tiketi.com\/fr-fr\/wp-json\/wp\/v2\/types\/page"}],"author":[{"embeddable":true,"href":"https:\/\/tiketi.com\/fr-fr\/wp-json\/wp\/v2\/users\/1"}],"replies":[{"embeddable":true,"href":"https:\/\/tiketi.com\/fr-fr\/wp-json\/wp\/v2\/comments?post=11574"}],"version-history":[{"count":0,"href":"https:\/\/tiketi.com\/fr-fr\/wp-json\/wp\/v2\/pages\/11574\/revisions"}],"up":[{"embeddable":true,"href":"https:\/\/tiketi.com\/fr-fr\/wp-json\/wp\/v2\/pages\/25605"}],"wp:featuredmedia":[{"embeddable":true,"href":"https:\/\/tiketi.com\/fr-fr\/wp-json\/wp\/v2\/media\/13999"}],"wp:attachment":[{"href":"https:\/\/tiketi.com\/fr-fr\/wp-json\/wp\/v2\/media?parent=11574"}],"curies":[{"name":"wp","href":"https:\/\/api.w.org\/{rel}","templated":true}]}}