{"id":11575,"date":"2022-01-19T12:54:54","date_gmt":"2022-01-19T11:54:54","guid":{"rendered":"https:\/\/new.tiketi.com\/bus-from-lagos-to-benin-city-bus-tickets-route-schedule-fare\/"},"modified":"2022-01-29T19:48:48","modified_gmt":"2022-01-29T18:48:48","slug":"online-bus-tickets-from-lagos-to-benin-city","status":"publish","type":"page","link":"https:\/\/tiketi.com\/fr-fr\/online-bus-tickets-from-lagos-to-benin-city\/","title":{"rendered":"Bus de Lagos \u00e0 Benin City Billets de bus, itin\u00e9raire, horaires et tarifs"},"content":{"rendered":"<h2>Billets de bus pas chers de Lagos \u00e0 Benin City R\u00e9servation en ligne<\/h2>\n<h3>D\u00e9couvrez votre itin\u00e9raire sur le web, le mobile ou l&#039;application et r\u00e9servez en ligne maintenant un billet de bus pas cher de Lagos \u00e0 Benin City.<\/h3>\n<p>Faites une r\u00e9servation en ligne de bus de Lagos \u00e0 Benin City et \u00e9conomisez du temps et de l&#039;argent. Benin City, la capitale de l&#039;\u00c9tat d&#039;Edo, est l&#039;une des plus anciennes villes du Nig\u00e9ria, son origine remonte \u00e0 l&#039;\u00e9poque pr\u00e9coloniale. Situ\u00e9 \u00e0 environ 320 kilom\u00e8tres \u00e0 l&#039;est de Lagos, Benin City est le centre de l&#039;industrie du caoutchouc au Nigeria. Voici le guide comment vous pouvez prendre des billets de bus de Lagos \u00e0 Benin city :<\/p>\n<h2>Bus de Lagos \u00e0 Benin City Billets de bus, itin\u00e9raires, horaires et tarifs FAQ<\/h2>\n<h3>Quelle est la distance entre Lagos et Benin City?<\/h3>\n<p>La distance entre Lagos et Benin City est de 247km. La distance routi\u00e8re entre Lagos et B\u00e9nin est de 321 km, service de bus op\u00e9r\u00e9 par Chisco Transport ou Iyare Motors.<\/p>\n<h3>Quel est le moyen abordable pour se rendre de Lagos \u00e0 Benin City ?<\/h3>\n<p>Le moyen abordable de se rendre de Lagos \u00e0 Benin City en bus qui co\u00fbte $100 \u2013 $120 et dure 4h.<\/p>\n<h3>Puis-je conduire seul ou en bus de Lagos \u00e0 Benin City ?<\/h3>\n<p>Oui, la distance entre Benin City et Lagos est de 321 km. il faut 4h 20m pour conduire de Lagos \u00e0 Benin City.<\/p>\n<h2>R\u00e9servez des billets de bus de Lagos \u00e0 Benin City<\/h2>\n<p>En raison de leur proximit\u00e9, les deux villes; Le B\u00e9nin et Lagos sont des partenaires \u00e9conomiques, il est donc g\u00e9n\u00e9ral d&#039;avoir des voyageurs de loisirs et d&#039;affaires de Lagos au B\u00e9nin ou vice versa.<\/p>\n<h3>Temps de trajet Lagos \u00e0 Benin city en bus<\/h3>\n<p>Les voyageurs routiers de Lagos \u00e0 Benin City empruntent la route enti\u00e8rement am\u00e9nag\u00e9e Lagos-Ore-B\u00e9nin. Cet itin\u00e9raire est long d&#039;environ 320 km et prendrait entre 2 et 4 heures, selon les conditions m\u00e9t\u00e9orologiques.<\/p>\n<p>Le temps de trajet en bus de Lagos \u00e0 B\u00e9nin peut varier selon la p\u00e9riode de l&#039;ann\u00e9e. De nombreuses personnes voyagent de Lagos au B\u00e9nin pendant les p\u00e9riodes de f\u00eates, ce qui rend la route plus fr\u00e9quent\u00e9e \u00e0 cette \u00e9poque.<\/p>\n<h3>Choisir une ville de Lagos \u00e0 B\u00e9nin en bus<\/h3>\n<p>De nombreux facteurs doivent \u00eatre pris en compte lors du choix du bus de Lagos \u00e0 Benin city :<\/p>\n<p><strong>Budget:<\/strong> Les budgets qui empruntent cet itin\u00e9raire ont une large gamme de prix de leurs billets de bus pas chers de Lagos \u00e0 Benin city. Cela signifie que vous pouvez choisir les diff\u00e9rents choix et un bus un billet qui correspond \u00e0 votre budget.<\/p>\n<p><strong>Commodit\u00e9:<\/strong> les types de v\u00e9hicules et la disposition des si\u00e8ges fournis par les entreprises de transport changent \u00e9galement. Il est pr\u00e9f\u00e9rable d&#039;effectuer une jolie recherche pour savoir ce que chaque entreprise de transport doit fournir. G\u00e9n\u00e9ralement, de toute fa\u00e7on, plus le billet de bus de Lagos \u00e0 B\u00e9nin est cher, plus le bus sera relaxant.<\/p>\n<p><strong>La proximit\u00e9 du parking bus :<\/strong> il est pr\u00e9f\u00e9rable de choisir une entreprise de transport avec un terminal proche de chez vous. Cela contribuerait \u00e0 r\u00e9duire le risque que vous arriviez en retard \u00e0 la gare routi\u00e8re.<\/p>","protected":false},"excerpt":{"rendered":"<p>Cheap Bus Tickets from Lagos to Benin City\u00a0Online Booking Discover your travel route on web, mobile or app and book cheap bus ticket from Lagos to Benin City online now. Do heap bus from Lagos to Benin City bus online booking and save time and money. Benin City, the Edo State capital, is one of [&hellip;]<\/p>\n","protected":false},"author":1,"featured_media":13999,"parent":0,"menu_order":0,"comment_status":"open","ping_status":"closed","template":"template-home-modern.php","meta":{"footnotes":""},"class_list":["post-11575","page","type-page","status-publish","has-post-thumbnail","hentry"],"yoast_head":"<!-- This site is optimized with the Yoast SEO plugin v27.2 - https:\/\/yoast.com\/product\/yoast-seo-wordpress\/ -->\n<title>Bus from Lagos to Benin City Bus Tickets, Route, Schedule &amp; Fare<\/title>\n<meta name=\"description\" content=\"Looking for bus from\u00a0Lagos to Benin City bus ticket booking app, schedule &amp; fare? Book cheap bus tickets from Lagos to Benin City online\" \/>\n<meta name=\"robots\" content=\"index, follow, max-snippet:-1, max-image-preview:large, max-video-preview:-1\" \/>\n<link rel=\"canonical\" href=\"https:\/\/tiketi.com\/fr-fr\/online-bus-tickets-from-lagos-to-benin-city\/\" \/>\n<meta property=\"og:locale\" content=\"fr_FR\" \/>\n<meta property=\"og:type\" content=\"article\" \/>\n<meta property=\"og:title\" content=\"Bus from Lagos to Benin City Bus Tickets, Route, Schedule &amp; Fare\" \/>\n<meta property=\"og:description\" content=\"Looking for bus from\u00a0Lagos to Benin City bus ticket booking app, schedule &amp; fare? Book cheap bus tickets from Lagos to Benin City online\" \/>\n<meta property=\"og:url\" content=\"https:\/\/tiketi.com\/fr-fr\/online-bus-tickets-from-lagos-to-benin-city\/\" \/>\n<meta property=\"og:site_name\" content=\"Tiketi.com\" \/>\n<meta property=\"article:publisher\" content=\"https:\/\/www.facebook.com\/TiketiCom\/\" \/>\n<meta property=\"article:modified_time\" content=\"2022-01-29T18:48:48+00:00\" \/>\n<meta property=\"og:image\" content=\"https:\/\/tiketi.com\/wp-content\/uploads\/2022\/01\/bus-ticket-online-booking.jpg\" \/>\n\t<meta property=\"og:image:width\" content=\"1200\" \/>\n\t<meta property=\"og:image:height\" content=\"206\" \/>\n\t<meta property=\"og:image:type\" content=\"image\/jpeg\" \/>\n<meta name=\"twitter:card\" content=\"summary_large_image\" \/>\n<meta name=\"twitter:label1\" content=\"Dur\u00e9e de lecture estim\u00e9e\" \/>\n\t<meta name=\"twitter:data1\" content=\"3 minutes\" \/>\n<script type=\"application\/ld+json\" class=\"yoast-schema-graph\">{\"@context\":\"https:\/\/schema.org\",\"@graph\":[{\"@type\":\"WebPage\",\"@id\":\"https:\/\/tiketi.com\/online-bus-tickets-from-lagos-to-benin-city\/\",\"url\":\"https:\/\/tiketi.com\/online-bus-tickets-from-lagos-to-benin-city\/\",\"name\":\"Bus from Lagos to Benin City Bus Tickets, Route, Schedule & Fare\",\"isPartOf\":{\"@id\":\"https:\/\/tiketi.com\/#website\"},\"primaryImageOfPage\":{\"@id\":\"https:\/\/tiketi.com\/online-bus-tickets-from-lagos-to-benin-city\/#primaryimage\"},\"image\":{\"@id\":\"https:\/\/tiketi.com\/online-bus-tickets-from-lagos-to-benin-city\/#primaryimage\"},\"thumbnailUrl\":\"https:\/\/tiketi.com\/wp-content\/uploads\/2022\/01\/bus-ticket-online-booking.jpg\",\"datePublished\":\"2022-01-19T11:54:54+00:00\",\"dateModified\":\"2022-01-29T18:48:48+00:00\",\"description\":\"Looking for bus from\u00a0Lagos to Benin City bus ticket booking app, schedule & fare? Book cheap bus tickets from Lagos to Benin City online\",\"breadcrumb\":{\"@id\":\"https:\/\/tiketi.com\/online-bus-tickets-from-lagos-to-benin-city\/#breadcrumb\"},\"inLanguage\":\"fr-FR\",\"potentialAction\":[{\"@type\":\"ReadAction\",\"target\":[\"https:\/\/tiketi.com\/online-bus-tickets-from-lagos-to-benin-city\/\"]}]},{\"@type\":\"ImageObject\",\"inLanguage\":\"fr-FR\",\"@id\":\"https:\/\/tiketi.com\/online-bus-tickets-from-lagos-to-benin-city\/#primaryimage\",\"url\":\"https:\/\/tiketi.com\/wp-content\/uploads\/2022\/01\/bus-ticket-online-booking.jpg\",\"contentUrl\":\"https:\/\/tiketi.com\/wp-content\/uploads\/2022\/01\/bus-ticket-online-booking.jpg\",\"width\":1200,\"height\":206,\"caption\":\"Online Bus Ticket Booking\"},{\"@type\":\"BreadcrumbList\",\"@id\":\"https:\/\/tiketi.com\/online-bus-tickets-from-lagos-to-benin-city\/#breadcrumb\",\"itemListElement\":[{\"@type\":\"ListItem\",\"position\":1,\"name\":\"Home\",\"item\":\"https:\/\/tiketi.com\/\"},{\"@type\":\"ListItem\",\"position\":2,\"name\":\"Bus from Lagos to Benin City Bus Tickets, Route, Schedule &#038; Fare\"}]},{\"@type\":\"WebSite\",\"@id\":\"https:\/\/tiketi.com\/#website\",\"url\":\"https:\/\/tiketi.com\/\",\"name\":\"Flight & Bus Tickets, Tour Packages & Activitites - Tiketi.com\",\"description\":\"Flight &amp; Bus Tickets, Tours, Activitites\",\"publisher\":{\"@id\":\"https:\/\/tiketi.com\/#organization\"},\"potentialAction\":[{\"@type\":\"SearchAction\",\"target\":{\"@type\":\"EntryPoint\",\"urlTemplate\":\"https:\/\/tiketi.com\/?s={search_term_string}\"},\"query-input\":{\"@type\":\"PropertyValueSpecification\",\"valueRequired\":true,\"valueName\":\"search_term_string\"}}],\"inLanguage\":\"fr-FR\"},{\"@type\":\"Organization\",\"@id\":\"https:\/\/tiketi.com\/#organization\",\"name\":\"Tiketi.com\",\"alternateName\":\"Tiketi\",\"url\":\"https:\/\/tiketi.com\/\",\"logo\":{\"@type\":\"ImageObject\",\"inLanguage\":\"fr-FR\",\"@id\":\"https:\/\/tiketi.com\/#\/schema\/logo\/image\/\",\"url\":\"https:\/\/tiketi.com\/wp-content\/uploads\/2019\/05\/tiketi-logo-696.png\",\"contentUrl\":\"https:\/\/tiketi.com\/wp-content\/uploads\/2019\/05\/tiketi-logo-696.png\",\"width\":696,\"height\":696,\"caption\":\"Tiketi.com\"},\"image\":{\"@id\":\"https:\/\/tiketi.com\/#\/schema\/logo\/image\/\"},\"sameAs\":[\"https:\/\/www.facebook.com\/TiketiCom\/\"]}]}<\/script>\n<!-- \/ Yoast SEO plugin. -->","yoast_head_json":{"title":"Bus de Lagos \u00e0 Benin City Billets de bus, itin\u00e9raire, horaires et tarifs","description":"\u00c0 la recherche d&#039;une application de r\u00e9servation de billets de bus de Lagos \u00e0 Benin City, des horaires et des tarifs\u00a0? R\u00e9servez en ligne des billets de bus \u00e0 bas prix de Lagos \u00e0 Benin City","robots":{"index":"index","follow":"follow","max-snippet":"max-snippet:-1","max-image-preview":"max-image-preview:large","max-video-preview":"max-video-preview:-1"},"canonical":"https:\/\/tiketi.com\/fr-fr\/online-bus-tickets-from-lagos-to-benin-city\/","og_locale":"fr_FR","og_type":"article","og_title":"Bus from Lagos to Benin City Bus Tickets, Route, Schedule & Fare","og_description":"Looking for bus from\u00a0Lagos to Benin City bus ticket booking app, schedule & fare? Book cheap bus tickets from Lagos to Benin City online","og_url":"https:\/\/tiketi.com\/fr-fr\/online-bus-tickets-from-lagos-to-benin-city\/","og_site_name":"Tiketi.com","article_publisher":"https:\/\/www.facebook.com\/TiketiCom\/","article_modified_time":"2022-01-29T18:48:48+00:00","og_image":[{"width":1200,"height":206,"url":"https:\/\/tiketi.com\/wp-content\/uploads\/2022\/01\/bus-ticket-online-booking.jpg","type":"image\/jpeg"}],"twitter_card":"summary_large_image","twitter_misc":{"Dur\u00e9e de lecture estim\u00e9e":"3 minutes"},"schema":{"@context":"https:\/\/schema.org","@graph":[{"@type":"WebPage","@id":"https:\/\/tiketi.com\/online-bus-tickets-from-lagos-to-benin-city\/","url":"https:\/\/tiketi.com\/online-bus-tickets-from-lagos-to-benin-city\/","name":"Bus de Lagos \u00e0 Benin City Billets de bus, itin\u00e9raire, horaires et tarifs","isPartOf":{"@id":"https:\/\/tiketi.com\/#website"},"primaryImageOfPage":{"@id":"https:\/\/tiketi.com\/online-bus-tickets-from-lagos-to-benin-city\/#primaryimage"},"image":{"@id":"https:\/\/tiketi.com\/online-bus-tickets-from-lagos-to-benin-city\/#primaryimage"},"thumbnailUrl":"https:\/\/tiketi.com\/wp-content\/uploads\/2022\/01\/bus-ticket-online-booking.jpg","datePublished":"2022-01-19T11:54:54+00:00","dateModified":"2022-01-29T18:48:48+00:00","description":"\u00c0 la recherche d&#039;une application de r\u00e9servation de billets de bus de Lagos \u00e0 Benin City, des horaires et des tarifs\u00a0? R\u00e9servez en ligne des billets de bus \u00e0 bas prix de Lagos \u00e0 Benin City","breadcrumb":{"@id":"https:\/\/tiketi.com\/online-bus-tickets-from-lagos-to-benin-city\/#breadcrumb"},"inLanguage":"fr-FR","potentialAction":[{"@type":"ReadAction","target":["https:\/\/tiketi.com\/online-bus-tickets-from-lagos-to-benin-city\/"]}]},{"@type":"ImageObject","inLanguage":"fr-FR","@id":"https:\/\/tiketi.com\/online-bus-tickets-from-lagos-to-benin-city\/#primaryimage","url":"https:\/\/tiketi.com\/wp-content\/uploads\/2022\/01\/bus-ticket-online-booking.jpg","contentUrl":"https:\/\/tiketi.com\/wp-content\/uploads\/2022\/01\/bus-ticket-online-booking.jpg","width":1200,"height":206,"caption":"Online Bus Ticket Booking"},{"@type":"BreadcrumbList","@id":"https:\/\/tiketi.com\/online-bus-tickets-from-lagos-to-benin-city\/#breadcrumb","itemListElement":[{"@type":"ListItem","position":1,"name":"Home","item":"https:\/\/tiketi.com\/"},{"@type":"ListItem","position":2,"name":"Bus from Lagos to Benin City Bus Tickets, Route, Schedule &#038; Fare"}]},{"@type":"WebSite","@id":"https:\/\/tiketi.com\/#website","url":"https:\/\/tiketi.com\/","name":"Billets d&#039;avion et de bus, forfaits touristiques et activit\u00e9s - Tiketi.com","description":"Billets d&#039;avion et de bus, Tours, Activit\u00e9s","publisher":{"@id":"https:\/\/tiketi.com\/#organization"},"potentialAction":[{"@type":"SearchAction","target":{"@type":"EntryPoint","urlTemplate":"https:\/\/tiketi.com\/?s={search_term_string}"},"query-input":{"@type":"PropertyValueSpecification","valueRequired":true,"valueName":"search_term_string"}}],"inLanguage":"fr-FR"},{"@type":"Organization","@id":"https:\/\/tiketi.com\/#organization","name":"Tiketi.com","alternateName":"Tiketi","url":"https:\/\/tiketi.com\/","logo":{"@type":"ImageObject","inLanguage":"fr-FR","@id":"https:\/\/tiketi.com\/#\/schema\/logo\/image\/","url":"https:\/\/tiketi.com\/wp-content\/uploads\/2019\/05\/tiketi-logo-696.png","contentUrl":"https:\/\/tiketi.com\/wp-content\/uploads\/2019\/05\/tiketi-logo-696.png","width":696,"height":696,"caption":"Tiketi.com"},"image":{"@id":"https:\/\/tiketi.com\/#\/schema\/logo\/image\/"},"sameAs":["https:\/\/www.facebook.com\/TiketiCom\/"]}]}},"_links":{"self":[{"href":"https:\/\/tiketi.com\/fr-fr\/wp-json\/wp\/v2\/pages\/11575","targetHints":{"allow":["GET"]}}],"collection":[{"href":"https:\/\/tiketi.com\/fr-fr\/wp-json\/wp\/v2\/pages"}],"about":[{"href":"https:\/\/tiketi.com\/fr-fr\/wp-json\/wp\/v2\/types\/page"}],"author":[{"embeddable":true,"href":"https:\/\/tiketi.com\/fr-fr\/wp-json\/wp\/v2\/users\/1"}],"replies":[{"embeddable":true,"href":"https:\/\/tiketi.com\/fr-fr\/wp-json\/wp\/v2\/comments?post=11575"}],"version-history":[{"count":0,"href":"https:\/\/tiketi.com\/fr-fr\/wp-json\/wp\/v2\/pages\/11575\/revisions"}],"wp:featuredmedia":[{"embeddable":true,"href":"https:\/\/tiketi.com\/fr-fr\/wp-json\/wp\/v2\/media\/13999"}],"wp:attachment":[{"href":"https:\/\/tiketi.com\/fr-fr\/wp-json\/wp\/v2\/media?parent=11575"}],"curies":[{"name":"wp","href":"https:\/\/api.w.org\/{rel}","templated":true}]}}