{"id":11577,"date":"2022-01-19T12:54:54","date_gmt":"2022-01-19T11:54:54","guid":{"rendered":"https:\/\/new.tiketi.com\/bus-from-accra-to-kumasi-bus-tickets-route-schedule-fare\/"},"modified":"2022-01-26T17:20:01","modified_gmt":"2022-01-26T16:20:01","slug":"cheap-bus-tickets-from-accra-to-kumasi","status":"publish","type":"page","link":"https:\/\/tiketi.com\/fr-fr\/cheap-bus-tickets-from-accra-to-kumasi\/","title":{"rendered":"Bus de Accra \u00e0 Kumasi, billets de bus, itin\u00e9raire, horaires et tarifs"},"content":{"rendered":"<h2>Billets de bus pas chers de Accra \u00e0 Kumasi R\u00e9servation en ligne<\/h2>\n<h3>D\u00e9couvrez votre itin\u00e9raire sur le web, le mobile ou l&#039;application et r\u00e9servez en ligne maintenant un billet de bus pas cher de Accra \u00e0 Kumasi.<\/h3>\n<p>R\u00e9servez en ligne des billets de bus pas chers d&#039;Accra \u00e0 Kumasi. Accra est l&#039;une des grandes villes du Ghana, et elle est situ\u00e9e au c\u0153ur du royaume Ashanti du Ghana. De la faune et de la nature \u00e0 la nourriture locale et \u00e0 l&#039;histoire tribale. Alors achetez vos billets de bus \u00e0 petits prix de Accra \u00e0 Kumasi en ligne d\u00e8s maintenant.<\/p>\n<h2>Bus de Accra \u00e0 Kumasi R\u00e9servation de billets de bus, tarifs, itin\u00e9raires et horaires FAQ<\/h2>\n<h3>Quel est le moyen abordable pour se rendre de Accra \u00e0 Kumasi ?<\/h3>\n<p>Le moyen abordable de se rendre d&#039;Accra \u00e0 Kumasi en bus. Accra \u00e0 Kumasi tarif de bus $9 et dure 4h 32m.<\/p>\n<h3>Y a-t-il un bus direct de Accra \u00e0 Kumasi ?<\/h3>\n<p>Oui, il y a un bus direct vip bus Accra jusqu&#039;\u00e0 Kumasi et arrivant \u00e0 Kumasi. Les services partent toutes les 2 heures, et op\u00e8rent chaque jour. Le trajet dure environ 4h 30m.<\/p>\n<h3>Quelle est la distance entre Accra et Kumasi en bus ?<\/h3>\n<p>La distance parcourue entre Accra et Kumasi est de 202 km.<\/p>\n<h3>O\u00f9 prendre le bus depuis Accra pour Kumasi ?<\/h3>\n<p>Billets de bus pas chers depuis Accra vers Kumasi, op\u00e9r\u00e9s par Intercity STC Coaches.<\/p>\n<h3>Avion ou bus Accra jusqu&#039;\u00e0 Kumasi ?<\/h3>\n<p>Le meilleur moyen d&#039;aller d&#039;Accra \u00e0 Kumasi est de <a href=\"https:\/\/tiketi.com\/fr-fr\/flightst\/\" target=\"_blank\" rel=\"noopener\">voler<\/a> qui prend 53 min et co\u00fbte $30 \u2013 $150. Sinon, vous pouvez bus, combien co\u00fbte le bus vip depuis Accra tokumasi $9 et dure 4h 30m.<\/p>\n<h3>Comment puis-je me d\u00e9placer d&#039;Accra \u00e0 Kumasi sans voiture ?<\/h3>\n<p>Le meilleur moyen pour se rendre de Accra \u00e0 Kumasi sans v\u00e9hicule est de bus, ce qui dure 4h 30m. Bus Accra \u00e0 Kumasi tarifs $9.<\/p>\n<h2>Billets de bus de Accra \u00e0 Kumasi Tips<\/h2>\n<p>Voici quelques-unes des meilleures attractions de Kumasi\u00a0:<\/p>\n<h3>Le Centre culturel national<\/h3>\n<p>Situ\u00e9 \u00e0 une certaine distance du march\u00e9 de Kejetia, ce quartier c\u00e9l\u00e8bre abrite la biblioth\u00e8que du mus\u00e9e Prempeh II Jubilee d&#039;Ashanti, l&#039;histoire, la salle d&#039;exposition, la librairie et le c\u00e9l\u00e8bre restaurant Kentish Kitchen qui sert des plats savoureux et pr\u00e9par\u00e9s localement tels que Jollof et fufu. Les \u0153uvres d&#039;artisans locaux sont \u00e9galement accessibles \u00e0 l&#039;achat avec des peintres et des travailleurs du bois extr\u00eamement talentueux qui vendent leurs marchandises.<\/p>\n<h3>R\u00e9serve foresti\u00e8re de Bobiri<\/h3>\n<p>Ce sanctuaire de papillons, le seul plac\u00e9 en Afrique de l&#039;Ouest, abrite quatre cents esp\u00e8ces de papillons. Le site comprend un arboretum, un sentier forestier et des randonn\u00e9es p\u00e9destres, du guidage ainsi que de l&#039;h\u00e9bergement. Lieu d&#039;\u00e9cotourisme rare, c&#039;est une for\u00eat tropicale intacte, loin des sentiers battus.<\/p>","protected":false},"excerpt":{"rendered":"<p>Cheap Bus Tickets from\u00a0Accra to Kumasi\u00a0Online Booking Discover your travel route on web, mobile or app and book cheap bus ticket from Accra to Kumasi online now. Do cheap bus from Accra to Kumasi bus tickets booking online. Accra one of Ghana big cities, and it is placed in the heart of Ghana Ashanti Kingdom. [&hellip;]<\/p>\n","protected":false},"author":1,"featured_media":13999,"parent":0,"menu_order":0,"comment_status":"open","ping_status":"closed","template":"template-home-modern.php","meta":{"footnotes":""},"class_list":["post-11577","page","type-page","status-publish","has-post-thumbnail","hentry"],"yoast_head":"<!-- This site is optimized with the Yoast SEO plugin v27.2 - https:\/\/yoast.com\/product\/yoast-seo-wordpress\/ -->\n<title>Bus from Accra to Kumasi Bus Tickets, Route, Schedule &amp; Fare<\/title>\n<meta name=\"description\" content=\"Looking for bus from\u00a0Accra to Kumasi bus tickets, routes, schedules &amp; fares? Book cheap bus tickets from Accra to Kumasi online now\" \/>\n<meta name=\"robots\" content=\"index, follow, max-snippet:-1, max-image-preview:large, max-video-preview:-1\" \/>\n<link rel=\"canonical\" href=\"https:\/\/tiketi.com\/fr-fr\/cheap-bus-tickets-from-accra-to-kumasi\/\" \/>\n<meta property=\"og:locale\" content=\"fr_FR\" \/>\n<meta property=\"og:type\" content=\"article\" \/>\n<meta property=\"og:title\" content=\"Bus from Accra to Kumasi Bus Tickets, Route, Schedule &amp; Fare\" \/>\n<meta property=\"og:description\" content=\"Looking for bus from\u00a0Accra to Kumasi bus tickets, routes, schedules &amp; fares? Book cheap bus tickets from Accra to Kumasi online now\" \/>\n<meta property=\"og:url\" content=\"https:\/\/tiketi.com\/fr-fr\/cheap-bus-tickets-from-accra-to-kumasi\/\" \/>\n<meta property=\"og:site_name\" content=\"Tiketi.com\" \/>\n<meta property=\"article:publisher\" content=\"https:\/\/www.facebook.com\/TiketiCom\/\" \/>\n<meta property=\"article:modified_time\" content=\"2022-01-26T16:20:01+00:00\" \/>\n<meta property=\"og:image\" content=\"https:\/\/tiketi.com\/wp-content\/uploads\/2022\/01\/bus-ticket-online-booking.jpg\" \/>\n\t<meta property=\"og:image:width\" content=\"1200\" \/>\n\t<meta property=\"og:image:height\" content=\"206\" \/>\n\t<meta property=\"og:image:type\" content=\"image\/jpeg\" \/>\n<meta name=\"twitter:card\" content=\"summary_large_image\" \/>\n<meta name=\"twitter:label1\" content=\"Dur\u00e9e de lecture estim\u00e9e\" \/>\n\t<meta name=\"twitter:data1\" content=\"2 minutes\" \/>\n<script type=\"application\/ld+json\" class=\"yoast-schema-graph\">{\"@context\":\"https:\/\/schema.org\",\"@graph\":[{\"@type\":\"WebPage\",\"@id\":\"https:\/\/tiketi.com\/en-gb\/cheap-bus-tickets-from-accra-to-kumasi\/\",\"url\":\"https:\/\/tiketi.com\/en-gb\/cheap-bus-tickets-from-accra-to-kumasi\/\",\"name\":\"Bus from Accra to Kumasi Bus Tickets, Route, Schedule & Fare\",\"isPartOf\":{\"@id\":\"https:\/\/tiketi.com\/#website\"},\"primaryImageOfPage\":{\"@id\":\"https:\/\/tiketi.com\/en-gb\/cheap-bus-tickets-from-accra-to-kumasi\/#primaryimage\"},\"image\":{\"@id\":\"https:\/\/tiketi.com\/en-gb\/cheap-bus-tickets-from-accra-to-kumasi\/#primaryimage\"},\"thumbnailUrl\":\"https:\/\/tiketi.com\/wp-content\/uploads\/2022\/01\/bus-ticket-online-booking.jpg\",\"datePublished\":\"2022-01-19T11:54:54+00:00\",\"dateModified\":\"2022-01-26T16:20:01+00:00\",\"description\":\"Looking for bus from\u00a0Accra to Kumasi bus tickets, routes, schedules & fares? Book cheap bus tickets from Accra to Kumasi online now\",\"breadcrumb\":{\"@id\":\"https:\/\/tiketi.com\/en-gb\/cheap-bus-tickets-from-accra-to-kumasi\/#breadcrumb\"},\"inLanguage\":\"fr-FR\",\"potentialAction\":[{\"@type\":\"ReadAction\",\"target\":[\"https:\/\/tiketi.com\/en-gb\/cheap-bus-tickets-from-accra-to-kumasi\/\"]}]},{\"@type\":\"ImageObject\",\"inLanguage\":\"fr-FR\",\"@id\":\"https:\/\/tiketi.com\/en-gb\/cheap-bus-tickets-from-accra-to-kumasi\/#primaryimage\",\"url\":\"https:\/\/tiketi.com\/wp-content\/uploads\/2022\/01\/bus-ticket-online-booking.jpg\",\"contentUrl\":\"https:\/\/tiketi.com\/wp-content\/uploads\/2022\/01\/bus-ticket-online-booking.jpg\",\"width\":1200,\"height\":206,\"caption\":\"Online Bus Ticket Booking\"},{\"@type\":\"BreadcrumbList\",\"@id\":\"https:\/\/tiketi.com\/en-gb\/cheap-bus-tickets-from-accra-to-kumasi\/#breadcrumb\",\"itemListElement\":[{\"@type\":\"ListItem\",\"position\":1,\"name\":\"Home\",\"item\":\"https:\/\/tiketi.com\/\"},{\"@type\":\"ListItem\",\"position\":2,\"name\":\"Bus from Accra to Kumasi, Bus Tickets, Route, Schedule &#038; Fare\"}]},{\"@type\":\"WebSite\",\"@id\":\"https:\/\/tiketi.com\/#website\",\"url\":\"https:\/\/tiketi.com\/\",\"name\":\"Flight & Bus Tickets, Tour Packages & Activitites - Tiketi.com\",\"description\":\"Flight &amp; Bus Tickets, Tours, Activitites\",\"publisher\":{\"@id\":\"https:\/\/tiketi.com\/#organization\"},\"potentialAction\":[{\"@type\":\"SearchAction\",\"target\":{\"@type\":\"EntryPoint\",\"urlTemplate\":\"https:\/\/tiketi.com\/?s={search_term_string}\"},\"query-input\":{\"@type\":\"PropertyValueSpecification\",\"valueRequired\":true,\"valueName\":\"search_term_string\"}}],\"inLanguage\":\"fr-FR\"},{\"@type\":\"Organization\",\"@id\":\"https:\/\/tiketi.com\/#organization\",\"name\":\"Tiketi.com\",\"alternateName\":\"Tiketi\",\"url\":\"https:\/\/tiketi.com\/\",\"logo\":{\"@type\":\"ImageObject\",\"inLanguage\":\"fr-FR\",\"@id\":\"https:\/\/tiketi.com\/#\/schema\/logo\/image\/\",\"url\":\"https:\/\/tiketi.com\/wp-content\/uploads\/2019\/05\/tiketi-logo-696.png\",\"contentUrl\":\"https:\/\/tiketi.com\/wp-content\/uploads\/2019\/05\/tiketi-logo-696.png\",\"width\":696,\"height\":696,\"caption\":\"Tiketi.com\"},\"image\":{\"@id\":\"https:\/\/tiketi.com\/#\/schema\/logo\/image\/\"},\"sameAs\":[\"https:\/\/www.facebook.com\/TiketiCom\/\"]}]}<\/script>\n<!-- \/ Yoast SEO plugin. -->","yoast_head_json":{"title":"Bus de Accra \u00e0 Kumasi Billets de bus, itin\u00e9raire, horaires et tarifs","description":"Vous recherchez des billets de bus de Accra \u00e0 Kumasi, des itin\u00e9raires, des horaires et des tarifs ? R\u00e9servez en ligne maintenant des billets de bus \u00e0 bas prix de Accra \u00e0 Kumasi","robots":{"index":"index","follow":"follow","max-snippet":"max-snippet:-1","max-image-preview":"max-image-preview:large","max-video-preview":"max-video-preview:-1"},"canonical":"https:\/\/tiketi.com\/fr-fr\/cheap-bus-tickets-from-accra-to-kumasi\/","og_locale":"fr_FR","og_type":"article","og_title":"Bus from Accra to Kumasi Bus Tickets, Route, Schedule & Fare","og_description":"Looking for bus from\u00a0Accra to Kumasi bus tickets, routes, schedules & fares? Book cheap bus tickets from Accra to Kumasi online now","og_url":"https:\/\/tiketi.com\/fr-fr\/cheap-bus-tickets-from-accra-to-kumasi\/","og_site_name":"Tiketi.com","article_publisher":"https:\/\/www.facebook.com\/TiketiCom\/","article_modified_time":"2022-01-26T16:20:01+00:00","og_image":[{"width":1200,"height":206,"url":"https:\/\/tiketi.com\/wp-content\/uploads\/2022\/01\/bus-ticket-online-booking.jpg","type":"image\/jpeg"}],"twitter_card":"summary_large_image","twitter_misc":{"Dur\u00e9e de lecture estim\u00e9e":"2 minutes"},"schema":{"@context":"https:\/\/schema.org","@graph":[{"@type":"WebPage","@id":"https:\/\/tiketi.com\/en-gb\/cheap-bus-tickets-from-accra-to-kumasi\/","url":"https:\/\/tiketi.com\/en-gb\/cheap-bus-tickets-from-accra-to-kumasi\/","name":"Bus de Accra \u00e0 Kumasi Billets de bus, itin\u00e9raire, horaires et tarifs","isPartOf":{"@id":"https:\/\/tiketi.com\/#website"},"primaryImageOfPage":{"@id":"https:\/\/tiketi.com\/en-gb\/cheap-bus-tickets-from-accra-to-kumasi\/#primaryimage"},"image":{"@id":"https:\/\/tiketi.com\/en-gb\/cheap-bus-tickets-from-accra-to-kumasi\/#primaryimage"},"thumbnailUrl":"https:\/\/tiketi.com\/wp-content\/uploads\/2022\/01\/bus-ticket-online-booking.jpg","datePublished":"2022-01-19T11:54:54+00:00","dateModified":"2022-01-26T16:20:01+00:00","description":"Vous recherchez des billets de bus de Accra \u00e0 Kumasi, des itin\u00e9raires, des horaires et des tarifs ? R\u00e9servez en ligne maintenant des billets de bus \u00e0 bas prix de Accra \u00e0 Kumasi","breadcrumb":{"@id":"https:\/\/tiketi.com\/en-gb\/cheap-bus-tickets-from-accra-to-kumasi\/#breadcrumb"},"inLanguage":"fr-FR","potentialAction":[{"@type":"ReadAction","target":["https:\/\/tiketi.com\/en-gb\/cheap-bus-tickets-from-accra-to-kumasi\/"]}]},{"@type":"ImageObject","inLanguage":"fr-FR","@id":"https:\/\/tiketi.com\/en-gb\/cheap-bus-tickets-from-accra-to-kumasi\/#primaryimage","url":"https:\/\/tiketi.com\/wp-content\/uploads\/2022\/01\/bus-ticket-online-booking.jpg","contentUrl":"https:\/\/tiketi.com\/wp-content\/uploads\/2022\/01\/bus-ticket-online-booking.jpg","width":1200,"height":206,"caption":"Online Bus Ticket Booking"},{"@type":"BreadcrumbList","@id":"https:\/\/tiketi.com\/en-gb\/cheap-bus-tickets-from-accra-to-kumasi\/#breadcrumb","itemListElement":[{"@type":"ListItem","position":1,"name":"Home","item":"https:\/\/tiketi.com\/"},{"@type":"ListItem","position":2,"name":"Bus from Accra to Kumasi, Bus Tickets, Route, Schedule &#038; Fare"}]},{"@type":"WebSite","@id":"https:\/\/tiketi.com\/#website","url":"https:\/\/tiketi.com\/","name":"Billets d&#039;avion et de bus, forfaits touristiques et activit\u00e9s - Tiketi.com","description":"Billets d&#039;avion et de bus, Tours, Activit\u00e9s","publisher":{"@id":"https:\/\/tiketi.com\/#organization"},"potentialAction":[{"@type":"SearchAction","target":{"@type":"EntryPoint","urlTemplate":"https:\/\/tiketi.com\/?s={search_term_string}"},"query-input":{"@type":"PropertyValueSpecification","valueRequired":true,"valueName":"search_term_string"}}],"inLanguage":"fr-FR"},{"@type":"Organization","@id":"https:\/\/tiketi.com\/#organization","name":"Tiketi.com","alternateName":"Tiketi","url":"https:\/\/tiketi.com\/","logo":{"@type":"ImageObject","inLanguage":"fr-FR","@id":"https:\/\/tiketi.com\/#\/schema\/logo\/image\/","url":"https:\/\/tiketi.com\/wp-content\/uploads\/2019\/05\/tiketi-logo-696.png","contentUrl":"https:\/\/tiketi.com\/wp-content\/uploads\/2019\/05\/tiketi-logo-696.png","width":696,"height":696,"caption":"Tiketi.com"},"image":{"@id":"https:\/\/tiketi.com\/#\/schema\/logo\/image\/"},"sameAs":["https:\/\/www.facebook.com\/TiketiCom\/"]}]}},"_links":{"self":[{"href":"https:\/\/tiketi.com\/fr-fr\/wp-json\/wp\/v2\/pages\/11577","targetHints":{"allow":["GET"]}}],"collection":[{"href":"https:\/\/tiketi.com\/fr-fr\/wp-json\/wp\/v2\/pages"}],"about":[{"href":"https:\/\/tiketi.com\/fr-fr\/wp-json\/wp\/v2\/types\/page"}],"author":[{"embeddable":true,"href":"https:\/\/tiketi.com\/fr-fr\/wp-json\/wp\/v2\/users\/1"}],"replies":[{"embeddable":true,"href":"https:\/\/tiketi.com\/fr-fr\/wp-json\/wp\/v2\/comments?post=11577"}],"version-history":[{"count":0,"href":"https:\/\/tiketi.com\/fr-fr\/wp-json\/wp\/v2\/pages\/11577\/revisions"}],"wp:featuredmedia":[{"embeddable":true,"href":"https:\/\/tiketi.com\/fr-fr\/wp-json\/wp\/v2\/media\/13999"}],"wp:attachment":[{"href":"https:\/\/tiketi.com\/fr-fr\/wp-json\/wp\/v2\/media?parent=11577"}],"curies":[{"name":"wp","href":"https:\/\/api.w.org\/{rel}","templated":true}]}}