{"id":11578,"date":"2022-01-19T12:54:54","date_gmt":"2022-01-19T11:54:54","guid":{"rendered":"https:\/\/new.tiketi.com\/bus-from-lagos-to-abuja-bus-tickets-routes-schedules-fares\/"},"modified":"2022-01-29T19:41:11","modified_gmt":"2022-01-29T18:41:11","slug":"online-bus-tickets-from-lagos-to-abuja","status":"publish","type":"page","link":"https:\/\/tiketi.com\/fr-fr\/online-bus-tickets-from-lagos-to-abuja\/","title":{"rendered":"Bus de Lagos \u00e0 Abuja Billets de bus, itin\u00e9raires, horaires et tarifs"},"content":{"rendered":"<h2>Billets de bus pas chers de Lagos \u00e0 Abuja : r\u00e9servation en ligne<\/h2>\n<h3>D\u00e9couvrez votre itin\u00e9raire de voyage sur le Web, votre mobile ou votre application et r\u00e9servez d\u00e8s maintenant en ligne un billet de bus pas cher de Lagos \u00e0 Abuja.<\/h3>\n<p>Faites une r\u00e9servation de bus en ligne pas cher de Lagos \u00e0 Abuja et \u00e9conomisez du temps et de l&#039;argent. Abuja, une capitale construite \u00e0 cet effet, est la deuxi\u00e8me des 10 villes les plus peupl\u00e9es du Nig\u00e9ria apr\u00e8s Lagos, avec une population d&#039;environ six millions d&#039;habitants estim\u00e9e en 2016. Voici le guide pour prendre des billets de bus de Lagos \u00e0 Abuja :<\/p>\n<p>Abuja \u00e9tait le nom de Suleja, une ville proche d&#039;Abuja et le peuple indig\u00e8ne d&#039;Abuja est le peuple Gwari et le Gwari est la langue la plus r\u00e9pandue.<\/p>\n<p>La mosqu\u00e9e nationale chr\u00e9tienne nig\u00e9riane et la mosqu\u00e9e nationale nig\u00e9riane sont les sites religieux tandis que l&#039;a\u00e9roport international Nnamdi Azikiwe dessert la ville. Abuja est une ville puissante en Afrique en raison du statut du Nigeria et a accueilli les plus grandes conf\u00e9rences internationales africaines comme la r\u00e9union des chefs d&#039;\u00c9tat du Commonwealth de 2003 et le Forum des r\u00e9unions \u00e9conomiques mondiales en Afrique de 2014. Abuja est le si\u00e8ge de la Communaut\u00e9 \u00e9conomique des \u00c9tats de l\u2019Afrique de l\u2019Ouest et sert \u00e9galement de si\u00e8ge r\u00e9gional \u00e0 l\u2019OPEP. La ville compte de nombreux lieux de divertissement et centres de vill\u00e9giature, parcs et h\u00f4tels permettant aux r\u00e9sidents et aux visiteurs de se d\u00e9tendre, de s&#039;amuser et de passer du temps avec leurs amis et leur famille.<\/p>\n<h2>Bus de Lagos \u00e0 Abuja Billets de bus, itin\u00e9raires, horaires et tarifs FAQ<\/h2>\n<h3>Quel est le moyen le moins cher pour se rendre de Lagos \u00e0 Abuja ?<\/h3>\n<p>Le moyen le moins cher de se rendre de Lagos \u00e0 Abuja en bus et navette qui co\u00fbte $26 \u2013 $30 et prend 8h 20m.<\/p>\n<h3>Quelle est la distance entre Lagos et Abuja en bus ?<\/h3>\n<p>La distance \u00e0 parcourir entre Abuja et Lagos est de 537 km. La distance routi\u00e8re entre le bus de Lagos et Abuja est de 785,5 km.<\/p>\n<h3>Comment puis-je me d\u00e9placer de Lagos \u00e0 Abuja sans v\u00e9hicule personnel ?<\/h3>\n<p>Le meilleur moyen pour se rendre de Lagos \u00e0 Abuja sans v\u00e9hicule personnel est de prendre un bus de Lagos \u00e0 Abuja, ce qui dure 8h 7m et<br \/>\nLes billets de bus bon march\u00e9 de Lagos \u00e0 Abuja co\u00fbtent $15 \u00e0 $30, service de bus exploit\u00e9 par Chisco Transport ou ABC Transport.<\/p>\n<h3>Prendre un avion ou un bus de Lagos \u00e0 Abuja?<\/h3>\n<p>Le meilleur moyen pour se rendre de Lagos \u00e0 Abuja est de <a href=\"https:\/\/tiketi.com\/fr-fr\/flightst\/\" target=\"_blank\" rel=\"noopener\">voler<\/a> ce qui dure 2h 50min et co\u00fbte $60 \u2013 $80. Sinon, vous pouvez prendre un bus de Lagos \u00e0 Abuja, ce qui co\u00fbte $15 -$30 et dure 8h 50m.<\/p>\n<h3>Puis-je conduire seul ou prendre le bus de Lagos \u00e0 Abuja ?<\/h3>\n<p>Oui, la distance entre Lagos et Abuja est de 747 km. Il faut environ 9h 45m pour conduire de Lagos \u00e0 Abuja.<\/p>\n<h2>Conseils pour r\u00e9server des billets de bus de Lagos \u00e0 Abuja<\/h2>\n<p>\u00c0 Abuja, la saison pluvieuse est oppressante, tr\u00e8s chaude et couverte et la saison s\u00e8che est chaude et partiellement nuageuse. Au cours de l&#039;ann\u00e9e, la temp\u00e9rature varie g\u00e9n\u00e9ralement de 60F \u00e0 93F et est rarement inf\u00e9rieure \u00e0 55F ou sup\u00e9rieure \u00e0 100F.<br \/>\nLa meilleure p\u00e9riode de l\u2019ann\u00e9e pour visiter Abuja pour les activit\u00e9s par temps chaud s\u2019\u00e9tend de fin octobre \u00e0 mi-mars.<\/p>","protected":false},"excerpt":{"rendered":"<p>Cheap Bus Tickets from Lagos to Abuja\u00a0Online Booking Discover your travel route on web, mobile or app and book cheap\u00a0 bus ticket from Lagos to Abuja online now. Do cheap bus from Lagos to Abuja bus online booking and save time and money. Abuja, a purpose-built capital city, is the second of the 10 most [&hellip;]<\/p>\n","protected":false},"author":1,"featured_media":13999,"parent":0,"menu_order":0,"comment_status":"open","ping_status":"closed","template":"template-home-modern.php","meta":{"footnotes":""},"class_list":["post-11578","page","type-page","status-publish","has-post-thumbnail","hentry"],"yoast_head":"<!-- This site is optimized with the Yoast SEO plugin v27.2 - https:\/\/yoast.com\/product\/yoast-seo-wordpress\/ -->\n<title>Bus from Lagos to Abuja Bus Tickets, Routes, Schedules &amp; Fares<\/title>\n<meta name=\"description\" content=\"Looking for bus from\u00a0Lagos to Abuja bus ticket booking, routes, schedules &amp; fares? Book cheap bus tickets from Lagos to Abuja online now\" \/>\n<meta name=\"robots\" content=\"index, follow, max-snippet:-1, max-image-preview:large, max-video-preview:-1\" \/>\n<link rel=\"canonical\" href=\"https:\/\/tiketi.com\/fr-fr\/online-bus-tickets-from-lagos-to-abuja\/\" \/>\n<meta property=\"og:locale\" content=\"fr_FR\" \/>\n<meta property=\"og:type\" content=\"article\" \/>\n<meta property=\"og:title\" content=\"Bus from Lagos to Abuja Bus Tickets, Routes, Schedules &amp; Fares\" \/>\n<meta property=\"og:description\" content=\"Looking for bus from\u00a0Lagos to Abuja bus ticket booking, routes, schedules &amp; fares? Book cheap bus tickets from Lagos to Abuja online now\" \/>\n<meta property=\"og:url\" content=\"https:\/\/tiketi.com\/fr-fr\/online-bus-tickets-from-lagos-to-abuja\/\" \/>\n<meta property=\"og:site_name\" content=\"Tiketi.com\" \/>\n<meta property=\"article:publisher\" content=\"https:\/\/www.facebook.com\/TiketiCom\/\" \/>\n<meta property=\"article:modified_time\" content=\"2022-01-29T18:41:11+00:00\" \/>\n<meta property=\"og:image\" content=\"https:\/\/tiketi.com\/wp-content\/uploads\/2022\/01\/bus-ticket-online-booking.jpg\" \/>\n\t<meta property=\"og:image:width\" content=\"1200\" \/>\n\t<meta property=\"og:image:height\" content=\"206\" \/>\n\t<meta property=\"og:image:type\" content=\"image\/jpeg\" \/>\n<meta name=\"twitter:card\" content=\"summary_large_image\" \/>\n<meta name=\"twitter:label1\" content=\"Dur\u00e9e de lecture estim\u00e9e\" \/>\n\t<meta name=\"twitter:data1\" content=\"3 minutes\" \/>\n<script type=\"application\/ld+json\" class=\"yoast-schema-graph\">{\"@context\":\"https:\/\/schema.org\",\"@graph\":[{\"@type\":\"WebPage\",\"@id\":\"https:\/\/tiketi.com\/online-bus-tickets-from-lagos-to-abuja\/\",\"url\":\"https:\/\/tiketi.com\/online-bus-tickets-from-lagos-to-abuja\/\",\"name\":\"Bus from Lagos to Abuja Bus Tickets, Routes, Schedules & Fares\",\"isPartOf\":{\"@id\":\"https:\/\/tiketi.com\/#website\"},\"primaryImageOfPage\":{\"@id\":\"https:\/\/tiketi.com\/online-bus-tickets-from-lagos-to-abuja\/#primaryimage\"},\"image\":{\"@id\":\"https:\/\/tiketi.com\/online-bus-tickets-from-lagos-to-abuja\/#primaryimage\"},\"thumbnailUrl\":\"https:\/\/tiketi.com\/wp-content\/uploads\/2022\/01\/bus-ticket-online-booking.jpg\",\"datePublished\":\"2022-01-19T11:54:54+00:00\",\"dateModified\":\"2022-01-29T18:41:11+00:00\",\"description\":\"Looking for bus from\u00a0Lagos to Abuja bus ticket booking, routes, schedules & fares? Book cheap bus tickets from Lagos to Abuja online now\",\"breadcrumb\":{\"@id\":\"https:\/\/tiketi.com\/online-bus-tickets-from-lagos-to-abuja\/#breadcrumb\"},\"inLanguage\":\"fr-FR\",\"potentialAction\":[{\"@type\":\"ReadAction\",\"target\":[\"https:\/\/tiketi.com\/online-bus-tickets-from-lagos-to-abuja\/\"]}]},{\"@type\":\"ImageObject\",\"inLanguage\":\"fr-FR\",\"@id\":\"https:\/\/tiketi.com\/online-bus-tickets-from-lagos-to-abuja\/#primaryimage\",\"url\":\"https:\/\/tiketi.com\/wp-content\/uploads\/2022\/01\/bus-ticket-online-booking.jpg\",\"contentUrl\":\"https:\/\/tiketi.com\/wp-content\/uploads\/2022\/01\/bus-ticket-online-booking.jpg\",\"width\":1200,\"height\":206,\"caption\":\"Online Bus Ticket Booking\"},{\"@type\":\"BreadcrumbList\",\"@id\":\"https:\/\/tiketi.com\/online-bus-tickets-from-lagos-to-abuja\/#breadcrumb\",\"itemListElement\":[{\"@type\":\"ListItem\",\"position\":1,\"name\":\"Home\",\"item\":\"https:\/\/tiketi.com\/\"},{\"@type\":\"ListItem\",\"position\":2,\"name\":\"Bus from Lagos to Abuja Bus Tickets, Routes, Schedules &#038; Fares\"}]},{\"@type\":\"WebSite\",\"@id\":\"https:\/\/tiketi.com\/#website\",\"url\":\"https:\/\/tiketi.com\/\",\"name\":\"Flight & Bus Tickets, Tour Packages & Activitites - Tiketi.com\",\"description\":\"Flight &amp; Bus Tickets, Tours, Activitites\",\"publisher\":{\"@id\":\"https:\/\/tiketi.com\/#organization\"},\"potentialAction\":[{\"@type\":\"SearchAction\",\"target\":{\"@type\":\"EntryPoint\",\"urlTemplate\":\"https:\/\/tiketi.com\/?s={search_term_string}\"},\"query-input\":{\"@type\":\"PropertyValueSpecification\",\"valueRequired\":true,\"valueName\":\"search_term_string\"}}],\"inLanguage\":\"fr-FR\"},{\"@type\":\"Organization\",\"@id\":\"https:\/\/tiketi.com\/#organization\",\"name\":\"Tiketi.com\",\"alternateName\":\"Tiketi\",\"url\":\"https:\/\/tiketi.com\/\",\"logo\":{\"@type\":\"ImageObject\",\"inLanguage\":\"fr-FR\",\"@id\":\"https:\/\/tiketi.com\/#\/schema\/logo\/image\/\",\"url\":\"https:\/\/tiketi.com\/wp-content\/uploads\/2019\/05\/tiketi-logo-696.png\",\"contentUrl\":\"https:\/\/tiketi.com\/wp-content\/uploads\/2019\/05\/tiketi-logo-696.png\",\"width\":696,\"height\":696,\"caption\":\"Tiketi.com\"},\"image\":{\"@id\":\"https:\/\/tiketi.com\/#\/schema\/logo\/image\/\"},\"sameAs\":[\"https:\/\/www.facebook.com\/TiketiCom\/\"]}]}<\/script>\n<!-- \/ Yoast SEO plugin. -->","yoast_head_json":{"title":"Bus de Lagos \u00e0 Abuja Billets de bus, itin\u00e9raires, horaires et tarifs","description":"Vous recherchez des billets de bus de Lagos \u00e0 Abuja, des itin\u00e9raires, des horaires et des tarifs ? R\u00e9servez vos billets de bus \u00e0 bas prix de Lagos \u00e0 Abuja en ligne maintenant","robots":{"index":"index","follow":"follow","max-snippet":"max-snippet:-1","max-image-preview":"max-image-preview:large","max-video-preview":"max-video-preview:-1"},"canonical":"https:\/\/tiketi.com\/fr-fr\/online-bus-tickets-from-lagos-to-abuja\/","og_locale":"fr_FR","og_type":"article","og_title":"Bus from Lagos to Abuja Bus Tickets, Routes, Schedules & Fares","og_description":"Looking for bus from\u00a0Lagos to Abuja bus ticket booking, routes, schedules & fares? Book cheap bus tickets from Lagos to Abuja online now","og_url":"https:\/\/tiketi.com\/fr-fr\/online-bus-tickets-from-lagos-to-abuja\/","og_site_name":"Tiketi.com","article_publisher":"https:\/\/www.facebook.com\/TiketiCom\/","article_modified_time":"2022-01-29T18:41:11+00:00","og_image":[{"width":1200,"height":206,"url":"https:\/\/tiketi.com\/wp-content\/uploads\/2022\/01\/bus-ticket-online-booking.jpg","type":"image\/jpeg"}],"twitter_card":"summary_large_image","twitter_misc":{"Dur\u00e9e de lecture estim\u00e9e":"3 minutes"},"schema":{"@context":"https:\/\/schema.org","@graph":[{"@type":"WebPage","@id":"https:\/\/tiketi.com\/online-bus-tickets-from-lagos-to-abuja\/","url":"https:\/\/tiketi.com\/online-bus-tickets-from-lagos-to-abuja\/","name":"Bus de Lagos \u00e0 Abuja Billets de bus, itin\u00e9raires, horaires et tarifs","isPartOf":{"@id":"https:\/\/tiketi.com\/#website"},"primaryImageOfPage":{"@id":"https:\/\/tiketi.com\/online-bus-tickets-from-lagos-to-abuja\/#primaryimage"},"image":{"@id":"https:\/\/tiketi.com\/online-bus-tickets-from-lagos-to-abuja\/#primaryimage"},"thumbnailUrl":"https:\/\/tiketi.com\/wp-content\/uploads\/2022\/01\/bus-ticket-online-booking.jpg","datePublished":"2022-01-19T11:54:54+00:00","dateModified":"2022-01-29T18:41:11+00:00","description":"Vous recherchez des billets de bus de Lagos \u00e0 Abuja, des itin\u00e9raires, des horaires et des tarifs ? R\u00e9servez vos billets de bus \u00e0 bas prix de Lagos \u00e0 Abuja en ligne maintenant","breadcrumb":{"@id":"https:\/\/tiketi.com\/online-bus-tickets-from-lagos-to-abuja\/#breadcrumb"},"inLanguage":"fr-FR","potentialAction":[{"@type":"ReadAction","target":["https:\/\/tiketi.com\/online-bus-tickets-from-lagos-to-abuja\/"]}]},{"@type":"ImageObject","inLanguage":"fr-FR","@id":"https:\/\/tiketi.com\/online-bus-tickets-from-lagos-to-abuja\/#primaryimage","url":"https:\/\/tiketi.com\/wp-content\/uploads\/2022\/01\/bus-ticket-online-booking.jpg","contentUrl":"https:\/\/tiketi.com\/wp-content\/uploads\/2022\/01\/bus-ticket-online-booking.jpg","width":1200,"height":206,"caption":"Online Bus Ticket Booking"},{"@type":"BreadcrumbList","@id":"https:\/\/tiketi.com\/online-bus-tickets-from-lagos-to-abuja\/#breadcrumb","itemListElement":[{"@type":"ListItem","position":1,"name":"Home","item":"https:\/\/tiketi.com\/"},{"@type":"ListItem","position":2,"name":"Bus from Lagos to Abuja Bus Tickets, Routes, Schedules &#038; Fares"}]},{"@type":"WebSite","@id":"https:\/\/tiketi.com\/#website","url":"https:\/\/tiketi.com\/","name":"Billets d&#039;avion et de bus, forfaits touristiques et activit\u00e9s - Tiketi.com","description":"Billets d&#039;avion et de bus, Tours, Activit\u00e9s","publisher":{"@id":"https:\/\/tiketi.com\/#organization"},"potentialAction":[{"@type":"SearchAction","target":{"@type":"EntryPoint","urlTemplate":"https:\/\/tiketi.com\/?s={search_term_string}"},"query-input":{"@type":"PropertyValueSpecification","valueRequired":true,"valueName":"search_term_string"}}],"inLanguage":"fr-FR"},{"@type":"Organization","@id":"https:\/\/tiketi.com\/#organization","name":"Tiketi.com","alternateName":"Tiketi","url":"https:\/\/tiketi.com\/","logo":{"@type":"ImageObject","inLanguage":"fr-FR","@id":"https:\/\/tiketi.com\/#\/schema\/logo\/image\/","url":"https:\/\/tiketi.com\/wp-content\/uploads\/2019\/05\/tiketi-logo-696.png","contentUrl":"https:\/\/tiketi.com\/wp-content\/uploads\/2019\/05\/tiketi-logo-696.png","width":696,"height":696,"caption":"Tiketi.com"},"image":{"@id":"https:\/\/tiketi.com\/#\/schema\/logo\/image\/"},"sameAs":["https:\/\/www.facebook.com\/TiketiCom\/"]}]}},"_links":{"self":[{"href":"https:\/\/tiketi.com\/fr-fr\/wp-json\/wp\/v2\/pages\/11578","targetHints":{"allow":["GET"]}}],"collection":[{"href":"https:\/\/tiketi.com\/fr-fr\/wp-json\/wp\/v2\/pages"}],"about":[{"href":"https:\/\/tiketi.com\/fr-fr\/wp-json\/wp\/v2\/types\/page"}],"author":[{"embeddable":true,"href":"https:\/\/tiketi.com\/fr-fr\/wp-json\/wp\/v2\/users\/1"}],"replies":[{"embeddable":true,"href":"https:\/\/tiketi.com\/fr-fr\/wp-json\/wp\/v2\/comments?post=11578"}],"version-history":[{"count":0,"href":"https:\/\/tiketi.com\/fr-fr\/wp-json\/wp\/v2\/pages\/11578\/revisions"}],"wp:featuredmedia":[{"embeddable":true,"href":"https:\/\/tiketi.com\/fr-fr\/wp-json\/wp\/v2\/media\/13999"}],"wp:attachment":[{"href":"https:\/\/tiketi.com\/fr-fr\/wp-json\/wp\/v2\/media?parent=11578"}],"curies":[{"name":"wp","href":"https:\/\/api.w.org\/{rel}","templated":true}]}}