{"id":11579,"date":"2022-01-19T12:54:54","date_gmt":"2022-01-19T11:54:54","guid":{"rendered":"https:\/\/new.tiketi.com\/bus-from-abuja-to-lagos-bus-tickets-routes-schedules-fares\/"},"modified":"2022-01-26T17:36:05","modified_gmt":"2022-01-26T16:36:05","slug":"online-bus-tickets-from-abuja-to-lagos","status":"publish","type":"page","link":"https:\/\/tiketi.com\/fr-fr\/online-bus-tickets-from-abuja-to-lagos\/","title":{"rendered":"Bus de Abuja \u00e0 Lagos, billets de bus, itin\u00e9raires, horaires et tarifs"},"content":{"rendered":"<h2>Billets de bus pas chers de Abuja \u00e0 Lagos R\u00e9servation en ligne<\/h2>\n<h3>D\u00e9couvrez votre itin\u00e9raire sur le web, le mobile ou l&#039;application et r\u00e9servez en ligne maintenant un billet de bus pas cher de Abuja \u00e0 Lagos.<\/h3>\n<p>Faites une r\u00e9servation en ligne de bus pas cher de Abuja \u00e0 Lagos et \u00e9conomisez du temps et de l&#039;argent. Si vous \u00eates au Nigeria et que vous n&#039;avez jamais visit\u00e9 Lagos, il vous manque un endroit sp\u00e9cial. L&#039;ancienne capitale du Nigeria et la plus forte \u00e9conomie du pays a beaucoup d&#039;attractions touristiques. Vous serez g\u00e2t\u00e9 par les tonnes de lieux de loisirs \u00e0 Lagos comme les stations baln\u00e9aires, les plages, les centres d&#039;art, les mus\u00e9es, les centres commerciaux, les march\u00e9s et les festivals dont vous pourrez profiter. Il existe \u00e9galement un large \u00e9ventail de monuments historiques et culturels. Si vous \u00eates un amateur de sport, Lagos a \u00e9galement quelque chose pour vous, tennis, \u00e9quitation ou golf. La ville de Lagos est une attraction touristique pour chaque personne, que vous soyez ici seul, en famille ou entre amis. Voici le guide sur la fa\u00e7on dont vous pouvez prendre des billets de bus d&#039;Abuja \u00e0 Lagos, au Nigeria :<\/p>\n<h2>Bus de Abuja \u00e0 Lagos FAQ sur les billets de bus, les itin\u00e9raires, les horaires et les tarifs<\/h2>\n<h3>Le bus Abuja-Lagos est-il le moyen le plus \u00e9conomique de se rendre \u00e0 Lagos ?<\/h3>\n<p>Le moyen abordable de se rendre de Abuja \u00e0 Lagos en bus et navette qui co\u00fbte $26 - $30 et dure 8h 20m.<\/p>\n<h3>Quelle est la distance entre Abuja et Lagos en bus ?<\/h3>\n<p>La distance parcourue entre Abuja et Lagos est de 536 km. Le bus Abuja-Lagos fait 785,5 km.<\/p>\n<h3>Comment se d\u00e9placer d&#039;Abuja \u00e0 Lagos avec un v\u00e9hicule personnel ?<\/h3>\n<p>Le meilleur moyen pour se rendre de Abuja \u00e0 Lagos sans v\u00e9hicule personnel est de bus, ce qui dure 8h 50m et co\u00fbte $15 \u2013 $30, service de bus op\u00e9r\u00e9 par Chisco Transport ou ABC Transport.<\/p>\n<h3>Avion ou bus Abuja jusqu&#039;\u00e0 Lagos ?<\/h3>\n<p>L&#039;excellent moyen de se rendre d&#039;Abuja \u00e0 Lagos est de <a href=\"https:\/\/tiketi.com\/fr-fr\/flightst\/\" target=\"_blank\" rel=\"noopener\">voler<\/a> qui dure 2h 50m et co\u00fbte $60 \u2013 $80. Sinon, vous pouvez bus Abuja \u00e0 Lagos, billets de bus pas chers de Abuja \u00e0 Lagos, Nigeria $15 \u2013 $30 et dure 8h 50m.<\/p>\n<h3>Puis-je conduire seul ou prendre le bus d&#039;Abuja \u00e0 Lagos ?<\/h3>\n<p>Oui, la distance en voiture entre Lagos et Abuja est de 784. Il faut environ 9h 50m pour conduire ou vous pouvez bus Abuja \u00e0 Lagos.<\/p>\n<h2>R\u00e9servez des billets de bus de Abuja \u00e0 Lagos<\/h2>\n<p>Lagos a un climat tropical sec et humide avec 2 saisons des pluies distinctes : la saison la plus intense se situe entre avril et juillet, avec une plus douce d&#039;octobre \u00e0 novembre. Au plus fort de la saison des pluies, le temps de Lagos est humide environ la moiti\u00e9 du temps. Lagos conna\u00eet une saison s\u00e8che en septembre et ao\u00fbt, ainsi qu&#039;entre d\u00e9cembre et f\u00e9vrier, accompagn\u00e9e des vents de l&#039;harmattan du d\u00e9sert du Sahara, qui soufflent \u00e0 leur rythme de d\u00e9cembre \u00e0 d\u00e9but f\u00e9vrier.<\/p>\n<p>Le meilleur moment pour visiter Lagos est pendant la saison s\u00e8che plus fra\u00eeche, les mois d&#039;ao\u00fbt et de septembre.<\/p>","protected":false},"excerpt":{"rendered":"<p>Cheap Bus Tickets from Abuja to Lagos Online Booking Discover your travel route on web, mobile or app and book cheap bus ticket from Abuja to Lagos online now. Do cheap bus from Abuja to Lagos\u00a0bus online booking and save time and money. If you are in Nigeria and have never visited Lagos, then you [&hellip;]<\/p>\n","protected":false},"author":1,"featured_media":13999,"parent":0,"menu_order":0,"comment_status":"open","ping_status":"closed","template":"template-home-modern.php","meta":{"footnotes":""},"class_list":["post-11579","page","type-page","status-publish","has-post-thumbnail","hentry"],"yoast_head":"<!-- This site is optimized with the Yoast SEO plugin v27.3 - https:\/\/yoast.com\/product\/yoast-seo-wordpress\/ -->\n<title>Bus from Abuja to Lagos\u00a0Bus Tickets, Routes, Schedules &amp; Fares<\/title>\n<meta name=\"description\" content=\"Looking for bus from\u00a0Abuja to Lagos bus tickets booking app, route, schedule &amp; fare? Book cheap bus tickets from Abuja to Lagos online now\" \/>\n<meta name=\"robots\" content=\"index, follow, max-snippet:-1, max-image-preview:large, max-video-preview:-1\" \/>\n<link rel=\"canonical\" href=\"https:\/\/tiketi.com\/fr-fr\/online-bus-tickets-from-abuja-to-lagos\/\" \/>\n<meta property=\"og:locale\" content=\"fr_FR\" \/>\n<meta property=\"og:type\" content=\"article\" \/>\n<meta property=\"og:title\" content=\"Bus from Abuja to Lagos\u00a0Bus Tickets, Routes, Schedules &amp; Fares\" \/>\n<meta property=\"og:description\" content=\"Looking for bus from\u00a0Abuja to Lagos bus tickets booking app, route, schedule &amp; fare? Book cheap bus tickets from Abuja to Lagos online now\" \/>\n<meta property=\"og:url\" content=\"https:\/\/tiketi.com\/fr-fr\/online-bus-tickets-from-abuja-to-lagos\/\" \/>\n<meta property=\"og:site_name\" content=\"Tiketi.com\" \/>\n<meta property=\"article:publisher\" content=\"https:\/\/www.facebook.com\/TiketiCom\/\" \/>\n<meta property=\"article:modified_time\" content=\"2022-01-26T16:36:05+00:00\" \/>\n<meta property=\"og:image\" content=\"https:\/\/tiketi.com\/wp-content\/uploads\/2022\/01\/bus-ticket-online-booking.jpg\" \/>\n\t<meta property=\"og:image:width\" content=\"1200\" \/>\n\t<meta property=\"og:image:height\" content=\"206\" \/>\n\t<meta property=\"og:image:type\" content=\"image\/jpeg\" \/>\n<meta name=\"twitter:card\" content=\"summary_large_image\" \/>\n<meta name=\"twitter:label1\" content=\"Dur\u00e9e de lecture estim\u00e9e\" \/>\n\t<meta name=\"twitter:data1\" content=\"3 minutes\" \/>\n<script type=\"application\/ld+json\" class=\"yoast-schema-graph\">{\"@context\":\"https:\\\/\\\/schema.org\",\"@graph\":[{\"@type\":\"WebPage\",\"@id\":\"https:\\\/\\\/tiketi.com\\\/online-bus-tickets-from-abuja-to-lagos\\\/\",\"url\":\"https:\\\/\\\/tiketi.com\\\/online-bus-tickets-from-abuja-to-lagos\\\/\",\"name\":\"Bus from Abuja to Lagos\u00a0Bus Tickets, Routes, Schedules & Fares\",\"isPartOf\":{\"@id\":\"https:\\\/\\\/tiketi.com\\\/#website\"},\"primaryImageOfPage\":{\"@id\":\"https:\\\/\\\/tiketi.com\\\/online-bus-tickets-from-abuja-to-lagos\\\/#primaryimage\"},\"image\":{\"@id\":\"https:\\\/\\\/tiketi.com\\\/online-bus-tickets-from-abuja-to-lagos\\\/#primaryimage\"},\"thumbnailUrl\":\"https:\\\/\\\/tiketi.com\\\/wp-content\\\/uploads\\\/2022\\\/01\\\/bus-ticket-online-booking.jpg\",\"datePublished\":\"2022-01-19T11:54:54+00:00\",\"dateModified\":\"2022-01-26T16:36:05+00:00\",\"description\":\"Looking for bus from\u00a0Abuja to Lagos bus tickets booking app, route, schedule & fare? Book cheap bus tickets from Abuja to Lagos online now\",\"breadcrumb\":{\"@id\":\"https:\\\/\\\/tiketi.com\\\/online-bus-tickets-from-abuja-to-lagos\\\/#breadcrumb\"},\"inLanguage\":\"fr-FR\",\"potentialAction\":[{\"@type\":\"ReadAction\",\"target\":[\"https:\\\/\\\/tiketi.com\\\/online-bus-tickets-from-abuja-to-lagos\\\/\"]}]},{\"@type\":\"ImageObject\",\"inLanguage\":\"fr-FR\",\"@id\":\"https:\\\/\\\/tiketi.com\\\/online-bus-tickets-from-abuja-to-lagos\\\/#primaryimage\",\"url\":\"https:\\\/\\\/tiketi.com\\\/wp-content\\\/uploads\\\/2022\\\/01\\\/bus-ticket-online-booking.jpg\",\"contentUrl\":\"https:\\\/\\\/tiketi.com\\\/wp-content\\\/uploads\\\/2022\\\/01\\\/bus-ticket-online-booking.jpg\",\"width\":1200,\"height\":206,\"caption\":\"Online Bus Ticket Booking\"},{\"@type\":\"BreadcrumbList\",\"@id\":\"https:\\\/\\\/tiketi.com\\\/online-bus-tickets-from-abuja-to-lagos\\\/#breadcrumb\",\"itemListElement\":[{\"@type\":\"ListItem\",\"position\":1,\"name\":\"Home\",\"item\":\"https:\\\/\\\/tiketi.com\\\/\"},{\"@type\":\"ListItem\",\"position\":2,\"name\":\"Bus from Abuja to Lagos,\u00a0Bus Tickets, Routes, Schedules &#038; Fares\"}]},{\"@type\":\"WebSite\",\"@id\":\"https:\\\/\\\/tiketi.com\\\/#website\",\"url\":\"https:\\\/\\\/tiketi.com\\\/\",\"name\":\"Flight & Bus Tickets, Tour Packages & Activitites - Tiketi.com\",\"description\":\"Flight &amp; Bus Tickets, Tours, Activitites\",\"publisher\":{\"@id\":\"https:\\\/\\\/tiketi.com\\\/#organization\"},\"potentialAction\":[{\"@type\":\"SearchAction\",\"target\":{\"@type\":\"EntryPoint\",\"urlTemplate\":\"https:\\\/\\\/tiketi.com\\\/?s={search_term_string}\"},\"query-input\":{\"@type\":\"PropertyValueSpecification\",\"valueRequired\":true,\"valueName\":\"search_term_string\"}}],\"inLanguage\":\"fr-FR\"},{\"@type\":\"Organization\",\"@id\":\"https:\\\/\\\/tiketi.com\\\/#organization\",\"name\":\"Tiketi.com\",\"alternateName\":\"Tiketi\",\"url\":\"https:\\\/\\\/tiketi.com\\\/\",\"logo\":{\"@type\":\"ImageObject\",\"inLanguage\":\"fr-FR\",\"@id\":\"https:\\\/\\\/tiketi.com\\\/#\\\/schema\\\/logo\\\/image\\\/\",\"url\":\"https:\\\/\\\/tiketi.com\\\/wp-content\\\/uploads\\\/2019\\\/05\\\/tiketi-logo-696.png\",\"contentUrl\":\"https:\\\/\\\/tiketi.com\\\/wp-content\\\/uploads\\\/2019\\\/05\\\/tiketi-logo-696.png\",\"width\":696,\"height\":696,\"caption\":\"Tiketi.com\"},\"image\":{\"@id\":\"https:\\\/\\\/tiketi.com\\\/#\\\/schema\\\/logo\\\/image\\\/\"},\"sameAs\":[\"https:\\\/\\\/www.facebook.com\\\/TiketiCom\\\/\"]}]}<\/script>\n<!-- \/ Yoast SEO plugin. -->","yoast_head_json":{"title":"Bus de Abuja \u00e0 Lagos Billets de bus, itin\u00e9raires, horaires et tarifs","description":"\u00c0 la recherche d&#039;une application de r\u00e9servation de billets de bus de Abuja \u00e0 Lagos en bus, d&#039;un itin\u00e9raire, d&#039;un horaire et d&#039;un tarif\u00a0? R\u00e9servez en ligne maintenant des billets de bus \u00e0 bas prix de Abuja \u00e0 Lagos","robots":{"index":"index","follow":"follow","max-snippet":"max-snippet:-1","max-image-preview":"max-image-preview:large","max-video-preview":"max-video-preview:-1"},"canonical":"https:\/\/tiketi.com\/fr-fr\/online-bus-tickets-from-abuja-to-lagos\/","og_locale":"fr_FR","og_type":"article","og_title":"Bus from Abuja to Lagos\u00a0Bus Tickets, Routes, Schedules & Fares","og_description":"Looking for bus from\u00a0Abuja to Lagos bus tickets booking app, route, schedule & fare? Book cheap bus tickets from Abuja to Lagos online now","og_url":"https:\/\/tiketi.com\/fr-fr\/online-bus-tickets-from-abuja-to-lagos\/","og_site_name":"Tiketi.com","article_publisher":"https:\/\/www.facebook.com\/TiketiCom\/","article_modified_time":"2022-01-26T16:36:05+00:00","og_image":[{"width":1200,"height":206,"url":"https:\/\/tiketi.com\/wp-content\/uploads\/2022\/01\/bus-ticket-online-booking.jpg","type":"image\/jpeg"}],"twitter_card":"summary_large_image","twitter_misc":{"Dur\u00e9e de lecture estim\u00e9e":"3 minutes"},"schema":{"@context":"https:\/\/schema.org","@graph":[{"@type":"WebPage","@id":"https:\/\/tiketi.com\/online-bus-tickets-from-abuja-to-lagos\/","url":"https:\/\/tiketi.com\/online-bus-tickets-from-abuja-to-lagos\/","name":"Bus de Abuja \u00e0 Lagos Billets de bus, itin\u00e9raires, horaires et tarifs","isPartOf":{"@id":"https:\/\/tiketi.com\/#website"},"primaryImageOfPage":{"@id":"https:\/\/tiketi.com\/online-bus-tickets-from-abuja-to-lagos\/#primaryimage"},"image":{"@id":"https:\/\/tiketi.com\/online-bus-tickets-from-abuja-to-lagos\/#primaryimage"},"thumbnailUrl":"https:\/\/tiketi.com\/wp-content\/uploads\/2022\/01\/bus-ticket-online-booking.jpg","datePublished":"2022-01-19T11:54:54+00:00","dateModified":"2022-01-26T16:36:05+00:00","description":"\u00c0 la recherche d&#039;une application de r\u00e9servation de billets de bus de Abuja \u00e0 Lagos en bus, d&#039;un itin\u00e9raire, d&#039;un horaire et d&#039;un tarif\u00a0? R\u00e9servez en ligne maintenant des billets de bus \u00e0 bas prix de Abuja \u00e0 Lagos","breadcrumb":{"@id":"https:\/\/tiketi.com\/online-bus-tickets-from-abuja-to-lagos\/#breadcrumb"},"inLanguage":"fr-FR","potentialAction":[{"@type":"ReadAction","target":["https:\/\/tiketi.com\/online-bus-tickets-from-abuja-to-lagos\/"]}]},{"@type":"ImageObject","inLanguage":"fr-FR","@id":"https:\/\/tiketi.com\/online-bus-tickets-from-abuja-to-lagos\/#primaryimage","url":"https:\/\/tiketi.com\/wp-content\/uploads\/2022\/01\/bus-ticket-online-booking.jpg","contentUrl":"https:\/\/tiketi.com\/wp-content\/uploads\/2022\/01\/bus-ticket-online-booking.jpg","width":1200,"height":206,"caption":"Online Bus Ticket Booking"},{"@type":"BreadcrumbList","@id":"https:\/\/tiketi.com\/online-bus-tickets-from-abuja-to-lagos\/#breadcrumb","itemListElement":[{"@type":"ListItem","position":1,"name":"Home","item":"https:\/\/tiketi.com\/"},{"@type":"ListItem","position":2,"name":"Bus from Abuja to Lagos,\u00a0Bus Tickets, Routes, Schedules &#038; Fares"}]},{"@type":"WebSite","@id":"https:\/\/tiketi.com\/#website","url":"https:\/\/tiketi.com\/","name":"Billets d&#039;avion et de bus, forfaits touristiques et activit\u00e9s - Tiketi.com","description":"Billets d&#039;avion et de bus, Tours, Activit\u00e9s","publisher":{"@id":"https:\/\/tiketi.com\/#organization"},"potentialAction":[{"@type":"SearchAction","target":{"@type":"EntryPoint","urlTemplate":"https:\/\/tiketi.com\/?s={search_term_string}"},"query-input":{"@type":"PropertyValueSpecification","valueRequired":true,"valueName":"search_term_string"}}],"inLanguage":"fr-FR"},{"@type":"Organization","@id":"https:\/\/tiketi.com\/#organization","name":"Tiketi.com","alternateName":"Tiketi","url":"https:\/\/tiketi.com\/","logo":{"@type":"ImageObject","inLanguage":"fr-FR","@id":"https:\/\/tiketi.com\/#\/schema\/logo\/image\/","url":"https:\/\/tiketi.com\/wp-content\/uploads\/2019\/05\/tiketi-logo-696.png","contentUrl":"https:\/\/tiketi.com\/wp-content\/uploads\/2019\/05\/tiketi-logo-696.png","width":696,"height":696,"caption":"Tiketi.com"},"image":{"@id":"https:\/\/tiketi.com\/#\/schema\/logo\/image\/"},"sameAs":["https:\/\/www.facebook.com\/TiketiCom\/"]}]}},"_links":{"self":[{"href":"https:\/\/tiketi.com\/fr-fr\/wp-json\/wp\/v2\/pages\/11579","targetHints":{"allow":["GET"]}}],"collection":[{"href":"https:\/\/tiketi.com\/fr-fr\/wp-json\/wp\/v2\/pages"}],"about":[{"href":"https:\/\/tiketi.com\/fr-fr\/wp-json\/wp\/v2\/types\/page"}],"author":[{"embeddable":true,"href":"https:\/\/tiketi.com\/fr-fr\/wp-json\/wp\/v2\/users\/1"}],"replies":[{"embeddable":true,"href":"https:\/\/tiketi.com\/fr-fr\/wp-json\/wp\/v2\/comments?post=11579"}],"version-history":[{"count":0,"href":"https:\/\/tiketi.com\/fr-fr\/wp-json\/wp\/v2\/pages\/11579\/revisions"}],"wp:featuredmedia":[{"embeddable":true,"href":"https:\/\/tiketi.com\/fr-fr\/wp-json\/wp\/v2\/media\/13999"}],"wp:attachment":[{"href":"https:\/\/tiketi.com\/fr-fr\/wp-json\/wp\/v2\/media?parent=11579"}],"curies":[{"name":"wp","href":"https:\/\/api.w.org\/{rel}","templated":true}]}}