{"id":11592,"date":"2022-01-19T12:54:56","date_gmt":"2022-01-19T11:54:56","guid":{"rendered":"https:\/\/new.tiketi.com\/bus-tickets-in-botswana-online-bus-ticket-booking\/"},"modified":"2022-02-01T11:54:47","modified_gmt":"2022-02-01T10:54:47","slug":"bus-tickets-in-botswana","status":"publish","type":"page","link":"https:\/\/tiketi.com\/fr-fr\/bus-tickets-in-botswana\/","title":{"rendered":"Billets de bus au Botswana - R\u00e9servation de billets de bus en ligne"},"content":{"rendered":"<p>[wbtm-bus-search]<\/p>\n<h2>Cheap Online Bus Ticket Booking Botswana<\/h2>\n<h3>Discover your travel route on web, mobile or app and book cheap bus tickets in Botswana online now.<\/h3>\n<p>Botswana, located in the southern part of Africa and South Africa north, provides the best of this continent with a quite little area. Botswana is generally overlooked by travellers. The country likes between tourist magnets such as Victoria Falls, South Africa, or Namibia, and rarely get the same focus as those places. But we strongly advise you to travel here through cheap online bus ticket booking Botswana because the\u00a0country is packed with charming areas and amazing experiences.\u00a0Bus tickets in\u00a0Botswana is relatively extended transport network.<\/p>\n<h2>Bus Operators in Botswana Bus Bookings<\/h2>\n<p>Botswana has a big range of local buses which link the key towns together along the tarred roads. They are affordable, frequent, and a best way to meet local people, although they can also be uncomfortable, crowded and noisy. In short, they are similar to any other local buses in Africa, so book Botswana bus tickets online, and travel on them as both its enjoyments and its frustrations.<\/p>\n<p>There are 2 different types: the little minibuses, generally VW combis, and the larger, longer normal buses. Both will serve the same places, but the bigger ones tend to run to a timetable, go quicker and stop less. Their little relatives generally wait to fill up before they leave the bus station, then go slower and stop at more locations.<\/p>\n<p>Seabalo is the biggest of several bus firms, and runs regular long-distance services from Gaborone to all the larger cities. Online bus booking Botswana is not costly, but involves long journeys in transport which may not have air conditioning or reclining seats. Little buses also serve the most built-up places.<\/p>\n<h2>Bus Tickets in Botswana Routes<\/h2>\n<p>There is a regular bus service with online bus ticket booking\u00a0Botswana from Johannesburg to Gaborone, which takes 6 hours. There is also service from Windhoek, Namibia through the Caprivi Strip which will drop you in Chobe National Park, in northern Botswana. There is also buy shuttle and bus tickets in Botswana from Victoria Falls in \u00a0Zimbabwe. Private shuttles ran until 2014 from Windhoek directly to Maun and in end of 2005, such as service was starting up again. Alternatively, there is a public bus that runs from Windhoek to Gaborone every morning of Sunday through Ghanzi, where you can catch another public bus through cheapest bus services in Botswana that reaches Maun by Sunday evening.<\/p>\n<h3>Every online bus ticket booking\u00a0Botswana you take with bus company comes as standard with:<\/h3>\n<p>\u2022\u00a0We are on time, all of the time<\/p>\n<p>\u2022\u00a0Reliable and safe buses<\/p>\n<p>\u2022\u00a0 Uniformed, experienced, and friendly bus and coach drivers<\/p>\n<p>\u2022 Completely insured buses<\/p>\n<p>\u2022\u00a0Relax and luxurious coaches and buses<\/p>\n","protected":false},"excerpt":{"rendered":"<p>[wbtm-bus-search] Cheap Online Bus Ticket Booking Botswana Discover your travel route on web, mobile or app and book cheap bus tickets in Botswana online now. Botswana, located in the southern part of Africa and South Africa north, provides the best of this continent with a quite little area. Botswana is generally overlooked by travellers. The [&hellip;]<\/p>\n","protected":false},"author":1,"featured_media":13999,"parent":0,"menu_order":0,"comment_status":"open","ping_status":"closed","template":"template-home-modern.php","meta":{"footnotes":""},"class_list":["post-11592","page","type-page","status-publish","has-post-thumbnail","hentry"],"yoast_head":"<!-- This site is optimized with the Yoast SEO plugin v27.3 - https:\/\/yoast.com\/product\/yoast-seo-wordpress\/ -->\n<title>Bus Tickets in Botswana - Online Bus Ticket Booking<\/title>\n<meta name=\"description\" content=\"Looking for online bus ticket\u00a0booking to and from Botswana, app, route, distance, fare &amp; schedule? Book cheap bus tickets in Botswana online\" \/>\n<meta name=\"robots\" content=\"index, follow, max-snippet:-1, max-image-preview:large, max-video-preview:-1\" \/>\n<link rel=\"canonical\" href=\"https:\/\/tiketi.com\/fr-fr\/bus-tickets-in-botswana\/\" \/>\n<meta property=\"og:locale\" content=\"fr_FR\" \/>\n<meta property=\"og:type\" content=\"article\" \/>\n<meta property=\"og:title\" content=\"Bus Tickets in Botswana - Online Bus Ticket Booking\" \/>\n<meta property=\"og:description\" content=\"Looking for online bus ticket\u00a0booking to and from Botswana, app, route, distance, fare &amp; schedule? Book cheap bus tickets in Botswana online\" \/>\n<meta property=\"og:url\" content=\"https:\/\/tiketi.com\/fr-fr\/bus-tickets-in-botswana\/\" \/>\n<meta property=\"og:site_name\" content=\"Tiketi.com\" \/>\n<meta property=\"article:publisher\" content=\"https:\/\/www.facebook.com\/TiketiCom\/\" \/>\n<meta property=\"article:modified_time\" content=\"2022-02-01T10:54:47+00:00\" \/>\n<meta property=\"og:image\" content=\"https:\/\/tiketi.com\/wp-content\/uploads\/2022\/01\/bus-ticket-online-booking.jpg\" \/>\n\t<meta property=\"og:image:width\" content=\"1200\" \/>\n\t<meta property=\"og:image:height\" content=\"206\" \/>\n\t<meta property=\"og:image:type\" content=\"image\/jpeg\" \/>\n<meta name=\"twitter:card\" content=\"summary_large_image\" \/>\n<meta name=\"twitter:label1\" content=\"Dur\u00e9e de lecture estim\u00e9e\" \/>\n\t<meta name=\"twitter:data1\" content=\"3 minutes\" \/>\n<script type=\"application\/ld+json\" class=\"yoast-schema-graph\">{\"@context\":\"https:\\\/\\\/schema.org\",\"@graph\":[{\"@type\":\"WebPage\",\"@id\":\"https:\\\/\\\/tiketi.com\\\/sw\\\/bus-tickets-in-botswana\\\/\",\"url\":\"https:\\\/\\\/tiketi.com\\\/sw\\\/bus-tickets-in-botswana\\\/\",\"name\":\"Bus Tickets in Botswana - Online Bus Ticket Booking\",\"isPartOf\":{\"@id\":\"https:\\\/\\\/tiketi.com\\\/#website\"},\"primaryImageOfPage\":{\"@id\":\"https:\\\/\\\/tiketi.com\\\/sw\\\/bus-tickets-in-botswana\\\/#primaryimage\"},\"image\":{\"@id\":\"https:\\\/\\\/tiketi.com\\\/sw\\\/bus-tickets-in-botswana\\\/#primaryimage\"},\"thumbnailUrl\":\"https:\\\/\\\/tiketi.com\\\/wp-content\\\/uploads\\\/2022\\\/01\\\/bus-ticket-online-booking.jpg\",\"datePublished\":\"2022-01-19T11:54:56+00:00\",\"dateModified\":\"2022-02-01T10:54:47+00:00\",\"description\":\"Looking for online bus ticket\u00a0booking to and from Botswana, app, route, distance, fare & schedule? Book cheap bus tickets in Botswana online\",\"breadcrumb\":{\"@id\":\"https:\\\/\\\/tiketi.com\\\/sw\\\/bus-tickets-in-botswana\\\/#breadcrumb\"},\"inLanguage\":\"fr-FR\",\"potentialAction\":[{\"@type\":\"ReadAction\",\"target\":[\"https:\\\/\\\/tiketi.com\\\/sw\\\/bus-tickets-in-botswana\\\/\"]}]},{\"@type\":\"ImageObject\",\"inLanguage\":\"fr-FR\",\"@id\":\"https:\\\/\\\/tiketi.com\\\/sw\\\/bus-tickets-in-botswana\\\/#primaryimage\",\"url\":\"https:\\\/\\\/tiketi.com\\\/wp-content\\\/uploads\\\/2022\\\/01\\\/bus-ticket-online-booking.jpg\",\"contentUrl\":\"https:\\\/\\\/tiketi.com\\\/wp-content\\\/uploads\\\/2022\\\/01\\\/bus-ticket-online-booking.jpg\",\"width\":1200,\"height\":206,\"caption\":\"Online Bus Ticket Booking\"},{\"@type\":\"BreadcrumbList\",\"@id\":\"https:\\\/\\\/tiketi.com\\\/sw\\\/bus-tickets-in-botswana\\\/#breadcrumb\",\"itemListElement\":[{\"@type\":\"ListItem\",\"position\":1,\"name\":\"Home\",\"item\":\"https:\\\/\\\/tiketi.com\\\/\"},{\"@type\":\"ListItem\",\"position\":2,\"name\":\"Bus Tickets in Botswana &#8211; Online Bus Ticket Booking\"}]},{\"@type\":\"WebSite\",\"@id\":\"https:\\\/\\\/tiketi.com\\\/#website\",\"url\":\"https:\\\/\\\/tiketi.com\\\/\",\"name\":\"Flight & Bus Tickets, Tour Packages & Activitites - Tiketi.com\",\"description\":\"Flight &amp; Bus Tickets, Tours, Activitites\",\"publisher\":{\"@id\":\"https:\\\/\\\/tiketi.com\\\/#organization\"},\"potentialAction\":[{\"@type\":\"SearchAction\",\"target\":{\"@type\":\"EntryPoint\",\"urlTemplate\":\"https:\\\/\\\/tiketi.com\\\/?s={search_term_string}\"},\"query-input\":{\"@type\":\"PropertyValueSpecification\",\"valueRequired\":true,\"valueName\":\"search_term_string\"}}],\"inLanguage\":\"fr-FR\"},{\"@type\":\"Organization\",\"@id\":\"https:\\\/\\\/tiketi.com\\\/#organization\",\"name\":\"Tiketi.com\",\"alternateName\":\"Tiketi\",\"url\":\"https:\\\/\\\/tiketi.com\\\/\",\"logo\":{\"@type\":\"ImageObject\",\"inLanguage\":\"fr-FR\",\"@id\":\"https:\\\/\\\/tiketi.com\\\/#\\\/schema\\\/logo\\\/image\\\/\",\"url\":\"https:\\\/\\\/tiketi.com\\\/wp-content\\\/uploads\\\/2019\\\/05\\\/tiketi-logo-696.png\",\"contentUrl\":\"https:\\\/\\\/tiketi.com\\\/wp-content\\\/uploads\\\/2019\\\/05\\\/tiketi-logo-696.png\",\"width\":696,\"height\":696,\"caption\":\"Tiketi.com\"},\"image\":{\"@id\":\"https:\\\/\\\/tiketi.com\\\/#\\\/schema\\\/logo\\\/image\\\/\"},\"sameAs\":[\"https:\\\/\\\/www.facebook.com\\\/TiketiCom\\\/\"]}]}<\/script>\n<!-- \/ Yoast SEO plugin. -->","yoast_head_json":{"title":"Billets de bus au Botswana - R\u00e9servation de billets de bus en ligne","description":"Vous recherchez une r\u00e9servation de billets de bus en ligne vers et depuis le Botswana, une application, un itin\u00e9raire, une distance, un tarif et des horaires\u00a0? R\u00e9servez en ligne des billets de bus pas chers au Botswana","robots":{"index":"index","follow":"follow","max-snippet":"max-snippet:-1","max-image-preview":"max-image-preview:large","max-video-preview":"max-video-preview:-1"},"canonical":"https:\/\/tiketi.com\/fr-fr\/bus-tickets-in-botswana\/","og_locale":"fr_FR","og_type":"article","og_title":"Bus Tickets in Botswana - Online Bus Ticket Booking","og_description":"Looking for online bus ticket\u00a0booking to and from Botswana, app, route, distance, fare & schedule? Book cheap bus tickets in Botswana online","og_url":"https:\/\/tiketi.com\/fr-fr\/bus-tickets-in-botswana\/","og_site_name":"Tiketi.com","article_publisher":"https:\/\/www.facebook.com\/TiketiCom\/","article_modified_time":"2022-02-01T10:54:47+00:00","og_image":[{"width":1200,"height":206,"url":"https:\/\/tiketi.com\/wp-content\/uploads\/2022\/01\/bus-ticket-online-booking.jpg","type":"image\/jpeg"}],"twitter_card":"summary_large_image","twitter_misc":{"Dur\u00e9e de lecture estim\u00e9e":"3 minutes"},"schema":{"@context":"https:\/\/schema.org","@graph":[{"@type":"WebPage","@id":"https:\/\/tiketi.com\/sw\/bus-tickets-in-botswana\/","url":"https:\/\/tiketi.com\/sw\/bus-tickets-in-botswana\/","name":"Billets de bus au Botswana - R\u00e9servation de billets de bus en ligne","isPartOf":{"@id":"https:\/\/tiketi.com\/#website"},"primaryImageOfPage":{"@id":"https:\/\/tiketi.com\/sw\/bus-tickets-in-botswana\/#primaryimage"},"image":{"@id":"https:\/\/tiketi.com\/sw\/bus-tickets-in-botswana\/#primaryimage"},"thumbnailUrl":"https:\/\/tiketi.com\/wp-content\/uploads\/2022\/01\/bus-ticket-online-booking.jpg","datePublished":"2022-01-19T11:54:56+00:00","dateModified":"2022-02-01T10:54:47+00:00","description":"Vous recherchez une r\u00e9servation de billets de bus en ligne vers et depuis le Botswana, une application, un itin\u00e9raire, une distance, un tarif et des horaires\u00a0? R\u00e9servez en ligne des billets de bus pas chers au Botswana","breadcrumb":{"@id":"https:\/\/tiketi.com\/sw\/bus-tickets-in-botswana\/#breadcrumb"},"inLanguage":"fr-FR","potentialAction":[{"@type":"ReadAction","target":["https:\/\/tiketi.com\/sw\/bus-tickets-in-botswana\/"]}]},{"@type":"ImageObject","inLanguage":"fr-FR","@id":"https:\/\/tiketi.com\/sw\/bus-tickets-in-botswana\/#primaryimage","url":"https:\/\/tiketi.com\/wp-content\/uploads\/2022\/01\/bus-ticket-online-booking.jpg","contentUrl":"https:\/\/tiketi.com\/wp-content\/uploads\/2022\/01\/bus-ticket-online-booking.jpg","width":1200,"height":206,"caption":"Online Bus Ticket Booking"},{"@type":"BreadcrumbList","@id":"https:\/\/tiketi.com\/sw\/bus-tickets-in-botswana\/#breadcrumb","itemListElement":[{"@type":"ListItem","position":1,"name":"Home","item":"https:\/\/tiketi.com\/"},{"@type":"ListItem","position":2,"name":"Bus Tickets in Botswana &#8211; Online Bus Ticket Booking"}]},{"@type":"WebSite","@id":"https:\/\/tiketi.com\/#website","url":"https:\/\/tiketi.com\/","name":"Billets d&#039;avion et de bus, forfaits touristiques et activit\u00e9s - Tiketi.com","description":"Billets d&#039;avion et de bus, Tours, Activit\u00e9s","publisher":{"@id":"https:\/\/tiketi.com\/#organization"},"potentialAction":[{"@type":"SearchAction","target":{"@type":"EntryPoint","urlTemplate":"https:\/\/tiketi.com\/?s={search_term_string}"},"query-input":{"@type":"PropertyValueSpecification","valueRequired":true,"valueName":"search_term_string"}}],"inLanguage":"fr-FR"},{"@type":"Organization","@id":"https:\/\/tiketi.com\/#organization","name":"Tiketi.com","alternateName":"Tiketi","url":"https:\/\/tiketi.com\/","logo":{"@type":"ImageObject","inLanguage":"fr-FR","@id":"https:\/\/tiketi.com\/#\/schema\/logo\/image\/","url":"https:\/\/tiketi.com\/wp-content\/uploads\/2019\/05\/tiketi-logo-696.png","contentUrl":"https:\/\/tiketi.com\/wp-content\/uploads\/2019\/05\/tiketi-logo-696.png","width":696,"height":696,"caption":"Tiketi.com"},"image":{"@id":"https:\/\/tiketi.com\/#\/schema\/logo\/image\/"},"sameAs":["https:\/\/www.facebook.com\/TiketiCom\/"]}]}},"_links":{"self":[{"href":"https:\/\/tiketi.com\/fr-fr\/wp-json\/wp\/v2\/pages\/11592","targetHints":{"allow":["GET"]}}],"collection":[{"href":"https:\/\/tiketi.com\/fr-fr\/wp-json\/wp\/v2\/pages"}],"about":[{"href":"https:\/\/tiketi.com\/fr-fr\/wp-json\/wp\/v2\/types\/page"}],"author":[{"embeddable":true,"href":"https:\/\/tiketi.com\/fr-fr\/wp-json\/wp\/v2\/users\/1"}],"replies":[{"embeddable":true,"href":"https:\/\/tiketi.com\/fr-fr\/wp-json\/wp\/v2\/comments?post=11592"}],"version-history":[{"count":0,"href":"https:\/\/tiketi.com\/fr-fr\/wp-json\/wp\/v2\/pages\/11592\/revisions"}],"wp:featuredmedia":[{"embeddable":true,"href":"https:\/\/tiketi.com\/fr-fr\/wp-json\/wp\/v2\/media\/13999"}],"wp:attachment":[{"href":"https:\/\/tiketi.com\/fr-fr\/wp-json\/wp\/v2\/media?parent=11592"}],"curies":[{"name":"wp","href":"https:\/\/api.w.org\/{rel}","templated":true}]}}