{"id":11593,"date":"2022-01-19T12:54:56","date_gmt":"2022-01-19T11:54:56","guid":{"rendered":"https:\/\/new.tiketi.com\/bus-tickets-in-senegal-online-bus-ticket-booking\/"},"modified":"2022-10-24T12:05:32","modified_gmt":"2022-10-24T11:05:32","slug":"book-cheap-bus-tickets-in-senegal","status":"publish","type":"page","link":"https:\/\/tiketi.com\/fr-fr\/book-cheap-bus-tickets-in-senegal\/","title":{"rendered":"Billets de bus au S\u00e9n\u00e9gal - R\u00e9servation de billets de bus en ligne"},"content":{"rendered":"<h2>R\u00e9servation en ligne de billets de bus au S\u00e9n\u00e9gal<\/h2>\n<h3>D\u00e9couvrez votre itin\u00e9raire de voyage sur le web, le mobile ou l&#039;application et r\u00e9servez en ligne d\u00e8s maintenant des billets de bus \u00e0 bas prix au S\u00e9n\u00e9gal.<\/h3>\n<p>Il existe de nombreux choix de transport modernes accessibles au S\u00e9n\u00e9gal, et les visiteurs ne devraient pas les trouver inconnus. Les trains, les taxis et les billets de bus au S\u00e9n\u00e9gal sont les moyens les plus courants de se d\u00e9placer, mais nous discutons ici des voyages en bus et de la mani\u00e8re de r\u00e9server en ligne des billets de bus au S\u00e9n\u00e9gal.<\/p>\n<h2>Voyage en bus au S\u00e9n\u00e9gal<\/h2>\n<p>Les bus sont \u00e9galement tr\u00e8s g\u00e9n\u00e9ralistes et relient toutes les villes du S\u00e9n\u00e9gal. Ils sont \u00e0 un prix extr\u00eamement raisonnable, mais sont lents. Les bus \u00e0 Dakar sont g\u00e9r\u00e9s par Dakar Demn Dik. Des minibus sont \u00e9galement utilis\u00e9s, \u00e0 la fois dans une ville et entre les villes. Alors r\u00e9servez d\u00e8s maintenant des billets de bus pas chers au S\u00e9n\u00e9gal.<\/p>\n<p>Les bus Dakar Dem Dikk sont le meilleur moyen de voyager \u00e0 moindre co\u00fbt. Il existe plusieurs liaisons vers le centre-ville, les tarifs co\u00fbtent entre 300 et 150 FCFA. Ils sont assez fiables et ne sont remplis que pendant les heures actives. Au centre-ville au nord-est de la Place de l&#039;Ind\u00e9pendance se trouve un terminal de bus DDD utile.<\/p>\n<p>Les plus fr\u00e9quentes mais les moins conviviales sont les embl\u00e9matiques voitures rapides bleu-jaune et les mini-fourgonnettes Ndiaga Ndiaye, symboles d&#039;identit\u00e9 entass\u00e9s, battus et dangereusement conduits \u00e0 Dakar. \u00c0 moins de conna\u00eetre votre chemin, il est difficile de savoir o\u00f9 ils vont. Ils s&#039;arr\u00eatent soudainement et au hasard, de toute fa\u00e7on vous pouvez d&#039;abord faire des r\u00e9servations de billets de bus en ligne pour le S\u00e9n\u00e9gal.<\/p>\n<h2>Charette<\/h2>\n<p>Pour le transport sur de tr\u00e8s petites distances, vous pouvez prendre une charrette en bois tir\u00e9e par un cheval ou un \u00e2ne appel\u00e9e charrette. Ils ont tendance \u00e0 \u00eatre un peu cahoteux et rugueux sur le dos, mais peuvent \u00eatre un moyen parfait de se d\u00e9placer en toute d\u00e9tente. Ils sont \u00e9galement abordables. Ils sont un meilleur choix dans les petites villes et villages.<\/p>\n<h2>Les principales compagnies de bus au S\u00e9n\u00e9gal r\u00e9servation de bus<\/h2>\n<h3>Niokolo Transports<\/h3>\n<p>Pour vous rendre \u00e0 Bakel, Kolda, Tamba ou K\u00e9dougou, vous ne pouvez pas faire mieux que les transports du Niokolo. Les bus sont rapides, relaxants et fiables. Ainsi, les r\u00e9servations de billets de navette et de bus au S\u00e9n\u00e9gal sont simples. Quoi qu&#039;il en soit, vous devez r\u00e9server et payer vos billets un jour \u00e0 l&#039;avance.<\/p>\n<h3>Autres options de transport professionnel<\/h3>\n<p>Il existe plusieurs autres options de transport expertes qui se rendent dans certains des endroits les plus \u00e9loign\u00e9s, notamment Bakel, K\u00e9dougou et Tambacounda. Assurez-vous de consulter le site Web de l&#039;entreprise ou de r\u00e9server \u00e0 l&#039;avance des billets de navette et de bus au S\u00e9n\u00e9gal.<\/p>\n<h2>Conseils pour la r\u00e9servation de billets de bus en ligne au S\u00e9n\u00e9gal<\/h2>\n<h3>Voici les trucs et astuces pour la r\u00e9servation de bus en ligne Transport S\u00e9n\u00e9gal :<\/h3>\n<p>\u2022 Comme toujours, transportez de l&#039;argent dans diff\u00e9rents endroits.<\/p>\n<p>\u2022 Ne mettez rien de cher dans les poches ext\u00e9rieures de vos sacs, ce sont les plus simples d&#039;acc\u00e8s.<\/p>\n<p>\u2022 Faites attention \u00e0 vos sacs, surtout lorsque d&#039;autres sacs sont d\u00e9charg\u00e9s ou charg\u00e9s apr\u00e8s avoir quitt\u00e9 le garage. Extr\u00eamement peu de vols se produisent lorsque des sacs sont plac\u00e9s dans des v\u00e9hicules de garage. Les voleurs ont g\u00e9n\u00e9ralement plus peur des hommes en charge des syst\u00e8mes de garage que de la police.<\/p>","protected":false},"excerpt":{"rendered":"<p>Online Bus Ticket\u00a0Booking\u00a0Senegal Discover your travel route on web, mobile or app and book cheap bus tickets in Senegal online now. There are many modern transportation choices accessible in Senegal, and visitors should not find them unfamiliar. Trains, taxis, and bus tickets in Senegal are the most general ways of getting around but here we [&hellip;]<\/p>\n","protected":false},"author":1,"featured_media":13999,"parent":0,"menu_order":0,"comment_status":"open","ping_status":"closed","template":"template-home-modern.php","meta":{"footnotes":""},"class_list":["post-11593","page","type-page","status-publish","has-post-thumbnail","hentry"],"yoast_head":"<!-- This site is optimized with the Yoast SEO plugin v27.5 - https:\/\/yoast.com\/product\/yoast-seo-wordpress\/ -->\n<title>Bus Tickets in Senegal - Online Bus Ticket Booking<\/title>\n<meta name=\"description\" content=\"Looking for online bus ticket\u00a0booking Senegal, app, route, distance, fare &amp; schedule? Compare and book cheap bus tickets in Senegal online\" \/>\n<meta name=\"robots\" content=\"index, follow, max-snippet:-1, max-image-preview:large, max-video-preview:-1\" \/>\n<link rel=\"canonical\" href=\"https:\/\/tiketi.com\/fr-fr\/book-cheap-bus-tickets-in-senegal\/\" \/>\n<meta property=\"og:locale\" content=\"fr_FR\" \/>\n<meta property=\"og:type\" content=\"article\" \/>\n<meta property=\"og:title\" content=\"Bus Tickets in Senegal - Online Bus Ticket Booking\" \/>\n<meta property=\"og:description\" content=\"Looking for online bus ticket\u00a0booking Senegal, app, route, distance, fare &amp; schedule? Compare and book cheap bus tickets in Senegal online\" \/>\n<meta property=\"og:url\" content=\"https:\/\/tiketi.com\/fr-fr\/book-cheap-bus-tickets-in-senegal\/\" \/>\n<meta property=\"og:site_name\" content=\"Tiketi.com\" \/>\n<meta property=\"article:publisher\" content=\"https:\/\/www.facebook.com\/TiketiCom\/\" \/>\n<meta property=\"article:modified_time\" content=\"2022-10-24T11:05:32+00:00\" \/>\n<meta property=\"og:image\" content=\"https:\/\/tiketi.com\/wp-content\/uploads\/2022\/01\/bus-ticket-online-booking.jpg\" \/>\n\t<meta property=\"og:image:width\" content=\"1200\" \/>\n\t<meta property=\"og:image:height\" content=\"206\" \/>\n\t<meta property=\"og:image:type\" content=\"image\/jpeg\" \/>\n<meta name=\"twitter:card\" content=\"summary_large_image\" \/>\n<meta name=\"twitter:label1\" content=\"Dur\u00e9e de lecture estim\u00e9e\" \/>\n\t<meta name=\"twitter:data1\" content=\"3 minutes\" \/>\n<script type=\"application\/ld+json\" class=\"yoast-schema-graph\">{\"@context\":\"https:\\\/\\\/schema.org\",\"@graph\":[{\"@type\":\"WebPage\",\"@id\":\"https:\\\/\\\/tiketi.com\\\/en-gb\\\/book-cheap-bus-tickets-in-senegal\\\/\",\"url\":\"https:\\\/\\\/tiketi.com\\\/en-gb\\\/book-cheap-bus-tickets-in-senegal\\\/\",\"name\":\"Bus Tickets in Senegal - Online Bus Ticket Booking\",\"isPartOf\":{\"@id\":\"https:\\\/\\\/tiketi.com\\\/#website\"},\"primaryImageOfPage\":{\"@id\":\"https:\\\/\\\/tiketi.com\\\/en-gb\\\/book-cheap-bus-tickets-in-senegal\\\/#primaryimage\"},\"image\":{\"@id\":\"https:\\\/\\\/tiketi.com\\\/en-gb\\\/book-cheap-bus-tickets-in-senegal\\\/#primaryimage\"},\"thumbnailUrl\":\"https:\\\/\\\/tiketi.com\\\/wp-content\\\/uploads\\\/2022\\\/01\\\/bus-ticket-online-booking.jpg\",\"datePublished\":\"2022-01-19T11:54:56+00:00\",\"dateModified\":\"2022-10-24T11:05:32+00:00\",\"description\":\"Looking for online bus ticket\u00a0booking Senegal, app, route, distance, fare & schedule? Compare and book cheap bus tickets in Senegal online\",\"breadcrumb\":{\"@id\":\"https:\\\/\\\/tiketi.com\\\/en-gb\\\/book-cheap-bus-tickets-in-senegal\\\/#breadcrumb\"},\"inLanguage\":\"fr-FR\",\"potentialAction\":[{\"@type\":\"ReadAction\",\"target\":[\"https:\\\/\\\/tiketi.com\\\/en-gb\\\/book-cheap-bus-tickets-in-senegal\\\/\"]}]},{\"@type\":\"ImageObject\",\"inLanguage\":\"fr-FR\",\"@id\":\"https:\\\/\\\/tiketi.com\\\/en-gb\\\/book-cheap-bus-tickets-in-senegal\\\/#primaryimage\",\"url\":\"https:\\\/\\\/tiketi.com\\\/wp-content\\\/uploads\\\/2022\\\/01\\\/bus-ticket-online-booking.jpg\",\"contentUrl\":\"https:\\\/\\\/tiketi.com\\\/wp-content\\\/uploads\\\/2022\\\/01\\\/bus-ticket-online-booking.jpg\",\"width\":1200,\"height\":206,\"caption\":\"Online Bus Ticket Booking\"},{\"@type\":\"BreadcrumbList\",\"@id\":\"https:\\\/\\\/tiketi.com\\\/en-gb\\\/book-cheap-bus-tickets-in-senegal\\\/#breadcrumb\",\"itemListElement\":[{\"@type\":\"ListItem\",\"position\":1,\"name\":\"Home\",\"item\":\"https:\\\/\\\/tiketi.com\\\/\"},{\"@type\":\"ListItem\",\"position\":2,\"name\":\"Bus Tickets in Senegal &#8211; Online Bus Ticket Booking\"}]},{\"@type\":\"WebSite\",\"@id\":\"https:\\\/\\\/tiketi.com\\\/#website\",\"url\":\"https:\\\/\\\/tiketi.com\\\/\",\"name\":\"Flight & Bus Tickets, Tour Packages & Activitites - Tiketi.com\",\"description\":\"Flight &amp; Bus Tickets, Tours, Activitites\",\"publisher\":{\"@id\":\"https:\\\/\\\/tiketi.com\\\/#organization\"},\"potentialAction\":[{\"@type\":\"SearchAction\",\"target\":{\"@type\":\"EntryPoint\",\"urlTemplate\":\"https:\\\/\\\/tiketi.com\\\/?s={search_term_string}\"},\"query-input\":{\"@type\":\"PropertyValueSpecification\",\"valueRequired\":true,\"valueName\":\"search_term_string\"}}],\"inLanguage\":\"fr-FR\"},{\"@type\":\"Organization\",\"@id\":\"https:\\\/\\\/tiketi.com\\\/#organization\",\"name\":\"Tiketi.com\",\"alternateName\":\"Tiketi\",\"url\":\"https:\\\/\\\/tiketi.com\\\/\",\"logo\":{\"@type\":\"ImageObject\",\"inLanguage\":\"fr-FR\",\"@id\":\"https:\\\/\\\/tiketi.com\\\/#\\\/schema\\\/logo\\\/image\\\/\",\"url\":\"https:\\\/\\\/tiketi.com\\\/wp-content\\\/uploads\\\/2019\\\/05\\\/tiketi-logo-696.png\",\"contentUrl\":\"https:\\\/\\\/tiketi.com\\\/wp-content\\\/uploads\\\/2019\\\/05\\\/tiketi-logo-696.png\",\"width\":696,\"height\":696,\"caption\":\"Tiketi.com\"},\"image\":{\"@id\":\"https:\\\/\\\/tiketi.com\\\/#\\\/schema\\\/logo\\\/image\\\/\"},\"sameAs\":[\"https:\\\/\\\/www.facebook.com\\\/TiketiCom\\\/\"]}]}<\/script>\n<!-- \/ Yoast SEO plugin. -->","yoast_head_json":{"title":"Billets de bus au S\u00e9n\u00e9gal - R\u00e9servation de billets de bus en ligne","description":"Vous recherchez une r\u00e9servation en ligne de billets de bus S\u00e9n\u00e9gal, une application, un itin\u00e9raire, une distance, un tarif et des horaires\u00a0? Comparez et r\u00e9servez en ligne les billets de bus pas chers au S\u00e9n\u00e9gal","robots":{"index":"index","follow":"follow","max-snippet":"max-snippet:-1","max-image-preview":"max-image-preview:large","max-video-preview":"max-video-preview:-1"},"canonical":"https:\/\/tiketi.com\/fr-fr\/book-cheap-bus-tickets-in-senegal\/","og_locale":"fr_FR","og_type":"article","og_title":"Bus Tickets in Senegal - Online Bus Ticket Booking","og_description":"Looking for online bus ticket\u00a0booking Senegal, app, route, distance, fare & schedule? Compare and book cheap bus tickets in Senegal online","og_url":"https:\/\/tiketi.com\/fr-fr\/book-cheap-bus-tickets-in-senegal\/","og_site_name":"Tiketi.com","article_publisher":"https:\/\/www.facebook.com\/TiketiCom\/","article_modified_time":"2022-10-24T11:05:32+00:00","og_image":[{"width":1200,"height":206,"url":"https:\/\/tiketi.com\/wp-content\/uploads\/2022\/01\/bus-ticket-online-booking.jpg","type":"image\/jpeg"}],"twitter_card":"summary_large_image","twitter_misc":{"Dur\u00e9e de lecture estim\u00e9e":"3 minutes"},"schema":{"@context":"https:\/\/schema.org","@graph":[{"@type":"WebPage","@id":"https:\/\/tiketi.com\/en-gb\/book-cheap-bus-tickets-in-senegal\/","url":"https:\/\/tiketi.com\/en-gb\/book-cheap-bus-tickets-in-senegal\/","name":"Billets de bus au S\u00e9n\u00e9gal - R\u00e9servation de billets de bus en ligne","isPartOf":{"@id":"https:\/\/tiketi.com\/#website"},"primaryImageOfPage":{"@id":"https:\/\/tiketi.com\/en-gb\/book-cheap-bus-tickets-in-senegal\/#primaryimage"},"image":{"@id":"https:\/\/tiketi.com\/en-gb\/book-cheap-bus-tickets-in-senegal\/#primaryimage"},"thumbnailUrl":"https:\/\/tiketi.com\/wp-content\/uploads\/2022\/01\/bus-ticket-online-booking.jpg","datePublished":"2022-01-19T11:54:56+00:00","dateModified":"2022-10-24T11:05:32+00:00","description":"Vous recherchez une r\u00e9servation en ligne de billets de bus S\u00e9n\u00e9gal, une application, un itin\u00e9raire, une distance, un tarif et des horaires\u00a0? Comparez et r\u00e9servez en ligne les billets de bus pas chers au S\u00e9n\u00e9gal","breadcrumb":{"@id":"https:\/\/tiketi.com\/en-gb\/book-cheap-bus-tickets-in-senegal\/#breadcrumb"},"inLanguage":"fr-FR","potentialAction":[{"@type":"ReadAction","target":["https:\/\/tiketi.com\/en-gb\/book-cheap-bus-tickets-in-senegal\/"]}]},{"@type":"ImageObject","inLanguage":"fr-FR","@id":"https:\/\/tiketi.com\/en-gb\/book-cheap-bus-tickets-in-senegal\/#primaryimage","url":"https:\/\/tiketi.com\/wp-content\/uploads\/2022\/01\/bus-ticket-online-booking.jpg","contentUrl":"https:\/\/tiketi.com\/wp-content\/uploads\/2022\/01\/bus-ticket-online-booking.jpg","width":1200,"height":206,"caption":"Online Bus Ticket Booking"},{"@type":"BreadcrumbList","@id":"https:\/\/tiketi.com\/en-gb\/book-cheap-bus-tickets-in-senegal\/#breadcrumb","itemListElement":[{"@type":"ListItem","position":1,"name":"Home","item":"https:\/\/tiketi.com\/"},{"@type":"ListItem","position":2,"name":"Bus Tickets in Senegal &#8211; Online Bus Ticket Booking"}]},{"@type":"WebSite","@id":"https:\/\/tiketi.com\/#website","url":"https:\/\/tiketi.com\/","name":"Billets d&#039;avion et de bus, forfaits touristiques et activit\u00e9s - Tiketi.com","description":"Billets d&#039;avion et de bus, Tours, Activit\u00e9s","publisher":{"@id":"https:\/\/tiketi.com\/#organization"},"potentialAction":[{"@type":"SearchAction","target":{"@type":"EntryPoint","urlTemplate":"https:\/\/tiketi.com\/?s={search_term_string}"},"query-input":{"@type":"PropertyValueSpecification","valueRequired":true,"valueName":"search_term_string"}}],"inLanguage":"fr-FR"},{"@type":"Organization","@id":"https:\/\/tiketi.com\/#organization","name":"Tiketi.com","alternateName":"Tiketi","url":"https:\/\/tiketi.com\/","logo":{"@type":"ImageObject","inLanguage":"fr-FR","@id":"https:\/\/tiketi.com\/#\/schema\/logo\/image\/","url":"https:\/\/tiketi.com\/wp-content\/uploads\/2019\/05\/tiketi-logo-696.png","contentUrl":"https:\/\/tiketi.com\/wp-content\/uploads\/2019\/05\/tiketi-logo-696.png","width":696,"height":696,"caption":"Tiketi.com"},"image":{"@id":"https:\/\/tiketi.com\/#\/schema\/logo\/image\/"},"sameAs":["https:\/\/www.facebook.com\/TiketiCom\/"]}]}},"_links":{"self":[{"href":"https:\/\/tiketi.com\/fr-fr\/wp-json\/wp\/v2\/pages\/11593","targetHints":{"allow":["GET"]}}],"collection":[{"href":"https:\/\/tiketi.com\/fr-fr\/wp-json\/wp\/v2\/pages"}],"about":[{"href":"https:\/\/tiketi.com\/fr-fr\/wp-json\/wp\/v2\/types\/page"}],"author":[{"embeddable":true,"href":"https:\/\/tiketi.com\/fr-fr\/wp-json\/wp\/v2\/users\/1"}],"replies":[{"embeddable":true,"href":"https:\/\/tiketi.com\/fr-fr\/wp-json\/wp\/v2\/comments?post=11593"}],"version-history":[{"count":0,"href":"https:\/\/tiketi.com\/fr-fr\/wp-json\/wp\/v2\/pages\/11593\/revisions"}],"wp:featuredmedia":[{"embeddable":true,"href":"https:\/\/tiketi.com\/fr-fr\/wp-json\/wp\/v2\/media\/13999"}],"wp:attachment":[{"href":"https:\/\/tiketi.com\/fr-fr\/wp-json\/wp\/v2\/media?parent=11593"}],"curies":[{"name":"wp","href":"https:\/\/api.w.org\/{rel}","templated":true}]}}