{"id":11595,"date":"2022-01-19T12:54:56","date_gmt":"2022-01-19T11:54:56","guid":{"rendered":"https:\/\/new.tiketi.com\/trc-booking-online-tanzania-train-tickets-tazara-reservation\/"},"modified":"2023-10-02T16:55:25","modified_gmt":"2023-10-02T15:55:25","slug":"tanzania-railways","status":"publish","type":"page","link":"https:\/\/tiketi.com\/fr-fr\/trains\/tanzania-railways\/","title":{"rendered":"R\u00e9servation en ligne des chemins de fer de Tanzanie, billets de train SGR TRC Tanzanie"},"content":{"rendered":"<h2>Billets de train SGR \/ TRC Tanzanie pas chers en Tanzanie<\/h2>\n<h3>D\u00e9couvrez votre itin\u00e9raire de voyage en train sur le web, le mobile ou l&#039;application et faites votre r\u00e9servation en ligne de billets de train SGR Tanzanie <a href=\"https:\/\/booking.trc.co.tz\/\" target=\"_blank\" rel=\"noopener\">&gt;&gt;<\/a><\/h3>\nR\u00e9servation de billets en ligne TRC simplifi\u00e9e. Lisez ceci avant la r\u00e9servation en ligne des billets de train TRC Tanzanie. Le chemin de fer \u00e0 \u00e9cartement standard de la Tanzanie est une structure de chemin de fer reliant la Tanzanie aux pays limitrophes de l&#039;Ouganda et du Rwanda, et \u00e0 travers ces deux pays, au Burundi et \u00e0 la R\u00e9publique d\u00e9mocratique du Congo. La structure ferroviaire est pr\u00e9vue pour modifier l&#039;ancien syst\u00e8me ferroviaire lent \u00e0 voie m\u00e9trique. Faites la r\u00e9servation en ligne des trains SGR dans les chemins de fer tanzaniens et \u00e9conomisez du temps et de l&#039;argent.\n<h2>FAQ sur la r\u00e9servation, les itin\u00e9raires, les horaires et les tarifs de TRC Tanzanie<\/h2>\nVisiter les stations de r\u00e9servation TRC Tanzanie ou faire des r\u00e9servations de train en ligne TRC confirm\u00e9es\u00a0:\n<h2>Itin\u00e9raires ferroviaires en Tanzanie<\/h2>\n<!-- \/wp:post-content -->\n\n<!-- wp:paragraph -->\n\nIl existe 2 lignes: Tazara, reliant Dar es Salaam \u00e0 New Kapiri Mposhi en Zambie via Mbeya et Tunduma, et la ligne centrale des chemins de fer tanzaniens limit\u00e9e reliant Dar es Salaam \u00e0 Kigoma et Mwanza via Tobora. Une branche de la ligne m\u00e9diane relie \u00e9galement Tabora \u00e0 Mpanda, et Tazara assure la navette Udzungwa deux fois par semaine entre Makambako et la r\u00e9gion de Kilombero. Comment faire la r\u00e9servation en ligne de billets de train trc Tanzanie:\n<h3>1) R\u00e9servation en ligne des chemins de fer tanzaniens<\/h3>\nVous pouvez effectuer des r\u00e9servations en ligne sur les trains de Tanzania Railways, ou vous pouvez les acheter \u00e0 la gare ou par t\u00e9l\u00e9phone. Appelez le bureau de Dar es Salaam pour r\u00e9server des billets de train sgr Tanzanie bon march\u00e9 au +255 22 26 2191 pour les trajets en direction ouest ou appelez le chef de gare, r\u00e9servez par t\u00e9l\u00e9phone et r\u00e9cup\u00e9rez et payez la r\u00e9servation de billets trc en Tanzanie lorsque vous y arrivez. Si ceux-ci ne fonctionnent pas, ces num\u00e9ros pour le bureau de r\u00e9servation de billets de train TRC Tanzania ont \u00e9galement \u00e9t\u00e9 signal\u00e9s comme fonctionnant\u00a0: +255 787099064 ou +255 767099064.\n<h3>2) Autorit\u00e9 des chemins de fer Tanzanie-Zambie - R\u00e9servation de train Tazara<\/h3>\nUn e-mail de <a href=\"https:\/\/tiketi.com\/fr-fr\/companies\/railways\/tazara-tanzania-zambia-railway\/\" target=\"_blank\" rel=\"noopener\">Tazara<\/a> Le service client\u00e8le indique \u00e9galement que les r\u00e9servations de train en Tanzanie peuvent \u00eatre effectu\u00e9es sur l&#039;un des num\u00e9ros suivants\u00a0: +255 715469239 ou +255 754260988. Ils effectueront votre r\u00e9servation de billet Tazara et vous paierez et r\u00e9cup\u00e9rerez les billets de train de la Tanzanie \u00e0 la Zambie \u00e0 la gare plus tard.\n<h3>3) Agents de r\u00e9servation de billets TRC<\/h3>\nAlternativement, vous pouvez acheter des billets de train en Tanzanie avant d&#039;arriver en Tanzanie en contactant une meilleure agence de voyage locale ou en r\u00e9servant des billets en ligne TRC.\n<h2>TRC Tanzanie r\u00e9servant des sections du syst\u00e8me de voyage en train \u00e0 \u00e9cartement standard (SGR)<\/h2>\nLe syst\u00e8me ferroviaire SGR contiendrait plusieurs grandes sections.\n<h2>Trains SGR sur les routes de la Tanzanie<\/h2>\n<h3>Dar es Salam \u2013 Tron\u00e7on Morogoro<\/h3>\nCette section de trains SGR en Tanzanie mesurant trois cents kilom\u00e8tres, a \u00e9t\u00e9 confi\u00e9e \u00e0 un consortium 50\/50 comprenant Mota-Engil du Portugal et Yapi Merkezi de Turquie. D\u00e9but de la construction en avril 2017. Le financement partiel de cette section, d&#039;un montant de $1,2 milliard de dollars, a \u00e9t\u00e9 emprunt\u00e9 \u00e0 la Banque de cr\u00e9dit \u00e0 l&#039;exportation de Turquie. En mai 2019, il a \u00e9t\u00e9 d\u00e9clar\u00e9 que la phase actuelle du projet \u00e9tait achev\u00e9e \u00e0 soixante pour cent et que les principaux trains de voyageurs devraient commencer \u00e0 fonctionner en d\u00e9cembre 2019. Il y aura 6 gares : Ruvu, Soga, Pugu, Dar es Salaam, Morogoro et Ngerengere. 3 trains effectueront des allers-retours quotidiens.\n<h3>SGR Morogoro via Dodoma \u00e0 la section Makutopora<\/h3>\nCette section de trains SGR en Tanzanie a \u00e9galement \u00e9t\u00e9 construite pour relier la section Dar es Salaam-Morogoro. La ligne s&#039;\u00e9tend de Morogoro \u00e0 la capitale Dodoma et jusqu&#039;\u00e0 Makutopora dans la r\u00e9gion de Manyoni, r\u00e9gion de Singida. Il mesure 426 kilom\u00e8tres. En septembre 2018, l&#039;administration tanzanienne a obtenu un cr\u00e9dit bonifi\u00e9 d&#039;une banque \u00e0 charte standard, d&#039;un montant de $ 1,46 milliard de dollars. Les stations apr\u00e8s Morogoro seront Gulwe, Kidete, Kilosa, Mkata, Bahi, Dodoma et Makutopora.\n<h3>Tron\u00e7on SGR Dodoam-Isaka<\/h3>\n<strong>Tron\u00e7on Tabora \u2013 Isaka<\/strong> TRC a sign\u00e9 un contrat $US de 900,1 m pour la construction du tron\u00e7on Tabora \u2013 Isaka. Cette section de trains SGR en Tanzanie, mesurant 435 kilom\u00e8tres, s&#039;\u00e9tendant de Makutupora dans la r\u00e9gion de Singida via Tobora \u00e0 Isaka, n&#039;a pas encore \u00e9t\u00e9 confi\u00e9e \u00e0 un entrepreneur, en septembre 2018.\n<h3>Tron\u00e7on SGR Isaka\u2013Rusumo<\/h3>\nCe tron\u00e7on de train SGR en Tanzanie fait partie du chemin de fer \u00e0 voie standard Isaka-kigali et calcule environ 371 kilom\u00e8tres. La construction de cette section est estim\u00e9e \u00e0 $942 millions de dollars. En avril, les journaux d&#039;Afrique de l&#039;Est rapportaient que la Banque mondiale avait exprim\u00e9 sa volont\u00e9 de financer cette section.\n<h3>Tron\u00e7on SGR Isaka\u2013Mwanza<\/h3>\nTRC a sign\u00e9 un contrat $US 1.3b pour la construction du tron\u00e7on Isaka \u2013 Mwanza. Cette section des trains SGR en Tanzanie, calculant environ 220 kilom\u00e8tres, emprunte la ligne SGR de la ville de Mwanza, sur la rive sud du lac Victoria. Cette section n&#039;a pas \u00e9t\u00e9 propos\u00e9e \u00e0 un entrepreneur en septembre 2018. SGR train Tanzanie TRC r\u00e9servation en ligne confirm\u00e9e la r\u00e9servation de train sera bient\u00f4t possible.\n<h2>Portail de r\u00e9servation en ligne de billets de train SGR Tanzanie<\/h2>\nVisitez le portail de r\u00e9servation en ligne TRC Tanzanie <a href=\"https:\/\/booking.trc.co.tz\/\" target=\"_blank\" rel=\"noopener\">&gt;&gt;<\/a>","protected":false},"excerpt":{"rendered":"<p>Cheap SGR \/ TRC Tanzania Train Tickets in Tanzania Discover your train travel route on web, mobile or app and do your SGR Tanzania train tickets online booking &gt;&gt; TRC online ticket booking made easy. Read this before TRC Tanzania train tickets online booking. The Tanzania standard gauge railway is a structure of railway, linking [&hellip;]<\/p>\n","protected":false},"author":1,"featured_media":20644,"parent":25979,"menu_order":0,"comment_status":"open","ping_status":"closed","template":"template-home-modern.php","meta":{"footnotes":""},"class_list":["post-11595","page","type-page","status-publish","has-post-thumbnail","hentry"],"yoast_head":"<!-- This site is optimized with the Yoast SEO plugin v27.3 - https:\/\/yoast.com\/product\/yoast-seo-wordpress\/ -->\n<title>Tanzania Railways Online Booking, TRC Tanzania Train Tickets<\/title>\n<meta name=\"description\" content=\"Looking for TRC Tanzania Railways online booking app, train routes, schedule &amp; fares? Book cheap sgr Tanzania train tickets online now\" \/>\n<meta name=\"robots\" content=\"index, follow, max-snippet:-1, max-image-preview:large, max-video-preview:-1\" \/>\n<link rel=\"canonical\" href=\"https:\/\/tiketi.com\/fr-fr\/trains\/tanzania-railways\/\" \/>\n<meta property=\"og:locale\" content=\"fr_FR\" \/>\n<meta property=\"og:type\" content=\"article\" \/>\n<meta property=\"og:title\" content=\"Tanzania Railways Online Booking, TRC Tanzania Train Tickets\" \/>\n<meta property=\"og:description\" content=\"Looking for TRC Tanzania Railways online booking app, train routes, schedule &amp; fares? Book cheap sgr Tanzania train tickets online now\" \/>\n<meta property=\"og:url\" content=\"https:\/\/tiketi.com\/fr-fr\/trains\/tanzania-railways\/\" \/>\n<meta property=\"og:site_name\" content=\"Tiketi.com\" \/>\n<meta property=\"article:publisher\" content=\"https:\/\/www.facebook.com\/TiketiCom\/\" \/>\n<meta property=\"article:modified_time\" content=\"2023-10-02T15:55:25+00:00\" \/>\n<meta property=\"og:image\" content=\"https:\/\/tiketi.com\/wp-content\/uploads\/2022\/02\/train-booking-ice-g5b642a238_1280.jpg\" \/>\n\t<meta property=\"og:image:width\" content=\"1200\" \/>\n\t<meta property=\"og:image:height\" content=\"200\" \/>\n\t<meta property=\"og:image:type\" content=\"image\/jpeg\" \/>\n<meta name=\"twitter:card\" content=\"summary_large_image\" \/>\n<meta name=\"twitter:label1\" content=\"Dur\u00e9e de lecture estim\u00e9e\" \/>\n\t<meta name=\"twitter:data1\" content=\"4 minutes\" \/>\n<script type=\"application\/ld+json\" class=\"yoast-schema-graph\">{\"@context\":\"https:\\\/\\\/schema.org\",\"@graph\":[{\"@type\":\"WebPage\",\"@id\":\"https:\\\/\\\/tiketi.com\\\/trains\\\/tanzania-railways\\\/\",\"url\":\"https:\\\/\\\/tiketi.com\\\/trains\\\/tanzania-railways\\\/\",\"name\":\"Tanzania Railways Online Booking, TRC Tanzania Train Tickets\",\"isPartOf\":{\"@id\":\"https:\\\/\\\/tiketi.com\\\/#website\"},\"primaryImageOfPage\":{\"@id\":\"https:\\\/\\\/tiketi.com\\\/trains\\\/tanzania-railways\\\/#primaryimage\"},\"image\":{\"@id\":\"https:\\\/\\\/tiketi.com\\\/trains\\\/tanzania-railways\\\/#primaryimage\"},\"thumbnailUrl\":\"https:\\\/\\\/tiketi.com\\\/wp-content\\\/uploads\\\/2022\\\/02\\\/train-booking-ice-g5b642a238_1280.jpg\",\"datePublished\":\"2022-01-19T11:54:56+00:00\",\"dateModified\":\"2023-10-02T15:55:25+00:00\",\"description\":\"Looking for TRC Tanzania Railways online booking app, train routes, schedule & fares? Book cheap sgr Tanzania train tickets online now\",\"breadcrumb\":{\"@id\":\"https:\\\/\\\/tiketi.com\\\/trains\\\/tanzania-railways\\\/#breadcrumb\"},\"inLanguage\":\"fr-FR\",\"potentialAction\":[{\"@type\":\"ReadAction\",\"target\":[\"https:\\\/\\\/tiketi.com\\\/trains\\\/tanzania-railways\\\/\"]}]},{\"@type\":\"ImageObject\",\"inLanguage\":\"fr-FR\",\"@id\":\"https:\\\/\\\/tiketi.com\\\/trains\\\/tanzania-railways\\\/#primaryimage\",\"url\":\"https:\\\/\\\/tiketi.com\\\/wp-content\\\/uploads\\\/2022\\\/02\\\/train-booking-ice-g5b642a238_1280.jpg\",\"contentUrl\":\"https:\\\/\\\/tiketi.com\\\/wp-content\\\/uploads\\\/2022\\\/02\\\/train-booking-ice-g5b642a238_1280.jpg\",\"width\":1200,\"height\":200,\"caption\":\"Train Ticket Booking\"},{\"@type\":\"BreadcrumbList\",\"@id\":\"https:\\\/\\\/tiketi.com\\\/trains\\\/tanzania-railways\\\/#breadcrumb\",\"itemListElement\":[{\"@type\":\"ListItem\",\"position\":1,\"name\":\"Home\",\"item\":\"https:\\\/\\\/tiketi.com\\\/\"},{\"@type\":\"ListItem\",\"position\":2,\"name\":\"Trains\",\"item\":\"https:\\\/\\\/tiketi.com\\\/trains\\\/\"},{\"@type\":\"ListItem\",\"position\":3,\"name\":\"Tanzania Railways Online Booking, SGR TRC Tanzania Train Tickets\"}]},{\"@type\":\"WebSite\",\"@id\":\"https:\\\/\\\/tiketi.com\\\/#website\",\"url\":\"https:\\\/\\\/tiketi.com\\\/\",\"name\":\"Flight & Bus Tickets, Tour Packages & Activitites - Tiketi.com\",\"description\":\"Flight &amp; Bus Tickets, Tours, Activitites\",\"publisher\":{\"@id\":\"https:\\\/\\\/tiketi.com\\\/#organization\"},\"potentialAction\":[{\"@type\":\"SearchAction\",\"target\":{\"@type\":\"EntryPoint\",\"urlTemplate\":\"https:\\\/\\\/tiketi.com\\\/?s={search_term_string}\"},\"query-input\":{\"@type\":\"PropertyValueSpecification\",\"valueRequired\":true,\"valueName\":\"search_term_string\"}}],\"inLanguage\":\"fr-FR\"},{\"@type\":\"Organization\",\"@id\":\"https:\\\/\\\/tiketi.com\\\/#organization\",\"name\":\"Tiketi.com\",\"alternateName\":\"Tiketi\",\"url\":\"https:\\\/\\\/tiketi.com\\\/\",\"logo\":{\"@type\":\"ImageObject\",\"inLanguage\":\"fr-FR\",\"@id\":\"https:\\\/\\\/tiketi.com\\\/#\\\/schema\\\/logo\\\/image\\\/\",\"url\":\"https:\\\/\\\/tiketi.com\\\/wp-content\\\/uploads\\\/2019\\\/05\\\/tiketi-logo-696.png\",\"contentUrl\":\"https:\\\/\\\/tiketi.com\\\/wp-content\\\/uploads\\\/2019\\\/05\\\/tiketi-logo-696.png\",\"width\":696,\"height\":696,\"caption\":\"Tiketi.com\"},\"image\":{\"@id\":\"https:\\\/\\\/tiketi.com\\\/#\\\/schema\\\/logo\\\/image\\\/\"},\"sameAs\":[\"https:\\\/\\\/www.facebook.com\\\/TiketiCom\\\/\"]}]}<\/script>\n<!-- \/ Yoast SEO plugin. -->","yoast_head_json":{"title":"R\u00e9servation en ligne des chemins de fer de Tanzanie, billets de train TRC Tanzanie","description":"Vous recherchez l&#039;application de r\u00e9servation en ligne TRC Tanzanie Railways, des itin\u00e9raires de train, des horaires et des tarifs\u00a0? R\u00e9servez d\u00e8s maintenant vos billets de train sgr Tanzanie pas chers en ligne","robots":{"index":"index","follow":"follow","max-snippet":"max-snippet:-1","max-image-preview":"max-image-preview:large","max-video-preview":"max-video-preview:-1"},"canonical":"https:\/\/tiketi.com\/fr-fr\/trains\/tanzania-railways\/","og_locale":"fr_FR","og_type":"article","og_title":"Tanzania Railways Online Booking, TRC Tanzania Train Tickets","og_description":"Looking for TRC Tanzania Railways online booking app, train routes, schedule & fares? Book cheap sgr Tanzania train tickets online now","og_url":"https:\/\/tiketi.com\/fr-fr\/trains\/tanzania-railways\/","og_site_name":"Tiketi.com","article_publisher":"https:\/\/www.facebook.com\/TiketiCom\/","article_modified_time":"2023-10-02T15:55:25+00:00","og_image":[{"width":1200,"height":200,"url":"https:\/\/tiketi.com\/wp-content\/uploads\/2022\/02\/train-booking-ice-g5b642a238_1280.jpg","type":"image\/jpeg"}],"twitter_card":"summary_large_image","twitter_misc":{"Dur\u00e9e de lecture estim\u00e9e":"4 minutes"},"schema":{"@context":"https:\/\/schema.org","@graph":[{"@type":"WebPage","@id":"https:\/\/tiketi.com\/trains\/tanzania-railways\/","url":"https:\/\/tiketi.com\/trains\/tanzania-railways\/","name":"R\u00e9servation en ligne des chemins de fer de Tanzanie, billets de train TRC Tanzanie","isPartOf":{"@id":"https:\/\/tiketi.com\/#website"},"primaryImageOfPage":{"@id":"https:\/\/tiketi.com\/trains\/tanzania-railways\/#primaryimage"},"image":{"@id":"https:\/\/tiketi.com\/trains\/tanzania-railways\/#primaryimage"},"thumbnailUrl":"https:\/\/tiketi.com\/wp-content\/uploads\/2022\/02\/train-booking-ice-g5b642a238_1280.jpg","datePublished":"2022-01-19T11:54:56+00:00","dateModified":"2023-10-02T15:55:25+00:00","description":"Vous recherchez l&#039;application de r\u00e9servation en ligne TRC Tanzanie Railways, des itin\u00e9raires de train, des horaires et des tarifs\u00a0? R\u00e9servez d\u00e8s maintenant vos billets de train sgr Tanzanie pas chers en ligne","breadcrumb":{"@id":"https:\/\/tiketi.com\/trains\/tanzania-railways\/#breadcrumb"},"inLanguage":"fr-FR","potentialAction":[{"@type":"ReadAction","target":["https:\/\/tiketi.com\/trains\/tanzania-railways\/"]}]},{"@type":"ImageObject","inLanguage":"fr-FR","@id":"https:\/\/tiketi.com\/trains\/tanzania-railways\/#primaryimage","url":"https:\/\/tiketi.com\/wp-content\/uploads\/2022\/02\/train-booking-ice-g5b642a238_1280.jpg","contentUrl":"https:\/\/tiketi.com\/wp-content\/uploads\/2022\/02\/train-booking-ice-g5b642a238_1280.jpg","width":1200,"height":200,"caption":"Train Ticket Booking"},{"@type":"BreadcrumbList","@id":"https:\/\/tiketi.com\/trains\/tanzania-railways\/#breadcrumb","itemListElement":[{"@type":"ListItem","position":1,"name":"Home","item":"https:\/\/tiketi.com\/"},{"@type":"ListItem","position":2,"name":"Trains","item":"https:\/\/tiketi.com\/trains\/"},{"@type":"ListItem","position":3,"name":"Tanzania Railways Online Booking, SGR TRC Tanzania Train Tickets"}]},{"@type":"WebSite","@id":"https:\/\/tiketi.com\/#website","url":"https:\/\/tiketi.com\/","name":"Billets d&#039;avion et de bus, forfaits touristiques et activit\u00e9s - Tiketi.com","description":"Billets d&#039;avion et de bus, Tours, Activit\u00e9s","publisher":{"@id":"https:\/\/tiketi.com\/#organization"},"potentialAction":[{"@type":"SearchAction","target":{"@type":"EntryPoint","urlTemplate":"https:\/\/tiketi.com\/?s={search_term_string}"},"query-input":{"@type":"PropertyValueSpecification","valueRequired":true,"valueName":"search_term_string"}}],"inLanguage":"fr-FR"},{"@type":"Organization","@id":"https:\/\/tiketi.com\/#organization","name":"Tiketi.com","alternateName":"Tiketi","url":"https:\/\/tiketi.com\/","logo":{"@type":"ImageObject","inLanguage":"fr-FR","@id":"https:\/\/tiketi.com\/#\/schema\/logo\/image\/","url":"https:\/\/tiketi.com\/wp-content\/uploads\/2019\/05\/tiketi-logo-696.png","contentUrl":"https:\/\/tiketi.com\/wp-content\/uploads\/2019\/05\/tiketi-logo-696.png","width":696,"height":696,"caption":"Tiketi.com"},"image":{"@id":"https:\/\/tiketi.com\/#\/schema\/logo\/image\/"},"sameAs":["https:\/\/www.facebook.com\/TiketiCom\/"]}]}},"_links":{"self":[{"href":"https:\/\/tiketi.com\/fr-fr\/wp-json\/wp\/v2\/pages\/11595","targetHints":{"allow":["GET"]}}],"collection":[{"href":"https:\/\/tiketi.com\/fr-fr\/wp-json\/wp\/v2\/pages"}],"about":[{"href":"https:\/\/tiketi.com\/fr-fr\/wp-json\/wp\/v2\/types\/page"}],"author":[{"embeddable":true,"href":"https:\/\/tiketi.com\/fr-fr\/wp-json\/wp\/v2\/users\/1"}],"replies":[{"embeddable":true,"href":"https:\/\/tiketi.com\/fr-fr\/wp-json\/wp\/v2\/comments?post=11595"}],"version-history":[{"count":0,"href":"https:\/\/tiketi.com\/fr-fr\/wp-json\/wp\/v2\/pages\/11595\/revisions"}],"up":[{"embeddable":true,"href":"https:\/\/tiketi.com\/fr-fr\/wp-json\/wp\/v2\/pages\/25979"}],"wp:featuredmedia":[{"embeddable":true,"href":"https:\/\/tiketi.com\/fr-fr\/wp-json\/wp\/v2\/media\/20644"}],"wp:attachment":[{"href":"https:\/\/tiketi.com\/fr-fr\/wp-json\/wp\/v2\/media?parent=11595"}],"curies":[{"name":"wp","href":"https:\/\/api.w.org\/{rel}","templated":true}]}}