{"id":11596,"date":"2022-01-19T12:54:56","date_gmt":"2022-01-19T11:54:56","guid":{"rendered":"https:\/\/new.tiketi.com\/erc-ticket-booking-online-ethiopia-train-tickets-reservation\/"},"modified":"2025-04-25T16:49:28","modified_gmt":"2025-04-25T15:49:28","slug":"erc-ethiopian-railways","status":"publish","type":"page","link":"https:\/\/tiketi.com\/fr-fr\/trains\/erc-ethiopian-railways\/","title":{"rendered":"Billets de train pour l&#039;\u00c9thiopie I ERC Ethiopian Railways R\u00e9servation en ligne"},"content":{"rendered":"<h2>ERC Ethiopian Railways Online Booking<\/h2>\n<h3>Reserve your SGR Ethiopia train tickets online now <a href=\"https:\/\/erc.gov.et\/\" target=\"_blank\" rel=\"noopener\">&gt;&gt;<\/a><\/h3>\n<p>Ethiopia train tickets reservation online made easy. Ethiopian rail transport is completed under the authority of National Railway Ethiopia network (ERC), which presently contains of 3 electrified standard gauge railway lines: Awash-Weldiya Railway, Weldiya-Mekelle Railway and the Addis Ababa-Djibouti Railway. Other lines are still in the working phase. There is also metro system in the country&#8217;s capital, the Addis Ababa light rail. Read this before SGR Ethiopian Railways online booking..<\/p>\n<h2>SGR Ethiopia Train Tickets Reservation FAQs<\/h2>\n<p>Tous les chemins de fer en \u00c9thiopie sont exploit\u00e9s et d\u00e9tenus par une entreprise publique \u00e9thiopienne, l&#039;Ethiopian Railway Corporation. Un projet de loi ouvre le transport ferroviaire au secteur priv\u00e9, depuis la construction des infrastructures ferroviaires jusqu&#039;\u00e0 l&#039;exploitation de ces m\u00eames infrastructures et jusqu&#039;\u00e0 l&#039;action des trains priv\u00e9s.<\/p>\n<h2>M\u00e9tro l\u00e9ger d&#039;Addis-Abeba<\/h2>\n<p>Ce syst\u00e8me ferroviaire est un syst\u00e8me de transport l\u00e9ger sur rail. Il s&#039;agit du premier syst\u00e8me de m\u00e9tro l\u00e9ger et de transport rapide en Afrique subsaharienne et orientale. Sur les 2 lignes ferroviaires, les lignes est-ouest s&#039;\u00e9tendent de TORHILOCH au village d&#039;AYAT et passent par Meskel Square, Legehar, Megenagna et Mexico Square. La ligne nord-sud passe par Lideta, la place Menelik II, la place Meskel, Legehar, Kaliti et Gotera. Les trains sur la ligne nord-sud sont blancs et bleus, tandis que sur la ligne est-ouest, ils sont blancs et verts. Les tarifs co\u00fbtent 2-6 BIRR. Les billets de train pour l&#039;\u00c9thiopie peuvent \u00eatre achet\u00e9s dans des kiosques de couleur orange \u00e0 c\u00f4t\u00e9 de chaque gare.<\/p>\n<h2>Le chemin de fer Addis-Abeba - Djibouti<\/h2>\n<p>Le chemin de fer commence \u00e0 la gare centrale de Sebeta. La ville est desservie par 2 gares en p\u00e9riph\u00e9rie, \u00e0 indole et Furi-labu. La ligne va vers le sud-est jusqu&#039;\u00e0 Adama et Modjo, deux villes situ\u00e9es dans la vall\u00e9e du Grand Rift \u00e9thiopien.<\/p>\n<p>A Adama, le chemin de fer tourne au nord-est vers Dire Dawa, puis il va \u00e0 Djibouti.<\/p>\n<p>La section canap\u00e9 est s\u00e9par\u00e9e en parties VIP et r\u00e9guli\u00e8res avec des salles de canap\u00e9 r\u00e9guli\u00e8res pr\u00eates \u00e0 accueillir des lits superpos\u00e9s triples, \u00e0 savoir les couchettes du milieu, du haut et du bas, chacune avec des tarifs variables.<\/p>\n<h2>Le chemin de fer Weldiya-Mekelle<\/h2>\n<p>Cette construction ferroviaire est une voie ferr\u00e9e \u00e0 \u00e9cartement standard, qui \u00e9tendra la zone du r\u00e9seau ferroviaire national \u00e9thiopien vers le nord et reliera Mekelle \u00e0 Addis-Abeba et Djibout via le chemin de fer Awash-Weldiya.<\/p>\n<p>L&#039;objectif principal des chemins de fer est de relier le nord de l&#039;\u00c9thiopie au chemin de fer Addis-Abeba-Djibouti \u00e0 la jonction Awash et ainsi de le relier \u00e0 l&#039;\u00e9conomie mondiale via le port de Djibouti et \u00e9galement au sud de l&#039;\u00c9thiopie avec sa capitale, Addis-Abeba.<\/p>\n<h2>Histoire du chemin de fer \u00e9thiopien<\/h2>\n<p>Le premier chemin de fer en \u00c9thiopie \u00e9tait la ligne \u00e0 voie m\u00e9trique de 782 km reliant Addis-Abeba au port de Djibouti dans le pays du m\u00eame nom. Le tron\u00e7on principal, de Djibouti \u00e0 Dire Dawan en \u00c9thiopie, a \u00e9t\u00e9 ouvert en 1901, mais la construction suppl\u00e9mentaire a \u00e9t\u00e9 retard\u00e9e par la faillite de la v\u00e9ritable compagnie de chemin de fer, et la ligne vers Addis-Abeba n&#039;a \u00e9t\u00e9 achev\u00e9e qu&#039;en 1917.<\/p>\n<p>Sur la libert\u00e9 de Djibouti, la responsabilit\u00e9 de la ligne est pass\u00e9e \u00e0 une nouvelle entreprise d\u00e9tenue conjointement par les gouvernements des 2 nations. Quoi qu&#039;il en soit, \u00e0 la fin du XXe et au d\u00e9but du XXIe si\u00e8cle, la ligne a \u00e9t\u00e9 autoris\u00e9e \u00e0 languir et \u00e0 se d\u00e9t\u00e9riorer, le service est devenu irr\u00e9gulier et la ligne a finalement \u00e9t\u00e9 ferm\u00e9e.<\/p>\n<p>En 2016, un dernier chemin de fer \u00e9lectrifi\u00e9 \u00e0 voie standard de 760 km a \u00e9t\u00e9 ouvert d&#039;Addis-Abeba \u00e0 Djibouti, modifiant le chemin de fer \u00e0 voie m\u00e9trique. Environ 660 km de cette ligne en \u00c9thiopie. La derni\u00e8re voie ferr\u00e9e, ainsi que le tramway d&#039;Addis-Abeba, sont exploit\u00e9s pour le compte de l&#039;administration par les entrepreneurs chinois responsables de leur construction.<\/p>\n<h3>Ethiopian Railway Corporation a \u00e9galement propos\u00e9 des contrats pour la construction d&#039;autres lignes :<\/h3>\n<p>Ligne de 491 km d&#039;Addis-Abeba \u00e0 Bedele<\/p>\n<p>Ligne de 260 km de Hara Gebeya \u00e0 Mekele<\/p>\n<p>Ligne de 390 km d&#039;Awash au port d&#039;Addis-Abeba au port de Djibouti \u00e0 Hara Gebeya.<\/p>\n<p>Les plans futurs pr\u00e9voient une ligne de Hara Gebeya \u00e0 un nouveau port \u00e0 Tadjurah \u00e0 Djibouti.<\/p>\n<p>Addis-Abeba dispose d&#039;un dernier syst\u00e8me de tramway de 32 km de long, ouvert en 2015.<\/p>\n<h2>ERC Ethiopia train tickets reservation stations and Ethiopian Railways online booking tips<\/h2>\n<p>How to do train ticket booking in Ethiopia:<\/p>\n<h3>A Addis-Abeba<\/h3>\n<p>Do cheap train ticket booking in Ethiopia in Addis Ababa or at the city center offices or railway stations. There is presently no Ethiopian Railways online booking.<\/p>\n<p>International tickets between Djibouti and Addis Ababa must be bought at least the day before. There are generally places accessible. Local train tickets in Ethiopia can be bought the same day, although doing train ticket booking in Eethiopia a day before is advisable in case there is a power cut at the tickets sell out or ticket office.<\/p>\n<p>You can also buy Ethiopia railways train tickets in the city centers, at least 1 day before the trip. The Addis Ababa ticket office is close to the old railway station, next to Leghar metro station, under the bridge on the Churchill Avenue side. You get a voucher that needs to be exchanged for a right train tickets booking at Addis Abeba Lebu station an hour before departure. A passport is needed to buy a voucher. You can also book standard-gauge railway (SGR) train tickets in Ethiopia in advance at the same time.<\/p>\n<h3>A Dir\u00e9 Dawa<\/h3>\n<p>Booking train tickets in Ethiopia are sold at the new Dire Dawa station, and also in the city centre at the EDR (Ethio-Djibouti Railway) office, conveniently placed in the old railway station in the Kezira place.<\/p>\n<h3>\u00c0 Djibouti<\/h3>\n<p>Achetez vos billets de train \u00c9thiopie \u00e0 la gare ou au centre-ville. Il n&#039;y a actuellement aucune r\u00e9servation par Internet.<\/p>\n<p>Il est rapport\u00e9 que les billets peuvent \u00eatre achet\u00e9s dans le centre-ville, dans un immeuble situ\u00e9 \u00e0 Salines Ouest, \u00e0 environ dix minutes \u00e0 pied de la place centrale du vingt-sept juin. Salines Quest est la route qui part du feu \u00e0 l&#039;intersection de l&#039;avenue Sheikh Osman et de l&#039;avenue Roosevelt, en direction du sud-ouest. Arriv\u00e9 \u00e0 l&#039;institut de la culture fran\u00e7aise, continuez \u00e0 marcher sur une cinquantaine de m\u00e8tres jusqu&#039;au caf\u00e9 Al Rayan. Traversez la route et entrez dans le parvis du b\u00e2timent de la Maison M\u00e9dicale. Billets de train de Djibouti \u00e0 Addis-Abeba ou billets de train d&#039;Addis-Abeba \u00e0 Djibouti au moins dix-sept heures avant le d\u00e9part du train, mais ils ne sont pas vendus plus de deux jours \u00e0 l&#039;avance. Le bureau \u00e9met un bon \u00e0 \u00e9changer contre les bons billets au guichet de la gare au moins une heure avant le d\u00e9part.<\/p>\n<h3>Ethiopian railway stations<\/h3>\n<p>Outre les grandes infrastructures ferroviaires (ports secs, gares de marchandises) cens\u00e9es accueillir des trains de marchandises, les chemins de fer ont \u00e9galement des gares sp\u00e9cifiques pour les trains de voyageurs. Ces gares le long de la voie ferr\u00e9e disposent le plus souvent d&#039;un seul quai permettant aux passagers d&#039;entrer ou de sortir des trains. Ces plates-formes permettent un acc\u00e8s sans avoir besoin d&#039;utiliser des souches. Certains ont 2 plates-formes reli\u00e9es par une passerelle au-dessus du syst\u00e8me de cat\u00e9naire a\u00e9rien. Les quais sont couverts pour pr\u00e9server les passagers du vent, du soleil et de la pluie.<\/p>\n<p>Les gares ferroviaires pour les trains de voyageurs disposent depuis toujours d&#039;un b\u00e2timent de gare directement reli\u00e9 \u00e0 l&#039;arri\u00e8re du quai principal. Par cons\u00e9quent, toutes les gares ferroviaires avec un seul quai n&#039;ont de place que pour une seule ligne de quai et ne permettent pas la pr\u00e9sence de plus d&#039;un train sur le quai en m\u00eame temps. En revanche, les gares \u00e0 2 quais disposent d&#039;un espace pour 2 ou 3 lignes de quai. Toutes les plates-formes mesurent entre 200 et 400 m\u00e8tres de long.<\/p>\n<p>Les b\u00e2timents de la gare sont utilis\u00e9s pour les rafra\u00eechissements et pour la billetterie et contiennent des salles d&#039;attente et m\u00eame une salle de pri\u00e8re. Ils ont des m\u00e9dias accessibles (au moins eau, \u00e9lectricit\u00e9). L&#039;apparence ext\u00e9rieure du b\u00e2timent de la gare du chemin de fer Addis-Abeba-Djibouti pr\u00e9sente un certain type d&#039;\u00e9clectisme architectural comprenant des \u00e9l\u00e9ments \u00e9thiopiens avec une version chinoise et des \u00e9l\u00e9ments arrondis.<\/p>","protected":false},"excerpt":{"rendered":"<p>ERC Ethiopian Railways Online Booking Reserve your SGR Ethiopia train tickets online now &gt;&gt; Ethiopia train tickets reservation online made easy. Ethiopian rail transport is completed under the authority of National Railway Ethiopia network (ERC), which presently contains of 3 electrified standard gauge railway lines: Awash-Weldiya Railway, Weldiya-Mekelle Railway and the Addis Ababa-Djibouti Railway. Other [&hellip;]<\/p>\n","protected":false},"author":1,"featured_media":13999,"parent":25979,"menu_order":0,"comment_status":"open","ping_status":"closed","template":"template-home-modern.php","meta":{"footnotes":""},"class_list":["post-11596","page","type-page","status-publish","has-post-thumbnail","hentry"],"yoast_head":"<!-- This site is optimized with the Yoast SEO plugin v27.4 - https:\/\/yoast.com\/product\/yoast-seo-wordpress\/ -->\n<title>Ethiopia Train Tickets I ERC Ethiopian Railways Online Booking<\/title>\n<meta name=\"description\" content=\"Looking for Ethiopian Railways online booking app? Reserve your cheap Ethiopia train tickets online and save time and money\" \/>\n<meta name=\"robots\" content=\"index, follow, max-snippet:-1, max-image-preview:large, max-video-preview:-1\" \/>\n<link rel=\"canonical\" href=\"https:\/\/tiketi.com\/fr-fr\/trains\/erc-ethiopian-railways\/\" \/>\n<meta property=\"og:locale\" content=\"fr_FR\" \/>\n<meta property=\"og:type\" content=\"article\" \/>\n<meta property=\"og:title\" content=\"Ethiopia Train Tickets I ERC Ethiopian Railways Online Booking\" \/>\n<meta property=\"og:description\" content=\"Looking for Ethiopian Railways online booking app? Reserve your cheap Ethiopia train tickets online and save time and money\" \/>\n<meta property=\"og:url\" content=\"https:\/\/tiketi.com\/fr-fr\/trains\/erc-ethiopian-railways\/\" \/>\n<meta property=\"og:site_name\" content=\"Tiketi.com\" \/>\n<meta property=\"article:publisher\" content=\"https:\/\/www.facebook.com\/TiketiCom\/\" \/>\n<meta property=\"article:modified_time\" content=\"2025-04-25T15:49:28+00:00\" \/>\n<meta property=\"og:image\" content=\"https:\/\/tiketi.com\/wp-content\/uploads\/2022\/01\/bus-ticket-online-booking.jpg\" \/>\n\t<meta property=\"og:image:width\" content=\"1200\" \/>\n\t<meta property=\"og:image:height\" content=\"206\" \/>\n\t<meta property=\"og:image:type\" content=\"image\/jpeg\" \/>\n<meta name=\"twitter:card\" content=\"summary_large_image\" \/>\n<meta name=\"twitter:label1\" content=\"Dur\u00e9e de lecture estim\u00e9e\" \/>\n\t<meta name=\"twitter:data1\" content=\"6 minutes\" \/>\n<script type=\"application\/ld+json\" class=\"yoast-schema-graph\">{\"@context\":\"https:\\\/\\\/schema.org\",\"@graph\":[{\"@type\":\"WebPage\",\"@id\":\"https:\\\/\\\/tiketi.com\\\/en-gb\\\/trains\\\/erc-ethiopian-railways\\\/\",\"url\":\"https:\\\/\\\/tiketi.com\\\/en-gb\\\/trains\\\/erc-ethiopian-railways\\\/\",\"name\":\"Ethiopia Train Tickets I ERC Ethiopian Railways Online Booking\",\"isPartOf\":{\"@id\":\"https:\\\/\\\/tiketi.com\\\/#website\"},\"primaryImageOfPage\":{\"@id\":\"https:\\\/\\\/tiketi.com\\\/en-gb\\\/trains\\\/erc-ethiopian-railways\\\/#primaryimage\"},\"image\":{\"@id\":\"https:\\\/\\\/tiketi.com\\\/en-gb\\\/trains\\\/erc-ethiopian-railways\\\/#primaryimage\"},\"thumbnailUrl\":\"https:\\\/\\\/tiketi.com\\\/wp-content\\\/uploads\\\/2022\\\/01\\\/bus-ticket-online-booking.jpg\",\"datePublished\":\"2022-01-19T11:54:56+00:00\",\"dateModified\":\"2025-04-25T15:49:28+00:00\",\"description\":\"Looking for Ethiopian Railways online booking app? Reserve your cheap Ethiopia train tickets online and save time and money\",\"breadcrumb\":{\"@id\":\"https:\\\/\\\/tiketi.com\\\/en-gb\\\/trains\\\/erc-ethiopian-railways\\\/#breadcrumb\"},\"inLanguage\":\"fr-FR\",\"potentialAction\":[{\"@type\":\"ReadAction\",\"target\":[\"https:\\\/\\\/tiketi.com\\\/en-gb\\\/trains\\\/erc-ethiopian-railways\\\/\"]}]},{\"@type\":\"ImageObject\",\"inLanguage\":\"fr-FR\",\"@id\":\"https:\\\/\\\/tiketi.com\\\/en-gb\\\/trains\\\/erc-ethiopian-railways\\\/#primaryimage\",\"url\":\"https:\\\/\\\/tiketi.com\\\/wp-content\\\/uploads\\\/2022\\\/01\\\/bus-ticket-online-booking.jpg\",\"contentUrl\":\"https:\\\/\\\/tiketi.com\\\/wp-content\\\/uploads\\\/2022\\\/01\\\/bus-ticket-online-booking.jpg\",\"width\":1200,\"height\":206,\"caption\":\"Online Bus Ticket Booking\"},{\"@type\":\"BreadcrumbList\",\"@id\":\"https:\\\/\\\/tiketi.com\\\/en-gb\\\/trains\\\/erc-ethiopian-railways\\\/#breadcrumb\",\"itemListElement\":[{\"@type\":\"ListItem\",\"position\":1,\"name\":\"Home\",\"item\":\"https:\\\/\\\/tiketi.com\\\/\"},{\"@type\":\"ListItem\",\"position\":2,\"name\":\"Trains\",\"item\":\"https:\\\/\\\/tiketi.com\\\/trains\\\/\"},{\"@type\":\"ListItem\",\"position\":3,\"name\":\"Ethiopia Train Tickets I ERC Ethiopian Railways Online Booking\"}]},{\"@type\":\"WebSite\",\"@id\":\"https:\\\/\\\/tiketi.com\\\/#website\",\"url\":\"https:\\\/\\\/tiketi.com\\\/\",\"name\":\"Flight & Bus Tickets, Tour Packages & Activitites - Tiketi.com\",\"description\":\"Flight &amp; Bus Tickets, Tours, Activitites\",\"publisher\":{\"@id\":\"https:\\\/\\\/tiketi.com\\\/#organization\"},\"potentialAction\":[{\"@type\":\"SearchAction\",\"target\":{\"@type\":\"EntryPoint\",\"urlTemplate\":\"https:\\\/\\\/tiketi.com\\\/?s={search_term_string}\"},\"query-input\":{\"@type\":\"PropertyValueSpecification\",\"valueRequired\":true,\"valueName\":\"search_term_string\"}}],\"inLanguage\":\"fr-FR\"},{\"@type\":\"Organization\",\"@id\":\"https:\\\/\\\/tiketi.com\\\/#organization\",\"name\":\"Tiketi.com\",\"alternateName\":\"Tiketi\",\"url\":\"https:\\\/\\\/tiketi.com\\\/\",\"logo\":{\"@type\":\"ImageObject\",\"inLanguage\":\"fr-FR\",\"@id\":\"https:\\\/\\\/tiketi.com\\\/#\\\/schema\\\/logo\\\/image\\\/\",\"url\":\"https:\\\/\\\/tiketi.com\\\/wp-content\\\/uploads\\\/2019\\\/05\\\/tiketi-logo-696.png\",\"contentUrl\":\"https:\\\/\\\/tiketi.com\\\/wp-content\\\/uploads\\\/2019\\\/05\\\/tiketi-logo-696.png\",\"width\":696,\"height\":696,\"caption\":\"Tiketi.com\"},\"image\":{\"@id\":\"https:\\\/\\\/tiketi.com\\\/#\\\/schema\\\/logo\\\/image\\\/\"},\"sameAs\":[\"https:\\\/\\\/www.facebook.com\\\/TiketiCom\\\/\"]}]}<\/script>\n<!-- \/ Yoast SEO plugin. -->","yoast_head_json":{"title":"Billets de train pour l&#039;\u00c9thiopie I ERC Ethiopian Railways R\u00e9servation en ligne","description":"Looking for Ethiopian Railways online booking app? Reserve your cheap Ethiopia train tickets online and save time and money","robots":{"index":"index","follow":"follow","max-snippet":"max-snippet:-1","max-image-preview":"max-image-preview:large","max-video-preview":"max-video-preview:-1"},"canonical":"https:\/\/tiketi.com\/fr-fr\/trains\/erc-ethiopian-railways\/","og_locale":"fr_FR","og_type":"article","og_title":"Ethiopia Train Tickets I ERC Ethiopian Railways Online Booking","og_description":"Looking for Ethiopian Railways online booking app? Reserve your cheap Ethiopia train tickets online and save time and money","og_url":"https:\/\/tiketi.com\/fr-fr\/trains\/erc-ethiopian-railways\/","og_site_name":"Tiketi.com","article_publisher":"https:\/\/www.facebook.com\/TiketiCom\/","article_modified_time":"2025-04-25T15:49:28+00:00","og_image":[{"width":1200,"height":206,"url":"https:\/\/tiketi.com\/wp-content\/uploads\/2022\/01\/bus-ticket-online-booking.jpg","type":"image\/jpeg"}],"twitter_card":"summary_large_image","twitter_misc":{"Dur\u00e9e de lecture estim\u00e9e":"6 minutes"},"schema":{"@context":"https:\/\/schema.org","@graph":[{"@type":"WebPage","@id":"https:\/\/tiketi.com\/en-gb\/trains\/erc-ethiopian-railways\/","url":"https:\/\/tiketi.com\/en-gb\/trains\/erc-ethiopian-railways\/","name":"Billets de train pour l&#039;\u00c9thiopie I ERC Ethiopian Railways R\u00e9servation en ligne","isPartOf":{"@id":"https:\/\/tiketi.com\/#website"},"primaryImageOfPage":{"@id":"https:\/\/tiketi.com\/en-gb\/trains\/erc-ethiopian-railways\/#primaryimage"},"image":{"@id":"https:\/\/tiketi.com\/en-gb\/trains\/erc-ethiopian-railways\/#primaryimage"},"thumbnailUrl":"https:\/\/tiketi.com\/wp-content\/uploads\/2022\/01\/bus-ticket-online-booking.jpg","datePublished":"2022-01-19T11:54:56+00:00","dateModified":"2025-04-25T15:49:28+00:00","description":"Looking for Ethiopian Railways online booking app? Reserve your cheap Ethiopia train tickets online and save time and money","breadcrumb":{"@id":"https:\/\/tiketi.com\/en-gb\/trains\/erc-ethiopian-railways\/#breadcrumb"},"inLanguage":"fr-FR","potentialAction":[{"@type":"ReadAction","target":["https:\/\/tiketi.com\/en-gb\/trains\/erc-ethiopian-railways\/"]}]},{"@type":"ImageObject","inLanguage":"fr-FR","@id":"https:\/\/tiketi.com\/en-gb\/trains\/erc-ethiopian-railways\/#primaryimage","url":"https:\/\/tiketi.com\/wp-content\/uploads\/2022\/01\/bus-ticket-online-booking.jpg","contentUrl":"https:\/\/tiketi.com\/wp-content\/uploads\/2022\/01\/bus-ticket-online-booking.jpg","width":1200,"height":206,"caption":"Online Bus Ticket Booking"},{"@type":"BreadcrumbList","@id":"https:\/\/tiketi.com\/en-gb\/trains\/erc-ethiopian-railways\/#breadcrumb","itemListElement":[{"@type":"ListItem","position":1,"name":"Home","item":"https:\/\/tiketi.com\/"},{"@type":"ListItem","position":2,"name":"Trains","item":"https:\/\/tiketi.com\/trains\/"},{"@type":"ListItem","position":3,"name":"Ethiopia Train Tickets I ERC Ethiopian Railways Online Booking"}]},{"@type":"WebSite","@id":"https:\/\/tiketi.com\/#website","url":"https:\/\/tiketi.com\/","name":"Billets d&#039;avion et de bus, forfaits touristiques et activit\u00e9s - Tiketi.com","description":"Billets d&#039;avion et de bus, Tours, Activit\u00e9s","publisher":{"@id":"https:\/\/tiketi.com\/#organization"},"potentialAction":[{"@type":"SearchAction","target":{"@type":"EntryPoint","urlTemplate":"https:\/\/tiketi.com\/?s={search_term_string}"},"query-input":{"@type":"PropertyValueSpecification","valueRequired":true,"valueName":"search_term_string"}}],"inLanguage":"fr-FR"},{"@type":"Organization","@id":"https:\/\/tiketi.com\/#organization","name":"Tiketi.com","alternateName":"Tiketi","url":"https:\/\/tiketi.com\/","logo":{"@type":"ImageObject","inLanguage":"fr-FR","@id":"https:\/\/tiketi.com\/#\/schema\/logo\/image\/","url":"https:\/\/tiketi.com\/wp-content\/uploads\/2019\/05\/tiketi-logo-696.png","contentUrl":"https:\/\/tiketi.com\/wp-content\/uploads\/2019\/05\/tiketi-logo-696.png","width":696,"height":696,"caption":"Tiketi.com"},"image":{"@id":"https:\/\/tiketi.com\/#\/schema\/logo\/image\/"},"sameAs":["https:\/\/www.facebook.com\/TiketiCom\/"]}]}},"_links":{"self":[{"href":"https:\/\/tiketi.com\/fr-fr\/wp-json\/wp\/v2\/pages\/11596","targetHints":{"allow":["GET"]}}],"collection":[{"href":"https:\/\/tiketi.com\/fr-fr\/wp-json\/wp\/v2\/pages"}],"about":[{"href":"https:\/\/tiketi.com\/fr-fr\/wp-json\/wp\/v2\/types\/page"}],"author":[{"embeddable":true,"href":"https:\/\/tiketi.com\/fr-fr\/wp-json\/wp\/v2\/users\/1"}],"replies":[{"embeddable":true,"href":"https:\/\/tiketi.com\/fr-fr\/wp-json\/wp\/v2\/comments?post=11596"}],"version-history":[{"count":9,"href":"https:\/\/tiketi.com\/fr-fr\/wp-json\/wp\/v2\/pages\/11596\/revisions"}],"predecessor-version":[{"id":31392,"href":"https:\/\/tiketi.com\/fr-fr\/wp-json\/wp\/v2\/pages\/11596\/revisions\/31392"}],"up":[{"embeddable":true,"href":"https:\/\/tiketi.com\/fr-fr\/wp-json\/wp\/v2\/pages\/25979"}],"wp:featuredmedia":[{"embeddable":true,"href":"https:\/\/tiketi.com\/fr-fr\/wp-json\/wp\/v2\/media\/13999"}],"wp:attachment":[{"href":"https:\/\/tiketi.com\/fr-fr\/wp-json\/wp\/v2\/media?parent=11596"}],"curies":[{"name":"wp","href":"https:\/\/api.w.org\/{rel}","templated":true}]}}