{"id":11597,"date":"2022-01-19T12:54:56","date_gmt":"2022-01-19T11:54:56","guid":{"rendered":"https:\/\/new.tiketi.com\/sgr-bookings-online-madaraka-express-tickets-fares-schedule\/"},"modified":"2025-04-25T16:46:39","modified_gmt":"2025-04-25T15:46:39","slug":"kenya-railways","status":"publish","type":"page","link":"https:\/\/tiketi.com\/fr-fr\/trains\/kenya-railways\/","title":{"rendered":"Kenya Railways Online Booking I SGR Madaraka Train Tickets"},"content":{"rendered":"<h2>R\u00e9servation en ligne de billets Madaraka Express au Kenya<\/h2>\n<h3>R\u00e9servez vos billets de train SGR Kenya en ligne d\u00e8s maintenant.<\/h3>\n<p>La r\u00e9servation en ligne de billets SGR Madaraka Express de Kenya Railways est facilit\u00e9e. Lisez les informations ci-dessous avant de r\u00e9server en ligne avec Kenya Railways. Le transport ferroviaire au Kenya comprend un r\u00e9seau \u00e0 \u00e9cartement m\u00e9trique en bon \u00e9tat et un nouveau chemin de fer \u00e0 \u00e9cartement standard. Les deux chemins de fer relient Mombasa, la principale ville portuaire du Kenya, \u00e0 l\u2019int\u00e9rieur du pays, en passant par la capitale nationale de Nairobi. Le r\u00e9seau \u00e0 voie m\u00e9trique s&#039;\u00e9tend jusqu&#039;\u00e0 la fronti\u00e8re ougandaise, et le chemin de fer \u00e0 voie standard Mombasa-Nairobi sera \u00e9galement bient\u00f4t \u00e9tendu jusqu&#039;\u00e0 la fronti\u00e8re ougandaise. R\u00e9servez d\u00e8s maintenant vos billets de train Kenya en ligne et gagnez du temps et de l&#039;argent.<\/p>\n<h2>Kenya train tickets stations or Madaraka Express online booking confirmed train reservation<\/h2>\n<p>Comment acheter des billets de train au Kenya\u00a0:<\/p>\n<h3>1) R\u00e9servation SGR \u00e0 la gare terminus SGR<\/h3>\n<p>Actuellement, les billets de train Madaraka Express Kenya sont vendus \u00e0 la gare sgr Terminus le jour du voyage ou pour les quatre jours pr\u00e9c\u00e9dant le d\u00e9part, les cartes de cr\u00e9dit et de paiement sont accept\u00e9es. La vente des billets de train au Kenya cesse dix minutes avant le d\u00e9part du train. Vous ne pouvez pas acheter de billets sgr \u00e0 l&#039;ancienne gare centrale de Nairobi de l&#039;ancienne gare centrale de Mombasa, uniquement aux nouvelles gares sgr Terminus. La page Facebook de Kenya Railways indique que les trains sont g\u00e9n\u00e9ralement enti\u00e8rement r\u00e9serv\u00e9s en classe \u00e9conomique, mais que les si\u00e8ges de premi\u00e8re classe sont accessibles.<\/p>\n<h3>2) Agent de r\u00e9servation sgr de Kenya Railways<\/h3>\n<p>Vous pouvez effectuer une r\u00e9servation Kenya Railways sgr \u00e0 Nairobi avec une petite majoration via une agence fiable. Vous devrez leur envoyer un e-mail. Cela pourrait \u00eatre le premier choix pour les visiteurs \u00e9trangers qui ne resteront probablement pas longtemps au Kenya avant de devoir prendre le train.<\/p>\n<h3>3) R\u00e9servation en ligne de Sgr Kenya Railways<\/h3>\n<p>Kenya Railways a finalement lanc\u00e9 la r\u00e9servation en ligne de SGR Kenya Railways en janvier 2018. Malheureusement, ils n&#039;acceptent les paiements que via le syst\u00e8me de t\u00e9l\u00e9phonie mobile M-Pesa, et non par carte de cr\u00e9dit. Mais vous devriez \u00eatre capable de r\u00e9server en ligne des billets Madaraka Express au Kenya si vous poss\u00e9dez une carte SIM kenyane et ouvrez un compte M-pesa.<\/p>\n<h3>4) R\u00e9servation Madaraka Express via Mpesa<\/h3>\n<p>Pour effectuer une r\u00e9servation Madaraka Express via Mpesa, obtenez une carte SIM kenyane pour votre mobile pour le r\u00e9seau Safaaricom \u00e0 votre arriv\u00e9e au Kenya, pour aussi peu que 200 shillings. Vous devez ensuite ouvrir un identifiant M-Pesa aupr\u00e8s d&#039;un agent M-pesa national, vous les trouverez partout. M-pesa signifie Mobile-money en swahili. Vous payez l&#039;agent en esp\u00e8ces et il l&#039;envoie sur votre compte M-pesa de t\u00e9l\u00e9phone portable. Ensuite, vous pourrez effectuer une r\u00e9servation Madaraka Express via Mpesa.<\/p>\n<h3>5) R\u00e9servation USDD Kenya Railways sgr<\/h3>\n<p>Composez le code USDD *639#. Choisissez l&#039;option de r\u00e9servation Kenya Railways sgr, la gare de d\u00e9part, la date du voyage, la destination, la classe et le nombre de passagers. Vous pouvez r\u00e9server des billets de train au Kenya pour un maximum de cinq passagers en une seule transaction. Entrez les d\u00e9tails des passagers, c&#039;est-\u00e0-dire les noms complets et les num\u00e9ros de passeport. Pour les enfants, indiquer enfant. Choisissez l\u2019option de paiement.<\/p>\n<h3>6) Effectuer le paiement pour la r\u00e9servation des billets de train Madaraka Express<\/h3>\n<p>Vous obtiendrez les invites Payer en retard, Payer maintenant ou Quitter. Lors du paiement \u00e0 l&#039;avance des billets de train Madaraka Express, entrez le code PIN de votre compte M-pesa. Vous recevrez un message de v\u00e9rification du paiement, suivi d&#039;une confirmation de r\u00e9servation qui v\u00e9rifiera l&#039;\u00e9tat de la transaction en indiquant le lieu de la gare, la date du voyage, l&#039;heure de d\u00e9part, la classe de voyage choisie, le num\u00e9ro de l&#039;autocar et le num\u00e9ro du si\u00e8ge.<\/p>\n<h3>7) R\u00e9servation en ligne de Kenya Railways ou impression de vos propres billets<\/h3>\n<p>Vous devez imprimer les billets de train Madaraka Express aux distributeurs automatiques de la gare ou prendre le train Madaraka Express sgr au guichet unique pour les transactions M-pesa. Vous pouvez obtenir le billet le jour du voyage ou n&#039;importe quel jour avant.<\/p>\n<h2>How to cancel your Kenya train tickets online booking?<\/h2>\n<p>L&#039;op\u00e9rateur ferroviaire autorise les passagers individuels \u00e0 annuler leur voyage de r\u00e9servation en ligne SGR au moins vingt-quatre heures avant la date pr\u00e9vue du voyage du train Kenya Railways, tandis que la r\u00e9servation de groupe doit \u00eatre annul\u00e9e dans les soixante-douze heures avant la date du voyage. Chaque train dispose d&#039;au moins 1 ou 2 membres d&#039;\u00e9quipage qui ont re\u00e7u une formation certifi\u00e9e en premiers secours, ce qui est pratique en cas d&#039;alerte m\u00e9dicale. Les passagers malades \u00e0 l&#039;\u00e9tranger sont \u00e9vacu\u00e9s vers les h\u00f4pitaux les plus proches.<\/p>\n<h2>Choses \u00e0 savoir avant de prendre un train Madaraka Express sgr au Kenya<\/h2>\n<p>Si vous n&#039;avez jamais pris de train au Kenya auparavant, lisez ces choses avant de prendre un train au Kenya, comme comment se rendre \u00e0 la gare, comment les passagers sont fouill\u00e9s aux points de contr\u00f4le de s\u00e9curit\u00e9, \u00e0 quoi ressemblent les toilettes et les boissons peuvent \u00eatre achet\u00e9es sur le train.<\/p>\n<h2>Conseils de r\u00e9servation en ligne de billets Madaraka Express<\/h2>\n<h3>Rendez-vous \u00e0 la bonne gare de d\u00e9part des trains Madaraka Express SGR<\/h3>\n<p>V\u00e9rifiez bien la gare de d\u00e9part. Il est conseill\u00e9 de vous renseigner sur les modalit\u00e9s d&#039;acc\u00e8s \u00e0 votre gare en temps voulu avant votre d\u00e9part. Si vous vous rendez accidentellement au mauvais endroit, vous constaterez que la salle d&#039;attente ne pr\u00e9sente pas du tout les horaires de vos trains. Lorsque vous vous rendez compte de votre erreur, vous risquez alors de rater votre train, vous ne pouvez pas effectuer de changement au guichet.<\/p>\n<h3>Franchise bagages Madaraka Express sgr \u2013 faites vos valises intelligemment<\/h3>\n<p>Si \u00eatre organis\u00e9 n&#039;est pas un probl\u00e8me, faire ses valises fait partie du plaisir du voyage en train. S\u00e9parez vos affaires en \u00e9normes bagages et petits bagages \u00e0 main. Les objets vitaux, tels que les billets, les documents de voyage, les objets de valeur, l&#039;argent doivent \u00eatre conserv\u00e9s sur vous \u00e0 tout moment. Avoir un sac banane ou un sac \u00e0 main est pratique. N&#039;oubliez pas de mettre votre r\u00e9servation de billet Madaraka Express sgr<strong>\u00a0<\/strong>et la s\u00e9curit\u00e9 des cartes d&#039;identit\u00e9\/passeports apr\u00e8s les points de contr\u00f4le des billets.<\/p>\n<p>La lumi\u00e8re d&#039;emballage est le point important. Vous pouvez trouver toutes sortes de conseils sur l&#039;emballage l\u00e9ger. Quoi qu&#039;il en soit, si vous n&#039;en avez pas \u00e9t\u00e9 capable, les stewards du train vous demanderont de d\u00e9poser tout bagage trop volumineux sur les \u00e9tag\u00e8res \u00e0 bagages aux extr\u00e9mit\u00e9s des wagons, plut\u00f4t que sur l&#039;\u00e9tag\u00e8re de surcharge \u00e0 votre place. Il est donc essentiel que vos bagages soient ferm\u00e9s par une fermeture \u00e9clair ou ferm\u00e9s \u00e0 l&#039;aide d&#039;une serrure \u00e0 m\u00e9lange.<\/p>\n<h3>Partez t\u00f4t pour prendre votre train Madaraka Express sgr<\/h3>\n<p>Les distances entre le contr\u00f4le de s\u00e9curit\u00e9, la billetterie, la salle d&#039;attente et le quai de la gare peuvent \u00eatre assez longues et il est parfois n\u00e9cessaire de marcher d&#039;un c\u00f4t\u00e9 \u00e0 l&#039;autre de la gare. Gardez \u00e0 l&#039;esprit que vous ne faites pas cela seul, il y aura des centaines de personnes qui feront la m\u00eame chose, ce qui signifie que vous pourriez attendre longtemps dans les files d&#039;attente.<\/p>\n<p>Tout d&#039;abord, vous devrez faire la queue pour r\u00e9cup\u00e9rer votre billet, puis passer par un contr\u00f4le de billet et d&#039;identit\u00e9 suivi d&#039;un contr\u00f4le de s\u00e9curit\u00e9, localiser et marcher jusqu&#039;\u00e0 votre lieu de marche, puis attendre \u00e0 nouveau en ligne \u00e0 la porte des billets de la salle d&#039;attente, et marcher peut avoir dix minutes pour embarquer dans le train.<\/p>\n<p>Gardez \u00e0 l&#039;esprit que la gare arr\u00eatera l&#039;installation d&#039;enregistrement cinq minutes avant le d\u00e9part du train. Ne vous perdez donc pas dans les magasins de la gare. Il est conseill\u00e9 de se pr\u00e9senter \u00e0 la salle d&#039;attente au moins trois minutes avant le d\u00e9part du train (principalement si vous souhaitez une place pour attendre).<\/p>\n<h3>Sachez ce qu&#039;il y a sur la r\u00e9servation des billets de train Madaraka Express Kenya\u00a0: eau, nourriture et toilettes<\/h3>\n<p>Diff\u00e9rents trains sgr au Kenya offrent diff\u00e9rentes installations et services\u00a0:<\/p>\n<p><strong>Si\u00e8ges<\/strong>: Tous les trains sont enti\u00e8rement climatis\u00e9s.<\/p>\n<p><strong>Si\u00e8ges de premi\u00e8re classe<\/strong>: Les si\u00e8ges sont r\u00e9glables, comme dans un avion. De plus, il y a une prise 220 AC sous chaque si\u00e8ge pour vos gadgets.<\/p>\n<p><strong>Si\u00e8ges de deuxi\u00e8me classe<\/strong>: Les si\u00e8ges sont fixes. Pas de frais pour vos gadgets.<\/p>\n<p><strong>Nourriture<\/strong>: Les trains rapides proposent diff\u00e9rents types de menus. Les voyageurs en premi\u00e8re classe peuvent se rendre au wagon-restaurant pour prendre un repas gustatif, o\u00f9 ils proposent des plats personnalis\u00e9s. Les voyageurs de deuxi\u00e8me classe ach\u00e8tent un ensemble de collations ou de repas et de boissons au chariot du pr\u00e9pos\u00e9.<\/p>\n<p><strong>Eau<\/strong>: De l&#039;eau bouillie froide\/gratuite est accessible entre les autocars.<\/p>\n<p><strong>Toilettes<\/strong>: Des toilettes de style occidental\/chinois et des toilettes pour handicap\u00e9s sont accessibles entre les voitures.<\/p>\n<p><strong>Ecran LED<\/strong>: Chaque autocar avec affichage LED indique la vitesse, l&#039;heure et la temp\u00e9rature du train.<\/p>","protected":false},"excerpt":{"rendered":"<p>Madaraka Express Tickets Online Booking in Kenya Reserve your sgr Kenya train tickets online now. Kenya Railways SGR Madaraka Express tickets online booking made easy. Read below information before doing Kenya Railways online booking. Rail transport in Kenya consists of metre-gauge network that is in correct condition and a new standard gauge railway. Both railways [&hellip;]<\/p>\n","protected":false},"author":1,"featured_media":20644,"parent":25979,"menu_order":0,"comment_status":"open","ping_status":"closed","template":"template-home-modern.php","meta":{"footnotes":""},"class_list":["post-11597","page","type-page","status-publish","has-post-thumbnail","hentry"],"yoast_head":"<!-- This site is optimized with the Yoast SEO plugin v27.4 - https:\/\/yoast.com\/product\/yoast-seo-wordpress\/ -->\n<title>Kenya Railways Online Booking I SGR Madaraka Train Tickets<\/title>\n<meta name=\"description\" content=\"Looking for Kenya Railways online booking app, train routes, schedule, fares? Do cheap Madaraka express tickets online booking now\" \/>\n<meta name=\"robots\" content=\"index, follow, max-snippet:-1, max-image-preview:large, max-video-preview:-1\" \/>\n<link rel=\"canonical\" href=\"https:\/\/tiketi.com\/fr-fr\/trains\/kenya-railways\/\" \/>\n<meta property=\"og:locale\" content=\"fr_FR\" \/>\n<meta property=\"og:type\" content=\"article\" \/>\n<meta property=\"og:title\" content=\"Kenya Railways Online Booking I SGR Madaraka Train Tickets\" \/>\n<meta property=\"og:description\" content=\"Looking for Kenya Railways online booking app, train routes, schedule, fares? Do cheap Madaraka express tickets online booking now\" \/>\n<meta property=\"og:url\" content=\"https:\/\/tiketi.com\/fr-fr\/trains\/kenya-railways\/\" \/>\n<meta property=\"og:site_name\" content=\"Tiketi.com\" \/>\n<meta property=\"article:publisher\" content=\"https:\/\/www.facebook.com\/TiketiCom\/\" \/>\n<meta property=\"article:modified_time\" content=\"2025-04-25T15:46:39+00:00\" \/>\n<meta property=\"og:image\" content=\"https:\/\/tiketi.com\/wp-content\/uploads\/2022\/02\/train-booking-ice-g5b642a238_1280.jpg\" \/>\n\t<meta property=\"og:image:width\" content=\"1200\" \/>\n\t<meta property=\"og:image:height\" content=\"200\" \/>\n\t<meta property=\"og:image:type\" content=\"image\/jpeg\" \/>\n<meta name=\"twitter:card\" content=\"summary_large_image\" \/>\n<meta name=\"twitter:label1\" content=\"Dur\u00e9e de lecture estim\u00e9e\" \/>\n\t<meta name=\"twitter:data1\" content=\"7 minutes\" \/>\n<script type=\"application\/ld+json\" class=\"yoast-schema-graph\">{\"@context\":\"https:\\\/\\\/schema.org\",\"@graph\":[{\"@type\":\"WebPage\",\"@id\":\"https:\\\/\\\/tiketi.com\\\/trains\\\/kenya-railways\\\/\",\"url\":\"https:\\\/\\\/tiketi.com\\\/trains\\\/kenya-railways\\\/\",\"name\":\"Kenya Railways Online Booking I SGR Madaraka Train Tickets\",\"isPartOf\":{\"@id\":\"https:\\\/\\\/tiketi.com\\\/#website\"},\"primaryImageOfPage\":{\"@id\":\"https:\\\/\\\/tiketi.com\\\/trains\\\/kenya-railways\\\/#primaryimage\"},\"image\":{\"@id\":\"https:\\\/\\\/tiketi.com\\\/trains\\\/kenya-railways\\\/#primaryimage\"},\"thumbnailUrl\":\"https:\\\/\\\/tiketi.com\\\/wp-content\\\/uploads\\\/2022\\\/02\\\/train-booking-ice-g5b642a238_1280.jpg\",\"datePublished\":\"2022-01-19T11:54:56+00:00\",\"dateModified\":\"2025-04-25T15:46:39+00:00\",\"description\":\"Looking for Kenya Railways online booking app, train routes, schedule, fares? Do cheap Madaraka express tickets online booking now\",\"breadcrumb\":{\"@id\":\"https:\\\/\\\/tiketi.com\\\/trains\\\/kenya-railways\\\/#breadcrumb\"},\"inLanguage\":\"fr-FR\",\"potentialAction\":[{\"@type\":\"ReadAction\",\"target\":[\"https:\\\/\\\/tiketi.com\\\/trains\\\/kenya-railways\\\/\"]}]},{\"@type\":\"ImageObject\",\"inLanguage\":\"fr-FR\",\"@id\":\"https:\\\/\\\/tiketi.com\\\/trains\\\/kenya-railways\\\/#primaryimage\",\"url\":\"https:\\\/\\\/tiketi.com\\\/wp-content\\\/uploads\\\/2022\\\/02\\\/train-booking-ice-g5b642a238_1280.jpg\",\"contentUrl\":\"https:\\\/\\\/tiketi.com\\\/wp-content\\\/uploads\\\/2022\\\/02\\\/train-booking-ice-g5b642a238_1280.jpg\",\"width\":1200,\"height\":200,\"caption\":\"Train Ticket Booking\"},{\"@type\":\"BreadcrumbList\",\"@id\":\"https:\\\/\\\/tiketi.com\\\/trains\\\/kenya-railways\\\/#breadcrumb\",\"itemListElement\":[{\"@type\":\"ListItem\",\"position\":1,\"name\":\"Home\",\"item\":\"https:\\\/\\\/tiketi.com\\\/\"},{\"@type\":\"ListItem\",\"position\":2,\"name\":\"Trains\",\"item\":\"https:\\\/\\\/tiketi.com\\\/trains\\\/\"},{\"@type\":\"ListItem\",\"position\":3,\"name\":\"Kenya Railways Online Booking I SGR Madaraka Train Tickets\"}]},{\"@type\":\"WebSite\",\"@id\":\"https:\\\/\\\/tiketi.com\\\/#website\",\"url\":\"https:\\\/\\\/tiketi.com\\\/\",\"name\":\"Flight & Bus Tickets, Tour Packages & Activitites - Tiketi.com\",\"description\":\"Flight &amp; Bus Tickets, Tours, Activitites\",\"publisher\":{\"@id\":\"https:\\\/\\\/tiketi.com\\\/#organization\"},\"potentialAction\":[{\"@type\":\"SearchAction\",\"target\":{\"@type\":\"EntryPoint\",\"urlTemplate\":\"https:\\\/\\\/tiketi.com\\\/?s={search_term_string}\"},\"query-input\":{\"@type\":\"PropertyValueSpecification\",\"valueRequired\":true,\"valueName\":\"search_term_string\"}}],\"inLanguage\":\"fr-FR\"},{\"@type\":\"Organization\",\"@id\":\"https:\\\/\\\/tiketi.com\\\/#organization\",\"name\":\"Tiketi.com\",\"alternateName\":\"Tiketi\",\"url\":\"https:\\\/\\\/tiketi.com\\\/\",\"logo\":{\"@type\":\"ImageObject\",\"inLanguage\":\"fr-FR\",\"@id\":\"https:\\\/\\\/tiketi.com\\\/#\\\/schema\\\/logo\\\/image\\\/\",\"url\":\"https:\\\/\\\/tiketi.com\\\/wp-content\\\/uploads\\\/2019\\\/05\\\/tiketi-logo-696.png\",\"contentUrl\":\"https:\\\/\\\/tiketi.com\\\/wp-content\\\/uploads\\\/2019\\\/05\\\/tiketi-logo-696.png\",\"width\":696,\"height\":696,\"caption\":\"Tiketi.com\"},\"image\":{\"@id\":\"https:\\\/\\\/tiketi.com\\\/#\\\/schema\\\/logo\\\/image\\\/\"},\"sameAs\":[\"https:\\\/\\\/www.facebook.com\\\/TiketiCom\\\/\"]}]}<\/script>\n<!-- \/ Yoast SEO plugin. -->","yoast_head_json":{"title":"Kenya Railways Online Booking I SGR Madaraka Train Tickets","description":"Vous recherchez l&#039;application de r\u00e9servation en ligne de Kenya Railways, des itin\u00e9raires de train, des horaires et des tarifs ? R\u00e9servez d\u00e8s maintenant vos billets Madaraka express en ligne \u00e0 bas prix","robots":{"index":"index","follow":"follow","max-snippet":"max-snippet:-1","max-image-preview":"max-image-preview:large","max-video-preview":"max-video-preview:-1"},"canonical":"https:\/\/tiketi.com\/fr-fr\/trains\/kenya-railways\/","og_locale":"fr_FR","og_type":"article","og_title":"Kenya Railways Online Booking I SGR Madaraka Train Tickets","og_description":"Looking for Kenya Railways online booking app, train routes, schedule, fares? Do cheap Madaraka express tickets online booking now","og_url":"https:\/\/tiketi.com\/fr-fr\/trains\/kenya-railways\/","og_site_name":"Tiketi.com","article_publisher":"https:\/\/www.facebook.com\/TiketiCom\/","article_modified_time":"2025-04-25T15:46:39+00:00","og_image":[{"width":1200,"height":200,"url":"https:\/\/tiketi.com\/wp-content\/uploads\/2022\/02\/train-booking-ice-g5b642a238_1280.jpg","type":"image\/jpeg"}],"twitter_card":"summary_large_image","twitter_misc":{"Dur\u00e9e de lecture estim\u00e9e":"7 minutes"},"schema":{"@context":"https:\/\/schema.org","@graph":[{"@type":"WebPage","@id":"https:\/\/tiketi.com\/trains\/kenya-railways\/","url":"https:\/\/tiketi.com\/trains\/kenya-railways\/","name":"Kenya Railways Online Booking I SGR Madaraka Train Tickets","isPartOf":{"@id":"https:\/\/tiketi.com\/#website"},"primaryImageOfPage":{"@id":"https:\/\/tiketi.com\/trains\/kenya-railways\/#primaryimage"},"image":{"@id":"https:\/\/tiketi.com\/trains\/kenya-railways\/#primaryimage"},"thumbnailUrl":"https:\/\/tiketi.com\/wp-content\/uploads\/2022\/02\/train-booking-ice-g5b642a238_1280.jpg","datePublished":"2022-01-19T11:54:56+00:00","dateModified":"2025-04-25T15:46:39+00:00","description":"Vous recherchez l&#039;application de r\u00e9servation en ligne de Kenya Railways, des itin\u00e9raires de train, des horaires et des tarifs ? R\u00e9servez d\u00e8s maintenant vos billets Madaraka express en ligne \u00e0 bas prix","breadcrumb":{"@id":"https:\/\/tiketi.com\/trains\/kenya-railways\/#breadcrumb"},"inLanguage":"fr-FR","potentialAction":[{"@type":"ReadAction","target":["https:\/\/tiketi.com\/trains\/kenya-railways\/"]}]},{"@type":"ImageObject","inLanguage":"fr-FR","@id":"https:\/\/tiketi.com\/trains\/kenya-railways\/#primaryimage","url":"https:\/\/tiketi.com\/wp-content\/uploads\/2022\/02\/train-booking-ice-g5b642a238_1280.jpg","contentUrl":"https:\/\/tiketi.com\/wp-content\/uploads\/2022\/02\/train-booking-ice-g5b642a238_1280.jpg","width":1200,"height":200,"caption":"Train Ticket Booking"},{"@type":"BreadcrumbList","@id":"https:\/\/tiketi.com\/trains\/kenya-railways\/#breadcrumb","itemListElement":[{"@type":"ListItem","position":1,"name":"Home","item":"https:\/\/tiketi.com\/"},{"@type":"ListItem","position":2,"name":"Trains","item":"https:\/\/tiketi.com\/trains\/"},{"@type":"ListItem","position":3,"name":"Kenya Railways Online Booking I SGR Madaraka Train Tickets"}]},{"@type":"WebSite","@id":"https:\/\/tiketi.com\/#website","url":"https:\/\/tiketi.com\/","name":"Billets d&#039;avion et de bus, forfaits touristiques et activit\u00e9s - Tiketi.com","description":"Billets d&#039;avion et de bus, Tours, Activit\u00e9s","publisher":{"@id":"https:\/\/tiketi.com\/#organization"},"potentialAction":[{"@type":"SearchAction","target":{"@type":"EntryPoint","urlTemplate":"https:\/\/tiketi.com\/?s={search_term_string}"},"query-input":{"@type":"PropertyValueSpecification","valueRequired":true,"valueName":"search_term_string"}}],"inLanguage":"fr-FR"},{"@type":"Organization","@id":"https:\/\/tiketi.com\/#organization","name":"Tiketi.com","alternateName":"Tiketi","url":"https:\/\/tiketi.com\/","logo":{"@type":"ImageObject","inLanguage":"fr-FR","@id":"https:\/\/tiketi.com\/#\/schema\/logo\/image\/","url":"https:\/\/tiketi.com\/wp-content\/uploads\/2019\/05\/tiketi-logo-696.png","contentUrl":"https:\/\/tiketi.com\/wp-content\/uploads\/2019\/05\/tiketi-logo-696.png","width":696,"height":696,"caption":"Tiketi.com"},"image":{"@id":"https:\/\/tiketi.com\/#\/schema\/logo\/image\/"},"sameAs":["https:\/\/www.facebook.com\/TiketiCom\/"]}]}},"_links":{"self":[{"href":"https:\/\/tiketi.com\/fr-fr\/wp-json\/wp\/v2\/pages\/11597","targetHints":{"allow":["GET"]}}],"collection":[{"href":"https:\/\/tiketi.com\/fr-fr\/wp-json\/wp\/v2\/pages"}],"about":[{"href":"https:\/\/tiketi.com\/fr-fr\/wp-json\/wp\/v2\/types\/page"}],"author":[{"embeddable":true,"href":"https:\/\/tiketi.com\/fr-fr\/wp-json\/wp\/v2\/users\/1"}],"replies":[{"embeddable":true,"href":"https:\/\/tiketi.com\/fr-fr\/wp-json\/wp\/v2\/comments?post=11597"}],"version-history":[{"count":2,"href":"https:\/\/tiketi.com\/fr-fr\/wp-json\/wp\/v2\/pages\/11597\/revisions"}],"predecessor-version":[{"id":31396,"href":"https:\/\/tiketi.com\/fr-fr\/wp-json\/wp\/v2\/pages\/11597\/revisions\/31396"}],"up":[{"embeddable":true,"href":"https:\/\/tiketi.com\/fr-fr\/wp-json\/wp\/v2\/pages\/25979"}],"wp:featuredmedia":[{"embeddable":true,"href":"https:\/\/tiketi.com\/fr-fr\/wp-json\/wp\/v2\/media\/20644"}],"wp:attachment":[{"href":"https:\/\/tiketi.com\/fr-fr\/wp-json\/wp\/v2\/media?parent=11597"}],"curies":[{"name":"wp","href":"https:\/\/api.w.org\/{rel}","templated":true}]}}