{"id":11598,"date":"2022-01-19T12:54:56","date_gmt":"2022-01-19T11:54:56","guid":{"rendered":"https:\/\/new.tiketi.com\/oncf-morocco-train-tickets-online-sncf-reservation\/"},"modified":"2022-04-12T16:34:24","modified_gmt":"2022-04-12T15:34:24","slug":"morocco-train-tickets-oncf-ticket-booking","status":"publish","type":"page","link":"https:\/\/tiketi.com\/fr-fr\/morocco-train-tickets-oncf-ticket-booking\/","title":{"rendered":"Billets de train ONCF Maroc en ligne, R\u00e9servation SNCF"},"content":{"rendered":"<h2>R\u00e9servation de billet de train Maroc ONCF \/ TGV<\/h2>\n<h3>R\u00e9servez maintenant vos billet train en ligne Maroc <a href=\"https:\/\/www.oncf-voyages.ma\" target=\"_blank\" rel=\"noopener\">&gt;&gt;<\/a><\/h3>\n<p>Les trains sont les moyens de transport les plus connus au Maroc et il est pr\u00e9f\u00e9rable que la r\u00e9servation de billets de train ONCF Maroc se fasse \u00e0 l'avance. Les billet de train Maroc oncf en ligne ou dans les gares du Maroc sont accessibles dans les grandes villes et sont appel\u00e9s Routes et Rail pass ou r\u00e9servez facilement des billets de train \u00e0 grande vitesse Maroc en ligne et \u00e9conomisez du temps et de l'argent. Mais pour la plupart, voyager en train au Maroc est une exp\u00e9rience parfaite et la gare marocaine est assez simple \u00e0 naviguer.<\/p>\n<h2>FAQ billets de train ONCF Maroc en ligne<\/h2>\n<p>Comment acheter des billets de train au Maroc.<\/p>\n<h3>Voyager en train au Maroc \/ R\u00e9servation de billets TGV en ligne<\/h3>\n<p>Les tarifs des trains sont \u00e0 des prix assez raisonnables et les d\u00e9placements entre les villes du Maroc sont plus simples en train qu&#039;en bus ou en taxi. Le r\u00e9seau ferroviaire qui appartient \u00e0 l&#039;\u00c9tat s&#039;appelle l&#039;ONCF et les trains sont plut\u00f4t relax et bien entretenus. Les gares du Maroc ont des panneaux de d\u00e9tails clairs qui indiquent les heures et le nombre de plates-formes en arabe et en fran\u00e7ais. Les annulations et les retards sont \u00e9galement affich\u00e9s sur les panneaux. Lors du d\u00e9barquement dans l&#039;une des villes, les visiteurs trouveront de nombreux taxis et bus qui attendent \u00e0 la gare pour les transporter plus loin.<\/p>\n<p>Il y a quelques points pour les voyages en train au Maroc, les voyageurs doivent \u00eatre attentifs \u00e0 la culture et \u00e0 l&#039;\u00e9tiquette lorsqu&#039;ils sont dans les trains. Les visiteurs nationaux sont extr\u00eamement amicaux et simples \u00e0 qui parler. Les fumeurs se trouvent g\u00e9n\u00e9ralement dans les couloirs des v\u00e9hicules du train, car c&#039;est le seul endroit du train qui est consid\u00e9r\u00e9 comme un endroit fumeur acceptable. Si les wagons du train n&#039;ont pas de couloirs, les fumeurs devront lutter contre leur envie jusqu&#039;\u00e0 ce qu&#039;ils aient atteint leur place. Les mesures de s\u00e9curit\u00e9 sur les billets de train r\u00e9serv\u00e9s au Maroc sont les m\u00eames que partout dans le monde. Les jolis criminels concentrent \u00e9galement les trains ici, mais si vous \u00eates vigilant et gardez vos bagages et vos biens \u00e0 vos c\u00f4t\u00e9s \u00e0 tout moment, vous ferez un voyage en toute s\u00e9curit\u00e9. Si vous rencontrez des probl\u00e8mes pendant le voyage, le personnel du train et la police des gares seront en mesure de vous aider.<\/p>\n<h3>O\u00f9 acheter des billets de train \u00e0 grande vitesse au Maroc<\/h3>\n<p>Au Maroc, il est simple d'acheter vos billets de train Maroc Railways en personne ou de r\u00e9server un prix billet oncf Maroc. Vous pouvez obtenir des informations sur les prix et les horaires sur le site de l'ONCF, puis dirigez-vous vers la gare la plus proche pour r\u00e9server des billets de train pas chers au Maroc, Casablanca. Assurez-vous d'apporter de l'argent! Vous pourriez \u00eatre en mesure d'utiliser des cartes de cr\u00e9dit, mais n'y comptez pas.<\/p>\n<p>La plupart des lignes de train circulent r\u00e9guli\u00e8rement, il est donc \u00e9trange d&#039;avoir toutes les places assises, mais il est pr\u00e9f\u00e9rable d&#039;acheter les billets Oncf au Maroc \u00e0 l&#039;avance si vous voulez garantir votre place. Les gares sont toujours plac\u00e9es au centre et vous pouvez acheter des billets bullet Tgv au Maroc quelques semaines \u00e0 l&#039;avance.<\/p>\n<h3>R\u00e9servation billet de train oncf tgv classes<\/h3>\n<p>Lorsque vous effectuez une r\u00e9servation de billet de train Maroc oncf, vous devez tenir compte de la classe de billet, qui offre un degr\u00e9 variable d'abordabilit\u00e9 et de d\u00e9tente.<\/p>\n<p><strong>Couchette<\/strong>: Il s&#039;agit de la r\u00e9servation de billets de train au Maroc la plus co\u00fbteuse, de toute fa\u00e7on, elle offre \u00e9galement aux visiteurs le trajet le plus relaxant. Les cabines couchettes sont g\u00e9n\u00e9ralement climatis\u00e9es et offrent un h\u00e9bergement parfait pour les couchettes. Couchette est particuli\u00e8rement conseill\u00e9 si vous voyagez sur de longues distances ou voyagez avec la nuit.<\/p>\n<p><strong>Premi\u00e8re classe<\/strong>: C&#039;est la voie conseill\u00e9e pour voyager en petits circuits. Les si\u00e8ges sont relax et pr\u00e9-assign\u00e9s, et les voitures sont climatis\u00e9es.<\/p>\n<p><strong>Seconde classe<\/strong>: Il s&#039;agit des meilleurs billets de train \u00e0 grande vitesse au Maroc, et offerts selon le principe du premier arriv\u00e9, premier servi.<\/p>\n<h3>Voyager en train en premi\u00e8re classe ou en deuxi\u00e8me classe au Maroc<\/h3>\n<p>Vous trouverez tous les trains au Maroc s\u00e9par\u00e9s en compartiments, avec 6 personnes dans un compartiment de premi\u00e8re classe et 8 personnes dans un compartiment de deuxi\u00e8me classe. Lorsque vous r\u00e9servez pour la premi\u00e8re classe, vous obtiendrez un ensemble particulier r\u00e9serv\u00e9 pour vous. Lorsque vous r\u00e9servez en deuxi\u00e8me classe, vous ne trouverez que le si\u00e8ge libre.<\/p>\n<h3>Billets de train Maroc tarif en ligne<\/h3>\n<p>\u00c9tant donn\u00e9 que les prix sont extr\u00eamement raisonnables, je conseillerais toujours d&#039;opter pour la premi\u00e8re classe. Vous pouvez obtenir un tarif de voyage pour $20 ici. En fait, vous pouvez obtenir un pass de 7 jours pour moins de $100 qui vous emm\u00e8nera partout dans le pays.<\/p>\n<p>Si vous ne voyagez que 2 ou 3 heures, la classe n&#039;est pas vraiment un gros probl\u00e8me. Lorsque vous partez pour la nuit, la premi\u00e8re classe est essentielle. Croyez-moi, il n&#039;y a rien de pire que d&#039;arriver chez vous fatigu\u00e9, affam\u00e9 et en sueur.<\/p>\n<h3>Monter \u00e0 bord du train \u00e0 grande vitesse Oncf Al-Boraq au Maroc<\/h3>\n<p>Une fois que vous avez vos billets de train Maroc en ligne ou depuis une borne de r\u00e9servation, vous pouvez vous rendre sur votre quai de train, qui s&#039;affichera sur un \u00e9cran avec tous les d\u00e9parts pr\u00e9vus. Vous passerez par un contr\u00f4le de s\u00e9curit\u00e9 rapide, puis vous descendrez un escalator jusqu&#039;au quai du train. La premi\u00e8re classe est g\u00e9n\u00e9ralement \u00e0 l&#039;avant ou \u00e0 l&#039;arri\u00e8re du train, les op\u00e9rateurs ferroviaires vous aideront o\u00f9 vous devez aller.<\/p>\n<p>Certains trains ont Casablanca comme point de d\u00e9part, d&#039;autres trains passent. Si Casablanca est le point de d\u00e9part, vous pouvez r\u00e9server des billets de train de Casablanca \u00e0 Tanger \u00e0 l&#039;avance, puis vous pouvez monter dans le train et attendre le d\u00e9part. Si le train passe, vous voulez attendre sur votre droite du quai car lorsque le train arrivera, il sera juste arr\u00eat\u00e9 pendant quelques petites minutes.<\/p>\n<p>Une fois dans votre voiture, v\u00e9rifiez les cabines pour voir o\u00f9 se trouve votre si\u00e8ge. Nous avons constat\u00e9 que les gens s&#039;asseyent g\u00e9n\u00e9ralement dans leur si\u00e8ge assign\u00e9, mais, par exemple, les si\u00e8ges 22 et 23 seront l&#039;un en face de l&#039;autre, ce qui est parfait si vous voyagez en couple, afin que les gens se r\u00e9organisent au besoin.<br \/>\nApr\u00e8s cela, la navigation est assez fluide. Les trains eux-m\u00eames sont calmes, propres et climatis\u00e9s. Le train peut faire quelques arr\u00eats sur le chemin de votre place.<\/p>\n<h3>Nourriture pendant les voyages en train au Maroc<\/h3>\n<p>Un chariot de rafra\u00eechissements passe par le train et sert des sandwichs, des boissons et des collations. Si vous voyagez pendant le Ramadan, de toute fa\u00e7on, apportez votre propre approvisionnement en nourriture. Ne restez pas coinc\u00e9 pendant le trajet en train de sept heures entre F\u00e8s et Marrakech avec seulement une demi-bouteille d&#039;eau et aucune collation ou aucun chariot de nourriture \u00e0 trouver. Les trains ne s&#039;arr\u00eatent vraiment pas assez longtemps dans les gares pour sortir et acheter quelque chose.<br \/>\nGares c\u00e9l\u00e8bres au Maroc<\/p>\n<p>Il est essentiel de vous assurer que vous connaissez le syst\u00e8me de voyage et les itin\u00e9raires dans la ville que vous visitez. La plupart des villes ont une gare principale et une ou deux petites gares. Marrakech a une grande gare alors que Casablanca en a deux. Les gares cl\u00e9s de Casablanca sont Casa Voyageurs et la petite gare de Casa Port n&#039;a pas beaucoup de trafic ferroviaire. L&#039;a\u00e9roport Mohammed V du pays poss\u00e8de sa propre gare souterraine qui peut transporter les visiteurs jusqu&#039;\u00e0 leur destination ou relier des destinations.<\/p>\n<h2>Station Casa Voyageurs<\/h2>\n<p>En tant que gare ferroviaire cl\u00e9 de Casablanca, Casablanca, les gares de Casa Voyageurs relient Casablanca \u00e0 de nombreux endroits au Maroc, notamment Marrakech, Rabat, Tanger, F\u00e8s, Mekn\u00e8s et El Jadida. Avec sa haute tour de l&#039;horloge s&#039;\u00e9levant au-dessus de l&#039;entr\u00e9e, la gare est facile \u00e0 trouver pour les voyageurs, o\u00f9 ils peuvent \u00eatre s\u00fbrs d&#039;un transport efficace et s\u00fbr en train jusqu&#039;\u00e0 l&#039;endroit de leur choix.<\/p>\n<h2>Gare de Casa-Port<\/h2>\n<p>La plus petite des gares de Casablanca 2, la gare de Casa Port est situ\u00e9e \u00e0 proximit\u00e9 du port de la ville et dessert principalement les trains de passagers voyageant vers Casablanca depuis la ville de K\u00e9nitra. Les trains voyagent de Casa Port aux principales gares de Casa Voyageurs, Casablanca, et de l\u00e0 \u00e0 de nombreux autres endroits.<\/p>\n<h2>Gare de Marrakech<\/h2>\n<p>Avec ses b\u00e2timents blancs brillants en contraste avec les montagnes de l&#039;Atlas en toile de fond, la gare de Marrakech est un point de rep\u00e8re simple \u00e0 trouver.<\/p>","protected":false},"excerpt":{"rendered":"<p>TGV ONCF Train Ticket Booking Morocco Book Morocco high-speed train tickets now &gt;&gt; Trains are the most famous forms of transportation in Morocco and it is best that ONCF train ticket booking Morocco is done in advance. ONCF Morocco train tickets online or at train stations in Morocco are accessible in the bigger cities and [&hellip;]<\/p>\n","protected":false},"author":1,"featured_media":20644,"parent":0,"menu_order":0,"comment_status":"open","ping_status":"closed","template":"template-home-modern.php","meta":{"footnotes":""},"class_list":["post-11598","page","type-page","status-publish","has-post-thumbnail","hentry"],"yoast_head":"<!-- This site is optimized with the Yoast SEO plugin v27.2 - https:\/\/yoast.com\/product\/yoast-seo-wordpress\/ -->\n<title>ONCF Morocco Train Tickets Online, SNCF Reservation<\/title>\n<meta name=\"description\" content=\"Looking for SNCF train travel in Morocco and book Morocco train tickets online? Do ONCF train ticket booking Morocco online and reserve your Morocco high-speed train tickets now\" \/>\n<meta name=\"robots\" content=\"index, follow, max-snippet:-1, max-image-preview:large, max-video-preview:-1\" \/>\n<link rel=\"canonical\" href=\"https:\/\/tiketi.com\/fr-fr\/morocco-train-tickets-oncf-ticket-booking\/\" \/>\n<meta property=\"og:locale\" content=\"fr_FR\" \/>\n<meta property=\"og:type\" content=\"article\" \/>\n<meta property=\"og:title\" content=\"ONCF Morocco Train Tickets Online, SNCF Reservation\" \/>\n<meta property=\"og:description\" content=\"Looking for SNCF train travel in Morocco and book Morocco train tickets online? Do ONCF train ticket booking Morocco online and reserve your Morocco high-speed train tickets now\" \/>\n<meta property=\"og:url\" content=\"https:\/\/tiketi.com\/fr-fr\/morocco-train-tickets-oncf-ticket-booking\/\" \/>\n<meta property=\"og:site_name\" content=\"Tiketi.com\" \/>\n<meta property=\"article:publisher\" content=\"https:\/\/www.facebook.com\/TiketiCom\/\" \/>\n<meta property=\"article:modified_time\" content=\"2022-04-12T15:34:24+00:00\" \/>\n<meta property=\"og:image\" content=\"https:\/\/tiketi.com\/wp-content\/uploads\/2022\/02\/train-booking-ice-g5b642a238_1280.jpg\" \/>\n\t<meta property=\"og:image:width\" content=\"1200\" \/>\n\t<meta property=\"og:image:height\" content=\"200\" \/>\n\t<meta property=\"og:image:type\" content=\"image\/jpeg\" \/>\n<meta name=\"twitter:card\" content=\"summary_large_image\" \/>\n<meta name=\"twitter:label1\" content=\"Dur\u00e9e de lecture estim\u00e9e\" \/>\n\t<meta name=\"twitter:data1\" content=\"6 minutes\" \/>\n<script type=\"application\/ld+json\" class=\"yoast-schema-graph\">{\"@context\":\"https:\/\/schema.org\",\"@graph\":[{\"@type\":\"WebPage\",\"@id\":\"https:\/\/tiketi.com\/morocco-train-tickets-oncf-ticket-booking\/\",\"url\":\"https:\/\/tiketi.com\/morocco-train-tickets-oncf-ticket-booking\/\",\"name\":\"ONCF Morocco Train Tickets Online, SNCF Reservation\",\"isPartOf\":{\"@id\":\"https:\/\/tiketi.com\/#website\"},\"primaryImageOfPage\":{\"@id\":\"https:\/\/tiketi.com\/morocco-train-tickets-oncf-ticket-booking\/#primaryimage\"},\"image\":{\"@id\":\"https:\/\/tiketi.com\/morocco-train-tickets-oncf-ticket-booking\/#primaryimage\"},\"thumbnailUrl\":\"https:\/\/tiketi.com\/wp-content\/uploads\/2022\/02\/train-booking-ice-g5b642a238_1280.jpg\",\"datePublished\":\"2022-01-19T11:54:56+00:00\",\"dateModified\":\"2022-04-12T15:34:24+00:00\",\"description\":\"Looking for SNCF train travel in Morocco and book Morocco train tickets online? Do ONCF train ticket booking Morocco online and reserve your Morocco high-speed train tickets now\",\"breadcrumb\":{\"@id\":\"https:\/\/tiketi.com\/morocco-train-tickets-oncf-ticket-booking\/#breadcrumb\"},\"inLanguage\":\"fr-FR\",\"potentialAction\":[{\"@type\":\"ReadAction\",\"target\":[\"https:\/\/tiketi.com\/morocco-train-tickets-oncf-ticket-booking\/\"]}]},{\"@type\":\"ImageObject\",\"inLanguage\":\"fr-FR\",\"@id\":\"https:\/\/tiketi.com\/morocco-train-tickets-oncf-ticket-booking\/#primaryimage\",\"url\":\"https:\/\/tiketi.com\/wp-content\/uploads\/2022\/02\/train-booking-ice-g5b642a238_1280.jpg\",\"contentUrl\":\"https:\/\/tiketi.com\/wp-content\/uploads\/2022\/02\/train-booking-ice-g5b642a238_1280.jpg\",\"width\":1200,\"height\":200,\"caption\":\"Train Ticket Booking\"},{\"@type\":\"BreadcrumbList\",\"@id\":\"https:\/\/tiketi.com\/morocco-train-tickets-oncf-ticket-booking\/#breadcrumb\",\"itemListElement\":[{\"@type\":\"ListItem\",\"position\":1,\"name\":\"Home\",\"item\":\"https:\/\/tiketi.com\/\"},{\"@type\":\"ListItem\",\"position\":2,\"name\":\"ONCF Morocco Train Tickets Online, SNCF Reservation\"}]},{\"@type\":\"WebSite\",\"@id\":\"https:\/\/tiketi.com\/#website\",\"url\":\"https:\/\/tiketi.com\/\",\"name\":\"Flight & Bus Tickets, Tour Packages & Activitites - Tiketi.com\",\"description\":\"Flight &amp; Bus Tickets, Tours, Activitites\",\"publisher\":{\"@id\":\"https:\/\/tiketi.com\/#organization\"},\"potentialAction\":[{\"@type\":\"SearchAction\",\"target\":{\"@type\":\"EntryPoint\",\"urlTemplate\":\"https:\/\/tiketi.com\/?s={search_term_string}\"},\"query-input\":{\"@type\":\"PropertyValueSpecification\",\"valueRequired\":true,\"valueName\":\"search_term_string\"}}],\"inLanguage\":\"fr-FR\"},{\"@type\":\"Organization\",\"@id\":\"https:\/\/tiketi.com\/#organization\",\"name\":\"Tiketi.com\",\"alternateName\":\"Tiketi\",\"url\":\"https:\/\/tiketi.com\/\",\"logo\":{\"@type\":\"ImageObject\",\"inLanguage\":\"fr-FR\",\"@id\":\"https:\/\/tiketi.com\/#\/schema\/logo\/image\/\",\"url\":\"https:\/\/tiketi.com\/wp-content\/uploads\/2019\/05\/tiketi-logo-696.png\",\"contentUrl\":\"https:\/\/tiketi.com\/wp-content\/uploads\/2019\/05\/tiketi-logo-696.png\",\"width\":696,\"height\":696,\"caption\":\"Tiketi.com\"},\"image\":{\"@id\":\"https:\/\/tiketi.com\/#\/schema\/logo\/image\/\"},\"sameAs\":[\"https:\/\/www.facebook.com\/TiketiCom\/\"]}]}<\/script>\n<!-- \/ Yoast SEO plugin. -->","yoast_head_json":{"title":"Billets de train ONCF Maroc en ligne, R\u00e9servation SNCF","description":"Vous recherchez un voyage en train SNCF au Maroc et r\u00e9servez des billet de train Maroc oncf en ligne ? Faites la r\u00e9servation de billets de train ONCF Maroc en ligne et r\u00e9servez d\u00e8s maintenant vos billets de train \u00e0 grande vitesse Maroc","robots":{"index":"index","follow":"follow","max-snippet":"max-snippet:-1","max-image-preview":"max-image-preview:large","max-video-preview":"max-video-preview:-1"},"canonical":"https:\/\/tiketi.com\/fr-fr\/morocco-train-tickets-oncf-ticket-booking\/","og_locale":"fr_FR","og_type":"article","og_title":"ONCF Morocco Train Tickets Online, SNCF Reservation","og_description":"Looking for SNCF train travel in Morocco and book Morocco train tickets online? Do ONCF train ticket booking Morocco online and reserve your Morocco high-speed train tickets now","og_url":"https:\/\/tiketi.com\/fr-fr\/morocco-train-tickets-oncf-ticket-booking\/","og_site_name":"Tiketi.com","article_publisher":"https:\/\/www.facebook.com\/TiketiCom\/","article_modified_time":"2022-04-12T15:34:24+00:00","og_image":[{"width":1200,"height":200,"url":"https:\/\/tiketi.com\/wp-content\/uploads\/2022\/02\/train-booking-ice-g5b642a238_1280.jpg","type":"image\/jpeg"}],"twitter_card":"summary_large_image","twitter_misc":{"Dur\u00e9e de lecture estim\u00e9e":"6 minutes"},"schema":{"@context":"https:\/\/schema.org","@graph":[{"@type":"WebPage","@id":"https:\/\/tiketi.com\/morocco-train-tickets-oncf-ticket-booking\/","url":"https:\/\/tiketi.com\/morocco-train-tickets-oncf-ticket-booking\/","name":"Billets de train ONCF Maroc en ligne, R\u00e9servation SNCF","isPartOf":{"@id":"https:\/\/tiketi.com\/#website"},"primaryImageOfPage":{"@id":"https:\/\/tiketi.com\/morocco-train-tickets-oncf-ticket-booking\/#primaryimage"},"image":{"@id":"https:\/\/tiketi.com\/morocco-train-tickets-oncf-ticket-booking\/#primaryimage"},"thumbnailUrl":"https:\/\/tiketi.com\/wp-content\/uploads\/2022\/02\/train-booking-ice-g5b642a238_1280.jpg","datePublished":"2022-01-19T11:54:56+00:00","dateModified":"2022-04-12T15:34:24+00:00","description":"Vous recherchez un voyage en train SNCF au Maroc et r\u00e9servez des billet de train Maroc oncf en ligne ? Faites la r\u00e9servation de billets de train ONCF Maroc en ligne et r\u00e9servez d\u00e8s maintenant vos billets de train \u00e0 grande vitesse Maroc","breadcrumb":{"@id":"https:\/\/tiketi.com\/morocco-train-tickets-oncf-ticket-booking\/#breadcrumb"},"inLanguage":"fr-FR","potentialAction":[{"@type":"ReadAction","target":["https:\/\/tiketi.com\/morocco-train-tickets-oncf-ticket-booking\/"]}]},{"@type":"ImageObject","inLanguage":"fr-FR","@id":"https:\/\/tiketi.com\/morocco-train-tickets-oncf-ticket-booking\/#primaryimage","url":"https:\/\/tiketi.com\/wp-content\/uploads\/2022\/02\/train-booking-ice-g5b642a238_1280.jpg","contentUrl":"https:\/\/tiketi.com\/wp-content\/uploads\/2022\/02\/train-booking-ice-g5b642a238_1280.jpg","width":1200,"height":200,"caption":"Train Ticket Booking"},{"@type":"BreadcrumbList","@id":"https:\/\/tiketi.com\/morocco-train-tickets-oncf-ticket-booking\/#breadcrumb","itemListElement":[{"@type":"ListItem","position":1,"name":"Home","item":"https:\/\/tiketi.com\/"},{"@type":"ListItem","position":2,"name":"ONCF Morocco Train Tickets Online, SNCF Reservation"}]},{"@type":"WebSite","@id":"https:\/\/tiketi.com\/#website","url":"https:\/\/tiketi.com\/","name":"Billets d&#039;avion et de bus, forfaits touristiques et activit\u00e9s - Tiketi.com","description":"Billets d&#039;avion et de bus, Tours, Activit\u00e9s","publisher":{"@id":"https:\/\/tiketi.com\/#organization"},"potentialAction":[{"@type":"SearchAction","target":{"@type":"EntryPoint","urlTemplate":"https:\/\/tiketi.com\/?s={search_term_string}"},"query-input":{"@type":"PropertyValueSpecification","valueRequired":true,"valueName":"search_term_string"}}],"inLanguage":"fr-FR"},{"@type":"Organization","@id":"https:\/\/tiketi.com\/#organization","name":"Tiketi.com","alternateName":"Tiketi","url":"https:\/\/tiketi.com\/","logo":{"@type":"ImageObject","inLanguage":"fr-FR","@id":"https:\/\/tiketi.com\/#\/schema\/logo\/image\/","url":"https:\/\/tiketi.com\/wp-content\/uploads\/2019\/05\/tiketi-logo-696.png","contentUrl":"https:\/\/tiketi.com\/wp-content\/uploads\/2019\/05\/tiketi-logo-696.png","width":696,"height":696,"caption":"Tiketi.com"},"image":{"@id":"https:\/\/tiketi.com\/#\/schema\/logo\/image\/"},"sameAs":["https:\/\/www.facebook.com\/TiketiCom\/"]}]}},"_links":{"self":[{"href":"https:\/\/tiketi.com\/fr-fr\/wp-json\/wp\/v2\/pages\/11598","targetHints":{"allow":["GET"]}}],"collection":[{"href":"https:\/\/tiketi.com\/fr-fr\/wp-json\/wp\/v2\/pages"}],"about":[{"href":"https:\/\/tiketi.com\/fr-fr\/wp-json\/wp\/v2\/types\/page"}],"author":[{"embeddable":true,"href":"https:\/\/tiketi.com\/fr-fr\/wp-json\/wp\/v2\/users\/1"}],"replies":[{"embeddable":true,"href":"https:\/\/tiketi.com\/fr-fr\/wp-json\/wp\/v2\/comments?post=11598"}],"version-history":[{"count":0,"href":"https:\/\/tiketi.com\/fr-fr\/wp-json\/wp\/v2\/pages\/11598\/revisions"}],"wp:featuredmedia":[{"embeddable":true,"href":"https:\/\/tiketi.com\/fr-fr\/wp-json\/wp\/v2\/media\/20644"}],"wp:attachment":[{"href":"https:\/\/tiketi.com\/fr-fr\/wp-json\/wp\/v2\/media?parent=11598"}],"curies":[{"name":"wp","href":"https:\/\/api.w.org\/{rel}","templated":true}]}}