{"id":11599,"date":"2022-01-19T12:54:56","date_gmt":"2022-01-19T11:54:56","guid":{"rendered":"https:\/\/new.tiketi.com\/cheap-flights-from-cairo-to-hurghada\/"},"modified":"2022-02-07T13:03:06","modified_gmt":"2022-02-07T12:03:06","slug":"cheap-flights-from-cairo-to-hurghada-cai-hrg","status":"publish","type":"page","link":"https:\/\/tiketi.com\/fr-fr\/cheap-flights-from-cairo-to-hurghada-cai-hrg\/","title":{"rendered":"Vols \u00e0 bas prix de Le Caire \u00e0 Hurghada"},"content":{"rendered":"<h2>Vous recherchez un billet d&#039;avion pas cher Le Caire vers Hurghada ou des offres de derni\u00e8re minute ?<\/h2>\n<h3>Recherchez, comparez et r\u00e9servez en ligne maintenant un billet d&#039;avion pas cher entre Le Caire (CAI) et Hurghada (HRG).<\/h3>\n<p>Comparez et r\u00e9servez en ligne vos vols pas chers de Le Caire \u00e0 Hurghada. Hurghada est la station baln\u00e9aire la plus populaire et la plus ancienne d&#039;\u00c9gypte. Au large se trouve le monde color\u00e9 et merveilleux de la vie des coraux et des poissons de la mer Rouge qui a d&#039;abord attir\u00e9 l&#039;attention internationale sur Hurghada, tandis que de retour sur le terrain, l&#039;ancienne petite colonie de p\u00eacheurs s&#039;est transform\u00e9e en une ville de vill\u00e9giature ouvertement tourn\u00e9e vers le tourisme. Vous pouvez visiter Hurghada gr\u00e2ce \u00e0 des offres exceptionnelles sur les vols du Caire \u00e0 Hurghada au prix le moins cher - obtenez des offres exceptionnelles sur votre billet d&#039;avion du Caire \u00e0 Hurghada en ligne. N&#039;h\u00e9sitez plus et profitez d\u00e8s maintenant d&#039;offres incroyables sur les billets d&#039;avion depuis Le Caire vers Hurghada.<\/p>\n<h3>Voici quelques-unes des meilleures attractions d&#039;Hurghada\u00a0:<\/h3>\n<h3>\u00celes Giftoun<\/h3>\n<p>Les \u00eeles Giftoun sont l&#039;une des excursions en bateau les plus populaires d&#039;Hurghada, avec une bande de sable blanc de choix pour absorber les rayons et de nombreuses possibilit\u00e9s de plong\u00e9e en apn\u00e9e. Pour ceux qui ne sont pas amateurs de plong\u00e9e sous-marine, les r\u00e9cifs coralliens facilement accessibles entourant le rivage de l&#039;\u00eele sont un avant-go\u00fbt incroyable de la beaut\u00e9 de la mer Rouge. En faisant de la plong\u00e9e avec tuba ou m\u00eame simplement en pataugeant pr\u00e8s du rivage, vous pouvez apercevoir de nombreux poissons se faufilant dans l&#039;eau claire.<\/p>\n<h3>Port de plaisance d&#039;Hurgahda<\/h3>\n<p>Hurghada Marine est un ajout plut\u00f4t chic et nouveau \u00e0 la zone centrale de Sigala et au grand restaurant de la ville. Au coucher du soleil, c&#039;est l&#039;endroit id\u00e9al pour se promener tout en profitant de la derni\u00e8re soir\u00e9e avant de se rendre dans l&#039;un des nombreux restaurants et caf\u00e9s. D\u00eener avec vue sur les yachts et la mer Rouge qui s&#039;\u00e9tend \u00e0 l&#039;horizon est imbattable.<\/p>\n<h2>FAQ sur les vols pas chers de Le Caire \u00e0 Hurghada<\/h2>\n<h3>Quelle est la distance entre Hurghada et Le Caire ?<\/h3>\n<p>Les vols Hurghada depuis le Caire sont \u00e0 400 kilom\u00e8tres.<\/p>\n<h3>Combien de temps dure le vol pas cher Le Caire Hurghada ?<\/h3>\n<p>La dur\u00e9e moyenne d&#039;un vol entre Le Caire et Hurghada est d&#039;une heure et quatre minutes.<\/p>\n<h3>Quelle est la fr\u00e9quence des vols directs Le Caire-Hurghada ?<\/h3>\n<p>Il y a trente-huit vols directs du Caire \u00e0 Hurghada.<\/p>\n<h3>Quelles sont les compagnies a\u00e9riennes les plus c\u00e9l\u00e8bres du Caire pour les vols directs Le Caire - Hurghada ?<\/h3>\n<p>Egypt Air propose 76% des vols sans escale du Caire \u00e0 Hurghada.<\/p>\n<h3>Quel est le meilleur moment pour r\u00e9server un billet d&#039;avion pas cher de Le Caire vers Hurghada ?<\/h3>\n<p>G\u00e9n\u00e9ralement, le meilleur moment pour r\u00e9server un billet d&#039;avion pas cher de Le Caire \u00e0 Hurghada est 2 mois \u00e0 l&#039;avance. Et les jours abordables pour voler sont le mercredi, le mardi et le samedi. Le dimanche est le plus cher.<\/p>\n<h2>Conseils sur les vols entre Le Caire et Hurghada<\/h2>\n<p>\u2022 Le Caire est \u00e0 400 kilom\u00e8tres d&#039;Hurghada.<\/p>\n<p>\u2022 Il y a sept vols quotidiens du Caire \u00e0 Hurghada.<\/p>\n<p>\u2022 Il y a quatorze vols hebdomadaires les moins chers du Caire \u00e0 Hurghada.<\/p>\n<p>\u2022 Dix vols sans escale op\u00e8rent du Caire \u00e0 Hurghada.<\/p>\n<p>\u2022 Egyptair propose le plus de vols sans escale entre Hurgahda et Le Caire.<\/p>\n<p>\u2022 Istanbul -Istanbul est le lien le plus c\u00e9l\u00e8bre pour les vols \u00e0 escale entre Hurgahda et Le Caire.<\/p>","protected":false},"excerpt":{"rendered":"<p>Looking for cheap airline ticket from Cairo to Hurghada\u00a0or last minute deals? Search, compare and book cheap airline ticket from Cairo (CAI) to Hurghada (HRG) online now. Compare and book your cheap flights from Cairo to Hurghada online. Hurghada is Egypt most popular and oldest resort. Offshore is the colorful and wonderful Red Sea world [&hellip;]<\/p>\n","protected":false},"author":1,"featured_media":14041,"parent":0,"menu_order":0,"comment_status":"open","ping_status":"closed","template":"template-home-modern.php","meta":{"footnotes":""},"class_list":["post-11599","page","type-page","status-publish","has-post-thumbnail","hentry"],"yoast_head":"<!-- This site is optimized with the Yoast SEO plugin v27.2 - https:\/\/yoast.com\/product\/yoast-seo-wordpress\/ -->\n<title>Cheap Flights from Cairo to Hurghada<\/title>\n<meta name=\"description\" content=\"Looking for cheap flights from\u00a0Accra to Kumasi? Search, compare and book cheap airline ticket from Abuja to Lagos online now\" \/>\n<meta name=\"robots\" content=\"index, follow, max-snippet:-1, max-image-preview:large, max-video-preview:-1\" \/>\n<link rel=\"canonical\" href=\"https:\/\/tiketi.com\/fr-fr\/cheap-flights-from-cairo-to-hurghada-cai-hrg\/\" \/>\n<meta property=\"og:locale\" content=\"fr_FR\" \/>\n<meta property=\"og:type\" content=\"article\" \/>\n<meta property=\"og:title\" content=\"Cheap Flights from Cairo to Hurghada\" \/>\n<meta property=\"og:description\" content=\"Looking for cheap flights from\u00a0Accra to Kumasi? Search, compare and book cheap airline ticket from Abuja to Lagos online now\" \/>\n<meta property=\"og:url\" content=\"https:\/\/tiketi.com\/fr-fr\/cheap-flights-from-cairo-to-hurghada-cai-hrg\/\" \/>\n<meta property=\"og:site_name\" content=\"Tiketi.com\" \/>\n<meta property=\"article:publisher\" content=\"https:\/\/www.facebook.com\/TiketiCom\/\" \/>\n<meta property=\"article:modified_time\" content=\"2022-02-07T12:03:06+00:00\" \/>\n<meta property=\"og:image\" content=\"https:\/\/tiketi.com\/wp-content\/uploads\/2022\/01\/flight-ticket-booking-sorasak-KxCJXXGsv9I-unsplas.jpg\" \/>\n\t<meta property=\"og:image:width\" content=\"1200\" \/>\n\t<meta property=\"og:image:height\" content=\"240\" \/>\n\t<meta property=\"og:image:type\" content=\"image\/jpeg\" \/>\n<meta name=\"twitter:card\" content=\"summary_large_image\" \/>\n<meta name=\"twitter:label1\" content=\"Dur\u00e9e de lecture estim\u00e9e\" \/>\n\t<meta name=\"twitter:data1\" content=\"3 minutes\" \/>\n<script type=\"application\/ld+json\" class=\"yoast-schema-graph\">{\"@context\":\"https:\/\/schema.org\",\"@graph\":[{\"@type\":\"WebPage\",\"@id\":\"https:\/\/tiketi.com\/cheap-flights-from-cairo-to-hurghada-cai-hrg\/\",\"url\":\"https:\/\/tiketi.com\/cheap-flights-from-cairo-to-hurghada-cai-hrg\/\",\"name\":\"Cheap Flights from Cairo to Hurghada\",\"isPartOf\":{\"@id\":\"https:\/\/tiketi.com\/#website\"},\"primaryImageOfPage\":{\"@id\":\"https:\/\/tiketi.com\/cheap-flights-from-cairo-to-hurghada-cai-hrg\/#primaryimage\"},\"image\":{\"@id\":\"https:\/\/tiketi.com\/cheap-flights-from-cairo-to-hurghada-cai-hrg\/#primaryimage\"},\"thumbnailUrl\":\"https:\/\/tiketi.com\/wp-content\/uploads\/2022\/01\/flight-ticket-booking-sorasak-KxCJXXGsv9I-unsplas.jpg\",\"datePublished\":\"2022-01-19T11:54:56+00:00\",\"dateModified\":\"2022-02-07T12:03:06+00:00\",\"description\":\"Looking for cheap flights from\u00a0Accra to Kumasi? Search, compare and book cheap airline ticket from Abuja to Lagos online now\",\"breadcrumb\":{\"@id\":\"https:\/\/tiketi.com\/cheap-flights-from-cairo-to-hurghada-cai-hrg\/#breadcrumb\"},\"inLanguage\":\"fr-FR\",\"potentialAction\":[{\"@type\":\"ReadAction\",\"target\":[\"https:\/\/tiketi.com\/cheap-flights-from-cairo-to-hurghada-cai-hrg\/\"]}]},{\"@type\":\"ImageObject\",\"inLanguage\":\"fr-FR\",\"@id\":\"https:\/\/tiketi.com\/cheap-flights-from-cairo-to-hurghada-cai-hrg\/#primaryimage\",\"url\":\"https:\/\/tiketi.com\/wp-content\/uploads\/2022\/01\/flight-ticket-booking-sorasak-KxCJXXGsv9I-unsplas.jpg\",\"contentUrl\":\"https:\/\/tiketi.com\/wp-content\/uploads\/2022\/01\/flight-ticket-booking-sorasak-KxCJXXGsv9I-unsplas.jpg\",\"width\":1200,\"height\":240,\"caption\":\"Online flight ticket booking\"},{\"@type\":\"BreadcrumbList\",\"@id\":\"https:\/\/tiketi.com\/cheap-flights-from-cairo-to-hurghada-cai-hrg\/#breadcrumb\",\"itemListElement\":[{\"@type\":\"ListItem\",\"position\":1,\"name\":\"Home\",\"item\":\"https:\/\/tiketi.com\/\"},{\"@type\":\"ListItem\",\"position\":2,\"name\":\"Cheap Flights from Cairo to Hurghada\"}]},{\"@type\":\"WebSite\",\"@id\":\"https:\/\/tiketi.com\/#website\",\"url\":\"https:\/\/tiketi.com\/\",\"name\":\"Flight & Bus Tickets, Tour Packages & Activitites - Tiketi.com\",\"description\":\"Flight &amp; Bus Tickets, Tours, Activitites\",\"publisher\":{\"@id\":\"https:\/\/tiketi.com\/#organization\"},\"potentialAction\":[{\"@type\":\"SearchAction\",\"target\":{\"@type\":\"EntryPoint\",\"urlTemplate\":\"https:\/\/tiketi.com\/?s={search_term_string}\"},\"query-input\":{\"@type\":\"PropertyValueSpecification\",\"valueRequired\":true,\"valueName\":\"search_term_string\"}}],\"inLanguage\":\"fr-FR\"},{\"@type\":\"Organization\",\"@id\":\"https:\/\/tiketi.com\/#organization\",\"name\":\"Tiketi.com\",\"alternateName\":\"Tiketi\",\"url\":\"https:\/\/tiketi.com\/\",\"logo\":{\"@type\":\"ImageObject\",\"inLanguage\":\"fr-FR\",\"@id\":\"https:\/\/tiketi.com\/#\/schema\/logo\/image\/\",\"url\":\"https:\/\/tiketi.com\/wp-content\/uploads\/2019\/05\/tiketi-logo-696.png\",\"contentUrl\":\"https:\/\/tiketi.com\/wp-content\/uploads\/2019\/05\/tiketi-logo-696.png\",\"width\":696,\"height\":696,\"caption\":\"Tiketi.com\"},\"image\":{\"@id\":\"https:\/\/tiketi.com\/#\/schema\/logo\/image\/\"},\"sameAs\":[\"https:\/\/www.facebook.com\/TiketiCom\/\"]}]}<\/script>\n<!-- \/ Yoast SEO plugin. -->","yoast_head_json":{"title":"Vols \u00e0 bas prix de Le Caire \u00e0 Hurghada","description":"Vous recherchez des vols \u00e0 bas prix de Accra \u00e0 Kumasi ? Recherchez, comparez et r\u00e9servez en ligne maintenant un billet d&#039;avion pas cher de Abuja \u00e0 Lagos","robots":{"index":"index","follow":"follow","max-snippet":"max-snippet:-1","max-image-preview":"max-image-preview:large","max-video-preview":"max-video-preview:-1"},"canonical":"https:\/\/tiketi.com\/fr-fr\/cheap-flights-from-cairo-to-hurghada-cai-hrg\/","og_locale":"fr_FR","og_type":"article","og_title":"Cheap Flights from Cairo to Hurghada","og_description":"Looking for cheap flights from\u00a0Accra to Kumasi? Search, compare and book cheap airline ticket from Abuja to Lagos online now","og_url":"https:\/\/tiketi.com\/fr-fr\/cheap-flights-from-cairo-to-hurghada-cai-hrg\/","og_site_name":"Tiketi.com","article_publisher":"https:\/\/www.facebook.com\/TiketiCom\/","article_modified_time":"2022-02-07T12:03:06+00:00","og_image":[{"width":1200,"height":240,"url":"https:\/\/tiketi.com\/wp-content\/uploads\/2022\/01\/flight-ticket-booking-sorasak-KxCJXXGsv9I-unsplas.jpg","type":"image\/jpeg"}],"twitter_card":"summary_large_image","twitter_misc":{"Dur\u00e9e de lecture estim\u00e9e":"3 minutes"},"schema":{"@context":"https:\/\/schema.org","@graph":[{"@type":"WebPage","@id":"https:\/\/tiketi.com\/cheap-flights-from-cairo-to-hurghada-cai-hrg\/","url":"https:\/\/tiketi.com\/cheap-flights-from-cairo-to-hurghada-cai-hrg\/","name":"Vols \u00e0 bas prix de Le Caire \u00e0 Hurghada","isPartOf":{"@id":"https:\/\/tiketi.com\/#website"},"primaryImageOfPage":{"@id":"https:\/\/tiketi.com\/cheap-flights-from-cairo-to-hurghada-cai-hrg\/#primaryimage"},"image":{"@id":"https:\/\/tiketi.com\/cheap-flights-from-cairo-to-hurghada-cai-hrg\/#primaryimage"},"thumbnailUrl":"https:\/\/tiketi.com\/wp-content\/uploads\/2022\/01\/flight-ticket-booking-sorasak-KxCJXXGsv9I-unsplas.jpg","datePublished":"2022-01-19T11:54:56+00:00","dateModified":"2022-02-07T12:03:06+00:00","description":"Vous recherchez des vols \u00e0 bas prix de Accra \u00e0 Kumasi ? Recherchez, comparez et r\u00e9servez en ligne maintenant un billet d&#039;avion pas cher de Abuja \u00e0 Lagos","breadcrumb":{"@id":"https:\/\/tiketi.com\/cheap-flights-from-cairo-to-hurghada-cai-hrg\/#breadcrumb"},"inLanguage":"fr-FR","potentialAction":[{"@type":"ReadAction","target":["https:\/\/tiketi.com\/cheap-flights-from-cairo-to-hurghada-cai-hrg\/"]}]},{"@type":"ImageObject","inLanguage":"fr-FR","@id":"https:\/\/tiketi.com\/cheap-flights-from-cairo-to-hurghada-cai-hrg\/#primaryimage","url":"https:\/\/tiketi.com\/wp-content\/uploads\/2022\/01\/flight-ticket-booking-sorasak-KxCJXXGsv9I-unsplas.jpg","contentUrl":"https:\/\/tiketi.com\/wp-content\/uploads\/2022\/01\/flight-ticket-booking-sorasak-KxCJXXGsv9I-unsplas.jpg","width":1200,"height":240,"caption":"Online flight ticket booking"},{"@type":"BreadcrumbList","@id":"https:\/\/tiketi.com\/cheap-flights-from-cairo-to-hurghada-cai-hrg\/#breadcrumb","itemListElement":[{"@type":"ListItem","position":1,"name":"Home","item":"https:\/\/tiketi.com\/"},{"@type":"ListItem","position":2,"name":"Cheap Flights from Cairo to Hurghada"}]},{"@type":"WebSite","@id":"https:\/\/tiketi.com\/#website","url":"https:\/\/tiketi.com\/","name":"Billets d&#039;avion et de bus, forfaits touristiques et activit\u00e9s - Tiketi.com","description":"Billets d&#039;avion et de bus, Tours, Activit\u00e9s","publisher":{"@id":"https:\/\/tiketi.com\/#organization"},"potentialAction":[{"@type":"SearchAction","target":{"@type":"EntryPoint","urlTemplate":"https:\/\/tiketi.com\/?s={search_term_string}"},"query-input":{"@type":"PropertyValueSpecification","valueRequired":true,"valueName":"search_term_string"}}],"inLanguage":"fr-FR"},{"@type":"Organization","@id":"https:\/\/tiketi.com\/#organization","name":"Tiketi.com","alternateName":"Tiketi","url":"https:\/\/tiketi.com\/","logo":{"@type":"ImageObject","inLanguage":"fr-FR","@id":"https:\/\/tiketi.com\/#\/schema\/logo\/image\/","url":"https:\/\/tiketi.com\/wp-content\/uploads\/2019\/05\/tiketi-logo-696.png","contentUrl":"https:\/\/tiketi.com\/wp-content\/uploads\/2019\/05\/tiketi-logo-696.png","width":696,"height":696,"caption":"Tiketi.com"},"image":{"@id":"https:\/\/tiketi.com\/#\/schema\/logo\/image\/"},"sameAs":["https:\/\/www.facebook.com\/TiketiCom\/"]}]}},"_links":{"self":[{"href":"https:\/\/tiketi.com\/fr-fr\/wp-json\/wp\/v2\/pages\/11599","targetHints":{"allow":["GET"]}}],"collection":[{"href":"https:\/\/tiketi.com\/fr-fr\/wp-json\/wp\/v2\/pages"}],"about":[{"href":"https:\/\/tiketi.com\/fr-fr\/wp-json\/wp\/v2\/types\/page"}],"author":[{"embeddable":true,"href":"https:\/\/tiketi.com\/fr-fr\/wp-json\/wp\/v2\/users\/1"}],"replies":[{"embeddable":true,"href":"https:\/\/tiketi.com\/fr-fr\/wp-json\/wp\/v2\/comments?post=11599"}],"version-history":[{"count":0,"href":"https:\/\/tiketi.com\/fr-fr\/wp-json\/wp\/v2\/pages\/11599\/revisions"}],"wp:featuredmedia":[{"embeddable":true,"href":"https:\/\/tiketi.com\/fr-fr\/wp-json\/wp\/v2\/media\/14041"}],"wp:attachment":[{"href":"https:\/\/tiketi.com\/fr-fr\/wp-json\/wp\/v2\/media?parent=11599"}],"curies":[{"name":"wp","href":"https:\/\/api.w.org\/{rel}","templated":true}]}}