{"id":11600,"date":"2022-01-19T12:54:56","date_gmt":"2022-01-19T11:54:56","guid":{"rendered":"https:\/\/new.tiketi.com\/cheap-flights-from-kampala-to-nairobi\/"},"modified":"2022-02-08T17:06:18","modified_gmt":"2022-02-08T16:06:18","slug":"cheap-flights-from-kampala-to-nairobi","status":"publish","type":"page","link":"https:\/\/tiketi.com\/fr-fr\/cheap-flights-from-kampala-to-nairobi\/","title":{"rendered":"Vols \u00e0 bas prix de Kampala \u00e0 Nairobi"},"content":{"rendered":"<h2>Vous recherchez un billet d&#039;avion pas cher de Kampala \u00e0 Nairobi ou des offres de derni\u00e8re minute ?<\/h2>\n<h3>Cherchez, comparez et r\u00e9servez en ligne maintenant un billet d&#039;avion pas cher entre Kampala (KLA) et Nairobi (NBO).<\/h3>\n<p>R\u00e9servez en ligne des vols \u00e0 bas prix de Kampala \u00e0 Nairobi et \u00e9conomisez de l&#039;argent sur les billets d&#039;avion. La capitale du Kenya, Nairobi poss\u00e8de plusieurs des commodit\u00e9s les plus charmantes trouv\u00e9es en Afrique. De plus, vous pouvez trouver des gens de toutes sortes dans cette ville de classe mondiale, qui est \u00e9galement la plaque tournante bien connue de la culture et du commerce en Afrique de l&#039;Est. Visitez Nairobi gr\u00e2ce \u00e0 des offres exceptionnelles sur les billets d&#039;avion de Kampala \u00e0 Nairobi et volez de Kampala \u00e0 Nairobi \u00e0 bas prix.<\/p>\n<h2>Voici quelques-unes des meilleures attractions de Nairobi<\/h2>\n<h3>Parc national de Nairobi<\/h3>\n<p>N&#039;oubliez pas de visiter ce parc, une magnifique r\u00e9serve de gibier qui offre aux visiteurs une exp\u00e9rience de type safari. Planifiez un pique-nique pour l&#039;agitation d&#039;une journ\u00e9e ou obtenez une vue remarquable sur les animaux sauvages africains tels que la pintade, les girafes, les z\u00e8bres, les rhinoc\u00e9ros, les lions, les vautours aquatiques, etc. visiteurs pour la premi\u00e8re fois en particulier.<\/p>\n<h3>Mus\u00e9e national de Nairobi<\/h3>\n<p>L&#039;incroyable mus\u00e9e est l&#039;un des points de rep\u00e8re de la ville et pr\u00e9sente l&#039;h\u00e9ritage opulent du Kenya au moyen de 4 th\u00e8mes divers qui incarnent la nature, l&#039;histoire, les arts modernes et la culture du pays. Il abrite un remarquable assortiment ornithologique d&#039;esp\u00e8ces d&#039;oiseaux qui ont probablement 1000 ans. Le mus\u00e9e est le meilleur endroit o\u00f9 aller si vous voyagez avec votre famille et principalement des enfants.<\/p>\n<h3>Collines de Ngong<\/h3>\n<p>Ne manquez pas les sommets exquis de Ngong Hills situ\u00e9s au sud-ouest de Nairobi. Partez en randonn\u00e9e au sommet des collines de Ngong et impr\u00e9gnez-vous du panorama remarquable qui vous coupera le souffle. M\u00eame si les sommets sont escarp\u00e9s, ce sont les meilleurs pour la randonn\u00e9e. D&#039;un c\u00f4t\u00e9, vous pouvez avoir une vue sur la vall\u00e9e du Grand Rift tandis que de l&#039;autre, r\u00e9galez vos yeux du centre-ville de Nairobi.<\/p>\n<h2>FAQ sur les vols pas chers de Kampala \u00e0 Nairobi<\/h2>\n<h3>Combien de temps dure le vol Kampala-Nairobi ?<\/h3>\n<p>Un vol direct typique de Kampala \u00e0 Nairobi prend environ deux heures, couvrant environ 324 kilom\u00e8tres.<\/p>\n<h3>Combien de vols les moins chers de Kampala vers Nairobi partent en moyenne par jour ?<\/h3>\n<p>En moyenne, vous pouvez deviner 42 vols de Kampala \u00e0 Nairobi.<\/p>\n<p>\u2022 T\u00f4t le matin\u00a0\u2013 17\u00a0% de d\u00e9parts de vol<\/p>\n<p>\u2022 Matin - vingt-quatre pour cent des d\u00e9parts de vol<\/p>\n<p>\u2022 Apr\u00e8s-midi\u00a0: 26\u00a0% des d\u00e9parts de vols<\/p>\n<p>\u2022 Soir - trente-trois pour cent des d\u00e9parts de vol<\/p>\n<h3>Quels sont les jours des vols Kampala-Nairobi ?<\/h3>\n<p>Les jours o\u00f9 les vols directs sont accessibles sont : samedi, vendredi, jeudi, mercredi, mardi, lundi et dimanche.<\/p>\n<h3>Quel est le nom de la compagnie a\u00e9rienne directe proposant un billet d&#039;avion Kampala-Nairobi ?<\/h3>\n<p>\u2022 Fly540 propose des vols directs de Kampala \u00e0 Nairobi.<\/p>\n<h2>Conseils de vol de Kampala \u00e0 Nairobi<\/h2>\n<p>\u2022 Precision Air effectue un vol avec une escale entre Kampala et Nairobi via le Kilimandjaro.<\/p>\n<p>\u2022 Des Boeing 737-300 de 106 si\u00e8ges op\u00e8rent des vols Nairobi depuis Kampala.<\/p>\n<p>\u2022 Brussels Airlines et Ethiopian Airlines volent entre Entebbe et Nairobi avec une escale \u00e0 Kigali.<\/p>","protected":false},"excerpt":{"rendered":"<p>Looking for cheap airline ticket from Kampala to Nairobi\u00a0or last minute deals? Search, compare and book cheap airline ticket from Kampala (KLA) to Nairobi (NBO) online now. Book cheap flights from Kampala to Nairobi online and save money on airfare. The capital of Kenya, Nairobi boasts several of the most charming amenities found in Africa. [&hellip;]<\/p>\n","protected":false},"author":1,"featured_media":17853,"parent":0,"menu_order":0,"comment_status":"open","ping_status":"closed","template":"template-home-modern.php","meta":{"footnotes":""},"class_list":["post-11600","page","type-page","status-publish","has-post-thumbnail","hentry"],"yoast_head":"<!-- This site is optimized with the Yoast SEO plugin v27.2 - https:\/\/yoast.com\/product\/yoast-seo-wordpress\/ -->\n<title>Cheap Flights from Kampala to Nairobi<\/title>\n<meta name=\"description\" content=\"Looking for cheap flights from\u00a0Kampala to Nairobi? Search, compare and book cheap airline ticket from Kampala to Nairobi online\" \/>\n<meta name=\"robots\" content=\"index, follow, max-snippet:-1, max-image-preview:large, max-video-preview:-1\" \/>\n<link rel=\"canonical\" href=\"https:\/\/tiketi.com\/fr-fr\/cheap-flights-from-kampala-to-nairobi\/\" \/>\n<meta property=\"og:locale\" content=\"fr_FR\" \/>\n<meta property=\"og:type\" content=\"article\" \/>\n<meta property=\"og:title\" content=\"Cheap Flights from Kampala to Nairobi\" \/>\n<meta property=\"og:description\" content=\"Looking for cheap flights from\u00a0Kampala to Nairobi? Search, compare and book cheap airline ticket from Kampala to Nairobi online\" \/>\n<meta property=\"og:url\" content=\"https:\/\/tiketi.com\/fr-fr\/cheap-flights-from-kampala-to-nairobi\/\" \/>\n<meta property=\"og:site_name\" content=\"Tiketi.com\" \/>\n<meta property=\"article:publisher\" content=\"https:\/\/www.facebook.com\/TiketiCom\/\" \/>\n<meta property=\"article:modified_time\" content=\"2022-02-08T16:06:18+00:00\" \/>\n<meta property=\"og:image\" content=\"https:\/\/tiketi.com\/wp-content\/uploads\/2019\/05\/nairobi-city-3143632_1280.jpg\" \/>\n\t<meta property=\"og:image:width\" content=\"1200\" \/>\n\t<meta property=\"og:image:height\" content=\"202\" \/>\n\t<meta property=\"og:image:type\" content=\"image\/jpeg\" \/>\n<meta name=\"twitter:card\" content=\"summary_large_image\" \/>\n<meta name=\"twitter:label1\" content=\"Dur\u00e9e de lecture estim\u00e9e\" \/>\n\t<meta name=\"twitter:data1\" content=\"3 minutes\" \/>\n<script type=\"application\/ld+json\" class=\"yoast-schema-graph\">{\"@context\":\"https:\/\/schema.org\",\"@graph\":[{\"@type\":\"WebPage\",\"@id\":\"https:\/\/tiketi.com\/cheap-flights-from-kampala-to-nairobi\/\",\"url\":\"https:\/\/tiketi.com\/cheap-flights-from-kampala-to-nairobi\/\",\"name\":\"Cheap Flights from Kampala to Nairobi\",\"isPartOf\":{\"@id\":\"https:\/\/tiketi.com\/#website\"},\"primaryImageOfPage\":{\"@id\":\"https:\/\/tiketi.com\/cheap-flights-from-kampala-to-nairobi\/#primaryimage\"},\"image\":{\"@id\":\"https:\/\/tiketi.com\/cheap-flights-from-kampala-to-nairobi\/#primaryimage\"},\"thumbnailUrl\":\"https:\/\/tiketi.com\/wp-content\/uploads\/2019\/05\/nairobi-city-3143632_1280.jpg\",\"datePublished\":\"2022-01-19T11:54:56+00:00\",\"dateModified\":\"2022-02-08T16:06:18+00:00\",\"description\":\"Looking for cheap flights from\u00a0Kampala to Nairobi? Search, compare and book cheap airline ticket from Kampala to Nairobi online\",\"breadcrumb\":{\"@id\":\"https:\/\/tiketi.com\/cheap-flights-from-kampala-to-nairobi\/#breadcrumb\"},\"inLanguage\":\"fr-FR\",\"potentialAction\":[{\"@type\":\"ReadAction\",\"target\":[\"https:\/\/tiketi.com\/cheap-flights-from-kampala-to-nairobi\/\"]}]},{\"@type\":\"ImageObject\",\"inLanguage\":\"fr-FR\",\"@id\":\"https:\/\/tiketi.com\/cheap-flights-from-kampala-to-nairobi\/#primaryimage\",\"url\":\"https:\/\/tiketi.com\/wp-content\/uploads\/2019\/05\/nairobi-city-3143632_1280.jpg\",\"contentUrl\":\"https:\/\/tiketi.com\/wp-content\/uploads\/2019\/05\/nairobi-city-3143632_1280.jpg\",\"width\":1200,\"height\":202,\"caption\":\"Air Taxi in Nairobi\"},{\"@type\":\"BreadcrumbList\",\"@id\":\"https:\/\/tiketi.com\/cheap-flights-from-kampala-to-nairobi\/#breadcrumb\",\"itemListElement\":[{\"@type\":\"ListItem\",\"position\":1,\"name\":\"Home\",\"item\":\"https:\/\/tiketi.com\/\"},{\"@type\":\"ListItem\",\"position\":2,\"name\":\"Cheap Flights from Kampala to Nairobi\"}]},{\"@type\":\"WebSite\",\"@id\":\"https:\/\/tiketi.com\/#website\",\"url\":\"https:\/\/tiketi.com\/\",\"name\":\"Flight & Bus Tickets, Tour Packages & Activitites - Tiketi.com\",\"description\":\"Flight &amp; Bus Tickets, Tours, Activitites\",\"publisher\":{\"@id\":\"https:\/\/tiketi.com\/#organization\"},\"potentialAction\":[{\"@type\":\"SearchAction\",\"target\":{\"@type\":\"EntryPoint\",\"urlTemplate\":\"https:\/\/tiketi.com\/?s={search_term_string}\"},\"query-input\":{\"@type\":\"PropertyValueSpecification\",\"valueRequired\":true,\"valueName\":\"search_term_string\"}}],\"inLanguage\":\"fr-FR\"},{\"@type\":\"Organization\",\"@id\":\"https:\/\/tiketi.com\/#organization\",\"name\":\"Tiketi.com\",\"alternateName\":\"Tiketi\",\"url\":\"https:\/\/tiketi.com\/\",\"logo\":{\"@type\":\"ImageObject\",\"inLanguage\":\"fr-FR\",\"@id\":\"https:\/\/tiketi.com\/#\/schema\/logo\/image\/\",\"url\":\"https:\/\/tiketi.com\/wp-content\/uploads\/2019\/05\/tiketi-logo-696.png\",\"contentUrl\":\"https:\/\/tiketi.com\/wp-content\/uploads\/2019\/05\/tiketi-logo-696.png\",\"width\":696,\"height\":696,\"caption\":\"Tiketi.com\"},\"image\":{\"@id\":\"https:\/\/tiketi.com\/#\/schema\/logo\/image\/\"},\"sameAs\":[\"https:\/\/www.facebook.com\/TiketiCom\/\"]}]}<\/script>\n<!-- \/ Yoast SEO plugin. -->","yoast_head_json":{"title":"Vols \u00e0 bas prix de Kampala \u00e0 Nairobi","description":"Vous recherchez des vols \u00e0 bas prix de Kampala vers Nairobi ? Recherchez, comparez et r\u00e9servez en ligne un billet d&#039;avion pas cher de Kampala \u00e0 Nairobi","robots":{"index":"index","follow":"follow","max-snippet":"max-snippet:-1","max-image-preview":"max-image-preview:large","max-video-preview":"max-video-preview:-1"},"canonical":"https:\/\/tiketi.com\/fr-fr\/cheap-flights-from-kampala-to-nairobi\/","og_locale":"fr_FR","og_type":"article","og_title":"Cheap Flights from Kampala to Nairobi","og_description":"Looking for cheap flights from\u00a0Kampala to Nairobi? Search, compare and book cheap airline ticket from Kampala to Nairobi online","og_url":"https:\/\/tiketi.com\/fr-fr\/cheap-flights-from-kampala-to-nairobi\/","og_site_name":"Tiketi.com","article_publisher":"https:\/\/www.facebook.com\/TiketiCom\/","article_modified_time":"2022-02-08T16:06:18+00:00","og_image":[{"width":1200,"height":202,"url":"https:\/\/tiketi.com\/wp-content\/uploads\/2019\/05\/nairobi-city-3143632_1280.jpg","type":"image\/jpeg"}],"twitter_card":"summary_large_image","twitter_misc":{"Dur\u00e9e de lecture estim\u00e9e":"3 minutes"},"schema":{"@context":"https:\/\/schema.org","@graph":[{"@type":"WebPage","@id":"https:\/\/tiketi.com\/cheap-flights-from-kampala-to-nairobi\/","url":"https:\/\/tiketi.com\/cheap-flights-from-kampala-to-nairobi\/","name":"Vols \u00e0 bas prix de Kampala \u00e0 Nairobi","isPartOf":{"@id":"https:\/\/tiketi.com\/#website"},"primaryImageOfPage":{"@id":"https:\/\/tiketi.com\/cheap-flights-from-kampala-to-nairobi\/#primaryimage"},"image":{"@id":"https:\/\/tiketi.com\/cheap-flights-from-kampala-to-nairobi\/#primaryimage"},"thumbnailUrl":"https:\/\/tiketi.com\/wp-content\/uploads\/2019\/05\/nairobi-city-3143632_1280.jpg","datePublished":"2022-01-19T11:54:56+00:00","dateModified":"2022-02-08T16:06:18+00:00","description":"Vous recherchez des vols \u00e0 bas prix de Kampala vers Nairobi ? Recherchez, comparez et r\u00e9servez en ligne un billet d&#039;avion pas cher de Kampala \u00e0 Nairobi","breadcrumb":{"@id":"https:\/\/tiketi.com\/cheap-flights-from-kampala-to-nairobi\/#breadcrumb"},"inLanguage":"fr-FR","potentialAction":[{"@type":"ReadAction","target":["https:\/\/tiketi.com\/cheap-flights-from-kampala-to-nairobi\/"]}]},{"@type":"ImageObject","inLanguage":"fr-FR","@id":"https:\/\/tiketi.com\/cheap-flights-from-kampala-to-nairobi\/#primaryimage","url":"https:\/\/tiketi.com\/wp-content\/uploads\/2019\/05\/nairobi-city-3143632_1280.jpg","contentUrl":"https:\/\/tiketi.com\/wp-content\/uploads\/2019\/05\/nairobi-city-3143632_1280.jpg","width":1200,"height":202,"caption":"Air Taxi in Nairobi"},{"@type":"BreadcrumbList","@id":"https:\/\/tiketi.com\/cheap-flights-from-kampala-to-nairobi\/#breadcrumb","itemListElement":[{"@type":"ListItem","position":1,"name":"Home","item":"https:\/\/tiketi.com\/"},{"@type":"ListItem","position":2,"name":"Cheap Flights from Kampala to Nairobi"}]},{"@type":"WebSite","@id":"https:\/\/tiketi.com\/#website","url":"https:\/\/tiketi.com\/","name":"Billets d&#039;avion et de bus, forfaits touristiques et activit\u00e9s - Tiketi.com","description":"Billets d&#039;avion et de bus, Tours, Activit\u00e9s","publisher":{"@id":"https:\/\/tiketi.com\/#organization"},"potentialAction":[{"@type":"SearchAction","target":{"@type":"EntryPoint","urlTemplate":"https:\/\/tiketi.com\/?s={search_term_string}"},"query-input":{"@type":"PropertyValueSpecification","valueRequired":true,"valueName":"search_term_string"}}],"inLanguage":"fr-FR"},{"@type":"Organization","@id":"https:\/\/tiketi.com\/#organization","name":"Tiketi.com","alternateName":"Tiketi","url":"https:\/\/tiketi.com\/","logo":{"@type":"ImageObject","inLanguage":"fr-FR","@id":"https:\/\/tiketi.com\/#\/schema\/logo\/image\/","url":"https:\/\/tiketi.com\/wp-content\/uploads\/2019\/05\/tiketi-logo-696.png","contentUrl":"https:\/\/tiketi.com\/wp-content\/uploads\/2019\/05\/tiketi-logo-696.png","width":696,"height":696,"caption":"Tiketi.com"},"image":{"@id":"https:\/\/tiketi.com\/#\/schema\/logo\/image\/"},"sameAs":["https:\/\/www.facebook.com\/TiketiCom\/"]}]}},"_links":{"self":[{"href":"https:\/\/tiketi.com\/fr-fr\/wp-json\/wp\/v2\/pages\/11600","targetHints":{"allow":["GET"]}}],"collection":[{"href":"https:\/\/tiketi.com\/fr-fr\/wp-json\/wp\/v2\/pages"}],"about":[{"href":"https:\/\/tiketi.com\/fr-fr\/wp-json\/wp\/v2\/types\/page"}],"author":[{"embeddable":true,"href":"https:\/\/tiketi.com\/fr-fr\/wp-json\/wp\/v2\/users\/1"}],"replies":[{"embeddable":true,"href":"https:\/\/tiketi.com\/fr-fr\/wp-json\/wp\/v2\/comments?post=11600"}],"version-history":[{"count":0,"href":"https:\/\/tiketi.com\/fr-fr\/wp-json\/wp\/v2\/pages\/11600\/revisions"}],"wp:featuredmedia":[{"embeddable":true,"href":"https:\/\/tiketi.com\/fr-fr\/wp-json\/wp\/v2\/media\/17853"}],"wp:attachment":[{"href":"https:\/\/tiketi.com\/fr-fr\/wp-json\/wp\/v2\/media?parent=11600"}],"curies":[{"name":"wp","href":"https:\/\/api.w.org\/{rel}","templated":true}]}}