{"id":11601,"date":"2022-01-19T12:54:56","date_gmt":"2022-01-19T11:54:56","guid":{"rendered":"https:\/\/new.tiketi.com\/cheap-flights-from-mwanza-to-dodoma\/"},"modified":"2022-04-01T13:40:39","modified_gmt":"2022-04-01T12:40:39","slug":"cheap-flights-from-mwanza-to-dodoma","status":"publish","type":"page","link":"https:\/\/tiketi.com\/fr-fr\/cheap-flights-from-mwanza-to-dodoma\/","title":{"rendered":"Vols \u00e0 bas prix de Mwanza \u00e0 Dodoma"},"content":{"rendered":"<h2>Vous \u00eates \u00e0 la recherche de billets d&#039;avion pas chers de Mwanza \u00e0 Dodoma ou d&#039;offres de derni\u00e8re minute ?<\/h2>\n<h3>Cherchez, comparez et r\u00e9servez en ligne maintenant un billet d&#039;avion pas cher de Mwanza (MWZ) \u00e0 Dodoma (DOD).<\/h3>\n<p><span style=\"font-size: revert; color: initial;\">R\u00e9servez en ligne des vols \u00e0 bas prix de Mwanza \u00e0 Dodoma et \u00e9conomisez de l&#039;argent sur les billets d&#039;avion. Situ\u00e9e au c\u0153ur de la Tanzanie, Dodoma est la capitale politique officielle de la nation et le si\u00e8ge de l&#039;administration du pays. Comparativement, il est beaucoup plus petit et moins d\u00e9velopp\u00e9 que le centre commercial du pays, Dar es Salaam. Comparez les prix et obtenez le tarif le plus bas sur les billets d&#039;avion de Mwanza \u00e0 Dodoma gr\u00e2ce \u00e0 des offres exceptionnelles sur la r\u00e9servation de billets en ligne de vols de Mwanza \u00e0 Dodoma.<\/span><\/p>\n<h2>FAQ sur les vols \u00e0 bas prix de Mwanza \u00e0 Dodoma<\/h2>\n<h3>Combien de vols directs Mwanza-Dodoma ?<\/h3>\n<p>Il y a un vol direct entre Mwanza et Dodoma.<\/p>\n<h3>Quel est le meilleur moment pour r\u00e9server un vol Mwanza-Dodoma ?<\/h3>\n<p>G\u00e9n\u00e9ralement, le meilleur moment pour r\u00e9server un billet d&#039;avion pas cher de Mwanza \u00e0 Dodoma est 2 mois \u00e0 l&#039;avance. Et les jours abordables pour voler sont le mercredi, le mardi et le samedi. Le dimanche est le plus cher.<\/p>\n<h3>Quelle est la dur\u00e9e moyenne d&#039;un vol entre Dodoma et Mwanza ?<\/h3>\n<p>6h 15 min est le temps de vol de Mwanza \u00e0 Dodoma.<\/p>\n<h3>Combien Dodoma poss\u00e8de-t-elle d&#039;a\u00e9roports ?<\/h3>\n<p>Il y a un a\u00e9roport \u00e0 Dodoma : Dodoma. Le premier vol de la journ\u00e9e part \u00e0 08h05. Les derniers feux de Mwanza \u00e0 Dodoma partent \u00e0 08h05.<\/p>\n<h2>Conseils sur les vols Mwanza - Dodoma<\/h2>\n<h3>Voici quelques-unes des meilleures attractions :<\/h3>\n<h3>Peintures de Kondoa Irangi<\/h3>\n<p>Ces peintures sont une s\u00e9rie de grottes qui ont \u00e9t\u00e9 fix\u00e9es sur le flanc de la colline faisant face aux plaines. Ils sont plac\u00e9s \u00e0 une dizaine de kilom\u00e8tres de Dodoma sur l&#039;autoroute Dodoma Babati. Les grottes ont des peintures telles que le d\u00e9partement des antiquit\u00e9s de Tanzanie suppose qu&#039;elles ont 50 000 ans. Les grottes abritent collectivement entre 200 et 460 abris sous roche d\u00e9cor\u00e9s.<\/p>\n<h3>Mus\u00e9e des g\u00e9osciences<\/h3>\n<p>Vous devrez payer pour voir ce mus\u00e9e, mais une fois \u00e0 l&#039;int\u00e9rieur, vous aurez acc\u00e8s \u00e0 cette collection plut\u00f4t abandonn\u00e9e d&#039;informations g\u00e9ologiques et d&#039;\u00e9chantillons de roches. Soyez averti que ce n&#039;est pas la plus grande carte \u00e0 tirer pour amener quiconque \u00e0 visiter un mus\u00e9e et vous ne verrez peut-\u00eatre rien que vous trouveriez particuli\u00e8rement captivant. Si vous \u00eates un passionn\u00e9 de rock, renseignez-vous aupr\u00e8s du Laboratoire g\u00e9ologique de Tanzanie derri\u00e8re la poste.<\/p>\n<h3>Rocher du Lion<\/h3>\n<p>Lion Rock (\u00e9galement connu sous le nom de Simba Hill ou en swahili, Mlimwa) est une jolie randonn\u00e9e verticale sur une colline, mais une fois que vous avez atteint le sommet de l&#039;endroit, vous offre une vue a\u00e9rienne in\u00e9gal\u00e9e de Dodoma depuis le c\u00f4t\u00e9 nord-est de l&#039;endroit. Lion Rock est l&#039;un des rares monuments de Dodoma \u00e0 ne pas manquer pendant votre s\u00e9jour. Parcourez le chemin rocheux et profitez d&#039;un charmant aper\u00e7u de toute la ville de Dodoma. Le Lion Rock Dodoma est un lieu de pr\u00e9dilection pour les familles et les groupes d&#039;amis pendant les week-ends.<\/p>","protected":false},"excerpt":{"rendered":"<p>Looking for cheap airline ticket from Mwanza to Dodoma\u00a0or last minute deals? Search, compare and book cheap airline ticket from Mwanza (MWZ) to Dodoma (DOD)\u00a0online now. Book cheap flights from Mwanza to Dodoma online and save money on airfare. Placed in the heartland of Tanzania, Dodoma is the nations official political capital and the seat [&hellip;]<\/p>\n","protected":false},"author":1,"featured_media":14041,"parent":0,"menu_order":0,"comment_status":"open","ping_status":"closed","template":"template-home-modern.php","meta":{"footnotes":""},"class_list":["post-11601","page","type-page","status-publish","has-post-thumbnail","hentry"],"yoast_head":"<!-- This site is optimized with the Yoast SEO plugin v27.3 - https:\/\/yoast.com\/product\/yoast-seo-wordpress\/ -->\n<title>Cheap Flights from Mwanza to Dodoma<\/title>\n<meta name=\"description\" content=\"Looking for cheap flights from\u00a0Mwanza to Dodoma? Search, compare and book cheap airline ticket from Mwanza to Dodoma online\" \/>\n<meta name=\"robots\" content=\"index, follow, max-snippet:-1, max-image-preview:large, max-video-preview:-1\" \/>\n<link rel=\"canonical\" href=\"https:\/\/tiketi.com\/fr-fr\/cheap-flights-from-mwanza-to-dodoma\/\" \/>\n<meta property=\"og:locale\" content=\"fr_FR\" \/>\n<meta property=\"og:type\" content=\"article\" \/>\n<meta property=\"og:title\" content=\"Cheap Flights from Mwanza to Dodoma\" \/>\n<meta property=\"og:description\" content=\"Looking for cheap flights from\u00a0Mwanza to Dodoma? Search, compare and book cheap airline ticket from Mwanza to Dodoma online\" \/>\n<meta property=\"og:url\" content=\"https:\/\/tiketi.com\/fr-fr\/cheap-flights-from-mwanza-to-dodoma\/\" \/>\n<meta property=\"og:site_name\" content=\"Tiketi.com\" \/>\n<meta property=\"article:publisher\" content=\"https:\/\/www.facebook.com\/TiketiCom\/\" \/>\n<meta property=\"article:modified_time\" content=\"2022-04-01T12:40:39+00:00\" \/>\n<meta property=\"og:image\" content=\"https:\/\/tiketi.com\/wp-content\/uploads\/2022\/01\/flight-ticket-booking-sorasak-KxCJXXGsv9I-unsplas.jpg\" \/>\n\t<meta property=\"og:image:width\" content=\"1200\" \/>\n\t<meta property=\"og:image:height\" content=\"240\" \/>\n\t<meta property=\"og:image:type\" content=\"image\/jpeg\" \/>\n<meta name=\"twitter:card\" content=\"summary_large_image\" \/>\n<meta name=\"twitter:label1\" content=\"Dur\u00e9e de lecture estim\u00e9e\" \/>\n\t<meta name=\"twitter:data1\" content=\"3 minutes\" \/>\n<script type=\"application\/ld+json\" class=\"yoast-schema-graph\">{\"@context\":\"https:\\\/\\\/schema.org\",\"@graph\":[{\"@type\":\"WebPage\",\"@id\":\"https:\\\/\\\/tiketi.com\\\/cheap-flights-from-mwanza-to-dodoma\\\/\",\"url\":\"https:\\\/\\\/tiketi.com\\\/cheap-flights-from-mwanza-to-dodoma\\\/\",\"name\":\"Cheap Flights from Mwanza to Dodoma\",\"isPartOf\":{\"@id\":\"https:\\\/\\\/tiketi.com\\\/#website\"},\"primaryImageOfPage\":{\"@id\":\"https:\\\/\\\/tiketi.com\\\/cheap-flights-from-mwanza-to-dodoma\\\/#primaryimage\"},\"image\":{\"@id\":\"https:\\\/\\\/tiketi.com\\\/cheap-flights-from-mwanza-to-dodoma\\\/#primaryimage\"},\"thumbnailUrl\":\"https:\\\/\\\/tiketi.com\\\/wp-content\\\/uploads\\\/2022\\\/01\\\/flight-ticket-booking-sorasak-KxCJXXGsv9I-unsplas.jpg\",\"datePublished\":\"2022-01-19T11:54:56+00:00\",\"dateModified\":\"2022-04-01T12:40:39+00:00\",\"description\":\"Looking for cheap flights from\u00a0Mwanza to Dodoma? Search, compare and book cheap airline ticket from Mwanza to Dodoma online\",\"breadcrumb\":{\"@id\":\"https:\\\/\\\/tiketi.com\\\/cheap-flights-from-mwanza-to-dodoma\\\/#breadcrumb\"},\"inLanguage\":\"fr-FR\",\"potentialAction\":[{\"@type\":\"ReadAction\",\"target\":[\"https:\\\/\\\/tiketi.com\\\/cheap-flights-from-mwanza-to-dodoma\\\/\"]}]},{\"@type\":\"ImageObject\",\"inLanguage\":\"fr-FR\",\"@id\":\"https:\\\/\\\/tiketi.com\\\/cheap-flights-from-mwanza-to-dodoma\\\/#primaryimage\",\"url\":\"https:\\\/\\\/tiketi.com\\\/wp-content\\\/uploads\\\/2022\\\/01\\\/flight-ticket-booking-sorasak-KxCJXXGsv9I-unsplas.jpg\",\"contentUrl\":\"https:\\\/\\\/tiketi.com\\\/wp-content\\\/uploads\\\/2022\\\/01\\\/flight-ticket-booking-sorasak-KxCJXXGsv9I-unsplas.jpg\",\"width\":1200,\"height\":240,\"caption\":\"Online flight ticket booking\"},{\"@type\":\"BreadcrumbList\",\"@id\":\"https:\\\/\\\/tiketi.com\\\/cheap-flights-from-mwanza-to-dodoma\\\/#breadcrumb\",\"itemListElement\":[{\"@type\":\"ListItem\",\"position\":1,\"name\":\"Home\",\"item\":\"https:\\\/\\\/tiketi.com\\\/\"},{\"@type\":\"ListItem\",\"position\":2,\"name\":\"Cheap Flights from Mwanza to Dodoma\"}]},{\"@type\":\"WebSite\",\"@id\":\"https:\\\/\\\/tiketi.com\\\/#website\",\"url\":\"https:\\\/\\\/tiketi.com\\\/\",\"name\":\"Flight & Bus Tickets, Tour Packages & Activitites - Tiketi.com\",\"description\":\"Flight &amp; Bus Tickets, Tours, Activitites\",\"publisher\":{\"@id\":\"https:\\\/\\\/tiketi.com\\\/#organization\"},\"potentialAction\":[{\"@type\":\"SearchAction\",\"target\":{\"@type\":\"EntryPoint\",\"urlTemplate\":\"https:\\\/\\\/tiketi.com\\\/?s={search_term_string}\"},\"query-input\":{\"@type\":\"PropertyValueSpecification\",\"valueRequired\":true,\"valueName\":\"search_term_string\"}}],\"inLanguage\":\"fr-FR\"},{\"@type\":\"Organization\",\"@id\":\"https:\\\/\\\/tiketi.com\\\/#organization\",\"name\":\"Tiketi.com\",\"alternateName\":\"Tiketi\",\"url\":\"https:\\\/\\\/tiketi.com\\\/\",\"logo\":{\"@type\":\"ImageObject\",\"inLanguage\":\"fr-FR\",\"@id\":\"https:\\\/\\\/tiketi.com\\\/#\\\/schema\\\/logo\\\/image\\\/\",\"url\":\"https:\\\/\\\/tiketi.com\\\/wp-content\\\/uploads\\\/2019\\\/05\\\/tiketi-logo-696.png\",\"contentUrl\":\"https:\\\/\\\/tiketi.com\\\/wp-content\\\/uploads\\\/2019\\\/05\\\/tiketi-logo-696.png\",\"width\":696,\"height\":696,\"caption\":\"Tiketi.com\"},\"image\":{\"@id\":\"https:\\\/\\\/tiketi.com\\\/#\\\/schema\\\/logo\\\/image\\\/\"},\"sameAs\":[\"https:\\\/\\\/www.facebook.com\\\/TiketiCom\\\/\"]}]}<\/script>\n<!-- \/ Yoast SEO plugin. -->","yoast_head_json":{"title":"Vols \u00e0 bas prix de Mwanza \u00e0 Dodoma","description":"Vous recherchez des vols \u00e0 bas prix de Mwanza vers Dodoma ? Recherchez, comparez et r\u00e9servez en ligne un billet d&#039;avion pas cher de Mwanza \u00e0 Dodoma","robots":{"index":"index","follow":"follow","max-snippet":"max-snippet:-1","max-image-preview":"max-image-preview:large","max-video-preview":"max-video-preview:-1"},"canonical":"https:\/\/tiketi.com\/fr-fr\/cheap-flights-from-mwanza-to-dodoma\/","og_locale":"fr_FR","og_type":"article","og_title":"Cheap Flights from Mwanza to Dodoma","og_description":"Looking for cheap flights from\u00a0Mwanza to Dodoma? Search, compare and book cheap airline ticket from Mwanza to Dodoma online","og_url":"https:\/\/tiketi.com\/fr-fr\/cheap-flights-from-mwanza-to-dodoma\/","og_site_name":"Tiketi.com","article_publisher":"https:\/\/www.facebook.com\/TiketiCom\/","article_modified_time":"2022-04-01T12:40:39+00:00","og_image":[{"width":1200,"height":240,"url":"https:\/\/tiketi.com\/wp-content\/uploads\/2022\/01\/flight-ticket-booking-sorasak-KxCJXXGsv9I-unsplas.jpg","type":"image\/jpeg"}],"twitter_card":"summary_large_image","twitter_misc":{"Dur\u00e9e de lecture estim\u00e9e":"3 minutes"},"schema":{"@context":"https:\/\/schema.org","@graph":[{"@type":"WebPage","@id":"https:\/\/tiketi.com\/cheap-flights-from-mwanza-to-dodoma\/","url":"https:\/\/tiketi.com\/cheap-flights-from-mwanza-to-dodoma\/","name":"Vols \u00e0 bas prix de Mwanza \u00e0 Dodoma","isPartOf":{"@id":"https:\/\/tiketi.com\/#website"},"primaryImageOfPage":{"@id":"https:\/\/tiketi.com\/cheap-flights-from-mwanza-to-dodoma\/#primaryimage"},"image":{"@id":"https:\/\/tiketi.com\/cheap-flights-from-mwanza-to-dodoma\/#primaryimage"},"thumbnailUrl":"https:\/\/tiketi.com\/wp-content\/uploads\/2022\/01\/flight-ticket-booking-sorasak-KxCJXXGsv9I-unsplas.jpg","datePublished":"2022-01-19T11:54:56+00:00","dateModified":"2022-04-01T12:40:39+00:00","description":"Vous recherchez des vols \u00e0 bas prix de Mwanza vers Dodoma ? Recherchez, comparez et r\u00e9servez en ligne un billet d&#039;avion pas cher de Mwanza \u00e0 Dodoma","breadcrumb":{"@id":"https:\/\/tiketi.com\/cheap-flights-from-mwanza-to-dodoma\/#breadcrumb"},"inLanguage":"fr-FR","potentialAction":[{"@type":"ReadAction","target":["https:\/\/tiketi.com\/cheap-flights-from-mwanza-to-dodoma\/"]}]},{"@type":"ImageObject","inLanguage":"fr-FR","@id":"https:\/\/tiketi.com\/cheap-flights-from-mwanza-to-dodoma\/#primaryimage","url":"https:\/\/tiketi.com\/wp-content\/uploads\/2022\/01\/flight-ticket-booking-sorasak-KxCJXXGsv9I-unsplas.jpg","contentUrl":"https:\/\/tiketi.com\/wp-content\/uploads\/2022\/01\/flight-ticket-booking-sorasak-KxCJXXGsv9I-unsplas.jpg","width":1200,"height":240,"caption":"Online flight ticket booking"},{"@type":"BreadcrumbList","@id":"https:\/\/tiketi.com\/cheap-flights-from-mwanza-to-dodoma\/#breadcrumb","itemListElement":[{"@type":"ListItem","position":1,"name":"Home","item":"https:\/\/tiketi.com\/"},{"@type":"ListItem","position":2,"name":"Cheap Flights from Mwanza to Dodoma"}]},{"@type":"WebSite","@id":"https:\/\/tiketi.com\/#website","url":"https:\/\/tiketi.com\/","name":"Billets d&#039;avion et de bus, forfaits touristiques et activit\u00e9s - Tiketi.com","description":"Billets d&#039;avion et de bus, Tours, Activit\u00e9s","publisher":{"@id":"https:\/\/tiketi.com\/#organization"},"potentialAction":[{"@type":"SearchAction","target":{"@type":"EntryPoint","urlTemplate":"https:\/\/tiketi.com\/?s={search_term_string}"},"query-input":{"@type":"PropertyValueSpecification","valueRequired":true,"valueName":"search_term_string"}}],"inLanguage":"fr-FR"},{"@type":"Organization","@id":"https:\/\/tiketi.com\/#organization","name":"Tiketi.com","alternateName":"Tiketi","url":"https:\/\/tiketi.com\/","logo":{"@type":"ImageObject","inLanguage":"fr-FR","@id":"https:\/\/tiketi.com\/#\/schema\/logo\/image\/","url":"https:\/\/tiketi.com\/wp-content\/uploads\/2019\/05\/tiketi-logo-696.png","contentUrl":"https:\/\/tiketi.com\/wp-content\/uploads\/2019\/05\/tiketi-logo-696.png","width":696,"height":696,"caption":"Tiketi.com"},"image":{"@id":"https:\/\/tiketi.com\/#\/schema\/logo\/image\/"},"sameAs":["https:\/\/www.facebook.com\/TiketiCom\/"]}]}},"_links":{"self":[{"href":"https:\/\/tiketi.com\/fr-fr\/wp-json\/wp\/v2\/pages\/11601","targetHints":{"allow":["GET"]}}],"collection":[{"href":"https:\/\/tiketi.com\/fr-fr\/wp-json\/wp\/v2\/pages"}],"about":[{"href":"https:\/\/tiketi.com\/fr-fr\/wp-json\/wp\/v2\/types\/page"}],"author":[{"embeddable":true,"href":"https:\/\/tiketi.com\/fr-fr\/wp-json\/wp\/v2\/users\/1"}],"replies":[{"embeddable":true,"href":"https:\/\/tiketi.com\/fr-fr\/wp-json\/wp\/v2\/comments?post=11601"}],"version-history":[{"count":0,"href":"https:\/\/tiketi.com\/fr-fr\/wp-json\/wp\/v2\/pages\/11601\/revisions"}],"wp:featuredmedia":[{"embeddable":true,"href":"https:\/\/tiketi.com\/fr-fr\/wp-json\/wp\/v2\/media\/14041"}],"wp:attachment":[{"href":"https:\/\/tiketi.com\/fr-fr\/wp-json\/wp\/v2\/media?parent=11601"}],"curies":[{"name":"wp","href":"https:\/\/api.w.org\/{rel}","templated":true}]}}