{"id":11603,"date":"2022-01-19T12:54:56","date_gmt":"2022-01-19T11:54:56","guid":{"rendered":"https:\/\/new.tiketi.com\/cheap-flights-from-kampala-to-kigali\/"},"modified":"2022-02-08T17:06:31","modified_gmt":"2022-02-08T16:06:31","slug":"cheap-flights-from-kampala-to-kigali-kla-kgl","status":"publish","type":"page","link":"https:\/\/tiketi.com\/fr-fr\/cheap-flights-from-kampala-to-kigali-kla-kgl\/","title":{"rendered":"Vols pas chers de Kampala \u00e0 Kigali"},"content":{"rendered":"<h2>Vous cherchez un billet d&#039;avion pas cher \u00e0 partir de Kampala pour Kigali ou des offres de derni\u00e8re minute ?<\/h2>\n<h3>Recherchez, comparez et r\u00e9servez d\u00e8s maintenant un billet d&#039;avion pas cher de Kampala (KLA) \u00e0 Kigali (KGL).<\/h3>\n<p>R\u00e9servez des vols pas chers de Kampala \u00e0 Kigali en ligne et \u00e9conomisez de l&#039;argent sur les billets d&#039;avion. Kigali est la capitale du Rwanda, situ\u00e9e \u00e0 peu pr\u00e8s au centre du pays. Il s&#039;\u00e9tend sur de nombreuses vall\u00e9es, collines et cr\u00eates, ainsi que sur une sc\u00e8ne dynamique de restaurants et de vie nocturne. Visitez Kigali gr\u00e2ce \u00e0 des offres exceptionnelles sur les billets d&#039;avion de Kampala \u00e0 Kigali et volez des vols de Kampala \u00e0 Kigali \u00e0 bas prix.<\/p>\n<h2>Voici quelques-unes des meilleures attractions de Kigali<\/h2>\n<h3><strong>March\u00e9 de Kimironko<\/strong><\/h3>\n<p>Le march\u00e9 de Kimironko est l&#039;un des plus grands et des meilleurs. V\u00eatements usag\u00e9s, l\u00e9gumes et fruits, tissus, poissons et paniers sont tous vendus dans ce complexe couvert. Passez du temps \u00e0 marchander des avocats avant d&#039;acheter des cadeaux pour chaque personne figurant sur votre liste : les paniers Agaseke sont charmants, sp\u00e9ciaux au Rwanda et vendus par douzaines \u00e0 Kimironko.<\/p>\n<h3>Stade Amahoro<\/h3>\n<p>Situ\u00e9 dans le quartier de Remera, Amahoro est le plus grand stade du Rwanda avec une capacit\u00e9 de 30 000 places. Des matchs de football s&#039;y d\u00e9roulent r\u00e9guli\u00e8rement, puisque des Rwandais de tout Kigali viennent soutenir leurs \u00e9quipes. Les \u00e9quipes les plus c\u00e9l\u00e8bres de Kigali sont l&#039;Arm\u00e9e Patriotique Rwandaise FC et le Police FC, avec les champions de la ligue Rayon Sports FC bas\u00e9s \u00e0 Nyanza, dans la province du sud du Rwanda. Les jeux sont une affaire fiable, bruyante et amusante.<\/p>\n<h3>Boire du caf\u00e9<\/h3>\n<p>Le Rwanda produit certains des meilleurs caf\u00e9s de la plan\u00e8te. Accessible partout, de Starbucks \u00e0 Costco, essayer le caf\u00e9 dans le vrai pays est un must absolu. Question Coffee, un torr\u00e9facteur et un caf\u00e9 rattach\u00e9 \u00e0 Sustainable Harvest, fabrique certaines des meilleures tasses de la ville. D\u00e9couvrez \u00e9galement le caf\u00e9 Inzora Rooftop comme autre choix de caf\u00e9.<\/p>\n<h2>FAQ sur les vols pas chers de Kampala \u00e0 Kigali<\/h2>\n<h3>Quelle est la dur\u00e9e du vol entre Kampala et Kigali ?<\/h3>\n<p>Un vol direct de Kampala \u00e0 Kigali prend jusqu&#039;\u00e0 une heure, couvrant une distance de 212 kilom\u00e8tres.<\/p>\n<h3>En moyenne, combien de vols par jour d\u00e9collent de Kampala \u00e0 Kigali ?<\/h3>\n<p>Dix vols d\u00e9parts de Kampala \u00e0 Kigali en moyenne par jour.<\/p>\n<p>\u2022 T\u00f4t le matin \u2013 trente pour cent des d\u00e9parts de vols<\/p>\n<p>\u2022 Apr\u00e8s-midi\u00a0: soixante pour cent des d\u00e9parts de vols<\/p>\n<p>\u2022 Soir \u2013 dix pour cent des d\u00e9parts de vols<\/p>\n<h3>Combien de compagnies a\u00e9riennes op\u00e8rent des vols directs de Kampala \u00e0 Kigali ?<\/h3>\n<p>Une compagnie a\u00e9rienne propose des vols directs de Kampala \u00e0 Kigali.<\/p>\n<h3>Quel est le billet d&#039;avion le plus c\u00e9l\u00e8bre de Kampala \u00e0 Kigali ?<\/h3>\n<p>La compagnie a\u00e9rienne la plus c\u00e9l\u00e8bre de Kampala \u00e0 Kigali est Rwand Air.<\/p>\n<h2>Conseils pour les vols de Kampala \u00e0 Kigali<\/h2>\n<p>\u2022 Le temps de vol le plus rapide de Kampala \u00e0 Kigali est de quarante minutes. La dur\u00e9e moyenne du vol est de quarante-sept minutes.<\/p>\n<p>\u2022 Le premier vol de la journ\u00e9e part \u00e0 06h50. Le dernier vol de la journ\u00e9e part \u00e0 06h45.<\/p>\n<p>\u2022 La distance de vol entre Kampala et Kigali est de 349 km.<\/p>","protected":false},"excerpt":{"rendered":"<p>Looking for cheap airline ticket from Kampala to Kigali\u00a0or last minute deals? Search, compare and book cheap airline ticket from Kampala (KLA) to Kigali (KGL) online now. Book cheap flights from Kampala to Kigali online and save money on airfare. Kigali is the Rwanda capital city, roughly in the middle of the country. It sprawls [&hellip;]<\/p>\n","protected":false},"author":1,"featured_media":14041,"parent":0,"menu_order":0,"comment_status":"open","ping_status":"closed","template":"template-home-modern.php","meta":{"footnotes":""},"class_list":["post-11603","page","type-page","status-publish","has-post-thumbnail","hentry"],"yoast_head":"<!-- This site is optimized with the Yoast SEO plugin v27.3 - https:\/\/yoast.com\/product\/yoast-seo-wordpress\/ -->\n<title>Cheap Flights from\u00a0Kampala to Kigali<\/title>\n<meta name=\"description\" content=\"Looking for cheap flights from\u00a0Kampala to Kigali? Search, compare and book cheap airline ticket from Kampala to Kigali online\" \/>\n<meta name=\"robots\" content=\"index, follow, max-snippet:-1, max-image-preview:large, max-video-preview:-1\" \/>\n<link rel=\"canonical\" href=\"https:\/\/tiketi.com\/fr-fr\/cheap-flights-from-kampala-to-kigali-kla-kgl\/\" \/>\n<meta property=\"og:locale\" content=\"fr_FR\" \/>\n<meta property=\"og:type\" content=\"article\" \/>\n<meta property=\"og:title\" content=\"Cheap Flights from\u00a0Kampala to Kigali\" \/>\n<meta property=\"og:description\" content=\"Looking for cheap flights from\u00a0Kampala to Kigali? Search, compare and book cheap airline ticket from Kampala to Kigali online\" \/>\n<meta property=\"og:url\" content=\"https:\/\/tiketi.com\/fr-fr\/cheap-flights-from-kampala-to-kigali-kla-kgl\/\" \/>\n<meta property=\"og:site_name\" content=\"Tiketi.com\" \/>\n<meta property=\"article:publisher\" content=\"https:\/\/www.facebook.com\/TiketiCom\/\" \/>\n<meta property=\"article:modified_time\" content=\"2022-02-08T16:06:31+00:00\" \/>\n<meta property=\"og:image\" content=\"https:\/\/tiketi.com\/wp-content\/uploads\/2022\/01\/flight-ticket-booking-sorasak-KxCJXXGsv9I-unsplas.jpg\" \/>\n\t<meta property=\"og:image:width\" content=\"1200\" \/>\n\t<meta property=\"og:image:height\" content=\"240\" \/>\n\t<meta property=\"og:image:type\" content=\"image\/jpeg\" \/>\n<meta name=\"twitter:card\" content=\"summary_large_image\" \/>\n<meta name=\"twitter:label1\" content=\"Dur\u00e9e de lecture estim\u00e9e\" \/>\n\t<meta name=\"twitter:data1\" content=\"3 minutes\" \/>\n<script type=\"application\/ld+json\" class=\"yoast-schema-graph\">{\"@context\":\"https:\\\/\\\/schema.org\",\"@graph\":[{\"@type\":\"WebPage\",\"@id\":\"https:\\\/\\\/tiketi.com\\\/cheap-flights-from-kampala-to-kigali-kla-kgl\\\/\",\"url\":\"https:\\\/\\\/tiketi.com\\\/cheap-flights-from-kampala-to-kigali-kla-kgl\\\/\",\"name\":\"Cheap Flights from\u00a0Kampala to Kigali\",\"isPartOf\":{\"@id\":\"https:\\\/\\\/tiketi.com\\\/#website\"},\"primaryImageOfPage\":{\"@id\":\"https:\\\/\\\/tiketi.com\\\/cheap-flights-from-kampala-to-kigali-kla-kgl\\\/#primaryimage\"},\"image\":{\"@id\":\"https:\\\/\\\/tiketi.com\\\/cheap-flights-from-kampala-to-kigali-kla-kgl\\\/#primaryimage\"},\"thumbnailUrl\":\"https:\\\/\\\/tiketi.com\\\/wp-content\\\/uploads\\\/2022\\\/01\\\/flight-ticket-booking-sorasak-KxCJXXGsv9I-unsplas.jpg\",\"datePublished\":\"2022-01-19T11:54:56+00:00\",\"dateModified\":\"2022-02-08T16:06:31+00:00\",\"description\":\"Looking for cheap flights from\u00a0Kampala to Kigali? Search, compare and book cheap airline ticket from Kampala to Kigali online\",\"breadcrumb\":{\"@id\":\"https:\\\/\\\/tiketi.com\\\/cheap-flights-from-kampala-to-kigali-kla-kgl\\\/#breadcrumb\"},\"inLanguage\":\"fr-FR\",\"potentialAction\":[{\"@type\":\"ReadAction\",\"target\":[\"https:\\\/\\\/tiketi.com\\\/cheap-flights-from-kampala-to-kigali-kla-kgl\\\/\"]}]},{\"@type\":\"ImageObject\",\"inLanguage\":\"fr-FR\",\"@id\":\"https:\\\/\\\/tiketi.com\\\/cheap-flights-from-kampala-to-kigali-kla-kgl\\\/#primaryimage\",\"url\":\"https:\\\/\\\/tiketi.com\\\/wp-content\\\/uploads\\\/2022\\\/01\\\/flight-ticket-booking-sorasak-KxCJXXGsv9I-unsplas.jpg\",\"contentUrl\":\"https:\\\/\\\/tiketi.com\\\/wp-content\\\/uploads\\\/2022\\\/01\\\/flight-ticket-booking-sorasak-KxCJXXGsv9I-unsplas.jpg\",\"width\":1200,\"height\":240,\"caption\":\"Online flight ticket booking\"},{\"@type\":\"BreadcrumbList\",\"@id\":\"https:\\\/\\\/tiketi.com\\\/cheap-flights-from-kampala-to-kigali-kla-kgl\\\/#breadcrumb\",\"itemListElement\":[{\"@type\":\"ListItem\",\"position\":1,\"name\":\"Home\",\"item\":\"https:\\\/\\\/tiketi.com\\\/\"},{\"@type\":\"ListItem\",\"position\":2,\"name\":\"Cheap Flights from\u00a0Kampala to Kigali\"}]},{\"@type\":\"WebSite\",\"@id\":\"https:\\\/\\\/tiketi.com\\\/#website\",\"url\":\"https:\\\/\\\/tiketi.com\\\/\",\"name\":\"Flight & Bus Tickets, Tour Packages & Activitites - Tiketi.com\",\"description\":\"Flight &amp; Bus Tickets, Tours, Activitites\",\"publisher\":{\"@id\":\"https:\\\/\\\/tiketi.com\\\/#organization\"},\"potentialAction\":[{\"@type\":\"SearchAction\",\"target\":{\"@type\":\"EntryPoint\",\"urlTemplate\":\"https:\\\/\\\/tiketi.com\\\/?s={search_term_string}\"},\"query-input\":{\"@type\":\"PropertyValueSpecification\",\"valueRequired\":true,\"valueName\":\"search_term_string\"}}],\"inLanguage\":\"fr-FR\"},{\"@type\":\"Organization\",\"@id\":\"https:\\\/\\\/tiketi.com\\\/#organization\",\"name\":\"Tiketi.com\",\"alternateName\":\"Tiketi\",\"url\":\"https:\\\/\\\/tiketi.com\\\/\",\"logo\":{\"@type\":\"ImageObject\",\"inLanguage\":\"fr-FR\",\"@id\":\"https:\\\/\\\/tiketi.com\\\/#\\\/schema\\\/logo\\\/image\\\/\",\"url\":\"https:\\\/\\\/tiketi.com\\\/wp-content\\\/uploads\\\/2019\\\/05\\\/tiketi-logo-696.png\",\"contentUrl\":\"https:\\\/\\\/tiketi.com\\\/wp-content\\\/uploads\\\/2019\\\/05\\\/tiketi-logo-696.png\",\"width\":696,\"height\":696,\"caption\":\"Tiketi.com\"},\"image\":{\"@id\":\"https:\\\/\\\/tiketi.com\\\/#\\\/schema\\\/logo\\\/image\\\/\"},\"sameAs\":[\"https:\\\/\\\/www.facebook.com\\\/TiketiCom\\\/\"]}]}<\/script>\n<!-- \/ Yoast SEO plugin. -->","yoast_head_json":{"title":"Vols pas chers de Kampala \u00e0 Kigali","description":"Vous recherchez des vols \u00e0 bas prix au Kampala vers Kigali? Recherchez, comparez et r\u00e9servez un billet d&#039;avion pas cher de Kampala \u00e0 Kigali en ligne","robots":{"index":"index","follow":"follow","max-snippet":"max-snippet:-1","max-image-preview":"max-image-preview:large","max-video-preview":"max-video-preview:-1"},"canonical":"https:\/\/tiketi.com\/fr-fr\/cheap-flights-from-kampala-to-kigali-kla-kgl\/","og_locale":"fr_FR","og_type":"article","og_title":"Cheap Flights from\u00a0Kampala to Kigali","og_description":"Looking for cheap flights from\u00a0Kampala to Kigali? Search, compare and book cheap airline ticket from Kampala to Kigali online","og_url":"https:\/\/tiketi.com\/fr-fr\/cheap-flights-from-kampala-to-kigali-kla-kgl\/","og_site_name":"Tiketi.com","article_publisher":"https:\/\/www.facebook.com\/TiketiCom\/","article_modified_time":"2022-02-08T16:06:31+00:00","og_image":[{"width":1200,"height":240,"url":"https:\/\/tiketi.com\/wp-content\/uploads\/2022\/01\/flight-ticket-booking-sorasak-KxCJXXGsv9I-unsplas.jpg","type":"image\/jpeg"}],"twitter_card":"summary_large_image","twitter_misc":{"Dur\u00e9e de lecture estim\u00e9e":"3 minutes"},"schema":{"@context":"https:\/\/schema.org","@graph":[{"@type":"WebPage","@id":"https:\/\/tiketi.com\/cheap-flights-from-kampala-to-kigali-kla-kgl\/","url":"https:\/\/tiketi.com\/cheap-flights-from-kampala-to-kigali-kla-kgl\/","name":"Vols pas chers de Kampala \u00e0 Kigali","isPartOf":{"@id":"https:\/\/tiketi.com\/#website"},"primaryImageOfPage":{"@id":"https:\/\/tiketi.com\/cheap-flights-from-kampala-to-kigali-kla-kgl\/#primaryimage"},"image":{"@id":"https:\/\/tiketi.com\/cheap-flights-from-kampala-to-kigali-kla-kgl\/#primaryimage"},"thumbnailUrl":"https:\/\/tiketi.com\/wp-content\/uploads\/2022\/01\/flight-ticket-booking-sorasak-KxCJXXGsv9I-unsplas.jpg","datePublished":"2022-01-19T11:54:56+00:00","dateModified":"2022-02-08T16:06:31+00:00","description":"Vous recherchez des vols \u00e0 bas prix au Kampala vers Kigali? Recherchez, comparez et r\u00e9servez un billet d&#039;avion pas cher de Kampala \u00e0 Kigali en ligne","breadcrumb":{"@id":"https:\/\/tiketi.com\/cheap-flights-from-kampala-to-kigali-kla-kgl\/#breadcrumb"},"inLanguage":"fr-FR","potentialAction":[{"@type":"ReadAction","target":["https:\/\/tiketi.com\/cheap-flights-from-kampala-to-kigali-kla-kgl\/"]}]},{"@type":"ImageObject","inLanguage":"fr-FR","@id":"https:\/\/tiketi.com\/cheap-flights-from-kampala-to-kigali-kla-kgl\/#primaryimage","url":"https:\/\/tiketi.com\/wp-content\/uploads\/2022\/01\/flight-ticket-booking-sorasak-KxCJXXGsv9I-unsplas.jpg","contentUrl":"https:\/\/tiketi.com\/wp-content\/uploads\/2022\/01\/flight-ticket-booking-sorasak-KxCJXXGsv9I-unsplas.jpg","width":1200,"height":240,"caption":"Online flight ticket booking"},{"@type":"BreadcrumbList","@id":"https:\/\/tiketi.com\/cheap-flights-from-kampala-to-kigali-kla-kgl\/#breadcrumb","itemListElement":[{"@type":"ListItem","position":1,"name":"Home","item":"https:\/\/tiketi.com\/"},{"@type":"ListItem","position":2,"name":"Cheap Flights from\u00a0Kampala to Kigali"}]},{"@type":"WebSite","@id":"https:\/\/tiketi.com\/#website","url":"https:\/\/tiketi.com\/","name":"Billets d&#039;avion et de bus, forfaits touristiques et activit\u00e9s - Tiketi.com","description":"Billets d&#039;avion et de bus, Tours, Activit\u00e9s","publisher":{"@id":"https:\/\/tiketi.com\/#organization"},"potentialAction":[{"@type":"SearchAction","target":{"@type":"EntryPoint","urlTemplate":"https:\/\/tiketi.com\/?s={search_term_string}"},"query-input":{"@type":"PropertyValueSpecification","valueRequired":true,"valueName":"search_term_string"}}],"inLanguage":"fr-FR"},{"@type":"Organization","@id":"https:\/\/tiketi.com\/#organization","name":"Tiketi.com","alternateName":"Tiketi","url":"https:\/\/tiketi.com\/","logo":{"@type":"ImageObject","inLanguage":"fr-FR","@id":"https:\/\/tiketi.com\/#\/schema\/logo\/image\/","url":"https:\/\/tiketi.com\/wp-content\/uploads\/2019\/05\/tiketi-logo-696.png","contentUrl":"https:\/\/tiketi.com\/wp-content\/uploads\/2019\/05\/tiketi-logo-696.png","width":696,"height":696,"caption":"Tiketi.com"},"image":{"@id":"https:\/\/tiketi.com\/#\/schema\/logo\/image\/"},"sameAs":["https:\/\/www.facebook.com\/TiketiCom\/"]}]}},"_links":{"self":[{"href":"https:\/\/tiketi.com\/fr-fr\/wp-json\/wp\/v2\/pages\/11603","targetHints":{"allow":["GET"]}}],"collection":[{"href":"https:\/\/tiketi.com\/fr-fr\/wp-json\/wp\/v2\/pages"}],"about":[{"href":"https:\/\/tiketi.com\/fr-fr\/wp-json\/wp\/v2\/types\/page"}],"author":[{"embeddable":true,"href":"https:\/\/tiketi.com\/fr-fr\/wp-json\/wp\/v2\/users\/1"}],"replies":[{"embeddable":true,"href":"https:\/\/tiketi.com\/fr-fr\/wp-json\/wp\/v2\/comments?post=11603"}],"version-history":[{"count":0,"href":"https:\/\/tiketi.com\/fr-fr\/wp-json\/wp\/v2\/pages\/11603\/revisions"}],"wp:featuredmedia":[{"embeddable":true,"href":"https:\/\/tiketi.com\/fr-fr\/wp-json\/wp\/v2\/media\/14041"}],"wp:attachment":[{"href":"https:\/\/tiketi.com\/fr-fr\/wp-json\/wp\/v2\/media?parent=11603"}],"curies":[{"name":"wp","href":"https:\/\/api.w.org\/{rel}","templated":true}]}}