{"id":11605,"date":"2022-01-19T12:54:56","date_gmt":"2022-01-19T11:54:56","guid":{"rendered":"https:\/\/new.tiketi.com\/cheap-flights-from-accra-to-kumasi\/"},"modified":"2022-02-07T11:06:15","modified_gmt":"2022-02-07T10:06:15","slug":"cheap-flights-from-accra-to-kumasi-acc-kms","status":"publish","type":"page","link":"https:\/\/tiketi.com\/fr-fr\/cheap-flights-from-accra-to-kumasi-acc-kms\/","title":{"rendered":"Vols pas chers d&#039;Accra \u00e0 Kumasi"},"content":{"rendered":"<h2>Vous recherchez un billet d&#039;avion pas cher de Accra \u00e0 Kumasi ou des offres de derni\u00e8re minute ?<\/h2>\n<h3>Recherchez, comparez et r\u00e9servez d\u00e8s maintenant des billets d&#039;avion pas chers de Abuja Accra (ACC) \u00e0 Kumasi (KMS) en ligne.<\/h3>\n<p>Trouvez des vols pas chers d&#039;Accra \u00e0 Kumasi et \u00e9conomisez sur vos billets d&#039;avion. Incroyable, anim\u00e9e et, oui, un peu intimidante, Kumasi est une ville \u00e0 explorer pleinement pendant quelques jours. Vous pourrez d\u00e9couvrir les traditions Ashanti, vous \u00e9vader au lac sacr\u00e9 juste \u00e0 c\u00f4t\u00e9 de la ville ou d\u00e9couvrir pourquoi la vie de la ville est enferm\u00e9e dans une pierre. R\u00e9servez un vol Accra-Kumasi au meilleur prix\u00a0\u2013 profitez d&#039;offres exceptionnelles sur votre billet d&#039;avion Accra-Kumasi en ligne. N&#039;h\u00e9sitez plus et profitez d&#039;offres exceptionnelles sur les billets d&#039;avion Accra-Kumasi d\u00e8s maintenant.<\/p>\n<h2>Voici quelques-unes des meilleures attractions de Kumasi<\/h2>\n<p><strong>\u00c9p\u00e9e Okomfo Anokye<\/strong><br \/>\nM\u00eame si vous n&#039;avez pas beaucoup de temps, n&#039;h\u00e9sitez pas \u00e0 faire un saut rapide dans le centre de Kumasi et \u00e0 visiter le site de l&#039;\u00e9p\u00e9e d&#039;Okomfo Anokye. Si vous \u00e9tiez un passionn\u00e9 d&#039;\u00e9p\u00e9es de pierre et des histoires du roi Arthur et de la Table ronde durant votre enfance, vous adorerez cet endroit. \u00c0 Kumasi m\u00eame, il y a une \u00e9p\u00e9e de pierre et une histoire de rois et de sorciers.<\/p>\n<p><strong>Lac Bosomtwe<\/strong><br \/>\nLe lac Bosomtwe est un immense lac situ\u00e9 dans un crat\u00e8re form\u00e9 par une tr\u00e8s ancienne m\u00e9t\u00e9orite. C&#039;est aussi le seul lac naturel du Ghana. Il est consid\u00e9r\u00e9 comme une divinit\u00e9 par le peuple Ashanti et joue un r\u00f4le essentiel dans ses croyances ancestrales.<\/p>\n<p><strong>Sanctuaire traditionnel de Besease<\/strong><br \/>\nLes tr\u00e8s anciens sanctuaires Ashanti autour de Kumasi sont class\u00e9s au patrimoine mondial de l&#039;UNESCO. Ils comptent parmi les rares sites encore existants o\u00f9 l&#039;on peut admirer l&#039;architecture traditionnelle Ashanti \u00e0 l&#039;\u00e9poque et d\u00e9couvrir les croyances ancestrales du peuple Ashanti.<\/p>\n<h2>FAQ sur les vols pas chers d&#039;Accra \u00e0 Kumasi<\/h2>\n<h3>Quelle est la meilleure dur\u00e9e de vol Accra - Kumasi pour r\u00e9server ?<\/h3>\n<p>En g\u00e9n\u00e9ral, le meilleur moment pour r\u00e9server un vol Accra-Kumasi est deux mois \u00e0 l&#039;avance. Les jours les plus avantageux sont les mercredis, mardis et samedis. Le dimanche est le jour le plus cher.<\/p>\n<h3>Combien de vols directs entre Accra et Kumasi ?<\/h3>\n<p>Il y a un billet d&#039;avion direct d&#039;Accra \u00e0 Kumasi.<\/p>\n<h3>Quelle est la distance de vol entre Kumasi et Accra ?<\/h3>\n<p>La distance des vols de Kumasi \u00e0 Accra est de 197 km.<\/p>\n<h3>Quels sont les vols les moins chers les plus connus d&#039;Accra \u00e0 Kumasi ?<\/h3>\n<p>La compagnie a\u00e9rienne la plus c\u00e9l\u00e8bre proposant des vols d&#039;Accra \u00e0 Kumasi est African World Airlines.<\/p>\n<h2>Conseils pour r\u00e9server un billet d&#039;avion pas cher d&#039;Accra \u00e0 Kumasi<\/h2>\n<p>Le vol le plus rapide entre Accra et Kumasi dure quarante minutes. La dur\u00e9e moyenne est de quarante minutes.<\/p>\n<p>\u2022 Il y a seize vols hebdomadaires d&#039;Accra \u00e0 Kumasi<\/p>\n<p>\u2022 Accra, au Ghana, se trouve \u00e0 125 miles de Kumasi.<\/p>\n<p>\u2022 13 vols sans escale sont assur\u00e9s entre Accra et Kumasi.<\/p>\n<p>\u2022 Le premier vol de la journ\u00e9e part \u00e0 6 h. Le dernier vol de la journ\u00e9e part \u00e0 6 h.<\/p>","protected":false},"excerpt":{"rendered":"<p>Looking for cheap airline ticket from Accra to Kumasi or last minute deals? Search, compare and book cheap airline ticket from Abuja Accra (ACC) to Kumasi (KMS) online now. Find cheap flights from Accra to Kumasi and save money on airline tickets. Amazing, bustling, and yes, a bit overwhelming, Kumasi is fully exploring for a [&hellip;]<\/p>\n","protected":false},"author":1,"featured_media":14041,"parent":0,"menu_order":0,"comment_status":"open","ping_status":"closed","template":"template-home-modern.php","meta":{"footnotes":""},"class_list":["post-11605","page","type-page","status-publish","has-post-thumbnail","hentry"],"yoast_head":"<!-- This site is optimized with the Yoast SEO plugin v27.2 - https:\/\/yoast.com\/product\/yoast-seo-wordpress\/ -->\n<title>Cheap Flights from\u00a0Accra to Kumasi<\/title>\n<meta name=\"description\" content=\"Looking for cheap flights from\u00a0Accra to Kumasi? Search, compare and book cheap airline ticket from Abuja to Lagos online now\" \/>\n<meta name=\"robots\" content=\"index, follow, max-snippet:-1, max-image-preview:large, max-video-preview:-1\" \/>\n<link rel=\"canonical\" href=\"https:\/\/tiketi.com\/fr-fr\/cheap-flights-from-accra-to-kumasi-acc-kms\/\" \/>\n<meta property=\"og:locale\" content=\"fr_FR\" \/>\n<meta property=\"og:type\" content=\"article\" \/>\n<meta property=\"og:title\" content=\"Cheap Flights from\u00a0Accra to Kumasi\" \/>\n<meta property=\"og:description\" content=\"Looking for cheap flights from\u00a0Accra to Kumasi? Search, compare and book cheap airline ticket from Abuja to Lagos online now\" \/>\n<meta property=\"og:url\" content=\"https:\/\/tiketi.com\/fr-fr\/cheap-flights-from-accra-to-kumasi-acc-kms\/\" \/>\n<meta property=\"og:site_name\" content=\"Tiketi.com\" \/>\n<meta property=\"article:publisher\" content=\"https:\/\/www.facebook.com\/TiketiCom\/\" \/>\n<meta property=\"article:modified_time\" content=\"2022-02-07T10:06:15+00:00\" \/>\n<meta property=\"og:image\" content=\"https:\/\/tiketi.com\/wp-content\/uploads\/2022\/01\/flight-ticket-booking-sorasak-KxCJXXGsv9I-unsplas.jpg\" \/>\n\t<meta property=\"og:image:width\" content=\"1200\" \/>\n\t<meta property=\"og:image:height\" content=\"240\" \/>\n\t<meta property=\"og:image:type\" content=\"image\/jpeg\" \/>\n<meta name=\"twitter:card\" content=\"summary_large_image\" \/>\n<meta name=\"twitter:label1\" content=\"Dur\u00e9e de lecture estim\u00e9e\" \/>\n\t<meta name=\"twitter:data1\" content=\"3 minutes\" \/>\n<script type=\"application\/ld+json\" class=\"yoast-schema-graph\">{\"@context\":\"https:\/\/schema.org\",\"@graph\":[{\"@type\":\"WebPage\",\"@id\":\"https:\/\/tiketi.com\/fr-fr\/cheap-flights-from-accra-to-kumasi-acc-kms\/\",\"url\":\"https:\/\/tiketi.com\/fr-fr\/cheap-flights-from-accra-to-kumasi-acc-kms\/\",\"name\":\"Cheap Flights from\u00a0Accra to Kumasi\",\"isPartOf\":{\"@id\":\"https:\/\/tiketi.com\/#website\"},\"primaryImageOfPage\":{\"@id\":\"https:\/\/tiketi.com\/fr-fr\/cheap-flights-from-accra-to-kumasi-acc-kms\/#primaryimage\"},\"image\":{\"@id\":\"https:\/\/tiketi.com\/fr-fr\/cheap-flights-from-accra-to-kumasi-acc-kms\/#primaryimage\"},\"thumbnailUrl\":\"https:\/\/tiketi.com\/wp-content\/uploads\/2022\/01\/flight-ticket-booking-sorasak-KxCJXXGsv9I-unsplas.jpg\",\"datePublished\":\"2022-01-19T11:54:56+00:00\",\"dateModified\":\"2022-02-07T10:06:15+00:00\",\"description\":\"Looking for cheap flights from\u00a0Accra to Kumasi? Search, compare and book cheap airline ticket from Abuja to Lagos online now\",\"breadcrumb\":{\"@id\":\"https:\/\/tiketi.com\/fr-fr\/cheap-flights-from-accra-to-kumasi-acc-kms\/#breadcrumb\"},\"inLanguage\":\"fr-FR\",\"potentialAction\":[{\"@type\":\"ReadAction\",\"target\":[\"https:\/\/tiketi.com\/fr-fr\/cheap-flights-from-accra-to-kumasi-acc-kms\/\"]}]},{\"@type\":\"ImageObject\",\"inLanguage\":\"fr-FR\",\"@id\":\"https:\/\/tiketi.com\/fr-fr\/cheap-flights-from-accra-to-kumasi-acc-kms\/#primaryimage\",\"url\":\"https:\/\/tiketi.com\/wp-content\/uploads\/2022\/01\/flight-ticket-booking-sorasak-KxCJXXGsv9I-unsplas.jpg\",\"contentUrl\":\"https:\/\/tiketi.com\/wp-content\/uploads\/2022\/01\/flight-ticket-booking-sorasak-KxCJXXGsv9I-unsplas.jpg\",\"width\":1200,\"height\":240,\"caption\":\"Online flight ticket booking\"},{\"@type\":\"BreadcrumbList\",\"@id\":\"https:\/\/tiketi.com\/fr-fr\/cheap-flights-from-accra-to-kumasi-acc-kms\/#breadcrumb\",\"itemListElement\":[{\"@type\":\"ListItem\",\"position\":1,\"name\":\"Home\",\"item\":\"https:\/\/tiketi.com\/\"},{\"@type\":\"ListItem\",\"position\":2,\"name\":\"Cheap Flights from\u00a0Accra to Kumasi\"}]},{\"@type\":\"WebSite\",\"@id\":\"https:\/\/tiketi.com\/#website\",\"url\":\"https:\/\/tiketi.com\/\",\"name\":\"Flight & Bus Tickets, Tour Packages & Activitites - Tiketi.com\",\"description\":\"Flight &amp; Bus Tickets, Tours, Activitites\",\"publisher\":{\"@id\":\"https:\/\/tiketi.com\/#organization\"},\"potentialAction\":[{\"@type\":\"SearchAction\",\"target\":{\"@type\":\"EntryPoint\",\"urlTemplate\":\"https:\/\/tiketi.com\/?s={search_term_string}\"},\"query-input\":{\"@type\":\"PropertyValueSpecification\",\"valueRequired\":true,\"valueName\":\"search_term_string\"}}],\"inLanguage\":\"fr-FR\"},{\"@type\":\"Organization\",\"@id\":\"https:\/\/tiketi.com\/#organization\",\"name\":\"Tiketi.com\",\"alternateName\":\"Tiketi\",\"url\":\"https:\/\/tiketi.com\/\",\"logo\":{\"@type\":\"ImageObject\",\"inLanguage\":\"fr-FR\",\"@id\":\"https:\/\/tiketi.com\/#\/schema\/logo\/image\/\",\"url\":\"https:\/\/tiketi.com\/wp-content\/uploads\/2019\/05\/tiketi-logo-696.png\",\"contentUrl\":\"https:\/\/tiketi.com\/wp-content\/uploads\/2019\/05\/tiketi-logo-696.png\",\"width\":696,\"height\":696,\"caption\":\"Tiketi.com\"},\"image\":{\"@id\":\"https:\/\/tiketi.com\/#\/schema\/logo\/image\/\"},\"sameAs\":[\"https:\/\/www.facebook.com\/TiketiCom\/\"]}]}<\/script>\n<!-- \/ Yoast SEO plugin. -->","yoast_head_json":{"title":"Vols pas chers d&#039;Accra \u00e0 Kumasi","description":"Vous recherchez des vols \u00e0 bas prix de Accra \u00e0 Kumasi ? Recherchez, comparez et r\u00e9servez en ligne maintenant un billet d&#039;avion pas cher de Abuja \u00e0 Lagos","robots":{"index":"index","follow":"follow","max-snippet":"max-snippet:-1","max-image-preview":"max-image-preview:large","max-video-preview":"max-video-preview:-1"},"canonical":"https:\/\/tiketi.com\/fr-fr\/cheap-flights-from-accra-to-kumasi-acc-kms\/","og_locale":"fr_FR","og_type":"article","og_title":"Cheap Flights from\u00a0Accra to Kumasi","og_description":"Looking for cheap flights from\u00a0Accra to Kumasi? Search, compare and book cheap airline ticket from Abuja to Lagos online now","og_url":"https:\/\/tiketi.com\/fr-fr\/cheap-flights-from-accra-to-kumasi-acc-kms\/","og_site_name":"Tiketi.com","article_publisher":"https:\/\/www.facebook.com\/TiketiCom\/","article_modified_time":"2022-02-07T10:06:15+00:00","og_image":[{"width":1200,"height":240,"url":"https:\/\/tiketi.com\/wp-content\/uploads\/2022\/01\/flight-ticket-booking-sorasak-KxCJXXGsv9I-unsplas.jpg","type":"image\/jpeg"}],"twitter_card":"summary_large_image","twitter_misc":{"Dur\u00e9e de lecture estim\u00e9e":"3 minutes"},"schema":{"@context":"https:\/\/schema.org","@graph":[{"@type":"WebPage","@id":"https:\/\/tiketi.com\/fr-fr\/cheap-flights-from-accra-to-kumasi-acc-kms\/","url":"https:\/\/tiketi.com\/fr-fr\/cheap-flights-from-accra-to-kumasi-acc-kms\/","name":"Vols pas chers d&#039;Accra \u00e0 Kumasi","isPartOf":{"@id":"https:\/\/tiketi.com\/#website"},"primaryImageOfPage":{"@id":"https:\/\/tiketi.com\/fr-fr\/cheap-flights-from-accra-to-kumasi-acc-kms\/#primaryimage"},"image":{"@id":"https:\/\/tiketi.com\/fr-fr\/cheap-flights-from-accra-to-kumasi-acc-kms\/#primaryimage"},"thumbnailUrl":"https:\/\/tiketi.com\/wp-content\/uploads\/2022\/01\/flight-ticket-booking-sorasak-KxCJXXGsv9I-unsplas.jpg","datePublished":"2022-01-19T11:54:56+00:00","dateModified":"2022-02-07T10:06:15+00:00","description":"Vous recherchez des vols \u00e0 bas prix de Accra \u00e0 Kumasi ? Recherchez, comparez et r\u00e9servez en ligne maintenant un billet d&#039;avion pas cher de Abuja \u00e0 Lagos","breadcrumb":{"@id":"https:\/\/tiketi.com\/fr-fr\/cheap-flights-from-accra-to-kumasi-acc-kms\/#breadcrumb"},"inLanguage":"fr-FR","potentialAction":[{"@type":"ReadAction","target":["https:\/\/tiketi.com\/fr-fr\/cheap-flights-from-accra-to-kumasi-acc-kms\/"]}]},{"@type":"ImageObject","inLanguage":"fr-FR","@id":"https:\/\/tiketi.com\/fr-fr\/cheap-flights-from-accra-to-kumasi-acc-kms\/#primaryimage","url":"https:\/\/tiketi.com\/wp-content\/uploads\/2022\/01\/flight-ticket-booking-sorasak-KxCJXXGsv9I-unsplas.jpg","contentUrl":"https:\/\/tiketi.com\/wp-content\/uploads\/2022\/01\/flight-ticket-booking-sorasak-KxCJXXGsv9I-unsplas.jpg","width":1200,"height":240,"caption":"Online flight ticket booking"},{"@type":"BreadcrumbList","@id":"https:\/\/tiketi.com\/fr-fr\/cheap-flights-from-accra-to-kumasi-acc-kms\/#breadcrumb","itemListElement":[{"@type":"ListItem","position":1,"name":"Home","item":"https:\/\/tiketi.com\/"},{"@type":"ListItem","position":2,"name":"Cheap Flights from\u00a0Accra to Kumasi"}]},{"@type":"WebSite","@id":"https:\/\/tiketi.com\/#website","url":"https:\/\/tiketi.com\/","name":"Billets d&#039;avion et de bus, forfaits touristiques et activit\u00e9s - Tiketi.com","description":"Billets d&#039;avion et de bus, Tours, Activit\u00e9s","publisher":{"@id":"https:\/\/tiketi.com\/#organization"},"potentialAction":[{"@type":"SearchAction","target":{"@type":"EntryPoint","urlTemplate":"https:\/\/tiketi.com\/?s={search_term_string}"},"query-input":{"@type":"PropertyValueSpecification","valueRequired":true,"valueName":"search_term_string"}}],"inLanguage":"fr-FR"},{"@type":"Organization","@id":"https:\/\/tiketi.com\/#organization","name":"Tiketi.com","alternateName":"Tiketi","url":"https:\/\/tiketi.com\/","logo":{"@type":"ImageObject","inLanguage":"fr-FR","@id":"https:\/\/tiketi.com\/#\/schema\/logo\/image\/","url":"https:\/\/tiketi.com\/wp-content\/uploads\/2019\/05\/tiketi-logo-696.png","contentUrl":"https:\/\/tiketi.com\/wp-content\/uploads\/2019\/05\/tiketi-logo-696.png","width":696,"height":696,"caption":"Tiketi.com"},"image":{"@id":"https:\/\/tiketi.com\/#\/schema\/logo\/image\/"},"sameAs":["https:\/\/www.facebook.com\/TiketiCom\/"]}]}},"_links":{"self":[{"href":"https:\/\/tiketi.com\/fr-fr\/wp-json\/wp\/v2\/pages\/11605","targetHints":{"allow":["GET"]}}],"collection":[{"href":"https:\/\/tiketi.com\/fr-fr\/wp-json\/wp\/v2\/pages"}],"about":[{"href":"https:\/\/tiketi.com\/fr-fr\/wp-json\/wp\/v2\/types\/page"}],"author":[{"embeddable":true,"href":"https:\/\/tiketi.com\/fr-fr\/wp-json\/wp\/v2\/users\/1"}],"replies":[{"embeddable":true,"href":"https:\/\/tiketi.com\/fr-fr\/wp-json\/wp\/v2\/comments?post=11605"}],"version-history":[{"count":0,"href":"https:\/\/tiketi.com\/fr-fr\/wp-json\/wp\/v2\/pages\/11605\/revisions"}],"wp:featuredmedia":[{"embeddable":true,"href":"https:\/\/tiketi.com\/fr-fr\/wp-json\/wp\/v2\/media\/14041"}],"wp:attachment":[{"href":"https:\/\/tiketi.com\/fr-fr\/wp-json\/wp\/v2\/media?parent=11605"}],"curies":[{"name":"wp","href":"https:\/\/api.w.org\/{rel}","templated":true}]}}