{"id":11606,"date":"2022-01-19T12:54:56","date_gmt":"2022-01-19T11:54:56","guid":{"rendered":"https:\/\/new.tiketi.com\/cheap-flights-from-dar-es-salaam-to-kampala\/"},"modified":"2022-02-07T17:13:53","modified_gmt":"2022-02-07T16:13:53","slug":"cheap-flights-from-dar-es-salaam-to-kampala","status":"publish","type":"page","link":"https:\/\/tiketi.com\/fr-fr\/cheap-flights-from-dar-es-salaam-to-kampala\/","title":{"rendered":"Vols \u00e0 bas prix de Dar es Salam \u00e0 Kampala"},"content":{"rendered":"<h2>Vous recherchez un billet d&#039;avion pas cher de Dar es Salam \u00e0 Kampala ou des offres de derni\u00e8re minute ?<\/h2>\n<h3>Recherchez, comparez et r\u00e9servez en ligne maintenant un billet d&#039;avion pas cher entre Dar es Salaam (DAR) et Kampala (KLA).<\/h3>\n<p>Comparez et r\u00e9servez en ligne des vols pas chers de Dar es Salam \u00e0 Kampala et gagnez du temps et de l&#039;argent. La ville de Kampala a diff\u00e9rentes attractions, dont beaucoup sont historiques, telles que le lieu de s\u00e9pulture des tombes de Kasubi pour les rois du Buganda connu sous le nom de Kabaka. Grande maison au toit de chaume en forme de hutte remarquable dans une architecture tr\u00e8s ancienne, pourrait \u00eatre assortie \u00e0 une pyramide \u00e9gyptienne. Vous pouvez visiter Kampala gr\u00e2ce \u00e0 des offres exceptionnelles sur les billets d&#039;avion de Dar es Salaam \u00e0 Kampala et voler de Dar Es Salaam \u00e0 Kampala \u00e0 bas prix.<\/p>\n<h2>FAQ sur les vols pas chers de Dar es Salam \u00e0 Kampala<\/h2>\n<h3>Combien de temps dure le vol Dar Es Salaam-Kampala ?<\/h3>\n<p>En vol direct, attendez-vous \u00e0 voler de Dar es Salaam \u00e0 Kampala pendant environ deux heures. La distance parcourue est d&#039;environ 671 kilom\u00e8tres.<\/p>\n<h3>Combien de vols les moins chers de Dar es Salam \u00e0 Kampala partent en moyenne par jour ?<\/h3>\n<p>Chaque jour, deux vols partent de Dar es Salaam vers Kampala en moyenne.<\/p>\n<p>\u2022\u00a0<strong>Matin <\/strong>\u2013 cinquante pour cent des d\u00e9parts de vols<\/p>\n<p>\u2022\u00a0<strong>Apr\u00e8s midi <\/strong>\u2013 cinquante pour cent des d\u00e9parts de vols<\/p>\n<h3>Combien de temps dure un vol Dar es Salam-Kampala ?<\/h3>\n<p>La dur\u00e9e moyenne d&#039;un vol entre Dar Es Salaam et Kampala est d&#039;une heure et cinquante minutes.<\/p>\n<h3>Quelle est la fr\u00e9quence des vols directs Dar Es Salaam-Kampala ?<\/h3>\n<p>Il y a sept vols directs entre Dar es Salaam et Kampala.<\/p>\n<h3>Quelles sont les compagnies a\u00e9riennes les plus c\u00e9l\u00e8bres de Dar es Salaam pour les billets d&#039;avion pas chers de Dar es Salaam \u00e0 Kampala ?<\/h3>\n<p>Utair Express propose cent pour cent des vols sans escale entre Kampala et Dar es Salaam.<\/p>\n<h2>Conseils sur les vols Dar es Salam - Kampala<\/h2>\n<h3>Voici quelques-unes des meilleures attractions de la ville :<\/h3>\n<h3>Palais Kabaka<\/h3>\n<p>Le palais de Kabaka est l&#039;un des plus anciens royaumes d&#039;Afrique \u00e9tabli depuis de nombreux si\u00e8cles.<\/p>\n<h3>Jinja<\/h3>\n<p>Jinja est situ\u00e9 \u00e0 seulement 54 miles \u00e0 l&#039;est de Kampala. C&#039;est la source du Nil et offre certaines des activit\u00e9s les plus \u00e9tonnantes telles que la croisi\u00e8re en jet, l&#039;\u00e9quitation, l&#039;\u00e9quitation et le rafting en eau vive. Assurez-vous de visiter les plaines d&#039;Ishasha pour voir l&#039;un des 2 endroits de la plan\u00e8te o\u00f9 il est possible de voir des lions grimpeurs.<\/p>\n<h3>Centres commerciaux<\/h3>\n<p>De nombreux centres commerciaux modernes sp\u00e9ciaux ont \u00e9t\u00e9 mis en place, tels que Garden City Mall, Kasumba Square Mall, Quality Mall, Lugoogo Mall, Nakumatt Oasis, etc. plac\u00e9s dans un environnement extr\u00eamement conducteur entour\u00e9 de la meilleure atmosph\u00e8re contrairement aux centres commerciaux du centre-ville de Kampala qui sont affect\u00e9s par la pollution, le trafic et les embouteillages.<\/p>\n<h3>Lac Victoria<\/h3>\n<p>La ville de Kampala compte plus de vingt collines, situ\u00e9es \u00e0 proximit\u00e9 du lac Victoria et offre la meilleure atmosph\u00e8re naturelle. Les gens sont chauds, calmes et amicaux. Les joints \u00e0 boire sont dans tous les coins.<br \/>\nKampala a \u00e9t\u00e9 honor\u00e9e pour avoir organis\u00e9 les jeux de la richesse commune de 2006, la ville est g\u00e9n\u00e9ralement connue comme une ville pacifique en raison de mesures r\u00e9ussies \u00e0 la place de l&#039;alerte terroriste conform\u00e9ment aux lois internationales.<\/p>","protected":false},"excerpt":{"rendered":"<p>Looking for cheap airline ticket from Dar es Salaam to Kampala\u00a0or last minute deals? Search, compare and book cheap airline ticket from Dar es Salaam (DAR) to Kampala (KLA) online now. Compare and book cheap flights from Dar es Salaam to Kampala online and save time and money. Kampala City has different attractions, many are [&hellip;]<\/p>\n","protected":false},"author":1,"featured_media":14041,"parent":0,"menu_order":0,"comment_status":"open","ping_status":"closed","template":"template-home-modern.php","meta":{"footnotes":""},"class_list":["post-11606","page","type-page","status-publish","has-post-thumbnail","hentry"],"yoast_head":"<!-- This site is optimized with the Yoast SEO plugin v27.3 - https:\/\/yoast.com\/product\/yoast-seo-wordpress\/ -->\n<title>Cheap Flights from\u00a0Dar es Salaam to Kampala<\/title>\n<meta name=\"description\" content=\"Looking for cheap flights from\u00a0Dar es Salaam to Kampala? Search, compare and book cheap airline ticket from Dar es Salaam to Kampala online\" \/>\n<meta name=\"robots\" content=\"index, follow, max-snippet:-1, max-image-preview:large, max-video-preview:-1\" \/>\n<link rel=\"canonical\" href=\"https:\/\/tiketi.com\/fr-fr\/cheap-flights-from-dar-es-salaam-to-kampala\/\" \/>\n<meta property=\"og:locale\" content=\"fr_FR\" \/>\n<meta property=\"og:type\" content=\"article\" \/>\n<meta property=\"og:title\" content=\"Cheap Flights from\u00a0Dar es Salaam to Kampala\" \/>\n<meta property=\"og:description\" content=\"Looking for cheap flights from\u00a0Dar es Salaam to Kampala? Search, compare and book cheap airline ticket from Dar es Salaam to Kampala online\" \/>\n<meta property=\"og:url\" content=\"https:\/\/tiketi.com\/fr-fr\/cheap-flights-from-dar-es-salaam-to-kampala\/\" \/>\n<meta property=\"og:site_name\" content=\"Tiketi.com\" \/>\n<meta property=\"article:publisher\" content=\"https:\/\/www.facebook.com\/TiketiCom\/\" \/>\n<meta property=\"article:modified_time\" content=\"2022-02-07T16:13:53+00:00\" \/>\n<meta property=\"og:image\" content=\"https:\/\/tiketi.com\/wp-content\/uploads\/2022\/01\/flight-ticket-booking-sorasak-KxCJXXGsv9I-unsplas.jpg\" \/>\n\t<meta property=\"og:image:width\" content=\"1200\" \/>\n\t<meta property=\"og:image:height\" content=\"240\" \/>\n\t<meta property=\"og:image:type\" content=\"image\/jpeg\" \/>\n<meta name=\"twitter:card\" content=\"summary_large_image\" \/>\n<meta name=\"twitter:label1\" content=\"Dur\u00e9e de lecture estim\u00e9e\" \/>\n\t<meta name=\"twitter:data1\" content=\"3 minutes\" \/>\n<script type=\"application\/ld+json\" class=\"yoast-schema-graph\">{\"@context\":\"https:\\\/\\\/schema.org\",\"@graph\":[{\"@type\":\"WebPage\",\"@id\":\"https:\\\/\\\/tiketi.com\\\/en-gb\\\/cheap-flights-from-dar-es-salaam-to-kampala\\\/\",\"url\":\"https:\\\/\\\/tiketi.com\\\/en-gb\\\/cheap-flights-from-dar-es-salaam-to-kampala\\\/\",\"name\":\"Cheap Flights from\u00a0Dar es Salaam to Kampala\",\"isPartOf\":{\"@id\":\"https:\\\/\\\/tiketi.com\\\/#website\"},\"primaryImageOfPage\":{\"@id\":\"https:\\\/\\\/tiketi.com\\\/en-gb\\\/cheap-flights-from-dar-es-salaam-to-kampala\\\/#primaryimage\"},\"image\":{\"@id\":\"https:\\\/\\\/tiketi.com\\\/en-gb\\\/cheap-flights-from-dar-es-salaam-to-kampala\\\/#primaryimage\"},\"thumbnailUrl\":\"https:\\\/\\\/tiketi.com\\\/wp-content\\\/uploads\\\/2022\\\/01\\\/flight-ticket-booking-sorasak-KxCJXXGsv9I-unsplas.jpg\",\"datePublished\":\"2022-01-19T11:54:56+00:00\",\"dateModified\":\"2022-02-07T16:13:53+00:00\",\"description\":\"Looking for cheap flights from\u00a0Dar es Salaam to Kampala? Search, compare and book cheap airline ticket from Dar es Salaam to Kampala online\",\"breadcrumb\":{\"@id\":\"https:\\\/\\\/tiketi.com\\\/en-gb\\\/cheap-flights-from-dar-es-salaam-to-kampala\\\/#breadcrumb\"},\"inLanguage\":\"fr-FR\",\"potentialAction\":[{\"@type\":\"ReadAction\",\"target\":[\"https:\\\/\\\/tiketi.com\\\/en-gb\\\/cheap-flights-from-dar-es-salaam-to-kampala\\\/\"]}]},{\"@type\":\"ImageObject\",\"inLanguage\":\"fr-FR\",\"@id\":\"https:\\\/\\\/tiketi.com\\\/en-gb\\\/cheap-flights-from-dar-es-salaam-to-kampala\\\/#primaryimage\",\"url\":\"https:\\\/\\\/tiketi.com\\\/wp-content\\\/uploads\\\/2022\\\/01\\\/flight-ticket-booking-sorasak-KxCJXXGsv9I-unsplas.jpg\",\"contentUrl\":\"https:\\\/\\\/tiketi.com\\\/wp-content\\\/uploads\\\/2022\\\/01\\\/flight-ticket-booking-sorasak-KxCJXXGsv9I-unsplas.jpg\",\"width\":1200,\"height\":240,\"caption\":\"Online flight ticket booking\"},{\"@type\":\"BreadcrumbList\",\"@id\":\"https:\\\/\\\/tiketi.com\\\/en-gb\\\/cheap-flights-from-dar-es-salaam-to-kampala\\\/#breadcrumb\",\"itemListElement\":[{\"@type\":\"ListItem\",\"position\":1,\"name\":\"Home\",\"item\":\"https:\\\/\\\/tiketi.com\\\/\"},{\"@type\":\"ListItem\",\"position\":2,\"name\":\"Cheap Flights from\u00a0Dar es Salaam to Kampala\"}]},{\"@type\":\"WebSite\",\"@id\":\"https:\\\/\\\/tiketi.com\\\/#website\",\"url\":\"https:\\\/\\\/tiketi.com\\\/\",\"name\":\"Flight & Bus Tickets, Tour Packages & Activitites - Tiketi.com\",\"description\":\"Flight &amp; Bus Tickets, Tours, Activitites\",\"publisher\":{\"@id\":\"https:\\\/\\\/tiketi.com\\\/#organization\"},\"potentialAction\":[{\"@type\":\"SearchAction\",\"target\":{\"@type\":\"EntryPoint\",\"urlTemplate\":\"https:\\\/\\\/tiketi.com\\\/?s={search_term_string}\"},\"query-input\":{\"@type\":\"PropertyValueSpecification\",\"valueRequired\":true,\"valueName\":\"search_term_string\"}}],\"inLanguage\":\"fr-FR\"},{\"@type\":\"Organization\",\"@id\":\"https:\\\/\\\/tiketi.com\\\/#organization\",\"name\":\"Tiketi.com\",\"alternateName\":\"Tiketi\",\"url\":\"https:\\\/\\\/tiketi.com\\\/\",\"logo\":{\"@type\":\"ImageObject\",\"inLanguage\":\"fr-FR\",\"@id\":\"https:\\\/\\\/tiketi.com\\\/#\\\/schema\\\/logo\\\/image\\\/\",\"url\":\"https:\\\/\\\/tiketi.com\\\/wp-content\\\/uploads\\\/2019\\\/05\\\/tiketi-logo-696.png\",\"contentUrl\":\"https:\\\/\\\/tiketi.com\\\/wp-content\\\/uploads\\\/2019\\\/05\\\/tiketi-logo-696.png\",\"width\":696,\"height\":696,\"caption\":\"Tiketi.com\"},\"image\":{\"@id\":\"https:\\\/\\\/tiketi.com\\\/#\\\/schema\\\/logo\\\/image\\\/\"},\"sameAs\":[\"https:\\\/\\\/www.facebook.com\\\/TiketiCom\\\/\"]}]}<\/script>\n<!-- \/ Yoast SEO plugin. -->","yoast_head_json":{"title":"Vols \u00e0 bas prix de Dar es Salam \u00e0 Kampala","description":"Vous recherchez des vols \u00e0 bas prix de Dar es Salam \u00e0 Kampala ? Recherchez, comparez et r\u00e9servez en ligne un billet d&#039;avion pas cher de Dar es Salam \u00e0 Kampala","robots":{"index":"index","follow":"follow","max-snippet":"max-snippet:-1","max-image-preview":"max-image-preview:large","max-video-preview":"max-video-preview:-1"},"canonical":"https:\/\/tiketi.com\/fr-fr\/cheap-flights-from-dar-es-salaam-to-kampala\/","og_locale":"fr_FR","og_type":"article","og_title":"Cheap Flights from\u00a0Dar es Salaam to Kampala","og_description":"Looking for cheap flights from\u00a0Dar es Salaam to Kampala? Search, compare and book cheap airline ticket from Dar es Salaam to Kampala online","og_url":"https:\/\/tiketi.com\/fr-fr\/cheap-flights-from-dar-es-salaam-to-kampala\/","og_site_name":"Tiketi.com","article_publisher":"https:\/\/www.facebook.com\/TiketiCom\/","article_modified_time":"2022-02-07T16:13:53+00:00","og_image":[{"width":1200,"height":240,"url":"https:\/\/tiketi.com\/wp-content\/uploads\/2022\/01\/flight-ticket-booking-sorasak-KxCJXXGsv9I-unsplas.jpg","type":"image\/jpeg"}],"twitter_card":"summary_large_image","twitter_misc":{"Dur\u00e9e de lecture estim\u00e9e":"3 minutes"},"schema":{"@context":"https:\/\/schema.org","@graph":[{"@type":"WebPage","@id":"https:\/\/tiketi.com\/en-gb\/cheap-flights-from-dar-es-salaam-to-kampala\/","url":"https:\/\/tiketi.com\/en-gb\/cheap-flights-from-dar-es-salaam-to-kampala\/","name":"Vols \u00e0 bas prix de Dar es Salam \u00e0 Kampala","isPartOf":{"@id":"https:\/\/tiketi.com\/#website"},"primaryImageOfPage":{"@id":"https:\/\/tiketi.com\/en-gb\/cheap-flights-from-dar-es-salaam-to-kampala\/#primaryimage"},"image":{"@id":"https:\/\/tiketi.com\/en-gb\/cheap-flights-from-dar-es-salaam-to-kampala\/#primaryimage"},"thumbnailUrl":"https:\/\/tiketi.com\/wp-content\/uploads\/2022\/01\/flight-ticket-booking-sorasak-KxCJXXGsv9I-unsplas.jpg","datePublished":"2022-01-19T11:54:56+00:00","dateModified":"2022-02-07T16:13:53+00:00","description":"Vous recherchez des vols \u00e0 bas prix de Dar es Salam \u00e0 Kampala ? Recherchez, comparez et r\u00e9servez en ligne un billet d&#039;avion pas cher de Dar es Salam \u00e0 Kampala","breadcrumb":{"@id":"https:\/\/tiketi.com\/en-gb\/cheap-flights-from-dar-es-salaam-to-kampala\/#breadcrumb"},"inLanguage":"fr-FR","potentialAction":[{"@type":"ReadAction","target":["https:\/\/tiketi.com\/en-gb\/cheap-flights-from-dar-es-salaam-to-kampala\/"]}]},{"@type":"ImageObject","inLanguage":"fr-FR","@id":"https:\/\/tiketi.com\/en-gb\/cheap-flights-from-dar-es-salaam-to-kampala\/#primaryimage","url":"https:\/\/tiketi.com\/wp-content\/uploads\/2022\/01\/flight-ticket-booking-sorasak-KxCJXXGsv9I-unsplas.jpg","contentUrl":"https:\/\/tiketi.com\/wp-content\/uploads\/2022\/01\/flight-ticket-booking-sorasak-KxCJXXGsv9I-unsplas.jpg","width":1200,"height":240,"caption":"Online flight ticket booking"},{"@type":"BreadcrumbList","@id":"https:\/\/tiketi.com\/en-gb\/cheap-flights-from-dar-es-salaam-to-kampala\/#breadcrumb","itemListElement":[{"@type":"ListItem","position":1,"name":"Home","item":"https:\/\/tiketi.com\/"},{"@type":"ListItem","position":2,"name":"Cheap Flights from\u00a0Dar es Salaam to Kampala"}]},{"@type":"WebSite","@id":"https:\/\/tiketi.com\/#website","url":"https:\/\/tiketi.com\/","name":"Billets d&#039;avion et de bus, forfaits touristiques et activit\u00e9s - Tiketi.com","description":"Billets d&#039;avion et de bus, Tours, Activit\u00e9s","publisher":{"@id":"https:\/\/tiketi.com\/#organization"},"potentialAction":[{"@type":"SearchAction","target":{"@type":"EntryPoint","urlTemplate":"https:\/\/tiketi.com\/?s={search_term_string}"},"query-input":{"@type":"PropertyValueSpecification","valueRequired":true,"valueName":"search_term_string"}}],"inLanguage":"fr-FR"},{"@type":"Organization","@id":"https:\/\/tiketi.com\/#organization","name":"Tiketi.com","alternateName":"Tiketi","url":"https:\/\/tiketi.com\/","logo":{"@type":"ImageObject","inLanguage":"fr-FR","@id":"https:\/\/tiketi.com\/#\/schema\/logo\/image\/","url":"https:\/\/tiketi.com\/wp-content\/uploads\/2019\/05\/tiketi-logo-696.png","contentUrl":"https:\/\/tiketi.com\/wp-content\/uploads\/2019\/05\/tiketi-logo-696.png","width":696,"height":696,"caption":"Tiketi.com"},"image":{"@id":"https:\/\/tiketi.com\/#\/schema\/logo\/image\/"},"sameAs":["https:\/\/www.facebook.com\/TiketiCom\/"]}]}},"_links":{"self":[{"href":"https:\/\/tiketi.com\/fr-fr\/wp-json\/wp\/v2\/pages\/11606","targetHints":{"allow":["GET"]}}],"collection":[{"href":"https:\/\/tiketi.com\/fr-fr\/wp-json\/wp\/v2\/pages"}],"about":[{"href":"https:\/\/tiketi.com\/fr-fr\/wp-json\/wp\/v2\/types\/page"}],"author":[{"embeddable":true,"href":"https:\/\/tiketi.com\/fr-fr\/wp-json\/wp\/v2\/users\/1"}],"replies":[{"embeddable":true,"href":"https:\/\/tiketi.com\/fr-fr\/wp-json\/wp\/v2\/comments?post=11606"}],"version-history":[{"count":0,"href":"https:\/\/tiketi.com\/fr-fr\/wp-json\/wp\/v2\/pages\/11606\/revisions"}],"wp:featuredmedia":[{"embeddable":true,"href":"https:\/\/tiketi.com\/fr-fr\/wp-json\/wp\/v2\/media\/14041"}],"wp:attachment":[{"href":"https:\/\/tiketi.com\/fr-fr\/wp-json\/wp\/v2\/media?parent=11606"}],"curies":[{"name":"wp","href":"https:\/\/api.w.org\/{rel}","templated":true}]}}