{"id":11607,"date":"2022-01-19T12:54:56","date_gmt":"2022-01-19T11:54:56","guid":{"rendered":"https:\/\/new.tiketi.com\/cheap-flights-from-kumasi-to-accra\/"},"modified":"2022-02-08T17:28:47","modified_gmt":"2022-02-08T16:28:47","slug":"cheap-flights-from-kumasi-to-accra-kms-acc","status":"publish","type":"page","link":"https:\/\/tiketi.com\/fr-fr\/cheap-flights-from-kumasi-to-accra-kms-acc\/","title":{"rendered":"Vols pas chers de Kumasi \u00e0 Accra"},"content":{"rendered":"<h2>Vous cherchez un billet d&#039;avion pas cher \u00e0 partir de Kumasi pour Accra ou des offres de derni\u00e8re minute ?<\/h2>\n<h3>Recherchez, comparez et r\u00e9servez d\u00e8s maintenant un billet d&#039;avion pas cher de Kumasi (KMS) \u00e0 Accra (ACC).<\/h3>\n<p>R\u00e9servez des vols pas chers de Kumasi \u00e0 Accra en ligne et \u00e9conomisez de l&#039;argent sur les billets d&#039;avion. Accra est l&#039;une des villes les plus \u00e9tonnantes du Ghana. Leur culture est merveilleuse et leur histoire est l\u2019une des plus \u00e9tonnantes de la r\u00e9gion. Peu importe ce que vous go\u00fbtez, vous \u00eates s\u00fbr de trouver quelque chose de remarquable \u00e0 voir \u00e0 Accra. Visitez Accra gr\u00e2ce \u00e0 des offres exceptionnelles sur les billets d&#039;avion de Kumasi \u00e0 Accra et volez des vols de Kumasi \u00e0 Accra \u00e0 bas prix.<\/p>\n<h2>Voici quelques-unes des meilleures attractions d\u2019Accra<\/h2>\n<h3>Place de l&#039;Ind\u00e9pendance<\/h3>\n<p>La place de l\u2019Ind\u00e9pendance est \u00e9galement connue sous le nom de Place de l\u2019\u00c9toile Noire. La place est domin\u00e9e par une arche g\u00e9ante, mais en dessous se trouve la flamme \u00e9ternelle de la lib\u00e9ration africaine allum\u00e9e par Kwame Nkrumah. Celui-ci est vide la majeure partie de l&#039;ann\u00e9e, \u00e0 l&#039;exception de comm\u00e9morations uniques. De l\u2019autre c\u00f4t\u00e9 de la rue se trouve l\u2019Independence Arch.<\/p>\n<h3>Mosqu\u00e9e centrale d&#039;Accra<\/h3>\n<p>Des centaines de personnes visitent ce lieu chaque jour, soit pour adorer, soit pour admirer son architecture d\u00e9taill\u00e9e. M\u00eame si le lieu saint est bond\u00e9, le b\u00e2timent est suffisamment grand pour lui donner une impression d&#039;a\u00e9ration. Ce charmant b\u00e2timent est vraiment un spectacle \u00e0 voir.<\/p>\n<h3>Plage de plaisir Labadi<\/h3>\n<p>La plage amusante de Labadi est l&#039;une des plus belles plages d&#039;Accra avec de nombreuses chaises longues et des palmiers. L&#039;eau est peu profonde pr\u00e8s du rivage, vous pouvez donc vous baigner sans trop h\u00e9siter. Si vous avez faim, vous trouverez de nombreux caf\u00e9s et stands de restauration \u00e0 proximit\u00e9, ainsi que des magasins. Une visite \u00e0 la plage de plaisance est une fa\u00e7on id\u00e9ale de passer la journ\u00e9e.<\/p>\n<h2>FAQ sur les vols pas chers de Kumasi \u00e0 Accra<\/h2>\n<h3>Combien y a-t-il de vols directs de Kumasi \u00e0 Accra ?<\/h3>\n<p>Une compagnie a\u00e9rienne op\u00e8re des vols directs entre Kumasi et Accra.<\/p>\n<h3>Quel est le meilleur moment pour r\u00e9server un billet d&#039;avion pas cher de Kumasi \u00e0 Accra ?<\/h3>\n<p>En g\u00e9n\u00e9ral, le meilleur moment pour r\u00e9server un billet d&#039;avion de Kumasi \u00e0 Accra est 2 mois \u00e0 l&#039;avance. Et les jours abordables pour voler sont le mercredi, le mardi et le samedi. Le dimanche est le plus cher.<\/p>\n<h3>Combien de vols op\u00e8rent Kumasi-Accra en une semaine ?<\/h3>\n<p>Il y a 41 vols les moins chers de Kumasi \u00e0 Accra par semaine.<\/p>\n<h3>Combien de temps dure un vol entre Kumasi et Accra ?<\/h3>\n<p>La dur\u00e9e moyenne d&#039;un vol Kumasi-Accra est de 0 h 40 min.<\/p>\n<h2>Conseils pour les vols de Kumasi \u00e0 Accra<\/h2>\n<p>\u2022 Kumasi, au Ghana, se trouve \u00e0 200 km d&#039;Accra.<\/p>\n<p>\u2022 14 vols directs Kumasi-Accra assur\u00e9s quotidiennement.<\/p>\n<p>\u2022 African World Airlines propose le plus grand nombre de vols sans escale entre Accra et Kumasi.<\/p>\n<p>\u2022 Le temps de vol le plus rapide pour les vols directs de Kumasi \u00e0 Accra est de quarante minutes. La dur\u00e9e moyenne du vol est de quarante minutes.<\/p>\n<p>\u2022 La compagnie a\u00e9rienne la plus c\u00e9l\u00e8bre reliant Kumasi \u00e0 Accra est African World Airlines.<\/p>","protected":false},"excerpt":{"rendered":"<p>Looking for cheap airline ticket from Kumasi to Accra\u00a0or last minute deals? Search, compare and book cheap airline ticket from Kumasi (KMS) to Accra (ACC) online now. Book cheap flights from Kumasi to Accra online and save money on airfare. Accra is one of the most amazing cities in Ghana. Their culture is wonderful and [&hellip;]<\/p>\n","protected":false},"author":1,"featured_media":14041,"parent":0,"menu_order":0,"comment_status":"open","ping_status":"closed","template":"template-home-modern.php","meta":{"footnotes":""},"class_list":["post-11607","page","type-page","status-publish","has-post-thumbnail","hentry"],"yoast_head":"<!-- This site is optimized with the Yoast SEO plugin v27.4 - https:\/\/yoast.com\/product\/yoast-seo-wordpress\/ -->\n<title>Cheap Flights from\u00a0Kumasi to Accra<\/title>\n<meta name=\"description\" content=\"Looking for cheap flights from\u00a0Kumasi to Accra? Search, compare and book cheap airline ticket from Kumasi to Accra online\" \/>\n<meta name=\"robots\" content=\"index, follow, max-snippet:-1, max-image-preview:large, max-video-preview:-1\" \/>\n<link rel=\"canonical\" href=\"https:\/\/tiketi.com\/fr-fr\/cheap-flights-from-kumasi-to-accra-kms-acc\/\" \/>\n<meta property=\"og:locale\" content=\"fr_FR\" \/>\n<meta property=\"og:type\" content=\"article\" \/>\n<meta property=\"og:title\" content=\"Cheap Flights from\u00a0Kumasi to Accra\" \/>\n<meta property=\"og:description\" content=\"Looking for cheap flights from\u00a0Kumasi to Accra? Search, compare and book cheap airline ticket from Kumasi to Accra online\" \/>\n<meta property=\"og:url\" content=\"https:\/\/tiketi.com\/fr-fr\/cheap-flights-from-kumasi-to-accra-kms-acc\/\" \/>\n<meta property=\"og:site_name\" content=\"Tiketi.com\" \/>\n<meta property=\"article:publisher\" content=\"https:\/\/www.facebook.com\/TiketiCom\/\" \/>\n<meta property=\"article:modified_time\" content=\"2022-02-08T16:28:47+00:00\" \/>\n<meta property=\"og:image\" content=\"https:\/\/tiketi.com\/wp-content\/uploads\/2022\/01\/flight-ticket-booking-sorasak-KxCJXXGsv9I-unsplas.jpg\" \/>\n\t<meta property=\"og:image:width\" content=\"1200\" \/>\n\t<meta property=\"og:image:height\" content=\"240\" \/>\n\t<meta property=\"og:image:type\" content=\"image\/jpeg\" \/>\n<meta name=\"twitter:card\" content=\"summary_large_image\" \/>\n<meta name=\"twitter:label1\" content=\"Dur\u00e9e de lecture estim\u00e9e\" \/>\n\t<meta name=\"twitter:data1\" content=\"3 minutes\" \/>\n<script type=\"application\/ld+json\" class=\"yoast-schema-graph\">{\"@context\":\"https:\\\/\\\/schema.org\",\"@graph\":[{\"@type\":\"WebPage\",\"@id\":\"https:\\\/\\\/tiketi.com\\\/cheap-flights-from-kumasi-to-accra-kms-acc\\\/\",\"url\":\"https:\\\/\\\/tiketi.com\\\/cheap-flights-from-kumasi-to-accra-kms-acc\\\/\",\"name\":\"Cheap Flights from\u00a0Kumasi to Accra\",\"isPartOf\":{\"@id\":\"https:\\\/\\\/tiketi.com\\\/#website\"},\"primaryImageOfPage\":{\"@id\":\"https:\\\/\\\/tiketi.com\\\/cheap-flights-from-kumasi-to-accra-kms-acc\\\/#primaryimage\"},\"image\":{\"@id\":\"https:\\\/\\\/tiketi.com\\\/cheap-flights-from-kumasi-to-accra-kms-acc\\\/#primaryimage\"},\"thumbnailUrl\":\"https:\\\/\\\/tiketi.com\\\/wp-content\\\/uploads\\\/2022\\\/01\\\/flight-ticket-booking-sorasak-KxCJXXGsv9I-unsplas.jpg\",\"datePublished\":\"2022-01-19T11:54:56+00:00\",\"dateModified\":\"2022-02-08T16:28:47+00:00\",\"description\":\"Looking for cheap flights from\u00a0Kumasi to Accra? Search, compare and book cheap airline ticket from Kumasi to Accra online\",\"breadcrumb\":{\"@id\":\"https:\\\/\\\/tiketi.com\\\/cheap-flights-from-kumasi-to-accra-kms-acc\\\/#breadcrumb\"},\"inLanguage\":\"fr-FR\",\"potentialAction\":[{\"@type\":\"ReadAction\",\"target\":[\"https:\\\/\\\/tiketi.com\\\/cheap-flights-from-kumasi-to-accra-kms-acc\\\/\"]}]},{\"@type\":\"ImageObject\",\"inLanguage\":\"fr-FR\",\"@id\":\"https:\\\/\\\/tiketi.com\\\/cheap-flights-from-kumasi-to-accra-kms-acc\\\/#primaryimage\",\"url\":\"https:\\\/\\\/tiketi.com\\\/wp-content\\\/uploads\\\/2022\\\/01\\\/flight-ticket-booking-sorasak-KxCJXXGsv9I-unsplas.jpg\",\"contentUrl\":\"https:\\\/\\\/tiketi.com\\\/wp-content\\\/uploads\\\/2022\\\/01\\\/flight-ticket-booking-sorasak-KxCJXXGsv9I-unsplas.jpg\",\"width\":1200,\"height\":240,\"caption\":\"Online flight ticket booking\"},{\"@type\":\"BreadcrumbList\",\"@id\":\"https:\\\/\\\/tiketi.com\\\/cheap-flights-from-kumasi-to-accra-kms-acc\\\/#breadcrumb\",\"itemListElement\":[{\"@type\":\"ListItem\",\"position\":1,\"name\":\"Home\",\"item\":\"https:\\\/\\\/tiketi.com\\\/\"},{\"@type\":\"ListItem\",\"position\":2,\"name\":\"Cheap Flights from\u00a0Kumasi to Accra\"}]},{\"@type\":\"WebSite\",\"@id\":\"https:\\\/\\\/tiketi.com\\\/#website\",\"url\":\"https:\\\/\\\/tiketi.com\\\/\",\"name\":\"Flight & Bus Tickets, Tour Packages & Activitites - Tiketi.com\",\"description\":\"Flight &amp; Bus Tickets, Tours, Activitites\",\"publisher\":{\"@id\":\"https:\\\/\\\/tiketi.com\\\/#organization\"},\"potentialAction\":[{\"@type\":\"SearchAction\",\"target\":{\"@type\":\"EntryPoint\",\"urlTemplate\":\"https:\\\/\\\/tiketi.com\\\/?s={search_term_string}\"},\"query-input\":{\"@type\":\"PropertyValueSpecification\",\"valueRequired\":true,\"valueName\":\"search_term_string\"}}],\"inLanguage\":\"fr-FR\"},{\"@type\":\"Organization\",\"@id\":\"https:\\\/\\\/tiketi.com\\\/#organization\",\"name\":\"Tiketi.com\",\"alternateName\":\"Tiketi\",\"url\":\"https:\\\/\\\/tiketi.com\\\/\",\"logo\":{\"@type\":\"ImageObject\",\"inLanguage\":\"fr-FR\",\"@id\":\"https:\\\/\\\/tiketi.com\\\/#\\\/schema\\\/logo\\\/image\\\/\",\"url\":\"https:\\\/\\\/tiketi.com\\\/wp-content\\\/uploads\\\/2019\\\/05\\\/tiketi-logo-696.png\",\"contentUrl\":\"https:\\\/\\\/tiketi.com\\\/wp-content\\\/uploads\\\/2019\\\/05\\\/tiketi-logo-696.png\",\"width\":696,\"height\":696,\"caption\":\"Tiketi.com\"},\"image\":{\"@id\":\"https:\\\/\\\/tiketi.com\\\/#\\\/schema\\\/logo\\\/image\\\/\"},\"sameAs\":[\"https:\\\/\\\/www.facebook.com\\\/TiketiCom\\\/\"]}]}<\/script>\n<!-- \/ Yoast SEO plugin. -->","yoast_head_json":{"title":"Vols pas chers de Kumasi \u00e0 Accra","description":"Vous recherchez des vols \u00e0 bas prix au Kumasi vers Accra? Recherchez, comparez et r\u00e9servez un billet d&#039;avion pas cher de Kumasi \u00e0 Accra en ligne","robots":{"index":"index","follow":"follow","max-snippet":"max-snippet:-1","max-image-preview":"max-image-preview:large","max-video-preview":"max-video-preview:-1"},"canonical":"https:\/\/tiketi.com\/fr-fr\/cheap-flights-from-kumasi-to-accra-kms-acc\/","og_locale":"fr_FR","og_type":"article","og_title":"Cheap Flights from\u00a0Kumasi to Accra","og_description":"Looking for cheap flights from\u00a0Kumasi to Accra? Search, compare and book cheap airline ticket from Kumasi to Accra online","og_url":"https:\/\/tiketi.com\/fr-fr\/cheap-flights-from-kumasi-to-accra-kms-acc\/","og_site_name":"Tiketi.com","article_publisher":"https:\/\/www.facebook.com\/TiketiCom\/","article_modified_time":"2022-02-08T16:28:47+00:00","og_image":[{"width":1200,"height":240,"url":"https:\/\/tiketi.com\/wp-content\/uploads\/2022\/01\/flight-ticket-booking-sorasak-KxCJXXGsv9I-unsplas.jpg","type":"image\/jpeg"}],"twitter_card":"summary_large_image","twitter_misc":{"Dur\u00e9e de lecture estim\u00e9e":"3 minutes"},"schema":{"@context":"https:\/\/schema.org","@graph":[{"@type":"WebPage","@id":"https:\/\/tiketi.com\/cheap-flights-from-kumasi-to-accra-kms-acc\/","url":"https:\/\/tiketi.com\/cheap-flights-from-kumasi-to-accra-kms-acc\/","name":"Vols pas chers de Kumasi \u00e0 Accra","isPartOf":{"@id":"https:\/\/tiketi.com\/#website"},"primaryImageOfPage":{"@id":"https:\/\/tiketi.com\/cheap-flights-from-kumasi-to-accra-kms-acc\/#primaryimage"},"image":{"@id":"https:\/\/tiketi.com\/cheap-flights-from-kumasi-to-accra-kms-acc\/#primaryimage"},"thumbnailUrl":"https:\/\/tiketi.com\/wp-content\/uploads\/2022\/01\/flight-ticket-booking-sorasak-KxCJXXGsv9I-unsplas.jpg","datePublished":"2022-01-19T11:54:56+00:00","dateModified":"2022-02-08T16:28:47+00:00","description":"Vous recherchez des vols \u00e0 bas prix au Kumasi vers Accra? Recherchez, comparez et r\u00e9servez un billet d&#039;avion pas cher de Kumasi \u00e0 Accra en ligne","breadcrumb":{"@id":"https:\/\/tiketi.com\/cheap-flights-from-kumasi-to-accra-kms-acc\/#breadcrumb"},"inLanguage":"fr-FR","potentialAction":[{"@type":"ReadAction","target":["https:\/\/tiketi.com\/cheap-flights-from-kumasi-to-accra-kms-acc\/"]}]},{"@type":"ImageObject","inLanguage":"fr-FR","@id":"https:\/\/tiketi.com\/cheap-flights-from-kumasi-to-accra-kms-acc\/#primaryimage","url":"https:\/\/tiketi.com\/wp-content\/uploads\/2022\/01\/flight-ticket-booking-sorasak-KxCJXXGsv9I-unsplas.jpg","contentUrl":"https:\/\/tiketi.com\/wp-content\/uploads\/2022\/01\/flight-ticket-booking-sorasak-KxCJXXGsv9I-unsplas.jpg","width":1200,"height":240,"caption":"Online flight ticket booking"},{"@type":"BreadcrumbList","@id":"https:\/\/tiketi.com\/cheap-flights-from-kumasi-to-accra-kms-acc\/#breadcrumb","itemListElement":[{"@type":"ListItem","position":1,"name":"Home","item":"https:\/\/tiketi.com\/"},{"@type":"ListItem","position":2,"name":"Cheap Flights from\u00a0Kumasi to Accra"}]},{"@type":"WebSite","@id":"https:\/\/tiketi.com\/#website","url":"https:\/\/tiketi.com\/","name":"Billets d&#039;avion et de bus, forfaits touristiques et activit\u00e9s - Tiketi.com","description":"Billets d&#039;avion et de bus, Tours, Activit\u00e9s","publisher":{"@id":"https:\/\/tiketi.com\/#organization"},"potentialAction":[{"@type":"SearchAction","target":{"@type":"EntryPoint","urlTemplate":"https:\/\/tiketi.com\/?s={search_term_string}"},"query-input":{"@type":"PropertyValueSpecification","valueRequired":true,"valueName":"search_term_string"}}],"inLanguage":"fr-FR"},{"@type":"Organization","@id":"https:\/\/tiketi.com\/#organization","name":"Tiketi.com","alternateName":"Tiketi","url":"https:\/\/tiketi.com\/","logo":{"@type":"ImageObject","inLanguage":"fr-FR","@id":"https:\/\/tiketi.com\/#\/schema\/logo\/image\/","url":"https:\/\/tiketi.com\/wp-content\/uploads\/2019\/05\/tiketi-logo-696.png","contentUrl":"https:\/\/tiketi.com\/wp-content\/uploads\/2019\/05\/tiketi-logo-696.png","width":696,"height":696,"caption":"Tiketi.com"},"image":{"@id":"https:\/\/tiketi.com\/#\/schema\/logo\/image\/"},"sameAs":["https:\/\/www.facebook.com\/TiketiCom\/"]}]}},"_links":{"self":[{"href":"https:\/\/tiketi.com\/fr-fr\/wp-json\/wp\/v2\/pages\/11607","targetHints":{"allow":["GET"]}}],"collection":[{"href":"https:\/\/tiketi.com\/fr-fr\/wp-json\/wp\/v2\/pages"}],"about":[{"href":"https:\/\/tiketi.com\/fr-fr\/wp-json\/wp\/v2\/types\/page"}],"author":[{"embeddable":true,"href":"https:\/\/tiketi.com\/fr-fr\/wp-json\/wp\/v2\/users\/1"}],"replies":[{"embeddable":true,"href":"https:\/\/tiketi.com\/fr-fr\/wp-json\/wp\/v2\/comments?post=11607"}],"version-history":[{"count":0,"href":"https:\/\/tiketi.com\/fr-fr\/wp-json\/wp\/v2\/pages\/11607\/revisions"}],"wp:featuredmedia":[{"embeddable":true,"href":"https:\/\/tiketi.com\/fr-fr\/wp-json\/wp\/v2\/media\/14041"}],"wp:attachment":[{"href":"https:\/\/tiketi.com\/fr-fr\/wp-json\/wp\/v2\/media?parent=11607"}],"curies":[{"name":"wp","href":"https:\/\/api.w.org\/{rel}","templated":true}]}}