{"id":11608,"date":"2022-01-19T12:54:56","date_gmt":"2022-01-19T11:54:56","guid":{"rendered":"https:\/\/new.tiketi.com\/cheap-flights-from-kampala-to-dar-es-salaam\/"},"modified":"2024-08-22T09:23:19","modified_gmt":"2024-08-22T08:23:19","slug":"cheap-flights-from-kampala-to-dar-es-salaam","status":"publish","type":"page","link":"https:\/\/tiketi.com\/fr-fr\/cheap-flights-from-kampala-to-dar-es-salaam\/","title":{"rendered":"Vols \u00e0 bas prix de Kampala \u00e0 Dar es Salam"},"content":{"rendered":"<h2>Vous recherchez un billet d&#039;avion pas cher de Kampala \u00e0 Dar es Salam ou des offres de derni\u00e8re minute ?<\/h2>\n<h3>Cherchez, comparez et r\u00e9servez en ligne maintenant un billet d&#039;avion pas cher entre Kampala (KLA) et Dar es Salam (DAR).<\/h3>\n<p>R\u00e9servez en ligne des vols \u00e0 bas prix de Kampala \u00e0 Dar es Salam et \u00e9conomisez de l&#039;argent sur les billets d&#039;avion. L&#039;un des ports les plus actifs et les plus fr\u00e9quent\u00e9s d&#039;Afrique de l&#039;Est, Dar es Salaam en Tanzanie est principalement un village de p\u00eacheurs qui s&#039;est transform\u00e9 en une merveilleuse ville de quelques millions d&#039;habitants. \u00c9tant l&#039;une des premi\u00e8res routes maritimes de la plan\u00e8te, elle a conserv\u00e9 son charme multiculturel. Visitez Londres gr\u00e2ce \u00e0 des offres exceptionnelles sur les billets d&#039;avion de Kampala \u00e0 Dar es Salaam et volez de Kampala \u00e0 Dar es Salaam \u00e0 bas prix.<\/p>\n<h2>Voici quelques-unes des meilleures attractions de Dar es Salaam<\/h2>\n<h3>Monument d&#039;Askari<\/h3>\n<p>Le monument Askari est un statut en bronze de soldat de la Premi\u00e8re Guerre mondiale montrant un fusil. Le monument comm\u00e9more l&#039;arm\u00e9e africaine qui a combattu pendant la Premi\u00e8re Guerre mondiale. Cherchez l&#039;inscription de Rudyard Kipling sur le monument en swahili et en anglais. La statue est un point de rep\u00e8re de la ville et un favori des visiteurs et des rabatteurs.<\/p>\n<h3>Chambre d&#039;\u00c9tat<\/h3>\n<p>Proche du public, l&#039;incroyable State House est un autre point de rep\u00e8re de la ville sur le front de mer. Construit en fait comme r\u00e9sidence du gouverneur allemand au XIXe si\u00e8cle, il a \u00e9t\u00e9 construit avec des ajouts par les Britanniques et a \u00e9t\u00e9 partiellement endommag\u00e9 pendant la Premi\u00e8re Guerre mondiale. Dans son imposant avatar actuel, c&#039;est la maison du pr\u00e9sident.<\/p>\n<h3>Mus\u00e9e national et Maison de la culture<\/h3>\n<p>D\u00e9couvrez des instantan\u00e9s de l&#039;histoire du pays \u00e0 travers les \u00e2ges, une mosa\u00efque color\u00e9e de cultures et de tribus - des fossiles de l&#039;homme primitif d\u00e9couverts lors des fouilles au patrimoine tribal de la r\u00e9gion, la traite des esclaves de Zanzibar, ainsi que son \u00e9poque coloniale britannique et allemande. Le mus\u00e9e a ouvert ses portes en tant que m\u00e9morial du roi George V - propose \u00e9galement des expositions d&#039;artisanat et d&#039;arts traditionnels, d&#039;instruments de musique et d&#039;ornements.<\/p>\n<h2>FAQ sur les vols pas chers de Kampala \u00e0 Dar es Salam<\/h2>\n<h3>Combien de temps dure le vol entre Kampala et Dar es Salam ?<\/h3>\n<p>En vol direct, pensez \u00e0 voler pendant environ deux heures. La distance parcourue est d&#039;environ 671 kilom\u00e8tres.<\/p>\n<h3>Combien de vols Kampala-Dar es Salam en moyenne par jour ?<\/h3>\n<p>En moyenne, trois vols partent de Kampala vers Dar es Salaam par jour.<\/p>\n<p>Matin - cent pour cent des d\u00e9parts de vol.<\/p>\n<h3>Quelle est la renomm\u00e9e des vols entre Kampala et Dar es Salaam ?<\/h3>\n<p>Les vols de Kampala \u00e0 Dar es Salaam sont op\u00e9r\u00e9s 33 fois par semaine.<\/p>\n<h3>Quelle est la dur\u00e9e du vol de Kampala \u00e0 Dar es Salam ?<\/h3>\n<p>Les vols directs entre Dar es Salaam et Kampala prennent environ 1 heure 44 minutes.<\/p>\n<h3>Quelle est la fameuse offre de billet d&#039;avion de Kampala \u00e0 Dar es Salaam ?<\/h3>\n<p>Rwandair et Precision Air proposent des billets d&#039;avion de Kampala \u00e0 Dar es Salaam avec une escale au Kilimandjaro.<\/p>\n<h3>Quel est le nom des vols directs de Kampala \u00e0 Dar es Salaam ?<\/h3>\n<p>Northern Dene Airways propose des vols directs \u00e0 Dar es Salaam depuis Kampala.<\/p>","protected":false},"excerpt":{"rendered":"<p>Looking for cheap airline ticket from Kampala to Dar es Salaam\u00a0or last minute deals? Search, compare and book cheap airline ticket from Kampala (KLA) to Dar es Salaam (DAR) online now. Book cheap flights from Kampala to Dar es Salaam online and save money on airfare. One of the active and busiest ports in East [&hellip;]<\/p>\n","protected":false},"author":1,"featured_media":30064,"parent":0,"menu_order":0,"comment_status":"open","ping_status":"closed","template":"template-home-modern.php","meta":{"footnotes":""},"class_list":["post-11608","page","type-page","status-publish","has-post-thumbnail","hentry"],"yoast_head":"<!-- This site is optimized with the Yoast SEO plugin v27.2 - https:\/\/yoast.com\/product\/yoast-seo-wordpress\/ -->\n<title>Cheap Flights from\u00a0Kampala to Dar es Salaam<\/title>\n<meta name=\"description\" content=\"Looking for cheap flights from\u00a0Kampala to Dar es Salaam? Search, compare and book cheap airline ticket from Kampala to Dar es Salaam online\" \/>\n<meta name=\"robots\" content=\"index, follow, max-snippet:-1, max-image-preview:large, max-video-preview:-1\" \/>\n<link rel=\"canonical\" href=\"https:\/\/tiketi.com\/fr-fr\/cheap-flights-from-kampala-to-dar-es-salaam\/\" \/>\n<meta property=\"og:locale\" content=\"fr_FR\" \/>\n<meta property=\"og:type\" content=\"article\" \/>\n<meta property=\"og:title\" content=\"Cheap Flights from\u00a0Kampala to Dar es Salaam\" \/>\n<meta property=\"og:description\" content=\"Looking for cheap flights from\u00a0Kampala to Dar es Salaam? Search, compare and book cheap airline ticket from Kampala to Dar es Salaam online\" \/>\n<meta property=\"og:url\" content=\"https:\/\/tiketi.com\/fr-fr\/cheap-flights-from-kampala-to-dar-es-salaam\/\" \/>\n<meta property=\"og:site_name\" content=\"Tiketi.com\" \/>\n<meta property=\"article:publisher\" content=\"https:\/\/www.facebook.com\/TiketiCom\/\" \/>\n<meta property=\"article:modified_time\" content=\"2024-08-22T08:23:19+00:00\" \/>\n<meta property=\"og:image\" content=\"https:\/\/tiketi.com\/wp-content\/uploads\/2021\/06\/destination-dar-es-salaam-moses-londo-1bubgYf5zeY-uns.jpg\" \/>\n\t<meta property=\"og:image:width\" content=\"1200\" \/>\n\t<meta property=\"og:image:height\" content=\"400\" \/>\n\t<meta property=\"og:image:type\" content=\"image\/jpeg\" \/>\n<meta name=\"twitter:card\" content=\"summary_large_image\" \/>\n<meta name=\"twitter:label1\" content=\"Dur\u00e9e de lecture estim\u00e9e\" \/>\n\t<meta name=\"twitter:data1\" content=\"3 minutes\" \/>\n<script type=\"application\/ld+json\" class=\"yoast-schema-graph\">{\"@context\":\"https:\/\/schema.org\",\"@graph\":[{\"@type\":\"WebPage\",\"@id\":\"https:\/\/tiketi.com\/cheap-flights-from-kampala-to-dar-es-salaam\/\",\"url\":\"https:\/\/tiketi.com\/cheap-flights-from-kampala-to-dar-es-salaam\/\",\"name\":\"Cheap Flights from\u00a0Kampala to Dar es Salaam\",\"isPartOf\":{\"@id\":\"https:\/\/tiketi.com\/#website\"},\"primaryImageOfPage\":{\"@id\":\"https:\/\/tiketi.com\/cheap-flights-from-kampala-to-dar-es-salaam\/#primaryimage\"},\"image\":{\"@id\":\"https:\/\/tiketi.com\/cheap-flights-from-kampala-to-dar-es-salaam\/#primaryimage\"},\"thumbnailUrl\":\"https:\/\/tiketi.com\/wp-content\/uploads\/2021\/06\/destination-dar-es-salaam-moses-londo-1bubgYf5zeY-uns.jpg\",\"datePublished\":\"2022-01-19T11:54:56+00:00\",\"dateModified\":\"2024-08-22T08:23:19+00:00\",\"description\":\"Looking for cheap flights from\u00a0Kampala to Dar es Salaam? Search, compare and book cheap airline ticket from Kampala to Dar es Salaam online\",\"breadcrumb\":{\"@id\":\"https:\/\/tiketi.com\/cheap-flights-from-kampala-to-dar-es-salaam\/#breadcrumb\"},\"inLanguage\":\"fr-FR\",\"potentialAction\":[{\"@type\":\"ReadAction\",\"target\":[\"https:\/\/tiketi.com\/cheap-flights-from-kampala-to-dar-es-salaam\/\"]}]},{\"@type\":\"ImageObject\",\"inLanguage\":\"fr-FR\",\"@id\":\"https:\/\/tiketi.com\/cheap-flights-from-kampala-to-dar-es-salaam\/#primaryimage\",\"url\":\"https:\/\/tiketi.com\/wp-content\/uploads\/2021\/06\/destination-dar-es-salaam-moses-londo-1bubgYf5zeY-uns.jpg\",\"contentUrl\":\"https:\/\/tiketi.com\/wp-content\/uploads\/2021\/06\/destination-dar-es-salaam-moses-londo-1bubgYf5zeY-uns.jpg\",\"width\":1200,\"height\":400,\"caption\":\"Best Tourist Destinations in Dar es Salaam Travel Guide\"},{\"@type\":\"BreadcrumbList\",\"@id\":\"https:\/\/tiketi.com\/cheap-flights-from-kampala-to-dar-es-salaam\/#breadcrumb\",\"itemListElement\":[{\"@type\":\"ListItem\",\"position\":1,\"name\":\"Home\",\"item\":\"https:\/\/tiketi.com\/\"},{\"@type\":\"ListItem\",\"position\":2,\"name\":\"Cheap Flights from\u00a0Kampala to Dar es Salaam\"}]},{\"@type\":\"WebSite\",\"@id\":\"https:\/\/tiketi.com\/#website\",\"url\":\"https:\/\/tiketi.com\/\",\"name\":\"Flight & Bus Tickets, Tour Packages & Activitites - Tiketi.com\",\"description\":\"Flight &amp; Bus Tickets, Tours, Activitites\",\"publisher\":{\"@id\":\"https:\/\/tiketi.com\/#organization\"},\"potentialAction\":[{\"@type\":\"SearchAction\",\"target\":{\"@type\":\"EntryPoint\",\"urlTemplate\":\"https:\/\/tiketi.com\/?s={search_term_string}\"},\"query-input\":{\"@type\":\"PropertyValueSpecification\",\"valueRequired\":true,\"valueName\":\"search_term_string\"}}],\"inLanguage\":\"fr-FR\"},{\"@type\":\"Organization\",\"@id\":\"https:\/\/tiketi.com\/#organization\",\"name\":\"Tiketi.com\",\"alternateName\":\"Tiketi\",\"url\":\"https:\/\/tiketi.com\/\",\"logo\":{\"@type\":\"ImageObject\",\"inLanguage\":\"fr-FR\",\"@id\":\"https:\/\/tiketi.com\/#\/schema\/logo\/image\/\",\"url\":\"https:\/\/tiketi.com\/wp-content\/uploads\/2019\/05\/tiketi-logo-696.png\",\"contentUrl\":\"https:\/\/tiketi.com\/wp-content\/uploads\/2019\/05\/tiketi-logo-696.png\",\"width\":696,\"height\":696,\"caption\":\"Tiketi.com\"},\"image\":{\"@id\":\"https:\/\/tiketi.com\/#\/schema\/logo\/image\/\"},\"sameAs\":[\"https:\/\/www.facebook.com\/TiketiCom\/\"]}]}<\/script>\n<!-- \/ Yoast SEO plugin. -->","yoast_head_json":{"title":"Vols \u00e0 bas prix de Kampala \u00e0 Dar es Salam","description":"Vous recherchez des vols \u00e0 bas prix de Kampala vers Dar es Salam ? Recherchez, comparez et r\u00e9servez en ligne un billet d&#039;avion pas cher de Kampala \u00e0 Dar es Salam","robots":{"index":"index","follow":"follow","max-snippet":"max-snippet:-1","max-image-preview":"max-image-preview:large","max-video-preview":"max-video-preview:-1"},"canonical":"https:\/\/tiketi.com\/fr-fr\/cheap-flights-from-kampala-to-dar-es-salaam\/","og_locale":"fr_FR","og_type":"article","og_title":"Cheap Flights from\u00a0Kampala to Dar es Salaam","og_description":"Looking for cheap flights from\u00a0Kampala to Dar es Salaam? Search, compare and book cheap airline ticket from Kampala to Dar es Salaam online","og_url":"https:\/\/tiketi.com\/fr-fr\/cheap-flights-from-kampala-to-dar-es-salaam\/","og_site_name":"Tiketi.com","article_publisher":"https:\/\/www.facebook.com\/TiketiCom\/","article_modified_time":"2024-08-22T08:23:19+00:00","og_image":[{"width":1200,"height":400,"url":"https:\/\/tiketi.com\/wp-content\/uploads\/2021\/06\/destination-dar-es-salaam-moses-londo-1bubgYf5zeY-uns.jpg","type":"image\/jpeg"}],"twitter_card":"summary_large_image","twitter_misc":{"Dur\u00e9e de lecture estim\u00e9e":"3 minutes"},"schema":{"@context":"https:\/\/schema.org","@graph":[{"@type":"WebPage","@id":"https:\/\/tiketi.com\/cheap-flights-from-kampala-to-dar-es-salaam\/","url":"https:\/\/tiketi.com\/cheap-flights-from-kampala-to-dar-es-salaam\/","name":"Vols \u00e0 bas prix de Kampala \u00e0 Dar es Salam","isPartOf":{"@id":"https:\/\/tiketi.com\/#website"},"primaryImageOfPage":{"@id":"https:\/\/tiketi.com\/cheap-flights-from-kampala-to-dar-es-salaam\/#primaryimage"},"image":{"@id":"https:\/\/tiketi.com\/cheap-flights-from-kampala-to-dar-es-salaam\/#primaryimage"},"thumbnailUrl":"https:\/\/tiketi.com\/wp-content\/uploads\/2021\/06\/destination-dar-es-salaam-moses-londo-1bubgYf5zeY-uns.jpg","datePublished":"2022-01-19T11:54:56+00:00","dateModified":"2024-08-22T08:23:19+00:00","description":"Vous recherchez des vols \u00e0 bas prix de Kampala vers Dar es Salam ? Recherchez, comparez et r\u00e9servez en ligne un billet d&#039;avion pas cher de Kampala \u00e0 Dar es Salam","breadcrumb":{"@id":"https:\/\/tiketi.com\/cheap-flights-from-kampala-to-dar-es-salaam\/#breadcrumb"},"inLanguage":"fr-FR","potentialAction":[{"@type":"ReadAction","target":["https:\/\/tiketi.com\/cheap-flights-from-kampala-to-dar-es-salaam\/"]}]},{"@type":"ImageObject","inLanguage":"fr-FR","@id":"https:\/\/tiketi.com\/cheap-flights-from-kampala-to-dar-es-salaam\/#primaryimage","url":"https:\/\/tiketi.com\/wp-content\/uploads\/2021\/06\/destination-dar-es-salaam-moses-londo-1bubgYf5zeY-uns.jpg","contentUrl":"https:\/\/tiketi.com\/wp-content\/uploads\/2021\/06\/destination-dar-es-salaam-moses-londo-1bubgYf5zeY-uns.jpg","width":1200,"height":400,"caption":"Best Tourist Destinations in Dar es Salaam Travel Guide"},{"@type":"BreadcrumbList","@id":"https:\/\/tiketi.com\/cheap-flights-from-kampala-to-dar-es-salaam\/#breadcrumb","itemListElement":[{"@type":"ListItem","position":1,"name":"Home","item":"https:\/\/tiketi.com\/"},{"@type":"ListItem","position":2,"name":"Cheap Flights from\u00a0Kampala to Dar es Salaam"}]},{"@type":"WebSite","@id":"https:\/\/tiketi.com\/#website","url":"https:\/\/tiketi.com\/","name":"Billets d&#039;avion et de bus, forfaits touristiques et activit\u00e9s - Tiketi.com","description":"Billets d&#039;avion et de bus, Tours, Activit\u00e9s","publisher":{"@id":"https:\/\/tiketi.com\/#organization"},"potentialAction":[{"@type":"SearchAction","target":{"@type":"EntryPoint","urlTemplate":"https:\/\/tiketi.com\/?s={search_term_string}"},"query-input":{"@type":"PropertyValueSpecification","valueRequired":true,"valueName":"search_term_string"}}],"inLanguage":"fr-FR"},{"@type":"Organization","@id":"https:\/\/tiketi.com\/#organization","name":"Tiketi.com","alternateName":"Tiketi","url":"https:\/\/tiketi.com\/","logo":{"@type":"ImageObject","inLanguage":"fr-FR","@id":"https:\/\/tiketi.com\/#\/schema\/logo\/image\/","url":"https:\/\/tiketi.com\/wp-content\/uploads\/2019\/05\/tiketi-logo-696.png","contentUrl":"https:\/\/tiketi.com\/wp-content\/uploads\/2019\/05\/tiketi-logo-696.png","width":696,"height":696,"caption":"Tiketi.com"},"image":{"@id":"https:\/\/tiketi.com\/#\/schema\/logo\/image\/"},"sameAs":["https:\/\/www.facebook.com\/TiketiCom\/"]}]}},"_links":{"self":[{"href":"https:\/\/tiketi.com\/fr-fr\/wp-json\/wp\/v2\/pages\/11608","targetHints":{"allow":["GET"]}}],"collection":[{"href":"https:\/\/tiketi.com\/fr-fr\/wp-json\/wp\/v2\/pages"}],"about":[{"href":"https:\/\/tiketi.com\/fr-fr\/wp-json\/wp\/v2\/types\/page"}],"author":[{"embeddable":true,"href":"https:\/\/tiketi.com\/fr-fr\/wp-json\/wp\/v2\/users\/1"}],"replies":[{"embeddable":true,"href":"https:\/\/tiketi.com\/fr-fr\/wp-json\/wp\/v2\/comments?post=11608"}],"version-history":[{"count":1,"href":"https:\/\/tiketi.com\/fr-fr\/wp-json\/wp\/v2\/pages\/11608\/revisions"}],"predecessor-version":[{"id":31011,"href":"https:\/\/tiketi.com\/fr-fr\/wp-json\/wp\/v2\/pages\/11608\/revisions\/31011"}],"wp:featuredmedia":[{"embeddable":true,"href":"https:\/\/tiketi.com\/fr-fr\/wp-json\/wp\/v2\/media\/30064"}],"wp:attachment":[{"href":"https:\/\/tiketi.com\/fr-fr\/wp-json\/wp\/v2\/media?parent=11608"}],"curies":[{"name":"wp","href":"https:\/\/api.w.org\/{rel}","templated":true}]}}