{"id":11610,"date":"2022-01-19T12:54:58","date_gmt":"2022-01-19T11:54:58","guid":{"rendered":"https:\/\/new.tiketi.com\/cheap-flights-from-nairobi-to-arusha\/"},"modified":"2022-02-09T14:14:42","modified_gmt":"2022-02-09T13:14:42","slug":"cheap-flights-from-nairobi-to-arusha-nbo-ark","status":"publish","type":"page","link":"https:\/\/tiketi.com\/fr-fr\/cheap-flights-from-nairobi-to-arusha-nbo-ark\/","title":{"rendered":"Vols \u00e0 bas prix de Nairobi \u00e0 Arusha"},"content":{"rendered":"<h2>Vous recherchez un billet d&#039;avion pas cher Nairobi - Arusha ou des offres de derni\u00e8re minute ?<\/h2>\n<h3>Recherchez, comparez et r\u00e9servez un billet d&#039;avion pas cher entre Nairobi (NBO) et Arusha (ARK)<span style=\"font-size: 16px;\">&nbsp;<\/span>maintenant en ligne.<\/h3>\n<p>R\u00e9servez en ligne des vols \u00e0 bas prix de Nairobi \u00e0 Arusha et \u00e9conomisez de l&#039;argent sur les billets d&#039;avion. Situ\u00e9e \u00e0 la pointe nord-est de la Tanzanie, au pied du mont Meru, Arusha est la plus grande ville du nord de la Tanzanie et abrite plus d&#039;un million d&#039;habitants. Souvent consid\u00e9r\u00e9e comme le meilleur point de d\u00e9part pour les safaris, la ville a beaucoup \u00e0 offrir et il vaut la peine d&#039;y passer quelques jours. Comparez les prix et obtenez les meilleurs tarifs sur les billets d&#039;avion de Nairobi \u00e0 Arusha gr\u00e2ce \u00e0 des offres exceptionnelles sur la r\u00e9servation de billets en ligne de vols Nairobi \u00e0 Arusha.<\/p>\n<h2>Voici quelques-unes des meilleures attractions d&#039;Arusha<\/h2>\n<h3>Kilimandjaro<\/h3>\n<p>Une excursion d&#039;une journ\u00e9e au Kilimandjaro est le meilleur choix pour ceux qui ne veulent pas gravir la montagne mais qui souhaitent tout de m\u00eame go\u00fbter \u00e0 un go\u00fbt merveilleux. Mandara Hut est \u00e0 2700 m et peut \u00eatre atteint apr\u00e8s une randonn\u00e9e de trois \u00e0 quatre \u00e0 travers les for\u00eats tropicales luxuriantes. Les randonneurs peuvent ensuite d\u00e9jeuner dans les paillotes avec une vue remarquable sur le quartier de Moshi.<\/p>\n<h3>Themi Living Garden<\/h3>\n<p>Le jardin est cach\u00e9 au c\u0153ur d&#039;Arusha et offre un cadre magnifique pour un d\u00e9jeuner. Le Themi Living Garden est un centre communautaire dirig\u00e9 par des femmes et fait partie d&#039;un projet mis en \u0153uvre par l&#039;Istituo Oikos. Le projet promeut le jardinage durable \u00e0 Arusha comme moyen d&#039;am\u00e9liorer la nutrition, les revenus et l&#039;emploi des personnes handicap\u00e9es ou des personnes qui s&#039;occupent de personnes handicap\u00e9es.<\/p>\n<h3>Parc national d&#039;Arusha<\/h3>\n<p>Ce parc est juste \u00e0 l&#039;ext\u00e9rieur de la ville. Alors que la plupart des gens font l&#039;exp\u00e9rience d&#039;un safari dans un camion \u00e0 toit ouvert, un merveilleux safari en cano\u00eb est une fa\u00e7on remarquable de d\u00e9couvrir la beaut\u00e9 de la Tanzanie.<\/p>\n<h3>Centre du patrimoine culturel<\/h3>\n<p>Enrichissez votre esprit avec le patrimoine culturel de la Tanzanie en faisant une halte au lieu du patrimoine culturel. Le centre rassemble un caf\u00e9, un restaurant, un centre d&#039;\u00e9pices et de petites boutiques o\u00f9 vous pouvez acheter des antiquit\u00e9s africaines sp\u00e9ciales ainsi que de l&#039;artisanat et des arts.<\/p>\n<h3>D\u00eener au Blue Heron<\/h3>\n<p>Blue Heron est un restaurant avec jardin qui contient \u00e9galement un bar lounge et un restaurant familial. Prenez le temps de profiter avec votre famille sous la v\u00e9randa plomb\u00e9e.<\/p>\n<h2>FAQ sur les vols pas chers de Nairobi \u00e0 Arusha<\/h2>\n<h3>Quels sont les jours des vols directs de Nairobi \u00e0 Arusha ?<\/h3>\n<p>Des vols directs sont accessibles pour cet itin\u00e9raire les jours suivants\u00a0: lundi, dimanche, mardi, jeudi, mercredi, vendredi et samedi.<\/p>\n<h3>Combien de temps dure un vol entre Nairobi et Arusha ?<\/h3>\n<p>La dur\u00e9e moyenne d&#039;un vol Nairobi-Arusha est de 11 h 30 min.<\/p>\n<h3>Combien de compagnies a\u00e9riennes proposent des billets d&#039;avion pas chers de Nairobi \u00e0 Arusha ?<\/h3>\n<p>Aucune compagnie a\u00e9rienne ne propose de billet d&#039;avion pas cher de Nairobi \u00e0 Arusha sans escale.<\/p>\n<h3>Quelles sont les villes de correspondance les plus c\u00e9l\u00e8bres lors d&#039;un vol entre Arusha et Nairobi ?<\/h3>\n<p>Zanzibar est l&#039;endroit le plus c\u00e9l\u00e8bre pour les vols de Nairobi \u00e0 Arusha.<\/p>\n<h2>Conseils de vol de Nairobi \u00e0 Arusha<\/h2>\n<p>\u2022 Nairobi, Kenya est \u00e0 239 kilom\u00e8tres d&#039;Arusha.<\/p>\n<p>\u2022 Mombasa, Kenya \u2013 Moi Intl est le lien le plus c\u00e9l\u00e8bre pour les vols \u00e0 escale entre Arusha et Nairobi.<\/p>","protected":false},"excerpt":{"rendered":"<p>Looking for cheap airline ticket from Nairobi to Arusha&nbsp;or last minute deals? Search, compare and book cheap airline ticket from Nairobi (NBO) to Arusha (ARK)&nbsp;online now. Book cheap flights from Nairobi to Arusha online and save money on airfare. Placed in the northeastern tip on Tanzania, at the Mount Meru foot, Arusha is the largest [&hellip;]<\/p>\n","protected":false},"author":1,"featured_media":14041,"parent":0,"menu_order":0,"comment_status":"open","ping_status":"closed","template":"template-home-modern.php","meta":{"footnotes":""},"class_list":["post-11610","page","type-page","status-publish","has-post-thumbnail","hentry"],"yoast_head":"<!-- This site is optimized with the Yoast SEO plugin v27.2 - https:\/\/yoast.com\/product\/yoast-seo-wordpress\/ -->\n<title>Cheap Flights from\u00a0Nairobi to Arusha<\/title>\n<meta name=\"description\" content=\"Looking for cheap flights from\u00a0Nairobi to Arusha? Search, compare and book cheap airline ticket from Nairobi to Arusha online\" \/>\n<meta name=\"robots\" content=\"index, follow, max-snippet:-1, max-image-preview:large, max-video-preview:-1\" \/>\n<link rel=\"canonical\" href=\"https:\/\/tiketi.com\/fr-fr\/cheap-flights-from-nairobi-to-arusha-nbo-ark\/\" \/>\n<meta property=\"og:locale\" content=\"fr_FR\" \/>\n<meta property=\"og:type\" content=\"article\" \/>\n<meta property=\"og:title\" content=\"Cheap Flights from\u00a0Nairobi to Arusha\" \/>\n<meta property=\"og:description\" content=\"Looking for cheap flights from\u00a0Nairobi to Arusha? Search, compare and book cheap airline ticket from Nairobi to Arusha online\" \/>\n<meta property=\"og:url\" content=\"https:\/\/tiketi.com\/fr-fr\/cheap-flights-from-nairobi-to-arusha-nbo-ark\/\" \/>\n<meta property=\"og:site_name\" content=\"Tiketi.com\" \/>\n<meta property=\"article:publisher\" content=\"https:\/\/www.facebook.com\/TiketiCom\/\" \/>\n<meta property=\"article:modified_time\" content=\"2022-02-09T13:14:42+00:00\" \/>\n<meta property=\"og:image\" content=\"https:\/\/tiketi.com\/wp-content\/uploads\/2022\/01\/flight-ticket-booking-sorasak-KxCJXXGsv9I-unsplas.jpg\" \/>\n\t<meta property=\"og:image:width\" content=\"1200\" \/>\n\t<meta property=\"og:image:height\" content=\"240\" \/>\n\t<meta property=\"og:image:type\" content=\"image\/jpeg\" \/>\n<meta name=\"twitter:card\" content=\"summary_large_image\" \/>\n<meta name=\"twitter:label1\" content=\"Dur\u00e9e de lecture estim\u00e9e\" \/>\n\t<meta name=\"twitter:data1\" content=\"3 minutes\" \/>\n<script type=\"application\/ld+json\" class=\"yoast-schema-graph\">{\"@context\":\"https:\/\/schema.org\",\"@graph\":[{\"@type\":\"WebPage\",\"@id\":\"https:\/\/tiketi.com\/cheap-flights-from-nairobi-to-arusha-nbo-ark\/\",\"url\":\"https:\/\/tiketi.com\/cheap-flights-from-nairobi-to-arusha-nbo-ark\/\",\"name\":\"Cheap Flights from\u00a0Nairobi to Arusha\",\"isPartOf\":{\"@id\":\"https:\/\/tiketi.com\/#website\"},\"primaryImageOfPage\":{\"@id\":\"https:\/\/tiketi.com\/cheap-flights-from-nairobi-to-arusha-nbo-ark\/#primaryimage\"},\"image\":{\"@id\":\"https:\/\/tiketi.com\/cheap-flights-from-nairobi-to-arusha-nbo-ark\/#primaryimage\"},\"thumbnailUrl\":\"https:\/\/tiketi.com\/wp-content\/uploads\/2022\/01\/flight-ticket-booking-sorasak-KxCJXXGsv9I-unsplas.jpg\",\"datePublished\":\"2022-01-19T11:54:58+00:00\",\"dateModified\":\"2022-02-09T13:14:42+00:00\",\"description\":\"Looking for cheap flights from\u00a0Nairobi to Arusha? Search, compare and book cheap airline ticket from Nairobi to Arusha online\",\"breadcrumb\":{\"@id\":\"https:\/\/tiketi.com\/cheap-flights-from-nairobi-to-arusha-nbo-ark\/#breadcrumb\"},\"inLanguage\":\"fr-FR\",\"potentialAction\":[{\"@type\":\"ReadAction\",\"target\":[\"https:\/\/tiketi.com\/cheap-flights-from-nairobi-to-arusha-nbo-ark\/\"]}]},{\"@type\":\"ImageObject\",\"inLanguage\":\"fr-FR\",\"@id\":\"https:\/\/tiketi.com\/cheap-flights-from-nairobi-to-arusha-nbo-ark\/#primaryimage\",\"url\":\"https:\/\/tiketi.com\/wp-content\/uploads\/2022\/01\/flight-ticket-booking-sorasak-KxCJXXGsv9I-unsplas.jpg\",\"contentUrl\":\"https:\/\/tiketi.com\/wp-content\/uploads\/2022\/01\/flight-ticket-booking-sorasak-KxCJXXGsv9I-unsplas.jpg\",\"width\":1200,\"height\":240,\"caption\":\"Online flight ticket booking\"},{\"@type\":\"BreadcrumbList\",\"@id\":\"https:\/\/tiketi.com\/cheap-flights-from-nairobi-to-arusha-nbo-ark\/#breadcrumb\",\"itemListElement\":[{\"@type\":\"ListItem\",\"position\":1,\"name\":\"Home\",\"item\":\"https:\/\/tiketi.com\/\"},{\"@type\":\"ListItem\",\"position\":2,\"name\":\"Cheap Flights from\u00a0Nairobi to Arusha\"}]},{\"@type\":\"WebSite\",\"@id\":\"https:\/\/tiketi.com\/#website\",\"url\":\"https:\/\/tiketi.com\/\",\"name\":\"Flight & Bus Tickets, Tour Packages & Activitites - Tiketi.com\",\"description\":\"Flight &amp; Bus Tickets, Tours, Activitites\",\"publisher\":{\"@id\":\"https:\/\/tiketi.com\/#organization\"},\"potentialAction\":[{\"@type\":\"SearchAction\",\"target\":{\"@type\":\"EntryPoint\",\"urlTemplate\":\"https:\/\/tiketi.com\/?s={search_term_string}\"},\"query-input\":{\"@type\":\"PropertyValueSpecification\",\"valueRequired\":true,\"valueName\":\"search_term_string\"}}],\"inLanguage\":\"fr-FR\"},{\"@type\":\"Organization\",\"@id\":\"https:\/\/tiketi.com\/#organization\",\"name\":\"Tiketi.com\",\"alternateName\":\"Tiketi\",\"url\":\"https:\/\/tiketi.com\/\",\"logo\":{\"@type\":\"ImageObject\",\"inLanguage\":\"fr-FR\",\"@id\":\"https:\/\/tiketi.com\/#\/schema\/logo\/image\/\",\"url\":\"https:\/\/tiketi.com\/wp-content\/uploads\/2019\/05\/tiketi-logo-696.png\",\"contentUrl\":\"https:\/\/tiketi.com\/wp-content\/uploads\/2019\/05\/tiketi-logo-696.png\",\"width\":696,\"height\":696,\"caption\":\"Tiketi.com\"},\"image\":{\"@id\":\"https:\/\/tiketi.com\/#\/schema\/logo\/image\/\"},\"sameAs\":[\"https:\/\/www.facebook.com\/TiketiCom\/\"]}]}<\/script>\n<!-- \/ Yoast SEO plugin. -->","yoast_head_json":{"title":"Vols \u00e0 bas prix de Nairobi \u00e0 Arusha","description":"Vous recherchez des vols \u00e0 bas prix de Nairobi vers Arusha ? Recherchez, comparez et r\u00e9servez en ligne un billet d&#039;avion pas cher de Nairobi \u00e0 Arusha","robots":{"index":"index","follow":"follow","max-snippet":"max-snippet:-1","max-image-preview":"max-image-preview:large","max-video-preview":"max-video-preview:-1"},"canonical":"https:\/\/tiketi.com\/fr-fr\/cheap-flights-from-nairobi-to-arusha-nbo-ark\/","og_locale":"fr_FR","og_type":"article","og_title":"Cheap Flights from\u00a0Nairobi to Arusha","og_description":"Looking for cheap flights from\u00a0Nairobi to Arusha? Search, compare and book cheap airline ticket from Nairobi to Arusha online","og_url":"https:\/\/tiketi.com\/fr-fr\/cheap-flights-from-nairobi-to-arusha-nbo-ark\/","og_site_name":"Tiketi.com","article_publisher":"https:\/\/www.facebook.com\/TiketiCom\/","article_modified_time":"2022-02-09T13:14:42+00:00","og_image":[{"width":1200,"height":240,"url":"https:\/\/tiketi.com\/wp-content\/uploads\/2022\/01\/flight-ticket-booking-sorasak-KxCJXXGsv9I-unsplas.jpg","type":"image\/jpeg"}],"twitter_card":"summary_large_image","twitter_misc":{"Dur\u00e9e de lecture estim\u00e9e":"3 minutes"},"schema":{"@context":"https:\/\/schema.org","@graph":[{"@type":"WebPage","@id":"https:\/\/tiketi.com\/cheap-flights-from-nairobi-to-arusha-nbo-ark\/","url":"https:\/\/tiketi.com\/cheap-flights-from-nairobi-to-arusha-nbo-ark\/","name":"Vols \u00e0 bas prix de Nairobi \u00e0 Arusha","isPartOf":{"@id":"https:\/\/tiketi.com\/#website"},"primaryImageOfPage":{"@id":"https:\/\/tiketi.com\/cheap-flights-from-nairobi-to-arusha-nbo-ark\/#primaryimage"},"image":{"@id":"https:\/\/tiketi.com\/cheap-flights-from-nairobi-to-arusha-nbo-ark\/#primaryimage"},"thumbnailUrl":"https:\/\/tiketi.com\/wp-content\/uploads\/2022\/01\/flight-ticket-booking-sorasak-KxCJXXGsv9I-unsplas.jpg","datePublished":"2022-01-19T11:54:58+00:00","dateModified":"2022-02-09T13:14:42+00:00","description":"Vous recherchez des vols \u00e0 bas prix de Nairobi vers Arusha ? Recherchez, comparez et r\u00e9servez en ligne un billet d&#039;avion pas cher de Nairobi \u00e0 Arusha","breadcrumb":{"@id":"https:\/\/tiketi.com\/cheap-flights-from-nairobi-to-arusha-nbo-ark\/#breadcrumb"},"inLanguage":"fr-FR","potentialAction":[{"@type":"ReadAction","target":["https:\/\/tiketi.com\/cheap-flights-from-nairobi-to-arusha-nbo-ark\/"]}]},{"@type":"ImageObject","inLanguage":"fr-FR","@id":"https:\/\/tiketi.com\/cheap-flights-from-nairobi-to-arusha-nbo-ark\/#primaryimage","url":"https:\/\/tiketi.com\/wp-content\/uploads\/2022\/01\/flight-ticket-booking-sorasak-KxCJXXGsv9I-unsplas.jpg","contentUrl":"https:\/\/tiketi.com\/wp-content\/uploads\/2022\/01\/flight-ticket-booking-sorasak-KxCJXXGsv9I-unsplas.jpg","width":1200,"height":240,"caption":"Online flight ticket booking"},{"@type":"BreadcrumbList","@id":"https:\/\/tiketi.com\/cheap-flights-from-nairobi-to-arusha-nbo-ark\/#breadcrumb","itemListElement":[{"@type":"ListItem","position":1,"name":"Home","item":"https:\/\/tiketi.com\/"},{"@type":"ListItem","position":2,"name":"Cheap Flights from\u00a0Nairobi to Arusha"}]},{"@type":"WebSite","@id":"https:\/\/tiketi.com\/#website","url":"https:\/\/tiketi.com\/","name":"Billets d&#039;avion et de bus, forfaits touristiques et activit\u00e9s - Tiketi.com","description":"Billets d&#039;avion et de bus, Tours, Activit\u00e9s","publisher":{"@id":"https:\/\/tiketi.com\/#organization"},"potentialAction":[{"@type":"SearchAction","target":{"@type":"EntryPoint","urlTemplate":"https:\/\/tiketi.com\/?s={search_term_string}"},"query-input":{"@type":"PropertyValueSpecification","valueRequired":true,"valueName":"search_term_string"}}],"inLanguage":"fr-FR"},{"@type":"Organization","@id":"https:\/\/tiketi.com\/#organization","name":"Tiketi.com","alternateName":"Tiketi","url":"https:\/\/tiketi.com\/","logo":{"@type":"ImageObject","inLanguage":"fr-FR","@id":"https:\/\/tiketi.com\/#\/schema\/logo\/image\/","url":"https:\/\/tiketi.com\/wp-content\/uploads\/2019\/05\/tiketi-logo-696.png","contentUrl":"https:\/\/tiketi.com\/wp-content\/uploads\/2019\/05\/tiketi-logo-696.png","width":696,"height":696,"caption":"Tiketi.com"},"image":{"@id":"https:\/\/tiketi.com\/#\/schema\/logo\/image\/"},"sameAs":["https:\/\/www.facebook.com\/TiketiCom\/"]}]}},"_links":{"self":[{"href":"https:\/\/tiketi.com\/fr-fr\/wp-json\/wp\/v2\/pages\/11610","targetHints":{"allow":["GET"]}}],"collection":[{"href":"https:\/\/tiketi.com\/fr-fr\/wp-json\/wp\/v2\/pages"}],"about":[{"href":"https:\/\/tiketi.com\/fr-fr\/wp-json\/wp\/v2\/types\/page"}],"author":[{"embeddable":true,"href":"https:\/\/tiketi.com\/fr-fr\/wp-json\/wp\/v2\/users\/1"}],"replies":[{"embeddable":true,"href":"https:\/\/tiketi.com\/fr-fr\/wp-json\/wp\/v2\/comments?post=11610"}],"version-history":[{"count":0,"href":"https:\/\/tiketi.com\/fr-fr\/wp-json\/wp\/v2\/pages\/11610\/revisions"}],"wp:featuredmedia":[{"embeddable":true,"href":"https:\/\/tiketi.com\/fr-fr\/wp-json\/wp\/v2\/media\/14041"}],"wp:attachment":[{"href":"https:\/\/tiketi.com\/fr-fr\/wp-json\/wp\/v2\/media?parent=11610"}],"curies":[{"name":"wp","href":"https:\/\/api.w.org\/{rel}","templated":true}]}}