{"id":11611,"date":"2022-01-19T12:54:58","date_gmt":"2022-01-19T11:54:58","guid":{"rendered":"https:\/\/new.tiketi.com\/cheap-flights-from-johannesburg-to-lusaka\/"},"modified":"2022-02-08T14:59:19","modified_gmt":"2022-02-08T13:59:19","slug":"cheap-flights-from-johannesburg-to-lusaka","status":"publish","type":"page","link":"https:\/\/tiketi.com\/fr-fr\/cheap-flights-from-johannesburg-to-lusaka\/","title":{"rendered":"Vols pas chers de Johannesbourg \u00e0 Lusaka"},"content":{"rendered":"<h2>Vous cherchez un billet d&#039;avion pas cher \u00e0 partir de Johannesbourg pour Lusaka ou des offres de derni\u00e8re minute ?<\/h2>\n<h3>Recherchez, comparez et r\u00e9servez d\u00e8s maintenant un billet d&#039;avion pas cher de Johannesbourg (JNB) \u00e0 Lusaka (LUN).<\/h3>\n<p>R\u00e9servez des vols pas chers de Johannesbourg \u00e0 Lusaka en ligne et \u00e9conomisez de l&#039;argent sur les billets d&#039;avion. \u00c9tant le centre \u00e9conomique et financier de la Zambie, la capitale et la plus grande ville pleine de charmes et de charmes. Les visiteurs de tous \u00e2ges se rendent dans cet endroit lucratif, bien structur\u00e9 et facile mais remarquable de la Zambie. La meilleure chose que cette ville peut offrir est l&#039;exp\u00e9rience de shopping, car vous pouvez trouver de nombreux centres commerciaux, march\u00e9s, places et grands magasins dans toute la ville, d&#039;o\u00f9 les acheteurs peuvent obtenir tout ce qu&#039;ils veulent. Les vols les moins chers de Johannesburg \u00e0 Lusaka peuvent vous conduire vers des endroits populaires et \u00e9tonnants de Lusaka o\u00f9 vous pourrez profiter d&#039;une excursion d&#039;une journ\u00e9e ou d&#039;un long tour dans cette ville remarquable. Visitez Lusaka gr\u00e2ce \u00e0 des offres exceptionnelles sur les billets d&#039;avion de Johannesburg \u00e0 Lusaka et volez des vols de Johannesburg \u00e0 Lusaka pas chers.<\/p>\n<h2>Voici quelques-unes des meilleures attractions de Lusaka<\/h2>\n<p>Certaines choses \u00e0 faire comme la natation, la randonn\u00e9e, la p\u00eache au gros, le shopping, tous ces facteurs qui sont assez c\u00e9l\u00e8bres parmi ces habitants ainsi que parmi les visiteurs et touristes internationaux. Certains endroits populaires \u00e0 visiter dans cette ville comprennent\u00a0:<\/p>\n<p>\u2022 March\u00e9 de Lumburma<\/p>\n<p>\u2022 Mus\u00e9e national de Lusaka<\/p>\n<p>\u2022 Village culturel de Kabwata<\/p>\n<p>\u2022 Jardins zoologiques et botanique Munda Wanga<\/p>\n<p>Le climat n&#039;est ni chaud ni humide dans cette ville et la plupart des passagers ayant leur premier vol pas cher de Johannesburg \u00e0 Lusaka ne rencontrent g\u00e9n\u00e9ralement aucune difficult\u00e9 lorsqu&#039;ils voyagent vers certains points chauds et lieux de loisirs populaires comme les jardins botaniques, les parcs familiaux, les clubs gastronomiques et les caf\u00e9s. etc.<\/p>\n<h2>FAQ sur les vols pas chers de Johannesbourg \u00e0 Lusaka<\/h2>\n<h3>Quelle est la distance entre Lusaka et Johannesbourg ?<\/h3>\n<p>La distance entre Johannesbourg et Lusaka est de 1200 kilom\u00e8tres.<\/p>\n<h3>Quelle est la dur\u00e9e d&#039;un vol de Johannesbourg \u00e0 Lusaka ?<\/h3>\n<p>La dur\u00e9e moyenne d\u2019un vol de Johannesburg \u00e0 Lusaka est d\u2019une heure et 58 minutes.<\/p>\n<h3>Quelle est la fr\u00e9quence des vols directs de Johannesbourg \u00e0 Lusaka ?<\/h3>\n<p>Il y a 31 vols directs de Johannesbourg \u00e0 Lusaka.<\/p>\n<h3>Quelles sont les compagnies a\u00e9riennes les plus connues de Johannesburg pour des billets d&#039;avion directs de Johannesburg \u00e0 Lusaka ?<\/h3>\n<p>Les compagnies a\u00e9riennes sud-africaines assurent 83 % des vols sans escale entre Lusaka et Johannesburg.<\/p>\n<h3>En moyenne, combien de vols par jour sont propos\u00e9s \u00e0 Lusaka au d\u00e9part de Johannesbourg ?<\/h3>\n<p>Seize d\u00e9parts de vols de Johannesburg \u00e0 Lusaka par jour en moyenne.<\/p>\n<p><strong>T\u00f4t le matin<\/strong> \u2013 treize pour cent des d\u00e9parts de vols<\/p>\n<p><strong>Matin<\/strong> \u2013 trente-huit pour cent des d\u00e9parts de vols<\/p>\n<p><strong>Apr\u00e8s midi<\/strong> \u00a0\u2013 quarante-quatre pour cent des d\u00e9parts de vols<\/p>\n<p><strong>Soir\u00e9e<\/strong> \u2013 six pour cent des d\u00e9parts de vols<\/p>\n<h3>Quels sont les choix d\u2019escales entre Lusaka et Johannesbourg ?<\/h3>\n<p>Pour les billets d&#039;avion de Johannesburg \u00e0 Lusaka, il existe de nombreux endroits o\u00f9 les visiteurs peuvent s&#039;arr\u00eater. Il s&#039;agit notamment de l&#039;a\u00e9roport Jomo Kenyatta de Nairobi, de l&#039;a\u00e9roport de Ndola, de l&#039;a\u00e9roport de LivingStone et de l&#039;a\u00e9roport de Harare. Certains vols s&#039;arr\u00eatent dans 2 a\u00e9roports avant d&#039;atteindre Lusaka. Certains s&#039;arr\u00eatent \u00e0 l&#039;a\u00e9roport de Solewezi et \u00e0 l&#039;a\u00e9roport de Ndola, d&#039;autres peuvent passer par l&#039;a\u00e9roport de Kigali et l&#039;a\u00e9roport de Harare.<\/p>","protected":false},"excerpt":{"rendered":"<p>Looking for cheap airline ticket from Johannesburg to Lusaka\u00a0or last minute deals? Search, compare and book cheap airline ticket from Johannesburg (JNB) to Lusaka (LUN) online now. Book cheap flights from Johannesburg to Lusaka online and save money on airfare. Being the economical and financial center of Zambia, the capital and the biggest city as [&hellip;]<\/p>\n","protected":false},"author":1,"featured_media":14041,"parent":0,"menu_order":0,"comment_status":"open","ping_status":"closed","template":"template-home-modern.php","meta":{"footnotes":""},"class_list":["post-11611","page","type-page","status-publish","has-post-thumbnail","hentry"],"yoast_head":"<!-- This site is optimized with the Yoast SEO plugin v27.3 - https:\/\/yoast.com\/product\/yoast-seo-wordpress\/ -->\n<title>Cheap Flights from\u00a0Johannesburg to Lusaka<\/title>\n<meta name=\"description\" content=\"Looking for cheap flights from\u00a0Johannesburg to Lusaka? Search, compare and book cheap airline ticket from Johannesburg to Lusaka online\" \/>\n<meta name=\"robots\" content=\"index, follow, max-snippet:-1, max-image-preview:large, max-video-preview:-1\" \/>\n<link rel=\"canonical\" href=\"https:\/\/tiketi.com\/fr-fr\/cheap-flights-from-johannesburg-to-lusaka\/\" \/>\n<meta property=\"og:locale\" content=\"fr_FR\" \/>\n<meta property=\"og:type\" content=\"article\" \/>\n<meta property=\"og:title\" content=\"Cheap Flights from\u00a0Johannesburg to Lusaka\" \/>\n<meta property=\"og:description\" content=\"Looking for cheap flights from\u00a0Johannesburg to Lusaka? Search, compare and book cheap airline ticket from Johannesburg to Lusaka online\" \/>\n<meta property=\"og:url\" content=\"https:\/\/tiketi.com\/fr-fr\/cheap-flights-from-johannesburg-to-lusaka\/\" \/>\n<meta property=\"og:site_name\" content=\"Tiketi.com\" \/>\n<meta property=\"article:publisher\" content=\"https:\/\/www.facebook.com\/TiketiCom\/\" \/>\n<meta property=\"article:modified_time\" content=\"2022-02-08T13:59:19+00:00\" \/>\n<meta property=\"og:image\" content=\"https:\/\/tiketi.com\/wp-content\/uploads\/2022\/01\/flight-ticket-booking-sorasak-KxCJXXGsv9I-unsplas.jpg\" \/>\n\t<meta property=\"og:image:width\" content=\"1200\" \/>\n\t<meta property=\"og:image:height\" content=\"240\" \/>\n\t<meta property=\"og:image:type\" content=\"image\/jpeg\" \/>\n<meta name=\"twitter:card\" content=\"summary_large_image\" \/>\n<meta name=\"twitter:label1\" content=\"Dur\u00e9e de lecture estim\u00e9e\" \/>\n\t<meta name=\"twitter:data1\" content=\"3 minutes\" \/>\n<script type=\"application\/ld+json\" class=\"yoast-schema-graph\">{\"@context\":\"https:\\\/\\\/schema.org\",\"@graph\":[{\"@type\":\"WebPage\",\"@id\":\"https:\\\/\\\/tiketi.com\\\/sw\\\/cheap-flights-from-johannesburg-to-lusaka\\\/\",\"url\":\"https:\\\/\\\/tiketi.com\\\/sw\\\/cheap-flights-from-johannesburg-to-lusaka\\\/\",\"name\":\"Cheap Flights from\u00a0Johannesburg to Lusaka\",\"isPartOf\":{\"@id\":\"https:\\\/\\\/tiketi.com\\\/#website\"},\"primaryImageOfPage\":{\"@id\":\"https:\\\/\\\/tiketi.com\\\/sw\\\/cheap-flights-from-johannesburg-to-lusaka\\\/#primaryimage\"},\"image\":{\"@id\":\"https:\\\/\\\/tiketi.com\\\/sw\\\/cheap-flights-from-johannesburg-to-lusaka\\\/#primaryimage\"},\"thumbnailUrl\":\"https:\\\/\\\/tiketi.com\\\/wp-content\\\/uploads\\\/2022\\\/01\\\/flight-ticket-booking-sorasak-KxCJXXGsv9I-unsplas.jpg\",\"datePublished\":\"2022-01-19T11:54:58+00:00\",\"dateModified\":\"2022-02-08T13:59:19+00:00\",\"description\":\"Looking for cheap flights from\u00a0Johannesburg to Lusaka? Search, compare and book cheap airline ticket from Johannesburg to Lusaka online\",\"breadcrumb\":{\"@id\":\"https:\\\/\\\/tiketi.com\\\/sw\\\/cheap-flights-from-johannesburg-to-lusaka\\\/#breadcrumb\"},\"inLanguage\":\"fr-FR\",\"potentialAction\":[{\"@type\":\"ReadAction\",\"target\":[\"https:\\\/\\\/tiketi.com\\\/sw\\\/cheap-flights-from-johannesburg-to-lusaka\\\/\"]}]},{\"@type\":\"ImageObject\",\"inLanguage\":\"fr-FR\",\"@id\":\"https:\\\/\\\/tiketi.com\\\/sw\\\/cheap-flights-from-johannesburg-to-lusaka\\\/#primaryimage\",\"url\":\"https:\\\/\\\/tiketi.com\\\/wp-content\\\/uploads\\\/2022\\\/01\\\/flight-ticket-booking-sorasak-KxCJXXGsv9I-unsplas.jpg\",\"contentUrl\":\"https:\\\/\\\/tiketi.com\\\/wp-content\\\/uploads\\\/2022\\\/01\\\/flight-ticket-booking-sorasak-KxCJXXGsv9I-unsplas.jpg\",\"width\":1200,\"height\":240,\"caption\":\"Online flight ticket booking\"},{\"@type\":\"BreadcrumbList\",\"@id\":\"https:\\\/\\\/tiketi.com\\\/sw\\\/cheap-flights-from-johannesburg-to-lusaka\\\/#breadcrumb\",\"itemListElement\":[{\"@type\":\"ListItem\",\"position\":1,\"name\":\"Home\",\"item\":\"https:\\\/\\\/tiketi.com\\\/\"},{\"@type\":\"ListItem\",\"position\":2,\"name\":\"Cheap Flights from\u00a0Johannesburg to Lusaka\"}]},{\"@type\":\"WebSite\",\"@id\":\"https:\\\/\\\/tiketi.com\\\/#website\",\"url\":\"https:\\\/\\\/tiketi.com\\\/\",\"name\":\"Flight & Bus Tickets, Tour Packages & Activitites - Tiketi.com\",\"description\":\"Flight &amp; Bus Tickets, Tours, Activitites\",\"publisher\":{\"@id\":\"https:\\\/\\\/tiketi.com\\\/#organization\"},\"potentialAction\":[{\"@type\":\"SearchAction\",\"target\":{\"@type\":\"EntryPoint\",\"urlTemplate\":\"https:\\\/\\\/tiketi.com\\\/?s={search_term_string}\"},\"query-input\":{\"@type\":\"PropertyValueSpecification\",\"valueRequired\":true,\"valueName\":\"search_term_string\"}}],\"inLanguage\":\"fr-FR\"},{\"@type\":\"Organization\",\"@id\":\"https:\\\/\\\/tiketi.com\\\/#organization\",\"name\":\"Tiketi.com\",\"alternateName\":\"Tiketi\",\"url\":\"https:\\\/\\\/tiketi.com\\\/\",\"logo\":{\"@type\":\"ImageObject\",\"inLanguage\":\"fr-FR\",\"@id\":\"https:\\\/\\\/tiketi.com\\\/#\\\/schema\\\/logo\\\/image\\\/\",\"url\":\"https:\\\/\\\/tiketi.com\\\/wp-content\\\/uploads\\\/2019\\\/05\\\/tiketi-logo-696.png\",\"contentUrl\":\"https:\\\/\\\/tiketi.com\\\/wp-content\\\/uploads\\\/2019\\\/05\\\/tiketi-logo-696.png\",\"width\":696,\"height\":696,\"caption\":\"Tiketi.com\"},\"image\":{\"@id\":\"https:\\\/\\\/tiketi.com\\\/#\\\/schema\\\/logo\\\/image\\\/\"},\"sameAs\":[\"https:\\\/\\\/www.facebook.com\\\/TiketiCom\\\/\"]}]}<\/script>\n<!-- \/ Yoast SEO plugin. -->","yoast_head_json":{"title":"Vols pas chers de Johannesbourg \u00e0 Lusaka","description":"Vous recherchez des vols \u00e0 bas prix au Johannesbourg vers Lusaka? Recherchez, comparez et r\u00e9servez un billet d&#039;avion pas cher de Johannesbourg \u00e0 Lusaka en ligne","robots":{"index":"index","follow":"follow","max-snippet":"max-snippet:-1","max-image-preview":"max-image-preview:large","max-video-preview":"max-video-preview:-1"},"canonical":"https:\/\/tiketi.com\/fr-fr\/cheap-flights-from-johannesburg-to-lusaka\/","og_locale":"fr_FR","og_type":"article","og_title":"Cheap Flights from\u00a0Johannesburg to Lusaka","og_description":"Looking for cheap flights from\u00a0Johannesburg to Lusaka? Search, compare and book cheap airline ticket from Johannesburg to Lusaka online","og_url":"https:\/\/tiketi.com\/fr-fr\/cheap-flights-from-johannesburg-to-lusaka\/","og_site_name":"Tiketi.com","article_publisher":"https:\/\/www.facebook.com\/TiketiCom\/","article_modified_time":"2022-02-08T13:59:19+00:00","og_image":[{"width":1200,"height":240,"url":"https:\/\/tiketi.com\/wp-content\/uploads\/2022\/01\/flight-ticket-booking-sorasak-KxCJXXGsv9I-unsplas.jpg","type":"image\/jpeg"}],"twitter_card":"summary_large_image","twitter_misc":{"Dur\u00e9e de lecture estim\u00e9e":"3 minutes"},"schema":{"@context":"https:\/\/schema.org","@graph":[{"@type":"WebPage","@id":"https:\/\/tiketi.com\/sw\/cheap-flights-from-johannesburg-to-lusaka\/","url":"https:\/\/tiketi.com\/sw\/cheap-flights-from-johannesburg-to-lusaka\/","name":"Vols pas chers de Johannesbourg \u00e0 Lusaka","isPartOf":{"@id":"https:\/\/tiketi.com\/#website"},"primaryImageOfPage":{"@id":"https:\/\/tiketi.com\/sw\/cheap-flights-from-johannesburg-to-lusaka\/#primaryimage"},"image":{"@id":"https:\/\/tiketi.com\/sw\/cheap-flights-from-johannesburg-to-lusaka\/#primaryimage"},"thumbnailUrl":"https:\/\/tiketi.com\/wp-content\/uploads\/2022\/01\/flight-ticket-booking-sorasak-KxCJXXGsv9I-unsplas.jpg","datePublished":"2022-01-19T11:54:58+00:00","dateModified":"2022-02-08T13:59:19+00:00","description":"Vous recherchez des vols \u00e0 bas prix au Johannesbourg vers Lusaka? Recherchez, comparez et r\u00e9servez un billet d&#039;avion pas cher de Johannesbourg \u00e0 Lusaka en ligne","breadcrumb":{"@id":"https:\/\/tiketi.com\/sw\/cheap-flights-from-johannesburg-to-lusaka\/#breadcrumb"},"inLanguage":"fr-FR","potentialAction":[{"@type":"ReadAction","target":["https:\/\/tiketi.com\/sw\/cheap-flights-from-johannesburg-to-lusaka\/"]}]},{"@type":"ImageObject","inLanguage":"fr-FR","@id":"https:\/\/tiketi.com\/sw\/cheap-flights-from-johannesburg-to-lusaka\/#primaryimage","url":"https:\/\/tiketi.com\/wp-content\/uploads\/2022\/01\/flight-ticket-booking-sorasak-KxCJXXGsv9I-unsplas.jpg","contentUrl":"https:\/\/tiketi.com\/wp-content\/uploads\/2022\/01\/flight-ticket-booking-sorasak-KxCJXXGsv9I-unsplas.jpg","width":1200,"height":240,"caption":"Online flight ticket booking"},{"@type":"BreadcrumbList","@id":"https:\/\/tiketi.com\/sw\/cheap-flights-from-johannesburg-to-lusaka\/#breadcrumb","itemListElement":[{"@type":"ListItem","position":1,"name":"Home","item":"https:\/\/tiketi.com\/"},{"@type":"ListItem","position":2,"name":"Cheap Flights from\u00a0Johannesburg to Lusaka"}]},{"@type":"WebSite","@id":"https:\/\/tiketi.com\/#website","url":"https:\/\/tiketi.com\/","name":"Billets d&#039;avion et de bus, forfaits touristiques et activit\u00e9s - Tiketi.com","description":"Billets d&#039;avion et de bus, Tours, Activit\u00e9s","publisher":{"@id":"https:\/\/tiketi.com\/#organization"},"potentialAction":[{"@type":"SearchAction","target":{"@type":"EntryPoint","urlTemplate":"https:\/\/tiketi.com\/?s={search_term_string}"},"query-input":{"@type":"PropertyValueSpecification","valueRequired":true,"valueName":"search_term_string"}}],"inLanguage":"fr-FR"},{"@type":"Organization","@id":"https:\/\/tiketi.com\/#organization","name":"Tiketi.com","alternateName":"Tiketi","url":"https:\/\/tiketi.com\/","logo":{"@type":"ImageObject","inLanguage":"fr-FR","@id":"https:\/\/tiketi.com\/#\/schema\/logo\/image\/","url":"https:\/\/tiketi.com\/wp-content\/uploads\/2019\/05\/tiketi-logo-696.png","contentUrl":"https:\/\/tiketi.com\/wp-content\/uploads\/2019\/05\/tiketi-logo-696.png","width":696,"height":696,"caption":"Tiketi.com"},"image":{"@id":"https:\/\/tiketi.com\/#\/schema\/logo\/image\/"},"sameAs":["https:\/\/www.facebook.com\/TiketiCom\/"]}]}},"_links":{"self":[{"href":"https:\/\/tiketi.com\/fr-fr\/wp-json\/wp\/v2\/pages\/11611","targetHints":{"allow":["GET"]}}],"collection":[{"href":"https:\/\/tiketi.com\/fr-fr\/wp-json\/wp\/v2\/pages"}],"about":[{"href":"https:\/\/tiketi.com\/fr-fr\/wp-json\/wp\/v2\/types\/page"}],"author":[{"embeddable":true,"href":"https:\/\/tiketi.com\/fr-fr\/wp-json\/wp\/v2\/users\/1"}],"replies":[{"embeddable":true,"href":"https:\/\/tiketi.com\/fr-fr\/wp-json\/wp\/v2\/comments?post=11611"}],"version-history":[{"count":0,"href":"https:\/\/tiketi.com\/fr-fr\/wp-json\/wp\/v2\/pages\/11611\/revisions"}],"wp:featuredmedia":[{"embeddable":true,"href":"https:\/\/tiketi.com\/fr-fr\/wp-json\/wp\/v2\/media\/14041"}],"wp:attachment":[{"href":"https:\/\/tiketi.com\/fr-fr\/wp-json\/wp\/v2\/media?parent=11611"}],"curies":[{"name":"wp","href":"https:\/\/api.w.org\/{rel}","templated":true}]}}