{"id":11614,"date":"2022-01-19T12:54:58","date_gmt":"2022-01-19T11:54:58","guid":{"rendered":"https:\/\/new.tiketi.com\/bus-from-lagos-to-kano-bus-tickets-routes-schedules-fares\/"},"modified":"2022-01-29T20:11:50","modified_gmt":"2022-01-29T19:11:50","slug":"cheap-bus-tickets-from-lagos-nigeria-to-kano","status":"publish","type":"page","link":"https:\/\/tiketi.com\/fr-fr\/cheap-bus-tickets-from-lagos-nigeria-to-kano\/","title":{"rendered":"Bus de Lagos \u00e0 Kano Billets de bus, itin\u00e9raires, horaires et tarifs"},"content":{"rendered":"<h2>Billets de bus pas chers de Lagos \u00e0 Kano R\u00e9servation en ligne<\/h2>\n<h3>D\u00e9couvrez votre itin\u00e9raire sur le web, le mobile ou l&#039;application et r\u00e9servez en ligne maintenant un billet de bus pas cher de Lagos \u00e0 Kano.<\/h3>\n<p>Faites une r\u00e9servation en ligne de bus pas cher de Lagos \u00e0 Kano d\u00e8s maintenant et visitez Kano, la deuxi\u00e8me plus grande ville nig\u00e9riane en termes de population, devrait \u00eatre vos prochaines vacances pour une aventure. Comparez les prix des bus et obtenez d\u00e8s maintenant le tarif le plus bas entre Lagos et Kano. La ville du nord est riche en histoire et en culture datant de plusieurs si\u00e8cles. De nombreuses structures construites il y a des milliers d&#039;ann\u00e9es existent encore aujourd&#039;hui. Vous pouvez visiter ce Kano en r\u00e9servant en ligne d\u00e8s maintenant des billets de bus pas chers de Lagos \u00e0 Kano.<\/p>\n<h2>Bus de Lagos \u00e0 Kano Billets de bus, itin\u00e9raires, horaires et tarifs FAQ<\/h2>\n<h3>Quelle est la distance entre Lagos et Kano en bus ou en avion ?<\/h3>\n<p>La distance de vol de Lagos et Kano est de 834 km et de bus est de 983 km.<\/p>\n<h3>Puis-je conduire ou bus de Lagos \u00e0 Kano ?<\/h3>\n<p>Oui, la distance de bus de Lagos \u00e0 Kano est de 983 km. Il faut environ 13h 18m pour conduire de Lagos \u00e0 Kano.<\/p>\n<h3>Quel est le temps de bus entre Lagos et Kano ?<\/h3>\n<p>Les bus de Lagos \u00e0 Kano partent toutes les deux heures.<\/p>\n<h3>Quel est le c\u00e9l\u00e8bre bus de Lagos \u00e0 Kano ?<\/h3>\n<p>Vous pouvez facilement vous rendre \u00e0 Kano avec des billets de bus bon march\u00e9 de Lagos \u00e0 Kano, un service de bus exploit\u00e9 par Chisco Transport ou ABC Transport.<\/p>\n<h3>Quel est le moyen abordable pour se rendre de Lagos \u00e0 Kano ?<\/h3>\n<p>Le moyen abordable de se rendre \u00e0 Kano est de prendre le bus de Lagos \u00e0 Kano qui co\u00fbte $90 \u2013 $120 et dure 10h.<\/p>\n<h2>R\u00e9servez des billets de bus de Lagos \u00e0 Kano Tips<\/h2>\n<p><strong>Voici quelques-unes des meilleures attractions de Kano :<\/strong><\/p>\n<h3>Murs de Kano<\/h3>\n<p>Au 14\u00e8me si\u00e8cle, pour offrir une protection contre les maraudeurs et les agressions ext\u00e9rieures, les murs de Kano ont \u00e9t\u00e9 construits. La structure \u00e9tonnante se dresse \u00e0 une cinquantaine de pieds stup\u00e9fiante.<\/p>\n<h3>Colline de Dala<\/h3>\n<p>C&#039;est l\u00e0 que les premiers habitants de Kano se sont install\u00e9s \u00e0 leur arriv\u00e9e il y a des milliers d&#039;ann\u00e9es. Au XVIIe si\u00e8cle, la colline \u00e9tait le si\u00e8ge d&#039;une communaut\u00e9 qui s&#039;adonnait au travail du fer.<\/p>\n<p>\u00c0 1 753 pieds de haut, la colline est une c\u00e9l\u00e8bre attraction touristique.<\/p>\n<h3>Barrage de Rock Castle\/Tigram<\/h3>\n<p>C&#039;est l\u00e0 que vous pouvez trouver des activit\u00e9s nautiques et de p\u00eache. L&#039;h\u00f4tel Rock Castel, construit pour accueillir la reine Elizabeth et son entourage lors de sa visite au pays en 1960, se trouve \u00e0 l&#039;extr\u00e9mit\u00e9 du barrage.<\/p>\n<h3>March\u00e9 Kurmi<\/h3>\n<p>Le march\u00e9 de Kurmi est le plus ancien march\u00e9 public du nord du Nig\u00e9ria et c\u00e9l\u00e8bre pour ses produits traditionnels tels que les calebasses, les sculptures, les cuivres, les bijoux anciens, la poterie et les produits en cuir.<\/p>\n<h3>R\u00e9serve de gibier de la zone humide de Baturiya<\/h3>\n<p>La r\u00e9serve de gibier est un sanctuaire pour une gamme d&#039;oiseaux comme l&#039;oie \u00e0 bec boutonn\u00e9, le p\u00e9lican, le calao gris, la cigogne \u00e0 bec jaune et bien d&#039;autres.<\/p>","protected":false},"excerpt":{"rendered":"<p>Cheap Bus Tickets from\u00a0Lagos to Kano Online Booking Discover your travel route on web, mobile or app and book cheap bus ticket from Lagos to Kano online now. Do cheap bus from Lagos to Kano bus online booking\u00a0now and visit Kano, the second biggest Nigerian city by population, should be your next holiday for an [&hellip;]<\/p>\n","protected":false},"author":1,"featured_media":13999,"parent":0,"menu_order":0,"comment_status":"open","ping_status":"closed","template":"template-home-modern.php","meta":{"footnotes":""},"class_list":["post-11614","page","type-page","status-publish","has-post-thumbnail","hentry"],"yoast_head":"<!-- This site is optimized with the Yoast SEO plugin v27.3 - https:\/\/yoast.com\/product\/yoast-seo-wordpress\/ -->\n<title>Bus from Lagos to Kano Bus Tickets, Routes, Schedules &amp; Fares<\/title>\n<meta name=\"description\" content=\"Looking for bus from\u00a0Lagos to Kano bus ticket booking app, routes, schedules &amp; fares? Book cheap bus tickets from Lagos to Kano online now\" \/>\n<meta name=\"robots\" content=\"index, follow, max-snippet:-1, max-image-preview:large, max-video-preview:-1\" \/>\n<link rel=\"canonical\" href=\"https:\/\/tiketi.com\/fr-fr\/cheap-bus-tickets-from-lagos-nigeria-to-kano\/\" \/>\n<meta property=\"og:locale\" content=\"fr_FR\" \/>\n<meta property=\"og:type\" content=\"article\" \/>\n<meta property=\"og:title\" content=\"Bus from Lagos to Kano Bus Tickets, Routes, Schedules &amp; Fares\" \/>\n<meta property=\"og:description\" content=\"Looking for bus from\u00a0Lagos to Kano bus ticket booking app, routes, schedules &amp; fares? Book cheap bus tickets from Lagos to Kano online now\" \/>\n<meta property=\"og:url\" content=\"https:\/\/tiketi.com\/fr-fr\/cheap-bus-tickets-from-lagos-nigeria-to-kano\/\" \/>\n<meta property=\"og:site_name\" content=\"Tiketi.com\" \/>\n<meta property=\"article:publisher\" content=\"https:\/\/www.facebook.com\/TiketiCom\/\" \/>\n<meta property=\"article:modified_time\" content=\"2022-01-29T19:11:50+00:00\" \/>\n<meta property=\"og:image\" content=\"https:\/\/tiketi.com\/wp-content\/uploads\/2022\/01\/bus-ticket-online-booking.jpg\" \/>\n\t<meta property=\"og:image:width\" content=\"1200\" \/>\n\t<meta property=\"og:image:height\" content=\"206\" \/>\n\t<meta property=\"og:image:type\" content=\"image\/jpeg\" \/>\n<meta name=\"twitter:card\" content=\"summary_large_image\" \/>\n<meta name=\"twitter:label1\" content=\"Dur\u00e9e de lecture estim\u00e9e\" \/>\n\t<meta name=\"twitter:data1\" content=\"2 minutes\" \/>\n<script type=\"application\/ld+json\" class=\"yoast-schema-graph\">{\"@context\":\"https:\\\/\\\/schema.org\",\"@graph\":[{\"@type\":\"WebPage\",\"@id\":\"https:\\\/\\\/tiketi.com\\\/cheap-bus-tickets-from-lagos-nigeria-to-kano\\\/\",\"url\":\"https:\\\/\\\/tiketi.com\\\/cheap-bus-tickets-from-lagos-nigeria-to-kano\\\/\",\"name\":\"Bus from Lagos to Kano Bus Tickets, Routes, Schedules & Fares\",\"isPartOf\":{\"@id\":\"https:\\\/\\\/tiketi.com\\\/#website\"},\"primaryImageOfPage\":{\"@id\":\"https:\\\/\\\/tiketi.com\\\/cheap-bus-tickets-from-lagos-nigeria-to-kano\\\/#primaryimage\"},\"image\":{\"@id\":\"https:\\\/\\\/tiketi.com\\\/cheap-bus-tickets-from-lagos-nigeria-to-kano\\\/#primaryimage\"},\"thumbnailUrl\":\"https:\\\/\\\/tiketi.com\\\/wp-content\\\/uploads\\\/2022\\\/01\\\/bus-ticket-online-booking.jpg\",\"datePublished\":\"2022-01-19T11:54:58+00:00\",\"dateModified\":\"2022-01-29T19:11:50+00:00\",\"description\":\"Looking for bus from\u00a0Lagos to Kano bus ticket booking app, routes, schedules & fares? Book cheap bus tickets from Lagos to Kano online now\",\"breadcrumb\":{\"@id\":\"https:\\\/\\\/tiketi.com\\\/cheap-bus-tickets-from-lagos-nigeria-to-kano\\\/#breadcrumb\"},\"inLanguage\":\"fr-FR\",\"potentialAction\":[{\"@type\":\"ReadAction\",\"target\":[\"https:\\\/\\\/tiketi.com\\\/cheap-bus-tickets-from-lagos-nigeria-to-kano\\\/\"]}]},{\"@type\":\"ImageObject\",\"inLanguage\":\"fr-FR\",\"@id\":\"https:\\\/\\\/tiketi.com\\\/cheap-bus-tickets-from-lagos-nigeria-to-kano\\\/#primaryimage\",\"url\":\"https:\\\/\\\/tiketi.com\\\/wp-content\\\/uploads\\\/2022\\\/01\\\/bus-ticket-online-booking.jpg\",\"contentUrl\":\"https:\\\/\\\/tiketi.com\\\/wp-content\\\/uploads\\\/2022\\\/01\\\/bus-ticket-online-booking.jpg\",\"width\":1200,\"height\":206,\"caption\":\"Online Bus Ticket Booking\"},{\"@type\":\"BreadcrumbList\",\"@id\":\"https:\\\/\\\/tiketi.com\\\/cheap-bus-tickets-from-lagos-nigeria-to-kano\\\/#breadcrumb\",\"itemListElement\":[{\"@type\":\"ListItem\",\"position\":1,\"name\":\"Home\",\"item\":\"https:\\\/\\\/tiketi.com\\\/\"},{\"@type\":\"ListItem\",\"position\":2,\"name\":\"Bus from Lagos to Kano Bus Tickets, Routes, Schedules &#038; Fares\"}]},{\"@type\":\"WebSite\",\"@id\":\"https:\\\/\\\/tiketi.com\\\/#website\",\"url\":\"https:\\\/\\\/tiketi.com\\\/\",\"name\":\"Flight & Bus Tickets, Tour Packages & Activitites - Tiketi.com\",\"description\":\"Flight &amp; Bus Tickets, Tours, Activitites\",\"publisher\":{\"@id\":\"https:\\\/\\\/tiketi.com\\\/#organization\"},\"potentialAction\":[{\"@type\":\"SearchAction\",\"target\":{\"@type\":\"EntryPoint\",\"urlTemplate\":\"https:\\\/\\\/tiketi.com\\\/?s={search_term_string}\"},\"query-input\":{\"@type\":\"PropertyValueSpecification\",\"valueRequired\":true,\"valueName\":\"search_term_string\"}}],\"inLanguage\":\"fr-FR\"},{\"@type\":\"Organization\",\"@id\":\"https:\\\/\\\/tiketi.com\\\/#organization\",\"name\":\"Tiketi.com\",\"alternateName\":\"Tiketi\",\"url\":\"https:\\\/\\\/tiketi.com\\\/\",\"logo\":{\"@type\":\"ImageObject\",\"inLanguage\":\"fr-FR\",\"@id\":\"https:\\\/\\\/tiketi.com\\\/#\\\/schema\\\/logo\\\/image\\\/\",\"url\":\"https:\\\/\\\/tiketi.com\\\/wp-content\\\/uploads\\\/2019\\\/05\\\/tiketi-logo-696.png\",\"contentUrl\":\"https:\\\/\\\/tiketi.com\\\/wp-content\\\/uploads\\\/2019\\\/05\\\/tiketi-logo-696.png\",\"width\":696,\"height\":696,\"caption\":\"Tiketi.com\"},\"image\":{\"@id\":\"https:\\\/\\\/tiketi.com\\\/#\\\/schema\\\/logo\\\/image\\\/\"},\"sameAs\":[\"https:\\\/\\\/www.facebook.com\\\/TiketiCom\\\/\"]}]}<\/script>\n<!-- \/ Yoast SEO plugin. -->","yoast_head_json":{"title":"Bus de Lagos \u00e0 Kano Billets de bus, itin\u00e9raires, horaires et tarifs","description":"Vous recherchez une application de r\u00e9servation de billets de bus de Lagos \u00e0 Kano, des itin\u00e9raires, des horaires et des tarifs\u00a0? R\u00e9servez en ligne maintenant des billets de bus \u00e0 bas prix de Lagos \u00e0 Kano","robots":{"index":"index","follow":"follow","max-snippet":"max-snippet:-1","max-image-preview":"max-image-preview:large","max-video-preview":"max-video-preview:-1"},"canonical":"https:\/\/tiketi.com\/fr-fr\/cheap-bus-tickets-from-lagos-nigeria-to-kano\/","og_locale":"fr_FR","og_type":"article","og_title":"Bus from Lagos to Kano Bus Tickets, Routes, Schedules & Fares","og_description":"Looking for bus from\u00a0Lagos to Kano bus ticket booking app, routes, schedules & fares? Book cheap bus tickets from Lagos to Kano online now","og_url":"https:\/\/tiketi.com\/fr-fr\/cheap-bus-tickets-from-lagos-nigeria-to-kano\/","og_site_name":"Tiketi.com","article_publisher":"https:\/\/www.facebook.com\/TiketiCom\/","article_modified_time":"2022-01-29T19:11:50+00:00","og_image":[{"width":1200,"height":206,"url":"https:\/\/tiketi.com\/wp-content\/uploads\/2022\/01\/bus-ticket-online-booking.jpg","type":"image\/jpeg"}],"twitter_card":"summary_large_image","twitter_misc":{"Dur\u00e9e de lecture estim\u00e9e":"2 minutes"},"schema":{"@context":"https:\/\/schema.org","@graph":[{"@type":"WebPage","@id":"https:\/\/tiketi.com\/cheap-bus-tickets-from-lagos-nigeria-to-kano\/","url":"https:\/\/tiketi.com\/cheap-bus-tickets-from-lagos-nigeria-to-kano\/","name":"Bus de Lagos \u00e0 Kano Billets de bus, itin\u00e9raires, horaires et tarifs","isPartOf":{"@id":"https:\/\/tiketi.com\/#website"},"primaryImageOfPage":{"@id":"https:\/\/tiketi.com\/cheap-bus-tickets-from-lagos-nigeria-to-kano\/#primaryimage"},"image":{"@id":"https:\/\/tiketi.com\/cheap-bus-tickets-from-lagos-nigeria-to-kano\/#primaryimage"},"thumbnailUrl":"https:\/\/tiketi.com\/wp-content\/uploads\/2022\/01\/bus-ticket-online-booking.jpg","datePublished":"2022-01-19T11:54:58+00:00","dateModified":"2022-01-29T19:11:50+00:00","description":"Vous recherchez une application de r\u00e9servation de billets de bus de Lagos \u00e0 Kano, des itin\u00e9raires, des horaires et des tarifs\u00a0? R\u00e9servez en ligne maintenant des billets de bus \u00e0 bas prix de Lagos \u00e0 Kano","breadcrumb":{"@id":"https:\/\/tiketi.com\/cheap-bus-tickets-from-lagos-nigeria-to-kano\/#breadcrumb"},"inLanguage":"fr-FR","potentialAction":[{"@type":"ReadAction","target":["https:\/\/tiketi.com\/cheap-bus-tickets-from-lagos-nigeria-to-kano\/"]}]},{"@type":"ImageObject","inLanguage":"fr-FR","@id":"https:\/\/tiketi.com\/cheap-bus-tickets-from-lagos-nigeria-to-kano\/#primaryimage","url":"https:\/\/tiketi.com\/wp-content\/uploads\/2022\/01\/bus-ticket-online-booking.jpg","contentUrl":"https:\/\/tiketi.com\/wp-content\/uploads\/2022\/01\/bus-ticket-online-booking.jpg","width":1200,"height":206,"caption":"Online Bus Ticket Booking"},{"@type":"BreadcrumbList","@id":"https:\/\/tiketi.com\/cheap-bus-tickets-from-lagos-nigeria-to-kano\/#breadcrumb","itemListElement":[{"@type":"ListItem","position":1,"name":"Home","item":"https:\/\/tiketi.com\/"},{"@type":"ListItem","position":2,"name":"Bus from Lagos to Kano Bus Tickets, Routes, Schedules &#038; Fares"}]},{"@type":"WebSite","@id":"https:\/\/tiketi.com\/#website","url":"https:\/\/tiketi.com\/","name":"Billets d&#039;avion et de bus, forfaits touristiques et activit\u00e9s - Tiketi.com","description":"Billets d&#039;avion et de bus, Tours, Activit\u00e9s","publisher":{"@id":"https:\/\/tiketi.com\/#organization"},"potentialAction":[{"@type":"SearchAction","target":{"@type":"EntryPoint","urlTemplate":"https:\/\/tiketi.com\/?s={search_term_string}"},"query-input":{"@type":"PropertyValueSpecification","valueRequired":true,"valueName":"search_term_string"}}],"inLanguage":"fr-FR"},{"@type":"Organization","@id":"https:\/\/tiketi.com\/#organization","name":"Tiketi.com","alternateName":"Tiketi","url":"https:\/\/tiketi.com\/","logo":{"@type":"ImageObject","inLanguage":"fr-FR","@id":"https:\/\/tiketi.com\/#\/schema\/logo\/image\/","url":"https:\/\/tiketi.com\/wp-content\/uploads\/2019\/05\/tiketi-logo-696.png","contentUrl":"https:\/\/tiketi.com\/wp-content\/uploads\/2019\/05\/tiketi-logo-696.png","width":696,"height":696,"caption":"Tiketi.com"},"image":{"@id":"https:\/\/tiketi.com\/#\/schema\/logo\/image\/"},"sameAs":["https:\/\/www.facebook.com\/TiketiCom\/"]}]}},"_links":{"self":[{"href":"https:\/\/tiketi.com\/fr-fr\/wp-json\/wp\/v2\/pages\/11614","targetHints":{"allow":["GET"]}}],"collection":[{"href":"https:\/\/tiketi.com\/fr-fr\/wp-json\/wp\/v2\/pages"}],"about":[{"href":"https:\/\/tiketi.com\/fr-fr\/wp-json\/wp\/v2\/types\/page"}],"author":[{"embeddable":true,"href":"https:\/\/tiketi.com\/fr-fr\/wp-json\/wp\/v2\/users\/1"}],"replies":[{"embeddable":true,"href":"https:\/\/tiketi.com\/fr-fr\/wp-json\/wp\/v2\/comments?post=11614"}],"version-history":[{"count":0,"href":"https:\/\/tiketi.com\/fr-fr\/wp-json\/wp\/v2\/pages\/11614\/revisions"}],"wp:featuredmedia":[{"embeddable":true,"href":"https:\/\/tiketi.com\/fr-fr\/wp-json\/wp\/v2\/media\/13999"}],"wp:attachment":[{"href":"https:\/\/tiketi.com\/fr-fr\/wp-json\/wp\/v2\/media?parent=11614"}],"curies":[{"name":"wp","href":"https:\/\/api.w.org\/{rel}","templated":true}]}}