{"id":11615,"date":"2022-01-19T12:54:58","date_gmt":"2022-01-19T11:54:58","guid":{"rendered":"https:\/\/new.tiketi.com\/bus-from-lagos-to-ibadan-bus-tickets-route-fare-schedule\/"},"modified":"2022-01-29T19:59:13","modified_gmt":"2022-01-29T18:59:13","slug":"cheap-bus-tickets-from-lagos-nigeria-to-ibadan","status":"publish","type":"page","link":"https:\/\/tiketi.com\/fr-fr\/cheap-bus-tickets-from-lagos-nigeria-to-ibadan\/","title":{"rendered":"Bus de Lagos \u00e0 Ibadan Billets de bus, itin\u00e9raire, tarifs et horaires"},"content":{"rendered":"<h2>Billets de bus pas chers de Lagos \u00e0 Ibadan : r\u00e9servation en ligne<\/h2>\n<h3>D\u00e9couvrez votre itin\u00e9raire de voyage sur le Web, votre mobile ou votre application et r\u00e9servez d\u00e8s maintenant en ligne un billet de bus pas cher de Lagos \u00e0 Ibadan.<\/h3>\n<p>Comparez et r\u00e9servez en ligne des bus pas chers de Lagos \u00e0 Ibadan. Ibadan est une ville du Nig\u00e9ria. C&#039;est la 3\u00e8me plus grande ville du pays apr\u00e8s Port Harcourt et Lagos. C&#039;est la capitale de l&#039;\u00c9tat d&#039;Oyo et poss\u00e8de la plus grande superficie g\u00e9ographique. Selon un recensement r\u00e9alis\u00e9 en 2009, elle compte 1,3 million d&#039;habitants. Lors de l&#039;ind\u00e9pendance, elle \u00e9tait la ville la plus peupl\u00e9e du Nigeria. C&#039;\u00e9tait \u00e9galement le centre du gouvernement pendant la domination coloniale britannique. Certains des tr\u00e8s anciens murs de protection de la ville existent toujours. Alors, achetez d\u00e8s maintenant vos billets de bus pas chers de Lagos \u00e0 Ibadan.<\/p>\n<h2>Bus de Lagos \u00e0 Ibadan Billets de bus, itin\u00e9raires, horaires et tarifs FAQ<\/h2>\n<h3>Quel est le moyen le moins cher pour se rendre de Lagos \u00e0 Lbadan ?<\/h3>\n<p>Le moyen le moins cher de se rendre de Lagos \u00e0 Ibadan en bus et taxi qui co\u00fbte $30 \u2013 $45 et prend 2h 3m.<\/p>\n<h3>Quelle est la distance entre Lagos et Lbadan en bus ?<\/h3>\n<p>La distance entre Lbadan et Lagos en bus est de 136 km.<\/p>\n<h3>Combien de temps dur le bus pour un trajet depuis Lagos vers Ibadan ?<\/h3>\n<p>Les services de bus bon march\u00e9 de Lagos \u00e0 Ibadan partent toutes les 3 heures.<\/p>\n<h3>Quels sont les c\u00e9l\u00e8bres services de bus de Lagos \u00e0 Lbadan ?<\/h3>\n<p>Vous pouvez facilement choisir le bus de Lagos \u00e0 Ibadan, exploit\u00e9 par le syst\u00e8me de transport du Nigeria.<\/p>\n<h3>Puis-je conduire de Lagos \u00e0 Ibadan ?<\/h3>\n<p>Oui, la distance entre Lagos et Ibadan en bus est de 136 km. Il faut environ 2h 3m pour conduire de Lagos \u00e0 Lbadan.<\/p>\n<h2>Conseils pour r\u00e9server des billets de bus de Lagos \u00e0 Ibadan<\/h2>\n<p>Ibadan a plusieurs attractions et lieux. Il y a une c\u00e9l\u00e8bre tour appel\u00e9e Bower Memorial Tower qui peut \u00eatre observ\u00e9e de n&#039;importe quel point de la ville. Il propose \u00e9galement une observation de la ville enti\u00e8re depuis le sommet. Un autre point de rep\u00e8re est la Cocoa House. C&#039;\u00e9tait le principal gratte-ciel d&#039;Afrique et aussi le centre commercial de la ville. Mapo Hall est un autre lieu c\u00e9l\u00e8bre et \u00e9tait autrefois l\u2019h\u00f4tel de ville colonial. Une autre attraction comprend le parc de divertissement Trans-Wonderland et le c\u00e9l\u00e8bre stade de la Libert\u00e9 qui est le premier stade d&#039;Afrique.<\/p>\n<p>Ibadan est tr\u00e8s r\u00e9put\u00e9 pour \u00eatre un centre \u00e9ducatif. C&#039;est le si\u00e8ge de l&#039;universit\u00e9 populaire qui a form\u00e9 de nombreux universitaires du pays, appel\u00e9e Universit\u00e9 d&#039;Ibadan. L&#039;universit\u00e9 accueille jusqu&#039;\u00e0 12 000 \u00e9tudiants. Il a \u00e9t\u00e9 cr\u00e9\u00e9 en tant que coll\u00e8ge c\u00e9l\u00e8bre sous le nom d\u2019Universit\u00e9 de Londres en 1948.<\/p>","protected":false},"excerpt":{"rendered":"<p>Cheap Bus Tickets from Lagos to Ibadan Online Booking Discover your travel route on web, mobile or app and book cheap bus ticket from Lagos to Ibadan online now. Compare and do cheap bus from Lagos to Ibadan bus online booking. Ibadan is a Nigeria city. It is the 3rd biggest city in the country [&hellip;]<\/p>\n","protected":false},"author":1,"featured_media":13999,"parent":0,"menu_order":0,"comment_status":"open","ping_status":"closed","template":"template-home-modern.php","meta":{"footnotes":""},"class_list":["post-11615","page","type-page","status-publish","has-post-thumbnail","hentry"],"yoast_head":"<!-- This site is optimized with the Yoast SEO plugin v27.3 - https:\/\/yoast.com\/product\/yoast-seo-wordpress\/ -->\n<title>Bus from Lagos to Ibadan Bus Tickets, Route, Fare &amp; Schedule<\/title>\n<meta name=\"description\" content=\"Looking for bus from\u00a0Lagos to Ibadan bus ticket booking app, routes, schedules &amp; fares? Book cheap bus tickets from Lagos to Ibadan online\" \/>\n<meta name=\"robots\" content=\"index, follow, max-snippet:-1, max-image-preview:large, max-video-preview:-1\" \/>\n<link rel=\"canonical\" href=\"https:\/\/tiketi.com\/fr-fr\/cheap-bus-tickets-from-lagos-nigeria-to-ibadan\/\" \/>\n<meta property=\"og:locale\" content=\"fr_FR\" \/>\n<meta property=\"og:type\" content=\"article\" \/>\n<meta property=\"og:title\" content=\"Bus from Lagos to Ibadan Bus Tickets, Route, Fare &amp; Schedule\" \/>\n<meta property=\"og:description\" content=\"Looking for bus from\u00a0Lagos to Ibadan bus ticket booking app, routes, schedules &amp; fares? Book cheap bus tickets from Lagos to Ibadan online\" \/>\n<meta property=\"og:url\" content=\"https:\/\/tiketi.com\/fr-fr\/cheap-bus-tickets-from-lagos-nigeria-to-ibadan\/\" \/>\n<meta property=\"og:site_name\" content=\"Tiketi.com\" \/>\n<meta property=\"article:publisher\" content=\"https:\/\/www.facebook.com\/TiketiCom\/\" \/>\n<meta property=\"article:modified_time\" content=\"2022-01-29T18:59:13+00:00\" \/>\n<meta property=\"og:image\" content=\"https:\/\/tiketi.com\/wp-content\/uploads\/2022\/01\/bus-ticket-online-booking.jpg\" \/>\n\t<meta property=\"og:image:width\" content=\"1200\" \/>\n\t<meta property=\"og:image:height\" content=\"206\" \/>\n\t<meta property=\"og:image:type\" content=\"image\/jpeg\" \/>\n<meta name=\"twitter:card\" content=\"summary_large_image\" \/>\n<meta name=\"twitter:label1\" content=\"Dur\u00e9e de lecture estim\u00e9e\" \/>\n\t<meta name=\"twitter:data1\" content=\"2 minutes\" \/>\n<script type=\"application\/ld+json\" class=\"yoast-schema-graph\">{\"@context\":\"https:\\\/\\\/schema.org\",\"@graph\":[{\"@type\":\"WebPage\",\"@id\":\"https:\\\/\\\/tiketi.com\\\/fr-fr\\\/cheap-bus-tickets-from-lagos-nigeria-to-ibadan\\\/\",\"url\":\"https:\\\/\\\/tiketi.com\\\/fr-fr\\\/cheap-bus-tickets-from-lagos-nigeria-to-ibadan\\\/\",\"name\":\"Bus from Lagos to Ibadan Bus Tickets, Route, Fare & Schedule\",\"isPartOf\":{\"@id\":\"https:\\\/\\\/tiketi.com\\\/#website\"},\"primaryImageOfPage\":{\"@id\":\"https:\\\/\\\/tiketi.com\\\/fr-fr\\\/cheap-bus-tickets-from-lagos-nigeria-to-ibadan\\\/#primaryimage\"},\"image\":{\"@id\":\"https:\\\/\\\/tiketi.com\\\/fr-fr\\\/cheap-bus-tickets-from-lagos-nigeria-to-ibadan\\\/#primaryimage\"},\"thumbnailUrl\":\"https:\\\/\\\/tiketi.com\\\/wp-content\\\/uploads\\\/2022\\\/01\\\/bus-ticket-online-booking.jpg\",\"datePublished\":\"2022-01-19T11:54:58+00:00\",\"dateModified\":\"2022-01-29T18:59:13+00:00\",\"description\":\"Looking for bus from\u00a0Lagos to Ibadan bus ticket booking app, routes, schedules & fares? Book cheap bus tickets from Lagos to Ibadan online\",\"breadcrumb\":{\"@id\":\"https:\\\/\\\/tiketi.com\\\/fr-fr\\\/cheap-bus-tickets-from-lagos-nigeria-to-ibadan\\\/#breadcrumb\"},\"inLanguage\":\"fr-FR\",\"potentialAction\":[{\"@type\":\"ReadAction\",\"target\":[\"https:\\\/\\\/tiketi.com\\\/fr-fr\\\/cheap-bus-tickets-from-lagos-nigeria-to-ibadan\\\/\"]}]},{\"@type\":\"ImageObject\",\"inLanguage\":\"fr-FR\",\"@id\":\"https:\\\/\\\/tiketi.com\\\/fr-fr\\\/cheap-bus-tickets-from-lagos-nigeria-to-ibadan\\\/#primaryimage\",\"url\":\"https:\\\/\\\/tiketi.com\\\/wp-content\\\/uploads\\\/2022\\\/01\\\/bus-ticket-online-booking.jpg\",\"contentUrl\":\"https:\\\/\\\/tiketi.com\\\/wp-content\\\/uploads\\\/2022\\\/01\\\/bus-ticket-online-booking.jpg\",\"width\":1200,\"height\":206,\"caption\":\"Online Bus Ticket Booking\"},{\"@type\":\"BreadcrumbList\",\"@id\":\"https:\\\/\\\/tiketi.com\\\/fr-fr\\\/cheap-bus-tickets-from-lagos-nigeria-to-ibadan\\\/#breadcrumb\",\"itemListElement\":[{\"@type\":\"ListItem\",\"position\":1,\"name\":\"Home\",\"item\":\"https:\\\/\\\/tiketi.com\\\/\"},{\"@type\":\"ListItem\",\"position\":2,\"name\":\"Bus from Lagos to Ibadan Bus Tickets, Route, Fare &#038; Schedule\"}]},{\"@type\":\"WebSite\",\"@id\":\"https:\\\/\\\/tiketi.com\\\/#website\",\"url\":\"https:\\\/\\\/tiketi.com\\\/\",\"name\":\"Flight & Bus Tickets, Tour Packages & Activitites - Tiketi.com\",\"description\":\"Flight &amp; Bus Tickets, Tours, Activitites\",\"publisher\":{\"@id\":\"https:\\\/\\\/tiketi.com\\\/#organization\"},\"potentialAction\":[{\"@type\":\"SearchAction\",\"target\":{\"@type\":\"EntryPoint\",\"urlTemplate\":\"https:\\\/\\\/tiketi.com\\\/?s={search_term_string}\"},\"query-input\":{\"@type\":\"PropertyValueSpecification\",\"valueRequired\":true,\"valueName\":\"search_term_string\"}}],\"inLanguage\":\"fr-FR\"},{\"@type\":\"Organization\",\"@id\":\"https:\\\/\\\/tiketi.com\\\/#organization\",\"name\":\"Tiketi.com\",\"alternateName\":\"Tiketi\",\"url\":\"https:\\\/\\\/tiketi.com\\\/\",\"logo\":{\"@type\":\"ImageObject\",\"inLanguage\":\"fr-FR\",\"@id\":\"https:\\\/\\\/tiketi.com\\\/#\\\/schema\\\/logo\\\/image\\\/\",\"url\":\"https:\\\/\\\/tiketi.com\\\/wp-content\\\/uploads\\\/2019\\\/05\\\/tiketi-logo-696.png\",\"contentUrl\":\"https:\\\/\\\/tiketi.com\\\/wp-content\\\/uploads\\\/2019\\\/05\\\/tiketi-logo-696.png\",\"width\":696,\"height\":696,\"caption\":\"Tiketi.com\"},\"image\":{\"@id\":\"https:\\\/\\\/tiketi.com\\\/#\\\/schema\\\/logo\\\/image\\\/\"},\"sameAs\":[\"https:\\\/\\\/www.facebook.com\\\/TiketiCom\\\/\"]}]}<\/script>\n<!-- \/ Yoast SEO plugin. -->","yoast_head_json":{"title":"Bus de Lagos \u00e0 Ibadan Billets de bus, itin\u00e9raire, tarifs et horaires","description":"Vous recherchez une application de r\u00e9servation de billets de bus de Lagos \u00e0 Ibadan, des itin\u00e9raires, des horaires et des tarifs ? R\u00e9servez vos billets de bus pas chers de Lagos \u00e0 Ibadan en ligne","robots":{"index":"index","follow":"follow","max-snippet":"max-snippet:-1","max-image-preview":"max-image-preview:large","max-video-preview":"max-video-preview:-1"},"canonical":"https:\/\/tiketi.com\/fr-fr\/cheap-bus-tickets-from-lagos-nigeria-to-ibadan\/","og_locale":"fr_FR","og_type":"article","og_title":"Bus from Lagos to Ibadan Bus Tickets, Route, Fare & Schedule","og_description":"Looking for bus from\u00a0Lagos to Ibadan bus ticket booking app, routes, schedules & fares? Book cheap bus tickets from Lagos to Ibadan online","og_url":"https:\/\/tiketi.com\/fr-fr\/cheap-bus-tickets-from-lagos-nigeria-to-ibadan\/","og_site_name":"Tiketi.com","article_publisher":"https:\/\/www.facebook.com\/TiketiCom\/","article_modified_time":"2022-01-29T18:59:13+00:00","og_image":[{"width":1200,"height":206,"url":"https:\/\/tiketi.com\/wp-content\/uploads\/2022\/01\/bus-ticket-online-booking.jpg","type":"image\/jpeg"}],"twitter_card":"summary_large_image","twitter_misc":{"Dur\u00e9e de lecture estim\u00e9e":"2 minutes"},"schema":{"@context":"https:\/\/schema.org","@graph":[{"@type":"WebPage","@id":"https:\/\/tiketi.com\/fr-fr\/cheap-bus-tickets-from-lagos-nigeria-to-ibadan\/","url":"https:\/\/tiketi.com\/fr-fr\/cheap-bus-tickets-from-lagos-nigeria-to-ibadan\/","name":"Bus de Lagos \u00e0 Ibadan Billets de bus, itin\u00e9raire, tarifs et horaires","isPartOf":{"@id":"https:\/\/tiketi.com\/#website"},"primaryImageOfPage":{"@id":"https:\/\/tiketi.com\/fr-fr\/cheap-bus-tickets-from-lagos-nigeria-to-ibadan\/#primaryimage"},"image":{"@id":"https:\/\/tiketi.com\/fr-fr\/cheap-bus-tickets-from-lagos-nigeria-to-ibadan\/#primaryimage"},"thumbnailUrl":"https:\/\/tiketi.com\/wp-content\/uploads\/2022\/01\/bus-ticket-online-booking.jpg","datePublished":"2022-01-19T11:54:58+00:00","dateModified":"2022-01-29T18:59:13+00:00","description":"Vous recherchez une application de r\u00e9servation de billets de bus de Lagos \u00e0 Ibadan, des itin\u00e9raires, des horaires et des tarifs ? R\u00e9servez vos billets de bus pas chers de Lagos \u00e0 Ibadan en ligne","breadcrumb":{"@id":"https:\/\/tiketi.com\/fr-fr\/cheap-bus-tickets-from-lagos-nigeria-to-ibadan\/#breadcrumb"},"inLanguage":"fr-FR","potentialAction":[{"@type":"ReadAction","target":["https:\/\/tiketi.com\/fr-fr\/cheap-bus-tickets-from-lagos-nigeria-to-ibadan\/"]}]},{"@type":"ImageObject","inLanguage":"fr-FR","@id":"https:\/\/tiketi.com\/fr-fr\/cheap-bus-tickets-from-lagos-nigeria-to-ibadan\/#primaryimage","url":"https:\/\/tiketi.com\/wp-content\/uploads\/2022\/01\/bus-ticket-online-booking.jpg","contentUrl":"https:\/\/tiketi.com\/wp-content\/uploads\/2022\/01\/bus-ticket-online-booking.jpg","width":1200,"height":206,"caption":"Online Bus Ticket Booking"},{"@type":"BreadcrumbList","@id":"https:\/\/tiketi.com\/fr-fr\/cheap-bus-tickets-from-lagos-nigeria-to-ibadan\/#breadcrumb","itemListElement":[{"@type":"ListItem","position":1,"name":"Home","item":"https:\/\/tiketi.com\/"},{"@type":"ListItem","position":2,"name":"Bus from Lagos to Ibadan Bus Tickets, Route, Fare &#038; Schedule"}]},{"@type":"WebSite","@id":"https:\/\/tiketi.com\/#website","url":"https:\/\/tiketi.com\/","name":"Billets d&#039;avion et de bus, forfaits touristiques et activit\u00e9s - Tiketi.com","description":"Billets d&#039;avion et de bus, Tours, Activit\u00e9s","publisher":{"@id":"https:\/\/tiketi.com\/#organization"},"potentialAction":[{"@type":"SearchAction","target":{"@type":"EntryPoint","urlTemplate":"https:\/\/tiketi.com\/?s={search_term_string}"},"query-input":{"@type":"PropertyValueSpecification","valueRequired":true,"valueName":"search_term_string"}}],"inLanguage":"fr-FR"},{"@type":"Organization","@id":"https:\/\/tiketi.com\/#organization","name":"Tiketi.com","alternateName":"Tiketi","url":"https:\/\/tiketi.com\/","logo":{"@type":"ImageObject","inLanguage":"fr-FR","@id":"https:\/\/tiketi.com\/#\/schema\/logo\/image\/","url":"https:\/\/tiketi.com\/wp-content\/uploads\/2019\/05\/tiketi-logo-696.png","contentUrl":"https:\/\/tiketi.com\/wp-content\/uploads\/2019\/05\/tiketi-logo-696.png","width":696,"height":696,"caption":"Tiketi.com"},"image":{"@id":"https:\/\/tiketi.com\/#\/schema\/logo\/image\/"},"sameAs":["https:\/\/www.facebook.com\/TiketiCom\/"]}]}},"_links":{"self":[{"href":"https:\/\/tiketi.com\/fr-fr\/wp-json\/wp\/v2\/pages\/11615","targetHints":{"allow":["GET"]}}],"collection":[{"href":"https:\/\/tiketi.com\/fr-fr\/wp-json\/wp\/v2\/pages"}],"about":[{"href":"https:\/\/tiketi.com\/fr-fr\/wp-json\/wp\/v2\/types\/page"}],"author":[{"embeddable":true,"href":"https:\/\/tiketi.com\/fr-fr\/wp-json\/wp\/v2\/users\/1"}],"replies":[{"embeddable":true,"href":"https:\/\/tiketi.com\/fr-fr\/wp-json\/wp\/v2\/comments?post=11615"}],"version-history":[{"count":0,"href":"https:\/\/tiketi.com\/fr-fr\/wp-json\/wp\/v2\/pages\/11615\/revisions"}],"wp:featuredmedia":[{"embeddable":true,"href":"https:\/\/tiketi.com\/fr-fr\/wp-json\/wp\/v2\/media\/13999"}],"wp:attachment":[{"href":"https:\/\/tiketi.com\/fr-fr\/wp-json\/wp\/v2\/media?parent=11615"}],"curies":[{"name":"wp","href":"https:\/\/api.w.org\/{rel}","templated":true}]}}