{"id":11620,"date":"2022-01-19T12:54:58","date_gmt":"2022-01-19T11:54:58","guid":{"rendered":"https:\/\/new.tiketi.com\/bus-tickets-in-tanzania-online-bus-ticket-booking\/"},"modified":"2024-05-21T09:33:32","modified_gmt":"2024-05-21T08:33:32","slug":"tanzania-bus-tickets","status":"publish","type":"page","link":"https:\/\/tiketi.com\/fr-fr\/coaches\/tanzania-bus-tickets\/","title":{"rendered":"Online Bus Ticket Booking in Tanzania I Cheap Bus Tickets"},"content":{"rendered":"<h2>Best Bus Tickets in Tanzania Booking<\/h2>\n<h3>D\u00e9couvrez votre itin\u00e9raire de voyage sur le web, le mobile ou l&#039;application et r\u00e9servez d\u00e8s maintenant en ligne des trajets \u00e0 bas prix en utilisant notre application de r\u00e9servation de bus en Tanzanie.<\/h3>\n<p>Use our easy and cheap online bus ticket booking in Tanzania app to compare bus fares in Tanzania. Local buses are an affordable way to get around cities, but will need some English-Swahili language expertise. So use our bus booking service to reserve your cheap bus tickets in Tanzania safe and easy and save time and money. Here is the detail of bus booking in Tanzania.<\/p>\n<h2>Voyage en bus en Tanzanie<\/h2>\n<h3>The main national Tanzania bus routes operators<\/h3>\n<p>Il existe de nombreuses entreprises tr\u00e8s r\u00e9put\u00e9es qui proposent des tarifs de bus bon march\u00e9 sur les itin\u00e9raires de la Tanzanie. Les op\u00e9rateurs recommand\u00e9s incluent : BM Coach, Kilimanjaro Express, DAR Express, Modern Coast, Tahmeed Coach, Abood, Extra Luxury Coach na DarLux. Les autres op\u00e9rateurs longue distance des lignes de bus tanzaniennes sont Machame et Royal Coach.<\/p>\n<p>La plupart des d\u00e9parts ont lieu t\u00f4t le matin \u00e0 6 heures du matin. Si vous partez de Dar es Salaam, il est pr\u00e9f\u00e9rable de passer la nuit pr\u00e8s de la gare et d&#039;utiliser une application de r\u00e9servation de bus en Tanzanie pour acheter des billets de bus \u00e0 tout moment, n&#039;importe o\u00f9.<\/p>\n<h2>Lignes de bus en Tanzanie<\/h2>\n<p>Les trajets en bus de la Tanzanie dans le nord-est de la Tanzanie sont parmi les plus fiables avec beaucoup de choix entre Moshi et Dar es Salaam et Arusha. De toute fa\u00e7on, si vous commencez \u00e0 vous diriger plus loin, ils peuvent devenir assez in\u00e9gaux, principalement dans l&#039;ouest.<\/p>\n<p>Bus journeys are remarkable unpredictable west of the Mbeya and Serengeti. The roads are largely unsealed which means that even the slightest bit of rain can cause chaos. If you are considering through via Tanzania online booking shuttle to Mwanza, Kigoma, or the south ensure it is dry season as there are no plans to seal the roads or at least ensure you do not have any onward travel plans for the following day in case of stopovers and delays.<\/p>\n<h2>Intercity bus travel in Tanzania<\/h2>\n<p>Overland bus price in Tanzania are an inexpensive option to travel from city to city across Tanzania, but they can be very long. Some new buses have now toilet and A\/C, bus the basic service doesn\u00b4t have, so do not guess any A\/C or a toilet on board, when you do basic overland online bus booking in Tanzania.<\/p>\n<p>Vous aurez de nombreuses occasions d&#039;utiliser des toilettes ou de vous procurer de la nourriture dans diff\u00e9rents magasins en cours de route et c&#039;est la meilleure id\u00e9e de prendre votre sac \u00e0 dos ou votre sac si vous sortez du bus.<\/p>\n<h2>Bus stations or online bus ticket booking in Tanzania app<\/h2>\n<p>Bus fares in Tanzania are usually fixed, although overcharging happens. Most Tanzania bus booking stations are chaotic, and at the ones in Arusha and other visitor areas you will likely be hounded by touts. Using our online bus ticket booking in Tanzania app service is cheap, safe and easy. And do not trust anyone who tries to tell you there is a luggage fee, unless you are carrying an excessively big pack.<\/p>\n<h3>Express bus fares in Tanzania<\/h3>\n<p>Pour les petits tron\u00e7ons le long des routes principales, les bus express en Tanzanie vous d\u00e9poseront sur demande, bien que vous deviez souvent payer le tarif complet jusqu&#039;au prochain grand endroit.<\/p>\n<p>On long routes, guess to sleep either on the bus, pulled off to the side of the road, or at a guesthouse.<\/p>\n<h2>Dar es Salaam to Arusha and Moshi<\/h2>\n<p>If you are traveling between Dar es Salaam to Arusha and Moshi, booking shuttle and bus tickets in Tanzania is straightforward although it can be extremely time wasting, if you go to the bus station, so download our bus booking app in Tanzania and book your ticket online anytime, anywhere. Expect the journey from to begin to finish to take at least twelve hours. If it is advertised for less than this or the bus firm says otherwise, mentally include extra 2- hours for delays. With recent safety speed restrict in place, bus travel in Tanzania rarely reach speeds greater than fifty km\/hr. This makes for a painfully slow tour but allays fears of serious driving habits &#8211; which is in the past have given the route a status as being unsafe.<\/p>\n<h2>Billets de bus pas chers en Tanzanie Conseils de r\u00e9servation<\/h2>\n<p>The shuttle bus booking in Tanzania are relax, cheap and safe, similar to those found in most countries. If you take a dala dala, guess to get up close and personal with your neighbors as it will be a bumpy and tight ride. Be mindful of your wallet and mobile phone on these cheapest bus travel in Tanzania services.<\/p>","protected":false},"excerpt":{"rendered":"<p>Best Bus Tickets in Tanzania Booking Discover your travel route on web, mobile or app and book cheap trips using our bus booking app in Tanzania online now. Use our easy and cheap online bus ticket booking in Tanzania app to compare bus fares in Tanzania. Local buses are an affordable way to get around [&hellip;]<\/p>\n","protected":false},"author":1,"featured_media":13999,"parent":25605,"menu_order":0,"comment_status":"closed","ping_status":"closed","template":"template-home-modern.php","meta":{"footnotes":""},"class_list":["post-11620","page","type-page","status-publish","has-post-thumbnail","hentry"],"yoast_head":"<!-- This site is optimized with the Yoast SEO plugin v27.3 - https:\/\/yoast.com\/product\/yoast-seo-wordpress\/ -->\n<title>Online Bus Ticket Booking in Tanzania I Cheap Bus Tickets<\/title>\n<meta name=\"description\" content=\"Looking for best online bus ticket\u00a0booking in Tanzania app service, routes, fares &amp; schedule? Compare &amp; book cheap bus tickets in Tanzania now\" \/>\n<meta name=\"robots\" content=\"index, follow, max-snippet:-1, max-image-preview:large, max-video-preview:-1\" \/>\n<link rel=\"canonical\" href=\"https:\/\/tiketi.com\/fr-fr\/nauli-za-mabasi\/tanzania-mtandaoni\/\" \/>\n<meta property=\"og:locale\" content=\"fr_FR\" \/>\n<meta property=\"og:type\" content=\"article\" \/>\n<meta property=\"og:title\" content=\"Online Bus Ticket Booking in Tanzania I Cheap Bus Tickets\" \/>\n<meta property=\"og:description\" content=\"Looking for best online bus ticket\u00a0booking in Tanzania app service, routes, fares &amp; schedule? Compare &amp; book cheap bus tickets in Tanzania now\" \/>\n<meta property=\"og:url\" content=\"https:\/\/tiketi.com\/fr-fr\/nauli-za-mabasi\/tanzania-mtandaoni\/\" \/>\n<meta property=\"og:site_name\" content=\"Tiketi.com\" \/>\n<meta property=\"article:publisher\" content=\"https:\/\/www.facebook.com\/TiketiCom\/\" \/>\n<meta property=\"article:modified_time\" content=\"2024-05-21T08:33:32+00:00\" \/>\n<meta property=\"og:image\" content=\"https:\/\/tiketi.com\/wp-content\/uploads\/2022\/01\/bus-ticket-online-booking.jpg\" \/>\n\t<meta property=\"og:image:width\" content=\"1200\" \/>\n\t<meta property=\"og:image:height\" content=\"206\" \/>\n\t<meta property=\"og:image:type\" content=\"image\/jpeg\" \/>\n<meta name=\"twitter:card\" content=\"summary_large_image\" \/>\n<meta name=\"twitter:label1\" content=\"Dur\u00e9e de lecture estim\u00e9e\" \/>\n\t<meta name=\"twitter:data1\" content=\"4 minutes\" \/>\n<script type=\"application\/ld+json\" class=\"yoast-schema-graph\">{\"@context\":\"https:\\\/\\\/schema.org\",\"@graph\":[{\"@type\":\"WebPage\",\"@id\":\"https:\\\/\\\/tiketi.com\\\/sw\\\/nauli-za-mabasi\\\/tanzania-mtandaoni\\\/\",\"url\":\"https:\\\/\\\/tiketi.com\\\/sw\\\/nauli-za-mabasi\\\/tanzania-mtandaoni\\\/\",\"name\":\"Online Bus Ticket Booking in Tanzania I Cheap Bus Tickets\",\"isPartOf\":{\"@id\":\"https:\\\/\\\/tiketi.com\\\/#website\"},\"primaryImageOfPage\":{\"@id\":\"https:\\\/\\\/tiketi.com\\\/sw\\\/nauli-za-mabasi\\\/tanzania-mtandaoni\\\/#primaryimage\"},\"image\":{\"@id\":\"https:\\\/\\\/tiketi.com\\\/sw\\\/nauli-za-mabasi\\\/tanzania-mtandaoni\\\/#primaryimage\"},\"thumbnailUrl\":\"https:\\\/\\\/tiketi.com\\\/wp-content\\\/uploads\\\/2022\\\/01\\\/bus-ticket-online-booking.jpg\",\"datePublished\":\"2022-01-19T11:54:58+00:00\",\"dateModified\":\"2024-05-21T08:33:32+00:00\",\"description\":\"Looking for best online bus ticket\u00a0booking in Tanzania app service, routes, fares & schedule? Compare & book cheap bus tickets in Tanzania now\",\"breadcrumb\":{\"@id\":\"https:\\\/\\\/tiketi.com\\\/sw\\\/nauli-za-mabasi\\\/tanzania-mtandaoni\\\/#breadcrumb\"},\"inLanguage\":\"fr-FR\",\"potentialAction\":[{\"@type\":\"ReadAction\",\"target\":[\"https:\\\/\\\/tiketi.com\\\/sw\\\/nauli-za-mabasi\\\/tanzania-mtandaoni\\\/\"]}]},{\"@type\":\"ImageObject\",\"inLanguage\":\"fr-FR\",\"@id\":\"https:\\\/\\\/tiketi.com\\\/sw\\\/nauli-za-mabasi\\\/tanzania-mtandaoni\\\/#primaryimage\",\"url\":\"https:\\\/\\\/tiketi.com\\\/wp-content\\\/uploads\\\/2022\\\/01\\\/bus-ticket-online-booking.jpg\",\"contentUrl\":\"https:\\\/\\\/tiketi.com\\\/wp-content\\\/uploads\\\/2022\\\/01\\\/bus-ticket-online-booking.jpg\",\"width\":1200,\"height\":206,\"caption\":\"Online Bus Ticket Booking\"},{\"@type\":\"BreadcrumbList\",\"@id\":\"https:\\\/\\\/tiketi.com\\\/sw\\\/nauli-za-mabasi\\\/tanzania-mtandaoni\\\/#breadcrumb\",\"itemListElement\":[{\"@type\":\"ListItem\",\"position\":1,\"name\":\"Home\",\"item\":\"https:\\\/\\\/tiketi.com\\\/\"},{\"@type\":\"ListItem\",\"position\":2,\"name\":\"Coaches\",\"item\":\"https:\\\/\\\/tiketi.com\\\/sw\\\/nauli-za-mabasi\\\/\"},{\"@type\":\"ListItem\",\"position\":3,\"name\":\"Online Bus Ticket Booking in Tanzania I Cheap Bus Tickets\"}]},{\"@type\":\"WebSite\",\"@id\":\"https:\\\/\\\/tiketi.com\\\/#website\",\"url\":\"https:\\\/\\\/tiketi.com\\\/\",\"name\":\"Flight & Bus Tickets, Tour Packages & Activitites - Tiketi.com\",\"description\":\"Flight &amp; Bus Tickets, Tours, Activitites\",\"publisher\":{\"@id\":\"https:\\\/\\\/tiketi.com\\\/#organization\"},\"potentialAction\":[{\"@type\":\"SearchAction\",\"target\":{\"@type\":\"EntryPoint\",\"urlTemplate\":\"https:\\\/\\\/tiketi.com\\\/?s={search_term_string}\"},\"query-input\":{\"@type\":\"PropertyValueSpecification\",\"valueRequired\":true,\"valueName\":\"search_term_string\"}}],\"inLanguage\":\"fr-FR\"},{\"@type\":\"Organization\",\"@id\":\"https:\\\/\\\/tiketi.com\\\/#organization\",\"name\":\"Tiketi.com\",\"alternateName\":\"Tiketi\",\"url\":\"https:\\\/\\\/tiketi.com\\\/\",\"logo\":{\"@type\":\"ImageObject\",\"inLanguage\":\"fr-FR\",\"@id\":\"https:\\\/\\\/tiketi.com\\\/#\\\/schema\\\/logo\\\/image\\\/\",\"url\":\"https:\\\/\\\/tiketi.com\\\/wp-content\\\/uploads\\\/2019\\\/05\\\/tiketi-logo-696.png\",\"contentUrl\":\"https:\\\/\\\/tiketi.com\\\/wp-content\\\/uploads\\\/2019\\\/05\\\/tiketi-logo-696.png\",\"width\":696,\"height\":696,\"caption\":\"Tiketi.com\"},\"image\":{\"@id\":\"https:\\\/\\\/tiketi.com\\\/#\\\/schema\\\/logo\\\/image\\\/\"},\"sameAs\":[\"https:\\\/\\\/www.facebook.com\\\/TiketiCom\\\/\"]}]}<\/script>\n<!-- \/ Yoast SEO plugin. -->","yoast_head_json":{"title":"Online Bus Ticket Booking in Tanzania I Cheap Bus Tickets","description":"Looking for best online bus ticket\u00a0booking in Tanzania app service, routes, fares & schedule? Compare & book cheap bus tickets in Tanzania now","robots":{"index":"index","follow":"follow","max-snippet":"max-snippet:-1","max-image-preview":"max-image-preview:large","max-video-preview":"max-video-preview:-1"},"canonical":"https:\/\/tiketi.com\/fr-fr\/nauli-za-mabasi\/tanzania-mtandaoni\/","og_locale":"fr_FR","og_type":"article","og_title":"Online Bus Ticket Booking in Tanzania I Cheap Bus Tickets","og_description":"Looking for best online bus ticket\u00a0booking in Tanzania app service, routes, fares & schedule? Compare & book cheap bus tickets in Tanzania now","og_url":"https:\/\/tiketi.com\/fr-fr\/nauli-za-mabasi\/tanzania-mtandaoni\/","og_site_name":"Tiketi.com","article_publisher":"https:\/\/www.facebook.com\/TiketiCom\/","article_modified_time":"2024-05-21T08:33:32+00:00","og_image":[{"width":1200,"height":206,"url":"https:\/\/tiketi.com\/wp-content\/uploads\/2022\/01\/bus-ticket-online-booking.jpg","type":"image\/jpeg"}],"twitter_card":"summary_large_image","twitter_misc":{"Dur\u00e9e de lecture estim\u00e9e":"4 minutes"},"schema":{"@context":"https:\/\/schema.org","@graph":[{"@type":"WebPage","@id":"https:\/\/tiketi.com\/sw\/nauli-za-mabasi\/tanzania-mtandaoni\/","url":"https:\/\/tiketi.com\/sw\/nauli-za-mabasi\/tanzania-mtandaoni\/","name":"Online Bus Ticket Booking in Tanzania I Cheap Bus Tickets","isPartOf":{"@id":"https:\/\/tiketi.com\/#website"},"primaryImageOfPage":{"@id":"https:\/\/tiketi.com\/sw\/nauli-za-mabasi\/tanzania-mtandaoni\/#primaryimage"},"image":{"@id":"https:\/\/tiketi.com\/sw\/nauli-za-mabasi\/tanzania-mtandaoni\/#primaryimage"},"thumbnailUrl":"https:\/\/tiketi.com\/wp-content\/uploads\/2022\/01\/bus-ticket-online-booking.jpg","datePublished":"2022-01-19T11:54:58+00:00","dateModified":"2024-05-21T08:33:32+00:00","description":"Looking for best online bus ticket\u00a0booking in Tanzania app service, routes, fares & schedule? Compare & book cheap bus tickets in Tanzania now","breadcrumb":{"@id":"https:\/\/tiketi.com\/sw\/nauli-za-mabasi\/tanzania-mtandaoni\/#breadcrumb"},"inLanguage":"fr-FR","potentialAction":[{"@type":"ReadAction","target":["https:\/\/tiketi.com\/sw\/nauli-za-mabasi\/tanzania-mtandaoni\/"]}]},{"@type":"ImageObject","inLanguage":"fr-FR","@id":"https:\/\/tiketi.com\/sw\/nauli-za-mabasi\/tanzania-mtandaoni\/#primaryimage","url":"https:\/\/tiketi.com\/wp-content\/uploads\/2022\/01\/bus-ticket-online-booking.jpg","contentUrl":"https:\/\/tiketi.com\/wp-content\/uploads\/2022\/01\/bus-ticket-online-booking.jpg","width":1200,"height":206,"caption":"Online Bus Ticket Booking"},{"@type":"BreadcrumbList","@id":"https:\/\/tiketi.com\/sw\/nauli-za-mabasi\/tanzania-mtandaoni\/#breadcrumb","itemListElement":[{"@type":"ListItem","position":1,"name":"Home","item":"https:\/\/tiketi.com\/"},{"@type":"ListItem","position":2,"name":"Coaches","item":"https:\/\/tiketi.com\/sw\/nauli-za-mabasi\/"},{"@type":"ListItem","position":3,"name":"Online Bus Ticket Booking in Tanzania I Cheap Bus Tickets"}]},{"@type":"WebSite","@id":"https:\/\/tiketi.com\/#website","url":"https:\/\/tiketi.com\/","name":"Billets d&#039;avion et de bus, forfaits touristiques et activit\u00e9s - Tiketi.com","description":"Billets d&#039;avion et de bus, Tours, Activit\u00e9s","publisher":{"@id":"https:\/\/tiketi.com\/#organization"},"potentialAction":[{"@type":"SearchAction","target":{"@type":"EntryPoint","urlTemplate":"https:\/\/tiketi.com\/?s={search_term_string}"},"query-input":{"@type":"PropertyValueSpecification","valueRequired":true,"valueName":"search_term_string"}}],"inLanguage":"fr-FR"},{"@type":"Organization","@id":"https:\/\/tiketi.com\/#organization","name":"Tiketi.com","alternateName":"Tiketi","url":"https:\/\/tiketi.com\/","logo":{"@type":"ImageObject","inLanguage":"fr-FR","@id":"https:\/\/tiketi.com\/#\/schema\/logo\/image\/","url":"https:\/\/tiketi.com\/wp-content\/uploads\/2019\/05\/tiketi-logo-696.png","contentUrl":"https:\/\/tiketi.com\/wp-content\/uploads\/2019\/05\/tiketi-logo-696.png","width":696,"height":696,"caption":"Tiketi.com"},"image":{"@id":"https:\/\/tiketi.com\/#\/schema\/logo\/image\/"},"sameAs":["https:\/\/www.facebook.com\/TiketiCom\/"]}]}},"_links":{"self":[{"href":"https:\/\/tiketi.com\/fr-fr\/wp-json\/wp\/v2\/pages\/11620","targetHints":{"allow":["GET"]}}],"collection":[{"href":"https:\/\/tiketi.com\/fr-fr\/wp-json\/wp\/v2\/pages"}],"about":[{"href":"https:\/\/tiketi.com\/fr-fr\/wp-json\/wp\/v2\/types\/page"}],"author":[{"embeddable":true,"href":"https:\/\/tiketi.com\/fr-fr\/wp-json\/wp\/v2\/users\/1"}],"replies":[{"embeddable":true,"href":"https:\/\/tiketi.com\/fr-fr\/wp-json\/wp\/v2\/comments?post=11620"}],"version-history":[{"count":0,"href":"https:\/\/tiketi.com\/fr-fr\/wp-json\/wp\/v2\/pages\/11620\/revisions"}],"up":[{"embeddable":true,"href":"https:\/\/tiketi.com\/fr-fr\/wp-json\/wp\/v2\/pages\/25605"}],"wp:featuredmedia":[{"embeddable":true,"href":"https:\/\/tiketi.com\/fr-fr\/wp-json\/wp\/v2\/media\/13999"}],"wp:attachment":[{"href":"https:\/\/tiketi.com\/fr-fr\/wp-json\/wp\/v2\/media?parent=11620"}],"curies":[{"name":"wp","href":"https:\/\/api.w.org\/{rel}","templated":true}]}}