{"id":11621,"date":"2022-01-19T12:54:58","date_gmt":"2022-01-19T11:54:58","guid":{"rendered":"https:\/\/new.tiketi.com\/bus-tickets-in-saudi-arabia-online-bus-ticket-booking\/"},"modified":"2022-02-01T13:03:44","modified_gmt":"2022-02-01T12:03:44","slug":"book-cheap-bus-tickets-in-saudi-arabia","status":"publish","type":"page","link":"https:\/\/tiketi.com\/fr-fr\/book-cheap-bus-tickets-in-saudi-arabia\/","title":{"rendered":"Billets de bus en Arabie saoudite - R\u00e9servation de billets de bus en ligne"},"content":{"rendered":"<h2>R\u00e9servation de billets de bus en ligne pas cher Arabie Saoudite<\/h2>\n<h3>D\u00e9couvrez votre itin\u00e9raire de voyage sur le web, le mobile ou l&#039;application et r\u00e9servez en ligne d\u00e8s maintenant des voyages pas chers en utilisant notre application de r\u00e9servation de bus en Arabie saoudite.<\/h3>\n<p>La plupart des nouveaux services de billets de bus les moins chers en Arabie saoudite sont conditionn\u00e9s et exploit\u00e9s par la soci\u00e9t\u00e9 saoudienne de transport public. Ils effectuent plusieurs itin\u00e9raires autour de la ville, tous qui reviennent finalement au centre-ville de Ballad. Ils ont \u00e9galement un grand nombre d&#039;endroits reliant Djeddah \u00e0 la plupart des villes du Royaume. Ils assurent \u00e9galement des liaisons internationales. Leur terminal de bus principal pour les endroits hors de la ville est situ\u00e9 dans le centre-ville de Ballad, bien qu&#039;il existe des op\u00e9rateurs de bus ind\u00e9pendants qui desservent d&#039;autres endroits. La plupart de ces bus en Arabie Saoudite accueillent entre 30 et 45 personnes. Utilisez donc notre application de r\u00e9servation de bus en Arabie Saoudite pour r\u00e9server des billets de bus en ligne \u00e0 bas prix en Arabie Saoudite d\u00e8s maintenant et \u00e9conomisez du temps et de l&#039;argent. Voici le d\u00e9tail des d\u00e9placements en bus en Arabie Saoudite.<\/p>\n<h2>Bus en Arabie Saoudite<\/h2>\n<h3>Les principaux op\u00e9rateurs de bus nationaux en Arabie Saoudite\u00a0:<\/h3>\n<h2>Billets de bus interurbains en Arabie Saoudite<\/h2>\n<p>La soci\u00e9t\u00e9 saoudienne de transport public, compos\u00e9e de 2 000 bus qui relient les grandes villes saoudiennes : La Mecque, Djeddah, Riyad, Taif, M\u00e9dine, Abha, Dammam, Hael, Tabuk et Gaseem. Il peut y avoir des restrictions sur les d\u00e9placements \u00e0 proximit\u00e9 de la fronti\u00e8re y\u00e9m\u00e9nite en raison du danger de terrorisme.<\/p>\n<p>Il y a des toilettes \u00e0 bord et certains bus fournissent de la nourriture et des rafra\u00eechissements \u00e0 bord, bien qu&#039;il y ait des aires de repos et la plupart des itin\u00e9raires. Service de bus VIP entre Al Khobar et Riyad.<\/p>\n<p>Les 2 premi\u00e8res rang\u00e9es de bus sont r\u00e9serv\u00e9es aux enfants et aux femmes. Les femmes \u00e9trang\u00e8res non accompagn\u00e9es peuvent voyager dans les bus interurbains si elles ont un passeport ou un iqama.<\/p>\n<p>Il est \u00e0 noter que les visiteurs \u00e9trangers utilisent rarement les r\u00e9servations de bus en Arabie saoudite ou le service de bus local, il est pr\u00e9f\u00e9rable de louer une voiture ou un chauffeur pour voyager dans les villes saoudiennes plut\u00f4t que de compter sur les transports publics locaux.<\/p>\n<h2>R\u00e9seau national d&#039;autobus<\/h2>\n<p>L&#039;\u00e9tonnant r\u00e9seau de bus national Saptco est g\u00e9n\u00e9ralement le moyen le plus abordable et le plus simple de se d\u00e9placer dans le Royaume, principalement dans les coins recul\u00e9s, car il semble toujours y avoir une station Saptco \u00e0 proximit\u00e9, m\u00eame s&#039;il ne s&#039;agit que d&#039;un endroit o\u00f9 les bus s&#039;arr\u00eatent.<\/p>\n<h2>Stations de r\u00e9servation de bus en Arabie saoudite et r\u00e9servation de billets de bus en ligne R\u00e9servation de bus confirm\u00e9e en Arabie saoudite<\/h2>\n<p>Le r\u00e9seau de bus Saptco est fiable, s\u00fbr et \u00e0 un prix extr\u00eamement raisonnable. Les billets aller-retour sont 25 % plus abordables que les billets aller-retour, et les billets peuvent \u00eatre achet\u00e9s aux distributeurs automatiques ou aux guichets des gares routi\u00e8res Saptco. Alternativement, r\u00e9servations de bus en ligne pour l&#039;Arabie saoudite.<\/p>\n<h2>Conseils pour la r\u00e9servation de bus en ligne en Arabie saoudite<\/h2>\n<p>Lors de l&#039;achat de billets de navette et de bus en Arabie saoudite, vous devrez pr\u00e9senter votre passeport ou votre iqama. Pendant le Ramadan, la saison du Hajj ou en \u00e9t\u00e9 (de mai \u00e0 septembre), il est conseill\u00e9 de r\u00e9server un billet de bus en ligne bon march\u00e9 pour l&#039;Arabie saoudite au moins une semaine \u00e0 l&#039;avance.<\/p>\n<p>La r\u00e9servation de billets de bus en ligne bon march\u00e9 pour l&#039;Arabie saoudite peut \u00eatre achet\u00e9e jusqu&#039;\u00e0 3 mois \u00e0 l&#039;avance pour les trajets locaux, 6 mois pour les trajets internationaux. Si les billets de bus pas chers en Arabie Saoudite ne sont pas utilis\u00e9s ou sont annul\u00e9s, vous pouvez obtenir un remboursement : le prix moins dix pour cent pour un aller simple, ou le prix moins trente pour cent pour un billet aller-retour s&#039;il n&#039;est pas expir\u00e9 (dans les 3\/ 6 mois pour les places locales\/internationales).<\/p>\n<h3>En guerre<\/h3>\n<p>\u2022 En raison de la soci\u00e9t\u00e9 extr\u00eamement conservatrice, il est pr\u00e9f\u00e9rable que les femmes voyageant seules le fassent pendant la journ\u00e9e et limitent autant que possible les d\u00e9placements nocturnes en solo.<\/p>\n<p>\u2022 Il est permis aux femmes de prendre les taxis seules, mais en aucun cas elles ne doivent s&#039;asseoir sur le si\u00e8ge avant. Elle doit monter sur le si\u00e8ge arri\u00e8re \u00e0 plein temps.<\/p>\n<p>\u2022 Il est \u00e9galement pr\u00e9f\u00e9rable d&#039;\u00e9viter les longs trajets et les destinations isol\u00e9es si vous voyagez seul. Gardez les lieux publics et demandez toujours au chauffeur d&#039;utiliser les rues principales et d&#039;utiliser la r\u00e9servation de bus en ligne en Arabie saoudite.<\/p>\n<p>\u2022 Ne vous engagez pas dans des discussions inutiles avec les conducteurs, car cela pourrait \u00eatre interpr\u00e9t\u00e9 \u00e0 tort comme quelque chose de courtoisie plus g\u00e9n\u00e9rale.<\/p>\n<p>\u2022 Si vous avez l&#039;impression que le chauffeur du bus ne conna\u00eet pas l&#039;endroit, s&#039;est perdu et\/ou prolonge la demande du tour, arr\u00eatez-vous et sortez. Notez le num\u00e9ro et le nom de l&#039;op\u00e9rateur si n\u00e9cessaire.<\/p>","protected":false},"excerpt":{"rendered":"<p>Cheap Online Bus Ticket Booking Saudi Arabia Discover your travel route on web, mobile or app and book cheap trips using our bus booking app in Saudi Arabia online now. Most new cheapest bus tickets in Saudi Arabia services are conditioned and operated by the Saudi Arabian Public Transport firm. They conduct several routes around [&hellip;]<\/p>\n","protected":false},"author":1,"featured_media":13999,"parent":0,"menu_order":0,"comment_status":"open","ping_status":"closed","template":"template-home-modern.php","meta":{"footnotes":""},"class_list":["post-11621","page","type-page","status-publish","has-post-thumbnail","hentry"],"yoast_head":"<!-- This site is optimized with the Yoast SEO plugin v27.3 - https:\/\/yoast.com\/product\/yoast-seo-wordpress\/ -->\n<title>Bus Tickets in Saudi Arabia - Online Bus Ticket Booking<\/title>\n<meta name=\"description\" content=\"Looking for online bus ticket\u00a0booking Saudi Arabia, app, route, distance, fare &amp; schedule? Compare and book cheap bus tickets in Saudi Arabia online\" \/>\n<meta name=\"robots\" content=\"index, follow, max-snippet:-1, max-image-preview:large, max-video-preview:-1\" \/>\n<link rel=\"canonical\" href=\"https:\/\/tiketi.com\/fr-fr\/book-cheap-bus-tickets-in-saudi-arabia\/\" \/>\n<meta property=\"og:locale\" content=\"fr_FR\" \/>\n<meta property=\"og:type\" content=\"article\" \/>\n<meta property=\"og:title\" content=\"Bus Tickets in Saudi Arabia - Online Bus Ticket Booking\" \/>\n<meta property=\"og:description\" content=\"Looking for online bus ticket\u00a0booking Saudi Arabia, app, route, distance, fare &amp; schedule? Compare and book cheap bus tickets in Saudi Arabia online\" \/>\n<meta property=\"og:url\" content=\"https:\/\/tiketi.com\/fr-fr\/book-cheap-bus-tickets-in-saudi-arabia\/\" \/>\n<meta property=\"og:site_name\" content=\"Tiketi.com\" \/>\n<meta property=\"article:publisher\" content=\"https:\/\/www.facebook.com\/TiketiCom\/\" \/>\n<meta property=\"article:modified_time\" content=\"2022-02-01T12:03:44+00:00\" \/>\n<meta property=\"og:image\" content=\"https:\/\/tiketi.com\/wp-content\/uploads\/2022\/01\/bus-ticket-online-booking.jpg\" \/>\n\t<meta property=\"og:image:width\" content=\"1200\" \/>\n\t<meta property=\"og:image:height\" content=\"206\" \/>\n\t<meta property=\"og:image:type\" content=\"image\/jpeg\" \/>\n<meta name=\"twitter:card\" content=\"summary_large_image\" \/>\n<meta name=\"twitter:label1\" content=\"Dur\u00e9e de lecture estim\u00e9e\" \/>\n\t<meta name=\"twitter:data1\" content=\"4 minutes\" \/>\n<script type=\"application\/ld+json\" class=\"yoast-schema-graph\">{\"@context\":\"https:\\\/\\\/schema.org\",\"@graph\":[{\"@type\":\"WebPage\",\"@id\":\"https:\\\/\\\/tiketi.com\\\/book-cheap-bus-tickets-in-saudi-arabia\\\/\",\"url\":\"https:\\\/\\\/tiketi.com\\\/book-cheap-bus-tickets-in-saudi-arabia\\\/\",\"name\":\"Bus Tickets in Saudi Arabia - Online Bus Ticket Booking\",\"isPartOf\":{\"@id\":\"https:\\\/\\\/tiketi.com\\\/#website\"},\"primaryImageOfPage\":{\"@id\":\"https:\\\/\\\/tiketi.com\\\/book-cheap-bus-tickets-in-saudi-arabia\\\/#primaryimage\"},\"image\":{\"@id\":\"https:\\\/\\\/tiketi.com\\\/book-cheap-bus-tickets-in-saudi-arabia\\\/#primaryimage\"},\"thumbnailUrl\":\"https:\\\/\\\/tiketi.com\\\/wp-content\\\/uploads\\\/2022\\\/01\\\/bus-ticket-online-booking.jpg\",\"datePublished\":\"2022-01-19T11:54:58+00:00\",\"dateModified\":\"2022-02-01T12:03:44+00:00\",\"description\":\"Looking for online bus ticket\u00a0booking Saudi Arabia, app, route, distance, fare & schedule? Compare and book cheap bus tickets in Saudi Arabia online\",\"breadcrumb\":{\"@id\":\"https:\\\/\\\/tiketi.com\\\/book-cheap-bus-tickets-in-saudi-arabia\\\/#breadcrumb\"},\"inLanguage\":\"fr-FR\",\"potentialAction\":[{\"@type\":\"ReadAction\",\"target\":[\"https:\\\/\\\/tiketi.com\\\/book-cheap-bus-tickets-in-saudi-arabia\\\/\"]}]},{\"@type\":\"ImageObject\",\"inLanguage\":\"fr-FR\",\"@id\":\"https:\\\/\\\/tiketi.com\\\/book-cheap-bus-tickets-in-saudi-arabia\\\/#primaryimage\",\"url\":\"https:\\\/\\\/tiketi.com\\\/wp-content\\\/uploads\\\/2022\\\/01\\\/bus-ticket-online-booking.jpg\",\"contentUrl\":\"https:\\\/\\\/tiketi.com\\\/wp-content\\\/uploads\\\/2022\\\/01\\\/bus-ticket-online-booking.jpg\",\"width\":1200,\"height\":206,\"caption\":\"Online Bus Ticket Booking\"},{\"@type\":\"BreadcrumbList\",\"@id\":\"https:\\\/\\\/tiketi.com\\\/book-cheap-bus-tickets-in-saudi-arabia\\\/#breadcrumb\",\"itemListElement\":[{\"@type\":\"ListItem\",\"position\":1,\"name\":\"Home\",\"item\":\"https:\\\/\\\/tiketi.com\\\/\"},{\"@type\":\"ListItem\",\"position\":2,\"name\":\"Bus Tickets in Saudi Arabia &#8211; Online Bus Ticket Booking\"}]},{\"@type\":\"WebSite\",\"@id\":\"https:\\\/\\\/tiketi.com\\\/#website\",\"url\":\"https:\\\/\\\/tiketi.com\\\/\",\"name\":\"Flight & Bus Tickets, Tour Packages & Activitites - Tiketi.com\",\"description\":\"Flight &amp; Bus Tickets, Tours, Activitites\",\"publisher\":{\"@id\":\"https:\\\/\\\/tiketi.com\\\/#organization\"},\"potentialAction\":[{\"@type\":\"SearchAction\",\"target\":{\"@type\":\"EntryPoint\",\"urlTemplate\":\"https:\\\/\\\/tiketi.com\\\/?s={search_term_string}\"},\"query-input\":{\"@type\":\"PropertyValueSpecification\",\"valueRequired\":true,\"valueName\":\"search_term_string\"}}],\"inLanguage\":\"fr-FR\"},{\"@type\":\"Organization\",\"@id\":\"https:\\\/\\\/tiketi.com\\\/#organization\",\"name\":\"Tiketi.com\",\"alternateName\":\"Tiketi\",\"url\":\"https:\\\/\\\/tiketi.com\\\/\",\"logo\":{\"@type\":\"ImageObject\",\"inLanguage\":\"fr-FR\",\"@id\":\"https:\\\/\\\/tiketi.com\\\/#\\\/schema\\\/logo\\\/image\\\/\",\"url\":\"https:\\\/\\\/tiketi.com\\\/wp-content\\\/uploads\\\/2019\\\/05\\\/tiketi-logo-696.png\",\"contentUrl\":\"https:\\\/\\\/tiketi.com\\\/wp-content\\\/uploads\\\/2019\\\/05\\\/tiketi-logo-696.png\",\"width\":696,\"height\":696,\"caption\":\"Tiketi.com\"},\"image\":{\"@id\":\"https:\\\/\\\/tiketi.com\\\/#\\\/schema\\\/logo\\\/image\\\/\"},\"sameAs\":[\"https:\\\/\\\/www.facebook.com\\\/TiketiCom\\\/\"]}]}<\/script>\n<!-- \/ Yoast SEO plugin. -->","yoast_head_json":{"title":"Billets de bus en Arabie saoudite - R\u00e9servation de billets de bus en ligne","description":"Vous recherchez une r\u00e9servation en ligne de billets de bus Arabie Saoudite, une application, un itin\u00e9raire, une distance, un tarif et des horaires\u00a0? Comparez et r\u00e9servez en ligne les billets de bus pas chers en Arabie Saoudite","robots":{"index":"index","follow":"follow","max-snippet":"max-snippet:-1","max-image-preview":"max-image-preview:large","max-video-preview":"max-video-preview:-1"},"canonical":"https:\/\/tiketi.com\/fr-fr\/book-cheap-bus-tickets-in-saudi-arabia\/","og_locale":"fr_FR","og_type":"article","og_title":"Bus Tickets in Saudi Arabia - Online Bus Ticket Booking","og_description":"Looking for online bus ticket\u00a0booking Saudi Arabia, app, route, distance, fare & schedule? Compare and book cheap bus tickets in Saudi Arabia online","og_url":"https:\/\/tiketi.com\/fr-fr\/book-cheap-bus-tickets-in-saudi-arabia\/","og_site_name":"Tiketi.com","article_publisher":"https:\/\/www.facebook.com\/TiketiCom\/","article_modified_time":"2022-02-01T12:03:44+00:00","og_image":[{"width":1200,"height":206,"url":"https:\/\/tiketi.com\/wp-content\/uploads\/2022\/01\/bus-ticket-online-booking.jpg","type":"image\/jpeg"}],"twitter_card":"summary_large_image","twitter_misc":{"Dur\u00e9e de lecture estim\u00e9e":"4 minutes"},"schema":{"@context":"https:\/\/schema.org","@graph":[{"@type":"WebPage","@id":"https:\/\/tiketi.com\/book-cheap-bus-tickets-in-saudi-arabia\/","url":"https:\/\/tiketi.com\/book-cheap-bus-tickets-in-saudi-arabia\/","name":"Billets de bus en Arabie saoudite - R\u00e9servation de billets de bus en ligne","isPartOf":{"@id":"https:\/\/tiketi.com\/#website"},"primaryImageOfPage":{"@id":"https:\/\/tiketi.com\/book-cheap-bus-tickets-in-saudi-arabia\/#primaryimage"},"image":{"@id":"https:\/\/tiketi.com\/book-cheap-bus-tickets-in-saudi-arabia\/#primaryimage"},"thumbnailUrl":"https:\/\/tiketi.com\/wp-content\/uploads\/2022\/01\/bus-ticket-online-booking.jpg","datePublished":"2022-01-19T11:54:58+00:00","dateModified":"2022-02-01T12:03:44+00:00","description":"Vous recherchez une r\u00e9servation en ligne de billets de bus Arabie Saoudite, une application, un itin\u00e9raire, une distance, un tarif et des horaires\u00a0? Comparez et r\u00e9servez en ligne les billets de bus pas chers en Arabie Saoudite","breadcrumb":{"@id":"https:\/\/tiketi.com\/book-cheap-bus-tickets-in-saudi-arabia\/#breadcrumb"},"inLanguage":"fr-FR","potentialAction":[{"@type":"ReadAction","target":["https:\/\/tiketi.com\/book-cheap-bus-tickets-in-saudi-arabia\/"]}]},{"@type":"ImageObject","inLanguage":"fr-FR","@id":"https:\/\/tiketi.com\/book-cheap-bus-tickets-in-saudi-arabia\/#primaryimage","url":"https:\/\/tiketi.com\/wp-content\/uploads\/2022\/01\/bus-ticket-online-booking.jpg","contentUrl":"https:\/\/tiketi.com\/wp-content\/uploads\/2022\/01\/bus-ticket-online-booking.jpg","width":1200,"height":206,"caption":"Online Bus Ticket Booking"},{"@type":"BreadcrumbList","@id":"https:\/\/tiketi.com\/book-cheap-bus-tickets-in-saudi-arabia\/#breadcrumb","itemListElement":[{"@type":"ListItem","position":1,"name":"Home","item":"https:\/\/tiketi.com\/"},{"@type":"ListItem","position":2,"name":"Bus Tickets in Saudi Arabia &#8211; Online Bus Ticket Booking"}]},{"@type":"WebSite","@id":"https:\/\/tiketi.com\/#website","url":"https:\/\/tiketi.com\/","name":"Billets d&#039;avion et de bus, forfaits touristiques et activit\u00e9s - Tiketi.com","description":"Billets d&#039;avion et de bus, Tours, Activit\u00e9s","publisher":{"@id":"https:\/\/tiketi.com\/#organization"},"potentialAction":[{"@type":"SearchAction","target":{"@type":"EntryPoint","urlTemplate":"https:\/\/tiketi.com\/?s={search_term_string}"},"query-input":{"@type":"PropertyValueSpecification","valueRequired":true,"valueName":"search_term_string"}}],"inLanguage":"fr-FR"},{"@type":"Organization","@id":"https:\/\/tiketi.com\/#organization","name":"Tiketi.com","alternateName":"Tiketi","url":"https:\/\/tiketi.com\/","logo":{"@type":"ImageObject","inLanguage":"fr-FR","@id":"https:\/\/tiketi.com\/#\/schema\/logo\/image\/","url":"https:\/\/tiketi.com\/wp-content\/uploads\/2019\/05\/tiketi-logo-696.png","contentUrl":"https:\/\/tiketi.com\/wp-content\/uploads\/2019\/05\/tiketi-logo-696.png","width":696,"height":696,"caption":"Tiketi.com"},"image":{"@id":"https:\/\/tiketi.com\/#\/schema\/logo\/image\/"},"sameAs":["https:\/\/www.facebook.com\/TiketiCom\/"]}]}},"_links":{"self":[{"href":"https:\/\/tiketi.com\/fr-fr\/wp-json\/wp\/v2\/pages\/11621","targetHints":{"allow":["GET"]}}],"collection":[{"href":"https:\/\/tiketi.com\/fr-fr\/wp-json\/wp\/v2\/pages"}],"about":[{"href":"https:\/\/tiketi.com\/fr-fr\/wp-json\/wp\/v2\/types\/page"}],"author":[{"embeddable":true,"href":"https:\/\/tiketi.com\/fr-fr\/wp-json\/wp\/v2\/users\/1"}],"replies":[{"embeddable":true,"href":"https:\/\/tiketi.com\/fr-fr\/wp-json\/wp\/v2\/comments?post=11621"}],"version-history":[{"count":0,"href":"https:\/\/tiketi.com\/fr-fr\/wp-json\/wp\/v2\/pages\/11621\/revisions"}],"wp:featuredmedia":[{"embeddable":true,"href":"https:\/\/tiketi.com\/fr-fr\/wp-json\/wp\/v2\/media\/13999"}],"wp:attachment":[{"href":"https:\/\/tiketi.com\/fr-fr\/wp-json\/wp\/v2\/media?parent=11621"}],"curies":[{"name":"wp","href":"https:\/\/api.w.org\/{rel}","templated":true}]}}