{"id":11623,"date":"2022-01-19T12:54:58","date_gmt":"2022-01-19T11:54:58","guid":{"rendered":"https:\/\/new.tiketi.com\/bus-tickets-in-ethiopia-online-bus-ticket-booking\/"},"modified":"2023-04-14T11:52:05","modified_gmt":"2023-04-14T10:52:05","slug":"book-cheap-bus-tickets-in-ethiopia","status":"publish","type":"page","link":"https:\/\/tiketi.com\/fr-fr\/book-cheap-bus-tickets-in-ethiopia\/","title":{"rendered":"Billets de bus en \u00c9thiopie - R\u00e9servation de billets de bus en ligne"},"content":{"rendered":"<h2>R\u00e9servation de billets de bus en ligne bon march\u00e9 en \u00c9thiopie<\/h2>\n<h3>D\u00e9couvrez votre itin\u00e9raire de voyage sur le web, le mobile ou l&#039;application et r\u00e9servez en ligne d\u00e8s maintenant des trajets \u00e0 bas prix en utilisant notre application de r\u00e9servation de bus en \u00c9thiopie.<\/h3>\n<p>La principale forme de transport public interurbain en \u00c9thiopie est le bus. Ceux-ci peuvent \u00eatre r\u00e9partis en 3 cat\u00e9gories de planches : les bus de luxe, les minibus et les bus ordinaires. Tous sont extr\u00eamement abordables, avec un tarif de bus ordinaire s&#039;\u00e9levant g\u00e9n\u00e9ralement \u00e0 environ $1 par 25-30 km, bien que cela d\u00e9pende un peu des situations routi\u00e8res et du standard du v\u00e9hicule. Les bus de luxe en \u00c9thiopie, l\u00e0 o\u00f9 ils existent, co\u00fbtent environ 50 \u00e0 70 % de plus. En r\u00e8gle g\u00e9n\u00e9rale, les \u00e9trangers ne sont pas surcharg\u00e9s, mais cela peut arriver. Vous aurez bient\u00f4t une id\u00e9e des tarifs des billets de bus en \u00c9thiopie, et en cas de doute, vous pouvez demander \u00e0 votre h\u00f4tel avant de vous rendre \u00e0 la gare routi\u00e8re, mais n&#039;oubliez pas de r\u00e9server en ligne des billets de bus en \u00c9thiopie. Utilisez donc notre application de r\u00e9servation de bus en \u00c9thiopie pour r\u00e9server d\u00e8s maintenant des billets de bus en ligne \u00e0 bas prix en \u00c9thiopie et gagner du temps et de l&#039;argent. Voici le d\u00e9tail de la r\u00e9servation des billets de bus en Ethiopie.<\/p>\n<h2>Bus en Ethiopie<\/h2>\n<h3>Les principaux op\u00e9rateurs de bus nationaux en Ethiopie :<\/h3>\n<p>Il existe 2 principaux op\u00e9rateurs de bus de luxe : Sky Bus et Selam Bus. En r\u00e9alit\u00e9, leurs bus ne seraient pas vraiment qualifi\u00e9s de luxueux en dehors de l&#039;\u00c9thiopie, mais ils r\u00e9pondent au moins aux normes mondiales, avec des si\u00e8ges relaxants, la climatisation, des chauffeurs professionnels et un dossier de s\u00e9curit\u00e9 \u00e9quitable. En utilisant Addias comme plaque tournante, les deux entreprises couvrent un r\u00e9seau limit\u00e9 qui contient Dessie, Bahir Dar, Dire Dawa, Gondar et Hawassa, partant presque r\u00e9guli\u00e8rement entre 5h et 6h du matin, selon l&#039;itin\u00e9raire. Contrairement \u00e0 la plupart des autres bus et des services de bus les moins chers en \u00c9thiopie, les si\u00e8ges peuvent \u00eatre r\u00e9serv\u00e9s la veille de votre voyage via les billets de bus en \u00c9thiopie en ligne. Les tarifs typiques d&#039;Addis-Abeba sont d&#039;environ 340 birr \u00e0 Bahir Dar ou 310 birr \u00e0 Harar.<\/p>\n<p>Les bus g\u00e9n\u00e9raux en Ethiopie ne sont pas tr\u00e8s relax. Sur les lignes o\u00f9 il n&#039;y a que 1 ou 2 bus par jour, il y a g\u00e9n\u00e9ralement une heure de d\u00e9part plus ou moins fixe, mais des d\u00e9parts tardifs ou anticip\u00e9s sont \u00e0 deviner. Sur les itin\u00e9raires les plus fr\u00e9quent\u00e9s, les bus partent g\u00e9n\u00e9ralement lorsqu&#039;ils sont pleins, vous pouvez donc attendre de quelques minutes \u00e0 quelques heures pour rouler, en fonction de l&#039;activit\u00e9 de la route et du niveau de remplissage du bus \u00e0 votre arriv\u00e9e. En r\u00e8gle g\u00e9n\u00e9rale, les bus partent le plus r\u00e9guli\u00e8rement le matin, avant 8h, et le dernier bus sur un itin\u00e9raire donn\u00e9 partira \u00e0 temps pour arriver avant la tomb\u00e9e de la nuit, alors r\u00e9servez des billets de navette et de bus en \u00c9thiopie.<\/p>\n<h2>Billets de bus minibus en Ethiopie<\/h2>\n<p>Les v\u00e9hicules l\u00e9gers tels que les minibus sont largement accessibles pour les lieux de d\u00e9placements peu \u00e9loign\u00e9s. Il est \u00e9galement possible de faire du city-hop avec des v\u00e9hicules l\u00e9gers sur certaines grandes routes (entre Adigart, Axum et Mekele\u00a0; Addis-Abeba et Adama, et Hawassa et Mojo). L&#039;autre endroit o\u00f9 les v\u00e9hicules l\u00e9gers entrent en jeu est sur les routes o\u00f9 il n&#039;y a pas de gros bus, par exemple entre Arba Minch, Negele Borena, Goba et Jinka. G\u00e9n\u00e9ralement, ces v\u00e9hicules l\u00e9gers appartiennent \u00e0 des particuliers, les r\u00e9servations de billets de navette et de bus en \u00c9thiopie sont tr\u00e8s faciles.<\/p>\n<p>Les bus sont abordables et co\u00fbtent g\u00e9n\u00e9ralement entre $3 et $4 pour 100 km, bien que les conditions routi\u00e8res et le temps de trajet affectent \u00e9galement le tarif. Si vous utilisez des v\u00e9hicules l\u00e9gers sur des itin\u00e9raires o\u00f9 il n&#039;y a pas de bus, pensez \u00e0 payer beaucoup plus que vous ne le feriez pour une distance similaire sur un itin\u00e9raire de bus.<\/p>\n<h2>R\u00e9servation en ligne de billets de bus interurbains Ethiopie<\/h2>\n<p>Pour les bus Selan et les bus Sky, les billets doivent \u00eatre r\u00e9serv\u00e9s le plus t\u00f4t possible.<\/p>\n<p>La r\u00e9servation en ligne de billets de bus en \u00c9thiopie pour la plupart des trajets longue distance peut g\u00e9n\u00e9ralement \u00eatre achet\u00e9e \u00e0 l&#039;avance. Si vous le pouvez, faites-le promettre une place et coupez les rabatteurs qui raflent parfois les billets restants pour augmenter le prix aux retardataires. La plupart des guichets gouvernementaux sont ouverts tous les jours de 4h15 \u00e0 18h. Pour les petites distances, les r\u00e9servations de bus \u00c9thiopie ne peuvent g\u00e9n\u00e9ralement \u00eatre achet\u00e9es que le jour m\u00eame.<br \/>\nSi vous aimez une bouff\u00e9e d&#039;air frais pendant votre voyage, installez-vous derri\u00e8re le conducteur car il a tendance \u00e0 contrer la tendance \u00e9thiopienne de garder les fen\u00eatres bien ferm\u00e9es et de garder sa fen\u00eatre ouverte. Bien que d&#039;un autre c\u00f4t\u00e9, s&#039;il y a un probl\u00e8me, ce sont g\u00e9n\u00e9ralement les pires si\u00e8ges o\u00f9 \u00eatre !<\/p>","protected":false},"excerpt":{"rendered":"<p>Cheap Online Bus Ticket Booking Ethiopia Discover your travel route on web, mobile or app and book cheap trips using our bus booking app in Ethiopia online now. The key form of intercity public transport in Ethiopia is buses. These can be broken up into 3 board categories: luxury buses, minibuses and ordinary buses. All [&hellip;]<\/p>\n","protected":false},"author":1,"featured_media":13999,"parent":0,"menu_order":0,"comment_status":"open","ping_status":"closed","template":"template-home-modern.php","meta":{"footnotes":""},"class_list":["post-11623","page","type-page","status-publish","has-post-thumbnail","hentry"],"yoast_head":"<!-- This site is optimized with the Yoast SEO plugin v27.2 - https:\/\/yoast.com\/product\/yoast-seo-wordpress\/ -->\n<title>Bus Tickets in Ethiopia - Online Bus Ticket Booking<\/title>\n<meta name=\"description\" content=\"Looking for online bus ticket\u00a0booking Ethiopia, app, route, distance, fare &amp; schedule? Compare and book cheap bus tickets in Ethiopia online\" \/>\n<meta name=\"robots\" content=\"index, follow, max-snippet:-1, max-image-preview:large, max-video-preview:-1\" \/>\n<link rel=\"canonical\" href=\"https:\/\/tiketi.com\/fr-fr\/book-cheap-bus-tickets-in-ethiopia\/\" \/>\n<meta property=\"og:locale\" content=\"fr_FR\" \/>\n<meta property=\"og:type\" content=\"article\" \/>\n<meta property=\"og:title\" content=\"Bus Tickets in Ethiopia - Online Bus Ticket Booking\" \/>\n<meta property=\"og:description\" content=\"Looking for online bus ticket\u00a0booking Ethiopia, app, route, distance, fare &amp; schedule? Compare and book cheap bus tickets in Ethiopia online\" \/>\n<meta property=\"og:url\" content=\"https:\/\/tiketi.com\/fr-fr\/book-cheap-bus-tickets-in-ethiopia\/\" \/>\n<meta property=\"og:site_name\" content=\"Tiketi.com\" \/>\n<meta property=\"article:publisher\" content=\"https:\/\/www.facebook.com\/TiketiCom\/\" \/>\n<meta property=\"article:modified_time\" content=\"2023-04-14T10:52:05+00:00\" \/>\n<meta property=\"og:image\" content=\"https:\/\/tiketi.com\/wp-content\/uploads\/2022\/01\/bus-ticket-online-booking.jpg\" \/>\n\t<meta property=\"og:image:width\" content=\"1200\" \/>\n\t<meta property=\"og:image:height\" content=\"206\" \/>\n\t<meta property=\"og:image:type\" content=\"image\/jpeg\" \/>\n<meta name=\"twitter:card\" content=\"summary_large_image\" \/>\n<meta name=\"twitter:label1\" content=\"Dur\u00e9e de lecture estim\u00e9e\" \/>\n\t<meta name=\"twitter:data1\" content=\"4 minutes\" \/>\n<script type=\"application\/ld+json\" class=\"yoast-schema-graph\">{\"@context\":\"https:\/\/schema.org\",\"@graph\":[{\"@type\":\"WebPage\",\"@id\":\"https:\/\/tiketi.com\/book-cheap-bus-tickets-in-ethiopia\/\",\"url\":\"https:\/\/tiketi.com\/book-cheap-bus-tickets-in-ethiopia\/\",\"name\":\"Bus Tickets in Ethiopia - Online Bus Ticket Booking\",\"isPartOf\":{\"@id\":\"https:\/\/tiketi.com\/#website\"},\"primaryImageOfPage\":{\"@id\":\"https:\/\/tiketi.com\/book-cheap-bus-tickets-in-ethiopia\/#primaryimage\"},\"image\":{\"@id\":\"https:\/\/tiketi.com\/book-cheap-bus-tickets-in-ethiopia\/#primaryimage\"},\"thumbnailUrl\":\"https:\/\/tiketi.com\/wp-content\/uploads\/2022\/01\/bus-ticket-online-booking.jpg\",\"datePublished\":\"2022-01-19T11:54:58+00:00\",\"dateModified\":\"2023-04-14T10:52:05+00:00\",\"description\":\"Looking for online bus ticket\u00a0booking Ethiopia, app, route, distance, fare & schedule? Compare and book cheap bus tickets in Ethiopia online\",\"breadcrumb\":{\"@id\":\"https:\/\/tiketi.com\/book-cheap-bus-tickets-in-ethiopia\/#breadcrumb\"},\"inLanguage\":\"fr-FR\",\"potentialAction\":[{\"@type\":\"ReadAction\",\"target\":[\"https:\/\/tiketi.com\/book-cheap-bus-tickets-in-ethiopia\/\"]}]},{\"@type\":\"ImageObject\",\"inLanguage\":\"fr-FR\",\"@id\":\"https:\/\/tiketi.com\/book-cheap-bus-tickets-in-ethiopia\/#primaryimage\",\"url\":\"https:\/\/tiketi.com\/wp-content\/uploads\/2022\/01\/bus-ticket-online-booking.jpg\",\"contentUrl\":\"https:\/\/tiketi.com\/wp-content\/uploads\/2022\/01\/bus-ticket-online-booking.jpg\",\"width\":1200,\"height\":206,\"caption\":\"Online Bus Ticket Booking\"},{\"@type\":\"BreadcrumbList\",\"@id\":\"https:\/\/tiketi.com\/book-cheap-bus-tickets-in-ethiopia\/#breadcrumb\",\"itemListElement\":[{\"@type\":\"ListItem\",\"position\":1,\"name\":\"Home\",\"item\":\"https:\/\/tiketi.com\/\"},{\"@type\":\"ListItem\",\"position\":2,\"name\":\"Bus Tickets in Ethiopia &#8211; Online Bus Ticket Booking\"}]},{\"@type\":\"WebSite\",\"@id\":\"https:\/\/tiketi.com\/#website\",\"url\":\"https:\/\/tiketi.com\/\",\"name\":\"Flight & Bus Tickets, Tour Packages & Activitites - Tiketi.com\",\"description\":\"Flight &amp; Bus Tickets, Tours, Activitites\",\"publisher\":{\"@id\":\"https:\/\/tiketi.com\/#organization\"},\"potentialAction\":[{\"@type\":\"SearchAction\",\"target\":{\"@type\":\"EntryPoint\",\"urlTemplate\":\"https:\/\/tiketi.com\/?s={search_term_string}\"},\"query-input\":{\"@type\":\"PropertyValueSpecification\",\"valueRequired\":true,\"valueName\":\"search_term_string\"}}],\"inLanguage\":\"fr-FR\"},{\"@type\":\"Organization\",\"@id\":\"https:\/\/tiketi.com\/#organization\",\"name\":\"Tiketi.com\",\"alternateName\":\"Tiketi\",\"url\":\"https:\/\/tiketi.com\/\",\"logo\":{\"@type\":\"ImageObject\",\"inLanguage\":\"fr-FR\",\"@id\":\"https:\/\/tiketi.com\/#\/schema\/logo\/image\/\",\"url\":\"https:\/\/tiketi.com\/wp-content\/uploads\/2019\/05\/tiketi-logo-696.png\",\"contentUrl\":\"https:\/\/tiketi.com\/wp-content\/uploads\/2019\/05\/tiketi-logo-696.png\",\"width\":696,\"height\":696,\"caption\":\"Tiketi.com\"},\"image\":{\"@id\":\"https:\/\/tiketi.com\/#\/schema\/logo\/image\/\"},\"sameAs\":[\"https:\/\/www.facebook.com\/TiketiCom\/\"]}]}<\/script>\n<!-- \/ Yoast SEO plugin. -->","yoast_head_json":{"title":"Billets de bus en \u00c9thiopie - R\u00e9servation de billets de bus en ligne","description":"\u00c0 la recherche d&#039;une r\u00e9servation en ligne de billets de bus en \u00c9thiopie, d&#039;une application, d&#039;un itin\u00e9raire, d&#039;une distance, d&#039;un tarif et d&#039;horaires\u00a0? Comparez et r\u00e9servez en ligne les billets de bus pas chers en \u00c9thiopie","robots":{"index":"index","follow":"follow","max-snippet":"max-snippet:-1","max-image-preview":"max-image-preview:large","max-video-preview":"max-video-preview:-1"},"canonical":"https:\/\/tiketi.com\/fr-fr\/book-cheap-bus-tickets-in-ethiopia\/","og_locale":"fr_FR","og_type":"article","og_title":"Bus Tickets in Ethiopia - Online Bus Ticket Booking","og_description":"Looking for online bus ticket\u00a0booking Ethiopia, app, route, distance, fare & schedule? Compare and book cheap bus tickets in Ethiopia online","og_url":"https:\/\/tiketi.com\/fr-fr\/book-cheap-bus-tickets-in-ethiopia\/","og_site_name":"Tiketi.com","article_publisher":"https:\/\/www.facebook.com\/TiketiCom\/","article_modified_time":"2023-04-14T10:52:05+00:00","og_image":[{"width":1200,"height":206,"url":"https:\/\/tiketi.com\/wp-content\/uploads\/2022\/01\/bus-ticket-online-booking.jpg","type":"image\/jpeg"}],"twitter_card":"summary_large_image","twitter_misc":{"Dur\u00e9e de lecture estim\u00e9e":"4 minutes"},"schema":{"@context":"https:\/\/schema.org","@graph":[{"@type":"WebPage","@id":"https:\/\/tiketi.com\/book-cheap-bus-tickets-in-ethiopia\/","url":"https:\/\/tiketi.com\/book-cheap-bus-tickets-in-ethiopia\/","name":"Billets de bus en \u00c9thiopie - R\u00e9servation de billets de bus en ligne","isPartOf":{"@id":"https:\/\/tiketi.com\/#website"},"primaryImageOfPage":{"@id":"https:\/\/tiketi.com\/book-cheap-bus-tickets-in-ethiopia\/#primaryimage"},"image":{"@id":"https:\/\/tiketi.com\/book-cheap-bus-tickets-in-ethiopia\/#primaryimage"},"thumbnailUrl":"https:\/\/tiketi.com\/wp-content\/uploads\/2022\/01\/bus-ticket-online-booking.jpg","datePublished":"2022-01-19T11:54:58+00:00","dateModified":"2023-04-14T10:52:05+00:00","description":"\u00c0 la recherche d&#039;une r\u00e9servation en ligne de billets de bus en \u00c9thiopie, d&#039;une application, d&#039;un itin\u00e9raire, d&#039;une distance, d&#039;un tarif et d&#039;horaires\u00a0? Comparez et r\u00e9servez en ligne les billets de bus pas chers en \u00c9thiopie","breadcrumb":{"@id":"https:\/\/tiketi.com\/book-cheap-bus-tickets-in-ethiopia\/#breadcrumb"},"inLanguage":"fr-FR","potentialAction":[{"@type":"ReadAction","target":["https:\/\/tiketi.com\/book-cheap-bus-tickets-in-ethiopia\/"]}]},{"@type":"ImageObject","inLanguage":"fr-FR","@id":"https:\/\/tiketi.com\/book-cheap-bus-tickets-in-ethiopia\/#primaryimage","url":"https:\/\/tiketi.com\/wp-content\/uploads\/2022\/01\/bus-ticket-online-booking.jpg","contentUrl":"https:\/\/tiketi.com\/wp-content\/uploads\/2022\/01\/bus-ticket-online-booking.jpg","width":1200,"height":206,"caption":"Online Bus Ticket Booking"},{"@type":"BreadcrumbList","@id":"https:\/\/tiketi.com\/book-cheap-bus-tickets-in-ethiopia\/#breadcrumb","itemListElement":[{"@type":"ListItem","position":1,"name":"Home","item":"https:\/\/tiketi.com\/"},{"@type":"ListItem","position":2,"name":"Bus Tickets in Ethiopia &#8211; Online Bus Ticket Booking"}]},{"@type":"WebSite","@id":"https:\/\/tiketi.com\/#website","url":"https:\/\/tiketi.com\/","name":"Billets d&#039;avion et de bus, forfaits touristiques et activit\u00e9s - Tiketi.com","description":"Billets d&#039;avion et de bus, Tours, Activit\u00e9s","publisher":{"@id":"https:\/\/tiketi.com\/#organization"},"potentialAction":[{"@type":"SearchAction","target":{"@type":"EntryPoint","urlTemplate":"https:\/\/tiketi.com\/?s={search_term_string}"},"query-input":{"@type":"PropertyValueSpecification","valueRequired":true,"valueName":"search_term_string"}}],"inLanguage":"fr-FR"},{"@type":"Organization","@id":"https:\/\/tiketi.com\/#organization","name":"Tiketi.com","alternateName":"Tiketi","url":"https:\/\/tiketi.com\/","logo":{"@type":"ImageObject","inLanguage":"fr-FR","@id":"https:\/\/tiketi.com\/#\/schema\/logo\/image\/","url":"https:\/\/tiketi.com\/wp-content\/uploads\/2019\/05\/tiketi-logo-696.png","contentUrl":"https:\/\/tiketi.com\/wp-content\/uploads\/2019\/05\/tiketi-logo-696.png","width":696,"height":696,"caption":"Tiketi.com"},"image":{"@id":"https:\/\/tiketi.com\/#\/schema\/logo\/image\/"},"sameAs":["https:\/\/www.facebook.com\/TiketiCom\/"]}]}},"_links":{"self":[{"href":"https:\/\/tiketi.com\/fr-fr\/wp-json\/wp\/v2\/pages\/11623","targetHints":{"allow":["GET"]}}],"collection":[{"href":"https:\/\/tiketi.com\/fr-fr\/wp-json\/wp\/v2\/pages"}],"about":[{"href":"https:\/\/tiketi.com\/fr-fr\/wp-json\/wp\/v2\/types\/page"}],"author":[{"embeddable":true,"href":"https:\/\/tiketi.com\/fr-fr\/wp-json\/wp\/v2\/users\/1"}],"replies":[{"embeddable":true,"href":"https:\/\/tiketi.com\/fr-fr\/wp-json\/wp\/v2\/comments?post=11623"}],"version-history":[{"count":0,"href":"https:\/\/tiketi.com\/fr-fr\/wp-json\/wp\/v2\/pages\/11623\/revisions"}],"wp:featuredmedia":[{"embeddable":true,"href":"https:\/\/tiketi.com\/fr-fr\/wp-json\/wp\/v2\/media\/13999"}],"wp:attachment":[{"href":"https:\/\/tiketi.com\/fr-fr\/wp-json\/wp\/v2\/media?parent=11623"}],"curies":[{"name":"wp","href":"https:\/\/api.w.org\/{rel}","templated":true}]}}