{"id":11626,"date":"2022-01-19T12:54:58","date_gmt":"2022-01-19T11:54:58","guid":{"rendered":"https:\/\/new.tiketi.com\/bus-from-tanga-to-arusha-bus-tickets-route-schedule-fare\/"},"modified":"2022-01-31T16:17:28","modified_gmt":"2022-01-31T15:17:28","slug":"cheap-bus-tickets-from-tanga-to-arusha","status":"publish","type":"page","link":"https:\/\/tiketi.com\/fr-fr\/cheap-bus-tickets-from-tanga-to-arusha\/","title":{"rendered":"Bus de Tanga \u00e0 Arusha Billets de bus, itin\u00e9raire, horaires et tarifs"},"content":{"rendered":"<p>[wbtm-bus-search]<\/p>\n<h2>Cheap Bus\u00a0Tickets from\u00a0Tanga to Arusha\u00a0Online Booking<\/h2>\n<h3>Discover your travel route on web, mobile or app and book cheap bus ticket from Tanga to Arusha online now.<\/h3>\n<p>Save time and money and book cheap bus from Tanga to Arusha bus\u00a0tickets online and travel Tanga to Arusha by road. Arusha is placed in Northern Tanzania and is famously called as the green city of Tanzania. Arusha is blessed with green atmosphere, thanks to the very low temperatures and alleviated humidity. You can visit this city by booking cheap bus tickets from Tanga to Arusha online now.<\/p>\n<h2>Bus from Tanga to Arusha Bus Tickets, Routes, Schedules &amp; Fares FAQs<\/h2>\n<h3>What is the travel distance of Tanga to Arusha by bus?<\/h3>\n<p>The travel distance of Tanga to Arusha by bus is 328km.<\/p>\n<h3>Is there a direct Tanga to Arusha bus?<\/h3>\n<p>Yes, there is a direct buses from Tanga to Arusha.<\/p>\n<h3>Can I drive by myself or bus Tanga to Arusha?<\/h3>\n<p>Yes, the driving distance between Tanga to Arusha by road is 438 km. It takes about 6h 50m to drive yourself from Tanga to Arusha or you can bus.<\/p>\n<h3>Where do I take the bus\u00a0 Tanga to Arusha?<\/h3>\n<p>Cheap bus tickets from Tanga to Arusha\u00a0services, operated by bus Tanga Arusha express. Tanga to Arusha bus fare $25 and takes 5- 6h.<\/p>\n<h2>Bus\u00a0Tickets from\u00a0Tanga to Arusha Tips<\/h2>\n<p>Here are some of the best attractions of the city:<\/p>\n<h3>Hot air balloon<\/h3>\n<p>Hot air balloons rides over Serengeti National Park will provide you an \u00a0amazing safari experience with wonderful scenery and uninterrupted views for a best adventure.<\/p>\n<p>With hot air balloon safaris, you can appreciate the real magnitude of the Serengeti. The balloon safari offers you with a special chance to capture captivating moments.<\/p>\n<h3>Lake Duluti<\/h3>\n<p>Lake Duluti is a crater lake placed close to the Tengeru town, fourteen kilometers from Arusha city center. The lake is surrounded by the Duluti Forestry Reserve and has water all through the year, mainly from seasonal rainfall and groundwater.<\/p>\n<p>Lake Duluti covers a place of approximately 63 hectares and crater walls are up to \u00a0two-hundred meters, mostly covered in thick forest.<\/p>\n<h3>Old Boma Museum<\/h3>\n<p>The Old Boma Museum is placed within an old German Military outpost. Today, the museum presents the city history, culture, wildlife and human evolution including findings from the popular Olduvai Gorge and the Laetoli places. The place to visit in Arusha if you are a history lover.<\/p>\n<p>Once can expect to learn about the proof of human evolution, the history of Arusha during the German colonial age, photos of mountains and wildlife. The museum also hosts a mini zoo, mini serpentarium, a mini botanical garden as well as section for the study of insects.<\/p>\n","protected":false},"excerpt":{"rendered":"<p>[wbtm-bus-search] Cheap Bus\u00a0Tickets from\u00a0Tanga to Arusha\u00a0Online Booking Discover your travel route on web, mobile or app and book cheap bus ticket from Tanga to Arusha online now. Save time and money and book cheap bus from Tanga to Arusha bus\u00a0tickets online and travel Tanga to Arusha by road. Arusha is placed in Northern Tanzania and [&hellip;]<\/p>\n","protected":false},"author":1,"featured_media":13999,"parent":0,"menu_order":0,"comment_status":"open","ping_status":"closed","template":"template-home-modern.php","meta":{"footnotes":""},"class_list":["post-11626","page","type-page","status-publish","has-post-thumbnail","hentry"],"yoast_head":"<!-- This site is optimized with the Yoast SEO plugin v27.3 - https:\/\/yoast.com\/product\/yoast-seo-wordpress\/ -->\n<title>Bus from Tanga to Arusha Bus Tickets, Route, Schedule &amp; Fare<\/title>\n<meta name=\"description\" content=\"Looking for bus from Tanga to Arusha bus online booking app, fare &amp; schedule? Book cheap bus tickets from Tanga to Arusha online now\" \/>\n<meta name=\"robots\" content=\"index, follow, max-snippet:-1, max-image-preview:large, max-video-preview:-1\" \/>\n<link rel=\"canonical\" href=\"https:\/\/tiketi.com\/fr-fr\/cheap-bus-tickets-from-tanga-to-arusha\/\" \/>\n<meta property=\"og:locale\" content=\"fr_FR\" \/>\n<meta property=\"og:type\" content=\"article\" \/>\n<meta property=\"og:title\" content=\"Bus from Tanga to Arusha Bus Tickets, Route, Schedule &amp; Fare\" \/>\n<meta property=\"og:description\" content=\"Looking for bus from Tanga to Arusha bus online booking app, fare &amp; schedule? Book cheap bus tickets from Tanga to Arusha online now\" \/>\n<meta property=\"og:url\" content=\"https:\/\/tiketi.com\/fr-fr\/cheap-bus-tickets-from-tanga-to-arusha\/\" \/>\n<meta property=\"og:site_name\" content=\"Tiketi.com\" \/>\n<meta property=\"article:publisher\" content=\"https:\/\/www.facebook.com\/TiketiCom\/\" \/>\n<meta property=\"article:modified_time\" content=\"2022-01-31T15:17:28+00:00\" \/>\n<meta property=\"og:image\" content=\"https:\/\/tiketi.com\/wp-content\/uploads\/2022\/01\/bus-ticket-online-booking.jpg\" \/>\n\t<meta property=\"og:image:width\" content=\"1200\" \/>\n\t<meta property=\"og:image:height\" content=\"206\" \/>\n\t<meta property=\"og:image:type\" content=\"image\/jpeg\" \/>\n<meta name=\"twitter:card\" content=\"summary_large_image\" \/>\n<meta name=\"twitter:label1\" content=\"Dur\u00e9e de lecture estim\u00e9e\" \/>\n\t<meta name=\"twitter:data1\" content=\"2 minutes\" \/>\n<script type=\"application\/ld+json\" class=\"yoast-schema-graph\">{\"@context\":\"https:\\\/\\\/schema.org\",\"@graph\":[{\"@type\":\"WebPage\",\"@id\":\"https:\\\/\\\/tiketi.com\\\/sw\\\/cheap-bus-tickets-from-tanga-to-arusha\\\/\",\"url\":\"https:\\\/\\\/tiketi.com\\\/sw\\\/cheap-bus-tickets-from-tanga-to-arusha\\\/\",\"name\":\"Bus from Tanga to Arusha Bus Tickets, Route, Schedule & Fare\",\"isPartOf\":{\"@id\":\"https:\\\/\\\/tiketi.com\\\/#website\"},\"primaryImageOfPage\":{\"@id\":\"https:\\\/\\\/tiketi.com\\\/sw\\\/cheap-bus-tickets-from-tanga-to-arusha\\\/#primaryimage\"},\"image\":{\"@id\":\"https:\\\/\\\/tiketi.com\\\/sw\\\/cheap-bus-tickets-from-tanga-to-arusha\\\/#primaryimage\"},\"thumbnailUrl\":\"https:\\\/\\\/tiketi.com\\\/wp-content\\\/uploads\\\/2022\\\/01\\\/bus-ticket-online-booking.jpg\",\"datePublished\":\"2022-01-19T11:54:58+00:00\",\"dateModified\":\"2022-01-31T15:17:28+00:00\",\"description\":\"Looking for bus from Tanga to Arusha bus online booking app, fare & schedule? Book cheap bus tickets from Tanga to Arusha online now\",\"breadcrumb\":{\"@id\":\"https:\\\/\\\/tiketi.com\\\/sw\\\/cheap-bus-tickets-from-tanga-to-arusha\\\/#breadcrumb\"},\"inLanguage\":\"fr-FR\",\"potentialAction\":[{\"@type\":\"ReadAction\",\"target\":[\"https:\\\/\\\/tiketi.com\\\/sw\\\/cheap-bus-tickets-from-tanga-to-arusha\\\/\"]}]},{\"@type\":\"ImageObject\",\"inLanguage\":\"fr-FR\",\"@id\":\"https:\\\/\\\/tiketi.com\\\/sw\\\/cheap-bus-tickets-from-tanga-to-arusha\\\/#primaryimage\",\"url\":\"https:\\\/\\\/tiketi.com\\\/wp-content\\\/uploads\\\/2022\\\/01\\\/bus-ticket-online-booking.jpg\",\"contentUrl\":\"https:\\\/\\\/tiketi.com\\\/wp-content\\\/uploads\\\/2022\\\/01\\\/bus-ticket-online-booking.jpg\",\"width\":1200,\"height\":206,\"caption\":\"Online Bus Ticket Booking\"},{\"@type\":\"BreadcrumbList\",\"@id\":\"https:\\\/\\\/tiketi.com\\\/sw\\\/cheap-bus-tickets-from-tanga-to-arusha\\\/#breadcrumb\",\"itemListElement\":[{\"@type\":\"ListItem\",\"position\":1,\"name\":\"Home\",\"item\":\"https:\\\/\\\/tiketi.com\\\/\"},{\"@type\":\"ListItem\",\"position\":2,\"name\":\"Bus from Tanga to Arusha Bus Tickets, Route, Schedule &#038; Fare\"}]},{\"@type\":\"WebSite\",\"@id\":\"https:\\\/\\\/tiketi.com\\\/#website\",\"url\":\"https:\\\/\\\/tiketi.com\\\/\",\"name\":\"Flight & Bus Tickets, Tour Packages & Activitites - Tiketi.com\",\"description\":\"Flight &amp; Bus Tickets, Tours, Activitites\",\"publisher\":{\"@id\":\"https:\\\/\\\/tiketi.com\\\/#organization\"},\"potentialAction\":[{\"@type\":\"SearchAction\",\"target\":{\"@type\":\"EntryPoint\",\"urlTemplate\":\"https:\\\/\\\/tiketi.com\\\/?s={search_term_string}\"},\"query-input\":{\"@type\":\"PropertyValueSpecification\",\"valueRequired\":true,\"valueName\":\"search_term_string\"}}],\"inLanguage\":\"fr-FR\"},{\"@type\":\"Organization\",\"@id\":\"https:\\\/\\\/tiketi.com\\\/#organization\",\"name\":\"Tiketi.com\",\"alternateName\":\"Tiketi\",\"url\":\"https:\\\/\\\/tiketi.com\\\/\",\"logo\":{\"@type\":\"ImageObject\",\"inLanguage\":\"fr-FR\",\"@id\":\"https:\\\/\\\/tiketi.com\\\/#\\\/schema\\\/logo\\\/image\\\/\",\"url\":\"https:\\\/\\\/tiketi.com\\\/wp-content\\\/uploads\\\/2019\\\/05\\\/tiketi-logo-696.png\",\"contentUrl\":\"https:\\\/\\\/tiketi.com\\\/wp-content\\\/uploads\\\/2019\\\/05\\\/tiketi-logo-696.png\",\"width\":696,\"height\":696,\"caption\":\"Tiketi.com\"},\"image\":{\"@id\":\"https:\\\/\\\/tiketi.com\\\/#\\\/schema\\\/logo\\\/image\\\/\"},\"sameAs\":[\"https:\\\/\\\/www.facebook.com\\\/TiketiCom\\\/\"]}]}<\/script>\n<!-- \/ Yoast SEO plugin. -->","yoast_head_json":{"title":"Bus de Tanga \u00e0 Arusha Billets de bus, itin\u00e9raire, horaires et tarifs","description":"\u00c0 la recherche d&#039;une application de r\u00e9servation en ligne de bus de Tanga \u00e0 Arusha, des tarifs et des horaires\u00a0? R\u00e9servez en ligne maintenant des billets de bus \u00e0 bas prix de Tanga \u00e0 Arusha","robots":{"index":"index","follow":"follow","max-snippet":"max-snippet:-1","max-image-preview":"max-image-preview:large","max-video-preview":"max-video-preview:-1"},"canonical":"https:\/\/tiketi.com\/fr-fr\/cheap-bus-tickets-from-tanga-to-arusha\/","og_locale":"fr_FR","og_type":"article","og_title":"Bus from Tanga to Arusha Bus Tickets, Route, Schedule & Fare","og_description":"Looking for bus from Tanga to Arusha bus online booking app, fare & schedule? Book cheap bus tickets from Tanga to Arusha online now","og_url":"https:\/\/tiketi.com\/fr-fr\/cheap-bus-tickets-from-tanga-to-arusha\/","og_site_name":"Tiketi.com","article_publisher":"https:\/\/www.facebook.com\/TiketiCom\/","article_modified_time":"2022-01-31T15:17:28+00:00","og_image":[{"width":1200,"height":206,"url":"https:\/\/tiketi.com\/wp-content\/uploads\/2022\/01\/bus-ticket-online-booking.jpg","type":"image\/jpeg"}],"twitter_card":"summary_large_image","twitter_misc":{"Dur\u00e9e de lecture estim\u00e9e":"2 minutes"},"schema":{"@context":"https:\/\/schema.org","@graph":[{"@type":"WebPage","@id":"https:\/\/tiketi.com\/sw\/cheap-bus-tickets-from-tanga-to-arusha\/","url":"https:\/\/tiketi.com\/sw\/cheap-bus-tickets-from-tanga-to-arusha\/","name":"Bus de Tanga \u00e0 Arusha Billets de bus, itin\u00e9raire, horaires et tarifs","isPartOf":{"@id":"https:\/\/tiketi.com\/#website"},"primaryImageOfPage":{"@id":"https:\/\/tiketi.com\/sw\/cheap-bus-tickets-from-tanga-to-arusha\/#primaryimage"},"image":{"@id":"https:\/\/tiketi.com\/sw\/cheap-bus-tickets-from-tanga-to-arusha\/#primaryimage"},"thumbnailUrl":"https:\/\/tiketi.com\/wp-content\/uploads\/2022\/01\/bus-ticket-online-booking.jpg","datePublished":"2022-01-19T11:54:58+00:00","dateModified":"2022-01-31T15:17:28+00:00","description":"\u00c0 la recherche d&#039;une application de r\u00e9servation en ligne de bus de Tanga \u00e0 Arusha, des tarifs et des horaires\u00a0? R\u00e9servez en ligne maintenant des billets de bus \u00e0 bas prix de Tanga \u00e0 Arusha","breadcrumb":{"@id":"https:\/\/tiketi.com\/sw\/cheap-bus-tickets-from-tanga-to-arusha\/#breadcrumb"},"inLanguage":"fr-FR","potentialAction":[{"@type":"ReadAction","target":["https:\/\/tiketi.com\/sw\/cheap-bus-tickets-from-tanga-to-arusha\/"]}]},{"@type":"ImageObject","inLanguage":"fr-FR","@id":"https:\/\/tiketi.com\/sw\/cheap-bus-tickets-from-tanga-to-arusha\/#primaryimage","url":"https:\/\/tiketi.com\/wp-content\/uploads\/2022\/01\/bus-ticket-online-booking.jpg","contentUrl":"https:\/\/tiketi.com\/wp-content\/uploads\/2022\/01\/bus-ticket-online-booking.jpg","width":1200,"height":206,"caption":"Online Bus Ticket Booking"},{"@type":"BreadcrumbList","@id":"https:\/\/tiketi.com\/sw\/cheap-bus-tickets-from-tanga-to-arusha\/#breadcrumb","itemListElement":[{"@type":"ListItem","position":1,"name":"Home","item":"https:\/\/tiketi.com\/"},{"@type":"ListItem","position":2,"name":"Bus from Tanga to Arusha Bus Tickets, Route, Schedule &#038; Fare"}]},{"@type":"WebSite","@id":"https:\/\/tiketi.com\/#website","url":"https:\/\/tiketi.com\/","name":"Billets d&#039;avion et de bus, forfaits touristiques et activit\u00e9s - Tiketi.com","description":"Billets d&#039;avion et de bus, Tours, Activit\u00e9s","publisher":{"@id":"https:\/\/tiketi.com\/#organization"},"potentialAction":[{"@type":"SearchAction","target":{"@type":"EntryPoint","urlTemplate":"https:\/\/tiketi.com\/?s={search_term_string}"},"query-input":{"@type":"PropertyValueSpecification","valueRequired":true,"valueName":"search_term_string"}}],"inLanguage":"fr-FR"},{"@type":"Organization","@id":"https:\/\/tiketi.com\/#organization","name":"Tiketi.com","alternateName":"Tiketi","url":"https:\/\/tiketi.com\/","logo":{"@type":"ImageObject","inLanguage":"fr-FR","@id":"https:\/\/tiketi.com\/#\/schema\/logo\/image\/","url":"https:\/\/tiketi.com\/wp-content\/uploads\/2019\/05\/tiketi-logo-696.png","contentUrl":"https:\/\/tiketi.com\/wp-content\/uploads\/2019\/05\/tiketi-logo-696.png","width":696,"height":696,"caption":"Tiketi.com"},"image":{"@id":"https:\/\/tiketi.com\/#\/schema\/logo\/image\/"},"sameAs":["https:\/\/www.facebook.com\/TiketiCom\/"]}]}},"_links":{"self":[{"href":"https:\/\/tiketi.com\/fr-fr\/wp-json\/wp\/v2\/pages\/11626","targetHints":{"allow":["GET"]}}],"collection":[{"href":"https:\/\/tiketi.com\/fr-fr\/wp-json\/wp\/v2\/pages"}],"about":[{"href":"https:\/\/tiketi.com\/fr-fr\/wp-json\/wp\/v2\/types\/page"}],"author":[{"embeddable":true,"href":"https:\/\/tiketi.com\/fr-fr\/wp-json\/wp\/v2\/users\/1"}],"replies":[{"embeddable":true,"href":"https:\/\/tiketi.com\/fr-fr\/wp-json\/wp\/v2\/comments?post=11626"}],"version-history":[{"count":0,"href":"https:\/\/tiketi.com\/fr-fr\/wp-json\/wp\/v2\/pages\/11626\/revisions"}],"wp:featuredmedia":[{"embeddable":true,"href":"https:\/\/tiketi.com\/fr-fr\/wp-json\/wp\/v2\/media\/13999"}],"wp:attachment":[{"href":"https:\/\/tiketi.com\/fr-fr\/wp-json\/wp\/v2\/media?parent=11626"}],"curies":[{"name":"wp","href":"https:\/\/api.w.org\/{rel}","templated":true}]}}