{"id":11627,"date":"2022-01-19T12:54:58","date_gmt":"2022-01-19T11:54:58","guid":{"rendered":"https:\/\/new.tiketi.com\/bus-from-mwanza-to-arusha-bus-tickets-route-schedule-fare\/"},"modified":"2023-07-05T13:43:30","modified_gmt":"2023-07-05T12:43:30","slug":"mwanza-to-arusha","status":"publish","type":"page","link":"https:\/\/tiketi.com\/fr-fr\/routes\/bus\/mwanza-to-arusha\/","title":{"rendered":"Bus de Mwanza \u00e0 Arusha Billets de bus, itin\u00e9raire, horaires et tarifs"},"content":{"rendered":"<h2>Billets de bus pas chers de Mwanza \u00e0 Arusha R\u00e9servation en ligne<\/h2>\n<h3>D\u00e9couvrez votre itin\u00e9raire sur le web, le mobile ou l&#039;application et r\u00e9servez en ligne maintenant un billet de bus pas cher de Dodoma \u00e0 Mbeya.<\/h3>\n<p>Gagnez du temps et de l&#039;argent et r\u00e9servez en ligne d\u00e8s maintenant des billets de bus pas chers de Mwanza \u00e0 Arushabus et voyagez de Mwanza \u00e0 Arusha en bus. En tant que capitale du safari du circuit nord, la ville fonctionne comme une porte d&#039;entr\u00e9e vers certains des meilleurs parcs nationaux de Tanzanie. Dans ce contexte, Arusha est le meilleur point de d\u00e9part pour des exp\u00e9ditions vers le Serengeti, le Ngorongoro, le mont Kilimandjaro, ainsi que de nombreux autres sites naturels et magnifiques. Profitez d&#039;offres incroyables sur des billets de bus pas chers de Mwanza \u00e0 Arusha en ligne d\u00e8s maintenant.<\/p>\n<h2>Bus de Mwanza \u00e0 Arusha FAQ sur les billets de bus, les itin\u00e9raires, les horaires et les tarifs<\/h2>\n<h3>Quel est le moyen abordable pour se rendre de Mwanza \u00e0 Arusha ?<\/h3>\n<p>Le moyen abordable de se rendre \u00e0 Mwanza est de prendre le bus de Mwanza \u00e0 Arusha. Mwanza \u00e0 Arusha bus tarif $52 et prend 18h.<\/p>\n<h3>Quelle est la distance entre Mwanza et Arusha en bus ?<\/h3>\n<p>La distance entre Mwanza et Arusha en bus est de 431 km.<\/p>\n<h3>Avion ou Mwanza \u00e0 Arusha en bus?<\/h3>\n<p>L&#039;excellent moyen de se rendre de Mwanza \u00e0 Arusha est de <a href=\"https:\/\/tiketi.com\/fr-fr\/flightst\/\" target=\"_blank\" rel=\"noopener\">voler<\/a> qui dure 2h 55m et co\u00fbte $45 \u2013 $310. Alternativement, vous pouvez prendre le bus de Mwanza \u00e0 Arusha, qui co\u00fbte $54 et $55 et dure 18h 55m.<\/p>\n<h3>Puis-je conduire seul ou prendre le bus de Mwanza \u00e0 Arusha ?<\/h3>\n<p>Oui, la distance entre Mwanza et Arusha par la route est de 784 km. Il faut environ 12 h 13 min pour vous conduire de Mwanza \u00e0 Arusha ou vous pouvez prendre le bus. Bon march\u00e9 <a href=\"https:\/\/tiketi.com\/fr-fr\/car-rentals\/mwanza\/\" target=\"_blank\" rel=\"noopener\">location de voiture \u00e0 Mwanza<\/a>.<\/p>\n<h3>O\u00f9 je prends le bus Mwanza pour Arusha ?<\/h3>\n<p>Billets de bus pas chers depuis Mwanza jusqu&#039;\u00e0 Arusha, op\u00e9r\u00e9s par bus Mwanza Arusha express.<\/p>\n<h2>Bus Mwanza \u00e0 Arusha Conseils<\/h2>\n<h3>Rencontrez les cinq grands<\/h3>\n<p>Les meilleures choses \u00e0 faire \u00e0 Arusha tournent principalement autour des safaris animaliers et d&#039;autres lieux naturels. Dans ce contexte, Arusha est le meilleur endroit pour rencontrer les \u00ab Big Five \u00bb (rhinoc\u00e9ros noir, \u00e9l\u00e9phant de savane africaine, lion, buffle d&#039;Afrique et l\u00e9opard).<\/p>\n<h3>Mus\u00e9e d&#039;histoire naturelle<\/h3>\n<p>Situ\u00e9 dans l&#039;ancien boma allemand, le Mus\u00e9e national d&#039;histoire est l&#039;un des meilleurs endroits \u00e0 visiter \u00e0 Arusha pour les amateurs d&#039;arch\u00e9ologie. Le mus\u00e9e est divis\u00e9 en trois sections, une d\u00e9taillant l&#039;\u00e9volution de l&#039;humanit\u00e9, une explorant le pass\u00e9 colonial de la Tanzanie allemande et une consacr\u00e9e \u00e0 la faune de la r\u00e9gion.<\/p>\n<h3>Parc aux serpents de Meserani<\/h3>\n<p>Alors que la plupart des safaris \u00e0 Arusha ciblent les &quot;Big Five&quot;, il existe un parc de reptiles original \u00e0 ne pas manquer lorsque vous vous rendez \u00e0 Arusha. Situ\u00e9 \u00e0 vingt-cinq kilom\u00e8tres \u00e0 l&#039;ouest d&#039;Arusha, le parc Meserani Snake abrite certains des serpents les plus meurtriers de la plan\u00e8te. Apr\u00e8s avoir appris l&#039;\u00e9tiquette des serpents, les guides peuvent vous emmener en excursion dans un centre \u00e9ducatif Maasai \u00e0 proximit\u00e9.<\/p>","protected":false},"excerpt":{"rendered":"<p>Cheap Bus Tickets from\u00a0Mwanza to Arusha Online Booking Discover your travel route on web, mobile or app and book cheap bus ticket from Dodoma to Mbeya online now. Save time and money and book cheap bus from Mwanza to Arushabus tickets online now and travel Mwanza to Arusha by bus. As safari capital of the [&hellip;]<\/p>\n","protected":false},"author":1,"featured_media":13999,"parent":25566,"menu_order":0,"comment_status":"open","ping_status":"closed","template":"template-home-modern.php","meta":{"footnotes":""},"class_list":["post-11627","page","type-page","status-publish","has-post-thumbnail","hentry"],"yoast_head":"<!-- This site is optimized with the Yoast SEO plugin v27.2 - https:\/\/yoast.com\/product\/yoast-seo-wordpress\/ -->\n<title>Bus from Mwanza to Arusha Bus Tickets, Route, Schedule &amp; Fare<\/title>\n<meta name=\"description\" content=\"Looking for bus from\u00a0Mwanza to Arusha bus ticket booking app, routes, schedules &amp; fares? Book cheap bus tickets from Mwanza to Arusha online\" \/>\n<meta name=\"robots\" content=\"index, follow, max-snippet:-1, max-image-preview:large, max-video-preview:-1\" \/>\n<link rel=\"canonical\" href=\"https:\/\/tiketi.com\/fr-fr\/njia\/nauli-mabasi\/mwanza-kwenda-arusha\/\" \/>\n<meta property=\"og:locale\" content=\"fr_FR\" \/>\n<meta property=\"og:type\" content=\"article\" \/>\n<meta property=\"og:title\" content=\"Bus from Mwanza to Arusha Bus Tickets, Route, Schedule &amp; Fare\" \/>\n<meta property=\"og:description\" content=\"Looking for bus from\u00a0Mwanza to Arusha bus ticket booking app, routes, schedules &amp; fares? Book cheap bus tickets from Mwanza to Arusha online\" \/>\n<meta property=\"og:url\" content=\"https:\/\/tiketi.com\/fr-fr\/njia\/nauli-mabasi\/mwanza-kwenda-arusha\/\" \/>\n<meta property=\"og:site_name\" content=\"Tiketi.com\" \/>\n<meta property=\"article:publisher\" content=\"https:\/\/www.facebook.com\/TiketiCom\/\" \/>\n<meta property=\"article:modified_time\" content=\"2023-07-05T12:43:30+00:00\" \/>\n<meta property=\"og:image\" content=\"https:\/\/tiketi.com\/wp-content\/uploads\/2022\/01\/bus-ticket-online-booking.jpg\" \/>\n\t<meta property=\"og:image:width\" content=\"1200\" \/>\n\t<meta property=\"og:image:height\" content=\"206\" \/>\n\t<meta property=\"og:image:type\" content=\"image\/jpeg\" \/>\n<meta name=\"twitter:card\" content=\"summary_large_image\" \/>\n<meta name=\"twitter:label1\" content=\"Dur\u00e9e de lecture estim\u00e9e\" \/>\n\t<meta name=\"twitter:data1\" content=\"3 minutes\" \/>\n<script type=\"application\/ld+json\" class=\"yoast-schema-graph\">{\"@context\":\"https:\/\/schema.org\",\"@graph\":[{\"@type\":\"WebPage\",\"@id\":\"https:\/\/tiketi.com\/sw\/njia\/nauli-mabasi\/mwanza-kwenda-arusha\/\",\"url\":\"https:\/\/tiketi.com\/sw\/njia\/nauli-mabasi\/mwanza-kwenda-arusha\/\",\"name\":\"Bus from Mwanza to Arusha Bus Tickets, Route, Schedule & Fare\",\"isPartOf\":{\"@id\":\"https:\/\/tiketi.com\/#website\"},\"primaryImageOfPage\":{\"@id\":\"https:\/\/tiketi.com\/sw\/njia\/nauli-mabasi\/mwanza-kwenda-arusha\/#primaryimage\"},\"image\":{\"@id\":\"https:\/\/tiketi.com\/sw\/njia\/nauli-mabasi\/mwanza-kwenda-arusha\/#primaryimage\"},\"thumbnailUrl\":\"https:\/\/tiketi.com\/wp-content\/uploads\/2022\/01\/bus-ticket-online-booking.jpg\",\"datePublished\":\"2022-01-19T11:54:58+00:00\",\"dateModified\":\"2023-07-05T12:43:30+00:00\",\"description\":\"Looking for bus from\u00a0Mwanza to Arusha bus ticket booking app, routes, schedules & fares? Book cheap bus tickets from Mwanza to Arusha online\",\"breadcrumb\":{\"@id\":\"https:\/\/tiketi.com\/sw\/njia\/nauli-mabasi\/mwanza-kwenda-arusha\/#breadcrumb\"},\"inLanguage\":\"fr-FR\",\"potentialAction\":[{\"@type\":\"ReadAction\",\"target\":[\"https:\/\/tiketi.com\/sw\/njia\/nauli-mabasi\/mwanza-kwenda-arusha\/\"]}]},{\"@type\":\"ImageObject\",\"inLanguage\":\"fr-FR\",\"@id\":\"https:\/\/tiketi.com\/sw\/njia\/nauli-mabasi\/mwanza-kwenda-arusha\/#primaryimage\",\"url\":\"https:\/\/tiketi.com\/wp-content\/uploads\/2022\/01\/bus-ticket-online-booking.jpg\",\"contentUrl\":\"https:\/\/tiketi.com\/wp-content\/uploads\/2022\/01\/bus-ticket-online-booking.jpg\",\"width\":1200,\"height\":206,\"caption\":\"Online Bus Ticket Booking\"},{\"@type\":\"BreadcrumbList\",\"@id\":\"https:\/\/tiketi.com\/sw\/njia\/nauli-mabasi\/mwanza-kwenda-arusha\/#breadcrumb\",\"itemListElement\":[{\"@type\":\"ListItem\",\"position\":1,\"name\":\"Home\",\"item\":\"https:\/\/tiketi.com\/\"},{\"@type\":\"ListItem\",\"position\":2,\"name\":\"Routes\",\"item\":\"https:\/\/tiketi.com\/routes\/\"},{\"@type\":\"ListItem\",\"position\":3,\"name\":\"Bus\",\"item\":\"https:\/\/tiketi.com\/routes\/bus\/\"},{\"@type\":\"ListItem\",\"position\":4,\"name\":\"Bus from Mwanza to Arusha Bus Tickets, Route, Schedule &#038; Fare\"}]},{\"@type\":\"WebSite\",\"@id\":\"https:\/\/tiketi.com\/#website\",\"url\":\"https:\/\/tiketi.com\/\",\"name\":\"Flight & Bus Tickets, Tour Packages & Activitites - Tiketi.com\",\"description\":\"Flight &amp; Bus Tickets, Tours, Activitites\",\"publisher\":{\"@id\":\"https:\/\/tiketi.com\/#organization\"},\"potentialAction\":[{\"@type\":\"SearchAction\",\"target\":{\"@type\":\"EntryPoint\",\"urlTemplate\":\"https:\/\/tiketi.com\/?s={search_term_string}\"},\"query-input\":{\"@type\":\"PropertyValueSpecification\",\"valueRequired\":true,\"valueName\":\"search_term_string\"}}],\"inLanguage\":\"fr-FR\"},{\"@type\":\"Organization\",\"@id\":\"https:\/\/tiketi.com\/#organization\",\"name\":\"Tiketi.com\",\"alternateName\":\"Tiketi\",\"url\":\"https:\/\/tiketi.com\/\",\"logo\":{\"@type\":\"ImageObject\",\"inLanguage\":\"fr-FR\",\"@id\":\"https:\/\/tiketi.com\/#\/schema\/logo\/image\/\",\"url\":\"https:\/\/tiketi.com\/wp-content\/uploads\/2019\/05\/tiketi-logo-696.png\",\"contentUrl\":\"https:\/\/tiketi.com\/wp-content\/uploads\/2019\/05\/tiketi-logo-696.png\",\"width\":696,\"height\":696,\"caption\":\"Tiketi.com\"},\"image\":{\"@id\":\"https:\/\/tiketi.com\/#\/schema\/logo\/image\/\"},\"sameAs\":[\"https:\/\/www.facebook.com\/TiketiCom\/\"]}]}<\/script>\n<!-- \/ Yoast SEO plugin. -->","yoast_head_json":{"title":"Bus de Mwanza \u00e0 Arusha Billets de bus, itin\u00e9raire, horaires et tarifs","description":"Vous recherchez une application de r\u00e9servation de billets de bus de Mwanza \u00e0 Arusha, des itin\u00e9raires, des horaires et des tarifs\u00a0? R\u00e9servez en ligne des billets de bus de Mwanza \u00e0 Arusha","robots":{"index":"index","follow":"follow","max-snippet":"max-snippet:-1","max-image-preview":"max-image-preview:large","max-video-preview":"max-video-preview:-1"},"canonical":"https:\/\/tiketi.com\/fr-fr\/njia\/nauli-mabasi\/mwanza-kwenda-arusha\/","og_locale":"fr_FR","og_type":"article","og_title":"Bus from Mwanza to Arusha Bus Tickets, Route, Schedule & Fare","og_description":"Looking for bus from\u00a0Mwanza to Arusha bus ticket booking app, routes, schedules & fares? Book cheap bus tickets from Mwanza to Arusha online","og_url":"https:\/\/tiketi.com\/fr-fr\/njia\/nauli-mabasi\/mwanza-kwenda-arusha\/","og_site_name":"Tiketi.com","article_publisher":"https:\/\/www.facebook.com\/TiketiCom\/","article_modified_time":"2023-07-05T12:43:30+00:00","og_image":[{"width":1200,"height":206,"url":"https:\/\/tiketi.com\/wp-content\/uploads\/2022\/01\/bus-ticket-online-booking.jpg","type":"image\/jpeg"}],"twitter_card":"summary_large_image","twitter_misc":{"Dur\u00e9e de lecture estim\u00e9e":"3 minutes"},"schema":{"@context":"https:\/\/schema.org","@graph":[{"@type":"WebPage","@id":"https:\/\/tiketi.com\/sw\/njia\/nauli-mabasi\/mwanza-kwenda-arusha\/","url":"https:\/\/tiketi.com\/sw\/njia\/nauli-mabasi\/mwanza-kwenda-arusha\/","name":"Bus de Mwanza \u00e0 Arusha Billets de bus, itin\u00e9raire, horaires et tarifs","isPartOf":{"@id":"https:\/\/tiketi.com\/#website"},"primaryImageOfPage":{"@id":"https:\/\/tiketi.com\/sw\/njia\/nauli-mabasi\/mwanza-kwenda-arusha\/#primaryimage"},"image":{"@id":"https:\/\/tiketi.com\/sw\/njia\/nauli-mabasi\/mwanza-kwenda-arusha\/#primaryimage"},"thumbnailUrl":"https:\/\/tiketi.com\/wp-content\/uploads\/2022\/01\/bus-ticket-online-booking.jpg","datePublished":"2022-01-19T11:54:58+00:00","dateModified":"2023-07-05T12:43:30+00:00","description":"Vous recherchez une application de r\u00e9servation de billets de bus de Mwanza \u00e0 Arusha, des itin\u00e9raires, des horaires et des tarifs\u00a0? R\u00e9servez en ligne des billets de bus de Mwanza \u00e0 Arusha","breadcrumb":{"@id":"https:\/\/tiketi.com\/sw\/njia\/nauli-mabasi\/mwanza-kwenda-arusha\/#breadcrumb"},"inLanguage":"fr-FR","potentialAction":[{"@type":"ReadAction","target":["https:\/\/tiketi.com\/sw\/njia\/nauli-mabasi\/mwanza-kwenda-arusha\/"]}]},{"@type":"ImageObject","inLanguage":"fr-FR","@id":"https:\/\/tiketi.com\/sw\/njia\/nauli-mabasi\/mwanza-kwenda-arusha\/#primaryimage","url":"https:\/\/tiketi.com\/wp-content\/uploads\/2022\/01\/bus-ticket-online-booking.jpg","contentUrl":"https:\/\/tiketi.com\/wp-content\/uploads\/2022\/01\/bus-ticket-online-booking.jpg","width":1200,"height":206,"caption":"Online Bus Ticket Booking"},{"@type":"BreadcrumbList","@id":"https:\/\/tiketi.com\/sw\/njia\/nauli-mabasi\/mwanza-kwenda-arusha\/#breadcrumb","itemListElement":[{"@type":"ListItem","position":1,"name":"Home","item":"https:\/\/tiketi.com\/"},{"@type":"ListItem","position":2,"name":"Routes","item":"https:\/\/tiketi.com\/routes\/"},{"@type":"ListItem","position":3,"name":"Bus","item":"https:\/\/tiketi.com\/routes\/bus\/"},{"@type":"ListItem","position":4,"name":"Bus from Mwanza to Arusha Bus Tickets, Route, Schedule &#038; Fare"}]},{"@type":"WebSite","@id":"https:\/\/tiketi.com\/#website","url":"https:\/\/tiketi.com\/","name":"Billets d&#039;avion et de bus, forfaits touristiques et activit\u00e9s - Tiketi.com","description":"Billets d&#039;avion et de bus, Tours, Activit\u00e9s","publisher":{"@id":"https:\/\/tiketi.com\/#organization"},"potentialAction":[{"@type":"SearchAction","target":{"@type":"EntryPoint","urlTemplate":"https:\/\/tiketi.com\/?s={search_term_string}"},"query-input":{"@type":"PropertyValueSpecification","valueRequired":true,"valueName":"search_term_string"}}],"inLanguage":"fr-FR"},{"@type":"Organization","@id":"https:\/\/tiketi.com\/#organization","name":"Tiketi.com","alternateName":"Tiketi","url":"https:\/\/tiketi.com\/","logo":{"@type":"ImageObject","inLanguage":"fr-FR","@id":"https:\/\/tiketi.com\/#\/schema\/logo\/image\/","url":"https:\/\/tiketi.com\/wp-content\/uploads\/2019\/05\/tiketi-logo-696.png","contentUrl":"https:\/\/tiketi.com\/wp-content\/uploads\/2019\/05\/tiketi-logo-696.png","width":696,"height":696,"caption":"Tiketi.com"},"image":{"@id":"https:\/\/tiketi.com\/#\/schema\/logo\/image\/"},"sameAs":["https:\/\/www.facebook.com\/TiketiCom\/"]}]}},"_links":{"self":[{"href":"https:\/\/tiketi.com\/fr-fr\/wp-json\/wp\/v2\/pages\/11627","targetHints":{"allow":["GET"]}}],"collection":[{"href":"https:\/\/tiketi.com\/fr-fr\/wp-json\/wp\/v2\/pages"}],"about":[{"href":"https:\/\/tiketi.com\/fr-fr\/wp-json\/wp\/v2\/types\/page"}],"author":[{"embeddable":true,"href":"https:\/\/tiketi.com\/fr-fr\/wp-json\/wp\/v2\/users\/1"}],"replies":[{"embeddable":true,"href":"https:\/\/tiketi.com\/fr-fr\/wp-json\/wp\/v2\/comments?post=11627"}],"version-history":[{"count":0,"href":"https:\/\/tiketi.com\/fr-fr\/wp-json\/wp\/v2\/pages\/11627\/revisions"}],"up":[{"embeddable":true,"href":"https:\/\/tiketi.com\/fr-fr\/wp-json\/wp\/v2\/pages\/25566"}],"wp:featuredmedia":[{"embeddable":true,"href":"https:\/\/tiketi.com\/fr-fr\/wp-json\/wp\/v2\/media\/13999"}],"wp:attachment":[{"href":"https:\/\/tiketi.com\/fr-fr\/wp-json\/wp\/v2\/media?parent=11627"}],"curies":[{"name":"wp","href":"https:\/\/api.w.org\/{rel}","templated":true}]}}