{"id":11628,"date":"2022-01-19T12:54:58","date_gmt":"2022-01-19T11:54:58","guid":{"rendered":"https:\/\/new.tiketi.com\/bus-from-mbeya-to-dodoma-bus-tickets-route-schedule-fare\/"},"modified":"2023-06-19T20:16:35","modified_gmt":"2023-06-19T19:16:35","slug":"mbeya-to-dodoma","status":"publish","type":"page","link":"https:\/\/tiketi.com\/fr-fr\/routes\/bus\/mbeya-to-dodoma\/","title":{"rendered":"Bus de Mbeya \u00e0 Dodoma Billets de bus, horaires et tarifs"},"content":{"rendered":"<h2>Billets de bus pas chers de Mbeya \u00e0 Dodoma R\u00e9servation en ligne<\/h2>\n<h3>D\u00e9couvrez votre itin\u00e9raire sur le web, le mobile ou l&#039;application et r\u00e9servez en ligne maintenant un billet de bus pas cher de Mbeya \u00e0 Dodoma.<\/h3>\n<p>R\u00e9servez en ligne les billets de bus de Mbeya \u00e0 Dodoma et voyagez de Mbeya \u00e0 Dodoma en bus. Situ\u00e9e au c\u0153ur de la Tanzanie, Dodoma est le si\u00e8ge national de l&#039;administration et la capitale politique. Commercialement et \u00e9conomiquement, elle est moins d\u00e9velopp\u00e9e et dynamique que la ville portuaire et le nerf commercial du pays, Dar es Salaam. Vous pouvez visiter Dodoma en prenant un bus pas cher de Mbeya \u00e0 Dodoma.<\/p>\n<h2>Bus de Mbeya \u00e0 Dodoma FAQ sur les billets de bus, les itin\u00e9raires, les horaires et les tarifs<\/h2>\n<h3>Y a-t-il un bus direct de Mbeya \u00e0 Dodoma ?<\/h3>\n<p>Non, il n&#039;y a pas de bus direct Mbeya jusqu&#039;\u00e0 Dodoma. Quoi qu&#039;il en soit, il y a des services au d\u00e9part de Dodoma et arrivant \u00e0 Mbeya. Le trajet, y compris les transferts, dure environ 23 h.<\/p>\n<h3>Quelle est la distance entre Mbeya et Dodoma en bus ?<\/h3>\n<p>La distance entre Mbeya et Dodoma en bus est de 395 km.<\/p>\n<h3>Comment se d\u00e9placer de Mbeya \u00e0 Dodoma sans voiture ?<\/h3>\n<p>Le meilleur moyen pour se rendre de Mbeya \u00e0 Dodoma sans voiture est de bus. Mbeya \u00e0 Dodoma bus tarif $20 et prend 23h.<\/p>\n<h3>O\u00f9 prendre le bus depuis Mbeya pour Dodoma ?<\/h3>\n<p>Billets de bus pas chers du service de Mbeya \u00e0 Dodoma, op\u00e9r\u00e9s par bus Mbeya \u00e0 Dodoma express.<\/p>\n<h3>Avion, train ou Mbeya jusqu&#039;\u00e0 Dodoma en bus ?<\/h3>\n<p>Le meilleur moyen de se rendre de Mbeya \u00e0 Dodoma est de <a href=\"https:\/\/tiketi.com\/fr-fr\/flightst\/\" target=\"_blank\" rel=\"noopener\">voler<\/a> qui dure 4h 45m et co\u00fbte $110 \u2013 $390. Sinon, vous pouvez prendre le bus de Mbeya \u00e0 Dodoma, et dure 23h, vous pouvez \u00e9galement prendre le train, ce qui co\u00fbte $4 \u2013 $6 et dure 36h.<\/p>\n<h2>Billets de bus de Mbeya \u00e0 Dodoma<\/h2>\n<p>Voici quelques-unes des meilleures attractions de la ville :<\/p>\n<h3>B\u00e2timent du Parlement<\/h3>\n<p>Bunge est le si\u00e8ge du parlement du pays et pour visiter l&#039;endroit, vous devez prendre des dispositions pr\u00e9alables. Il accueille juste les visiteurs lorsqu&#039;il est en session et l&#039;environnement pendant les d\u00e9bats est assez dynamique. Il vaut bien une visite \u00e0 Dodoma. Assurez-vous d&#039;apporter votre passeport. La photographie n&#039;est pas autoris\u00e9e, alors soyez averti de ne pas apporter d&#039;appareil photo.<\/p>\n<h3>Parc d&#039;\u00e9tat de Dodoma<\/h3>\n<p>Le parc d&#039;\u00e9tat de Dodoma a ouvert ses portes en 2011 et a \u00e9t\u00e9 r\u00e9alis\u00e9 en collaboration avec Skate Aid Bosco Africa, en tant qu&#039;\u00e9cole et centre de formation. Il couvre environ cinq cents carr\u00e9s et est l&#039;un des plus grands complexes sportifs de Tanzanie.<\/p>\n<h3>Mosqu\u00e9e Kadhafi<\/h3>\n<p>Ouverte en 2010 et construite avec les fonds de Kadhafi, la mosqu\u00e9e rose de Kadhafi est l&#039;une des plus grandes mosqu\u00e9es d&#039;Afrique de l&#039;Est. Il peut accueillir plus de quatre mille fid\u00e8les en une seule session et propose \u00e9galement des \u00e9tudes religieuses sur l&#039;islam.<\/p>","protected":false},"excerpt":{"rendered":"<p>Cheap Bus Tickets from\u00a0Mbeya to Dodoma\u00a0Online Booking Discover your travel route on web, mobile or app and book cheap bus ticket from Mbeya to Dodoma online now. Book the bus from Mbeya to Dodoma bus tickets online and travel Mbeya to Dodoma by bus. Placed in \u00a0Tanzania heartland, Dodoma is the national seat of administration [&hellip;]<\/p>\n","protected":false},"author":1,"featured_media":13999,"parent":25566,"menu_order":0,"comment_status":"open","ping_status":"closed","template":"template-home-modern.php","meta":{"footnotes":""},"class_list":["post-11628","page","type-page","status-publish","has-post-thumbnail","hentry"],"yoast_head":"<!-- This site is optimized with the Yoast SEO plugin v27.3 - https:\/\/yoast.com\/product\/yoast-seo-wordpress\/ -->\n<title>Bus from Mbeya to Dodoma Bus Tickets, Route, Schedule &amp; Fare<\/title>\n<meta name=\"description\" content=\"Looking for bus from Mbeya to Dodoma bus tickets online booking ap, fare &amp; schedule? Book cheap bus tickets from Mbeya to Dodoma online now\" \/>\n<meta name=\"robots\" content=\"index, follow, max-snippet:-1, max-image-preview:large, max-video-preview:-1\" \/>\n<link rel=\"canonical\" href=\"https:\/\/tiketi.com\/fr-fr\/routes\/bus\/mbeya-to-dodoma\/\" \/>\n<meta property=\"og:locale\" content=\"fr_FR\" \/>\n<meta property=\"og:type\" content=\"article\" \/>\n<meta property=\"og:title\" content=\"Bus from Mbeya to Dodoma Bus Tickets, Route, Schedule &amp; Fare\" \/>\n<meta property=\"og:description\" content=\"Looking for bus from Mbeya to Dodoma bus tickets online booking ap, fare &amp; schedule? Book cheap bus tickets from Mbeya to Dodoma online now\" \/>\n<meta property=\"og:url\" content=\"https:\/\/tiketi.com\/fr-fr\/routes\/bus\/mbeya-to-dodoma\/\" \/>\n<meta property=\"og:site_name\" content=\"Tiketi.com\" \/>\n<meta property=\"article:publisher\" content=\"https:\/\/www.facebook.com\/TiketiCom\/\" \/>\n<meta property=\"article:modified_time\" content=\"2023-06-19T19:16:35+00:00\" \/>\n<meta property=\"og:image\" content=\"https:\/\/tiketi.com\/wp-content\/uploads\/2022\/01\/bus-ticket-online-booking.jpg\" \/>\n\t<meta property=\"og:image:width\" content=\"1200\" \/>\n\t<meta property=\"og:image:height\" content=\"206\" \/>\n\t<meta property=\"og:image:type\" content=\"image\/jpeg\" \/>\n<meta name=\"twitter:card\" content=\"summary_large_image\" \/>\n<meta name=\"twitter:label1\" content=\"Dur\u00e9e de lecture estim\u00e9e\" \/>\n\t<meta name=\"twitter:data1\" content=\"2 minutes\" \/>\n<script type=\"application\/ld+json\" class=\"yoast-schema-graph\">{\"@context\":\"https:\\\/\\\/schema.org\",\"@graph\":[{\"@type\":\"WebPage\",\"@id\":\"https:\\\/\\\/tiketi.com\\\/routes\\\/bus\\\/mbeya-to-dodoma\\\/\",\"url\":\"https:\\\/\\\/tiketi.com\\\/routes\\\/bus\\\/mbeya-to-dodoma\\\/\",\"name\":\"Bus from Mbeya to Dodoma Bus Tickets, Route, Schedule & Fare\",\"isPartOf\":{\"@id\":\"https:\\\/\\\/tiketi.com\\\/#website\"},\"primaryImageOfPage\":{\"@id\":\"https:\\\/\\\/tiketi.com\\\/routes\\\/bus\\\/mbeya-to-dodoma\\\/#primaryimage\"},\"image\":{\"@id\":\"https:\\\/\\\/tiketi.com\\\/routes\\\/bus\\\/mbeya-to-dodoma\\\/#primaryimage\"},\"thumbnailUrl\":\"https:\\\/\\\/tiketi.com\\\/wp-content\\\/uploads\\\/2022\\\/01\\\/bus-ticket-online-booking.jpg\",\"datePublished\":\"2022-01-19T11:54:58+00:00\",\"dateModified\":\"2023-06-19T19:16:35+00:00\",\"description\":\"Looking for bus from Mbeya to Dodoma bus tickets online booking ap, fare & schedule? Book cheap bus tickets from Mbeya to Dodoma online now\",\"breadcrumb\":{\"@id\":\"https:\\\/\\\/tiketi.com\\\/routes\\\/bus\\\/mbeya-to-dodoma\\\/#breadcrumb\"},\"inLanguage\":\"fr-FR\",\"potentialAction\":[{\"@type\":\"ReadAction\",\"target\":[\"https:\\\/\\\/tiketi.com\\\/routes\\\/bus\\\/mbeya-to-dodoma\\\/\"]}]},{\"@type\":\"ImageObject\",\"inLanguage\":\"fr-FR\",\"@id\":\"https:\\\/\\\/tiketi.com\\\/routes\\\/bus\\\/mbeya-to-dodoma\\\/#primaryimage\",\"url\":\"https:\\\/\\\/tiketi.com\\\/wp-content\\\/uploads\\\/2022\\\/01\\\/bus-ticket-online-booking.jpg\",\"contentUrl\":\"https:\\\/\\\/tiketi.com\\\/wp-content\\\/uploads\\\/2022\\\/01\\\/bus-ticket-online-booking.jpg\",\"width\":1200,\"height\":206,\"caption\":\"Online Bus Ticket Booking\"},{\"@type\":\"BreadcrumbList\",\"@id\":\"https:\\\/\\\/tiketi.com\\\/routes\\\/bus\\\/mbeya-to-dodoma\\\/#breadcrumb\",\"itemListElement\":[{\"@type\":\"ListItem\",\"position\":1,\"name\":\"Home\",\"item\":\"https:\\\/\\\/tiketi.com\\\/\"},{\"@type\":\"ListItem\",\"position\":2,\"name\":\"Routes\",\"item\":\"https:\\\/\\\/tiketi.com\\\/routes\\\/\"},{\"@type\":\"ListItem\",\"position\":3,\"name\":\"Bus\",\"item\":\"https:\\\/\\\/tiketi.com\\\/routes\\\/bus\\\/\"},{\"@type\":\"ListItem\",\"position\":4,\"name\":\"Bus from Mbeya to Dodoma Bus Tickets, Schedule &#038; Fares\"}]},{\"@type\":\"WebSite\",\"@id\":\"https:\\\/\\\/tiketi.com\\\/#website\",\"url\":\"https:\\\/\\\/tiketi.com\\\/\",\"name\":\"Flight & Bus Tickets, Tour Packages & Activitites - Tiketi.com\",\"description\":\"Flight &amp; Bus Tickets, Tours, Activitites\",\"publisher\":{\"@id\":\"https:\\\/\\\/tiketi.com\\\/#organization\"},\"potentialAction\":[{\"@type\":\"SearchAction\",\"target\":{\"@type\":\"EntryPoint\",\"urlTemplate\":\"https:\\\/\\\/tiketi.com\\\/?s={search_term_string}\"},\"query-input\":{\"@type\":\"PropertyValueSpecification\",\"valueRequired\":true,\"valueName\":\"search_term_string\"}}],\"inLanguage\":\"fr-FR\"},{\"@type\":\"Organization\",\"@id\":\"https:\\\/\\\/tiketi.com\\\/#organization\",\"name\":\"Tiketi.com\",\"alternateName\":\"Tiketi\",\"url\":\"https:\\\/\\\/tiketi.com\\\/\",\"logo\":{\"@type\":\"ImageObject\",\"inLanguage\":\"fr-FR\",\"@id\":\"https:\\\/\\\/tiketi.com\\\/#\\\/schema\\\/logo\\\/image\\\/\",\"url\":\"https:\\\/\\\/tiketi.com\\\/wp-content\\\/uploads\\\/2019\\\/05\\\/tiketi-logo-696.png\",\"contentUrl\":\"https:\\\/\\\/tiketi.com\\\/wp-content\\\/uploads\\\/2019\\\/05\\\/tiketi-logo-696.png\",\"width\":696,\"height\":696,\"caption\":\"Tiketi.com\"},\"image\":{\"@id\":\"https:\\\/\\\/tiketi.com\\\/#\\\/schema\\\/logo\\\/image\\\/\"},\"sameAs\":[\"https:\\\/\\\/www.facebook.com\\\/TiketiCom\\\/\"]}]}<\/script>\n<!-- \/ Yoast SEO plugin. -->","yoast_head_json":{"title":"Bus de Mbeya \u00e0 Dodoma Billets de bus, itin\u00e9raire, horaires et tarifs","description":"Vous recherchez des billets de bus de Mbeya \u00e0 Dodoma en ligne, une application de r\u00e9servation, des tarifs et des horaires\u00a0? R\u00e9servez en ligne maintenant des billets de bus \u00e0 bas prix de Mbeya \u00e0 Dodoma","robots":{"index":"index","follow":"follow","max-snippet":"max-snippet:-1","max-image-preview":"max-image-preview:large","max-video-preview":"max-video-preview:-1"},"canonical":"https:\/\/tiketi.com\/fr-fr\/routes\/bus\/mbeya-to-dodoma\/","og_locale":"fr_FR","og_type":"article","og_title":"Bus from Mbeya to Dodoma Bus Tickets, Route, Schedule & Fare","og_description":"Looking for bus from Mbeya to Dodoma bus tickets online booking ap, fare & schedule? Book cheap bus tickets from Mbeya to Dodoma online now","og_url":"https:\/\/tiketi.com\/fr-fr\/routes\/bus\/mbeya-to-dodoma\/","og_site_name":"Tiketi.com","article_publisher":"https:\/\/www.facebook.com\/TiketiCom\/","article_modified_time":"2023-06-19T19:16:35+00:00","og_image":[{"width":1200,"height":206,"url":"https:\/\/tiketi.com\/wp-content\/uploads\/2022\/01\/bus-ticket-online-booking.jpg","type":"image\/jpeg"}],"twitter_card":"summary_large_image","twitter_misc":{"Dur\u00e9e de lecture estim\u00e9e":"2 minutes"},"schema":{"@context":"https:\/\/schema.org","@graph":[{"@type":"WebPage","@id":"https:\/\/tiketi.com\/routes\/bus\/mbeya-to-dodoma\/","url":"https:\/\/tiketi.com\/routes\/bus\/mbeya-to-dodoma\/","name":"Bus de Mbeya \u00e0 Dodoma Billets de bus, itin\u00e9raire, horaires et tarifs","isPartOf":{"@id":"https:\/\/tiketi.com\/#website"},"primaryImageOfPage":{"@id":"https:\/\/tiketi.com\/routes\/bus\/mbeya-to-dodoma\/#primaryimage"},"image":{"@id":"https:\/\/tiketi.com\/routes\/bus\/mbeya-to-dodoma\/#primaryimage"},"thumbnailUrl":"https:\/\/tiketi.com\/wp-content\/uploads\/2022\/01\/bus-ticket-online-booking.jpg","datePublished":"2022-01-19T11:54:58+00:00","dateModified":"2023-06-19T19:16:35+00:00","description":"Vous recherchez des billets de bus de Mbeya \u00e0 Dodoma en ligne, une application de r\u00e9servation, des tarifs et des horaires\u00a0? R\u00e9servez en ligne maintenant des billets de bus \u00e0 bas prix de Mbeya \u00e0 Dodoma","breadcrumb":{"@id":"https:\/\/tiketi.com\/routes\/bus\/mbeya-to-dodoma\/#breadcrumb"},"inLanguage":"fr-FR","potentialAction":[{"@type":"ReadAction","target":["https:\/\/tiketi.com\/routes\/bus\/mbeya-to-dodoma\/"]}]},{"@type":"ImageObject","inLanguage":"fr-FR","@id":"https:\/\/tiketi.com\/routes\/bus\/mbeya-to-dodoma\/#primaryimage","url":"https:\/\/tiketi.com\/wp-content\/uploads\/2022\/01\/bus-ticket-online-booking.jpg","contentUrl":"https:\/\/tiketi.com\/wp-content\/uploads\/2022\/01\/bus-ticket-online-booking.jpg","width":1200,"height":206,"caption":"Online Bus Ticket Booking"},{"@type":"BreadcrumbList","@id":"https:\/\/tiketi.com\/routes\/bus\/mbeya-to-dodoma\/#breadcrumb","itemListElement":[{"@type":"ListItem","position":1,"name":"Home","item":"https:\/\/tiketi.com\/"},{"@type":"ListItem","position":2,"name":"Routes","item":"https:\/\/tiketi.com\/routes\/"},{"@type":"ListItem","position":3,"name":"Bus","item":"https:\/\/tiketi.com\/routes\/bus\/"},{"@type":"ListItem","position":4,"name":"Bus from Mbeya to Dodoma Bus Tickets, Schedule &#038; Fares"}]},{"@type":"WebSite","@id":"https:\/\/tiketi.com\/#website","url":"https:\/\/tiketi.com\/","name":"Billets d&#039;avion et de bus, forfaits touristiques et activit\u00e9s - Tiketi.com","description":"Billets d&#039;avion et de bus, Tours, Activit\u00e9s","publisher":{"@id":"https:\/\/tiketi.com\/#organization"},"potentialAction":[{"@type":"SearchAction","target":{"@type":"EntryPoint","urlTemplate":"https:\/\/tiketi.com\/?s={search_term_string}"},"query-input":{"@type":"PropertyValueSpecification","valueRequired":true,"valueName":"search_term_string"}}],"inLanguage":"fr-FR"},{"@type":"Organization","@id":"https:\/\/tiketi.com\/#organization","name":"Tiketi.com","alternateName":"Tiketi","url":"https:\/\/tiketi.com\/","logo":{"@type":"ImageObject","inLanguage":"fr-FR","@id":"https:\/\/tiketi.com\/#\/schema\/logo\/image\/","url":"https:\/\/tiketi.com\/wp-content\/uploads\/2019\/05\/tiketi-logo-696.png","contentUrl":"https:\/\/tiketi.com\/wp-content\/uploads\/2019\/05\/tiketi-logo-696.png","width":696,"height":696,"caption":"Tiketi.com"},"image":{"@id":"https:\/\/tiketi.com\/#\/schema\/logo\/image\/"},"sameAs":["https:\/\/www.facebook.com\/TiketiCom\/"]}]}},"_links":{"self":[{"href":"https:\/\/tiketi.com\/fr-fr\/wp-json\/wp\/v2\/pages\/11628","targetHints":{"allow":["GET"]}}],"collection":[{"href":"https:\/\/tiketi.com\/fr-fr\/wp-json\/wp\/v2\/pages"}],"about":[{"href":"https:\/\/tiketi.com\/fr-fr\/wp-json\/wp\/v2\/types\/page"}],"author":[{"embeddable":true,"href":"https:\/\/tiketi.com\/fr-fr\/wp-json\/wp\/v2\/users\/1"}],"replies":[{"embeddable":true,"href":"https:\/\/tiketi.com\/fr-fr\/wp-json\/wp\/v2\/comments?post=11628"}],"version-history":[{"count":0,"href":"https:\/\/tiketi.com\/fr-fr\/wp-json\/wp\/v2\/pages\/11628\/revisions"}],"up":[{"embeddable":true,"href":"https:\/\/tiketi.com\/fr-fr\/wp-json\/wp\/v2\/pages\/25566"}],"wp:featuredmedia":[{"embeddable":true,"href":"https:\/\/tiketi.com\/fr-fr\/wp-json\/wp\/v2\/media\/13999"}],"wp:attachment":[{"href":"https:\/\/tiketi.com\/fr-fr\/wp-json\/wp\/v2\/media?parent=11628"}],"curies":[{"name":"wp","href":"https:\/\/api.w.org\/{rel}","templated":true}]}}