{"id":11629,"date":"2022-01-19T12:55:00","date_gmt":"2022-01-19T11:55:00","guid":{"rendered":"https:\/\/new.tiketi.com\/bus-from-mbeya-to-dar-es-salaam-bus-tickets-route-schedule-fare\/"},"modified":"2022-10-28T10:18:06","modified_gmt":"2022-10-28T09:18:06","slug":"tickets-mbeya-to-dar-es-salaam","status":"publish","type":"page","link":"https:\/\/tiketi.com\/fr-fr\/routes\/bus\/tickets-mbeya-to-dar-es-salaam\/","title":{"rendered":"Bus de Mbeya \u00e0 Dar es Salaam Billets de bus, itin\u00e9raire, horaires et tarifs"},"content":{"rendered":"<h2>Billets de bus pas chers de Mbeya \u00e0 Dar es Salaam R\u00e9servation en ligne<\/h2>\n<h3>D\u00e9couvrez votre itin\u00e9raire sur le web, le mobile ou l&#039;application et r\u00e9servez en ligne maintenant un billet de bus pas cher de Mbeya \u00e0 Dar es Salam.<\/h3>\n<p>Gagnez du temps et de l&#039;argent et r\u00e9servez en ligne d\u00e8s maintenant des billets de bus pas chers de Mbeya \u00e0 Dar es Salam et voyagez de Mbeya \u00e0 Dar es Salam par la route. Dar es Salaam, une grande ville et un port d&#039;affaires sur la c\u00f4te tanzanienne de l&#039;oc\u00e9an Indien, s&#039;est d\u00e9velopp\u00e9e \u00e0 partir d&#039;un village de p\u00eacheurs. Alors qu&#039;est-ce que tu attends? R\u00e9servez en ligne maintenant vos billets de bus \u00e0 bas prix de Mbeya \u00e0 Dar es Salam.<\/p>\n<h2>Bus de Mbeya \u00e0 Dar es Salaam Billets de bus, itin\u00e9raires, horaires et tarifs FAQ<\/h2>\n<h3>Quel est le moyen abordable pour se rendre de Mbeya \u00e0 Dar es Salam ?<\/h3>\n<p>Le moyen abordable de se rendre de Mbeya \u00e0 Dar es Salaam en bus. Bus Mbeya \u00e0 Dar es Salam tarif $21 et dure 16h 20m.<\/p>\n<h3>Y a-t-il un bus direct de Mbeya \u00e0 Dar es Salam ?<\/h3>\n<p>Non, il n&#039;y a pas de bus direct depuis Mbeya jusqu&#039;\u00e0 Dar es Salam. Quoi qu&#039;il en soit, il y a des services au d\u00e9part de Gerezani et arrivant \u00e0 Mbeya par Dar es Salaam. Le trajet, y compris les transferts, prend environ 16 \u00e0 20m.<\/p>\n<h3>Quelle est la distance entre Mbeya et Dar es Salam en bus ?<\/h3>\n<p>La distance parcourue par le bus Mbeya et Dar es Salaam est de 673 km.<\/p>\n<h3>O\u00f9 prendre le bus depuis Mbeya pour Dar es Salam ?<\/h3>\n<p>Service de bus de Mbeya \u00e0 Dar es Salam, op\u00e9r\u00e9 par bus Mbeya Dar es Salaam express.<\/p>\n<h3>Avion, train ou bus depuis Mbeya jusqu&#039;\u00e0 Dar es Salam ?<\/h3>\n<p>Le meilleur moyen de se rendre de Dar es Salam \u00e0 Mbeya est en avion, dure 2h 6m et co\u00fbte $100 \u2013 $170. Sinon, vous pouvez bus Mbeya \u00e0 Dar es Salam, bus Mbeya \u00e0 Dar es Salam prix $21 et dure 16h 20m, vous pouvez \u00e9galement train, ce qui co\u00fbte et dure 21h 29m.<\/p>\n<h2>Billets de bus de Mbeya \u00e0 Dar es Salaam<\/h2>\n<p>Voici quelques-unes des meilleures attractions de Dar es Salaam.<\/p>\n<h3>R\u00e9serve naturelle des collines de Pugu<\/h3>\n<p>Pugu Hills est une r\u00e9serve naturelle d\u00e9sign\u00e9e situ\u00e9e \u00e0 environ vingt-cinq kilom\u00e8tres du c\u0153ur de Dar es Salaam. En plus de la possibilit\u00e9 de parcourir les sentiers, vous pouvez \u00e9galement choisir d&#039;observer les oiseaux ou visiter la grotte qui est populaire pour sa colonie de chauves-souris.<\/p>\n<h3>Ville de Bagamoyo<\/h3>\n<p>Semblable \u00e0 Lamu ou Mombasa, la ville de Bagamoyo situ\u00e9e au nord de Dar es Salaam, est un tr\u00e8s ancien port de commerce d&#039;Afrique de l&#039;Est. La ville a \u00e9t\u00e9 influenc\u00e9e par les Indiens et les Arabes pour en faire une culture swahili particuli\u00e8re.<br \/>\nUne excursion d&#039;une journ\u00e9e \u00e0 Bagamoyo, vous pouvez visiter de tr\u00e8s vieilles ruines, d&#039;anciennes mosqu\u00e9es et \u00e9glises et visiter l&#039;un des coll\u00e8ges d&#039;arts de Tanzanie appel\u00e9 Chuo Cha Sanaa.<\/p>","protected":false},"excerpt":{"rendered":"<p>Cheap Bus Tickets from\u00a0Mbeya to Dar es Salaam\u00a0Online Booking Discover your travel route on web, mobile or app and book cheap bus ticket from Mbeya to Dar es Salaam online now. Save time and money and book cheap bus from Mbeya to Dar es Salaam bus tickets online now and travel Mbeya to Dar es [&hellip;]<\/p>\n","protected":false},"author":1,"featured_media":13999,"parent":25566,"menu_order":0,"comment_status":"open","ping_status":"closed","template":"template-home-modern.php","meta":{"footnotes":""},"class_list":["post-11629","page","type-page","status-publish","has-post-thumbnail","hentry"],"yoast_head":"<!-- This site is optimized with the Yoast SEO plugin v27.3 - https:\/\/yoast.com\/product\/yoast-seo-wordpress\/ -->\n<title>Bus from Mbeya to Dar es Salaam Bus Tickets, Route, Schedule &amp; Fare<\/title>\n<meta name=\"description\" content=\"Looking for bus from Mbeya to Dar es Salaam bus online booking app, fare &amp; schedule? Book cheap bus tickets from Mbeya to Dar es Salaam online\" \/>\n<meta name=\"robots\" content=\"index, follow, max-snippet:-1, max-image-preview:large, max-video-preview:-1\" \/>\n<link rel=\"canonical\" href=\"https:\/\/tiketi.com\/fr-fr\/routes\/bus\/tickets-mbeya-to-dar-es-salaam\/\" \/>\n<meta property=\"og:locale\" content=\"fr_FR\" \/>\n<meta property=\"og:type\" content=\"article\" \/>\n<meta property=\"og:title\" content=\"Bus from Mbeya to Dar es Salaam Bus Tickets, Route, Schedule &amp; Fare\" \/>\n<meta property=\"og:description\" content=\"Looking for bus from Mbeya to Dar es Salaam bus online booking app, fare &amp; schedule? Book cheap bus tickets from Mbeya to Dar es Salaam online\" \/>\n<meta property=\"og:url\" content=\"https:\/\/tiketi.com\/fr-fr\/routes\/bus\/tickets-mbeya-to-dar-es-salaam\/\" \/>\n<meta property=\"og:site_name\" content=\"Tiketi.com\" \/>\n<meta property=\"article:publisher\" content=\"https:\/\/www.facebook.com\/TiketiCom\/\" \/>\n<meta property=\"article:modified_time\" content=\"2022-10-28T09:18:06+00:00\" \/>\n<meta property=\"og:image\" content=\"https:\/\/tiketi.com\/wp-content\/uploads\/2022\/01\/bus-ticket-online-booking.jpg\" \/>\n\t<meta property=\"og:image:width\" content=\"1200\" \/>\n\t<meta property=\"og:image:height\" content=\"206\" \/>\n\t<meta property=\"og:image:type\" content=\"image\/jpeg\" \/>\n<meta name=\"twitter:card\" content=\"summary_large_image\" \/>\n<meta name=\"twitter:label1\" content=\"Dur\u00e9e de lecture estim\u00e9e\" \/>\n\t<meta name=\"twitter:data1\" content=\"2 minutes\" \/>\n<script type=\"application\/ld+json\" class=\"yoast-schema-graph\">{\"@context\":\"https:\\\/\\\/schema.org\",\"@graph\":[{\"@type\":\"WebPage\",\"@id\":\"https:\\\/\\\/tiketi.com\\\/fr-fr\\\/routes\\\/bus\\\/tickets-mbeya-to-dar-es-salaam\\\/\",\"url\":\"https:\\\/\\\/tiketi.com\\\/fr-fr\\\/routes\\\/bus\\\/tickets-mbeya-to-dar-es-salaam\\\/\",\"name\":\"Bus from Mbeya to Dar es Salaam Bus Tickets, Route, Schedule & Fare\",\"isPartOf\":{\"@id\":\"https:\\\/\\\/tiketi.com\\\/#website\"},\"primaryImageOfPage\":{\"@id\":\"https:\\\/\\\/tiketi.com\\\/fr-fr\\\/routes\\\/bus\\\/tickets-mbeya-to-dar-es-salaam\\\/#primaryimage\"},\"image\":{\"@id\":\"https:\\\/\\\/tiketi.com\\\/fr-fr\\\/routes\\\/bus\\\/tickets-mbeya-to-dar-es-salaam\\\/#primaryimage\"},\"thumbnailUrl\":\"https:\\\/\\\/tiketi.com\\\/wp-content\\\/uploads\\\/2022\\\/01\\\/bus-ticket-online-booking.jpg\",\"datePublished\":\"2022-01-19T11:55:00+00:00\",\"dateModified\":\"2022-10-28T09:18:06+00:00\",\"description\":\"Looking for bus from Mbeya to Dar es Salaam bus online booking app, fare & schedule? Book cheap bus tickets from Mbeya to Dar es Salaam online\",\"breadcrumb\":{\"@id\":\"https:\\\/\\\/tiketi.com\\\/fr-fr\\\/routes\\\/bus\\\/tickets-mbeya-to-dar-es-salaam\\\/#breadcrumb\"},\"inLanguage\":\"fr-FR\",\"potentialAction\":[{\"@type\":\"ReadAction\",\"target\":[\"https:\\\/\\\/tiketi.com\\\/fr-fr\\\/routes\\\/bus\\\/tickets-mbeya-to-dar-es-salaam\\\/\"]}]},{\"@type\":\"ImageObject\",\"inLanguage\":\"fr-FR\",\"@id\":\"https:\\\/\\\/tiketi.com\\\/fr-fr\\\/routes\\\/bus\\\/tickets-mbeya-to-dar-es-salaam\\\/#primaryimage\",\"url\":\"https:\\\/\\\/tiketi.com\\\/wp-content\\\/uploads\\\/2022\\\/01\\\/bus-ticket-online-booking.jpg\",\"contentUrl\":\"https:\\\/\\\/tiketi.com\\\/wp-content\\\/uploads\\\/2022\\\/01\\\/bus-ticket-online-booking.jpg\",\"width\":1200,\"height\":206,\"caption\":\"Online Bus Ticket Booking\"},{\"@type\":\"BreadcrumbList\",\"@id\":\"https:\\\/\\\/tiketi.com\\\/fr-fr\\\/routes\\\/bus\\\/tickets-mbeya-to-dar-es-salaam\\\/#breadcrumb\",\"itemListElement\":[{\"@type\":\"ListItem\",\"position\":1,\"name\":\"Home\",\"item\":\"https:\\\/\\\/tiketi.com\\\/\"},{\"@type\":\"ListItem\",\"position\":2,\"name\":\"Routes\",\"item\":\"https:\\\/\\\/tiketi.com\\\/routes\\\/\"},{\"@type\":\"ListItem\",\"position\":3,\"name\":\"Bus\",\"item\":\"https:\\\/\\\/tiketi.com\\\/routes\\\/bus\\\/\"},{\"@type\":\"ListItem\",\"position\":4,\"name\":\"Bus from Mbeya to Dar es Salaam Bus Tickets, Route, Schedule &#038; Fare\"}]},{\"@type\":\"WebSite\",\"@id\":\"https:\\\/\\\/tiketi.com\\\/#website\",\"url\":\"https:\\\/\\\/tiketi.com\\\/\",\"name\":\"Flight & Bus Tickets, Tour Packages & Activitites - Tiketi.com\",\"description\":\"Flight &amp; Bus Tickets, Tours, Activitites\",\"publisher\":{\"@id\":\"https:\\\/\\\/tiketi.com\\\/#organization\"},\"potentialAction\":[{\"@type\":\"SearchAction\",\"target\":{\"@type\":\"EntryPoint\",\"urlTemplate\":\"https:\\\/\\\/tiketi.com\\\/?s={search_term_string}\"},\"query-input\":{\"@type\":\"PropertyValueSpecification\",\"valueRequired\":true,\"valueName\":\"search_term_string\"}}],\"inLanguage\":\"fr-FR\"},{\"@type\":\"Organization\",\"@id\":\"https:\\\/\\\/tiketi.com\\\/#organization\",\"name\":\"Tiketi.com\",\"alternateName\":\"Tiketi\",\"url\":\"https:\\\/\\\/tiketi.com\\\/\",\"logo\":{\"@type\":\"ImageObject\",\"inLanguage\":\"fr-FR\",\"@id\":\"https:\\\/\\\/tiketi.com\\\/#\\\/schema\\\/logo\\\/image\\\/\",\"url\":\"https:\\\/\\\/tiketi.com\\\/wp-content\\\/uploads\\\/2019\\\/05\\\/tiketi-logo-696.png\",\"contentUrl\":\"https:\\\/\\\/tiketi.com\\\/wp-content\\\/uploads\\\/2019\\\/05\\\/tiketi-logo-696.png\",\"width\":696,\"height\":696,\"caption\":\"Tiketi.com\"},\"image\":{\"@id\":\"https:\\\/\\\/tiketi.com\\\/#\\\/schema\\\/logo\\\/image\\\/\"},\"sameAs\":[\"https:\\\/\\\/www.facebook.com\\\/TiketiCom\\\/\"]}]}<\/script>\n<!-- \/ Yoast SEO plugin. -->","yoast_head_json":{"title":"Bus de Mbeya \u00e0 Dar es Salaam Billets de bus, itin\u00e9raire, horaires et tarifs","description":"\u00c0 la recherche d&#039;une application de r\u00e9servation en ligne de bus de Mbeya \u00e0 Dar es Salaam, des tarifs et des horaires de bus\u00a0? R\u00e9servez en ligne des billets de bus pas chers de Mbeya \u00e0 Dar es Salam","robots":{"index":"index","follow":"follow","max-snippet":"max-snippet:-1","max-image-preview":"max-image-preview:large","max-video-preview":"max-video-preview:-1"},"canonical":"https:\/\/tiketi.com\/fr-fr\/routes\/bus\/tickets-mbeya-to-dar-es-salaam\/","og_locale":"fr_FR","og_type":"article","og_title":"Bus from Mbeya to Dar es Salaam Bus Tickets, Route, Schedule & Fare","og_description":"Looking for bus from Mbeya to Dar es Salaam bus online booking app, fare & schedule? Book cheap bus tickets from Mbeya to Dar es Salaam online","og_url":"https:\/\/tiketi.com\/fr-fr\/routes\/bus\/tickets-mbeya-to-dar-es-salaam\/","og_site_name":"Tiketi.com","article_publisher":"https:\/\/www.facebook.com\/TiketiCom\/","article_modified_time":"2022-10-28T09:18:06+00:00","og_image":[{"width":1200,"height":206,"url":"https:\/\/tiketi.com\/wp-content\/uploads\/2022\/01\/bus-ticket-online-booking.jpg","type":"image\/jpeg"}],"twitter_card":"summary_large_image","twitter_misc":{"Dur\u00e9e de lecture estim\u00e9e":"2 minutes"},"schema":{"@context":"https:\/\/schema.org","@graph":[{"@type":"WebPage","@id":"https:\/\/tiketi.com\/fr-fr\/routes\/bus\/tickets-mbeya-to-dar-es-salaam\/","url":"https:\/\/tiketi.com\/fr-fr\/routes\/bus\/tickets-mbeya-to-dar-es-salaam\/","name":"Bus de Mbeya \u00e0 Dar es Salaam Billets de bus, itin\u00e9raire, horaires et tarifs","isPartOf":{"@id":"https:\/\/tiketi.com\/#website"},"primaryImageOfPage":{"@id":"https:\/\/tiketi.com\/fr-fr\/routes\/bus\/tickets-mbeya-to-dar-es-salaam\/#primaryimage"},"image":{"@id":"https:\/\/tiketi.com\/fr-fr\/routes\/bus\/tickets-mbeya-to-dar-es-salaam\/#primaryimage"},"thumbnailUrl":"https:\/\/tiketi.com\/wp-content\/uploads\/2022\/01\/bus-ticket-online-booking.jpg","datePublished":"2022-01-19T11:55:00+00:00","dateModified":"2022-10-28T09:18:06+00:00","description":"\u00c0 la recherche d&#039;une application de r\u00e9servation en ligne de bus de Mbeya \u00e0 Dar es Salaam, des tarifs et des horaires de bus\u00a0? R\u00e9servez en ligne des billets de bus pas chers de Mbeya \u00e0 Dar es Salam","breadcrumb":{"@id":"https:\/\/tiketi.com\/fr-fr\/routes\/bus\/tickets-mbeya-to-dar-es-salaam\/#breadcrumb"},"inLanguage":"fr-FR","potentialAction":[{"@type":"ReadAction","target":["https:\/\/tiketi.com\/fr-fr\/routes\/bus\/tickets-mbeya-to-dar-es-salaam\/"]}]},{"@type":"ImageObject","inLanguage":"fr-FR","@id":"https:\/\/tiketi.com\/fr-fr\/routes\/bus\/tickets-mbeya-to-dar-es-salaam\/#primaryimage","url":"https:\/\/tiketi.com\/wp-content\/uploads\/2022\/01\/bus-ticket-online-booking.jpg","contentUrl":"https:\/\/tiketi.com\/wp-content\/uploads\/2022\/01\/bus-ticket-online-booking.jpg","width":1200,"height":206,"caption":"Online Bus Ticket Booking"},{"@type":"BreadcrumbList","@id":"https:\/\/tiketi.com\/fr-fr\/routes\/bus\/tickets-mbeya-to-dar-es-salaam\/#breadcrumb","itemListElement":[{"@type":"ListItem","position":1,"name":"Home","item":"https:\/\/tiketi.com\/"},{"@type":"ListItem","position":2,"name":"Routes","item":"https:\/\/tiketi.com\/routes\/"},{"@type":"ListItem","position":3,"name":"Bus","item":"https:\/\/tiketi.com\/routes\/bus\/"},{"@type":"ListItem","position":4,"name":"Bus from Mbeya to Dar es Salaam Bus Tickets, Route, Schedule &#038; Fare"}]},{"@type":"WebSite","@id":"https:\/\/tiketi.com\/#website","url":"https:\/\/tiketi.com\/","name":"Billets d&#039;avion et de bus, forfaits touristiques et activit\u00e9s - Tiketi.com","description":"Billets d&#039;avion et de bus, Tours, Activit\u00e9s","publisher":{"@id":"https:\/\/tiketi.com\/#organization"},"potentialAction":[{"@type":"SearchAction","target":{"@type":"EntryPoint","urlTemplate":"https:\/\/tiketi.com\/?s={search_term_string}"},"query-input":{"@type":"PropertyValueSpecification","valueRequired":true,"valueName":"search_term_string"}}],"inLanguage":"fr-FR"},{"@type":"Organization","@id":"https:\/\/tiketi.com\/#organization","name":"Tiketi.com","alternateName":"Tiketi","url":"https:\/\/tiketi.com\/","logo":{"@type":"ImageObject","inLanguage":"fr-FR","@id":"https:\/\/tiketi.com\/#\/schema\/logo\/image\/","url":"https:\/\/tiketi.com\/wp-content\/uploads\/2019\/05\/tiketi-logo-696.png","contentUrl":"https:\/\/tiketi.com\/wp-content\/uploads\/2019\/05\/tiketi-logo-696.png","width":696,"height":696,"caption":"Tiketi.com"},"image":{"@id":"https:\/\/tiketi.com\/#\/schema\/logo\/image\/"},"sameAs":["https:\/\/www.facebook.com\/TiketiCom\/"]}]}},"_links":{"self":[{"href":"https:\/\/tiketi.com\/fr-fr\/wp-json\/wp\/v2\/pages\/11629","targetHints":{"allow":["GET"]}}],"collection":[{"href":"https:\/\/tiketi.com\/fr-fr\/wp-json\/wp\/v2\/pages"}],"about":[{"href":"https:\/\/tiketi.com\/fr-fr\/wp-json\/wp\/v2\/types\/page"}],"author":[{"embeddable":true,"href":"https:\/\/tiketi.com\/fr-fr\/wp-json\/wp\/v2\/users\/1"}],"replies":[{"embeddable":true,"href":"https:\/\/tiketi.com\/fr-fr\/wp-json\/wp\/v2\/comments?post=11629"}],"version-history":[{"count":0,"href":"https:\/\/tiketi.com\/fr-fr\/wp-json\/wp\/v2\/pages\/11629\/revisions"}],"up":[{"embeddable":true,"href":"https:\/\/tiketi.com\/fr-fr\/wp-json\/wp\/v2\/pages\/25566"}],"wp:featuredmedia":[{"embeddable":true,"href":"https:\/\/tiketi.com\/fr-fr\/wp-json\/wp\/v2\/media\/13999"}],"wp:attachment":[{"href":"https:\/\/tiketi.com\/fr-fr\/wp-json\/wp\/v2\/media?parent=11629"}],"curies":[{"name":"wp","href":"https:\/\/api.w.org\/{rel}","templated":true}]}}