{"id":11632,"date":"2022-01-19T12:55:00","date_gmt":"2022-01-19T11:55:00","guid":{"rendered":"https:\/\/new.tiketi.com\/bus-from-marrakech-to-ouarzazate-bus-tickets-route-schedule-fare\/"},"modified":"2022-01-30T19:39:36","modified_gmt":"2022-01-30T18:39:36","slug":"cheap-bus-tickets-from-marrakech-to-ouarzazat","status":"publish","type":"page","link":"https:\/\/tiketi.com\/fr-fr\/cheap-bus-tickets-from-marrakech-to-ouarzazat\/","title":{"rendered":"Bus de Marrakech \u00e0 Ouarzazate Billets de bus, itin\u00e9raire, horaires et tarifs"},"content":{"rendered":"<p>[wbtm-bus-search]<\/p>\n<h2>Cheap Bus Tickets from\u00a0Marrakech to Ouarzazate Online Booking<\/h2>\n<h3>Discover your travel route on web, mobile or app and book cheap bus ticket from Marrakech to Ouarzazat online now.<\/h3>\n<p>Save time and money and book cheap bus from Marrakech to Ouarzazate online now and travel Marrakech to Ouarzazat by road.\u00a0Ouarzazate is a Morocco city south High Atlas mountains, called as an entrance to the Desert of Sahara, its big Taourirt Kasbah, house to a nineteen century palace, has views over the rugged domestic landscape, which specs in several films. You can visit this city by booking a cheap bus tickets\u00a0from Marrakech to Ouarzazate online now.<\/p>\n<h2>Bus from Marrakech to Ouarzazate Bus Tickets Booking, Routes, Schedules &amp; Fares FAQs<\/h2>\n<h3>What is the affordable way to get from Marrakesh to Ouarzazate?<\/h3>\n<p>The affordable way to get bus Marrakech to Ouarzazate.\u00a0Marrakech to Ouarzazate bus fare $7 &#8211; $11 and takes 4h 29m.<\/p>\n<h3>Is there a direct bus Marrakech to Ouarzazate airport?<\/h3>\n<p>Yes, there is a direct buses from Marrakech to Ouarzazate. Services depart every 4 hours, and run every day. The journey takes about 4h 30m.<\/p>\n<h3>What is the travel distance of Marrakesh and Ouarzazate by bus?<\/h3>\n<p>The travel distance of Marrakesh and Ouarzazate by bus is 132 km.<\/p>\n<h3>Where do I take the Marrakesh to Ouarzazate bus from?<\/h3>\n<p>Cheap bus tickets from Marrakech to Ouarzazate services, bus Marrakech to Ouarzazate Supratours.<\/p>\n<h3>Fly or bus Marrakech to Ouarzazate?<\/h3>\n<p>The excellent way to get bus Marrakech to Ouarzazate timetable which takes 4h 27m and costs $7 &#8211; $11. Alternatively, you can <a href=\"https:\/\/tiketi.com\/flightst\" target=\"_blank\" rel=\"noopener\">fly<\/a>, which costs $220- $490 and takes 2h 10m.<\/p>\n<h2>Bus Tickets from\u00a0Marrakech to Ouarzazate Tips<\/h2>\n<p>Here are some of the best attractions in Ouarzazate:<\/p>\n<h3>Atlas Film Studios<\/h3>\n<p>Gladiator, Kingdom of Heaven, Babel and Cleopatra. There are all movies which have had scenes recorded all through the years at the Atlas film studios in Ouarzazate. It covers an amazing 200,000 square metres making the studios one of the biggest in the world.<\/p>\n<h3>Ait Ben Haddou<\/h3>\n<p>This fortified village \u00a0stands on a hill which from the top provides amazing 360 vistas of the Moroccan mountains and desert. The buildings are constructed using tradition North Africa methods using only earth and wood. Due to this technique of construction the village needs continuing maintenance mainly when rain is heavy.<\/p>\n<h3>Dades Valley<\/h3>\n<p>The Dades Valley is placed between the Jbel Sarhro and High Atlas mountains. With fertile soil an d the valley is house to many traditional Berber villages and the place has seen an increase in status with visitors over the last decade. A big draw for visitors are the magical landscapes accessible by snaking mountains passes around the valley.<\/p>\n","protected":false},"excerpt":{"rendered":"<p>[wbtm-bus-search] Cheap Bus Tickets from\u00a0Marrakech to Ouarzazate Online Booking Discover your travel route on web, mobile or app and book cheap bus ticket from Marrakech to Ouarzazat online now. Save time and money and book cheap bus from Marrakech to Ouarzazate online now and travel Marrakech to Ouarzazat by road.\u00a0Ouarzazate is a Morocco city south [&hellip;]<\/p>\n","protected":false},"author":1,"featured_media":13999,"parent":0,"menu_order":0,"comment_status":"open","ping_status":"closed","template":"template-home-modern.php","meta":{"footnotes":""},"class_list":["post-11632","page","type-page","status-publish","has-post-thumbnail","hentry"],"yoast_head":"<!-- This site is optimized with the Yoast SEO plugin v27.2 - https:\/\/yoast.com\/product\/yoast-seo-wordpress\/ -->\n<title>Bus from Marrakech to Ouarzazate Bus Tickets, Route, Schedule &amp; Fare<\/title>\n<meta name=\"description\" content=\"Looking for bus from Marrakech to Ouarzazate bus ticket online booking app, fare &amp; schedule? Book cheap bus tickets from Marrakech to Ouarzazate\" \/>\n<meta name=\"robots\" content=\"index, follow, max-snippet:-1, max-image-preview:large, max-video-preview:-1\" \/>\n<link rel=\"canonical\" href=\"https:\/\/tiketi.com\/fr-fr\/cheap-bus-tickets-from-marrakech-to-ouarzazat\/\" \/>\n<meta property=\"og:locale\" content=\"fr_FR\" \/>\n<meta property=\"og:type\" content=\"article\" \/>\n<meta property=\"og:title\" content=\"Bus from Marrakech to Ouarzazate Bus Tickets, Route, Schedule &amp; Fare\" \/>\n<meta property=\"og:description\" content=\"Looking for bus from Marrakech to Ouarzazate bus ticket online booking app, fare &amp; schedule? Book cheap bus tickets from Marrakech to Ouarzazate\" \/>\n<meta property=\"og:url\" content=\"https:\/\/tiketi.com\/fr-fr\/cheap-bus-tickets-from-marrakech-to-ouarzazat\/\" \/>\n<meta property=\"og:site_name\" content=\"Tiketi.com\" \/>\n<meta property=\"article:publisher\" content=\"https:\/\/www.facebook.com\/TiketiCom\/\" \/>\n<meta property=\"article:modified_time\" content=\"2022-01-30T18:39:36+00:00\" \/>\n<meta property=\"og:image\" content=\"https:\/\/tiketi.com\/wp-content\/uploads\/2022\/01\/bus-ticket-online-booking.jpg\" \/>\n\t<meta property=\"og:image:width\" content=\"1200\" \/>\n\t<meta property=\"og:image:height\" content=\"206\" \/>\n\t<meta property=\"og:image:type\" content=\"image\/jpeg\" \/>\n<meta name=\"twitter:card\" content=\"summary_large_image\" \/>\n<meta name=\"twitter:label1\" content=\"Dur\u00e9e de lecture estim\u00e9e\" \/>\n\t<meta name=\"twitter:data1\" content=\"2 minutes\" \/>\n<script type=\"application\/ld+json\" class=\"yoast-schema-graph\">{\"@context\":\"https:\/\/schema.org\",\"@graph\":[{\"@type\":\"WebPage\",\"@id\":\"https:\/\/tiketi.com\/fr-fr\/cheap-bus-tickets-from-marrakech-to-ouarzazat\/\",\"url\":\"https:\/\/tiketi.com\/fr-fr\/cheap-bus-tickets-from-marrakech-to-ouarzazat\/\",\"name\":\"Bus from Marrakech to Ouarzazate Bus Tickets, Route, Schedule & Fare\",\"isPartOf\":{\"@id\":\"https:\/\/tiketi.com\/#website\"},\"primaryImageOfPage\":{\"@id\":\"https:\/\/tiketi.com\/fr-fr\/cheap-bus-tickets-from-marrakech-to-ouarzazat\/#primaryimage\"},\"image\":{\"@id\":\"https:\/\/tiketi.com\/fr-fr\/cheap-bus-tickets-from-marrakech-to-ouarzazat\/#primaryimage\"},\"thumbnailUrl\":\"https:\/\/tiketi.com\/wp-content\/uploads\/2022\/01\/bus-ticket-online-booking.jpg\",\"datePublished\":\"2022-01-19T11:55:00+00:00\",\"dateModified\":\"2022-01-30T18:39:36+00:00\",\"description\":\"Looking for bus from Marrakech to Ouarzazate bus ticket online booking app, fare & schedule? Book cheap bus tickets from Marrakech to Ouarzazate\",\"breadcrumb\":{\"@id\":\"https:\/\/tiketi.com\/fr-fr\/cheap-bus-tickets-from-marrakech-to-ouarzazat\/#breadcrumb\"},\"inLanguage\":\"fr-FR\",\"potentialAction\":[{\"@type\":\"ReadAction\",\"target\":[\"https:\/\/tiketi.com\/fr-fr\/cheap-bus-tickets-from-marrakech-to-ouarzazat\/\"]}]},{\"@type\":\"ImageObject\",\"inLanguage\":\"fr-FR\",\"@id\":\"https:\/\/tiketi.com\/fr-fr\/cheap-bus-tickets-from-marrakech-to-ouarzazat\/#primaryimage\",\"url\":\"https:\/\/tiketi.com\/wp-content\/uploads\/2022\/01\/bus-ticket-online-booking.jpg\",\"contentUrl\":\"https:\/\/tiketi.com\/wp-content\/uploads\/2022\/01\/bus-ticket-online-booking.jpg\",\"width\":1200,\"height\":206,\"caption\":\"Online Bus Ticket Booking\"},{\"@type\":\"BreadcrumbList\",\"@id\":\"https:\/\/tiketi.com\/fr-fr\/cheap-bus-tickets-from-marrakech-to-ouarzazat\/#breadcrumb\",\"itemListElement\":[{\"@type\":\"ListItem\",\"position\":1,\"name\":\"Home\",\"item\":\"https:\/\/tiketi.com\/\"},{\"@type\":\"ListItem\",\"position\":2,\"name\":\"Bus from Marrakech to Ouarzazate Bus Tickets, Route, Schedule &#038; Fare\"}]},{\"@type\":\"WebSite\",\"@id\":\"https:\/\/tiketi.com\/#website\",\"url\":\"https:\/\/tiketi.com\/\",\"name\":\"Flight & Bus Tickets, Tour Packages & Activitites - Tiketi.com\",\"description\":\"Flight &amp; Bus Tickets, Tours, Activitites\",\"publisher\":{\"@id\":\"https:\/\/tiketi.com\/#organization\"},\"potentialAction\":[{\"@type\":\"SearchAction\",\"target\":{\"@type\":\"EntryPoint\",\"urlTemplate\":\"https:\/\/tiketi.com\/?s={search_term_string}\"},\"query-input\":{\"@type\":\"PropertyValueSpecification\",\"valueRequired\":true,\"valueName\":\"search_term_string\"}}],\"inLanguage\":\"fr-FR\"},{\"@type\":\"Organization\",\"@id\":\"https:\/\/tiketi.com\/#organization\",\"name\":\"Tiketi.com\",\"alternateName\":\"Tiketi\",\"url\":\"https:\/\/tiketi.com\/\",\"logo\":{\"@type\":\"ImageObject\",\"inLanguage\":\"fr-FR\",\"@id\":\"https:\/\/tiketi.com\/#\/schema\/logo\/image\/\",\"url\":\"https:\/\/tiketi.com\/wp-content\/uploads\/2019\/05\/tiketi-logo-696.png\",\"contentUrl\":\"https:\/\/tiketi.com\/wp-content\/uploads\/2019\/05\/tiketi-logo-696.png\",\"width\":696,\"height\":696,\"caption\":\"Tiketi.com\"},\"image\":{\"@id\":\"https:\/\/tiketi.com\/#\/schema\/logo\/image\/\"},\"sameAs\":[\"https:\/\/www.facebook.com\/TiketiCom\/\"]}]}<\/script>\n<!-- \/ Yoast SEO plugin. -->","yoast_head_json":{"title":"Bus de Marrakech \u00e0 Ouarzazate Billets de bus, itin\u00e9raire, horaires et tarifs","description":"\u00c0 la recherche d&#039;une application de r\u00e9servation en ligne de billets de bus de Marrakech \u00e0 Ouarzazate, des tarifs et des horaires\u00a0? R\u00e9servez des billets de bus pas chers de Marrakech \u00e0 Ouarzazate","robots":{"index":"index","follow":"follow","max-snippet":"max-snippet:-1","max-image-preview":"max-image-preview:large","max-video-preview":"max-video-preview:-1"},"canonical":"https:\/\/tiketi.com\/fr-fr\/cheap-bus-tickets-from-marrakech-to-ouarzazat\/","og_locale":"fr_FR","og_type":"article","og_title":"Bus from Marrakech to Ouarzazate Bus Tickets, Route, Schedule & Fare","og_description":"Looking for bus from Marrakech to Ouarzazate bus ticket online booking app, fare & schedule? Book cheap bus tickets from Marrakech to Ouarzazate","og_url":"https:\/\/tiketi.com\/fr-fr\/cheap-bus-tickets-from-marrakech-to-ouarzazat\/","og_site_name":"Tiketi.com","article_publisher":"https:\/\/www.facebook.com\/TiketiCom\/","article_modified_time":"2022-01-30T18:39:36+00:00","og_image":[{"width":1200,"height":206,"url":"https:\/\/tiketi.com\/wp-content\/uploads\/2022\/01\/bus-ticket-online-booking.jpg","type":"image\/jpeg"}],"twitter_card":"summary_large_image","twitter_misc":{"Dur\u00e9e de lecture estim\u00e9e":"2 minutes"},"schema":{"@context":"https:\/\/schema.org","@graph":[{"@type":"WebPage","@id":"https:\/\/tiketi.com\/fr-fr\/cheap-bus-tickets-from-marrakech-to-ouarzazat\/","url":"https:\/\/tiketi.com\/fr-fr\/cheap-bus-tickets-from-marrakech-to-ouarzazat\/","name":"Bus de Marrakech \u00e0 Ouarzazate Billets de bus, itin\u00e9raire, horaires et tarifs","isPartOf":{"@id":"https:\/\/tiketi.com\/#website"},"primaryImageOfPage":{"@id":"https:\/\/tiketi.com\/fr-fr\/cheap-bus-tickets-from-marrakech-to-ouarzazat\/#primaryimage"},"image":{"@id":"https:\/\/tiketi.com\/fr-fr\/cheap-bus-tickets-from-marrakech-to-ouarzazat\/#primaryimage"},"thumbnailUrl":"https:\/\/tiketi.com\/wp-content\/uploads\/2022\/01\/bus-ticket-online-booking.jpg","datePublished":"2022-01-19T11:55:00+00:00","dateModified":"2022-01-30T18:39:36+00:00","description":"\u00c0 la recherche d&#039;une application de r\u00e9servation en ligne de billets de bus de Marrakech \u00e0 Ouarzazate, des tarifs et des horaires\u00a0? R\u00e9servez des billets de bus pas chers de Marrakech \u00e0 Ouarzazate","breadcrumb":{"@id":"https:\/\/tiketi.com\/fr-fr\/cheap-bus-tickets-from-marrakech-to-ouarzazat\/#breadcrumb"},"inLanguage":"fr-FR","potentialAction":[{"@type":"ReadAction","target":["https:\/\/tiketi.com\/fr-fr\/cheap-bus-tickets-from-marrakech-to-ouarzazat\/"]}]},{"@type":"ImageObject","inLanguage":"fr-FR","@id":"https:\/\/tiketi.com\/fr-fr\/cheap-bus-tickets-from-marrakech-to-ouarzazat\/#primaryimage","url":"https:\/\/tiketi.com\/wp-content\/uploads\/2022\/01\/bus-ticket-online-booking.jpg","contentUrl":"https:\/\/tiketi.com\/wp-content\/uploads\/2022\/01\/bus-ticket-online-booking.jpg","width":1200,"height":206,"caption":"Online Bus Ticket Booking"},{"@type":"BreadcrumbList","@id":"https:\/\/tiketi.com\/fr-fr\/cheap-bus-tickets-from-marrakech-to-ouarzazat\/#breadcrumb","itemListElement":[{"@type":"ListItem","position":1,"name":"Home","item":"https:\/\/tiketi.com\/"},{"@type":"ListItem","position":2,"name":"Bus from Marrakech to Ouarzazate Bus Tickets, Route, Schedule &#038; Fare"}]},{"@type":"WebSite","@id":"https:\/\/tiketi.com\/#website","url":"https:\/\/tiketi.com\/","name":"Billets d&#039;avion et de bus, forfaits touristiques et activit\u00e9s - Tiketi.com","description":"Billets d&#039;avion et de bus, Tours, Activit\u00e9s","publisher":{"@id":"https:\/\/tiketi.com\/#organization"},"potentialAction":[{"@type":"SearchAction","target":{"@type":"EntryPoint","urlTemplate":"https:\/\/tiketi.com\/?s={search_term_string}"},"query-input":{"@type":"PropertyValueSpecification","valueRequired":true,"valueName":"search_term_string"}}],"inLanguage":"fr-FR"},{"@type":"Organization","@id":"https:\/\/tiketi.com\/#organization","name":"Tiketi.com","alternateName":"Tiketi","url":"https:\/\/tiketi.com\/","logo":{"@type":"ImageObject","inLanguage":"fr-FR","@id":"https:\/\/tiketi.com\/#\/schema\/logo\/image\/","url":"https:\/\/tiketi.com\/wp-content\/uploads\/2019\/05\/tiketi-logo-696.png","contentUrl":"https:\/\/tiketi.com\/wp-content\/uploads\/2019\/05\/tiketi-logo-696.png","width":696,"height":696,"caption":"Tiketi.com"},"image":{"@id":"https:\/\/tiketi.com\/#\/schema\/logo\/image\/"},"sameAs":["https:\/\/www.facebook.com\/TiketiCom\/"]}]}},"_links":{"self":[{"href":"https:\/\/tiketi.com\/fr-fr\/wp-json\/wp\/v2\/pages\/11632","targetHints":{"allow":["GET"]}}],"collection":[{"href":"https:\/\/tiketi.com\/fr-fr\/wp-json\/wp\/v2\/pages"}],"about":[{"href":"https:\/\/tiketi.com\/fr-fr\/wp-json\/wp\/v2\/types\/page"}],"author":[{"embeddable":true,"href":"https:\/\/tiketi.com\/fr-fr\/wp-json\/wp\/v2\/users\/1"}],"replies":[{"embeddable":true,"href":"https:\/\/tiketi.com\/fr-fr\/wp-json\/wp\/v2\/comments?post=11632"}],"version-history":[{"count":0,"href":"https:\/\/tiketi.com\/fr-fr\/wp-json\/wp\/v2\/pages\/11632\/revisions"}],"wp:featuredmedia":[{"embeddable":true,"href":"https:\/\/tiketi.com\/fr-fr\/wp-json\/wp\/v2\/media\/13999"}],"wp:attachment":[{"href":"https:\/\/tiketi.com\/fr-fr\/wp-json\/wp\/v2\/media?parent=11632"}],"curies":[{"name":"wp","href":"https:\/\/api.w.org\/{rel}","templated":true}]}}