{"id":11635,"date":"2022-01-19T12:55:00","date_gmt":"2022-01-19T11:55:00","guid":{"rendered":"https:\/\/new.tiketi.com\/bus-from-fes-to-chefchaouen-bus-tickets-route-schedule-fare\/"},"modified":"2022-01-28T10:47:13","modified_gmt":"2022-01-28T09:47:13","slug":"cheap-bus-tickets-from-fes-to-chefchaouen","status":"publish","type":"page","link":"https:\/\/tiketi.com\/fr-fr\/cheap-bus-tickets-from-fes-to-chefchaouen\/","title":{"rendered":"Bus de F\u00e8s \u00e0 Chefchaouen Billets de bus, itin\u00e9raire, horaires et tarifs"},"content":{"rendered":"<h2>Billets de bus pas chers de F\u00e8s \u00e0 Chefchaouen R\u00e9servation en ligne<\/h2>\n<h3>D\u00e9couvrez votre itin\u00e9raire de voyage sur le web, le mobile ou l&#039;application et r\u00e9servez un bus pas cher de Fes \u00e0 Chefchaouen en ligne d\u00e8s maintenant.<\/h3>\n<p>Comparez et r\u00e9servez des billets de bus de F\u00e8s \u00e0 Chefchaouen pas chers en ligne et voyagez de F\u00e8s \u00e0 Chefchaouen par la route. Chaouen, ou Chefchaouen, est une ville des montagnes du Rif au nord-ouest du Maroc. Il est c\u00e9l\u00e8bre pour les impressionnants b\u00e2timents blanchis \u00e0 la chaux de sa ville traditionnelle. Vous pouvez visiter Chefchaouen en r\u00e9servant en ligne d\u00e8s maintenant des billets de bus pas chers de F\u00e8s \u00e0 Chefchaouen.<\/p>\n<h2>Bus de F\u00e8s \u00e0 Chefchaouen R\u00e9servation de billets de bus, itin\u00e9raires, horaires et tarifs FAQs<\/h2>\n<h3>Le bus Fes-Chefchaouen est-il le moyen le plus \u00e9conomique de se rendre \u00e0 Chefchaouen ?<\/h3>\n<p>Le moyen abordable de se rendre de F\u00e8s \u00e0 Chefchaouen en bus. Les billets de bus pas chers de Fes \u00e0 Chefchaouen co\u00fbtent $11 \u2013 $17 et dure 4h 15m.<\/p>\n<h3>Quelle est la distance entre F\u00e8s et Chefchaouen en bus ?<\/h3>\n<p>La distance entre F\u00e8s et Chefchaouen en bus est de 131 km.<\/p>\n<h3>Comment se d\u00e9placer de F\u00e8s \u00e0 Chefchaouen sans voiture ?<\/h3>\n<p>Le meilleur moyen d&#039;obtenir des bus pas chers de F\u00e8s \u00e0 Chefchaouen, dure 4h 15m et co\u00fbte $11 \u2013 $17.<\/p>\n<h3>Puis-je conduire seul ou prendre le bus de F\u00e8s \u00e0 Chefchaouen ?<\/h3>\n<p>Oui, la distance entre F\u00e8s et Chefchaouen par la route est de 206 km. Il faut un bus Fes \u00e0 l&#039;a\u00e9roport de Chefchaouen 3h 35m pour conduire de Fes \u00e0 Chefchaouen.<\/p>\n<h2>Billets de bus de F\u00e8s \u00e0 Chefchaouen<\/h2>\n<p>Voici quelques-unes des meilleures attractions :<\/p>\n<h3>Mus\u00e9e de la Casbah<\/h3>\n<p>Au c\u0153ur de la m\u00e9dina se trouvent les charmants jardins andalous, qui se dressent comme une oasis de verdure paisible compl\u00e9tant la nourriture relaxante de bleu qui caract\u00e9rise la ville. Dans ces stands de jardin du mus\u00e9e ethnographique, appel\u00e9 mus\u00e9e de la Kasbah, qui invite les visiteurs \u00e0 profiter de son ensemble in\u00e9gal\u00e9 d&#039;artefacts qui raconte l&#039;histoire de la r\u00e9gion de Chefchaouen, avec tout, des instruments de musique aux poteries.<\/p>\n<h3>Grande mosqu\u00e9e<\/h3>\n<p>G\u00e9n\u00e9ralement le point de mire des visites touristiques, sans surprise compte tenu de l&#039;importance des mosqu\u00e9es dans la culture marocaine, la Grande Mosqu\u00e9e de Chefchaouen est c\u00e9l\u00e8bre aupr\u00e8s des visiteurs, peut-\u00eatre gr\u00e2ce \u00e0 son minaret octogonal sp\u00e9cial. Les charmants \u00e9chos de l&#039;appel \u00e0 la pri\u00e8re qui retentissent 5 fois par jour cr\u00e9ent une atmosph\u00e8re \u00e9tonnante, et l&#039;architecture remarquable qui remonte au XVe si\u00e8cle est magnifique.<\/p>\n<h3>Ras el Ma<\/h3>\n<p>Traduit par t\u00eate d&#039;eau, c&#039;est le niveau auquel l&#039;eau douce de la montagne s&#039;\u00e9coule dans la ville et s&#039;av\u00e8re un lieu de rassemblement c\u00e9l\u00e8bre pour les habitants. Un substitut aux grandes chutes d&#039;eau \u00e9loign\u00e9es des montagnes, ces chutes rafra\u00eechissantes sont excellentes \u00e0 la fois pour \u00e9chapper \u00e0 la chaleur et pour avoir un autre aper\u00e7u de la vie quotidienne standard, les habitants se combinent ici pour laver leurs v\u00eatements et simplement passer un moment convivial.<\/p>","protected":false},"excerpt":{"rendered":"<p>Cheap Bus Tickets from&nbsp;Fes to Chefchaouen Online Booking Discover your travel route on web, mobile or app and book cheap bus Fes to Chefchaouen online now. Compare and&nbsp;book cheap bus&nbsp;from Fes to Chefchaouen tickets online and travel Fes to Chefchaouen by road. Chaouen, or Chefchaouen, is a city in the Rif Mountains of Morocco northwest. [&hellip;]<\/p>\n","protected":false},"author":1,"featured_media":13999,"parent":0,"menu_order":0,"comment_status":"open","ping_status":"closed","template":"template-home-modern.php","meta":{"footnotes":""},"class_list":["post-11635","page","type-page","status-publish","has-post-thumbnail","hentry"],"yoast_head":"<!-- This site is optimized with the Yoast SEO plugin v27.3 - https:\/\/yoast.com\/product\/yoast-seo-wordpress\/ -->\n<title>Bus from Fes to Chefchaouen Bus Tickets, Route, Schedule &amp; Fare<\/title>\n<meta name=\"description\" content=\"Looking for bus from Fes to Chefchaouen bus ticket online booking app, fare &amp; schedule? Book cheap bus tickets from Fes to Chefchaouen online\" \/>\n<meta name=\"robots\" content=\"index, follow, max-snippet:-1, max-image-preview:large, max-video-preview:-1\" \/>\n<link rel=\"canonical\" href=\"https:\/\/tiketi.com\/fr-fr\/cheap-bus-tickets-from-fes-to-chefchaouen\/\" \/>\n<meta property=\"og:locale\" content=\"fr_FR\" \/>\n<meta property=\"og:type\" content=\"article\" \/>\n<meta property=\"og:title\" content=\"Bus from Fes to Chefchaouen Bus Tickets, Route, Schedule &amp; Fare\" \/>\n<meta property=\"og:description\" content=\"Looking for bus from Fes to Chefchaouen bus ticket online booking app, fare &amp; schedule? Book cheap bus tickets from Fes to Chefchaouen online\" \/>\n<meta property=\"og:url\" content=\"https:\/\/tiketi.com\/fr-fr\/cheap-bus-tickets-from-fes-to-chefchaouen\/\" \/>\n<meta property=\"og:site_name\" content=\"Tiketi.com\" \/>\n<meta property=\"article:publisher\" content=\"https:\/\/www.facebook.com\/TiketiCom\/\" \/>\n<meta property=\"article:modified_time\" content=\"2022-01-28T09:47:13+00:00\" \/>\n<meta property=\"og:image\" content=\"https:\/\/tiketi.com\/wp-content\/uploads\/2022\/01\/bus-ticket-online-booking.jpg\" \/>\n\t<meta property=\"og:image:width\" content=\"1200\" \/>\n\t<meta property=\"og:image:height\" content=\"206\" \/>\n\t<meta property=\"og:image:type\" content=\"image\/jpeg\" \/>\n<meta name=\"twitter:card\" content=\"summary_large_image\" \/>\n<meta name=\"twitter:label1\" content=\"Dur\u00e9e de lecture estim\u00e9e\" \/>\n\t<meta name=\"twitter:data1\" content=\"2 minutes\" \/>\n<script type=\"application\/ld+json\" class=\"yoast-schema-graph\">{\"@context\":\"https:\\\/\\\/schema.org\",\"@graph\":[{\"@type\":\"WebPage\",\"@id\":\"https:\\\/\\\/tiketi.com\\\/cheap-bus-tickets-from-fes-to-chefchaouen\\\/\",\"url\":\"https:\\\/\\\/tiketi.com\\\/cheap-bus-tickets-from-fes-to-chefchaouen\\\/\",\"name\":\"Bus from Fes to Chefchaouen Bus Tickets, Route, Schedule & Fare\",\"isPartOf\":{\"@id\":\"https:\\\/\\\/tiketi.com\\\/#website\"},\"primaryImageOfPage\":{\"@id\":\"https:\\\/\\\/tiketi.com\\\/cheap-bus-tickets-from-fes-to-chefchaouen\\\/#primaryimage\"},\"image\":{\"@id\":\"https:\\\/\\\/tiketi.com\\\/cheap-bus-tickets-from-fes-to-chefchaouen\\\/#primaryimage\"},\"thumbnailUrl\":\"https:\\\/\\\/tiketi.com\\\/wp-content\\\/uploads\\\/2022\\\/01\\\/bus-ticket-online-booking.jpg\",\"datePublished\":\"2022-01-19T11:55:00+00:00\",\"dateModified\":\"2022-01-28T09:47:13+00:00\",\"description\":\"Looking for bus from Fes to Chefchaouen bus ticket online booking app, fare & schedule? Book cheap bus tickets from Fes to Chefchaouen online\",\"breadcrumb\":{\"@id\":\"https:\\\/\\\/tiketi.com\\\/cheap-bus-tickets-from-fes-to-chefchaouen\\\/#breadcrumb\"},\"inLanguage\":\"fr-FR\",\"potentialAction\":[{\"@type\":\"ReadAction\",\"target\":[\"https:\\\/\\\/tiketi.com\\\/cheap-bus-tickets-from-fes-to-chefchaouen\\\/\"]}]},{\"@type\":\"ImageObject\",\"inLanguage\":\"fr-FR\",\"@id\":\"https:\\\/\\\/tiketi.com\\\/cheap-bus-tickets-from-fes-to-chefchaouen\\\/#primaryimage\",\"url\":\"https:\\\/\\\/tiketi.com\\\/wp-content\\\/uploads\\\/2022\\\/01\\\/bus-ticket-online-booking.jpg\",\"contentUrl\":\"https:\\\/\\\/tiketi.com\\\/wp-content\\\/uploads\\\/2022\\\/01\\\/bus-ticket-online-booking.jpg\",\"width\":1200,\"height\":206,\"caption\":\"Online Bus Ticket Booking\"},{\"@type\":\"BreadcrumbList\",\"@id\":\"https:\\\/\\\/tiketi.com\\\/cheap-bus-tickets-from-fes-to-chefchaouen\\\/#breadcrumb\",\"itemListElement\":[{\"@type\":\"ListItem\",\"position\":1,\"name\":\"Home\",\"item\":\"https:\\\/\\\/tiketi.com\\\/\"},{\"@type\":\"ListItem\",\"position\":2,\"name\":\"Bus from Fes to Chefchaouen Bus Tickets, Route, Schedule &#038; Fare\"}]},{\"@type\":\"WebSite\",\"@id\":\"https:\\\/\\\/tiketi.com\\\/#website\",\"url\":\"https:\\\/\\\/tiketi.com\\\/\",\"name\":\"Flight & Bus Tickets, Tour Packages & Activitites - Tiketi.com\",\"description\":\"Flight &amp; Bus Tickets, Tours, Activitites\",\"publisher\":{\"@id\":\"https:\\\/\\\/tiketi.com\\\/#organization\"},\"potentialAction\":[{\"@type\":\"SearchAction\",\"target\":{\"@type\":\"EntryPoint\",\"urlTemplate\":\"https:\\\/\\\/tiketi.com\\\/?s={search_term_string}\"},\"query-input\":{\"@type\":\"PropertyValueSpecification\",\"valueRequired\":true,\"valueName\":\"search_term_string\"}}],\"inLanguage\":\"fr-FR\"},{\"@type\":\"Organization\",\"@id\":\"https:\\\/\\\/tiketi.com\\\/#organization\",\"name\":\"Tiketi.com\",\"alternateName\":\"Tiketi\",\"url\":\"https:\\\/\\\/tiketi.com\\\/\",\"logo\":{\"@type\":\"ImageObject\",\"inLanguage\":\"fr-FR\",\"@id\":\"https:\\\/\\\/tiketi.com\\\/#\\\/schema\\\/logo\\\/image\\\/\",\"url\":\"https:\\\/\\\/tiketi.com\\\/wp-content\\\/uploads\\\/2019\\\/05\\\/tiketi-logo-696.png\",\"contentUrl\":\"https:\\\/\\\/tiketi.com\\\/wp-content\\\/uploads\\\/2019\\\/05\\\/tiketi-logo-696.png\",\"width\":696,\"height\":696,\"caption\":\"Tiketi.com\"},\"image\":{\"@id\":\"https:\\\/\\\/tiketi.com\\\/#\\\/schema\\\/logo\\\/image\\\/\"},\"sameAs\":[\"https:\\\/\\\/www.facebook.com\\\/TiketiCom\\\/\"]}]}<\/script>\n<!-- \/ Yoast SEO plugin. -->","yoast_head_json":{"title":"Bus de F\u00e8s \u00e0 Chefchaouen Billets de bus, itin\u00e9raire, horaires et tarifs","description":"\u00c0 la recherche d&#039;une application de r\u00e9servation en ligne de billets de bus de Fes \u00e0 Chefchaouen, des tarifs et des horaires\u00a0? R\u00e9servez en ligne des billets de bus \u00e0 bas prix de F\u00e8s \u00e0 Chefchaouen","robots":{"index":"index","follow":"follow","max-snippet":"max-snippet:-1","max-image-preview":"max-image-preview:large","max-video-preview":"max-video-preview:-1"},"canonical":"https:\/\/tiketi.com\/fr-fr\/cheap-bus-tickets-from-fes-to-chefchaouen\/","og_locale":"fr_FR","og_type":"article","og_title":"Bus from Fes to Chefchaouen Bus Tickets, Route, Schedule & Fare","og_description":"Looking for bus from Fes to Chefchaouen bus ticket online booking app, fare & schedule? Book cheap bus tickets from Fes to Chefchaouen online","og_url":"https:\/\/tiketi.com\/fr-fr\/cheap-bus-tickets-from-fes-to-chefchaouen\/","og_site_name":"Tiketi.com","article_publisher":"https:\/\/www.facebook.com\/TiketiCom\/","article_modified_time":"2022-01-28T09:47:13+00:00","og_image":[{"width":1200,"height":206,"url":"https:\/\/tiketi.com\/wp-content\/uploads\/2022\/01\/bus-ticket-online-booking.jpg","type":"image\/jpeg"}],"twitter_card":"summary_large_image","twitter_misc":{"Dur\u00e9e de lecture estim\u00e9e":"2 minutes"},"schema":{"@context":"https:\/\/schema.org","@graph":[{"@type":"WebPage","@id":"https:\/\/tiketi.com\/cheap-bus-tickets-from-fes-to-chefchaouen\/","url":"https:\/\/tiketi.com\/cheap-bus-tickets-from-fes-to-chefchaouen\/","name":"Bus de F\u00e8s \u00e0 Chefchaouen Billets de bus, itin\u00e9raire, horaires et tarifs","isPartOf":{"@id":"https:\/\/tiketi.com\/#website"},"primaryImageOfPage":{"@id":"https:\/\/tiketi.com\/cheap-bus-tickets-from-fes-to-chefchaouen\/#primaryimage"},"image":{"@id":"https:\/\/tiketi.com\/cheap-bus-tickets-from-fes-to-chefchaouen\/#primaryimage"},"thumbnailUrl":"https:\/\/tiketi.com\/wp-content\/uploads\/2022\/01\/bus-ticket-online-booking.jpg","datePublished":"2022-01-19T11:55:00+00:00","dateModified":"2022-01-28T09:47:13+00:00","description":"\u00c0 la recherche d&#039;une application de r\u00e9servation en ligne de billets de bus de Fes \u00e0 Chefchaouen, des tarifs et des horaires\u00a0? R\u00e9servez en ligne des billets de bus \u00e0 bas prix de F\u00e8s \u00e0 Chefchaouen","breadcrumb":{"@id":"https:\/\/tiketi.com\/cheap-bus-tickets-from-fes-to-chefchaouen\/#breadcrumb"},"inLanguage":"fr-FR","potentialAction":[{"@type":"ReadAction","target":["https:\/\/tiketi.com\/cheap-bus-tickets-from-fes-to-chefchaouen\/"]}]},{"@type":"ImageObject","inLanguage":"fr-FR","@id":"https:\/\/tiketi.com\/cheap-bus-tickets-from-fes-to-chefchaouen\/#primaryimage","url":"https:\/\/tiketi.com\/wp-content\/uploads\/2022\/01\/bus-ticket-online-booking.jpg","contentUrl":"https:\/\/tiketi.com\/wp-content\/uploads\/2022\/01\/bus-ticket-online-booking.jpg","width":1200,"height":206,"caption":"Online Bus Ticket Booking"},{"@type":"BreadcrumbList","@id":"https:\/\/tiketi.com\/cheap-bus-tickets-from-fes-to-chefchaouen\/#breadcrumb","itemListElement":[{"@type":"ListItem","position":1,"name":"Home","item":"https:\/\/tiketi.com\/"},{"@type":"ListItem","position":2,"name":"Bus from Fes to Chefchaouen Bus Tickets, Route, Schedule &#038; Fare"}]},{"@type":"WebSite","@id":"https:\/\/tiketi.com\/#website","url":"https:\/\/tiketi.com\/","name":"Billets d&#039;avion et de bus, forfaits touristiques et activit\u00e9s - Tiketi.com","description":"Billets d&#039;avion et de bus, Tours, Activit\u00e9s","publisher":{"@id":"https:\/\/tiketi.com\/#organization"},"potentialAction":[{"@type":"SearchAction","target":{"@type":"EntryPoint","urlTemplate":"https:\/\/tiketi.com\/?s={search_term_string}"},"query-input":{"@type":"PropertyValueSpecification","valueRequired":true,"valueName":"search_term_string"}}],"inLanguage":"fr-FR"},{"@type":"Organization","@id":"https:\/\/tiketi.com\/#organization","name":"Tiketi.com","alternateName":"Tiketi","url":"https:\/\/tiketi.com\/","logo":{"@type":"ImageObject","inLanguage":"fr-FR","@id":"https:\/\/tiketi.com\/#\/schema\/logo\/image\/","url":"https:\/\/tiketi.com\/wp-content\/uploads\/2019\/05\/tiketi-logo-696.png","contentUrl":"https:\/\/tiketi.com\/wp-content\/uploads\/2019\/05\/tiketi-logo-696.png","width":696,"height":696,"caption":"Tiketi.com"},"image":{"@id":"https:\/\/tiketi.com\/#\/schema\/logo\/image\/"},"sameAs":["https:\/\/www.facebook.com\/TiketiCom\/"]}]}},"_links":{"self":[{"href":"https:\/\/tiketi.com\/fr-fr\/wp-json\/wp\/v2\/pages\/11635","targetHints":{"allow":["GET"]}}],"collection":[{"href":"https:\/\/tiketi.com\/fr-fr\/wp-json\/wp\/v2\/pages"}],"about":[{"href":"https:\/\/tiketi.com\/fr-fr\/wp-json\/wp\/v2\/types\/page"}],"author":[{"embeddable":true,"href":"https:\/\/tiketi.com\/fr-fr\/wp-json\/wp\/v2\/users\/1"}],"replies":[{"embeddable":true,"href":"https:\/\/tiketi.com\/fr-fr\/wp-json\/wp\/v2\/comments?post=11635"}],"version-history":[{"count":0,"href":"https:\/\/tiketi.com\/fr-fr\/wp-json\/wp\/v2\/pages\/11635\/revisions"}],"wp:featuredmedia":[{"embeddable":true,"href":"https:\/\/tiketi.com\/fr-fr\/wp-json\/wp\/v2\/media\/13999"}],"wp:attachment":[{"href":"https:\/\/tiketi.com\/fr-fr\/wp-json\/wp\/v2\/media?parent=11635"}],"curies":[{"name":"wp","href":"https:\/\/api.w.org\/{rel}","templated":true}]}}