{"id":11636,"date":"2022-01-19T12:55:00","date_gmt":"2022-01-19T11:55:00","guid":{"rendered":"https:\/\/new.tiketi.com\/bus-from-casablanca-to-chefchaouen-bus-tickets-route-schedule-fare\/"},"modified":"2022-01-27T12:39:56","modified_gmt":"2022-01-27T11:39:56","slug":"bus-tickets-from-casablanca-to-chefchaouen","status":"publish","type":"page","link":"https:\/\/tiketi.com\/fr-fr\/bus-tickets-from-casablanca-to-chefchaouen\/","title":{"rendered":"Bus de Casablanca \u00e0 Chefchaouen Billets de bus, itin\u00e9raire, horaires et tarifs"},"content":{"rendered":"<h2>Billets de bus pas chers de Casablanca \u00e0 Chefchaouen R\u00e9servation en ligne<\/h2>\n<h3>D\u00e9couvrez votre itin\u00e9raire sur le web, le mobile ou l&#039;application et r\u00e9servez en ligne maintenant un billet de bus pas cher de Casablanca \u00e0 Chefchaouen.<\/h3>\n<p>Comparez et r\u00e9servez les meilleures offres de bus pas chers de Casablanca \u00e0 Chefchaouen en ligne et voyagez Casablanca \u00e0 Chefchaouen par la route. Chefchaouen, la ville bleue du Maroc, est une ville vraiment charmante avec des murs bleus appropri\u00e9s et de magnifiques montagnes surplombant la ville de caract\u00e8re. Une ville aussi importante dans l&#039;histoire que sa beaut\u00e9, la ville a \u00e9t\u00e9 fond\u00e9e en 1471. Vous pouvez visiter cette ville en r\u00e9servant en ligne d\u00e8s maintenant un billet de bus pas cher de Casablanca \u00e0 Chefchaouen. Voici quelques-unes des meilleures attractions :<\/p>\n<h2>Bus de Casablanca \u00e0 Chefchaouen R\u00e9servation de billets de bus, itin\u00e9raires, horaires et tarifs FAQ<\/h2>\n<h3>Quel est le moyen abordable pour se rendre de Casablanca \u00e0 Chefchaouen ?<\/h3>\n<p>Le moyen abordable de se rendre de Casablanca \u00e0 Chefchaouen en bus. Casablanca \u00e0 Chefchaouen bus $11 \u2013 $17 et dure 6h 50m.<\/p>\n<h3>Y a-t-il un bus direct entre Casablanca et Chefchaouen ?<\/h3>\n<p>Oui, il y a un bus direct de Casablanca \u00e0 l&#039;a\u00e9roport de Chefchaouen. Les services partent un par jour, et circulent chaque jour. Le trajet dure environ 6h 50m.<\/p>\n<h3>Quelle est la distance entre Casablanca et Chefchaouen en bus ?<\/h3>\n<p>La distance entre Casablanca et Chefchaouen en bus est de 278 km.<\/p>\n<h3>O\u00f9 prendre le bus depuis Casablanca pour Chefchaouen ?<\/h3>\n<p>Billets de bus pas chers de Casablanca \u00e0 Chefchaouen services, Supratours.<\/p>\n<h3>Puis-je conduire seul ou en bus Casablanca jusqu&#039;\u00e0 Chefchaouen ?<\/h3>\n<p>Oui, la distance entre Casablanca et Chefchaouen par la route est de 341 km. Il faut environ 4h 40m pour conduire de Casablanca \u00e0 Chefchaouen.<\/p>\n<h2>Billets de bus de Casablanca \u00e0 Chefchaouen<\/h2>\n<h3>Vieille ville et M\u00e9dina<\/h3>\n<p>Le shopping dans cette merveilleuse ville bleue est l&#039;une de ses plus grandes attractions touristiques. Ce n&#039;est peut-\u00eatre pas aussi vari\u00e9 ou grandiose que dans les grandes villes de Marrakech, F\u00e8s et Casablanca, mais Chefchaouen poss\u00e8de un tr\u00e8s vieux souk fascinant. Apr\u00e8s avoir explor\u00e9 les rues bleues et labyrinthiques, pensez \u00e0 acheter des souvenirs traditionnels. Les visiteurs appr\u00e9cieront l&#039;ambiance d\u00e9contract\u00e9e difficile \u00e0 trouver dans les grandes villes, car cela signifie qu&#039;ils peuvent se promener \u00e0 loisir et encourager les articles en cuir locaux pour lesquels Chefchaouen est c\u00e9l\u00e8bre.<\/p>\n<h3>Cascades d&#039;Akchour<\/h3>\n<p>Au-del\u00e0 des rues bleues, il y a un magnifique paysage naturel \u00e9poustouflant qui entoure la ville. A une trentaine de minutes en bus du centre-ville se trouve un sentier de visite all\u00e9chant qui, apr\u00e8s une charmante promenade, conduit les visiteurs \u00e0 d&#039;\u00e9tonnantes cascades. Les eaux cristallines sont en harmonie avec le th\u00e8me bleu de la ville et les visiteurs peuvent se baigner dans les bassins rocheux ou admirer les magnifiques cascades.<\/p>","protected":false},"excerpt":{"rendered":"<p>Cheap Bus Tickets from\u00a0Casablanca to Chefchaouen Online Booking Discover your travel route on web, mobile or app and book cheap bus ticket from Casablanca to Chefchaouen online now. Compare and\u00a0book the best deals\u00a0on cheap bus from Casablanca to Chefchaouen online and travel Casablanca to Chefchaouen by road.\u00a0Chefchaouen, Morocco&#8217;s blue city, is a really charming town [&hellip;]<\/p>\n","protected":false},"author":1,"featured_media":13999,"parent":0,"menu_order":0,"comment_status":"open","ping_status":"closed","template":"template-home-modern.php","meta":{"footnotes":""},"class_list":["post-11636","page","type-page","status-publish","has-post-thumbnail","hentry"],"yoast_head":"<!-- This site is optimized with the Yoast SEO plugin v27.2 - https:\/\/yoast.com\/product\/yoast-seo-wordpress\/ -->\n<title>Bus from Casablanca to Chefchaouen Bus Tickets, Route &amp; Fare<\/title>\n<meta name=\"description\" content=\"Looking for bus from Casablanca to Chefchaouen bus ticket online booking app, fare &amp; schedule? Book cheap bus tickets from Casablanca to Chefchaouen online\" \/>\n<meta name=\"robots\" content=\"index, follow, max-snippet:-1, max-image-preview:large, max-video-preview:-1\" \/>\n<link rel=\"canonical\" href=\"https:\/\/tiketi.com\/fr-fr\/bus-tickets-from-casablanca-to-chefchaouen\/\" \/>\n<meta property=\"og:locale\" content=\"fr_FR\" \/>\n<meta property=\"og:type\" content=\"article\" \/>\n<meta property=\"og:title\" content=\"Bus from Casablanca to Chefchaouen Bus Tickets, Route &amp; Fare\" \/>\n<meta property=\"og:description\" content=\"Looking for bus from Casablanca to Chefchaouen bus ticket online booking app, fare &amp; schedule? Book cheap bus tickets from Casablanca to Chefchaouen online\" \/>\n<meta property=\"og:url\" content=\"https:\/\/tiketi.com\/fr-fr\/bus-tickets-from-casablanca-to-chefchaouen\/\" \/>\n<meta property=\"og:site_name\" content=\"Tiketi.com\" \/>\n<meta property=\"article:publisher\" content=\"https:\/\/www.facebook.com\/TiketiCom\/\" \/>\n<meta property=\"article:modified_time\" content=\"2022-01-27T11:39:56+00:00\" \/>\n<meta property=\"og:image\" content=\"https:\/\/tiketi.com\/wp-content\/uploads\/2022\/01\/bus-ticket-online-booking.jpg\" \/>\n\t<meta property=\"og:image:width\" content=\"1200\" \/>\n\t<meta property=\"og:image:height\" content=\"206\" \/>\n\t<meta property=\"og:image:type\" content=\"image\/jpeg\" \/>\n<meta name=\"twitter:card\" content=\"summary_large_image\" \/>\n<meta name=\"twitter:label1\" content=\"Dur\u00e9e de lecture estim\u00e9e\" \/>\n\t<meta name=\"twitter:data1\" content=\"2 minutes\" \/>\n<script type=\"application\/ld+json\" class=\"yoast-schema-graph\">{\"@context\":\"https:\/\/schema.org\",\"@graph\":[{\"@type\":\"WebPage\",\"@id\":\"https:\/\/tiketi.com\/sw\/bus-tickets-from-casablanca-to-chefchaouen\/\",\"url\":\"https:\/\/tiketi.com\/sw\/bus-tickets-from-casablanca-to-chefchaouen\/\",\"name\":\"Bus from Casablanca to Chefchaouen Bus Tickets, Route & Fare\",\"isPartOf\":{\"@id\":\"https:\/\/tiketi.com\/#website\"},\"primaryImageOfPage\":{\"@id\":\"https:\/\/tiketi.com\/sw\/bus-tickets-from-casablanca-to-chefchaouen\/#primaryimage\"},\"image\":{\"@id\":\"https:\/\/tiketi.com\/sw\/bus-tickets-from-casablanca-to-chefchaouen\/#primaryimage\"},\"thumbnailUrl\":\"https:\/\/tiketi.com\/wp-content\/uploads\/2022\/01\/bus-ticket-online-booking.jpg\",\"datePublished\":\"2022-01-19T11:55:00+00:00\",\"dateModified\":\"2022-01-27T11:39:56+00:00\",\"description\":\"Looking for bus from Casablanca to Chefchaouen bus ticket online booking app, fare & schedule? Book cheap bus tickets from Casablanca to Chefchaouen online\",\"breadcrumb\":{\"@id\":\"https:\/\/tiketi.com\/sw\/bus-tickets-from-casablanca-to-chefchaouen\/#breadcrumb\"},\"inLanguage\":\"fr-FR\",\"potentialAction\":[{\"@type\":\"ReadAction\",\"target\":[\"https:\/\/tiketi.com\/sw\/bus-tickets-from-casablanca-to-chefchaouen\/\"]}]},{\"@type\":\"ImageObject\",\"inLanguage\":\"fr-FR\",\"@id\":\"https:\/\/tiketi.com\/sw\/bus-tickets-from-casablanca-to-chefchaouen\/#primaryimage\",\"url\":\"https:\/\/tiketi.com\/wp-content\/uploads\/2022\/01\/bus-ticket-online-booking.jpg\",\"contentUrl\":\"https:\/\/tiketi.com\/wp-content\/uploads\/2022\/01\/bus-ticket-online-booking.jpg\",\"width\":1200,\"height\":206,\"caption\":\"Online Bus Ticket Booking\"},{\"@type\":\"BreadcrumbList\",\"@id\":\"https:\/\/tiketi.com\/sw\/bus-tickets-from-casablanca-to-chefchaouen\/#breadcrumb\",\"itemListElement\":[{\"@type\":\"ListItem\",\"position\":1,\"name\":\"Home\",\"item\":\"https:\/\/tiketi.com\/\"},{\"@type\":\"ListItem\",\"position\":2,\"name\":\"Bus from Casablanca to Chefchaouen Bus Tickets, Route, Schedule &#038; Fare\"}]},{\"@type\":\"WebSite\",\"@id\":\"https:\/\/tiketi.com\/#website\",\"url\":\"https:\/\/tiketi.com\/\",\"name\":\"Flight & Bus Tickets, Tour Packages & Activitites - Tiketi.com\",\"description\":\"Flight &amp; Bus Tickets, Tours, Activitites\",\"publisher\":{\"@id\":\"https:\/\/tiketi.com\/#organization\"},\"potentialAction\":[{\"@type\":\"SearchAction\",\"target\":{\"@type\":\"EntryPoint\",\"urlTemplate\":\"https:\/\/tiketi.com\/?s={search_term_string}\"},\"query-input\":{\"@type\":\"PropertyValueSpecification\",\"valueRequired\":true,\"valueName\":\"search_term_string\"}}],\"inLanguage\":\"fr-FR\"},{\"@type\":\"Organization\",\"@id\":\"https:\/\/tiketi.com\/#organization\",\"name\":\"Tiketi.com\",\"alternateName\":\"Tiketi\",\"url\":\"https:\/\/tiketi.com\/\",\"logo\":{\"@type\":\"ImageObject\",\"inLanguage\":\"fr-FR\",\"@id\":\"https:\/\/tiketi.com\/#\/schema\/logo\/image\/\",\"url\":\"https:\/\/tiketi.com\/wp-content\/uploads\/2019\/05\/tiketi-logo-696.png\",\"contentUrl\":\"https:\/\/tiketi.com\/wp-content\/uploads\/2019\/05\/tiketi-logo-696.png\",\"width\":696,\"height\":696,\"caption\":\"Tiketi.com\"},\"image\":{\"@id\":\"https:\/\/tiketi.com\/#\/schema\/logo\/image\/\"},\"sameAs\":[\"https:\/\/www.facebook.com\/TiketiCom\/\"]}]}<\/script>\n<!-- \/ Yoast SEO plugin. -->","yoast_head_json":{"title":"Bus de Casablanca \u00e0 Chefchaouen Billets de bus, itin\u00e9raire et tarif","description":"\u00c0 la recherche d&#039;une application de r\u00e9servation en ligne de billets de bus de Casablanca \u00e0 Chefchaouen, des tarifs et des horaires\u00a0? R\u00e9servez en ligne des billets de bus de Casablanca \u00e0 Chefchaouen \u00e0 petits prix","robots":{"index":"index","follow":"follow","max-snippet":"max-snippet:-1","max-image-preview":"max-image-preview:large","max-video-preview":"max-video-preview:-1"},"canonical":"https:\/\/tiketi.com\/fr-fr\/bus-tickets-from-casablanca-to-chefchaouen\/","og_locale":"fr_FR","og_type":"article","og_title":"Bus from Casablanca to Chefchaouen Bus Tickets, Route & Fare","og_description":"Looking for bus from Casablanca to Chefchaouen bus ticket online booking app, fare & schedule? Book cheap bus tickets from Casablanca to Chefchaouen online","og_url":"https:\/\/tiketi.com\/fr-fr\/bus-tickets-from-casablanca-to-chefchaouen\/","og_site_name":"Tiketi.com","article_publisher":"https:\/\/www.facebook.com\/TiketiCom\/","article_modified_time":"2022-01-27T11:39:56+00:00","og_image":[{"width":1200,"height":206,"url":"https:\/\/tiketi.com\/wp-content\/uploads\/2022\/01\/bus-ticket-online-booking.jpg","type":"image\/jpeg"}],"twitter_card":"summary_large_image","twitter_misc":{"Dur\u00e9e de lecture estim\u00e9e":"2 minutes"},"schema":{"@context":"https:\/\/schema.org","@graph":[{"@type":"WebPage","@id":"https:\/\/tiketi.com\/sw\/bus-tickets-from-casablanca-to-chefchaouen\/","url":"https:\/\/tiketi.com\/sw\/bus-tickets-from-casablanca-to-chefchaouen\/","name":"Bus de Casablanca \u00e0 Chefchaouen Billets de bus, itin\u00e9raire et tarif","isPartOf":{"@id":"https:\/\/tiketi.com\/#website"},"primaryImageOfPage":{"@id":"https:\/\/tiketi.com\/sw\/bus-tickets-from-casablanca-to-chefchaouen\/#primaryimage"},"image":{"@id":"https:\/\/tiketi.com\/sw\/bus-tickets-from-casablanca-to-chefchaouen\/#primaryimage"},"thumbnailUrl":"https:\/\/tiketi.com\/wp-content\/uploads\/2022\/01\/bus-ticket-online-booking.jpg","datePublished":"2022-01-19T11:55:00+00:00","dateModified":"2022-01-27T11:39:56+00:00","description":"\u00c0 la recherche d&#039;une application de r\u00e9servation en ligne de billets de bus de Casablanca \u00e0 Chefchaouen, des tarifs et des horaires\u00a0? R\u00e9servez en ligne des billets de bus de Casablanca \u00e0 Chefchaouen \u00e0 petits prix","breadcrumb":{"@id":"https:\/\/tiketi.com\/sw\/bus-tickets-from-casablanca-to-chefchaouen\/#breadcrumb"},"inLanguage":"fr-FR","potentialAction":[{"@type":"ReadAction","target":["https:\/\/tiketi.com\/sw\/bus-tickets-from-casablanca-to-chefchaouen\/"]}]},{"@type":"ImageObject","inLanguage":"fr-FR","@id":"https:\/\/tiketi.com\/sw\/bus-tickets-from-casablanca-to-chefchaouen\/#primaryimage","url":"https:\/\/tiketi.com\/wp-content\/uploads\/2022\/01\/bus-ticket-online-booking.jpg","contentUrl":"https:\/\/tiketi.com\/wp-content\/uploads\/2022\/01\/bus-ticket-online-booking.jpg","width":1200,"height":206,"caption":"Online Bus Ticket Booking"},{"@type":"BreadcrumbList","@id":"https:\/\/tiketi.com\/sw\/bus-tickets-from-casablanca-to-chefchaouen\/#breadcrumb","itemListElement":[{"@type":"ListItem","position":1,"name":"Home","item":"https:\/\/tiketi.com\/"},{"@type":"ListItem","position":2,"name":"Bus from Casablanca to Chefchaouen Bus Tickets, Route, Schedule &#038; Fare"}]},{"@type":"WebSite","@id":"https:\/\/tiketi.com\/#website","url":"https:\/\/tiketi.com\/","name":"Billets d&#039;avion et de bus, forfaits touristiques et activit\u00e9s - Tiketi.com","description":"Billets d&#039;avion et de bus, Tours, Activit\u00e9s","publisher":{"@id":"https:\/\/tiketi.com\/#organization"},"potentialAction":[{"@type":"SearchAction","target":{"@type":"EntryPoint","urlTemplate":"https:\/\/tiketi.com\/?s={search_term_string}"},"query-input":{"@type":"PropertyValueSpecification","valueRequired":true,"valueName":"search_term_string"}}],"inLanguage":"fr-FR"},{"@type":"Organization","@id":"https:\/\/tiketi.com\/#organization","name":"Tiketi.com","alternateName":"Tiketi","url":"https:\/\/tiketi.com\/","logo":{"@type":"ImageObject","inLanguage":"fr-FR","@id":"https:\/\/tiketi.com\/#\/schema\/logo\/image\/","url":"https:\/\/tiketi.com\/wp-content\/uploads\/2019\/05\/tiketi-logo-696.png","contentUrl":"https:\/\/tiketi.com\/wp-content\/uploads\/2019\/05\/tiketi-logo-696.png","width":696,"height":696,"caption":"Tiketi.com"},"image":{"@id":"https:\/\/tiketi.com\/#\/schema\/logo\/image\/"},"sameAs":["https:\/\/www.facebook.com\/TiketiCom\/"]}]}},"_links":{"self":[{"href":"https:\/\/tiketi.com\/fr-fr\/wp-json\/wp\/v2\/pages\/11636","targetHints":{"allow":["GET"]}}],"collection":[{"href":"https:\/\/tiketi.com\/fr-fr\/wp-json\/wp\/v2\/pages"}],"about":[{"href":"https:\/\/tiketi.com\/fr-fr\/wp-json\/wp\/v2\/types\/page"}],"author":[{"embeddable":true,"href":"https:\/\/tiketi.com\/fr-fr\/wp-json\/wp\/v2\/users\/1"}],"replies":[{"embeddable":true,"href":"https:\/\/tiketi.com\/fr-fr\/wp-json\/wp\/v2\/comments?post=11636"}],"version-history":[{"count":0,"href":"https:\/\/tiketi.com\/fr-fr\/wp-json\/wp\/v2\/pages\/11636\/revisions"}],"wp:featuredmedia":[{"embeddable":true,"href":"https:\/\/tiketi.com\/fr-fr\/wp-json\/wp\/v2\/media\/13999"}],"wp:attachment":[{"href":"https:\/\/tiketi.com\/fr-fr\/wp-json\/wp\/v2\/media?parent=11636"}],"curies":[{"name":"wp","href":"https:\/\/api.w.org\/{rel}","templated":true}]}}