{"id":11637,"date":"2022-01-19T12:55:00","date_gmt":"2022-01-19T11:55:00","guid":{"rendered":"https:\/\/new.tiketi.com\/bus-from-dodoma-to-mbeya-bus-tickets-routes-schedules-fares\/"},"modified":"2023-06-19T11:14:03","modified_gmt":"2023-06-19T10:14:03","slug":"dodoma-to-mbeya","status":"publish","type":"page","link":"https:\/\/tiketi.com\/fr-fr\/routes\/bus\/dodoma-to-mbeya\/","title":{"rendered":"Bus de Dodoma \u00e0 Mbeya Billets de bus, itin\u00e9raires, horaires et tarifs"},"content":{"rendered":"<h2>Billets de bus pas chers de Dodoma \u00e0 Mbeya R\u00e9servation en ligne<\/h2>\n<h3>D\u00e9couvrez votre itin\u00e9raire sur le web, le mobile ou l&#039;application et r\u00e9servez en ligne maintenant un billet de bus pas cher de Dodoma \u00e0 Mbeya.<\/h3>\n<p>R\u00e9servez en ligne des billets de bus pas chers de Dodoma \u00e0 Mbeya et voyagez de Dodoma \u00e0 Mbeya en bus. La r\u00e9gion de Mbeya est l&#039;une des trente r\u00e9gions administratives de Tanzanie. Il est plac\u00e9 dans le sud-ouest du pays. La capitale r\u00e9gionale est la ville de Mbeya. Vous pouvez visiter cette ville en r\u00e9servant en ligne d\u00e8s maintenant des billets de bus pas chers de Dodoma \u00e0 Mbeya.<\/p>\n<h2>Bus de Dodoma \u00e0 Mbeya R\u00e9servation de billets de bus, itin\u00e9raires, horaires et tarifs FAQs<\/h2>\n<h3>Y a-t-il un bus direct entre Dodoma et Mbeya ?<\/h3>\n<p>Non, il n&#039;y a pas de bus direct depuis Dodoma jusqu&#039;\u00e0 Mbeya. Quoi qu&#039;il en soit, il y a des services au d\u00e9part de Dodoma et arrivant \u00e0 Mbeya par Dar es Salaam. Le trajet, y compris les transferts, dure environ 23h.<\/p>\n<h3>Quelle est la distance entre Dodoma et Mbeya en bus ?<\/h3>\n<p>La distance entre Dodoma et Mbeya en bus est de 379 km.<\/p>\n<h3>O\u00f9 prendre le bus depuis Dodoma pour Mbeya ?<\/h3>\n<p>Les services de Bus de Dodoma \u00e0 Mbeya, op\u00e9r\u00e9s par Mbeya express.<\/p>\n<h3>Avion, train ou Dodoma jusqu&#039;\u00e0 Mbeya en bus ?<\/h3>\n<p>Le meilleur moyen de se rendre de Dodoma \u00e0 Mbeya est de <a href=\"https:\/\/tiketi.com\/fr-fr\/flightst\/\" target=\"_blank\" rel=\"noopener\">voler<\/a> qui dure 4h 50m et co\u00fbte $110 \u2013 $390. Sinon, vous pouvez bus, quel bus Dodoma \u00e0 Mbeya co\u00fbte $20 et dure 23h, vous pouvez \u00e9galement train, ce qui co\u00fbte $4 \u2013 $6 et dure 36h.<\/p>\n<h2>Billets de bus de Dodoma \u00e0 Mbeya Tips<\/h2>\n<p>Voici quelques-unes des c\u00e9l\u00e8bres attractions de Mbeya\u00a0:<\/p>\n<h3>Rivi\u00e8re Kiwira<\/h3>\n<p>La rivi\u00e8re Kiwira est une attraction magique par ses mythes et ses contes. Situ\u00e9e \u00e0 environ 36 kilom\u00e8tres de la ville de Mbeya pr\u00e8s de la ville de Tukuyu, la rivi\u00e8re est une attraction touristique par ses miracles que les habitants racontent \u00e0 tous les visiteurs \u00e9trangers au bord de la rivi\u00e8re.<br \/>\nLa rivi\u00e8re est c\u00e9l\u00e8bre et bien connue pour ses attractions naturelles en ajoutant la marmite l\u00e9gendaire ou Kijungu, un relief en forme de pot form\u00e9 naturellement.<\/p>\n<h3>Kijungu et Daraja la Mungu<\/h3>\n<p>Les 2 attractions (Daraja la Mungu et Kijungu) sont accessibles apr\u00e8s 2 \u00e0 3 heures de route depuis la ville de Mbeya sur l&#039;autoroute de Kyela qui bifurque vers un village connu sous le nom de Keikei juste apr\u00e8s la ville de Kiwira, une dizaine de kilom\u00e8tres le long d&#039;une route sale qui m\u00e8ne \u00e9galement \u00e0 l&#039;\u00e9cole de formation des prisons de Kiwira.<\/p>\n<h3>Colline de Marengi<\/h3>\n<p>Une grotte naturelle o\u00f9 des centaines de vaches \u00e9taient cach\u00e9es pendant les guerres tribales entre les Wanyakyusa se trouve \u00e0 proximit\u00e9 de la ville de Kiwira. Cette grotte est une attraction touristique o\u00f9 les visiteurs guid\u00e9s pourraient \u00eatre g\u00e9r\u00e9s.<br \/>\nSur le chemin de la ville frontali\u00e8re zambienne de Tunduma \u00e0 environ soixante-dix kilom\u00e8tres de la ville de Mbeya sur la colline de Marengi, vous trouverez le Mbozi Meteriorite.<\/p>","protected":false},"excerpt":{"rendered":"<p>Cheap Bus Tickets from\u00a0Dodoma to Mbeya Online Booking Discover your travel route on web, mobile or app and book cheap bus ticket from Dodoma to Mbeya online now. Do cheap bus from Dodoma to Mbeya bus tickets online booking and travel Dodoma to Mbeya by bus. Mbeya area is one of Tanzania thirty administrative regions. [&hellip;]<\/p>\n","protected":false},"author":1,"featured_media":13999,"parent":25566,"menu_order":0,"comment_status":"open","ping_status":"closed","template":"template-home-modern.php","meta":{"footnotes":""},"class_list":["post-11637","page","type-page","status-publish","has-post-thumbnail","hentry"],"yoast_head":"<!-- This site is optimized with the Yoast SEO plugin v27.3 - https:\/\/yoast.com\/product\/yoast-seo-wordpress\/ -->\n<title>Bus from Dodoma to Mbeya Bus Tickets, Schedule &amp; Fares<\/title>\n<meta name=\"description\" content=\"Looking for bus from\u00a0Dodoma to Mbeya bus ticket booking app, routes, schedules &amp; fares? Book cheap bus tickets from Dodoma to Mbeya online\" \/>\n<meta name=\"robots\" content=\"index, follow, max-snippet:-1, max-image-preview:large, max-video-preview:-1\" \/>\n<link rel=\"canonical\" href=\"https:\/\/tiketi.com\/fr-fr\/routes\/bus\/dodoma-to-mbeya\/\" \/>\n<meta property=\"og:locale\" content=\"fr_FR\" \/>\n<meta property=\"og:type\" content=\"article\" \/>\n<meta property=\"og:title\" content=\"Bus from Dodoma to Mbeya Bus Tickets, Schedule &amp; Fares\" \/>\n<meta property=\"og:description\" content=\"Looking for bus from\u00a0Dodoma to Mbeya bus ticket booking app, routes, schedules &amp; fares? Book cheap bus tickets from Dodoma to Mbeya online\" \/>\n<meta property=\"og:url\" content=\"https:\/\/tiketi.com\/fr-fr\/routes\/bus\/dodoma-to-mbeya\/\" \/>\n<meta property=\"og:site_name\" content=\"Tiketi.com\" \/>\n<meta property=\"article:publisher\" content=\"https:\/\/www.facebook.com\/TiketiCom\/\" \/>\n<meta property=\"article:modified_time\" content=\"2023-06-19T10:14:03+00:00\" \/>\n<meta property=\"og:image\" content=\"https:\/\/tiketi.com\/wp-content\/uploads\/2022\/01\/bus-ticket-online-booking.jpg\" \/>\n\t<meta property=\"og:image:width\" content=\"1200\" \/>\n\t<meta property=\"og:image:height\" content=\"206\" \/>\n\t<meta property=\"og:image:type\" content=\"image\/jpeg\" \/>\n<meta name=\"twitter:card\" content=\"summary_large_image\" \/>\n<meta name=\"twitter:label1\" content=\"Dur\u00e9e de lecture estim\u00e9e\" \/>\n\t<meta name=\"twitter:data1\" content=\"2 minutes\" \/>\n<script type=\"application\/ld+json\" class=\"yoast-schema-graph\">{\"@context\":\"https:\\\/\\\/schema.org\",\"@graph\":[{\"@type\":\"WebPage\",\"@id\":\"https:\\\/\\\/tiketi.com\\\/routes\\\/bus\\\/dodoma-to-mbeya\\\/\",\"url\":\"https:\\\/\\\/tiketi.com\\\/routes\\\/bus\\\/dodoma-to-mbeya\\\/\",\"name\":\"Bus from Dodoma to Mbeya Bus Tickets, Schedule & Fares\",\"isPartOf\":{\"@id\":\"https:\\\/\\\/tiketi.com\\\/#website\"},\"primaryImageOfPage\":{\"@id\":\"https:\\\/\\\/tiketi.com\\\/routes\\\/bus\\\/dodoma-to-mbeya\\\/#primaryimage\"},\"image\":{\"@id\":\"https:\\\/\\\/tiketi.com\\\/routes\\\/bus\\\/dodoma-to-mbeya\\\/#primaryimage\"},\"thumbnailUrl\":\"https:\\\/\\\/tiketi.com\\\/wp-content\\\/uploads\\\/2022\\\/01\\\/bus-ticket-online-booking.jpg\",\"datePublished\":\"2022-01-19T11:55:00+00:00\",\"dateModified\":\"2023-06-19T10:14:03+00:00\",\"description\":\"Looking for bus from\u00a0Dodoma to Mbeya bus ticket booking app, routes, schedules & fares? Book cheap bus tickets from Dodoma to Mbeya online\",\"breadcrumb\":{\"@id\":\"https:\\\/\\\/tiketi.com\\\/routes\\\/bus\\\/dodoma-to-mbeya\\\/#breadcrumb\"},\"inLanguage\":\"fr-FR\",\"potentialAction\":[{\"@type\":\"ReadAction\",\"target\":[\"https:\\\/\\\/tiketi.com\\\/routes\\\/bus\\\/dodoma-to-mbeya\\\/\"]}]},{\"@type\":\"ImageObject\",\"inLanguage\":\"fr-FR\",\"@id\":\"https:\\\/\\\/tiketi.com\\\/routes\\\/bus\\\/dodoma-to-mbeya\\\/#primaryimage\",\"url\":\"https:\\\/\\\/tiketi.com\\\/wp-content\\\/uploads\\\/2022\\\/01\\\/bus-ticket-online-booking.jpg\",\"contentUrl\":\"https:\\\/\\\/tiketi.com\\\/wp-content\\\/uploads\\\/2022\\\/01\\\/bus-ticket-online-booking.jpg\",\"width\":1200,\"height\":206,\"caption\":\"Online Bus Ticket Booking\"},{\"@type\":\"BreadcrumbList\",\"@id\":\"https:\\\/\\\/tiketi.com\\\/routes\\\/bus\\\/dodoma-to-mbeya\\\/#breadcrumb\",\"itemListElement\":[{\"@type\":\"ListItem\",\"position\":1,\"name\":\"Home\",\"item\":\"https:\\\/\\\/tiketi.com\\\/\"},{\"@type\":\"ListItem\",\"position\":2,\"name\":\"Routes\",\"item\":\"https:\\\/\\\/tiketi.com\\\/routes\\\/\"},{\"@type\":\"ListItem\",\"position\":3,\"name\":\"Bus\",\"item\":\"https:\\\/\\\/tiketi.com\\\/routes\\\/bus\\\/\"},{\"@type\":\"ListItem\",\"position\":4,\"name\":\"Bus from Dodoma to Mbeya Bus Tickets, Routes, Schedules &#038; Fares\"}]},{\"@type\":\"WebSite\",\"@id\":\"https:\\\/\\\/tiketi.com\\\/#website\",\"url\":\"https:\\\/\\\/tiketi.com\\\/\",\"name\":\"Flight & Bus Tickets, Tour Packages & Activitites - Tiketi.com\",\"description\":\"Flight &amp; Bus Tickets, Tours, Activitites\",\"publisher\":{\"@id\":\"https:\\\/\\\/tiketi.com\\\/#organization\"},\"potentialAction\":[{\"@type\":\"SearchAction\",\"target\":{\"@type\":\"EntryPoint\",\"urlTemplate\":\"https:\\\/\\\/tiketi.com\\\/?s={search_term_string}\"},\"query-input\":{\"@type\":\"PropertyValueSpecification\",\"valueRequired\":true,\"valueName\":\"search_term_string\"}}],\"inLanguage\":\"fr-FR\"},{\"@type\":\"Organization\",\"@id\":\"https:\\\/\\\/tiketi.com\\\/#organization\",\"name\":\"Tiketi.com\",\"alternateName\":\"Tiketi\",\"url\":\"https:\\\/\\\/tiketi.com\\\/\",\"logo\":{\"@type\":\"ImageObject\",\"inLanguage\":\"fr-FR\",\"@id\":\"https:\\\/\\\/tiketi.com\\\/#\\\/schema\\\/logo\\\/image\\\/\",\"url\":\"https:\\\/\\\/tiketi.com\\\/wp-content\\\/uploads\\\/2019\\\/05\\\/tiketi-logo-696.png\",\"contentUrl\":\"https:\\\/\\\/tiketi.com\\\/wp-content\\\/uploads\\\/2019\\\/05\\\/tiketi-logo-696.png\",\"width\":696,\"height\":696,\"caption\":\"Tiketi.com\"},\"image\":{\"@id\":\"https:\\\/\\\/tiketi.com\\\/#\\\/schema\\\/logo\\\/image\\\/\"},\"sameAs\":[\"https:\\\/\\\/www.facebook.com\\\/TiketiCom\\\/\"]}]}<\/script>\n<!-- \/ Yoast SEO plugin. -->","yoast_head_json":{"title":"Bus de Dodoma \u00e0 Mbeya Billets de bus, horaires et tarifs","description":"Vous recherchez une application de r\u00e9servation de billets de bus de Dodoma \u00e0 Mbeya, des itin\u00e9raires, des horaires et des tarifs\u00a0? R\u00e9servez en ligne des billets de bus \u00e0 bas prix de Dodoma \u00e0 Mbeya","robots":{"index":"index","follow":"follow","max-snippet":"max-snippet:-1","max-image-preview":"max-image-preview:large","max-video-preview":"max-video-preview:-1"},"canonical":"https:\/\/tiketi.com\/fr-fr\/routes\/bus\/dodoma-to-mbeya\/","og_locale":"fr_FR","og_type":"article","og_title":"Bus from Dodoma to Mbeya Bus Tickets, Schedule & Fares","og_description":"Looking for bus from\u00a0Dodoma to Mbeya bus ticket booking app, routes, schedules & fares? Book cheap bus tickets from Dodoma to Mbeya online","og_url":"https:\/\/tiketi.com\/fr-fr\/routes\/bus\/dodoma-to-mbeya\/","og_site_name":"Tiketi.com","article_publisher":"https:\/\/www.facebook.com\/TiketiCom\/","article_modified_time":"2023-06-19T10:14:03+00:00","og_image":[{"width":1200,"height":206,"url":"https:\/\/tiketi.com\/wp-content\/uploads\/2022\/01\/bus-ticket-online-booking.jpg","type":"image\/jpeg"}],"twitter_card":"summary_large_image","twitter_misc":{"Dur\u00e9e de lecture estim\u00e9e":"2 minutes"},"schema":{"@context":"https:\/\/schema.org","@graph":[{"@type":"WebPage","@id":"https:\/\/tiketi.com\/routes\/bus\/dodoma-to-mbeya\/","url":"https:\/\/tiketi.com\/routes\/bus\/dodoma-to-mbeya\/","name":"Bus de Dodoma \u00e0 Mbeya Billets de bus, horaires et tarifs","isPartOf":{"@id":"https:\/\/tiketi.com\/#website"},"primaryImageOfPage":{"@id":"https:\/\/tiketi.com\/routes\/bus\/dodoma-to-mbeya\/#primaryimage"},"image":{"@id":"https:\/\/tiketi.com\/routes\/bus\/dodoma-to-mbeya\/#primaryimage"},"thumbnailUrl":"https:\/\/tiketi.com\/wp-content\/uploads\/2022\/01\/bus-ticket-online-booking.jpg","datePublished":"2022-01-19T11:55:00+00:00","dateModified":"2023-06-19T10:14:03+00:00","description":"Vous recherchez une application de r\u00e9servation de billets de bus de Dodoma \u00e0 Mbeya, des itin\u00e9raires, des horaires et des tarifs\u00a0? R\u00e9servez en ligne des billets de bus \u00e0 bas prix de Dodoma \u00e0 Mbeya","breadcrumb":{"@id":"https:\/\/tiketi.com\/routes\/bus\/dodoma-to-mbeya\/#breadcrumb"},"inLanguage":"fr-FR","potentialAction":[{"@type":"ReadAction","target":["https:\/\/tiketi.com\/routes\/bus\/dodoma-to-mbeya\/"]}]},{"@type":"ImageObject","inLanguage":"fr-FR","@id":"https:\/\/tiketi.com\/routes\/bus\/dodoma-to-mbeya\/#primaryimage","url":"https:\/\/tiketi.com\/wp-content\/uploads\/2022\/01\/bus-ticket-online-booking.jpg","contentUrl":"https:\/\/tiketi.com\/wp-content\/uploads\/2022\/01\/bus-ticket-online-booking.jpg","width":1200,"height":206,"caption":"Online Bus Ticket Booking"},{"@type":"BreadcrumbList","@id":"https:\/\/tiketi.com\/routes\/bus\/dodoma-to-mbeya\/#breadcrumb","itemListElement":[{"@type":"ListItem","position":1,"name":"Home","item":"https:\/\/tiketi.com\/"},{"@type":"ListItem","position":2,"name":"Routes","item":"https:\/\/tiketi.com\/routes\/"},{"@type":"ListItem","position":3,"name":"Bus","item":"https:\/\/tiketi.com\/routes\/bus\/"},{"@type":"ListItem","position":4,"name":"Bus from Dodoma to Mbeya Bus Tickets, Routes, Schedules &#038; Fares"}]},{"@type":"WebSite","@id":"https:\/\/tiketi.com\/#website","url":"https:\/\/tiketi.com\/","name":"Billets d&#039;avion et de bus, forfaits touristiques et activit\u00e9s - Tiketi.com","description":"Billets d&#039;avion et de bus, Tours, Activit\u00e9s","publisher":{"@id":"https:\/\/tiketi.com\/#organization"},"potentialAction":[{"@type":"SearchAction","target":{"@type":"EntryPoint","urlTemplate":"https:\/\/tiketi.com\/?s={search_term_string}"},"query-input":{"@type":"PropertyValueSpecification","valueRequired":true,"valueName":"search_term_string"}}],"inLanguage":"fr-FR"},{"@type":"Organization","@id":"https:\/\/tiketi.com\/#organization","name":"Tiketi.com","alternateName":"Tiketi","url":"https:\/\/tiketi.com\/","logo":{"@type":"ImageObject","inLanguage":"fr-FR","@id":"https:\/\/tiketi.com\/#\/schema\/logo\/image\/","url":"https:\/\/tiketi.com\/wp-content\/uploads\/2019\/05\/tiketi-logo-696.png","contentUrl":"https:\/\/tiketi.com\/wp-content\/uploads\/2019\/05\/tiketi-logo-696.png","width":696,"height":696,"caption":"Tiketi.com"},"image":{"@id":"https:\/\/tiketi.com\/#\/schema\/logo\/image\/"},"sameAs":["https:\/\/www.facebook.com\/TiketiCom\/"]}]}},"_links":{"self":[{"href":"https:\/\/tiketi.com\/fr-fr\/wp-json\/wp\/v2\/pages\/11637","targetHints":{"allow":["GET"]}}],"collection":[{"href":"https:\/\/tiketi.com\/fr-fr\/wp-json\/wp\/v2\/pages"}],"about":[{"href":"https:\/\/tiketi.com\/fr-fr\/wp-json\/wp\/v2\/types\/page"}],"author":[{"embeddable":true,"href":"https:\/\/tiketi.com\/fr-fr\/wp-json\/wp\/v2\/users\/1"}],"replies":[{"embeddable":true,"href":"https:\/\/tiketi.com\/fr-fr\/wp-json\/wp\/v2\/comments?post=11637"}],"version-history":[{"count":0,"href":"https:\/\/tiketi.com\/fr-fr\/wp-json\/wp\/v2\/pages\/11637\/revisions"}],"up":[{"embeddable":true,"href":"https:\/\/tiketi.com\/fr-fr\/wp-json\/wp\/v2\/pages\/25566"}],"wp:featuredmedia":[{"embeddable":true,"href":"https:\/\/tiketi.com\/fr-fr\/wp-json\/wp\/v2\/media\/13999"}],"wp:attachment":[{"href":"https:\/\/tiketi.com\/fr-fr\/wp-json\/wp\/v2\/media?parent=11637"}],"curies":[{"name":"wp","href":"https:\/\/api.w.org\/{rel}","templated":true}]}}