{"id":11638,"date":"2022-01-19T12:55:00","date_gmt":"2022-01-19T11:55:00","guid":{"rendered":"https:\/\/new.tiketi.com\/bus-from-dodoma-to-dar-es-salaam-bus-tickets-schedule-fare-route\/"},"modified":"2023-07-28T17:59:55","modified_gmt":"2023-07-28T16:59:55","slug":"dodoma-to-dar-es-salaam","status":"publish","type":"page","link":"https:\/\/tiketi.com\/fr-fr\/routes\/bus\/dodoma-to-dar-es-salaam\/","title":{"rendered":"Bus de Dodoma \u00e0 Dar es Salaam Billets de bus, horaires et tarifs"},"content":{"rendered":"<h2>Billets de bus de Dodoma \u00e0 Dar es Salaam R\u00e9servation en ligne<\/h2>\n<h3>D\u00e9couvrez votre itin\u00e9raire sur le web, le mobile ou l&#039;application et r\u00e9servez en ligne maintenant un billet de bus pas cher de Dodoma \u00e0 Dar es Salam.<\/h3>\n<p>R\u00e9servez des billets de bus pas chers en ligne de Dodoma \u00e0 Dar es Salaam et voyagez Dodoma \u00e0 Dar es Salaam en bus. Dar es Salaam est l&#039;un des ports les plus fr\u00e9quent\u00e9s d&#039;Afrique de l&#039;Est et la plus grande ville et centre commercial de Tanzanie. Dar es Salaam est appr\u00e9ci\u00e9e des visiteurs pour son ambiance baln\u00e9aire et son ambiance contemporaine gr\u00e2ce \u00e0 son m\u00e9lange de cultures africaines, indiennes et arabes. R\u00e9servez d\u00e8s maintenant vos billets de bus pas chers en ligne de Dodoma \u00e0 Dar es Salaam et voyagez par la route.<\/p>\n<h2>Bus de Dodoma \u00e0 Dar es Salaam Billets de bus, itin\u00e9raires, horaires et tarifs FAQ<\/h2>\n<h3>Quelle est la distance entre Dodoma et Dar es Salam en bus ?<\/h3>\n<p>La distance entre Dodoma et Dar es Salam en bus est de 390 km.<\/p>\n<h3>Train, avion ou bus Dodoma jusqu&#039;\u00e0 Dar es Salam ?<\/h3>\n<p>Le meilleur moyen de se rendre de Dodoma \u00e0 Dar es Salaam est de <a href=\"https:\/\/tiketi.com\/fr-fr\/flights-dodoma-dar-es-salaam-dod-dar\/\" target=\"_blank\" rel=\"noopener\">voler<\/a> ce qui prend 1h et co\u00fbte $30 \u2013 $220. Alternativement, vous pouvez prendre le bus de Dodoma \u00e0 Dar es Salaam. Bus Dodoma \u00e0 Dar es Salaam tarif 19 000 \u2013 26 000 Tsh et prend 7 \u2013 10h, vous pouvez \u00e9galement <a href=\"https:\/\/tiketi.com\/fr-fr\/dar-es-salaam-to-dodoma-train-tickets-online\/\" target=\"_blank\" rel=\"noopener\">former<\/a>, qui co\u00fbte $7 \u2013 $9 et dure 12h 5m.<\/p>\n<h3>O\u00f9 dois-je prendre le bus Dodoma pour Dar es Salam ?<\/h3>\n<p>Service de bus Dodoma \u00e0 Dar es Salam, op\u00e9r\u00e9 par bus Dodoma to Dar es Salaam express.<\/p>\n<h3>Puis-je conduire seul ou en bus Dodoma \u00e0 Dar es Salaam ?<\/h3>\n<p>Oui, la distance entre Dar es Salam et Dodoma est de 457 km. Il faut environ 6h 50m pour conduire de Dodoma \u00e0 Dar es Salam. Bon march\u00e9 <a href=\"https:\/\/tiketi.com\/fr-fr\/car-rentals\/dodoma\/\" target=\"_blank\" rel=\"noopener\">location de voitures<\/a>.<\/p>\n<h2>Billets de bus de Dodoma \u00e0 Dar es Salaam<\/h2>\n<p>Voici quelques-unes des meilleures attractions :<\/p>\n<h3>Village des sculpteurs sur bois de Mwenge<\/h3>\n<p>Situ\u00e9 \u00e0 la p\u00e9riph\u00e9rie de la ville, le village de Mwenge Carvers est une des meilleures attractions de Dar es Salaam si vous \u00eates \u00e0 la recherche de souvenirs tanzaniens.<\/p>\n<p>Bien qu&#039;il y ait beaucoup de choses du m\u00eame genre, si vous prenez le temps de parcourir les environs, vous repartirez avec de l&#039;artisanat tanzanien sp\u00e9cial et standard.<\/p>\n<h3>Achats Kanga<\/h3>\n<p>Une chose c\u00e9l\u00e8bre \u00e0 acheter \u00e0 Dar es Salaam sont les merveilleux morceaux de tissu enveloppant appel\u00e9s Kangas. Ces rectangles de tissu aux couleurs vives sont accessibles dans des couleurs infinies, avec des motifs infinis et contiennent g\u00e9n\u00e9ralement un message \u00e9crit en kiswahili.<\/p>\n<p>Rendez-vous dans la rue Uhuru au centre-ville de Dar es Salaam pour une grande s\u00e9lection de distribution de Kangas.<\/p>","protected":false},"excerpt":{"rendered":"<p>Bus Tickets from Dodoma to Dar es Salaam Online Booking Discover your travel route on web, mobile or app and book cheap bus ticket from Dodoma to Dar es Salaam online now. Book cheap bus from Dodoma to Dar es Salaam bus tickets online and travel Dodoma to Dar es Salaam by bus. Dar es [&hellip;]<\/p>\n","protected":false},"author":1,"featured_media":13999,"parent":25566,"menu_order":0,"comment_status":"open","ping_status":"closed","template":"template-home-modern.php","meta":{"footnotes":""},"class_list":["post-11638","page","type-page","status-publish","has-post-thumbnail","hentry"],"yoast_head":"<!-- This site is optimized with the Yoast SEO plugin v27.4 - https:\/\/yoast.com\/product\/yoast-seo-wordpress\/ -->\n<title>Bus from Dodoma to Dar es Salaam Bus Tickets, Schedule &amp; Fares<\/title>\n<meta name=\"description\" content=\"Looking for bus from\u00a0Dodoma to Dar es Salaam bus ticket booking app, schedule &amp; fare? Book cheap bus tickets from Dodoma to Dar es Salaam online\" \/>\n<meta name=\"robots\" content=\"index, follow, max-snippet:-1, max-image-preview:large, max-video-preview:-1\" \/>\n<link rel=\"canonical\" href=\"https:\/\/tiketi.com\/fr-fr\/routes\/bus\/dodoma-to-dar-es-salaam\/\" \/>\n<meta property=\"og:locale\" content=\"fr_FR\" \/>\n<meta property=\"og:type\" content=\"article\" \/>\n<meta property=\"og:title\" content=\"Bus from Dodoma to Dar es Salaam Bus Tickets, Schedule &amp; Fares\" \/>\n<meta property=\"og:description\" content=\"Looking for bus from\u00a0Dodoma to Dar es Salaam bus ticket booking app, schedule &amp; fare? Book cheap bus tickets from Dodoma to Dar es Salaam online\" \/>\n<meta property=\"og:url\" content=\"https:\/\/tiketi.com\/fr-fr\/routes\/bus\/dodoma-to-dar-es-salaam\/\" \/>\n<meta property=\"og:site_name\" content=\"Tiketi.com\" \/>\n<meta property=\"article:publisher\" content=\"https:\/\/www.facebook.com\/TiketiCom\/\" \/>\n<meta property=\"article:modified_time\" content=\"2023-07-28T16:59:55+00:00\" \/>\n<meta property=\"og:image\" content=\"https:\/\/tiketi.com\/wp-content\/uploads\/2022\/01\/bus-ticket-online-booking.jpg\" \/>\n\t<meta property=\"og:image:width\" content=\"1200\" \/>\n\t<meta property=\"og:image:height\" content=\"206\" \/>\n\t<meta property=\"og:image:type\" content=\"image\/jpeg\" \/>\n<meta name=\"twitter:card\" content=\"summary_large_image\" \/>\n<meta name=\"twitter:label1\" content=\"Dur\u00e9e de lecture estim\u00e9e\" \/>\n\t<meta name=\"twitter:data1\" content=\"2 minutes\" \/>\n<script type=\"application\/ld+json\" class=\"yoast-schema-graph\">{\"@context\":\"https:\\\/\\\/schema.org\",\"@graph\":[{\"@type\":\"WebPage\",\"@id\":\"https:\\\/\\\/tiketi.com\\\/routes\\\/bus\\\/dodoma-to-dar-es-salaam\\\/\",\"url\":\"https:\\\/\\\/tiketi.com\\\/routes\\\/bus\\\/dodoma-to-dar-es-salaam\\\/\",\"name\":\"Bus from Dodoma to Dar es Salaam Bus Tickets, Schedule & Fares\",\"isPartOf\":{\"@id\":\"https:\\\/\\\/tiketi.com\\\/#website\"},\"primaryImageOfPage\":{\"@id\":\"https:\\\/\\\/tiketi.com\\\/routes\\\/bus\\\/dodoma-to-dar-es-salaam\\\/#primaryimage\"},\"image\":{\"@id\":\"https:\\\/\\\/tiketi.com\\\/routes\\\/bus\\\/dodoma-to-dar-es-salaam\\\/#primaryimage\"},\"thumbnailUrl\":\"https:\\\/\\\/tiketi.com\\\/wp-content\\\/uploads\\\/2022\\\/01\\\/bus-ticket-online-booking.jpg\",\"datePublished\":\"2022-01-19T11:55:00+00:00\",\"dateModified\":\"2023-07-28T16:59:55+00:00\",\"description\":\"Looking for bus from\u00a0Dodoma to Dar es Salaam bus ticket booking app, schedule & fare? Book cheap bus tickets from Dodoma to Dar es Salaam online\",\"breadcrumb\":{\"@id\":\"https:\\\/\\\/tiketi.com\\\/routes\\\/bus\\\/dodoma-to-dar-es-salaam\\\/#breadcrumb\"},\"inLanguage\":\"fr-FR\",\"potentialAction\":[{\"@type\":\"ReadAction\",\"target\":[\"https:\\\/\\\/tiketi.com\\\/routes\\\/bus\\\/dodoma-to-dar-es-salaam\\\/\"]}]},{\"@type\":\"ImageObject\",\"inLanguage\":\"fr-FR\",\"@id\":\"https:\\\/\\\/tiketi.com\\\/routes\\\/bus\\\/dodoma-to-dar-es-salaam\\\/#primaryimage\",\"url\":\"https:\\\/\\\/tiketi.com\\\/wp-content\\\/uploads\\\/2022\\\/01\\\/bus-ticket-online-booking.jpg\",\"contentUrl\":\"https:\\\/\\\/tiketi.com\\\/wp-content\\\/uploads\\\/2022\\\/01\\\/bus-ticket-online-booking.jpg\",\"width\":1200,\"height\":206,\"caption\":\"Online Bus Ticket Booking\"},{\"@type\":\"BreadcrumbList\",\"@id\":\"https:\\\/\\\/tiketi.com\\\/routes\\\/bus\\\/dodoma-to-dar-es-salaam\\\/#breadcrumb\",\"itemListElement\":[{\"@type\":\"ListItem\",\"position\":1,\"name\":\"Home\",\"item\":\"https:\\\/\\\/tiketi.com\\\/\"},{\"@type\":\"ListItem\",\"position\":2,\"name\":\"Routes\",\"item\":\"https:\\\/\\\/tiketi.com\\\/routes\\\/\"},{\"@type\":\"ListItem\",\"position\":3,\"name\":\"Bus\",\"item\":\"https:\\\/\\\/tiketi.com\\\/routes\\\/bus\\\/\"},{\"@type\":\"ListItem\",\"position\":4,\"name\":\"Bus from Dodoma to Dar es Salaam Bus Tickets, Schedule &#038; Fares\"}]},{\"@type\":\"WebSite\",\"@id\":\"https:\\\/\\\/tiketi.com\\\/#website\",\"url\":\"https:\\\/\\\/tiketi.com\\\/\",\"name\":\"Flight & Bus Tickets, Tour Packages & Activitites - Tiketi.com\",\"description\":\"Flight &amp; Bus Tickets, Tours, Activitites\",\"publisher\":{\"@id\":\"https:\\\/\\\/tiketi.com\\\/#organization\"},\"potentialAction\":[{\"@type\":\"SearchAction\",\"target\":{\"@type\":\"EntryPoint\",\"urlTemplate\":\"https:\\\/\\\/tiketi.com\\\/?s={search_term_string}\"},\"query-input\":{\"@type\":\"PropertyValueSpecification\",\"valueRequired\":true,\"valueName\":\"search_term_string\"}}],\"inLanguage\":\"fr-FR\"},{\"@type\":\"Organization\",\"@id\":\"https:\\\/\\\/tiketi.com\\\/#organization\",\"name\":\"Tiketi.com\",\"alternateName\":\"Tiketi\",\"url\":\"https:\\\/\\\/tiketi.com\\\/\",\"logo\":{\"@type\":\"ImageObject\",\"inLanguage\":\"fr-FR\",\"@id\":\"https:\\\/\\\/tiketi.com\\\/#\\\/schema\\\/logo\\\/image\\\/\",\"url\":\"https:\\\/\\\/tiketi.com\\\/wp-content\\\/uploads\\\/2019\\\/05\\\/tiketi-logo-696.png\",\"contentUrl\":\"https:\\\/\\\/tiketi.com\\\/wp-content\\\/uploads\\\/2019\\\/05\\\/tiketi-logo-696.png\",\"width\":696,\"height\":696,\"caption\":\"Tiketi.com\"},\"image\":{\"@id\":\"https:\\\/\\\/tiketi.com\\\/#\\\/schema\\\/logo\\\/image\\\/\"},\"sameAs\":[\"https:\\\/\\\/www.facebook.com\\\/TiketiCom\\\/\"]}]}<\/script>\n<!-- \/ Yoast SEO plugin. -->","yoast_head_json":{"title":"Bus de Dodoma \u00e0 Dar es Salaam Billets de bus, horaires et tarifs","description":"Vous recherchez une application de r\u00e9servation de billets de bus de Dodoma \u00e0 Dar es Salaam, les horaires et les tarifs\u00a0? R\u00e9servez en ligne des billets de bus pas chers de Dodoma \u00e0 Dar es Salam","robots":{"index":"index","follow":"follow","max-snippet":"max-snippet:-1","max-image-preview":"max-image-preview:large","max-video-preview":"max-video-preview:-1"},"canonical":"https:\/\/tiketi.com\/fr-fr\/routes\/bus\/dodoma-to-dar-es-salaam\/","og_locale":"fr_FR","og_type":"article","og_title":"Bus from Dodoma to Dar es Salaam Bus Tickets, Schedule & Fares","og_description":"Looking for bus from\u00a0Dodoma to Dar es Salaam bus ticket booking app, schedule & fare? Book cheap bus tickets from Dodoma to Dar es Salaam online","og_url":"https:\/\/tiketi.com\/fr-fr\/routes\/bus\/dodoma-to-dar-es-salaam\/","og_site_name":"Tiketi.com","article_publisher":"https:\/\/www.facebook.com\/TiketiCom\/","article_modified_time":"2023-07-28T16:59:55+00:00","og_image":[{"width":1200,"height":206,"url":"https:\/\/tiketi.com\/wp-content\/uploads\/2022\/01\/bus-ticket-online-booking.jpg","type":"image\/jpeg"}],"twitter_card":"summary_large_image","twitter_misc":{"Dur\u00e9e de lecture estim\u00e9e":"2 minutes"},"schema":{"@context":"https:\/\/schema.org","@graph":[{"@type":"WebPage","@id":"https:\/\/tiketi.com\/routes\/bus\/dodoma-to-dar-es-salaam\/","url":"https:\/\/tiketi.com\/routes\/bus\/dodoma-to-dar-es-salaam\/","name":"Bus de Dodoma \u00e0 Dar es Salaam Billets de bus, horaires et tarifs","isPartOf":{"@id":"https:\/\/tiketi.com\/#website"},"primaryImageOfPage":{"@id":"https:\/\/tiketi.com\/routes\/bus\/dodoma-to-dar-es-salaam\/#primaryimage"},"image":{"@id":"https:\/\/tiketi.com\/routes\/bus\/dodoma-to-dar-es-salaam\/#primaryimage"},"thumbnailUrl":"https:\/\/tiketi.com\/wp-content\/uploads\/2022\/01\/bus-ticket-online-booking.jpg","datePublished":"2022-01-19T11:55:00+00:00","dateModified":"2023-07-28T16:59:55+00:00","description":"Vous recherchez une application de r\u00e9servation de billets de bus de Dodoma \u00e0 Dar es Salaam, les horaires et les tarifs\u00a0? R\u00e9servez en ligne des billets de bus pas chers de Dodoma \u00e0 Dar es Salam","breadcrumb":{"@id":"https:\/\/tiketi.com\/routes\/bus\/dodoma-to-dar-es-salaam\/#breadcrumb"},"inLanguage":"fr-FR","potentialAction":[{"@type":"ReadAction","target":["https:\/\/tiketi.com\/routes\/bus\/dodoma-to-dar-es-salaam\/"]}]},{"@type":"ImageObject","inLanguage":"fr-FR","@id":"https:\/\/tiketi.com\/routes\/bus\/dodoma-to-dar-es-salaam\/#primaryimage","url":"https:\/\/tiketi.com\/wp-content\/uploads\/2022\/01\/bus-ticket-online-booking.jpg","contentUrl":"https:\/\/tiketi.com\/wp-content\/uploads\/2022\/01\/bus-ticket-online-booking.jpg","width":1200,"height":206,"caption":"Online Bus Ticket Booking"},{"@type":"BreadcrumbList","@id":"https:\/\/tiketi.com\/routes\/bus\/dodoma-to-dar-es-salaam\/#breadcrumb","itemListElement":[{"@type":"ListItem","position":1,"name":"Home","item":"https:\/\/tiketi.com\/"},{"@type":"ListItem","position":2,"name":"Routes","item":"https:\/\/tiketi.com\/routes\/"},{"@type":"ListItem","position":3,"name":"Bus","item":"https:\/\/tiketi.com\/routes\/bus\/"},{"@type":"ListItem","position":4,"name":"Bus from Dodoma to Dar es Salaam Bus Tickets, Schedule &#038; Fares"}]},{"@type":"WebSite","@id":"https:\/\/tiketi.com\/#website","url":"https:\/\/tiketi.com\/","name":"Billets d&#039;avion et de bus, forfaits touristiques et activit\u00e9s - Tiketi.com","description":"Billets d&#039;avion et de bus, Tours, Activit\u00e9s","publisher":{"@id":"https:\/\/tiketi.com\/#organization"},"potentialAction":[{"@type":"SearchAction","target":{"@type":"EntryPoint","urlTemplate":"https:\/\/tiketi.com\/?s={search_term_string}"},"query-input":{"@type":"PropertyValueSpecification","valueRequired":true,"valueName":"search_term_string"}}],"inLanguage":"fr-FR"},{"@type":"Organization","@id":"https:\/\/tiketi.com\/#organization","name":"Tiketi.com","alternateName":"Tiketi","url":"https:\/\/tiketi.com\/","logo":{"@type":"ImageObject","inLanguage":"fr-FR","@id":"https:\/\/tiketi.com\/#\/schema\/logo\/image\/","url":"https:\/\/tiketi.com\/wp-content\/uploads\/2019\/05\/tiketi-logo-696.png","contentUrl":"https:\/\/tiketi.com\/wp-content\/uploads\/2019\/05\/tiketi-logo-696.png","width":696,"height":696,"caption":"Tiketi.com"},"image":{"@id":"https:\/\/tiketi.com\/#\/schema\/logo\/image\/"},"sameAs":["https:\/\/www.facebook.com\/TiketiCom\/"]}]}},"_links":{"self":[{"href":"https:\/\/tiketi.com\/fr-fr\/wp-json\/wp\/v2\/pages\/11638","targetHints":{"allow":["GET"]}}],"collection":[{"href":"https:\/\/tiketi.com\/fr-fr\/wp-json\/wp\/v2\/pages"}],"about":[{"href":"https:\/\/tiketi.com\/fr-fr\/wp-json\/wp\/v2\/types\/page"}],"author":[{"embeddable":true,"href":"https:\/\/tiketi.com\/fr-fr\/wp-json\/wp\/v2\/users\/1"}],"replies":[{"embeddable":true,"href":"https:\/\/tiketi.com\/fr-fr\/wp-json\/wp\/v2\/comments?post=11638"}],"version-history":[{"count":0,"href":"https:\/\/tiketi.com\/fr-fr\/wp-json\/wp\/v2\/pages\/11638\/revisions"}],"up":[{"embeddable":true,"href":"https:\/\/tiketi.com\/fr-fr\/wp-json\/wp\/v2\/pages\/25566"}],"wp:featuredmedia":[{"embeddable":true,"href":"https:\/\/tiketi.com\/fr-fr\/wp-json\/wp\/v2\/media\/13999"}],"wp:attachment":[{"href":"https:\/\/tiketi.com\/fr-fr\/wp-json\/wp\/v2\/media?parent=11638"}],"curies":[{"name":"wp","href":"https:\/\/api.w.org\/{rel}","templated":true}]}}