{"id":11639,"date":"2022-01-19T12:55:00","date_gmt":"2022-01-19T11:55:00","guid":{"rendered":"https:\/\/new.tiketi.com\/bus-from-dar-es-salaam-to-tanga-bus-tickets-route-schedule-fare\/"},"modified":"2022-10-22T10:51:45","modified_gmt":"2022-10-22T09:51:45","slug":"tickets-from-dar-es-salaam-to-tanga","status":"publish","type":"page","link":"https:\/\/tiketi.com\/fr-fr\/routes\/bus\/tickets-from-dar-es-salaam-to-tanga\/","title":{"rendered":"Bus de Dar es Salaam \u00e0 Tanga Billets de bus, itin\u00e9raire, horaires et tarifs"},"content":{"rendered":"<h2>Billets de bus pas chers de Dar es Salaam \u00e0 Tanga R\u00e9servation en ligne<\/h2>\n<h3>D\u00e9couvrez votre itin\u00e9raire sur le web, le mobile ou l&#039;application et r\u00e9servez en ligne maintenant un billet de bus pas cher de Dar es Salam \u00e0 Tanga.<\/h3>\n<p>Comparez et r\u00e9servez les meilleures offres de bus de Dar es Salam \u00e0 Tanga en ligne d\u00e8s maintenant et voyagez de Dar es Salam \u00e0 Bukoba par la route. Tanga est un petit endroit en Tanzanie et peut \u00eatre simplement explor\u00e9 en une journ\u00e9e. Il y a beaucoup de choses \u00e0 faire et d&#039;attractions \u00e0 visiter dans cette ville. De plus, \u00e9tant une petite ville, il y a moins de choix d&#039;h\u00e9bergement. Alors r\u00e9servez d\u00e8s maintenant vos billets de bus pas chers de Dar es Salaam \u00e0 Tanga en ligne.<\/p>\n<h2>Bus de Dar es Salaam \u00e0 Tanga FAQ sur les billets de bus, les itin\u00e9raires, les horaires et les tarifs<\/h2>\n<h3>Quelle est la distance entre Dar es Salam et Tanga en bus ?<\/h3>\n<p>La distance entre Dar es Salam et Tanga en bus est de 196 km. Tarif de bus Dar es Salaam \u00e0 Tanga Tsh15,000 \u00e0 Tsh17,000 et prend 6h.<\/p>\n<h3>Puis-je conduire ou bus de Dar es Salam \u00e0 Tanga ?<\/h3>\n<p>Oui, la distance entre Tanga et Dar es Salam est de 339 km. Il faut environ 4h 55m pour conduire ou vous pouvez prendre le bus de Dar es Salaam \u00e0 Tanga.<\/p>\n<h3>O\u00f9 prendre le bus de Dar es Salam \u00e0 Tanga ?<\/h3>\n<p>Service de bus de Dar es Salam \u00e0 Tanga, op\u00e9r\u00e9 par bus Dar es Salaam Tanga express.<\/p>\n<h3>Puis-je prendre un bus direct de Dar es Salam \u00e0 Tanga ?<\/h3>\n<p>Oui, vous pouvez prendre le bus direct de Dar es Salam \u00e0 Tanga.<\/p>\n<h2>Billets de bus de Dar es Salaam \u00e0 Tanga Tips<\/h2>\n<p><strong>Voici quelques-unes des meilleures attractions de Tanga :<\/strong><\/p>\n<p>La ville de Tanga est proche de deux parcs nationaux, de montagnes avec une for\u00eat tropicale indig\u00e8ne et d&#039;un large \u00e9ventail d&#039;\u00e9cosyst\u00e8mes c\u00f4tiers et oc\u00e9aniques.<\/p>\n<p>Certaines des attractions les plus c\u00e9l\u00e8bres pour les visiteurs sont les tr\u00e8s anciennes grottes d&#039;Amboni, les sources chaudes de Galanos et le parc national de Saadani \u00e0 proximit\u00e9. Le cimeti\u00e8re comm\u00e9moratif de Tanga, les ruines de Tongoni, les plages de sable de Mwarongo sont \u00e9galement des lieux remarquables \u00e0 visiter dans la ville de Tanga et ses environs.<\/p>\n<p>Toutes ces attractions remarquables sont \u00e0 port\u00e9e les unes des autres. Avec ces incroyables attractions touristiques \u00e0 Tanga, votre voyage sera certainement informatif, enrichissant et relaxant.<\/p>\n<p>La vari\u00e9t\u00e9 britannique, allemande et portugaise de ses demeures coloniales et de ses b\u00e2timents publics en fait un endroit \u00e9tonnant. La c\u00f4te compte de nombreuses plages de sable et des mangroves.<\/p>\n<p>La musique est l&#039;un des grands divertissements de la ville ; la discoth\u00e8que et le groupe en direct sont accessibles dans presque tous les joints. Les bars, les caf\u00e9s sont \u00e9galement des lieux de loisirs.<\/p>\n<p>Les sports pratiqu\u00e9s dans la ville de Tanga sont la natation, le football, le cyclisme et le tennis. La majorit\u00e9 des citadins participent \u00e0 ces sports. Tanga a jou\u00e9 dans la premi\u00e8re ligue du pays.<\/p>","protected":false},"excerpt":{"rendered":"<p>Cheap Bus Tickets from\u00a0Dar es Salaam to Tanga Online Booking Discover your travel route on web, mobile or app and book cheap bus ticket from Dar es Salaam to Tanga online now. Compare and\u00a0book the best deals\u00a0on bus from Dar es Salaam to Tanga bus tickets online now and\u00a0travel Dar es Salaam to Bukoba by [&hellip;]<\/p>\n","protected":false},"author":1,"featured_media":13999,"parent":25566,"menu_order":0,"comment_status":"open","ping_status":"closed","template":"template-home-modern.php","meta":{"footnotes":""},"class_list":["post-11639","page","type-page","status-publish","has-post-thumbnail","hentry"],"yoast_head":"<!-- This site is optimized with the Yoast SEO plugin v27.2 - https:\/\/yoast.com\/product\/yoast-seo-wordpress\/ -->\n<title>Bus from Dar es Salaam to Tanga Bus Tickets, Route, Schedule &amp; Fare<\/title>\n<meta name=\"description\" content=\"Looking for bus from Dar es Salaam to Tanga bus ticket booking app, schedule &amp; fare? Book cheap bus tickets from Dar es Salaam to Tanga online\" \/>\n<meta name=\"robots\" content=\"index, follow, max-snippet:-1, max-image-preview:large, max-video-preview:-1\" \/>\n<link rel=\"canonical\" href=\"https:\/\/tiketi.com\/fr-fr\/routes\/bus\/tickets-from-dar-es-salaam-to-tanga\/\" \/>\n<meta property=\"og:locale\" content=\"fr_FR\" \/>\n<meta property=\"og:type\" content=\"article\" \/>\n<meta property=\"og:title\" content=\"Bus from Dar es Salaam to Tanga Bus Tickets, Route, Schedule &amp; Fare\" \/>\n<meta property=\"og:description\" content=\"Looking for bus from Dar es Salaam to Tanga bus ticket booking app, schedule &amp; fare? Book cheap bus tickets from Dar es Salaam to Tanga online\" \/>\n<meta property=\"og:url\" content=\"https:\/\/tiketi.com\/fr-fr\/routes\/bus\/tickets-from-dar-es-salaam-to-tanga\/\" \/>\n<meta property=\"og:site_name\" content=\"Tiketi.com\" \/>\n<meta property=\"article:publisher\" content=\"https:\/\/www.facebook.com\/TiketiCom\/\" \/>\n<meta property=\"article:modified_time\" content=\"2022-10-22T09:51:45+00:00\" \/>\n<meta property=\"og:image\" content=\"https:\/\/tiketi.com\/wp-content\/uploads\/2022\/01\/bus-ticket-online-booking.jpg\" \/>\n\t<meta property=\"og:image:width\" content=\"1200\" \/>\n\t<meta property=\"og:image:height\" content=\"206\" \/>\n\t<meta property=\"og:image:type\" content=\"image\/jpeg\" \/>\n<meta name=\"twitter:card\" content=\"summary_large_image\" \/>\n<meta name=\"twitter:label1\" content=\"Dur\u00e9e de lecture estim\u00e9e\" \/>\n\t<meta name=\"twitter:data1\" content=\"2 minutes\" \/>\n<script type=\"application\/ld+json\" class=\"yoast-schema-graph\">{\"@context\":\"https:\/\/schema.org\",\"@graph\":[{\"@type\":\"WebPage\",\"@id\":\"https:\/\/tiketi.com\/routes\/bus\/tickets-from-dar-es-salaam-to-tanga\/\",\"url\":\"https:\/\/tiketi.com\/routes\/bus\/tickets-from-dar-es-salaam-to-tanga\/\",\"name\":\"Bus from Dar es Salaam to Tanga Bus Tickets, Route, Schedule & Fare\",\"isPartOf\":{\"@id\":\"https:\/\/tiketi.com\/#website\"},\"primaryImageOfPage\":{\"@id\":\"https:\/\/tiketi.com\/routes\/bus\/tickets-from-dar-es-salaam-to-tanga\/#primaryimage\"},\"image\":{\"@id\":\"https:\/\/tiketi.com\/routes\/bus\/tickets-from-dar-es-salaam-to-tanga\/#primaryimage\"},\"thumbnailUrl\":\"https:\/\/tiketi.com\/wp-content\/uploads\/2022\/01\/bus-ticket-online-booking.jpg\",\"datePublished\":\"2022-01-19T11:55:00+00:00\",\"dateModified\":\"2022-10-22T09:51:45+00:00\",\"description\":\"Looking for bus from Dar es Salaam to Tanga bus ticket booking app, schedule & fare? Book cheap bus tickets from Dar es Salaam to Tanga online\",\"breadcrumb\":{\"@id\":\"https:\/\/tiketi.com\/routes\/bus\/tickets-from-dar-es-salaam-to-tanga\/#breadcrumb\"},\"inLanguage\":\"fr-FR\",\"potentialAction\":[{\"@type\":\"ReadAction\",\"target\":[\"https:\/\/tiketi.com\/routes\/bus\/tickets-from-dar-es-salaam-to-tanga\/\"]}]},{\"@type\":\"ImageObject\",\"inLanguage\":\"fr-FR\",\"@id\":\"https:\/\/tiketi.com\/routes\/bus\/tickets-from-dar-es-salaam-to-tanga\/#primaryimage\",\"url\":\"https:\/\/tiketi.com\/wp-content\/uploads\/2022\/01\/bus-ticket-online-booking.jpg\",\"contentUrl\":\"https:\/\/tiketi.com\/wp-content\/uploads\/2022\/01\/bus-ticket-online-booking.jpg\",\"width\":1200,\"height\":206,\"caption\":\"Online Bus Ticket Booking\"},{\"@type\":\"BreadcrumbList\",\"@id\":\"https:\/\/tiketi.com\/routes\/bus\/tickets-from-dar-es-salaam-to-tanga\/#breadcrumb\",\"itemListElement\":[{\"@type\":\"ListItem\",\"position\":1,\"name\":\"Home\",\"item\":\"https:\/\/tiketi.com\/\"},{\"@type\":\"ListItem\",\"position\":2,\"name\":\"Routes\",\"item\":\"https:\/\/tiketi.com\/routes\/\"},{\"@type\":\"ListItem\",\"position\":3,\"name\":\"Bus\",\"item\":\"https:\/\/tiketi.com\/routes\/bus\/\"},{\"@type\":\"ListItem\",\"position\":4,\"name\":\"Bus from Dar es Salaam to Tanga Bus Tickets, Route, Schedule &#038; Fare\"}]},{\"@type\":\"WebSite\",\"@id\":\"https:\/\/tiketi.com\/#website\",\"url\":\"https:\/\/tiketi.com\/\",\"name\":\"Flight & Bus Tickets, Tour Packages & Activitites - Tiketi.com\",\"description\":\"Flight &amp; Bus Tickets, Tours, Activitites\",\"publisher\":{\"@id\":\"https:\/\/tiketi.com\/#organization\"},\"potentialAction\":[{\"@type\":\"SearchAction\",\"target\":{\"@type\":\"EntryPoint\",\"urlTemplate\":\"https:\/\/tiketi.com\/?s={search_term_string}\"},\"query-input\":{\"@type\":\"PropertyValueSpecification\",\"valueRequired\":true,\"valueName\":\"search_term_string\"}}],\"inLanguage\":\"fr-FR\"},{\"@type\":\"Organization\",\"@id\":\"https:\/\/tiketi.com\/#organization\",\"name\":\"Tiketi.com\",\"alternateName\":\"Tiketi\",\"url\":\"https:\/\/tiketi.com\/\",\"logo\":{\"@type\":\"ImageObject\",\"inLanguage\":\"fr-FR\",\"@id\":\"https:\/\/tiketi.com\/#\/schema\/logo\/image\/\",\"url\":\"https:\/\/tiketi.com\/wp-content\/uploads\/2019\/05\/tiketi-logo-696.png\",\"contentUrl\":\"https:\/\/tiketi.com\/wp-content\/uploads\/2019\/05\/tiketi-logo-696.png\",\"width\":696,\"height\":696,\"caption\":\"Tiketi.com\"},\"image\":{\"@id\":\"https:\/\/tiketi.com\/#\/schema\/logo\/image\/\"},\"sameAs\":[\"https:\/\/www.facebook.com\/TiketiCom\/\"]}]}<\/script>\n<!-- \/ Yoast SEO plugin. -->","yoast_head_json":{"title":"Bus de Dar es Salaam \u00e0 Tanga Billets de bus, itin\u00e9raire, horaires et tarifs","description":"\u00c0 la recherche d&#039;une application de r\u00e9servation de billets de bus de Dar es Salaam \u00e0 Tanga, des horaires et des tarifs\u00a0? R\u00e9servez en ligne des billets de bus pas chers de Dar es Salam \u00e0 Tanga","robots":{"index":"index","follow":"follow","max-snippet":"max-snippet:-1","max-image-preview":"max-image-preview:large","max-video-preview":"max-video-preview:-1"},"canonical":"https:\/\/tiketi.com\/fr-fr\/routes\/bus\/tickets-from-dar-es-salaam-to-tanga\/","og_locale":"fr_FR","og_type":"article","og_title":"Bus from Dar es Salaam to Tanga Bus Tickets, Route, Schedule & Fare","og_description":"Looking for bus from Dar es Salaam to Tanga bus ticket booking app, schedule & fare? Book cheap bus tickets from Dar es Salaam to Tanga online","og_url":"https:\/\/tiketi.com\/fr-fr\/routes\/bus\/tickets-from-dar-es-salaam-to-tanga\/","og_site_name":"Tiketi.com","article_publisher":"https:\/\/www.facebook.com\/TiketiCom\/","article_modified_time":"2022-10-22T09:51:45+00:00","og_image":[{"width":1200,"height":206,"url":"https:\/\/tiketi.com\/wp-content\/uploads\/2022\/01\/bus-ticket-online-booking.jpg","type":"image\/jpeg"}],"twitter_card":"summary_large_image","twitter_misc":{"Dur\u00e9e de lecture estim\u00e9e":"2 minutes"},"schema":{"@context":"https:\/\/schema.org","@graph":[{"@type":"WebPage","@id":"https:\/\/tiketi.com\/routes\/bus\/tickets-from-dar-es-salaam-to-tanga\/","url":"https:\/\/tiketi.com\/routes\/bus\/tickets-from-dar-es-salaam-to-tanga\/","name":"Bus de Dar es Salaam \u00e0 Tanga Billets de bus, itin\u00e9raire, horaires et tarifs","isPartOf":{"@id":"https:\/\/tiketi.com\/#website"},"primaryImageOfPage":{"@id":"https:\/\/tiketi.com\/routes\/bus\/tickets-from-dar-es-salaam-to-tanga\/#primaryimage"},"image":{"@id":"https:\/\/tiketi.com\/routes\/bus\/tickets-from-dar-es-salaam-to-tanga\/#primaryimage"},"thumbnailUrl":"https:\/\/tiketi.com\/wp-content\/uploads\/2022\/01\/bus-ticket-online-booking.jpg","datePublished":"2022-01-19T11:55:00+00:00","dateModified":"2022-10-22T09:51:45+00:00","description":"\u00c0 la recherche d&#039;une application de r\u00e9servation de billets de bus de Dar es Salaam \u00e0 Tanga, des horaires et des tarifs\u00a0? R\u00e9servez en ligne des billets de bus pas chers de Dar es Salam \u00e0 Tanga","breadcrumb":{"@id":"https:\/\/tiketi.com\/routes\/bus\/tickets-from-dar-es-salaam-to-tanga\/#breadcrumb"},"inLanguage":"fr-FR","potentialAction":[{"@type":"ReadAction","target":["https:\/\/tiketi.com\/routes\/bus\/tickets-from-dar-es-salaam-to-tanga\/"]}]},{"@type":"ImageObject","inLanguage":"fr-FR","@id":"https:\/\/tiketi.com\/routes\/bus\/tickets-from-dar-es-salaam-to-tanga\/#primaryimage","url":"https:\/\/tiketi.com\/wp-content\/uploads\/2022\/01\/bus-ticket-online-booking.jpg","contentUrl":"https:\/\/tiketi.com\/wp-content\/uploads\/2022\/01\/bus-ticket-online-booking.jpg","width":1200,"height":206,"caption":"Online Bus Ticket Booking"},{"@type":"BreadcrumbList","@id":"https:\/\/tiketi.com\/routes\/bus\/tickets-from-dar-es-salaam-to-tanga\/#breadcrumb","itemListElement":[{"@type":"ListItem","position":1,"name":"Home","item":"https:\/\/tiketi.com\/"},{"@type":"ListItem","position":2,"name":"Routes","item":"https:\/\/tiketi.com\/routes\/"},{"@type":"ListItem","position":3,"name":"Bus","item":"https:\/\/tiketi.com\/routes\/bus\/"},{"@type":"ListItem","position":4,"name":"Bus from Dar es Salaam to Tanga Bus Tickets, Route, Schedule &#038; Fare"}]},{"@type":"WebSite","@id":"https:\/\/tiketi.com\/#website","url":"https:\/\/tiketi.com\/","name":"Billets d&#039;avion et de bus, forfaits touristiques et activit\u00e9s - Tiketi.com","description":"Billets d&#039;avion et de bus, Tours, Activit\u00e9s","publisher":{"@id":"https:\/\/tiketi.com\/#organization"},"potentialAction":[{"@type":"SearchAction","target":{"@type":"EntryPoint","urlTemplate":"https:\/\/tiketi.com\/?s={search_term_string}"},"query-input":{"@type":"PropertyValueSpecification","valueRequired":true,"valueName":"search_term_string"}}],"inLanguage":"fr-FR"},{"@type":"Organization","@id":"https:\/\/tiketi.com\/#organization","name":"Tiketi.com","alternateName":"Tiketi","url":"https:\/\/tiketi.com\/","logo":{"@type":"ImageObject","inLanguage":"fr-FR","@id":"https:\/\/tiketi.com\/#\/schema\/logo\/image\/","url":"https:\/\/tiketi.com\/wp-content\/uploads\/2019\/05\/tiketi-logo-696.png","contentUrl":"https:\/\/tiketi.com\/wp-content\/uploads\/2019\/05\/tiketi-logo-696.png","width":696,"height":696,"caption":"Tiketi.com"},"image":{"@id":"https:\/\/tiketi.com\/#\/schema\/logo\/image\/"},"sameAs":["https:\/\/www.facebook.com\/TiketiCom\/"]}]}},"_links":{"self":[{"href":"https:\/\/tiketi.com\/fr-fr\/wp-json\/wp\/v2\/pages\/11639","targetHints":{"allow":["GET"]}}],"collection":[{"href":"https:\/\/tiketi.com\/fr-fr\/wp-json\/wp\/v2\/pages"}],"about":[{"href":"https:\/\/tiketi.com\/fr-fr\/wp-json\/wp\/v2\/types\/page"}],"author":[{"embeddable":true,"href":"https:\/\/tiketi.com\/fr-fr\/wp-json\/wp\/v2\/users\/1"}],"replies":[{"embeddable":true,"href":"https:\/\/tiketi.com\/fr-fr\/wp-json\/wp\/v2\/comments?post=11639"}],"version-history":[{"count":0,"href":"https:\/\/tiketi.com\/fr-fr\/wp-json\/wp\/v2\/pages\/11639\/revisions"}],"up":[{"embeddable":true,"href":"https:\/\/tiketi.com\/fr-fr\/wp-json\/wp\/v2\/pages\/25566"}],"wp:featuredmedia":[{"embeddable":true,"href":"https:\/\/tiketi.com\/fr-fr\/wp-json\/wp\/v2\/media\/13999"}],"wp:attachment":[{"href":"https:\/\/tiketi.com\/fr-fr\/wp-json\/wp\/v2\/media?parent=11639"}],"curies":[{"name":"wp","href":"https:\/\/api.w.org\/{rel}","templated":true}]}}