{"id":11642,"date":"2022-01-19T12:55:00","date_gmt":"2022-01-19T11:55:00","guid":{"rendered":"https:\/\/new.tiketi.com\/bus-tickets-in-nigeria-online-bus-ticket-booking\/"},"modified":"2023-08-24T12:01:03","modified_gmt":"2023-08-24T11:01:03","slug":"nigeria-bus-tickets","status":"publish","type":"page","link":"https:\/\/tiketi.com\/fr-fr\/coaches\/nigeria-bus-tickets\/","title":{"rendered":"Billets de bus bon march\u00e9 au Nigeria I R\u00e9servation de billets de bus en ligne au Nigeria"},"content":{"rendered":"<h2>R\u00e9servez un billet de bus au Nigeria en ligne - T\u00e9l\u00e9chargez notre application de r\u00e9servation de bus au Nigeria<\/h2>\n<h3>D\u00e9couvrez votre itin\u00e9raire de voyage sur le Web, sur mobile ou sur une application et r\u00e9servez d\u00e8s maintenant des voyages en bus bon march\u00e9 en utilisant notre application de r\u00e9servation de bus au Nigeria.<\/h3>\n<p>Le r\u00e9seau de tickets de bus au Nigeria est important, reliant toutes les grandes villes avec des services \u00e0 distance. Chaque ville dispose de bus de transport en commun, qui offrent un moyen \u00e9conomique de se d\u00e9placer. Quoi qu&#039;il en soit, la circulation dans la plupart des villes est \u00e9pouvantable, vous devez donc pr\u00e9voir beaucoup de temps pour m\u00eame de petits trajets, car les bus ne circulent que sur les routes principales et restent dans la circulation. Utilisez donc notre application de r\u00e9servation de bus au Nigeria pour r\u00e9server d\u00e8s maintenant des billets de bus en ligne \u00e0 bas prix au Nigeria et gagner du temps et de l&#039;argent.<\/p>\n<h2>Billets de bus au Nig\u00e9ria<\/h2>\n<h3>R\u00e9servation de bus interurbains au Nig\u00e9ria<\/h3>\n<p>Les services de bus GIGM, PMT, GUO, Autostar, Chisco, Young Shall Grow, ABC Transport, Efex et ABC sont les principaux fournisseurs de billets de bus interurbains bon march\u00e9 au Nigeria.<\/p>\n<h3>Taxi partag\u00e9<\/h3>\n<p>Il y a aussi le choix de voyager en taxi partag\u00e9 entre les villes, o\u00f9 le chauffeur partira une fois que les v\u00e9hicules seront pleins de personnes voulant voyager au m\u00eame endroit. Pour trouver les billets de bus les moins chers au Nigeria, rendez-vous au parc automobile ou utilisez une application de r\u00e9servation de bus au Nigeria. Sinon, vous pouvez vous d\u00e9placer dans les villes en danfos et molues, qui sont des minibus priv\u00e9s qui fonctionnent comme des taxis partag\u00e9s, bien qu&#039;ils prennent plus de monde. Vous pouvez trouver ces voitures facilement, car elles sont toujours peintes en jaune, bien que la d\u00e9tente soit sacrifi\u00e9e lorsque vous en conduisez une.<\/p>\n<h3>Billet de bus pour le transport rapide par bus (BRT) au Nig\u00e9ria<\/h3>\n<p>Le Nig\u00e9ria dispose d&#039;un syst\u00e8me de transport en commun par bus, appel\u00e9 BRT, r\u00e9glement\u00e9 par le gouvernement de l&#039;\u00c9tat de Lagos. Les bus et les r\u00e9servations de bus au Nigeria ont leurs propres couloirs dans plusieurs grandes parties de l&#039;\u00c9tat, ce qui signifie qu&#039;ils ne sont g\u00e9n\u00e9ralement pas retard\u00e9s par le trafic g\u00e9n\u00e9ral. Les bus BRT sont \u00e9galement plus relaxants et abordables que les bus publics, ils sont \u00e9galement de 2 types, Rouge et Bleu. Les bus rouges sillonnent les grandes routes d&#039;Alagbado, d&#039;Ikeja et d&#039;Ajah, qui sont majoritairement des lieux r\u00e9sidentiels. Les bus bleus voyagent d&#039;Ikorodu via Mile 12 en r\u00e9servant des bus en ligne Nigeria, le site du plus grand march\u00e9 alimentaire du Nigeria, en passant par Fadeyi, Stadium (la place du stade national \u00e0 Surulere) jusqu&#039;\u00e0 CMS (place de la plus ancienne \u00e9glise du Nigeria) et Tafawa Balewa Square, qui est le terminus de bus.<\/p>\n<p><strong>Conseils locaux\u00a0:<\/strong> Les billets doivent \u00eatre achet\u00e9s aux terminaux BRT ou faire une r\u00e9servation en ligne de billets de bus au Nigeria avant de commencer votre voyage. Assurez-vous de l&#039;arr\u00eat de bus auquel vous souhaitez descendre, et les bus BRT ont des arr\u00eats de bus d\u00e9sign\u00e9s. Les bus BRT ont des haut-parleurs qui parlent des arr\u00eats de bus et vous pouvez appuyer sur le bus lorsque votre arr\u00eat est annonc\u00e9.<\/p>\n<h2>R\u00e9servation de bus publics au Nigeria<\/h2>\n<p>Les bus publics au Nigeria, g\u00e9n\u00e9ralement appel\u00e9s bus jaunes ou Danfo, sont omnipr\u00e9sents et se rendent dans toutes les r\u00e9gions du pays, m\u00eame dans les banlieues o\u00f9 les taxis et les bus BRT ne vont pas. Ils portent g\u00e9n\u00e9ralement des destinations \u00e9crites et les conducteurs sont toujours accessibles pour annoncer aux passagers les endroits o\u00f9 r\u00e9server leur billet de bus pour le Nigeria. Quoi qu\u2019il en soit, ils ne sont pas tr\u00e8s s\u00fbrs car la plupart des bus sont branlants et vieux. Ils sont \u00e9galement la cible des petits voleurs et des pickpockets car ils sont g\u00e9n\u00e9ralement extr\u00eamement fr\u00e9quent\u00e9s. Les prix sont \u00e9galement irr\u00e9guliers et d\u00e9pendent du trafic, de la distance, de l&#039;\u00e9tat de la route, de la m\u00e9t\u00e9o et du propri\u00e9taire du bus lui-m\u00eame.<\/p>\n<p><strong>Conseils locaux\u00a0:<\/strong> c&#039;est le moyen de transport le moins suggestif, mais si vous voyagez avec les services de billets de bus les moins chers du Nigeria, gardez vos objets de valeur et votre argent \u00e0 port\u00e9e de main.<\/p>\n<h2>R\u00e9servation de billets de bus en ligne au Nigeria \u2013 conseils pour les voyageurs en bus<\/h2>\n<p>Les visiteurs doivent savoir avant tout que le Nigeria a beaucoup de trafic. Des embouteillages extr\u00eames peuvent transformer une r\u00e9servation de bus de cinq minutes au Nigeria et un trajet en navette en 2 heures. Naturellement, ces embouteillages sont pires dans les grandes villes, principalement \u00e0 Lagos. Si vous \u00eates cens\u00e9 vous pr\u00e9senter quelque part, accordez-vous quelques heures suppl\u00e9mentaires.<\/p>\n<p>Si vous \u00eates le conducteur, et c&#039;est un \u00e9norme si, comme vous ne pouvez pas utiliser un permis de conduire international et que cela peut prendre des mois pour obtenir un permis de conduire nig\u00e9rian, t\u00e9l\u00e9charger notre application de r\u00e9servation au Nig\u00e9ria et faire une r\u00e9servation de bus en ligne bon march\u00e9 au Nig\u00e9ria est l&#039;option parfaite, et en fait aller plus vite qu&#039;un pas d&#039;escargot, vous trouverez des routes moins qu&#039;agr\u00e9ables, ce qui peut simplement endommager les v\u00e9hicules et rendre la conduite vraiment risqu\u00e9e.<\/p>","protected":false},"excerpt":{"rendered":"<p>Book Nigeria bus ticket online &#8211; Download our Bus Booking App in Nigeria Discover your travel route on web, mobile or app and book cheap bus trips using our bus booking app in Nigeria now. The bus tickets in\u00a0Nigeria network is big, linking all big cities with distance services. Each city has public transport buses, [&hellip;]<\/p>\n","protected":false},"author":1,"featured_media":13999,"parent":25605,"menu_order":0,"comment_status":"open","ping_status":"closed","template":"template-home-modern.php","meta":{"footnotes":""},"class_list":["post-11642","page","type-page","status-publish","has-post-thumbnail","hentry"],"yoast_head":"<!-- This site is optimized with the Yoast SEO plugin v27.3 - https:\/\/yoast.com\/product\/yoast-seo-wordpress\/ -->\n<title>Cheap Bus Tickets in Nigeria I Online Bus Ticket Booking in Nigeria<\/title>\n<meta name=\"description\" content=\"Looking for online bus ticket\u00a0booking in Nigeria, app, route, distance, fare &amp; schedule? Compare and book cheap bus tickets in Nigeria online\" \/>\n<meta name=\"robots\" content=\"index, follow, max-snippet:-1, max-image-preview:large, max-video-preview:-1\" \/>\n<link rel=\"canonical\" href=\"https:\/\/tiketi.com\/fr-fr\/coaches\/nigeria-bus-tickets\/\" \/>\n<meta property=\"og:locale\" content=\"fr_FR\" \/>\n<meta property=\"og:type\" content=\"article\" \/>\n<meta property=\"og:title\" content=\"Cheap Bus Tickets in Nigeria I Online Bus Ticket Booking in Nigeria\" \/>\n<meta property=\"og:description\" content=\"Looking for online bus ticket\u00a0booking in Nigeria, app, route, distance, fare &amp; schedule? Compare and book cheap bus tickets in Nigeria online\" \/>\n<meta property=\"og:url\" content=\"https:\/\/tiketi.com\/fr-fr\/coaches\/nigeria-bus-tickets\/\" \/>\n<meta property=\"og:site_name\" content=\"Tiketi.com\" \/>\n<meta property=\"article:publisher\" content=\"https:\/\/www.facebook.com\/TiketiCom\/\" \/>\n<meta property=\"article:modified_time\" content=\"2023-08-24T11:01:03+00:00\" \/>\n<meta property=\"og:image\" content=\"https:\/\/tiketi.com\/wp-content\/uploads\/2022\/01\/bus-ticket-online-booking.jpg\" \/>\n\t<meta property=\"og:image:width\" content=\"1200\" \/>\n\t<meta property=\"og:image:height\" content=\"206\" \/>\n\t<meta property=\"og:image:type\" content=\"image\/jpeg\" \/>\n<meta name=\"twitter:card\" content=\"summary_large_image\" \/>\n<meta name=\"twitter:label1\" content=\"Dur\u00e9e de lecture estim\u00e9e\" \/>\n\t<meta name=\"twitter:data1\" content=\"4 minutes\" \/>\n<script type=\"application\/ld+json\" class=\"yoast-schema-graph\">{\"@context\":\"https:\\\/\\\/schema.org\",\"@graph\":[{\"@type\":\"WebPage\",\"@id\":\"https:\\\/\\\/tiketi.com\\\/coaches\\\/nigeria-bus-tickets\\\/\",\"url\":\"https:\\\/\\\/tiketi.com\\\/coaches\\\/nigeria-bus-tickets\\\/\",\"name\":\"Cheap Bus Tickets in Nigeria I Online Bus Ticket Booking in Nigeria\",\"isPartOf\":{\"@id\":\"https:\\\/\\\/tiketi.com\\\/#website\"},\"primaryImageOfPage\":{\"@id\":\"https:\\\/\\\/tiketi.com\\\/coaches\\\/nigeria-bus-tickets\\\/#primaryimage\"},\"image\":{\"@id\":\"https:\\\/\\\/tiketi.com\\\/coaches\\\/nigeria-bus-tickets\\\/#primaryimage\"},\"thumbnailUrl\":\"https:\\\/\\\/tiketi.com\\\/wp-content\\\/uploads\\\/2022\\\/01\\\/bus-ticket-online-booking.jpg\",\"datePublished\":\"2022-01-19T11:55:00+00:00\",\"dateModified\":\"2023-08-24T11:01:03+00:00\",\"description\":\"Looking for online bus ticket\u00a0booking in Nigeria, app, route, distance, fare & schedule? Compare and book cheap bus tickets in Nigeria online\",\"breadcrumb\":{\"@id\":\"https:\\\/\\\/tiketi.com\\\/coaches\\\/nigeria-bus-tickets\\\/#breadcrumb\"},\"inLanguage\":\"fr-FR\",\"potentialAction\":[{\"@type\":\"ReadAction\",\"target\":[\"https:\\\/\\\/tiketi.com\\\/coaches\\\/nigeria-bus-tickets\\\/\"]}]},{\"@type\":\"ImageObject\",\"inLanguage\":\"fr-FR\",\"@id\":\"https:\\\/\\\/tiketi.com\\\/coaches\\\/nigeria-bus-tickets\\\/#primaryimage\",\"url\":\"https:\\\/\\\/tiketi.com\\\/wp-content\\\/uploads\\\/2022\\\/01\\\/bus-ticket-online-booking.jpg\",\"contentUrl\":\"https:\\\/\\\/tiketi.com\\\/wp-content\\\/uploads\\\/2022\\\/01\\\/bus-ticket-online-booking.jpg\",\"width\":1200,\"height\":206,\"caption\":\"Online Bus Ticket Booking\"},{\"@type\":\"BreadcrumbList\",\"@id\":\"https:\\\/\\\/tiketi.com\\\/coaches\\\/nigeria-bus-tickets\\\/#breadcrumb\",\"itemListElement\":[{\"@type\":\"ListItem\",\"position\":1,\"name\":\"Home\",\"item\":\"https:\\\/\\\/tiketi.com\\\/\"},{\"@type\":\"ListItem\",\"position\":2,\"name\":\"Coaches\",\"item\":\"https:\\\/\\\/tiketi.com\\\/sw\\\/nauli-za-mabasi\\\/\"},{\"@type\":\"ListItem\",\"position\":3,\"name\":\"Cheap Bus Tickets in Nigeria I Online Bus Ticket Booking in Nigeria\"}]},{\"@type\":\"WebSite\",\"@id\":\"https:\\\/\\\/tiketi.com\\\/#website\",\"url\":\"https:\\\/\\\/tiketi.com\\\/\",\"name\":\"Flight & Bus Tickets, Tour Packages & Activitites - Tiketi.com\",\"description\":\"Flight &amp; Bus Tickets, Tours, Activitites\",\"publisher\":{\"@id\":\"https:\\\/\\\/tiketi.com\\\/#organization\"},\"potentialAction\":[{\"@type\":\"SearchAction\",\"target\":{\"@type\":\"EntryPoint\",\"urlTemplate\":\"https:\\\/\\\/tiketi.com\\\/?s={search_term_string}\"},\"query-input\":{\"@type\":\"PropertyValueSpecification\",\"valueRequired\":true,\"valueName\":\"search_term_string\"}}],\"inLanguage\":\"fr-FR\"},{\"@type\":\"Organization\",\"@id\":\"https:\\\/\\\/tiketi.com\\\/#organization\",\"name\":\"Tiketi.com\",\"alternateName\":\"Tiketi\",\"url\":\"https:\\\/\\\/tiketi.com\\\/\",\"logo\":{\"@type\":\"ImageObject\",\"inLanguage\":\"fr-FR\",\"@id\":\"https:\\\/\\\/tiketi.com\\\/#\\\/schema\\\/logo\\\/image\\\/\",\"url\":\"https:\\\/\\\/tiketi.com\\\/wp-content\\\/uploads\\\/2019\\\/05\\\/tiketi-logo-696.png\",\"contentUrl\":\"https:\\\/\\\/tiketi.com\\\/wp-content\\\/uploads\\\/2019\\\/05\\\/tiketi-logo-696.png\",\"width\":696,\"height\":696,\"caption\":\"Tiketi.com\"},\"image\":{\"@id\":\"https:\\\/\\\/tiketi.com\\\/#\\\/schema\\\/logo\\\/image\\\/\"},\"sameAs\":[\"https:\\\/\\\/www.facebook.com\\\/TiketiCom\\\/\"]}]}<\/script>\n<!-- \/ Yoast SEO plugin. -->","yoast_head_json":{"title":"Billets de bus bon march\u00e9 au Nigeria I R\u00e9servation de billets de bus en ligne au Nigeria","description":"Vous recherchez une r\u00e9servation de billets de bus en ligne au Nigeria, une application, un itin\u00e9raire, une distance, un tarif et des horaires\u00a0? Comparez et r\u00e9servez en ligne des billets de bus pas chers au Nigeria","robots":{"index":"index","follow":"follow","max-snippet":"max-snippet:-1","max-image-preview":"max-image-preview:large","max-video-preview":"max-video-preview:-1"},"canonical":"https:\/\/tiketi.com\/fr-fr\/coaches\/nigeria-bus-tickets\/","og_locale":"fr_FR","og_type":"article","og_title":"Cheap Bus Tickets in Nigeria I Online Bus Ticket Booking in Nigeria","og_description":"Looking for online bus ticket\u00a0booking in Nigeria, app, route, distance, fare & schedule? Compare and book cheap bus tickets in Nigeria online","og_url":"https:\/\/tiketi.com\/fr-fr\/coaches\/nigeria-bus-tickets\/","og_site_name":"Tiketi.com","article_publisher":"https:\/\/www.facebook.com\/TiketiCom\/","article_modified_time":"2023-08-24T11:01:03+00:00","og_image":[{"width":1200,"height":206,"url":"https:\/\/tiketi.com\/wp-content\/uploads\/2022\/01\/bus-ticket-online-booking.jpg","type":"image\/jpeg"}],"twitter_card":"summary_large_image","twitter_misc":{"Dur\u00e9e de lecture estim\u00e9e":"4 minutes"},"schema":{"@context":"https:\/\/schema.org","@graph":[{"@type":"WebPage","@id":"https:\/\/tiketi.com\/coaches\/nigeria-bus-tickets\/","url":"https:\/\/tiketi.com\/coaches\/nigeria-bus-tickets\/","name":"Billets de bus bon march\u00e9 au Nigeria I R\u00e9servation de billets de bus en ligne au Nigeria","isPartOf":{"@id":"https:\/\/tiketi.com\/#website"},"primaryImageOfPage":{"@id":"https:\/\/tiketi.com\/coaches\/nigeria-bus-tickets\/#primaryimage"},"image":{"@id":"https:\/\/tiketi.com\/coaches\/nigeria-bus-tickets\/#primaryimage"},"thumbnailUrl":"https:\/\/tiketi.com\/wp-content\/uploads\/2022\/01\/bus-ticket-online-booking.jpg","datePublished":"2022-01-19T11:55:00+00:00","dateModified":"2023-08-24T11:01:03+00:00","description":"Vous recherchez une r\u00e9servation de billets de bus en ligne au Nigeria, une application, un itin\u00e9raire, une distance, un tarif et des horaires\u00a0? Comparez et r\u00e9servez en ligne des billets de bus pas chers au Nigeria","breadcrumb":{"@id":"https:\/\/tiketi.com\/coaches\/nigeria-bus-tickets\/#breadcrumb"},"inLanguage":"fr-FR","potentialAction":[{"@type":"ReadAction","target":["https:\/\/tiketi.com\/coaches\/nigeria-bus-tickets\/"]}]},{"@type":"ImageObject","inLanguage":"fr-FR","@id":"https:\/\/tiketi.com\/coaches\/nigeria-bus-tickets\/#primaryimage","url":"https:\/\/tiketi.com\/wp-content\/uploads\/2022\/01\/bus-ticket-online-booking.jpg","contentUrl":"https:\/\/tiketi.com\/wp-content\/uploads\/2022\/01\/bus-ticket-online-booking.jpg","width":1200,"height":206,"caption":"Online Bus Ticket Booking"},{"@type":"BreadcrumbList","@id":"https:\/\/tiketi.com\/coaches\/nigeria-bus-tickets\/#breadcrumb","itemListElement":[{"@type":"ListItem","position":1,"name":"Home","item":"https:\/\/tiketi.com\/"},{"@type":"ListItem","position":2,"name":"Coaches","item":"https:\/\/tiketi.com\/sw\/nauli-za-mabasi\/"},{"@type":"ListItem","position":3,"name":"Cheap Bus Tickets in Nigeria I Online Bus Ticket Booking in Nigeria"}]},{"@type":"WebSite","@id":"https:\/\/tiketi.com\/#website","url":"https:\/\/tiketi.com\/","name":"Billets d&#039;avion et de bus, forfaits touristiques et activit\u00e9s - Tiketi.com","description":"Billets d&#039;avion et de bus, Tours, Activit\u00e9s","publisher":{"@id":"https:\/\/tiketi.com\/#organization"},"potentialAction":[{"@type":"SearchAction","target":{"@type":"EntryPoint","urlTemplate":"https:\/\/tiketi.com\/?s={search_term_string}"},"query-input":{"@type":"PropertyValueSpecification","valueRequired":true,"valueName":"search_term_string"}}],"inLanguage":"fr-FR"},{"@type":"Organization","@id":"https:\/\/tiketi.com\/#organization","name":"Tiketi.com","alternateName":"Tiketi","url":"https:\/\/tiketi.com\/","logo":{"@type":"ImageObject","inLanguage":"fr-FR","@id":"https:\/\/tiketi.com\/#\/schema\/logo\/image\/","url":"https:\/\/tiketi.com\/wp-content\/uploads\/2019\/05\/tiketi-logo-696.png","contentUrl":"https:\/\/tiketi.com\/wp-content\/uploads\/2019\/05\/tiketi-logo-696.png","width":696,"height":696,"caption":"Tiketi.com"},"image":{"@id":"https:\/\/tiketi.com\/#\/schema\/logo\/image\/"},"sameAs":["https:\/\/www.facebook.com\/TiketiCom\/"]}]}},"_links":{"self":[{"href":"https:\/\/tiketi.com\/fr-fr\/wp-json\/wp\/v2\/pages\/11642","targetHints":{"allow":["GET"]}}],"collection":[{"href":"https:\/\/tiketi.com\/fr-fr\/wp-json\/wp\/v2\/pages"}],"about":[{"href":"https:\/\/tiketi.com\/fr-fr\/wp-json\/wp\/v2\/types\/page"}],"author":[{"embeddable":true,"href":"https:\/\/tiketi.com\/fr-fr\/wp-json\/wp\/v2\/users\/1"}],"replies":[{"embeddable":true,"href":"https:\/\/tiketi.com\/fr-fr\/wp-json\/wp\/v2\/comments?post=11642"}],"version-history":[{"count":0,"href":"https:\/\/tiketi.com\/fr-fr\/wp-json\/wp\/v2\/pages\/11642\/revisions"}],"up":[{"embeddable":true,"href":"https:\/\/tiketi.com\/fr-fr\/wp-json\/wp\/v2\/pages\/25605"}],"wp:featuredmedia":[{"embeddable":true,"href":"https:\/\/tiketi.com\/fr-fr\/wp-json\/wp\/v2\/media\/13999"}],"wp:attachment":[{"href":"https:\/\/tiketi.com\/fr-fr\/wp-json\/wp\/v2\/media?parent=11642"}],"curies":[{"name":"wp","href":"https:\/\/api.w.org\/{rel}","templated":true}]}}