{"id":11646,"date":"2022-01-19T12:55:00","date_gmt":"2022-01-19T11:55:00","guid":{"rendered":"https:\/\/new.tiketi.com\/bus-from-nairobi-to-bujumbura-bus-tickets-route-schedule-fare\/"},"modified":"2022-01-31T10:58:06","modified_gmt":"2022-01-31T09:58:06","slug":"bus-tickets-from-nairobi-to-bujumbura","status":"publish","type":"page","link":"https:\/\/tiketi.com\/fr-fr\/bus-tickets-from-nairobi-to-bujumbura\/","title":{"rendered":"Bus de Nairobi \u00e0 Bujumbura Billets de bus, itin\u00e9raire, horaires et tarifs"},"content":{"rendered":"<p>[wbtm-bus-search]<\/p>\n<h2>Cheap Bus Tickets from\u00a0Nairobi to Bujumbura Online Booking<\/h2>\n<h3>Discover your travel route on web, mobile or app and book cheap bus ticket from Nairobi to Bujumbura online now.<\/h3>\n<p>Compare cheap bus from Nairobi to Bujumbura bus tickets booking and book safe and travel Nairobi to Bujumbura by road. The city, generally known as Buji, has retained other characters from its period as a French colony such as amazing drink, food and nightlife. French cuisine can be found at different restaurants in the city, occupying a big range of prices and standard. So,\u00a0book your\u00a0discounted bus tickets from Nairobi to Bujumbura online now.<\/p>\n<h2>Bus from Nairobi to Bujumbura Bus Tickets Booking, Routes, Schedules &amp; Fares FAQs<\/h2>\n<h3>What is the affordable way to get from Nairobi to Bujumbura?<\/h3>\n<p>The affordable way to get from bus Nairobi to Bujumbura which costs $120 &#8211; $180 and takes 20h 20m.<\/p>\n<h3>What is the travel distance of bus Nairobi to Bujumbura?<\/h3>\n<p>The travel distance between Bujumbura and Nairobi is 860 km.<\/p>\n<h3>Can I drive or bus Nairobi to Bujumbura?<\/h3>\n<p>Yes, buses from Nairobi to Bujumbura distance is 1380 km. It takes about 20h 20m to drive from Nairobi to Bujumbura.<\/p>\n<h3>How to book online Nairobi to Bujumbura bus?<\/h3>\n<p>You can book dreamline cheap bus tickets from Nairobi to Bujumbura.<\/p>\n<h3>What is the fare from Nairobi to Bujumbura by bus?<\/h3>\n<p>Nairobi to Bujumbura bus fare $120 &#8211; $180.<\/p>\n<h2>Bus Tickets from\u00a0Nairobi to Bujumbura Tips<\/h2>\n<p><strong>Here are some of the best attractions of Bujumbura:<\/strong><\/p>\n<h3>Kanyosha<\/h3>\n<p>Kanyosha is placed in the city of Bujumbura. It is generally a hidden gem and not crowded with visitors. But if you are paying a visit to Bujumbura then you can definitely try Kanyosha. It is bordered with several perfect flora and fauna which you can look at while taking a walk within the place. The location is inhabited by different localities and you will get to view the daily life of these people. Once you pay a visit to the location you may capture the beauty of the location in your camera and later favor your friends to visit this location as well.<\/p>\n<h3>Rusizi National Park<\/h3>\n<p>One of the largest nature reserves in the country you will love the set of hippocampus and rhinoceros in Rusizi National Park. You must come early in the morning to spend a full day with the wildlife. The staff will provide you sufficient protection as there will be armed guards with the group of visitors. This park has got a big set of alligators and antelopes in the bank of the river.<\/p>\n","protected":false},"excerpt":{"rendered":"<p>[wbtm-bus-search] Cheap Bus Tickets from\u00a0Nairobi to Bujumbura Online Booking Discover your travel route on web, mobile or app and book cheap bus ticket from Nairobi to Bujumbura online now. Compare cheap bus from Nairobi to Bujumbura bus tickets booking and book safe and travel Nairobi to Bujumbura by road. The city, generally known as Buji, [&hellip;]<\/p>\n","protected":false},"author":1,"featured_media":13999,"parent":0,"menu_order":0,"comment_status":"open","ping_status":"closed","template":"template-home-modern.php","meta":{"footnotes":""},"class_list":["post-11646","page","type-page","status-publish","has-post-thumbnail","hentry"],"yoast_head":"<!-- This site is optimized with the Yoast SEO plugin v27.2 - https:\/\/yoast.com\/product\/yoast-seo-wordpress\/ -->\n<title>Bus from Nairobi to Bujumbura Bus Tickets, Route, Schedule &amp; Fare<\/title>\n<meta name=\"description\" content=\"Looking for bus from\u00a0Nairobi to Bujumbura bus tickets booking app, schedules &amp; fares? Book cheap bus tickets from Nairobi to Bujumbura online\" \/>\n<meta name=\"robots\" content=\"index, follow, max-snippet:-1, max-image-preview:large, max-video-preview:-1\" \/>\n<link rel=\"canonical\" href=\"https:\/\/tiketi.com\/fr-fr\/bus-tickets-from-nairobi-to-bujumbura\/\" \/>\n<meta property=\"og:locale\" content=\"fr_FR\" \/>\n<meta property=\"og:type\" content=\"article\" \/>\n<meta property=\"og:title\" content=\"Bus from Nairobi to Bujumbura Bus Tickets, Route, Schedule &amp; Fare\" \/>\n<meta property=\"og:description\" content=\"Looking for bus from\u00a0Nairobi to Bujumbura bus tickets booking app, schedules &amp; fares? Book cheap bus tickets from Nairobi to Bujumbura online\" \/>\n<meta property=\"og:url\" content=\"https:\/\/tiketi.com\/fr-fr\/bus-tickets-from-nairobi-to-bujumbura\/\" \/>\n<meta property=\"og:site_name\" content=\"Tiketi.com\" \/>\n<meta property=\"article:publisher\" content=\"https:\/\/www.facebook.com\/TiketiCom\/\" \/>\n<meta property=\"article:modified_time\" content=\"2022-01-31T09:58:06+00:00\" \/>\n<meta property=\"og:image\" content=\"https:\/\/tiketi.com\/wp-content\/uploads\/2022\/01\/bus-ticket-online-booking.jpg\" \/>\n\t<meta property=\"og:image:width\" content=\"1200\" \/>\n\t<meta property=\"og:image:height\" content=\"206\" \/>\n\t<meta property=\"og:image:type\" content=\"image\/jpeg\" \/>\n<meta name=\"twitter:card\" content=\"summary_large_image\" \/>\n<meta name=\"twitter:label1\" content=\"Dur\u00e9e de lecture estim\u00e9e\" \/>\n\t<meta name=\"twitter:data1\" content=\"2 minutes\" \/>\n<script type=\"application\/ld+json\" class=\"yoast-schema-graph\">{\"@context\":\"https:\/\/schema.org\",\"@graph\":[{\"@type\":\"WebPage\",\"@id\":\"https:\/\/tiketi.com\/sw\/bus-tickets-from-nairobi-to-bujumbura\/\",\"url\":\"https:\/\/tiketi.com\/sw\/bus-tickets-from-nairobi-to-bujumbura\/\",\"name\":\"Bus from Nairobi to Bujumbura Bus Tickets, Route, Schedule & Fare\",\"isPartOf\":{\"@id\":\"https:\/\/tiketi.com\/#website\"},\"primaryImageOfPage\":{\"@id\":\"https:\/\/tiketi.com\/sw\/bus-tickets-from-nairobi-to-bujumbura\/#primaryimage\"},\"image\":{\"@id\":\"https:\/\/tiketi.com\/sw\/bus-tickets-from-nairobi-to-bujumbura\/#primaryimage\"},\"thumbnailUrl\":\"https:\/\/tiketi.com\/wp-content\/uploads\/2022\/01\/bus-ticket-online-booking.jpg\",\"datePublished\":\"2022-01-19T11:55:00+00:00\",\"dateModified\":\"2022-01-31T09:58:06+00:00\",\"description\":\"Looking for bus from\u00a0Nairobi to Bujumbura bus tickets booking app, schedules & fares? Book cheap bus tickets from Nairobi to Bujumbura online\",\"breadcrumb\":{\"@id\":\"https:\/\/tiketi.com\/sw\/bus-tickets-from-nairobi-to-bujumbura\/#breadcrumb\"},\"inLanguage\":\"fr-FR\",\"potentialAction\":[{\"@type\":\"ReadAction\",\"target\":[\"https:\/\/tiketi.com\/sw\/bus-tickets-from-nairobi-to-bujumbura\/\"]}]},{\"@type\":\"ImageObject\",\"inLanguage\":\"fr-FR\",\"@id\":\"https:\/\/tiketi.com\/sw\/bus-tickets-from-nairobi-to-bujumbura\/#primaryimage\",\"url\":\"https:\/\/tiketi.com\/wp-content\/uploads\/2022\/01\/bus-ticket-online-booking.jpg\",\"contentUrl\":\"https:\/\/tiketi.com\/wp-content\/uploads\/2022\/01\/bus-ticket-online-booking.jpg\",\"width\":1200,\"height\":206,\"caption\":\"Online Bus Ticket Booking\"},{\"@type\":\"BreadcrumbList\",\"@id\":\"https:\/\/tiketi.com\/sw\/bus-tickets-from-nairobi-to-bujumbura\/#breadcrumb\",\"itemListElement\":[{\"@type\":\"ListItem\",\"position\":1,\"name\":\"Home\",\"item\":\"https:\/\/tiketi.com\/\"},{\"@type\":\"ListItem\",\"position\":2,\"name\":\"Bus from Nairobi to Bujumbura Bus Tickets, Route, Schedule &#038; Fare\"}]},{\"@type\":\"WebSite\",\"@id\":\"https:\/\/tiketi.com\/#website\",\"url\":\"https:\/\/tiketi.com\/\",\"name\":\"Flight & Bus Tickets, Tour Packages & Activitites - Tiketi.com\",\"description\":\"Flight &amp; Bus Tickets, Tours, Activitites\",\"publisher\":{\"@id\":\"https:\/\/tiketi.com\/#organization\"},\"potentialAction\":[{\"@type\":\"SearchAction\",\"target\":{\"@type\":\"EntryPoint\",\"urlTemplate\":\"https:\/\/tiketi.com\/?s={search_term_string}\"},\"query-input\":{\"@type\":\"PropertyValueSpecification\",\"valueRequired\":true,\"valueName\":\"search_term_string\"}}],\"inLanguage\":\"fr-FR\"},{\"@type\":\"Organization\",\"@id\":\"https:\/\/tiketi.com\/#organization\",\"name\":\"Tiketi.com\",\"alternateName\":\"Tiketi\",\"url\":\"https:\/\/tiketi.com\/\",\"logo\":{\"@type\":\"ImageObject\",\"inLanguage\":\"fr-FR\",\"@id\":\"https:\/\/tiketi.com\/#\/schema\/logo\/image\/\",\"url\":\"https:\/\/tiketi.com\/wp-content\/uploads\/2019\/05\/tiketi-logo-696.png\",\"contentUrl\":\"https:\/\/tiketi.com\/wp-content\/uploads\/2019\/05\/tiketi-logo-696.png\",\"width\":696,\"height\":696,\"caption\":\"Tiketi.com\"},\"image\":{\"@id\":\"https:\/\/tiketi.com\/#\/schema\/logo\/image\/\"},\"sameAs\":[\"https:\/\/www.facebook.com\/TiketiCom\/\"]}]}<\/script>\n<!-- \/ Yoast SEO plugin. -->","yoast_head_json":{"title":"Bus de Nairobi \u00e0 Bujumbura Billets de bus, itin\u00e9raire, horaires et tarifs","description":"\u00c0 la recherche d&#039;une application de r\u00e9servation de billets de bus de Nairobi \u00e0 Bujumbura, des horaires et des tarifs de bus ? R\u00e9servez en ligne des billets de bus de Nairobi \u00e0 Bujumbura \u00e0 petits prix","robots":{"index":"index","follow":"follow","max-snippet":"max-snippet:-1","max-image-preview":"max-image-preview:large","max-video-preview":"max-video-preview:-1"},"canonical":"https:\/\/tiketi.com\/fr-fr\/bus-tickets-from-nairobi-to-bujumbura\/","og_locale":"fr_FR","og_type":"article","og_title":"Bus from Nairobi to Bujumbura Bus Tickets, Route, Schedule & Fare","og_description":"Looking for bus from\u00a0Nairobi to Bujumbura bus tickets booking app, schedules & fares? Book cheap bus tickets from Nairobi to Bujumbura online","og_url":"https:\/\/tiketi.com\/fr-fr\/bus-tickets-from-nairobi-to-bujumbura\/","og_site_name":"Tiketi.com","article_publisher":"https:\/\/www.facebook.com\/TiketiCom\/","article_modified_time":"2022-01-31T09:58:06+00:00","og_image":[{"width":1200,"height":206,"url":"https:\/\/tiketi.com\/wp-content\/uploads\/2022\/01\/bus-ticket-online-booking.jpg","type":"image\/jpeg"}],"twitter_card":"summary_large_image","twitter_misc":{"Dur\u00e9e de lecture estim\u00e9e":"2 minutes"},"schema":{"@context":"https:\/\/schema.org","@graph":[{"@type":"WebPage","@id":"https:\/\/tiketi.com\/sw\/bus-tickets-from-nairobi-to-bujumbura\/","url":"https:\/\/tiketi.com\/sw\/bus-tickets-from-nairobi-to-bujumbura\/","name":"Bus de Nairobi \u00e0 Bujumbura Billets de bus, itin\u00e9raire, horaires et tarifs","isPartOf":{"@id":"https:\/\/tiketi.com\/#website"},"primaryImageOfPage":{"@id":"https:\/\/tiketi.com\/sw\/bus-tickets-from-nairobi-to-bujumbura\/#primaryimage"},"image":{"@id":"https:\/\/tiketi.com\/sw\/bus-tickets-from-nairobi-to-bujumbura\/#primaryimage"},"thumbnailUrl":"https:\/\/tiketi.com\/wp-content\/uploads\/2022\/01\/bus-ticket-online-booking.jpg","datePublished":"2022-01-19T11:55:00+00:00","dateModified":"2022-01-31T09:58:06+00:00","description":"\u00c0 la recherche d&#039;une application de r\u00e9servation de billets de bus de Nairobi \u00e0 Bujumbura, des horaires et des tarifs de bus ? R\u00e9servez en ligne des billets de bus de Nairobi \u00e0 Bujumbura \u00e0 petits prix","breadcrumb":{"@id":"https:\/\/tiketi.com\/sw\/bus-tickets-from-nairobi-to-bujumbura\/#breadcrumb"},"inLanguage":"fr-FR","potentialAction":[{"@type":"ReadAction","target":["https:\/\/tiketi.com\/sw\/bus-tickets-from-nairobi-to-bujumbura\/"]}]},{"@type":"ImageObject","inLanguage":"fr-FR","@id":"https:\/\/tiketi.com\/sw\/bus-tickets-from-nairobi-to-bujumbura\/#primaryimage","url":"https:\/\/tiketi.com\/wp-content\/uploads\/2022\/01\/bus-ticket-online-booking.jpg","contentUrl":"https:\/\/tiketi.com\/wp-content\/uploads\/2022\/01\/bus-ticket-online-booking.jpg","width":1200,"height":206,"caption":"Online Bus Ticket Booking"},{"@type":"BreadcrumbList","@id":"https:\/\/tiketi.com\/sw\/bus-tickets-from-nairobi-to-bujumbura\/#breadcrumb","itemListElement":[{"@type":"ListItem","position":1,"name":"Home","item":"https:\/\/tiketi.com\/"},{"@type":"ListItem","position":2,"name":"Bus from Nairobi to Bujumbura Bus Tickets, Route, Schedule &#038; Fare"}]},{"@type":"WebSite","@id":"https:\/\/tiketi.com\/#website","url":"https:\/\/tiketi.com\/","name":"Billets d&#039;avion et de bus, forfaits touristiques et activit\u00e9s - Tiketi.com","description":"Billets d&#039;avion et de bus, Tours, Activit\u00e9s","publisher":{"@id":"https:\/\/tiketi.com\/#organization"},"potentialAction":[{"@type":"SearchAction","target":{"@type":"EntryPoint","urlTemplate":"https:\/\/tiketi.com\/?s={search_term_string}"},"query-input":{"@type":"PropertyValueSpecification","valueRequired":true,"valueName":"search_term_string"}}],"inLanguage":"fr-FR"},{"@type":"Organization","@id":"https:\/\/tiketi.com\/#organization","name":"Tiketi.com","alternateName":"Tiketi","url":"https:\/\/tiketi.com\/","logo":{"@type":"ImageObject","inLanguage":"fr-FR","@id":"https:\/\/tiketi.com\/#\/schema\/logo\/image\/","url":"https:\/\/tiketi.com\/wp-content\/uploads\/2019\/05\/tiketi-logo-696.png","contentUrl":"https:\/\/tiketi.com\/wp-content\/uploads\/2019\/05\/tiketi-logo-696.png","width":696,"height":696,"caption":"Tiketi.com"},"image":{"@id":"https:\/\/tiketi.com\/#\/schema\/logo\/image\/"},"sameAs":["https:\/\/www.facebook.com\/TiketiCom\/"]}]}},"_links":{"self":[{"href":"https:\/\/tiketi.com\/fr-fr\/wp-json\/wp\/v2\/pages\/11646","targetHints":{"allow":["GET"]}}],"collection":[{"href":"https:\/\/tiketi.com\/fr-fr\/wp-json\/wp\/v2\/pages"}],"about":[{"href":"https:\/\/tiketi.com\/fr-fr\/wp-json\/wp\/v2\/types\/page"}],"author":[{"embeddable":true,"href":"https:\/\/tiketi.com\/fr-fr\/wp-json\/wp\/v2\/users\/1"}],"replies":[{"embeddable":true,"href":"https:\/\/tiketi.com\/fr-fr\/wp-json\/wp\/v2\/comments?post=11646"}],"version-history":[{"count":0,"href":"https:\/\/tiketi.com\/fr-fr\/wp-json\/wp\/v2\/pages\/11646\/revisions"}],"wp:featuredmedia":[{"embeddable":true,"href":"https:\/\/tiketi.com\/fr-fr\/wp-json\/wp\/v2\/media\/13999"}],"wp:attachment":[{"href":"https:\/\/tiketi.com\/fr-fr\/wp-json\/wp\/v2\/media?parent=11646"}],"curies":[{"name":"wp","href":"https:\/\/api.w.org\/{rel}","templated":true}]}}