{"id":11647,"date":"2022-01-19T12:55:00","date_gmt":"2022-01-19T11:55:00","guid":{"rendered":"https:\/\/new.tiketi.com\/bus-tickets-from-johannesburg-to-maputo-bus-fare-route-schedule\/"},"modified":"2022-10-24T11:58:02","modified_gmt":"2022-10-24T10:58:02","slug":"cheap-bus-tickets-from-johannesburg-to-maputo","status":"publish","type":"page","link":"https:\/\/tiketi.com\/fr-fr\/cheap-bus-tickets-from-johannesburg-to-maputo\/","title":{"rendered":"Billets de bus de Johannesburg \u00e0 Maputo Bus, tarif, itin\u00e9raire et horaires"},"content":{"rendered":"<h2>Bus pas cher de Johannesburg \u00e0 Maputo R\u00e9servation de billets en ligne<\/h2>\n<h3>D\u00e9couvrez votre itin\u00e9raire sur le web, le mobile ou l&#039;application et r\u00e9servez en ligne maintenant un billet de bus pas cher de Johannesbourg \u00e0 Maputo.<\/h3>\n<p>Comparez et r\u00e9servez vos billets de bus pas chers de Johannesbourg \u00e0 Maputo en bus et gagnez du temps et de l&#039;argent. Maputo est une ville extr\u00eamement accessible et, \u00e9tant la capitale du Mozambique, elle rev\u00eat \u00e9galement une importance pour la nation. Les visiteurs aiment Maputo pour son dynamisme, sa diversit\u00e9, sa vari\u00e9t\u00e9 de choses amusantes \u00e0 faire et son cadre charmant sur le b\u00e9b\u00e9 surplombant l&#039;oc\u00e9an Indien. Alors qu&#039;attendez-vous pour r\u00e9server en ligne d\u00e8s maintenant votre bus pas cher de Johannesbourg \u00e0 Maputo ?<\/p>\n<h2>Billets de bus pas chers de Johannesburg \u00e0 Maputo FAQ sur la r\u00e9servation de bus, l&#039;itin\u00e9raire, le tarif et les horaires<\/h2>\n<h3>Quel est le moyen abordable pour se rendre de Johannesbourg \u00e0 Maputo ?<\/h3>\n<p>Le bus est le moyen le plus abordable de se rendre de Johannesburg \u00e0 Maputo. Bus pas cher de Johannesburg \u00e0 Maputo tarif de bus $16 \u2013 $40 et dure 7h 40m.<\/p>\n<h3>Y a-t-il un bus direct de Johannesbourg \u00e0 Maputo ?<\/h3>\n<p>Oui, il y a des bus directs de Johannesburg \u00e0 Maputo. Les services partent 4 heures, et op\u00e8rent chaque jour. Le trajet dure environ 7h 40m.<\/p>\n<h3>Quelle est la distance entre Johannesbourg et Maputo en bus ?<\/h3>\n<p>La distance entre Maputo et Johannesburg en bus est de 454 km.<\/p>\n<h3>Comment se d\u00e9placer de Johannesbourg \u00e0 Maputo sans voiture ?<\/h3>\n<p>Le meilleur moyen pour se rendre de Johannesbourg \u00e0 Maputo sans voiture est de bus, ce qui dure 7h 50 m et co\u00fbte $16 \u2013 $40.<\/p>\n<h3>O\u00f9 prendre le bus depuis Johannesbourg pour Maputo ?<\/h3>\n<p>Billets de bus bon march\u00e9 de Johannesburg \u00e0 Maputo services, op\u00e9r\u00e9s par des tarifs de bus pionniers de Johannesburg \u00e0 Maputo, et des tarifs de bus Eagle Liner de Johannesburg \u00e0 Maputo.<\/p>\n<h3>Avion ou bus de Johannesbourg \u00e0 Maputo ?<\/h3>\n<p>Le meilleur moyen de se rendre de Johannesburg \u00e0 Maputo est de <a href=\"https:\/\/tiketi.com\/fr-fr\/flights-johannesburg-maputo-jnb-mpm\/\" target=\"_blank\" rel=\"noopener\">voler<\/a> qui dure 4h 10m et co\u00fbte $90 \u2013 $200. Alternativement, alternativement, vous pouvez bus, ce qui co\u00fbte $15 \u2013 $40 et dure 7h 50m.<\/p>\n<h2>Bus de Johannesburg \u00e0 Maputo<\/h2>\n<h3>\u00c9glise Saint-Antoine<\/h3>\n<p>Maputo regorge de brillance architecturale et cela s&#039;accompagne d&#039;une contribution \u00e9tonnante de l&#039;\u00e9poque coloniale lorsque les Portugais dirigeaient cette nation d&#039;Afrique de l&#039;Est. Si vous allez \u00e0 l&#039;\u00e9glise Saint-Antoine qui est le centre de la ville, vous d\u00e9couvrirez que les pionniers indiens qui \u00e9taient parmi les premiers colons du Mozambique ont influenc\u00e9 la conception de son \u00e9difice religieux et historique.<\/p>\n<h3>Forteresse Saint-S\u00e9bastien<\/h3>\n<p>La vaillante forteresse de Saint-S\u00e9bastien a \u00e9t\u00e9 construite il y a des d\u00e9cennies pour sauver la baie de Maputo des maraudeurs coloniaux allemands et espagnols. Le soutien sud-africain pour construire la forteresse et Paul Kruger ont \u00e9galement \u00e9t\u00e9 utiles pour d\u00e9marrer le chemin de fer comme lien entre Maputo et Pretoria.<\/p>","protected":false},"excerpt":{"rendered":"<p>Cheap Bus from Johannesburg to Maputo Online Ticket\u00a0Booking Discover your travel route on web, mobile or app and book cheap bus ticket from Johannesburg to Maputo online now. Compare and book a cheap bus tickets from Johannesburg to Maputo bus booking and\u00a0save time and money. Maputo is extremely accessible town, and being the capital city [&hellip;]<\/p>\n","protected":false},"author":1,"featured_media":13999,"parent":0,"menu_order":0,"comment_status":"open","ping_status":"closed","template":"template-home-modern.php","meta":{"footnotes":""},"class_list":["post-11647","page","type-page","status-publish","has-post-thumbnail","hentry"],"yoast_head":"<!-- This site is optimized with the Yoast SEO plugin v27.2 - https:\/\/yoast.com\/product\/yoast-seo-wordpress\/ -->\n<title>Bus Tickets from\u00a0Johannesburg to Maputo Bus, Fare, Route &amp; Schedule<\/title>\n<meta name=\"description\" content=\"Looking for bus from Johannesburg to Maputo bus booking app, fare &amp; schedule? Book cheap bus tickets from Johannesburg to Maputo online now\" \/>\n<meta name=\"robots\" content=\"index, follow, max-snippet:-1, max-image-preview:large, max-video-preview:-1\" \/>\n<link rel=\"canonical\" href=\"https:\/\/tiketi.com\/fr-fr\/cheap-bus-tickets-from-johannesburg-to-maputo\/\" \/>\n<meta property=\"og:locale\" content=\"fr_FR\" \/>\n<meta property=\"og:type\" content=\"article\" \/>\n<meta property=\"og:title\" content=\"Bus Tickets from\u00a0Johannesburg to Maputo Bus, Fare, Route &amp; Schedule\" \/>\n<meta property=\"og:description\" content=\"Looking for bus from Johannesburg to Maputo bus booking app, fare &amp; schedule? Book cheap bus tickets from Johannesburg to Maputo online now\" \/>\n<meta property=\"og:url\" content=\"https:\/\/tiketi.com\/fr-fr\/cheap-bus-tickets-from-johannesburg-to-maputo\/\" \/>\n<meta property=\"og:site_name\" content=\"Tiketi.com\" \/>\n<meta property=\"article:publisher\" content=\"https:\/\/www.facebook.com\/TiketiCom\/\" \/>\n<meta property=\"article:modified_time\" content=\"2022-10-24T10:58:02+00:00\" \/>\n<meta property=\"og:image\" content=\"https:\/\/tiketi.com\/wp-content\/uploads\/2022\/01\/bus-ticket-online-booking.jpg\" \/>\n\t<meta property=\"og:image:width\" content=\"1200\" \/>\n\t<meta property=\"og:image:height\" content=\"206\" \/>\n\t<meta property=\"og:image:type\" content=\"image\/jpeg\" \/>\n<meta name=\"twitter:card\" content=\"summary_large_image\" \/>\n<meta name=\"twitter:label1\" content=\"Dur\u00e9e de lecture estim\u00e9e\" \/>\n\t<meta name=\"twitter:data1\" content=\"2 minutes\" \/>\n<script type=\"application\/ld+json\" class=\"yoast-schema-graph\">{\"@context\":\"https:\/\/schema.org\",\"@graph\":[{\"@type\":\"WebPage\",\"@id\":\"https:\/\/tiketi.com\/en-gb\/cheap-bus-tickets-from-johannesburg-to-maputo\/\",\"url\":\"https:\/\/tiketi.com\/en-gb\/cheap-bus-tickets-from-johannesburg-to-maputo\/\",\"name\":\"Bus Tickets from\u00a0Johannesburg to Maputo Bus, Fare, Route & Schedule\",\"isPartOf\":{\"@id\":\"https:\/\/tiketi.com\/#website\"},\"primaryImageOfPage\":{\"@id\":\"https:\/\/tiketi.com\/en-gb\/cheap-bus-tickets-from-johannesburg-to-maputo\/#primaryimage\"},\"image\":{\"@id\":\"https:\/\/tiketi.com\/en-gb\/cheap-bus-tickets-from-johannesburg-to-maputo\/#primaryimage\"},\"thumbnailUrl\":\"https:\/\/tiketi.com\/wp-content\/uploads\/2022\/01\/bus-ticket-online-booking.jpg\",\"datePublished\":\"2022-01-19T11:55:00+00:00\",\"dateModified\":\"2022-10-24T10:58:02+00:00\",\"description\":\"Looking for bus from Johannesburg to Maputo bus booking app, fare & schedule? Book cheap bus tickets from Johannesburg to Maputo online now\",\"breadcrumb\":{\"@id\":\"https:\/\/tiketi.com\/en-gb\/cheap-bus-tickets-from-johannesburg-to-maputo\/#breadcrumb\"},\"inLanguage\":\"fr-FR\",\"potentialAction\":[{\"@type\":\"ReadAction\",\"target\":[\"https:\/\/tiketi.com\/en-gb\/cheap-bus-tickets-from-johannesburg-to-maputo\/\"]}]},{\"@type\":\"ImageObject\",\"inLanguage\":\"fr-FR\",\"@id\":\"https:\/\/tiketi.com\/en-gb\/cheap-bus-tickets-from-johannesburg-to-maputo\/#primaryimage\",\"url\":\"https:\/\/tiketi.com\/wp-content\/uploads\/2022\/01\/bus-ticket-online-booking.jpg\",\"contentUrl\":\"https:\/\/tiketi.com\/wp-content\/uploads\/2022\/01\/bus-ticket-online-booking.jpg\",\"width\":1200,\"height\":206,\"caption\":\"Online Bus Ticket Booking\"},{\"@type\":\"BreadcrumbList\",\"@id\":\"https:\/\/tiketi.com\/en-gb\/cheap-bus-tickets-from-johannesburg-to-maputo\/#breadcrumb\",\"itemListElement\":[{\"@type\":\"ListItem\",\"position\":1,\"name\":\"Home\",\"item\":\"https:\/\/tiketi.com\/\"},{\"@type\":\"ListItem\",\"position\":2,\"name\":\"Bus Tickets from\u00a0Johannesburg to Maputo Bus, Fare, Route &#038; Schedule\"}]},{\"@type\":\"WebSite\",\"@id\":\"https:\/\/tiketi.com\/#website\",\"url\":\"https:\/\/tiketi.com\/\",\"name\":\"Flight & Bus Tickets, Tour Packages & Activitites - Tiketi.com\",\"description\":\"Flight &amp; Bus Tickets, Tours, Activitites\",\"publisher\":{\"@id\":\"https:\/\/tiketi.com\/#organization\"},\"potentialAction\":[{\"@type\":\"SearchAction\",\"target\":{\"@type\":\"EntryPoint\",\"urlTemplate\":\"https:\/\/tiketi.com\/?s={search_term_string}\"},\"query-input\":{\"@type\":\"PropertyValueSpecification\",\"valueRequired\":true,\"valueName\":\"search_term_string\"}}],\"inLanguage\":\"fr-FR\"},{\"@type\":\"Organization\",\"@id\":\"https:\/\/tiketi.com\/#organization\",\"name\":\"Tiketi.com\",\"alternateName\":\"Tiketi\",\"url\":\"https:\/\/tiketi.com\/\",\"logo\":{\"@type\":\"ImageObject\",\"inLanguage\":\"fr-FR\",\"@id\":\"https:\/\/tiketi.com\/#\/schema\/logo\/image\/\",\"url\":\"https:\/\/tiketi.com\/wp-content\/uploads\/2019\/05\/tiketi-logo-696.png\",\"contentUrl\":\"https:\/\/tiketi.com\/wp-content\/uploads\/2019\/05\/tiketi-logo-696.png\",\"width\":696,\"height\":696,\"caption\":\"Tiketi.com\"},\"image\":{\"@id\":\"https:\/\/tiketi.com\/#\/schema\/logo\/image\/\"},\"sameAs\":[\"https:\/\/www.facebook.com\/TiketiCom\/\"]}]}<\/script>\n<!-- \/ Yoast SEO plugin. -->","yoast_head_json":{"title":"Billets de bus de Johannesburg \u00e0 Maputo Bus, tarif, itin\u00e9raire et horaires","description":"\u00c0 la recherche d&#039;une application de r\u00e9servation de bus de Johannesbourg \u00e0 Maputo, d&#039;un tarif et d&#039;un horaire de bus\u00a0? R\u00e9servez en ligne maintenant des billets de bus \u00e0 bas prix de Johannesbourg \u00e0 Maputo","robots":{"index":"index","follow":"follow","max-snippet":"max-snippet:-1","max-image-preview":"max-image-preview:large","max-video-preview":"max-video-preview:-1"},"canonical":"https:\/\/tiketi.com\/fr-fr\/cheap-bus-tickets-from-johannesburg-to-maputo\/","og_locale":"fr_FR","og_type":"article","og_title":"Bus Tickets from\u00a0Johannesburg to Maputo Bus, Fare, Route & Schedule","og_description":"Looking for bus from Johannesburg to Maputo bus booking app, fare & schedule? Book cheap bus tickets from Johannesburg to Maputo online now","og_url":"https:\/\/tiketi.com\/fr-fr\/cheap-bus-tickets-from-johannesburg-to-maputo\/","og_site_name":"Tiketi.com","article_publisher":"https:\/\/www.facebook.com\/TiketiCom\/","article_modified_time":"2022-10-24T10:58:02+00:00","og_image":[{"width":1200,"height":206,"url":"https:\/\/tiketi.com\/wp-content\/uploads\/2022\/01\/bus-ticket-online-booking.jpg","type":"image\/jpeg"}],"twitter_card":"summary_large_image","twitter_misc":{"Dur\u00e9e de lecture estim\u00e9e":"2 minutes"},"schema":{"@context":"https:\/\/schema.org","@graph":[{"@type":"WebPage","@id":"https:\/\/tiketi.com\/en-gb\/cheap-bus-tickets-from-johannesburg-to-maputo\/","url":"https:\/\/tiketi.com\/en-gb\/cheap-bus-tickets-from-johannesburg-to-maputo\/","name":"Billets de bus de Johannesburg \u00e0 Maputo Bus, tarif, itin\u00e9raire et horaires","isPartOf":{"@id":"https:\/\/tiketi.com\/#website"},"primaryImageOfPage":{"@id":"https:\/\/tiketi.com\/en-gb\/cheap-bus-tickets-from-johannesburg-to-maputo\/#primaryimage"},"image":{"@id":"https:\/\/tiketi.com\/en-gb\/cheap-bus-tickets-from-johannesburg-to-maputo\/#primaryimage"},"thumbnailUrl":"https:\/\/tiketi.com\/wp-content\/uploads\/2022\/01\/bus-ticket-online-booking.jpg","datePublished":"2022-01-19T11:55:00+00:00","dateModified":"2022-10-24T10:58:02+00:00","description":"\u00c0 la recherche d&#039;une application de r\u00e9servation de bus de Johannesbourg \u00e0 Maputo, d&#039;un tarif et d&#039;un horaire de bus\u00a0? R\u00e9servez en ligne maintenant des billets de bus \u00e0 bas prix de Johannesbourg \u00e0 Maputo","breadcrumb":{"@id":"https:\/\/tiketi.com\/en-gb\/cheap-bus-tickets-from-johannesburg-to-maputo\/#breadcrumb"},"inLanguage":"fr-FR","potentialAction":[{"@type":"ReadAction","target":["https:\/\/tiketi.com\/en-gb\/cheap-bus-tickets-from-johannesburg-to-maputo\/"]}]},{"@type":"ImageObject","inLanguage":"fr-FR","@id":"https:\/\/tiketi.com\/en-gb\/cheap-bus-tickets-from-johannesburg-to-maputo\/#primaryimage","url":"https:\/\/tiketi.com\/wp-content\/uploads\/2022\/01\/bus-ticket-online-booking.jpg","contentUrl":"https:\/\/tiketi.com\/wp-content\/uploads\/2022\/01\/bus-ticket-online-booking.jpg","width":1200,"height":206,"caption":"Online Bus Ticket Booking"},{"@type":"BreadcrumbList","@id":"https:\/\/tiketi.com\/en-gb\/cheap-bus-tickets-from-johannesburg-to-maputo\/#breadcrumb","itemListElement":[{"@type":"ListItem","position":1,"name":"Home","item":"https:\/\/tiketi.com\/"},{"@type":"ListItem","position":2,"name":"Bus Tickets from\u00a0Johannesburg to Maputo Bus, Fare, Route &#038; Schedule"}]},{"@type":"WebSite","@id":"https:\/\/tiketi.com\/#website","url":"https:\/\/tiketi.com\/","name":"Billets d&#039;avion et de bus, forfaits touristiques et activit\u00e9s - Tiketi.com","description":"Billets d&#039;avion et de bus, Tours, Activit\u00e9s","publisher":{"@id":"https:\/\/tiketi.com\/#organization"},"potentialAction":[{"@type":"SearchAction","target":{"@type":"EntryPoint","urlTemplate":"https:\/\/tiketi.com\/?s={search_term_string}"},"query-input":{"@type":"PropertyValueSpecification","valueRequired":true,"valueName":"search_term_string"}}],"inLanguage":"fr-FR"},{"@type":"Organization","@id":"https:\/\/tiketi.com\/#organization","name":"Tiketi.com","alternateName":"Tiketi","url":"https:\/\/tiketi.com\/","logo":{"@type":"ImageObject","inLanguage":"fr-FR","@id":"https:\/\/tiketi.com\/#\/schema\/logo\/image\/","url":"https:\/\/tiketi.com\/wp-content\/uploads\/2019\/05\/tiketi-logo-696.png","contentUrl":"https:\/\/tiketi.com\/wp-content\/uploads\/2019\/05\/tiketi-logo-696.png","width":696,"height":696,"caption":"Tiketi.com"},"image":{"@id":"https:\/\/tiketi.com\/#\/schema\/logo\/image\/"},"sameAs":["https:\/\/www.facebook.com\/TiketiCom\/"]}]}},"_links":{"self":[{"href":"https:\/\/tiketi.com\/fr-fr\/wp-json\/wp\/v2\/pages\/11647","targetHints":{"allow":["GET"]}}],"collection":[{"href":"https:\/\/tiketi.com\/fr-fr\/wp-json\/wp\/v2\/pages"}],"about":[{"href":"https:\/\/tiketi.com\/fr-fr\/wp-json\/wp\/v2\/types\/page"}],"author":[{"embeddable":true,"href":"https:\/\/tiketi.com\/fr-fr\/wp-json\/wp\/v2\/users\/1"}],"replies":[{"embeddable":true,"href":"https:\/\/tiketi.com\/fr-fr\/wp-json\/wp\/v2\/comments?post=11647"}],"version-history":[{"count":0,"href":"https:\/\/tiketi.com\/fr-fr\/wp-json\/wp\/v2\/pages\/11647\/revisions"}],"wp:featuredmedia":[{"embeddable":true,"href":"https:\/\/tiketi.com\/fr-fr\/wp-json\/wp\/v2\/media\/13999"}],"wp:attachment":[{"href":"https:\/\/tiketi.com\/fr-fr\/wp-json\/wp\/v2\/media?parent=11647"}],"curies":[{"name":"wp","href":"https:\/\/api.w.org\/{rel}","templated":true}]}}