{"id":11648,"date":"2022-01-19T12:55:00","date_gmt":"2022-01-19T11:55:00","guid":{"rendered":"https:\/\/new.tiketi.com\/bus-tickets-from-johannesburg-to-blantyre-bus-booking-fares-schedule\/"},"modified":"2022-02-01T10:06:05","modified_gmt":"2022-02-01T09:06:05","slug":"cheap-bus-tickets-from-johannesburg-to-blantyre","status":"publish","type":"page","link":"https:\/\/tiketi.com\/fr-fr\/cheap-bus-tickets-from-johannesburg-to-blantyre\/","title":{"rendered":"Billets de bus de Johannesburg \u00e0 Blantyre R\u00e9servation de bus, tarifs et horaires"},"content":{"rendered":"<p>[wbtm-bus-search]<\/p>\n<h2>Bus from Johannesburg to Blantyre Online Ticket\u00a0Booking<\/h2>\n<h3>Discover your travel route on web, mobile or app and book cheap bus ticket from Johannesburg to Blantyre online now.<\/h3>\n<p>Simply search, compare and\u00a0do cheap\u00a0bus tickets from Johannesburg to Blantyre\u00a0bus booking online. Blantyre, the Malawi commercial city, is fun, friendly and vibrant. When traveling via Malawi Blantyre should be a definite stop. In this, the second biggest city in the country, there are many cultural heritage places, wildlife reservations and some amazing spots for fun. So book your cheap bus from Johannesburg to Blantyre\u00a0online now.<\/p>\n<h2>Bus Tickets from Johannesburg to Blantyre Bus Booking, Fares, Routes &amp; Schedules FAQs<\/h2>\n<h3>What is the affordable way to get from Johannesburg to Blantyre?<\/h3>\n<p>The affordable way to get from Johannesburg to Blantyre by bus. Johannesburg to Blantyre bus fare $45 &#8211; $90 and takes 33h.<\/p>\n<h3>Is there a direct bus Johannesburg to Blantyre?<\/h3>\n<p>Yes, there is a direct bus Johannesburg to Blantyre. Services depart once a week, and run every day. The journey takes about 33h.<\/p>\n<h3>What is the travel distance of Johannesburg to Blantyre by bus?<\/h3>\n<p>The travel distance of Blantyre and Johannesburg is 1365 km.<\/p>\n<h3>How do I move from Johannesburg to Blantyre without a car?<\/h3>\n<p>The top way to get from Johannesburg to Blantyre without a vehicle is to bus. Delta bus from Johannesburg to Blantyre price $45 &#8211; $90 and takes 33h.<\/p>\n<h3>Where do I take the Johannesburg to Blantyre bus from?<\/h3>\n<p>Buses Johannesburg to Blantyre, operated by pioneer bus fares from Johannesburg to Blantyre, eagle liner bus fare from Johannesburg to Blantyre.<\/p>\n<h3>Fly or bus from Johannesburg to Blantyre?<\/h3>\n<p>The top way to get from Johannesburg to Blantyre is to <a href=\"https:\/\/tiketi.com\/flightst\" target=\"_blank\" rel=\"noopener\">fly<\/a> which takes 5h 30m and costs $190 &#8211; $420. Alternatively, you can bus, cheap bus tickets from Johannesburg to Blantyre\u00a0fares costs $45 &#8211; $90 and takes 33h.<\/p>\n<h2>Bus from Johannesburg to Blantyre Tips<\/h2>\n<h3>Here are some of the best attractions in Blantyre:<\/h3>\n<h3>Michiru Mountain<\/h3>\n<p>Michiru Mountain is a habitat for wild animals, like hyenas, African python, antelopes, wild dogs, monkeys, and different species of birds. It is simple to encounter these animals while walking around the mountain. Just a fifteen minute drive from town, the mountain stands between Chileka International Airport and Sanjika Palace.<\/p>\n<h3>La Caverna Art Gallery<\/h3>\n<p>Visitors that have a passion of art will find the top collection at La Caverna Art Gallery. This is the house of local artists, local, where their work is exhibited and accessible for sale. Placed along Mandala Road, the Old Fashioned Building specs amazing artworks.<\/p>\n","protected":false},"excerpt":{"rendered":"<p>[wbtm-bus-search] Bus from Johannesburg to Blantyre Online Ticket\u00a0Booking Discover your travel route on web, mobile or app and book cheap bus ticket from Johannesburg to Blantyre online now. Simply search, compare and\u00a0do cheap\u00a0bus tickets from Johannesburg to Blantyre\u00a0bus booking online. Blantyre, the Malawi commercial city, is fun, friendly and vibrant. When traveling via Malawi Blantyre [&hellip;]<\/p>\n","protected":false},"author":1,"featured_media":13999,"parent":0,"menu_order":0,"comment_status":"open","ping_status":"closed","template":"template-home-modern.php","meta":{"footnotes":""},"class_list":["post-11648","page","type-page","status-publish","has-post-thumbnail","hentry"],"yoast_head":"<!-- This site is optimized with the Yoast SEO plugin v27.3 - https:\/\/yoast.com\/product\/yoast-seo-wordpress\/ -->\n<title>Bus Tickets from Johannesburg to Blantyre Bus Booking, Fare &amp; Schedule<\/title>\n<meta name=\"description\" content=\"Looking for bus from Johannesburg to Blantyre bus tickets booking app, schedule &amp; fare? Book cheap bus tickets from Johannesburg to Blantyre\" \/>\n<meta name=\"robots\" content=\"index, follow, max-snippet:-1, max-image-preview:large, max-video-preview:-1\" \/>\n<link rel=\"canonical\" href=\"https:\/\/tiketi.com\/fr-fr\/cheap-bus-tickets-from-johannesburg-to-blantyre\/\" \/>\n<meta property=\"og:locale\" content=\"fr_FR\" \/>\n<meta property=\"og:type\" content=\"article\" \/>\n<meta property=\"og:title\" content=\"Bus Tickets from Johannesburg to Blantyre Bus Booking, Fare &amp; Schedule\" \/>\n<meta property=\"og:description\" content=\"Looking for bus from Johannesburg to Blantyre bus tickets booking app, schedule &amp; fare? Book cheap bus tickets from Johannesburg to Blantyre\" \/>\n<meta property=\"og:url\" content=\"https:\/\/tiketi.com\/fr-fr\/cheap-bus-tickets-from-johannesburg-to-blantyre\/\" \/>\n<meta property=\"og:site_name\" content=\"Tiketi.com\" \/>\n<meta property=\"article:publisher\" content=\"https:\/\/www.facebook.com\/TiketiCom\/\" \/>\n<meta property=\"article:modified_time\" content=\"2022-02-01T09:06:05+00:00\" \/>\n<meta property=\"og:image\" content=\"https:\/\/tiketi.com\/wp-content\/uploads\/2022\/01\/bus-ticket-online-booking.jpg\" \/>\n\t<meta property=\"og:image:width\" content=\"1200\" \/>\n\t<meta property=\"og:image:height\" content=\"206\" \/>\n\t<meta property=\"og:image:type\" content=\"image\/jpeg\" \/>\n<meta name=\"twitter:card\" content=\"summary_large_image\" \/>\n<meta name=\"twitter:label1\" content=\"Dur\u00e9e de lecture estim\u00e9e\" \/>\n\t<meta name=\"twitter:data1\" content=\"2 minutes\" \/>\n<script type=\"application\/ld+json\" class=\"yoast-schema-graph\">{\"@context\":\"https:\\\/\\\/schema.org\",\"@graph\":[{\"@type\":\"WebPage\",\"@id\":\"https:\\\/\\\/tiketi.com\\\/cheap-bus-tickets-from-johannesburg-to-blantyre\\\/\",\"url\":\"https:\\\/\\\/tiketi.com\\\/cheap-bus-tickets-from-johannesburg-to-blantyre\\\/\",\"name\":\"Bus Tickets from Johannesburg to Blantyre Bus Booking, Fare & Schedule\",\"isPartOf\":{\"@id\":\"https:\\\/\\\/tiketi.com\\\/#website\"},\"primaryImageOfPage\":{\"@id\":\"https:\\\/\\\/tiketi.com\\\/cheap-bus-tickets-from-johannesburg-to-blantyre\\\/#primaryimage\"},\"image\":{\"@id\":\"https:\\\/\\\/tiketi.com\\\/cheap-bus-tickets-from-johannesburg-to-blantyre\\\/#primaryimage\"},\"thumbnailUrl\":\"https:\\\/\\\/tiketi.com\\\/wp-content\\\/uploads\\\/2022\\\/01\\\/bus-ticket-online-booking.jpg\",\"datePublished\":\"2022-01-19T11:55:00+00:00\",\"dateModified\":\"2022-02-01T09:06:05+00:00\",\"description\":\"Looking for bus from Johannesburg to Blantyre bus tickets booking app, schedule & fare? Book cheap bus tickets from Johannesburg to Blantyre\",\"breadcrumb\":{\"@id\":\"https:\\\/\\\/tiketi.com\\\/cheap-bus-tickets-from-johannesburg-to-blantyre\\\/#breadcrumb\"},\"inLanguage\":\"fr-FR\",\"potentialAction\":[{\"@type\":\"ReadAction\",\"target\":[\"https:\\\/\\\/tiketi.com\\\/cheap-bus-tickets-from-johannesburg-to-blantyre\\\/\"]}]},{\"@type\":\"ImageObject\",\"inLanguage\":\"fr-FR\",\"@id\":\"https:\\\/\\\/tiketi.com\\\/cheap-bus-tickets-from-johannesburg-to-blantyre\\\/#primaryimage\",\"url\":\"https:\\\/\\\/tiketi.com\\\/wp-content\\\/uploads\\\/2022\\\/01\\\/bus-ticket-online-booking.jpg\",\"contentUrl\":\"https:\\\/\\\/tiketi.com\\\/wp-content\\\/uploads\\\/2022\\\/01\\\/bus-ticket-online-booking.jpg\",\"width\":1200,\"height\":206,\"caption\":\"Online Bus Ticket Booking\"},{\"@type\":\"BreadcrumbList\",\"@id\":\"https:\\\/\\\/tiketi.com\\\/cheap-bus-tickets-from-johannesburg-to-blantyre\\\/#breadcrumb\",\"itemListElement\":[{\"@type\":\"ListItem\",\"position\":1,\"name\":\"Home\",\"item\":\"https:\\\/\\\/tiketi.com\\\/\"},{\"@type\":\"ListItem\",\"position\":2,\"name\":\"Bus Tickets from Johannesburg to Blantyre Bus Booking, Fare &#038; Schedule\"}]},{\"@type\":\"WebSite\",\"@id\":\"https:\\\/\\\/tiketi.com\\\/#website\",\"url\":\"https:\\\/\\\/tiketi.com\\\/\",\"name\":\"Flight & Bus Tickets, Tour Packages & Activitites - Tiketi.com\",\"description\":\"Flight &amp; Bus Tickets, Tours, Activitites\",\"publisher\":{\"@id\":\"https:\\\/\\\/tiketi.com\\\/#organization\"},\"potentialAction\":[{\"@type\":\"SearchAction\",\"target\":{\"@type\":\"EntryPoint\",\"urlTemplate\":\"https:\\\/\\\/tiketi.com\\\/?s={search_term_string}\"},\"query-input\":{\"@type\":\"PropertyValueSpecification\",\"valueRequired\":true,\"valueName\":\"search_term_string\"}}],\"inLanguage\":\"fr-FR\"},{\"@type\":\"Organization\",\"@id\":\"https:\\\/\\\/tiketi.com\\\/#organization\",\"name\":\"Tiketi.com\",\"alternateName\":\"Tiketi\",\"url\":\"https:\\\/\\\/tiketi.com\\\/\",\"logo\":{\"@type\":\"ImageObject\",\"inLanguage\":\"fr-FR\",\"@id\":\"https:\\\/\\\/tiketi.com\\\/#\\\/schema\\\/logo\\\/image\\\/\",\"url\":\"https:\\\/\\\/tiketi.com\\\/wp-content\\\/uploads\\\/2019\\\/05\\\/tiketi-logo-696.png\",\"contentUrl\":\"https:\\\/\\\/tiketi.com\\\/wp-content\\\/uploads\\\/2019\\\/05\\\/tiketi-logo-696.png\",\"width\":696,\"height\":696,\"caption\":\"Tiketi.com\"},\"image\":{\"@id\":\"https:\\\/\\\/tiketi.com\\\/#\\\/schema\\\/logo\\\/image\\\/\"},\"sameAs\":[\"https:\\\/\\\/www.facebook.com\\\/TiketiCom\\\/\"]}]}<\/script>\n<!-- \/ Yoast SEO plugin. -->","yoast_head_json":{"title":"Billets de bus de Johannesburg \u00e0 Blantyre R\u00e9servation de bus, tarifs et horaires","description":"\u00c0 la recherche d&#039;une application de r\u00e9servation de billets de bus de Johannesburg \u00e0 Blantyre, des horaires et des tarifs\u00a0? R\u00e9servez des billets de bus pas chers de Johannesbourg \u00e0 Blantyre","robots":{"index":"index","follow":"follow","max-snippet":"max-snippet:-1","max-image-preview":"max-image-preview:large","max-video-preview":"max-video-preview:-1"},"canonical":"https:\/\/tiketi.com\/fr-fr\/cheap-bus-tickets-from-johannesburg-to-blantyre\/","og_locale":"fr_FR","og_type":"article","og_title":"Bus Tickets from Johannesburg to Blantyre Bus Booking, Fare & Schedule","og_description":"Looking for bus from Johannesburg to Blantyre bus tickets booking app, schedule & fare? Book cheap bus tickets from Johannesburg to Blantyre","og_url":"https:\/\/tiketi.com\/fr-fr\/cheap-bus-tickets-from-johannesburg-to-blantyre\/","og_site_name":"Tiketi.com","article_publisher":"https:\/\/www.facebook.com\/TiketiCom\/","article_modified_time":"2022-02-01T09:06:05+00:00","og_image":[{"width":1200,"height":206,"url":"https:\/\/tiketi.com\/wp-content\/uploads\/2022\/01\/bus-ticket-online-booking.jpg","type":"image\/jpeg"}],"twitter_card":"summary_large_image","twitter_misc":{"Dur\u00e9e de lecture estim\u00e9e":"2 minutes"},"schema":{"@context":"https:\/\/schema.org","@graph":[{"@type":"WebPage","@id":"https:\/\/tiketi.com\/cheap-bus-tickets-from-johannesburg-to-blantyre\/","url":"https:\/\/tiketi.com\/cheap-bus-tickets-from-johannesburg-to-blantyre\/","name":"Billets de bus de Johannesburg \u00e0 Blantyre R\u00e9servation de bus, tarifs et horaires","isPartOf":{"@id":"https:\/\/tiketi.com\/#website"},"primaryImageOfPage":{"@id":"https:\/\/tiketi.com\/cheap-bus-tickets-from-johannesburg-to-blantyre\/#primaryimage"},"image":{"@id":"https:\/\/tiketi.com\/cheap-bus-tickets-from-johannesburg-to-blantyre\/#primaryimage"},"thumbnailUrl":"https:\/\/tiketi.com\/wp-content\/uploads\/2022\/01\/bus-ticket-online-booking.jpg","datePublished":"2022-01-19T11:55:00+00:00","dateModified":"2022-02-01T09:06:05+00:00","description":"\u00c0 la recherche d&#039;une application de r\u00e9servation de billets de bus de Johannesburg \u00e0 Blantyre, des horaires et des tarifs\u00a0? R\u00e9servez des billets de bus pas chers de Johannesbourg \u00e0 Blantyre","breadcrumb":{"@id":"https:\/\/tiketi.com\/cheap-bus-tickets-from-johannesburg-to-blantyre\/#breadcrumb"},"inLanguage":"fr-FR","potentialAction":[{"@type":"ReadAction","target":["https:\/\/tiketi.com\/cheap-bus-tickets-from-johannesburg-to-blantyre\/"]}]},{"@type":"ImageObject","inLanguage":"fr-FR","@id":"https:\/\/tiketi.com\/cheap-bus-tickets-from-johannesburg-to-blantyre\/#primaryimage","url":"https:\/\/tiketi.com\/wp-content\/uploads\/2022\/01\/bus-ticket-online-booking.jpg","contentUrl":"https:\/\/tiketi.com\/wp-content\/uploads\/2022\/01\/bus-ticket-online-booking.jpg","width":1200,"height":206,"caption":"Online Bus Ticket Booking"},{"@type":"BreadcrumbList","@id":"https:\/\/tiketi.com\/cheap-bus-tickets-from-johannesburg-to-blantyre\/#breadcrumb","itemListElement":[{"@type":"ListItem","position":1,"name":"Home","item":"https:\/\/tiketi.com\/"},{"@type":"ListItem","position":2,"name":"Bus Tickets from Johannesburg to Blantyre Bus Booking, Fare &#038; Schedule"}]},{"@type":"WebSite","@id":"https:\/\/tiketi.com\/#website","url":"https:\/\/tiketi.com\/","name":"Billets d&#039;avion et de bus, forfaits touristiques et activit\u00e9s - Tiketi.com","description":"Billets d&#039;avion et de bus, Tours, Activit\u00e9s","publisher":{"@id":"https:\/\/tiketi.com\/#organization"},"potentialAction":[{"@type":"SearchAction","target":{"@type":"EntryPoint","urlTemplate":"https:\/\/tiketi.com\/?s={search_term_string}"},"query-input":{"@type":"PropertyValueSpecification","valueRequired":true,"valueName":"search_term_string"}}],"inLanguage":"fr-FR"},{"@type":"Organization","@id":"https:\/\/tiketi.com\/#organization","name":"Tiketi.com","alternateName":"Tiketi","url":"https:\/\/tiketi.com\/","logo":{"@type":"ImageObject","inLanguage":"fr-FR","@id":"https:\/\/tiketi.com\/#\/schema\/logo\/image\/","url":"https:\/\/tiketi.com\/wp-content\/uploads\/2019\/05\/tiketi-logo-696.png","contentUrl":"https:\/\/tiketi.com\/wp-content\/uploads\/2019\/05\/tiketi-logo-696.png","width":696,"height":696,"caption":"Tiketi.com"},"image":{"@id":"https:\/\/tiketi.com\/#\/schema\/logo\/image\/"},"sameAs":["https:\/\/www.facebook.com\/TiketiCom\/"]}]}},"_links":{"self":[{"href":"https:\/\/tiketi.com\/fr-fr\/wp-json\/wp\/v2\/pages\/11648","targetHints":{"allow":["GET"]}}],"collection":[{"href":"https:\/\/tiketi.com\/fr-fr\/wp-json\/wp\/v2\/pages"}],"about":[{"href":"https:\/\/tiketi.com\/fr-fr\/wp-json\/wp\/v2\/types\/page"}],"author":[{"embeddable":true,"href":"https:\/\/tiketi.com\/fr-fr\/wp-json\/wp\/v2\/users\/1"}],"replies":[{"embeddable":true,"href":"https:\/\/tiketi.com\/fr-fr\/wp-json\/wp\/v2\/comments?post=11648"}],"version-history":[{"count":0,"href":"https:\/\/tiketi.com\/fr-fr\/wp-json\/wp\/v2\/pages\/11648\/revisions"}],"wp:featuredmedia":[{"embeddable":true,"href":"https:\/\/tiketi.com\/fr-fr\/wp-json\/wp\/v2\/media\/13999"}],"wp:attachment":[{"href":"https:\/\/tiketi.com\/fr-fr\/wp-json\/wp\/v2\/media?parent=11648"}],"curies":[{"name":"wp","href":"https:\/\/api.w.org\/{rel}","templated":true}]}}