{"id":11650,"date":"2022-01-19T12:55:01","date_gmt":"2022-01-19T11:55:01","guid":{"rendered":"https:\/\/new.tiketi.com\/bus-tickets-from-nairobi-to-kisumu-bus-online-booking-fare-schedule\/"},"modified":"2022-10-28T09:47:38","modified_gmt":"2022-10-28T08:47:38","slug":"tickets-nairobi-to-kisumu","status":"publish","type":"page","link":"https:\/\/tiketi.com\/fr-fr\/routes\/bus\/tickets-nairobi-to-kisumu\/","title":{"rendered":"Billets de bus de Nairobi \u00e0 Kisumu : r\u00e9servation en ligne, tarifs et horaires"},"content":{"rendered":"<h2>R\u00e9servation en ligne de bus pas cher de Nairobi \u00e0 Kisumu<\/h2>\n<h3>D\u00e9couvrez votre itin\u00e9raire de voyage sur le Web, votre mobile ou votre application et r\u00e9servez d\u00e8s maintenant en ligne un billet de bus pas cher de Nairobi \u00e0 Kisumu.<\/h3>\n<p>La r\u00e9servation de bus pas chers de Nairobi \u00e0 Kisumu est d\u00e9sormais facile en ligne. Kisumu est une ville portuaire kenyane situ\u00e9e sur le lac Victoria. Il est c\u00e9l\u00e8bre pour ses points de vue au bord du lac \u00e0 Hippo Point et \u00e0 Dunga Hill Camp. Le sanctuaire Kisumu Impala abrite des troupeaux de z\u00e8bres et d&#039;impalas. Alors, r\u00e9servez d\u00e8s maintenant vos billets de bus \u00e0 prix r\u00e9duit de Nairobi \u00e0 Kisumu en ligne.<\/p>\n<h2>Billets de bus de Nairobi \u00e0 Kisumu : FAQ sur la r\u00e9servation en ligne, les tarifs et les horaires<\/h2>\n<h3>Quel est le moyen le moins cher pour se rendre de Nairobi \u00e0 Kisumu ?<\/h3>\n<p>Un moyen abordable de se rendre de Nairobi \u00e0 Kisumu en bus. Billet de bus de Nairobi \u00e0 Kisumu $5 \u2013 $17 et dure 7h 25m.<\/p>\n<h3>Existe-t-il un service de bus direct de Nairobi \u00e0 Kisumu ?<\/h3>\n<p>Oui, il y a un bus direct de Nairobi a Kisumu. Les services partent 5 fois par jour et fonctionnent tous les jours. Le trajet dure environ 7h 30min.<\/p>\n<h3>Quelle est la distance entre Nairobi et Kisumu en bus ?<\/h3>\n<p>La distance de voyage de Nairobi \u00e0 Kisumu est de 264 km.<\/p>\n<h3>O\u00f9 prendre le bus depuis Nairobi pour Kisumu ?<\/h3>\n<p>Billets de bus de Nairobi \u00e0 Kisumu, g\u00e9r\u00e9s par Easy Coach, Praxigon Coach, Modern Coach ou ENA Coach.<\/p>\n<h3>Avion ou bus depuis Nairobi jusqu&#039;\u00e0 Kisumu?<\/h3>\n<p>Le meilleur moyen pour se rendre de Nairobi \u00e0 Kisumu est de <a href=\"https:\/\/tiketi.com\/fr-fr\/flightst\/\" target=\"_blank\" rel=\"noopener\">voler<\/a> ce qui dure 1h 5min et co\u00fbte $100 \u2013 $170. Sinon, vous pouvez bus bus Nairobi \u00e0 Kisumu, ce qui co\u00fbte $5 \u2013 $18 et dure 7h 30m.<\/p>\n<h2>Conseils pour les bus de Nairobi \u00e0 Kisumu<\/h2>\n<p>Voici quelques-unes des meilleures attractions.<\/p>\n<h3>Mus\u00e9e Kisumu<\/h3>\n<p>Situ\u00e9 sur la route Kisumu-Kericho se trouve le mus\u00e9e Kisumu qui a ouvert ses portes au public en avril 1980. Les principales attractions ici sont les modes de vie locaux et le large \u00e9ventail de cultures de l&#039;ouest du Kenya, y compris le groupe de personnes aux styles vestimentaires r\u00e9els, \u00e0 la poterie, \u00e0 la vannerie, aux styles de p\u00eache et aux armes.<\/p>\n<h3>Sanctuaire Kisumu Impala<\/h3>\n<p>Situ\u00e9 \u00e0 1 kilom\u00e8tre du quartier central des affaires de la ville, le sanctuaire des impalas de Kisumu est un petit paradis de trente-huit hectares qui a \u00e9t\u00e9 cr\u00e9\u00e9 comme un refuge pour les impalas de Kisumu et de ses environs.<\/p>\n<p>Mais le Sanctuaire ne s\u2019occupe pas seulement des Impalas. Il s&#039;agit d&#039;un guichet unique pour les clients souhaitant observer de pr\u00e8s certains des grands f\u00e9lins. Il abrite plusieurs l\u00e9opards, lions, chacals et hy\u00e8nes. C&#039;est peut-\u00eatre l&#039;un des rares endroits au Kenya o\u00f9 l&#039;on peut encore observer ce chat en voie de disparition.<\/p>","protected":false},"excerpt":{"rendered":"<p>Cheap Bus from\u00a0Nairobi to Kisumu Online Booking Discover your travel route on web, mobile or app and book cheap bus ticket from Nairobi to Kisumu online now. Cheap bus from Nairobi to Kisumu bus booking is now easy online. Kisumu is a city port of Kenyan on Lake Victoria. It is famous for lakeside viewpoints [&hellip;]<\/p>\n","protected":false},"author":1,"featured_media":13999,"parent":25566,"menu_order":0,"comment_status":"open","ping_status":"closed","template":"template-home-modern.php","meta":{"footnotes":""},"class_list":["post-11650","page","type-page","status-publish","has-post-thumbnail","hentry"],"yoast_head":"<!-- This site is optimized with the Yoast SEO plugin v27.2 - https:\/\/yoast.com\/product\/yoast-seo-wordpress\/ -->\n<title>Bus Tickets from Nairobi to Kisumu Bus Online Booking, Fare &amp; Schedule<\/title>\n<meta name=\"description\" content=\"Looking for bus from Nairobi to Kisumu bus online booking app, fare &amp; schedule? Book cheap bus tickets from Nairobi to Kisumu online now\" \/>\n<meta name=\"robots\" content=\"index, follow, max-snippet:-1, max-image-preview:large, max-video-preview:-1\" \/>\n<link rel=\"canonical\" href=\"https:\/\/tiketi.com\/fr-fr\/routes\/bus\/tickets-nairobi-to-kisumu\/\" \/>\n<meta property=\"og:locale\" content=\"fr_FR\" \/>\n<meta property=\"og:type\" content=\"article\" \/>\n<meta property=\"og:title\" content=\"Bus Tickets from Nairobi to Kisumu Bus Online Booking, Fare &amp; Schedule\" \/>\n<meta property=\"og:description\" content=\"Looking for bus from Nairobi to Kisumu bus online booking app, fare &amp; schedule? Book cheap bus tickets from Nairobi to Kisumu online now\" \/>\n<meta property=\"og:url\" content=\"https:\/\/tiketi.com\/fr-fr\/routes\/bus\/tickets-nairobi-to-kisumu\/\" \/>\n<meta property=\"og:site_name\" content=\"Tiketi.com\" \/>\n<meta property=\"article:publisher\" content=\"https:\/\/www.facebook.com\/TiketiCom\/\" \/>\n<meta property=\"article:modified_time\" content=\"2022-10-28T08:47:38+00:00\" \/>\n<meta property=\"og:image\" content=\"https:\/\/tiketi.com\/wp-content\/uploads\/2022\/01\/bus-ticket-online-booking.jpg\" \/>\n\t<meta property=\"og:image:width\" content=\"1200\" \/>\n\t<meta property=\"og:image:height\" content=\"206\" \/>\n\t<meta property=\"og:image:type\" content=\"image\/jpeg\" \/>\n<meta name=\"twitter:card\" content=\"summary_large_image\" \/>\n<meta name=\"twitter:label1\" content=\"Dur\u00e9e de lecture estim\u00e9e\" \/>\n\t<meta name=\"twitter:data1\" content=\"2 minutes\" \/>\n<script type=\"application\/ld+json\" class=\"yoast-schema-graph\">{\"@context\":\"https:\/\/schema.org\",\"@graph\":[{\"@type\":\"WebPage\",\"@id\":\"https:\/\/tiketi.com\/routes\/bus\/tickets-nairobi-to-kisumu\/\",\"url\":\"https:\/\/tiketi.com\/routes\/bus\/tickets-nairobi-to-kisumu\/\",\"name\":\"Bus Tickets from Nairobi to Kisumu Bus Online Booking, Fare & Schedule\",\"isPartOf\":{\"@id\":\"https:\/\/tiketi.com\/#website\"},\"primaryImageOfPage\":{\"@id\":\"https:\/\/tiketi.com\/routes\/bus\/tickets-nairobi-to-kisumu\/#primaryimage\"},\"image\":{\"@id\":\"https:\/\/tiketi.com\/routes\/bus\/tickets-nairobi-to-kisumu\/#primaryimage\"},\"thumbnailUrl\":\"https:\/\/tiketi.com\/wp-content\/uploads\/2022\/01\/bus-ticket-online-booking.jpg\",\"datePublished\":\"2022-01-19T11:55:01+00:00\",\"dateModified\":\"2022-10-28T08:47:38+00:00\",\"description\":\"Looking for bus from Nairobi to Kisumu bus online booking app, fare & schedule? Book cheap bus tickets from Nairobi to Kisumu online now\",\"breadcrumb\":{\"@id\":\"https:\/\/tiketi.com\/routes\/bus\/tickets-nairobi-to-kisumu\/#breadcrumb\"},\"inLanguage\":\"fr-FR\",\"potentialAction\":[{\"@type\":\"ReadAction\",\"target\":[\"https:\/\/tiketi.com\/routes\/bus\/tickets-nairobi-to-kisumu\/\"]}]},{\"@type\":\"ImageObject\",\"inLanguage\":\"fr-FR\",\"@id\":\"https:\/\/tiketi.com\/routes\/bus\/tickets-nairobi-to-kisumu\/#primaryimage\",\"url\":\"https:\/\/tiketi.com\/wp-content\/uploads\/2022\/01\/bus-ticket-online-booking.jpg\",\"contentUrl\":\"https:\/\/tiketi.com\/wp-content\/uploads\/2022\/01\/bus-ticket-online-booking.jpg\",\"width\":1200,\"height\":206,\"caption\":\"Online Bus Ticket Booking\"},{\"@type\":\"BreadcrumbList\",\"@id\":\"https:\/\/tiketi.com\/routes\/bus\/tickets-nairobi-to-kisumu\/#breadcrumb\",\"itemListElement\":[{\"@type\":\"ListItem\",\"position\":1,\"name\":\"Home\",\"item\":\"https:\/\/tiketi.com\/\"},{\"@type\":\"ListItem\",\"position\":2,\"name\":\"Routes\",\"item\":\"https:\/\/tiketi.com\/routes\/\"},{\"@type\":\"ListItem\",\"position\":3,\"name\":\"Bus\",\"item\":\"https:\/\/tiketi.com\/routes\/bus\/\"},{\"@type\":\"ListItem\",\"position\":4,\"name\":\"Bus Tickets from Nairobi to Kisumu Bus Online Booking, Fare &#038; Schedule\"}]},{\"@type\":\"WebSite\",\"@id\":\"https:\/\/tiketi.com\/#website\",\"url\":\"https:\/\/tiketi.com\/\",\"name\":\"Flight & Bus Tickets, Tour Packages & Activitites - Tiketi.com\",\"description\":\"Flight &amp; Bus Tickets, Tours, Activitites\",\"publisher\":{\"@id\":\"https:\/\/tiketi.com\/#organization\"},\"potentialAction\":[{\"@type\":\"SearchAction\",\"target\":{\"@type\":\"EntryPoint\",\"urlTemplate\":\"https:\/\/tiketi.com\/?s={search_term_string}\"},\"query-input\":{\"@type\":\"PropertyValueSpecification\",\"valueRequired\":true,\"valueName\":\"search_term_string\"}}],\"inLanguage\":\"fr-FR\"},{\"@type\":\"Organization\",\"@id\":\"https:\/\/tiketi.com\/#organization\",\"name\":\"Tiketi.com\",\"alternateName\":\"Tiketi\",\"url\":\"https:\/\/tiketi.com\/\",\"logo\":{\"@type\":\"ImageObject\",\"inLanguage\":\"fr-FR\",\"@id\":\"https:\/\/tiketi.com\/#\/schema\/logo\/image\/\",\"url\":\"https:\/\/tiketi.com\/wp-content\/uploads\/2019\/05\/tiketi-logo-696.png\",\"contentUrl\":\"https:\/\/tiketi.com\/wp-content\/uploads\/2019\/05\/tiketi-logo-696.png\",\"width\":696,\"height\":696,\"caption\":\"Tiketi.com\"},\"image\":{\"@id\":\"https:\/\/tiketi.com\/#\/schema\/logo\/image\/\"},\"sameAs\":[\"https:\/\/www.facebook.com\/TiketiCom\/\"]}]}<\/script>\n<!-- \/ Yoast SEO plugin. -->","yoast_head_json":{"title":"Billets de bus de Nairobi \u00e0 Kisumu : r\u00e9servation en ligne, tarifs et horaires","description":"Vous recherchez une application de r\u00e9servation en ligne, des tarifs et des horaires de bus de Nairobi \u00e0 Kisumu ? R\u00e9servez vos billets de bus \u00e0 bas prix de Nairobi \u00e0 Kisumu en ligne maintenant","robots":{"index":"index","follow":"follow","max-snippet":"max-snippet:-1","max-image-preview":"max-image-preview:large","max-video-preview":"max-video-preview:-1"},"canonical":"https:\/\/tiketi.com\/fr-fr\/routes\/bus\/tickets-nairobi-to-kisumu\/","og_locale":"fr_FR","og_type":"article","og_title":"Bus Tickets from Nairobi to Kisumu Bus Online Booking, Fare & Schedule","og_description":"Looking for bus from Nairobi to Kisumu bus online booking app, fare & schedule? Book cheap bus tickets from Nairobi to Kisumu online now","og_url":"https:\/\/tiketi.com\/fr-fr\/routes\/bus\/tickets-nairobi-to-kisumu\/","og_site_name":"Tiketi.com","article_publisher":"https:\/\/www.facebook.com\/TiketiCom\/","article_modified_time":"2022-10-28T08:47:38+00:00","og_image":[{"width":1200,"height":206,"url":"https:\/\/tiketi.com\/wp-content\/uploads\/2022\/01\/bus-ticket-online-booking.jpg","type":"image\/jpeg"}],"twitter_card":"summary_large_image","twitter_misc":{"Dur\u00e9e de lecture estim\u00e9e":"2 minutes"},"schema":{"@context":"https:\/\/schema.org","@graph":[{"@type":"WebPage","@id":"https:\/\/tiketi.com\/routes\/bus\/tickets-nairobi-to-kisumu\/","url":"https:\/\/tiketi.com\/routes\/bus\/tickets-nairobi-to-kisumu\/","name":"Billets de bus de Nairobi \u00e0 Kisumu : r\u00e9servation en ligne, tarifs et horaires","isPartOf":{"@id":"https:\/\/tiketi.com\/#website"},"primaryImageOfPage":{"@id":"https:\/\/tiketi.com\/routes\/bus\/tickets-nairobi-to-kisumu\/#primaryimage"},"image":{"@id":"https:\/\/tiketi.com\/routes\/bus\/tickets-nairobi-to-kisumu\/#primaryimage"},"thumbnailUrl":"https:\/\/tiketi.com\/wp-content\/uploads\/2022\/01\/bus-ticket-online-booking.jpg","datePublished":"2022-01-19T11:55:01+00:00","dateModified":"2022-10-28T08:47:38+00:00","description":"Vous recherchez une application de r\u00e9servation en ligne, des tarifs et des horaires de bus de Nairobi \u00e0 Kisumu ? R\u00e9servez vos billets de bus \u00e0 bas prix de Nairobi \u00e0 Kisumu en ligne maintenant","breadcrumb":{"@id":"https:\/\/tiketi.com\/routes\/bus\/tickets-nairobi-to-kisumu\/#breadcrumb"},"inLanguage":"fr-FR","potentialAction":[{"@type":"ReadAction","target":["https:\/\/tiketi.com\/routes\/bus\/tickets-nairobi-to-kisumu\/"]}]},{"@type":"ImageObject","inLanguage":"fr-FR","@id":"https:\/\/tiketi.com\/routes\/bus\/tickets-nairobi-to-kisumu\/#primaryimage","url":"https:\/\/tiketi.com\/wp-content\/uploads\/2022\/01\/bus-ticket-online-booking.jpg","contentUrl":"https:\/\/tiketi.com\/wp-content\/uploads\/2022\/01\/bus-ticket-online-booking.jpg","width":1200,"height":206,"caption":"Online Bus Ticket Booking"},{"@type":"BreadcrumbList","@id":"https:\/\/tiketi.com\/routes\/bus\/tickets-nairobi-to-kisumu\/#breadcrumb","itemListElement":[{"@type":"ListItem","position":1,"name":"Home","item":"https:\/\/tiketi.com\/"},{"@type":"ListItem","position":2,"name":"Routes","item":"https:\/\/tiketi.com\/routes\/"},{"@type":"ListItem","position":3,"name":"Bus","item":"https:\/\/tiketi.com\/routes\/bus\/"},{"@type":"ListItem","position":4,"name":"Bus Tickets from Nairobi to Kisumu Bus Online Booking, Fare &#038; Schedule"}]},{"@type":"WebSite","@id":"https:\/\/tiketi.com\/#website","url":"https:\/\/tiketi.com\/","name":"Billets d&#039;avion et de bus, forfaits touristiques et activit\u00e9s - Tiketi.com","description":"Billets d&#039;avion et de bus, Tours, Activit\u00e9s","publisher":{"@id":"https:\/\/tiketi.com\/#organization"},"potentialAction":[{"@type":"SearchAction","target":{"@type":"EntryPoint","urlTemplate":"https:\/\/tiketi.com\/?s={search_term_string}"},"query-input":{"@type":"PropertyValueSpecification","valueRequired":true,"valueName":"search_term_string"}}],"inLanguage":"fr-FR"},{"@type":"Organization","@id":"https:\/\/tiketi.com\/#organization","name":"Tiketi.com","alternateName":"Tiketi","url":"https:\/\/tiketi.com\/","logo":{"@type":"ImageObject","inLanguage":"fr-FR","@id":"https:\/\/tiketi.com\/#\/schema\/logo\/image\/","url":"https:\/\/tiketi.com\/wp-content\/uploads\/2019\/05\/tiketi-logo-696.png","contentUrl":"https:\/\/tiketi.com\/wp-content\/uploads\/2019\/05\/tiketi-logo-696.png","width":696,"height":696,"caption":"Tiketi.com"},"image":{"@id":"https:\/\/tiketi.com\/#\/schema\/logo\/image\/"},"sameAs":["https:\/\/www.facebook.com\/TiketiCom\/"]}]}},"_links":{"self":[{"href":"https:\/\/tiketi.com\/fr-fr\/wp-json\/wp\/v2\/pages\/11650","targetHints":{"allow":["GET"]}}],"collection":[{"href":"https:\/\/tiketi.com\/fr-fr\/wp-json\/wp\/v2\/pages"}],"about":[{"href":"https:\/\/tiketi.com\/fr-fr\/wp-json\/wp\/v2\/types\/page"}],"author":[{"embeddable":true,"href":"https:\/\/tiketi.com\/fr-fr\/wp-json\/wp\/v2\/users\/1"}],"replies":[{"embeddable":true,"href":"https:\/\/tiketi.com\/fr-fr\/wp-json\/wp\/v2\/comments?post=11650"}],"version-history":[{"count":0,"href":"https:\/\/tiketi.com\/fr-fr\/wp-json\/wp\/v2\/pages\/11650\/revisions"}],"up":[{"embeddable":true,"href":"https:\/\/tiketi.com\/fr-fr\/wp-json\/wp\/v2\/pages\/25566"}],"wp:featuredmedia":[{"embeddable":true,"href":"https:\/\/tiketi.com\/fr-fr\/wp-json\/wp\/v2\/media\/13999"}],"wp:attachment":[{"href":"https:\/\/tiketi.com\/fr-fr\/wp-json\/wp\/v2\/media?parent=11650"}],"curies":[{"name":"wp","href":"https:\/\/api.w.org\/{rel}","templated":true}]}}