{"id":11652,"date":"2022-01-19T12:55:01","date_gmt":"2022-01-19T11:55:01","guid":{"rendered":"https:\/\/new.tiketi.com\/bus-from-jeddah-to-riyadh-bus-tickets-route-fare-schedule\/"},"modified":"2022-01-28T16:25:09","modified_gmt":"2022-01-28T15:25:09","slug":"cheap-bus-tickets-from-jeddah-to-riyadh","status":"publish","type":"page","link":"https:\/\/tiketi.com\/fr-fr\/cheap-bus-tickets-from-jeddah-to-riyadh\/","title":{"rendered":"Bus de Djeddah \u00e0 Riyad Billets de bus, itin\u00e9raire, tarifs et horaires"},"content":{"rendered":"<h2>Billets de bus pas chers de Djeddah \u00e0 Riyad R\u00e9servation en ligne<\/h2>\n<h3>D\u00e9couvrez votre itin\u00e9raire sur le web, le mobile ou l&#039;application et r\u00e9servez en ligne maintenant un billet de bus pas cher de Djeddah \u00e0 Riyad.<\/h3>\n<p>R\u00e9servez en ligne des billets de bus pas chers de Djeddah \u00e0 Riyad et voyagez de Djeddah \u00e0 Riyad par la route. Riyad, capitale de l&#039;Arabie saoudite et plaque tournante industrielle du pays, se trouve sur un plateau d\u00e9sertique au centre du pays. Domin\u00e9e par une population musulmane et abritant plus de 6 millions d&#039;habitants, la ville appartient aux quartiers historiques d&#039;Al-Yamama et de Najd. Vous pouvez visiter cette ville en r\u00e9servant en ligne d\u00e8s maintenant un billet de bus pas cher de Djeddah \u00e0 Riyad.<\/p>\n<h2>Bus de Djeddah \u00e0 Riyad FAQ sur les billets de bus, les itin\u00e9raires, les horaires et les tarifs<\/h2>\n<h3>Le bus Djeddah-Riyad est-il le moyen le plus \u00e9conomique de se rendre \u00e0 Riyad ?<\/h3>\n<p>Le moyen abordable de se rendre de Djeddah \u00e0 Riyad en bus. Djeddah \u00e0 Riyad prix du bus $40 \u2013 $70 et dure 14h 40m.<\/p>\n<h3>Quelle est la distance entre Djeddah et Riyad en bus ?<\/h3>\n<p>La distance entre Djeddah et Riyad en bus est de 845 km.<\/p>\n<h3>Comment puis-je me d\u00e9placer de Djeddah \u00e0 Riyad sans voiture ?<\/h3>\n<p>Le meilleur moyen pour se rendre de Djeddah \u00e0 Riyad sans v\u00e9hicule est de bus, ce qui dure 14h 15m. Le bus de Djeddah \u00e0 Riyad co\u00fbte $55 \u2013 $80.<\/p>\n<h3>Avion ou bus Djeddah jusqu&#039;\u00e0 Riyad ?<\/h3>\n<p>Le meilleur moyen de se rendre de Djeddah \u00e0 Riyad est de <a href=\"https:\/\/tiketi.com\/fr-fr\/flightst\/\" target=\"_blank\" rel=\"noopener\">voler<\/a> qui prend 2h 5m et co\u00fbte $110 \u2013 $220. Sinon, vous pouvez bus, saptco bus Djeddah \u00e0 Riyad co\u00fbte $55 \u2013 $80 et dure 14h 5m.<\/p>\n<h3>Puis-je conduire seul ou prendre le bus de Djeddah \u00e0 Riyad\u00a0?<\/h3>\n<p>Oui, la distance de d\u00e9placement entre Riyad et Djeddah est de 949 km. Il faut environ 10h pour conduire de Djeddah \u00e0 Riyad.<\/p>\n<h2>Billets de bus de Djeddah \u00e0 Riyad<\/h2>\n<p>Voici quelques-unes des meilleures attractions :<\/p>\n<h3>mus\u00e9e national<\/h3>\n<p>Une grande collection de tout ce qui d\u00e9finit cette merveilleuse culture et ses habitants se trouve dans ce vaste mus\u00e9e. Tout, des routes commerciales pr\u00e9islamiques aux objets et structures des royaumes arabes, est expos\u00e9. D\u00e9couvrez des fossiles et une architecture ancienne et apprenez-en plus que jamais sur la race humaine.<\/p>\n<h3>Tour du Royaume<\/h3>\n<p>Si vous cherchez \u00e0 avoir un aper\u00e7u rapide de la capitale, pourquoi ne pas tout capturer d&#039;un seul coup d&#039;\u0153il, et \u00e0 vol d&#039;oiseau. Rendez-vous \u00e0 la magnifique tour du Royaume au centre et dirigez-vous vers leur pont a\u00e9rien de 300 m de haut qui vous permet de marcher au sommet de la ville. Trois cents tonnes d&#039;acier vous guident sur le pont avec des vues incomparables \u00e0 perte de vue.<\/p>","protected":false},"excerpt":{"rendered":"<p>Cheap Bus Tickets from\u00a0Jeddah to Riyadh Online Booking Discover your travel route on web, mobile or app and book cheap bus ticket from Jeddah to Riyadh online now. Do\u00a0cheap bus from Jeddah to Riyadh bus tickets online booking and travel Jeddah to Riyadh by road. Riyadh, Saudi Arabia capital and industrial hub of the country, [&hellip;]<\/p>\n","protected":false},"author":1,"featured_media":13999,"parent":0,"menu_order":0,"comment_status":"open","ping_status":"closed","template":"template-home-modern.php","meta":{"footnotes":""},"class_list":["post-11652","page","type-page","status-publish","has-post-thumbnail","hentry"],"yoast_head":"<!-- This site is optimized with the Yoast SEO plugin v27.4 - https:\/\/yoast.com\/product\/yoast-seo-wordpress\/ -->\n<title>Bus from Jeddah to Riyadh Bus Tickets, Route, Fare &amp; Schedule<\/title>\n<meta name=\"description\" content=\"Looking for bus from\u00a0Jeddah to Riyadh bus tickets booking app, route, schedule &amp; fare? Book cheap bus tickets from Jeddah to Riyadh online\" \/>\n<meta name=\"robots\" content=\"index, follow, max-snippet:-1, max-image-preview:large, max-video-preview:-1\" \/>\n<link rel=\"canonical\" href=\"https:\/\/tiketi.com\/fr-fr\/cheap-bus-tickets-from-jeddah-to-riyadh\/\" \/>\n<meta property=\"og:locale\" content=\"fr_FR\" \/>\n<meta property=\"og:type\" content=\"article\" \/>\n<meta property=\"og:title\" content=\"Bus from Jeddah to Riyadh Bus Tickets, Route, Fare &amp; Schedule\" \/>\n<meta property=\"og:description\" content=\"Looking for bus from\u00a0Jeddah to Riyadh bus tickets booking app, route, schedule &amp; fare? Book cheap bus tickets from Jeddah to Riyadh online\" \/>\n<meta property=\"og:url\" content=\"https:\/\/tiketi.com\/fr-fr\/cheap-bus-tickets-from-jeddah-to-riyadh\/\" \/>\n<meta property=\"og:site_name\" content=\"Tiketi.com\" \/>\n<meta property=\"article:publisher\" content=\"https:\/\/www.facebook.com\/TiketiCom\/\" \/>\n<meta property=\"article:modified_time\" content=\"2022-01-28T15:25:09+00:00\" \/>\n<meta property=\"og:image\" content=\"https:\/\/tiketi.com\/wp-content\/uploads\/2022\/01\/bus-ticket-online-booking.jpg\" \/>\n\t<meta property=\"og:image:width\" content=\"1200\" \/>\n\t<meta property=\"og:image:height\" content=\"206\" \/>\n\t<meta property=\"og:image:type\" content=\"image\/jpeg\" \/>\n<meta name=\"twitter:card\" content=\"summary_large_image\" \/>\n<meta name=\"twitter:label1\" content=\"Dur\u00e9e de lecture estim\u00e9e\" \/>\n\t<meta name=\"twitter:data1\" content=\"2 minutes\" \/>\n<script type=\"application\/ld+json\" class=\"yoast-schema-graph\">{\"@context\":\"https:\\\/\\\/schema.org\",\"@graph\":[{\"@type\":\"WebPage\",\"@id\":\"https:\\\/\\\/tiketi.com\\\/cheap-bus-tickets-from-jeddah-to-riyadh\\\/\",\"url\":\"https:\\\/\\\/tiketi.com\\\/cheap-bus-tickets-from-jeddah-to-riyadh\\\/\",\"name\":\"Bus from Jeddah to Riyadh Bus Tickets, Route, Fare & Schedule\",\"isPartOf\":{\"@id\":\"https:\\\/\\\/tiketi.com\\\/#website\"},\"primaryImageOfPage\":{\"@id\":\"https:\\\/\\\/tiketi.com\\\/cheap-bus-tickets-from-jeddah-to-riyadh\\\/#primaryimage\"},\"image\":{\"@id\":\"https:\\\/\\\/tiketi.com\\\/cheap-bus-tickets-from-jeddah-to-riyadh\\\/#primaryimage\"},\"thumbnailUrl\":\"https:\\\/\\\/tiketi.com\\\/wp-content\\\/uploads\\\/2022\\\/01\\\/bus-ticket-online-booking.jpg\",\"datePublished\":\"2022-01-19T11:55:01+00:00\",\"dateModified\":\"2022-01-28T15:25:09+00:00\",\"description\":\"Looking for bus from\u00a0Jeddah to Riyadh bus tickets booking app, route, schedule & fare? Book cheap bus tickets from Jeddah to Riyadh online\",\"breadcrumb\":{\"@id\":\"https:\\\/\\\/tiketi.com\\\/cheap-bus-tickets-from-jeddah-to-riyadh\\\/#breadcrumb\"},\"inLanguage\":\"fr-FR\",\"potentialAction\":[{\"@type\":\"ReadAction\",\"target\":[\"https:\\\/\\\/tiketi.com\\\/cheap-bus-tickets-from-jeddah-to-riyadh\\\/\"]}]},{\"@type\":\"ImageObject\",\"inLanguage\":\"fr-FR\",\"@id\":\"https:\\\/\\\/tiketi.com\\\/cheap-bus-tickets-from-jeddah-to-riyadh\\\/#primaryimage\",\"url\":\"https:\\\/\\\/tiketi.com\\\/wp-content\\\/uploads\\\/2022\\\/01\\\/bus-ticket-online-booking.jpg\",\"contentUrl\":\"https:\\\/\\\/tiketi.com\\\/wp-content\\\/uploads\\\/2022\\\/01\\\/bus-ticket-online-booking.jpg\",\"width\":1200,\"height\":206,\"caption\":\"Online Bus Ticket Booking\"},{\"@type\":\"BreadcrumbList\",\"@id\":\"https:\\\/\\\/tiketi.com\\\/cheap-bus-tickets-from-jeddah-to-riyadh\\\/#breadcrumb\",\"itemListElement\":[{\"@type\":\"ListItem\",\"position\":1,\"name\":\"Home\",\"item\":\"https:\\\/\\\/tiketi.com\\\/\"},{\"@type\":\"ListItem\",\"position\":2,\"name\":\"Bus from Jeddah to Riyadh Bus Tickets, Route, Fare &#038; Schedule\"}]},{\"@type\":\"WebSite\",\"@id\":\"https:\\\/\\\/tiketi.com\\\/#website\",\"url\":\"https:\\\/\\\/tiketi.com\\\/\",\"name\":\"Flight & Bus Tickets, Tour Packages & Activitites - Tiketi.com\",\"description\":\"Flight &amp; Bus Tickets, Tours, Activitites\",\"publisher\":{\"@id\":\"https:\\\/\\\/tiketi.com\\\/#organization\"},\"potentialAction\":[{\"@type\":\"SearchAction\",\"target\":{\"@type\":\"EntryPoint\",\"urlTemplate\":\"https:\\\/\\\/tiketi.com\\\/?s={search_term_string}\"},\"query-input\":{\"@type\":\"PropertyValueSpecification\",\"valueRequired\":true,\"valueName\":\"search_term_string\"}}],\"inLanguage\":\"fr-FR\"},{\"@type\":\"Organization\",\"@id\":\"https:\\\/\\\/tiketi.com\\\/#organization\",\"name\":\"Tiketi.com\",\"alternateName\":\"Tiketi\",\"url\":\"https:\\\/\\\/tiketi.com\\\/\",\"logo\":{\"@type\":\"ImageObject\",\"inLanguage\":\"fr-FR\",\"@id\":\"https:\\\/\\\/tiketi.com\\\/#\\\/schema\\\/logo\\\/image\\\/\",\"url\":\"https:\\\/\\\/tiketi.com\\\/wp-content\\\/uploads\\\/2019\\\/05\\\/tiketi-logo-696.png\",\"contentUrl\":\"https:\\\/\\\/tiketi.com\\\/wp-content\\\/uploads\\\/2019\\\/05\\\/tiketi-logo-696.png\",\"width\":696,\"height\":696,\"caption\":\"Tiketi.com\"},\"image\":{\"@id\":\"https:\\\/\\\/tiketi.com\\\/#\\\/schema\\\/logo\\\/image\\\/\"},\"sameAs\":[\"https:\\\/\\\/www.facebook.com\\\/TiketiCom\\\/\"]}]}<\/script>\n<!-- \/ Yoast SEO plugin. -->","yoast_head_json":{"title":"Bus de Djeddah \u00e0 Riyad Billets de bus, itin\u00e9raire, tarifs et horaires","description":"\u00c0 la recherche d&#039;une application de r\u00e9servation de billets de bus de Djeddah \u00e0 Riyad, d&#039;un itin\u00e9raire, d&#039;un horaire et d&#039;un tarif\u00a0? R\u00e9servez en ligne des billets de bus de Djeddah \u00e0 Riyad","robots":{"index":"index","follow":"follow","max-snippet":"max-snippet:-1","max-image-preview":"max-image-preview:large","max-video-preview":"max-video-preview:-1"},"canonical":"https:\/\/tiketi.com\/fr-fr\/cheap-bus-tickets-from-jeddah-to-riyadh\/","og_locale":"fr_FR","og_type":"article","og_title":"Bus from Jeddah to Riyadh Bus Tickets, Route, Fare & Schedule","og_description":"Looking for bus from\u00a0Jeddah to Riyadh bus tickets booking app, route, schedule & fare? Book cheap bus tickets from Jeddah to Riyadh online","og_url":"https:\/\/tiketi.com\/fr-fr\/cheap-bus-tickets-from-jeddah-to-riyadh\/","og_site_name":"Tiketi.com","article_publisher":"https:\/\/www.facebook.com\/TiketiCom\/","article_modified_time":"2022-01-28T15:25:09+00:00","og_image":[{"width":1200,"height":206,"url":"https:\/\/tiketi.com\/wp-content\/uploads\/2022\/01\/bus-ticket-online-booking.jpg","type":"image\/jpeg"}],"twitter_card":"summary_large_image","twitter_misc":{"Dur\u00e9e de lecture estim\u00e9e":"2 minutes"},"schema":{"@context":"https:\/\/schema.org","@graph":[{"@type":"WebPage","@id":"https:\/\/tiketi.com\/cheap-bus-tickets-from-jeddah-to-riyadh\/","url":"https:\/\/tiketi.com\/cheap-bus-tickets-from-jeddah-to-riyadh\/","name":"Bus de Djeddah \u00e0 Riyad Billets de bus, itin\u00e9raire, tarifs et horaires","isPartOf":{"@id":"https:\/\/tiketi.com\/#website"},"primaryImageOfPage":{"@id":"https:\/\/tiketi.com\/cheap-bus-tickets-from-jeddah-to-riyadh\/#primaryimage"},"image":{"@id":"https:\/\/tiketi.com\/cheap-bus-tickets-from-jeddah-to-riyadh\/#primaryimage"},"thumbnailUrl":"https:\/\/tiketi.com\/wp-content\/uploads\/2022\/01\/bus-ticket-online-booking.jpg","datePublished":"2022-01-19T11:55:01+00:00","dateModified":"2022-01-28T15:25:09+00:00","description":"\u00c0 la recherche d&#039;une application de r\u00e9servation de billets de bus de Djeddah \u00e0 Riyad, d&#039;un itin\u00e9raire, d&#039;un horaire et d&#039;un tarif\u00a0? R\u00e9servez en ligne des billets de bus de Djeddah \u00e0 Riyad","breadcrumb":{"@id":"https:\/\/tiketi.com\/cheap-bus-tickets-from-jeddah-to-riyadh\/#breadcrumb"},"inLanguage":"fr-FR","potentialAction":[{"@type":"ReadAction","target":["https:\/\/tiketi.com\/cheap-bus-tickets-from-jeddah-to-riyadh\/"]}]},{"@type":"ImageObject","inLanguage":"fr-FR","@id":"https:\/\/tiketi.com\/cheap-bus-tickets-from-jeddah-to-riyadh\/#primaryimage","url":"https:\/\/tiketi.com\/wp-content\/uploads\/2022\/01\/bus-ticket-online-booking.jpg","contentUrl":"https:\/\/tiketi.com\/wp-content\/uploads\/2022\/01\/bus-ticket-online-booking.jpg","width":1200,"height":206,"caption":"Online Bus Ticket Booking"},{"@type":"BreadcrumbList","@id":"https:\/\/tiketi.com\/cheap-bus-tickets-from-jeddah-to-riyadh\/#breadcrumb","itemListElement":[{"@type":"ListItem","position":1,"name":"Home","item":"https:\/\/tiketi.com\/"},{"@type":"ListItem","position":2,"name":"Bus from Jeddah to Riyadh Bus Tickets, Route, Fare &#038; Schedule"}]},{"@type":"WebSite","@id":"https:\/\/tiketi.com\/#website","url":"https:\/\/tiketi.com\/","name":"Billets d&#039;avion et de bus, forfaits touristiques et activit\u00e9s - Tiketi.com","description":"Billets d&#039;avion et de bus, Tours, Activit\u00e9s","publisher":{"@id":"https:\/\/tiketi.com\/#organization"},"potentialAction":[{"@type":"SearchAction","target":{"@type":"EntryPoint","urlTemplate":"https:\/\/tiketi.com\/?s={search_term_string}"},"query-input":{"@type":"PropertyValueSpecification","valueRequired":true,"valueName":"search_term_string"}}],"inLanguage":"fr-FR"},{"@type":"Organization","@id":"https:\/\/tiketi.com\/#organization","name":"Tiketi.com","alternateName":"Tiketi","url":"https:\/\/tiketi.com\/","logo":{"@type":"ImageObject","inLanguage":"fr-FR","@id":"https:\/\/tiketi.com\/#\/schema\/logo\/image\/","url":"https:\/\/tiketi.com\/wp-content\/uploads\/2019\/05\/tiketi-logo-696.png","contentUrl":"https:\/\/tiketi.com\/wp-content\/uploads\/2019\/05\/tiketi-logo-696.png","width":696,"height":696,"caption":"Tiketi.com"},"image":{"@id":"https:\/\/tiketi.com\/#\/schema\/logo\/image\/"},"sameAs":["https:\/\/www.facebook.com\/TiketiCom\/"]}]}},"_links":{"self":[{"href":"https:\/\/tiketi.com\/fr-fr\/wp-json\/wp\/v2\/pages\/11652","targetHints":{"allow":["GET"]}}],"collection":[{"href":"https:\/\/tiketi.com\/fr-fr\/wp-json\/wp\/v2\/pages"}],"about":[{"href":"https:\/\/tiketi.com\/fr-fr\/wp-json\/wp\/v2\/types\/page"}],"author":[{"embeddable":true,"href":"https:\/\/tiketi.com\/fr-fr\/wp-json\/wp\/v2\/users\/1"}],"replies":[{"embeddable":true,"href":"https:\/\/tiketi.com\/fr-fr\/wp-json\/wp\/v2\/comments?post=11652"}],"version-history":[{"count":0,"href":"https:\/\/tiketi.com\/fr-fr\/wp-json\/wp\/v2\/pages\/11652\/revisions"}],"wp:featuredmedia":[{"embeddable":true,"href":"https:\/\/tiketi.com\/fr-fr\/wp-json\/wp\/v2\/media\/13999"}],"wp:attachment":[{"href":"https:\/\/tiketi.com\/fr-fr\/wp-json\/wp\/v2\/media?parent=11652"}],"curies":[{"name":"wp","href":"https:\/\/api.w.org\/{rel}","templated":true}]}}