{"id":11655,"date":"2022-01-19T12:55:01","date_gmt":"2022-01-19T11:55:01","guid":{"rendered":"https:\/\/new.tiketi.com\/bus-from-marrakech-to-casablanca-bus-tickets-route-fare-schedule\/"},"modified":"2022-01-30T19:34:45","modified_gmt":"2022-01-30T18:34:45","slug":"cheap-bus-tickets-from-marrakech-to-casablanca","status":"publish","type":"page","link":"https:\/\/tiketi.com\/fr-fr\/cheap-bus-tickets-from-marrakech-to-casablanca\/","title":{"rendered":"Bus de Marrakech \u00e0 Casablanca Billets de bus, itin\u00e9raire, tarifs et horaires"},"content":{"rendered":"<p>[wbtm-bus-search]<\/p>\n<h2>Cheap Bus Tickets from\u00a0Marrakech to Casablanca Online Booking<\/h2>\n<h3>Discover your travel route on web, mobile or app and book cheap bus ticket from Marrakech to Casablanca online now.<\/h3>\n<p>Do\u00a0cheap bus from Marrakech to Casablanca bus tickets online booking and travel Marrakech to Casablanca by road. Casablanca is placed in Western Morocco close to the Atlantic Ocean. The city is the center of the Casablanca province. As the biggest city and the key port in the country, Casablanca has become quite a vital place.\u00a0You can visit this Casablanca by booking a cheap bus Marrakech to Casablanca online now.\u00a0Here is the guide how you can book bus tickets\u00a0from Marrakech to Casablanca:<\/p>\n<h2>Bus from Marrakech to Casablanca\u00a0Bus Tickets, Routes, Schedules &amp; Fares FAQs<\/h2>\n<h3>What is the affordable way to get from Marrakesh to Casablanca?<\/h3>\n<p>The affordable way to get from Marrakesh to Casablanca by bus. Marrakech to Casablanca bus fare $8 &#8211; $14 and takes 3h 25m.<\/p>\n<h3>Is there a direct bus Marrakech to Casablanca?<\/h3>\n<p>Yes, there is a \u00a0bus from Marrakech to Casablanca airport. Services depart hourly, and run every day. The journey takes about 3h 30m.<\/p>\n<h3>What is the travel distance of Marrakesh to Casablanca?<\/h3>\n<p>The travel distance of Marrakesh and Casablanca is 220km.<\/p>\n<h3>How do I move from Marrakesh to Casablanca without a car?<\/h3>\n<p>The top way to get from Marrakesh to Casablanca without a vehicle is to train which takes 2h 40m and costs $9 &#8211; $16.<\/p>\n<h3>Where do I take the Marrakesh to Casablanca bus from?<\/h3>\n<p>Cheap bus tickets from Marrakech to Casablanca\u00a0services, operated by ctm bus Marrakech to Casablanca.<\/p>\n<h3>Fly, train or bus from Marrakesh to Casablanca?<\/h3>\n<p>The top way to get from Marrakesh to Casablanca is to train which takes 2h 40m and costs $9 &#8211; $16. Alternatively, you can bus, costs $8 &#8211; $15 and takes 3h 30m, you could also <a href=\"https:\/\/tiketi.com\/flightst\" target=\"_blank\" rel=\"noopener\">fly<\/a>, which costs $110 &#8211; $340 and takes 3h 20m.<\/p>\n<h2>Bus Tickets from\u00a0Marrakech to Casablanca Tips<\/h2>\n<p>The sightseeing is the most captivated experience you will have on your visit to Casablanca. Its affluence provides it an exclusive appeal and allure. Port of Casablanca, a vital seaport, is among the big attractions of the city. The chief place for its administration is City Hall. It is a luxurious building which boasts of sweet architecture. The next business center of the city is the Twin Tower. Outfitted with technical and scientific instruments, it is recognized as an architecture splendor.<\/p>\n<p>Lycee Lyautey, a famous high school, is an admired location value visiting in Casablanca. Lycee Lyautey is admired for its amazing architectural splendor.<\/p>\n","protected":false},"excerpt":{"rendered":"<p>[wbtm-bus-search] Cheap Bus Tickets from\u00a0Marrakech to Casablanca Online Booking Discover your travel route on web, mobile or app and book cheap bus ticket from Marrakech to Casablanca online now. Do\u00a0cheap bus from Marrakech to Casablanca bus tickets online booking and travel Marrakech to Casablanca by road. Casablanca is placed in Western Morocco close to the [&hellip;]<\/p>\n","protected":false},"author":1,"featured_media":13999,"parent":0,"menu_order":0,"comment_status":"open","ping_status":"closed","template":"template-home-modern.php","meta":{"footnotes":""},"class_list":["post-11655","page","type-page","status-publish","has-post-thumbnail","hentry"],"yoast_head":"<!-- This site is optimized with the Yoast SEO plugin v27.4 - https:\/\/yoast.com\/product\/yoast-seo-wordpress\/ -->\n<title>Bus from Marrakech to Casablanca Bus Tickets, Route, Fare &amp; Schedule<\/title>\n<meta name=\"description\" content=\"Looking for bus from\u00a0Marrakech to Casablanca bus ticket booking app, schedule &amp; fare? Book cheap bus tickets from Marrakech to Casablanca online\" \/>\n<meta name=\"robots\" content=\"index, follow, max-snippet:-1, max-image-preview:large, max-video-preview:-1\" \/>\n<link rel=\"canonical\" href=\"https:\/\/tiketi.com\/fr-fr\/cheap-bus-tickets-from-marrakech-to-casablanca\/\" \/>\n<meta property=\"og:locale\" content=\"fr_FR\" \/>\n<meta property=\"og:type\" content=\"article\" \/>\n<meta property=\"og:title\" content=\"Bus from Marrakech to Casablanca Bus Tickets, Route, Fare &amp; Schedule\" \/>\n<meta property=\"og:description\" content=\"Looking for bus from\u00a0Marrakech to Casablanca bus ticket booking app, schedule &amp; fare? Book cheap bus tickets from Marrakech to Casablanca online\" \/>\n<meta property=\"og:url\" content=\"https:\/\/tiketi.com\/fr-fr\/cheap-bus-tickets-from-marrakech-to-casablanca\/\" \/>\n<meta property=\"og:site_name\" content=\"Tiketi.com\" \/>\n<meta property=\"article:publisher\" content=\"https:\/\/www.facebook.com\/TiketiCom\/\" \/>\n<meta property=\"article:modified_time\" content=\"2022-01-30T18:34:45+00:00\" \/>\n<meta property=\"og:image\" content=\"https:\/\/tiketi.com\/wp-content\/uploads\/2022\/01\/bus-ticket-online-booking.jpg\" \/>\n\t<meta property=\"og:image:width\" content=\"1200\" \/>\n\t<meta property=\"og:image:height\" content=\"206\" \/>\n\t<meta property=\"og:image:type\" content=\"image\/jpeg\" \/>\n<meta name=\"twitter:card\" content=\"summary_large_image\" \/>\n<meta name=\"twitter:label1\" content=\"Dur\u00e9e de lecture estim\u00e9e\" \/>\n\t<meta name=\"twitter:data1\" content=\"2 minutes\" \/>\n<script type=\"application\/ld+json\" class=\"yoast-schema-graph\">{\"@context\":\"https:\\\/\\\/schema.org\",\"@graph\":[{\"@type\":\"WebPage\",\"@id\":\"https:\\\/\\\/tiketi.com\\\/cheap-bus-tickets-from-marrakech-to-casablanca\\\/\",\"url\":\"https:\\\/\\\/tiketi.com\\\/cheap-bus-tickets-from-marrakech-to-casablanca\\\/\",\"name\":\"Bus from Marrakech to Casablanca Bus Tickets, Route, Fare & Schedule\",\"isPartOf\":{\"@id\":\"https:\\\/\\\/tiketi.com\\\/#website\"},\"primaryImageOfPage\":{\"@id\":\"https:\\\/\\\/tiketi.com\\\/cheap-bus-tickets-from-marrakech-to-casablanca\\\/#primaryimage\"},\"image\":{\"@id\":\"https:\\\/\\\/tiketi.com\\\/cheap-bus-tickets-from-marrakech-to-casablanca\\\/#primaryimage\"},\"thumbnailUrl\":\"https:\\\/\\\/tiketi.com\\\/wp-content\\\/uploads\\\/2022\\\/01\\\/bus-ticket-online-booking.jpg\",\"datePublished\":\"2022-01-19T11:55:01+00:00\",\"dateModified\":\"2022-01-30T18:34:45+00:00\",\"description\":\"Looking for bus from\u00a0Marrakech to Casablanca bus ticket booking app, schedule & fare? Book cheap bus tickets from Marrakech to Casablanca online\",\"breadcrumb\":{\"@id\":\"https:\\\/\\\/tiketi.com\\\/cheap-bus-tickets-from-marrakech-to-casablanca\\\/#breadcrumb\"},\"inLanguage\":\"fr-FR\",\"potentialAction\":[{\"@type\":\"ReadAction\",\"target\":[\"https:\\\/\\\/tiketi.com\\\/cheap-bus-tickets-from-marrakech-to-casablanca\\\/\"]}]},{\"@type\":\"ImageObject\",\"inLanguage\":\"fr-FR\",\"@id\":\"https:\\\/\\\/tiketi.com\\\/cheap-bus-tickets-from-marrakech-to-casablanca\\\/#primaryimage\",\"url\":\"https:\\\/\\\/tiketi.com\\\/wp-content\\\/uploads\\\/2022\\\/01\\\/bus-ticket-online-booking.jpg\",\"contentUrl\":\"https:\\\/\\\/tiketi.com\\\/wp-content\\\/uploads\\\/2022\\\/01\\\/bus-ticket-online-booking.jpg\",\"width\":1200,\"height\":206,\"caption\":\"Online Bus Ticket Booking\"},{\"@type\":\"BreadcrumbList\",\"@id\":\"https:\\\/\\\/tiketi.com\\\/cheap-bus-tickets-from-marrakech-to-casablanca\\\/#breadcrumb\",\"itemListElement\":[{\"@type\":\"ListItem\",\"position\":1,\"name\":\"Home\",\"item\":\"https:\\\/\\\/tiketi.com\\\/\"},{\"@type\":\"ListItem\",\"position\":2,\"name\":\"Bus from Marrakech to Casablanca Bus Tickets, Route, Fare &#038; Schedule\"}]},{\"@type\":\"WebSite\",\"@id\":\"https:\\\/\\\/tiketi.com\\\/#website\",\"url\":\"https:\\\/\\\/tiketi.com\\\/\",\"name\":\"Flight & Bus Tickets, Tour Packages & Activitites - Tiketi.com\",\"description\":\"Flight &amp; Bus Tickets, Tours, Activitites\",\"publisher\":{\"@id\":\"https:\\\/\\\/tiketi.com\\\/#organization\"},\"potentialAction\":[{\"@type\":\"SearchAction\",\"target\":{\"@type\":\"EntryPoint\",\"urlTemplate\":\"https:\\\/\\\/tiketi.com\\\/?s={search_term_string}\"},\"query-input\":{\"@type\":\"PropertyValueSpecification\",\"valueRequired\":true,\"valueName\":\"search_term_string\"}}],\"inLanguage\":\"fr-FR\"},{\"@type\":\"Organization\",\"@id\":\"https:\\\/\\\/tiketi.com\\\/#organization\",\"name\":\"Tiketi.com\",\"alternateName\":\"Tiketi\",\"url\":\"https:\\\/\\\/tiketi.com\\\/\",\"logo\":{\"@type\":\"ImageObject\",\"inLanguage\":\"fr-FR\",\"@id\":\"https:\\\/\\\/tiketi.com\\\/#\\\/schema\\\/logo\\\/image\\\/\",\"url\":\"https:\\\/\\\/tiketi.com\\\/wp-content\\\/uploads\\\/2019\\\/05\\\/tiketi-logo-696.png\",\"contentUrl\":\"https:\\\/\\\/tiketi.com\\\/wp-content\\\/uploads\\\/2019\\\/05\\\/tiketi-logo-696.png\",\"width\":696,\"height\":696,\"caption\":\"Tiketi.com\"},\"image\":{\"@id\":\"https:\\\/\\\/tiketi.com\\\/#\\\/schema\\\/logo\\\/image\\\/\"},\"sameAs\":[\"https:\\\/\\\/www.facebook.com\\\/TiketiCom\\\/\"]}]}<\/script>\n<!-- \/ Yoast SEO plugin. -->","yoast_head_json":{"title":"Bus de Marrakech \u00e0 Casablanca Billets de bus, itin\u00e9raire, tarifs et horaires","description":"Vous recherchez une application de r\u00e9servation de billets de bus de Marrakech \u00e0 Casablanca, les horaires et les tarifs\u00a0? R\u00e9servez en ligne des billets de bus \u00e0 bas prix de Marrakech \u00e0 Casablanca","robots":{"index":"index","follow":"follow","max-snippet":"max-snippet:-1","max-image-preview":"max-image-preview:large","max-video-preview":"max-video-preview:-1"},"canonical":"https:\/\/tiketi.com\/fr-fr\/cheap-bus-tickets-from-marrakech-to-casablanca\/","og_locale":"fr_FR","og_type":"article","og_title":"Bus from Marrakech to Casablanca Bus Tickets, Route, Fare & Schedule","og_description":"Looking for bus from\u00a0Marrakech to Casablanca bus ticket booking app, schedule & fare? Book cheap bus tickets from Marrakech to Casablanca online","og_url":"https:\/\/tiketi.com\/fr-fr\/cheap-bus-tickets-from-marrakech-to-casablanca\/","og_site_name":"Tiketi.com","article_publisher":"https:\/\/www.facebook.com\/TiketiCom\/","article_modified_time":"2022-01-30T18:34:45+00:00","og_image":[{"width":1200,"height":206,"url":"https:\/\/tiketi.com\/wp-content\/uploads\/2022\/01\/bus-ticket-online-booking.jpg","type":"image\/jpeg"}],"twitter_card":"summary_large_image","twitter_misc":{"Dur\u00e9e de lecture estim\u00e9e":"2 minutes"},"schema":{"@context":"https:\/\/schema.org","@graph":[{"@type":"WebPage","@id":"https:\/\/tiketi.com\/cheap-bus-tickets-from-marrakech-to-casablanca\/","url":"https:\/\/tiketi.com\/cheap-bus-tickets-from-marrakech-to-casablanca\/","name":"Bus de Marrakech \u00e0 Casablanca Billets de bus, itin\u00e9raire, tarifs et horaires","isPartOf":{"@id":"https:\/\/tiketi.com\/#website"},"primaryImageOfPage":{"@id":"https:\/\/tiketi.com\/cheap-bus-tickets-from-marrakech-to-casablanca\/#primaryimage"},"image":{"@id":"https:\/\/tiketi.com\/cheap-bus-tickets-from-marrakech-to-casablanca\/#primaryimage"},"thumbnailUrl":"https:\/\/tiketi.com\/wp-content\/uploads\/2022\/01\/bus-ticket-online-booking.jpg","datePublished":"2022-01-19T11:55:01+00:00","dateModified":"2022-01-30T18:34:45+00:00","description":"Vous recherchez une application de r\u00e9servation de billets de bus de Marrakech \u00e0 Casablanca, les horaires et les tarifs\u00a0? R\u00e9servez en ligne des billets de bus \u00e0 bas prix de Marrakech \u00e0 Casablanca","breadcrumb":{"@id":"https:\/\/tiketi.com\/cheap-bus-tickets-from-marrakech-to-casablanca\/#breadcrumb"},"inLanguage":"fr-FR","potentialAction":[{"@type":"ReadAction","target":["https:\/\/tiketi.com\/cheap-bus-tickets-from-marrakech-to-casablanca\/"]}]},{"@type":"ImageObject","inLanguage":"fr-FR","@id":"https:\/\/tiketi.com\/cheap-bus-tickets-from-marrakech-to-casablanca\/#primaryimage","url":"https:\/\/tiketi.com\/wp-content\/uploads\/2022\/01\/bus-ticket-online-booking.jpg","contentUrl":"https:\/\/tiketi.com\/wp-content\/uploads\/2022\/01\/bus-ticket-online-booking.jpg","width":1200,"height":206,"caption":"Online Bus Ticket Booking"},{"@type":"BreadcrumbList","@id":"https:\/\/tiketi.com\/cheap-bus-tickets-from-marrakech-to-casablanca\/#breadcrumb","itemListElement":[{"@type":"ListItem","position":1,"name":"Home","item":"https:\/\/tiketi.com\/"},{"@type":"ListItem","position":2,"name":"Bus from Marrakech to Casablanca Bus Tickets, Route, Fare &#038; Schedule"}]},{"@type":"WebSite","@id":"https:\/\/tiketi.com\/#website","url":"https:\/\/tiketi.com\/","name":"Billets d&#039;avion et de bus, forfaits touristiques et activit\u00e9s - Tiketi.com","description":"Billets d&#039;avion et de bus, Tours, Activit\u00e9s","publisher":{"@id":"https:\/\/tiketi.com\/#organization"},"potentialAction":[{"@type":"SearchAction","target":{"@type":"EntryPoint","urlTemplate":"https:\/\/tiketi.com\/?s={search_term_string}"},"query-input":{"@type":"PropertyValueSpecification","valueRequired":true,"valueName":"search_term_string"}}],"inLanguage":"fr-FR"},{"@type":"Organization","@id":"https:\/\/tiketi.com\/#organization","name":"Tiketi.com","alternateName":"Tiketi","url":"https:\/\/tiketi.com\/","logo":{"@type":"ImageObject","inLanguage":"fr-FR","@id":"https:\/\/tiketi.com\/#\/schema\/logo\/image\/","url":"https:\/\/tiketi.com\/wp-content\/uploads\/2019\/05\/tiketi-logo-696.png","contentUrl":"https:\/\/tiketi.com\/wp-content\/uploads\/2019\/05\/tiketi-logo-696.png","width":696,"height":696,"caption":"Tiketi.com"},"image":{"@id":"https:\/\/tiketi.com\/#\/schema\/logo\/image\/"},"sameAs":["https:\/\/www.facebook.com\/TiketiCom\/"]}]}},"_links":{"self":[{"href":"https:\/\/tiketi.com\/fr-fr\/wp-json\/wp\/v2\/pages\/11655","targetHints":{"allow":["GET"]}}],"collection":[{"href":"https:\/\/tiketi.com\/fr-fr\/wp-json\/wp\/v2\/pages"}],"about":[{"href":"https:\/\/tiketi.com\/fr-fr\/wp-json\/wp\/v2\/types\/page"}],"author":[{"embeddable":true,"href":"https:\/\/tiketi.com\/fr-fr\/wp-json\/wp\/v2\/users\/1"}],"replies":[{"embeddable":true,"href":"https:\/\/tiketi.com\/fr-fr\/wp-json\/wp\/v2\/comments?post=11655"}],"version-history":[{"count":0,"href":"https:\/\/tiketi.com\/fr-fr\/wp-json\/wp\/v2\/pages\/11655\/revisions"}],"wp:featuredmedia":[{"embeddable":true,"href":"https:\/\/tiketi.com\/fr-fr\/wp-json\/wp\/v2\/media\/13999"}],"wp:attachment":[{"href":"https:\/\/tiketi.com\/fr-fr\/wp-json\/wp\/v2\/media?parent=11655"}],"curies":[{"name":"wp","href":"https:\/\/api.w.org\/{rel}","templated":true}]}}