{"id":11656,"date":"2022-01-19T12:55:01","date_gmt":"2022-01-19T11:55:01","guid":{"rendered":"https:\/\/new.tiketi.com\/bus-tickets-south-africa-online-bus-ticket-booking\/"},"modified":"2024-05-21T09:36:16","modified_gmt":"2024-05-21T08:36:16","slug":"south-africa-bus-tickets","status":"publish","type":"page","link":"https:\/\/tiketi.com\/fr-fr\/coaches\/south-africa-bus-tickets\/","title":{"rendered":"R\u00e9servation de billets de bus en ligne en Afrique du Sud I Billets de bus pas chers"},"content":{"rendered":"<h2>Billets de bus pas chers en Afrique du Sud<\/h2>\n<h3>D\u00e9couvrez votre itin\u00e9raire de voyage sur le web, le mobile ou l&#039;application et r\u00e9servez en ligne d\u00e8s maintenant un billet de bus pas cher en Afrique du Sud.<\/h3>\n<p>Comparez les tarifs de bus en Afrique du Sud et r\u00e9servez en ligne vos billets de bus pas chers en Afrique du Sud. L&#039;une des 4 grandes lignes de bus interurbains d&#039;Afrique du Sud dessert presque tous les villages et villes d&#039;Afrique du Sud. Non seulement les voyages en bus \u00e0 travers le pays en Afrique du Sud sont plus abordables que l&#039;avion, mais ils sont aussi infiniment plus charmants. Le terrain de la station Rainbow est aussi sp\u00e9cial que ses habitants, mais les passagers seront choqu\u00e9s de voir des montagnes d\u00e9chiquet\u00e9es couvertes d&#039;arbres se transformer en plaines plates et arides devant leurs fen\u00eatres. Utilisez donc notre application de r\u00e9servation de bus en Afrique du Sud pour effectuer d\u00e8s maintenant des r\u00e9servations de bus bon march\u00e9 en Afrique du Sud et \u00e9conomiser du temps et de l&#039;argent. Voici le d\u00e9tail de la r\u00e9servation de billets de bus en ligne en Afrique du Sud.<\/p>\n<h2>Bus en Afrique du Sud<\/h2>\n<h3>R\u00e9servation en ligne d&#039;autobus interurbains Afrique du Sud<\/h3>\n<p>Les 4 lignes de bus interurbaines \u00e9tablies en Afrique du Sud sont Translux, SA Roadlink, Intercape et Greyhound. Dans l&#039;ensemble, voyager sur l&#039;une de ces lignes est s\u00fbr, \u00e9conomique et relaxant. La plupart des autocars sont climatis\u00e9s et \u00e9quip\u00e9s de t\u00e9l\u00e9viseurs et de si\u00e8ges inclinables. Translux, Intercape et SA Roadlink proposent des billets de bus en ligne pour l&#039;Afrique du Sud. Greyhound et Intercape font des voyages depuis l&#039;Afrique du Sud jusqu&#039;aux pays limitrophes du Botswana, de la Namibie, de la Zambie et du Mozambique. La r\u00e9servation de billets de navette et de bus en Afrique du Sud peut \u00eatre effectu\u00e9e aux terminaux de bus de la ville, en ligne ou par t\u00e9l\u00e9phone.<\/p>\n<h3>Lignes de bus en Afrique du Sud<\/h3>\n<p>Les minibus taxis et les bus urbains en Afrique du Sud circulent dans la plupart des zones m\u00e9tropolitaines du pays et la r\u00e9servation de billets de bus en ligne en Afrique du Sud est g\u00e9n\u00e9ralement disponible. Les services de bus urbains en Afrique du Sud sont \u00e9conomiques et g\u00e9n\u00e9ralement s\u00e9curis\u00e9s, alors revenez et profitez du trajet.<\/p>\n<h2>Billets de bus The Baz en Afrique du Sud<\/h2>\n<p>Le Baz Bus est un service de bus en Afrique du Sud destin\u00e9 aux visiteurs \u00e0 petit budget et aux routards. L&#039;entreprise fournit un service \u00e0 arr\u00eats multiples, de porte \u00e0 porte et \u00e0 arr\u00eats multiples entre 2 des 4 principales r\u00e9gions m\u00e9tropolitaines d&#039;Afrique du Sud\u00a0: Johannesburg, Port Elizabeth, Durban et Cape Town. Les bus en Afrique du Sud empruntent des routes panoramiques et s&#039;arr\u00eatent dans plus de 180 auberges et lodges \u00e0 travers le pays. Les voyageurs peuvent prendre le temps qu&#039;ils veulent pour arriver \u00e0 leur destination finale. L&#039;entreprise g\u00e8re une flotte de dix-neuf bus, chacun \u00e9tant \u00e9quip\u00e9 de t\u00e9l\u00e9viseurs et de remorques con\u00e7ues pour transporter des planches de surf, des bagages et des v\u00e9los.<\/p>\n<h2>Taxis minibus en Afrique du Sud<\/h2>\n<p>Le syst\u00e8me de transport urbain est indisciplin\u00e9 et abordable. La plupart des habitants se d\u00e9placent facilement en r\u00e9servant des billets de navette et de bus en Afrique du Sud, de grandes canettes blanches pouvant accueillir jusqu&#039;\u00e0 seize personnes. Bien que les Sud-Africains utilisent le plus r\u00e9guli\u00e8rement les taxis minibus pour se d\u00e9placer dans et autour de la ville, les taxis minibus effectuent des trajets plus longs. Quoi qu&#039;il en soit, de nombreux v\u00e9hicules ne sont pas en \u00e9tat de rouler et des conducteurs dangereux les conduisent. Au moment de d\u00e9cider de prendre un service de r\u00e9servation de bus moins cher en Afrique du Sud, les visiteurs doivent demander le point de vue local sur la question. Refusez d&#039;attraper un taxi minibus apr\u00e8s la tomb\u00e9e de la nuit. Les visiteurs doivent monter \u00e0 bord du minibus avec leurs frais en main et garder les objets co\u00fbteux cach\u00e9s dans des sacs.<\/p>\n<h2>Services de bus int\u00e9gr\u00e9s du syst\u00e8me de transport rapide en Afrique du Sud<\/h2>\n<p>Les principaux services de bus urbains int\u00e9gr\u00e9s en Afrique du Sud n&#039;ont \u00e9t\u00e9 introduits qu&#039;en 2007. Depuis lors, ils se sont d\u00e9velopp\u00e9s lentement pour ajouter une flotte de bus de taille parfaite qui longe les grandes routes des zones m\u00e9tropolitaines dans des couloirs de bus con\u00e7us. Les r\u00e9servations de billets de bus en ligne pour l&#039;Afrique du Sud sont abordables et le voyage est g\u00e9n\u00e9ralement s\u00e9curis\u00e9. Quoi qu&#039;il en soit, les itin\u00e9raires sont limit\u00e9s aux grandes art\u00e8res des villes, et un trajet en minibus taxi ou en taxi peut \u00eatre tr\u00e8s important pour atteindre certaines zones.<\/p>\n<h2>R\u00e9servations de bus en Afrique du Sud ou r\u00e9servation de billets de bus en ligne en Afrique du Sud r\u00e9servation confirm\u00e9e<\/h2>\n<p>Pour les lignes principales, les billets de bus en Afrique du Sud s&#039;ach\u00e8tent au moins vingt-quatre heures \u00e0 l&#039;avance, et aussi longtemps \u00e0 l&#039;avance que possible pour voyager en p\u00e9riode de pointe. Les billets de bus bon march\u00e9 peuvent \u00eatre achet\u00e9s via les agences de bus ou en t\u00e9l\u00e9chargeant notre application de r\u00e9servation de bus en Afrique du Sud. Tiketi.com est particuli\u00e8rement fonctionnel et solidaire, fournissant aux grands transporteurs un moteur de r\u00e9servation de billets de bus en ligne en Afrique du Sud et acceptant g\u00e9n\u00e9ralement les cartes de cr\u00e9dit et les num\u00e9ros de t\u00e9l\u00e9phone portable \u00e9trangers. Notez simplement que, \u00e0 moins que vous ne d\u00e9m\u00e9nagiez hors d&#039;une grande ville, vous devez g\u00e9n\u00e9ralement r\u00e9cup\u00e9rer votre bus physique en ligne r\u00e9servant des billets pour l&#039;Afrique du Sud dans un Checkers ou un Shoprite avant de prendre votre bus.<\/p>\n<h2>Conseils sur l&#039;application de r\u00e9servation de bus en ligne en Afrique du Sud<\/h2>\n<p>L&#039;application de r\u00e9servation de bus Tiketi.com en Afrique du Sud est remarquablement abordable et s\u00fbre. Comparez et r\u00e9servez vos billets de bus Afrique du Sud en ligne d\u00e8s maintenant.<\/p>","protected":false},"excerpt":{"rendered":"<p>Cheap Bus Tickets in South Africa Discover your travel route on web, mobile or app and book cheap bus ticket in South Africa online now. Compare bus fares in South Africa and book your cheap bus tickets in South Africa online. One of the 4 big intercity bus tickets South Africa lines travels to nearly [&hellip;]<\/p>\n","protected":false},"author":1,"featured_media":13999,"parent":25605,"menu_order":0,"comment_status":"open","ping_status":"closed","template":"template-home-modern.php","meta":{"footnotes":""},"class_list":["post-11656","page","type-page","status-publish","has-post-thumbnail","hentry"],"yoast_head":"<!-- This site is optimized with the Yoast SEO plugin v27.4 - https:\/\/yoast.com\/product\/yoast-seo-wordpress\/ -->\n<title>Online Bus Ticket Booking in South Africa I Cheap Bus Tickets<\/title>\n<meta name=\"description\" content=\"Looking for online bus ticket\u00a0booking in South Africa, app, routes, fares &amp; schedule? Compare &amp; book cheap bus tickets in South Africa online\" \/>\n<meta name=\"robots\" content=\"index, follow, max-snippet:-1, max-image-preview:large, max-video-preview:-1\" \/>\n<link rel=\"canonical\" href=\"https:\/\/tiketi.com\/fr-fr\/coaches\/south-africa-bus-tickets\/\" \/>\n<meta property=\"og:locale\" content=\"fr_FR\" \/>\n<meta property=\"og:type\" content=\"article\" \/>\n<meta property=\"og:title\" content=\"Online Bus Ticket Booking in South Africa I Cheap Bus Tickets\" \/>\n<meta property=\"og:description\" content=\"Looking for online bus ticket\u00a0booking in South Africa, app, routes, fares &amp; schedule? Compare &amp; book cheap bus tickets in South Africa online\" \/>\n<meta property=\"og:url\" content=\"https:\/\/tiketi.com\/fr-fr\/coaches\/south-africa-bus-tickets\/\" \/>\n<meta property=\"og:site_name\" content=\"Tiketi.com\" \/>\n<meta property=\"article:publisher\" content=\"https:\/\/www.facebook.com\/TiketiCom\/\" \/>\n<meta property=\"article:modified_time\" content=\"2024-05-21T08:36:16+00:00\" \/>\n<meta property=\"og:image\" content=\"https:\/\/tiketi.com\/wp-content\/uploads\/2022\/01\/bus-ticket-online-booking.jpg\" \/>\n\t<meta property=\"og:image:width\" content=\"1200\" \/>\n\t<meta property=\"og:image:height\" content=\"206\" \/>\n\t<meta property=\"og:image:type\" content=\"image\/jpeg\" \/>\n<meta name=\"twitter:card\" content=\"summary_large_image\" \/>\n<meta name=\"twitter:label1\" content=\"Dur\u00e9e de lecture estim\u00e9e\" \/>\n\t<meta name=\"twitter:data1\" content=\"4 minutes\" \/>\n<script type=\"application\/ld+json\" class=\"yoast-schema-graph\">{\"@context\":\"https:\\\/\\\/schema.org\",\"@graph\":[{\"@type\":\"WebPage\",\"@id\":\"https:\\\/\\\/tiketi.com\\\/coaches\\\/south-africa-bus-tickets\\\/\",\"url\":\"https:\\\/\\\/tiketi.com\\\/coaches\\\/south-africa-bus-tickets\\\/\",\"name\":\"Online Bus Ticket Booking in South Africa I Cheap Bus Tickets\",\"isPartOf\":{\"@id\":\"https:\\\/\\\/tiketi.com\\\/#website\"},\"primaryImageOfPage\":{\"@id\":\"https:\\\/\\\/tiketi.com\\\/coaches\\\/south-africa-bus-tickets\\\/#primaryimage\"},\"image\":{\"@id\":\"https:\\\/\\\/tiketi.com\\\/coaches\\\/south-africa-bus-tickets\\\/#primaryimage\"},\"thumbnailUrl\":\"https:\\\/\\\/tiketi.com\\\/wp-content\\\/uploads\\\/2022\\\/01\\\/bus-ticket-online-booking.jpg\",\"datePublished\":\"2022-01-19T11:55:01+00:00\",\"dateModified\":\"2024-05-21T08:36:16+00:00\",\"description\":\"Looking for online bus ticket\u00a0booking in South Africa, app, routes, fares & schedule? Compare & book cheap bus tickets in South Africa online\",\"breadcrumb\":{\"@id\":\"https:\\\/\\\/tiketi.com\\\/coaches\\\/south-africa-bus-tickets\\\/#breadcrumb\"},\"inLanguage\":\"fr-FR\",\"potentialAction\":[{\"@type\":\"ReadAction\",\"target\":[\"https:\\\/\\\/tiketi.com\\\/coaches\\\/south-africa-bus-tickets\\\/\"]}]},{\"@type\":\"ImageObject\",\"inLanguage\":\"fr-FR\",\"@id\":\"https:\\\/\\\/tiketi.com\\\/coaches\\\/south-africa-bus-tickets\\\/#primaryimage\",\"url\":\"https:\\\/\\\/tiketi.com\\\/wp-content\\\/uploads\\\/2022\\\/01\\\/bus-ticket-online-booking.jpg\",\"contentUrl\":\"https:\\\/\\\/tiketi.com\\\/wp-content\\\/uploads\\\/2022\\\/01\\\/bus-ticket-online-booking.jpg\",\"width\":1200,\"height\":206,\"caption\":\"Online Bus Ticket Booking\"},{\"@type\":\"BreadcrumbList\",\"@id\":\"https:\\\/\\\/tiketi.com\\\/coaches\\\/south-africa-bus-tickets\\\/#breadcrumb\",\"itemListElement\":[{\"@type\":\"ListItem\",\"position\":1,\"name\":\"Home\",\"item\":\"https:\\\/\\\/tiketi.com\\\/\"},{\"@type\":\"ListItem\",\"position\":2,\"name\":\"Coaches\",\"item\":\"https:\\\/\\\/tiketi.com\\\/sw\\\/nauli-za-mabasi\\\/\"},{\"@type\":\"ListItem\",\"position\":3,\"name\":\"Online Bus Ticket Booking in South Africa I Cheap Bus Tickets\"}]},{\"@type\":\"WebSite\",\"@id\":\"https:\\\/\\\/tiketi.com\\\/#website\",\"url\":\"https:\\\/\\\/tiketi.com\\\/\",\"name\":\"Flight & Bus Tickets, Tour Packages & Activitites - Tiketi.com\",\"description\":\"Flight &amp; Bus Tickets, Tours, Activitites\",\"publisher\":{\"@id\":\"https:\\\/\\\/tiketi.com\\\/#organization\"},\"potentialAction\":[{\"@type\":\"SearchAction\",\"target\":{\"@type\":\"EntryPoint\",\"urlTemplate\":\"https:\\\/\\\/tiketi.com\\\/?s={search_term_string}\"},\"query-input\":{\"@type\":\"PropertyValueSpecification\",\"valueRequired\":true,\"valueName\":\"search_term_string\"}}],\"inLanguage\":\"fr-FR\"},{\"@type\":\"Organization\",\"@id\":\"https:\\\/\\\/tiketi.com\\\/#organization\",\"name\":\"Tiketi.com\",\"alternateName\":\"Tiketi\",\"url\":\"https:\\\/\\\/tiketi.com\\\/\",\"logo\":{\"@type\":\"ImageObject\",\"inLanguage\":\"fr-FR\",\"@id\":\"https:\\\/\\\/tiketi.com\\\/#\\\/schema\\\/logo\\\/image\\\/\",\"url\":\"https:\\\/\\\/tiketi.com\\\/wp-content\\\/uploads\\\/2019\\\/05\\\/tiketi-logo-696.png\",\"contentUrl\":\"https:\\\/\\\/tiketi.com\\\/wp-content\\\/uploads\\\/2019\\\/05\\\/tiketi-logo-696.png\",\"width\":696,\"height\":696,\"caption\":\"Tiketi.com\"},\"image\":{\"@id\":\"https:\\\/\\\/tiketi.com\\\/#\\\/schema\\\/logo\\\/image\\\/\"},\"sameAs\":[\"https:\\\/\\\/www.facebook.com\\\/TiketiCom\\\/\"]}]}<\/script>\n<!-- \/ Yoast SEO plugin. -->","yoast_head_json":{"title":"R\u00e9servation de billets de bus en ligne en Afrique du Sud I Billets de bus pas chers","description":"Vous recherchez une r\u00e9servation de billets de bus en ligne en Afrique du Sud, une application, des itin\u00e9raires, des tarifs et des horaires\u00a0? Comparez et r\u00e9servez en ligne des billets de bus pas chers en Afrique du Sud","robots":{"index":"index","follow":"follow","max-snippet":"max-snippet:-1","max-image-preview":"max-image-preview:large","max-video-preview":"max-video-preview:-1"},"canonical":"https:\/\/tiketi.com\/fr-fr\/coaches\/south-africa-bus-tickets\/","og_locale":"fr_FR","og_type":"article","og_title":"Online Bus Ticket Booking in South Africa I Cheap Bus Tickets","og_description":"Looking for online bus ticket\u00a0booking in South Africa, app, routes, fares & schedule? Compare & book cheap bus tickets in South Africa online","og_url":"https:\/\/tiketi.com\/fr-fr\/coaches\/south-africa-bus-tickets\/","og_site_name":"Tiketi.com","article_publisher":"https:\/\/www.facebook.com\/TiketiCom\/","article_modified_time":"2024-05-21T08:36:16+00:00","og_image":[{"width":1200,"height":206,"url":"https:\/\/tiketi.com\/wp-content\/uploads\/2022\/01\/bus-ticket-online-booking.jpg","type":"image\/jpeg"}],"twitter_card":"summary_large_image","twitter_misc":{"Dur\u00e9e de lecture estim\u00e9e":"4 minutes"},"schema":{"@context":"https:\/\/schema.org","@graph":[{"@type":"WebPage","@id":"https:\/\/tiketi.com\/coaches\/south-africa-bus-tickets\/","url":"https:\/\/tiketi.com\/coaches\/south-africa-bus-tickets\/","name":"R\u00e9servation de billets de bus en ligne en Afrique du Sud I Billets de bus pas chers","isPartOf":{"@id":"https:\/\/tiketi.com\/#website"},"primaryImageOfPage":{"@id":"https:\/\/tiketi.com\/coaches\/south-africa-bus-tickets\/#primaryimage"},"image":{"@id":"https:\/\/tiketi.com\/coaches\/south-africa-bus-tickets\/#primaryimage"},"thumbnailUrl":"https:\/\/tiketi.com\/wp-content\/uploads\/2022\/01\/bus-ticket-online-booking.jpg","datePublished":"2022-01-19T11:55:01+00:00","dateModified":"2024-05-21T08:36:16+00:00","description":"Vous recherchez une r\u00e9servation de billets de bus en ligne en Afrique du Sud, une application, des itin\u00e9raires, des tarifs et des horaires\u00a0? Comparez et r\u00e9servez en ligne des billets de bus pas chers en Afrique du Sud","breadcrumb":{"@id":"https:\/\/tiketi.com\/coaches\/south-africa-bus-tickets\/#breadcrumb"},"inLanguage":"fr-FR","potentialAction":[{"@type":"ReadAction","target":["https:\/\/tiketi.com\/coaches\/south-africa-bus-tickets\/"]}]},{"@type":"ImageObject","inLanguage":"fr-FR","@id":"https:\/\/tiketi.com\/coaches\/south-africa-bus-tickets\/#primaryimage","url":"https:\/\/tiketi.com\/wp-content\/uploads\/2022\/01\/bus-ticket-online-booking.jpg","contentUrl":"https:\/\/tiketi.com\/wp-content\/uploads\/2022\/01\/bus-ticket-online-booking.jpg","width":1200,"height":206,"caption":"Online Bus Ticket Booking"},{"@type":"BreadcrumbList","@id":"https:\/\/tiketi.com\/coaches\/south-africa-bus-tickets\/#breadcrumb","itemListElement":[{"@type":"ListItem","position":1,"name":"Home","item":"https:\/\/tiketi.com\/"},{"@type":"ListItem","position":2,"name":"Coaches","item":"https:\/\/tiketi.com\/sw\/nauli-za-mabasi\/"},{"@type":"ListItem","position":3,"name":"Online Bus Ticket Booking in South Africa I Cheap Bus Tickets"}]},{"@type":"WebSite","@id":"https:\/\/tiketi.com\/#website","url":"https:\/\/tiketi.com\/","name":"Billets d&#039;avion et de bus, forfaits touristiques et activit\u00e9s - Tiketi.com","description":"Billets d&#039;avion et de bus, Tours, Activit\u00e9s","publisher":{"@id":"https:\/\/tiketi.com\/#organization"},"potentialAction":[{"@type":"SearchAction","target":{"@type":"EntryPoint","urlTemplate":"https:\/\/tiketi.com\/?s={search_term_string}"},"query-input":{"@type":"PropertyValueSpecification","valueRequired":true,"valueName":"search_term_string"}}],"inLanguage":"fr-FR"},{"@type":"Organization","@id":"https:\/\/tiketi.com\/#organization","name":"Tiketi.com","alternateName":"Tiketi","url":"https:\/\/tiketi.com\/","logo":{"@type":"ImageObject","inLanguage":"fr-FR","@id":"https:\/\/tiketi.com\/#\/schema\/logo\/image\/","url":"https:\/\/tiketi.com\/wp-content\/uploads\/2019\/05\/tiketi-logo-696.png","contentUrl":"https:\/\/tiketi.com\/wp-content\/uploads\/2019\/05\/tiketi-logo-696.png","width":696,"height":696,"caption":"Tiketi.com"},"image":{"@id":"https:\/\/tiketi.com\/#\/schema\/logo\/image\/"},"sameAs":["https:\/\/www.facebook.com\/TiketiCom\/"]}]}},"_links":{"self":[{"href":"https:\/\/tiketi.com\/fr-fr\/wp-json\/wp\/v2\/pages\/11656","targetHints":{"allow":["GET"]}}],"collection":[{"href":"https:\/\/tiketi.com\/fr-fr\/wp-json\/wp\/v2\/pages"}],"about":[{"href":"https:\/\/tiketi.com\/fr-fr\/wp-json\/wp\/v2\/types\/page"}],"author":[{"embeddable":true,"href":"https:\/\/tiketi.com\/fr-fr\/wp-json\/wp\/v2\/users\/1"}],"replies":[{"embeddable":true,"href":"https:\/\/tiketi.com\/fr-fr\/wp-json\/wp\/v2\/comments?post=11656"}],"version-history":[{"count":0,"href":"https:\/\/tiketi.com\/fr-fr\/wp-json\/wp\/v2\/pages\/11656\/revisions"}],"up":[{"embeddable":true,"href":"https:\/\/tiketi.com\/fr-fr\/wp-json\/wp\/v2\/pages\/25605"}],"wp:featuredmedia":[{"embeddable":true,"href":"https:\/\/tiketi.com\/fr-fr\/wp-json\/wp\/v2\/media\/13999"}],"wp:attachment":[{"href":"https:\/\/tiketi.com\/fr-fr\/wp-json\/wp\/v2\/media?parent=11656"}],"curies":[{"name":"wp","href":"https:\/\/api.w.org\/{rel}","templated":true}]}}