{"id":11658,"date":"2022-01-19T12:55:01","date_gmt":"2022-01-19T11:55:01","guid":{"rendered":"https:\/\/new.tiketi.com\/bus-tickets-in-egypt-online-bus-ticket-booking\/"},"modified":"2024-11-08T18:29:26","modified_gmt":"2024-11-08T17:29:26","slug":"book-cheap-bus-tickets-in-egypt","status":"publish","type":"page","link":"https:\/\/tiketi.com\/fr-fr\/book-cheap-bus-tickets-in-egypt\/","title":{"rendered":"Billets de bus en \u00c9gypte - R\u00e9servation de billets de bus en ligne"},"content":{"rendered":"<h2>R\u00e9servation de billets de bus en ligne bon march\u00e9 en \u00c9gypte<\/h2>\n<h3>D\u00e9couvrez votre itin\u00e9raire de voyage sur le web, le mobile ou l&#039;application et r\u00e9servez en ligne d\u00e8s maintenant des billets de bus \u00e0 bas prix en \u00c9gypte.<\/h3>\n<p>You can get to most towns, cities and village with bus tickets in Egypt on a bus, at an extremely affordable price. For many long-distance routes beyond the Nile Valley, it is the top option, and sometimes online bus ticket booking Egypt only one. Buses are not necessarily quick though, and if you are going from or to Cairo, you will at least an hour just in city traffic. Delays are general, especially later in the day as schedules get back up. Bus booking apps in Egypt can help you book bus tickets <a href=\"https:\/\/tiketi.com\/fr-fr\/download-tiketi-app\/\" target=\"_blank\" rel=\"noopener\">anytime and anywhere<\/a>.<\/p>\n<h2>Billets de micro-bus en \u00c9gypte<\/h2>\n<p>Le moyen de transport c\u00e9l\u00e8bre parmi les habitants peut \u00e9galement \u00eatre utilis\u00e9 par les visiteurs. Les microbus, g\u00e9n\u00e9ralement appel\u00e9s minibus ou micro, apr\u00e8s tout, ils sont presque partout. Ce sont des vans pouvant accueillir jusqu&#039;\u00e0 quatorze passagers, m\u00eame s&#039;il convient de noter qu&#039;en \u00c9gypte, l&#039;id\u00e9e d&#039;espace personnel n&#039;existe pas. Si vous voulez une zone plus \u00e9tendue, vous pouvez simplement t\u00e9l\u00e9charger des applications de r\u00e9servation de bus en \u00c9gypte et effectuer des r\u00e9servations suppl\u00e9mentaires de navette et de billets de bus en \u00c9gypte.<\/p>\n<p>Ce qui rend le tout un peu difficile, c&#039;est le fait que les minibus appartiennent en grande partie \u00e0 des particuliers et ne sont g\u00e9n\u00e9ralement pas marqu\u00e9s. Ainsi, il existe des dizaines de signaux manuels diff\u00e9rents qui sont utilis\u00e9s pour indiquer l&#039;endroit recherch\u00e9 lors de l&#039;arr\u00eat d&#039;une camionnette. En tant qu&#039;\u00e9tranger, vous ne pouvez qu&#039;\u00e0 chaque fois, soit que le bus se rende \u00e0 l&#039;endroit souhait\u00e9, soit laisser un local vous montrer le signal manuel correspondant.<\/p>\n<p>De plus, les microbus ne fonctionnent pas selon un horaire fixe, ils attendent juste d&#039;\u00eatre pleins, puis d\u00e9collent. En r\u00e8gle g\u00e9n\u00e9rale, cela ne devrait pas prendre trop de temps, car il se passe g\u00e9n\u00e9ralement beaucoup de choses au d\u00e9but et \u00e0 la fin. Ces stations de microbus sont g\u00e9n\u00e9ralement plac\u00e9es \u00e0 l&#039;ext\u00e9rieur des gares ferroviaires et routi\u00e8res ou aux grands carrefours autoroutiers proches des villes.<\/p>\n<h2>Bus urbain Egypte r\u00e9servations de bus en ligne<\/h2>\n<p>Dans les grandes villes comme Alexandrines ou Le Caire, outre les microbus, il existe \u00e9galement des bus r\u00e9guliers pour les r\u00e9servations de bus en ligne en \u00c9gypte. Ceux-ci parcourent parfois plus de trente kilom\u00e8tres depuis leur arr\u00eat de d\u00e9but \u00e0 fin. \u00c9tant donn\u00e9 que les bus ne sont marqu\u00e9s qu&#039;en chiffres arabes et que les horaires ne sont disponibles nulle part, il n&#039;est pas toujours facile de trouver o\u00f9 vont r\u00e9ellement les applications de r\u00e9servation de bus les moins ch\u00e8res en \u00c9gypte.<br \/>\nAinsi, il y a 2 possibilit\u00e9s : Montez simplement dans un bus qui va dans le meilleur sens, et suivez votre propre itin\u00e9raire via Google Maps et descendez d\u00e8s que le bus va dans un autre sens que celui que vous souhaitez ; ou vous demandez au chauffeur du bus s&#039;il va dans le m\u00eame sens que vous. Quoi qu&#039;il en soit, cela peut prendre beaucoup de temps pour attraper le bus. Faites donc \u00e0 l&#039;avance la r\u00e9servation de billets de bus en ligne en \u00c9gypte et \u00e9conomisez du temps et de l&#039;argent.<\/p>\n<h2>Navette r\u00e9servation de bus en ligne Egypte<\/h2>\n<p>\u00c0 Hurghada, il y a une navette entre le centre-ville et le centre commercial Senzo, qui s&#039;arr\u00eate \u00e9galement dans diff\u00e9rents complexes h\u00f4teliers du sud. Il circule toutes les trente minutes entre 9 h et minuit tous les jours. Un arr\u00eat est plac\u00e9 \u00e0 quelques pas du Zak Apartment at Sheraton Road.<\/p>\n<h2>M\u00e9tro<\/h2>\n<p>Ouverte en 1987, la ligne initiale a aujourd&#039;hui une longueur d&#039;une vingtaine de kilom\u00e8tres ou trente-cinq stations et relie la banlieue nord avec le centre et la banlieue sud du Caire. C&#039;est la ligne la plus utilis\u00e9e : actuellement, la ligne 1 transporte environ 1,4 million de passagers par jour, aux heures de pointe, elle circule dans un intervalle de 210 secondes. plus de lignes de m\u00e9tro sont pr\u00e9vues.<\/p>\n<h2>Conseils pour la r\u00e9servation de billets de bus en ligne en \u00c9gypte<\/h2>\n<p>Il est pr\u00e9f\u00e9rable de r\u00e9server \u00e0 l&#039;avance les billets de navette et de bus en \u00c9gypte, principalement pour les services du d\u00e9sert occidental et les itin\u00e9raires Le Caire-Sina\u00ef o\u00f9 les bus circulent rarement. Accrochez-vous \u00e0 votre r\u00e9servation de billets de bus en ligne en \u00c9gypte jusqu&#039;\u00e0 ce que vous descendiez car les inspecteurs embarquent presque toujours pour v\u00e9rifier les tarifs. Vous devez toujours avoir votre passeport sur vous car les bus sont g\u00e9n\u00e9ralement arr\u00eat\u00e9s aux points de contr\u00f4le militaires pour des contr\u00f4les d&#039;identit\u00e9 al\u00e9atoires. Ceci est particuli\u00e8rement g\u00e9n\u00e9ral sur le bus entre Abou Simbel et Assouan, et sur tous les bus du Sina\u00ef.<\/p>\n<h2>More Transportation in Egypt<\/h2>\n<ul>\n<li><a href=\"https:\/\/tiketi.com\/fr-fr\/cheap-flights-to-cairo-cai\/\">Cheap Flights to Cairo<\/a><\/li>\n<li><a href=\"https:\/\/tiketi.com\/fr-fr\/volants\/taxi-aerien\/cairo\/\" target=\"_blank\" rel=\"noopener\">Air Taxi in Cairo<\/a><\/li>\n<\/ul>","protected":false},"excerpt":{"rendered":"<p>Cheap Online Bus Ticket Booking Egypt Discover your travel route on web, mobile or app and book cheap bus tickets in Egypt online now. You can get to most towns, cities and village with bus tickets in Egypt on a bus, at an extremely affordable price. For many long-distance routes beyond the Nile Valley, it [&hellip;]<\/p>\n","protected":false},"author":1,"featured_media":13999,"parent":0,"menu_order":0,"comment_status":"open","ping_status":"closed","template":"template-home-modern.php","meta":{"footnotes":""},"class_list":["post-11658","page","type-page","status-publish","has-post-thumbnail","hentry"],"yoast_head":"<!-- This site is optimized with the Yoast SEO plugin v27.5 - https:\/\/yoast.com\/product\/yoast-seo-wordpress\/ -->\n<title>Bus Tickets in Egypt - Online Bus Ticket Booking<\/title>\n<meta name=\"description\" content=\"Looking for online bus ticket\u00a0booking Egypt, app, route, distance, fare &amp; schedule? Compare and book cheap bus tickets in Egypt online now\" \/>\n<meta name=\"robots\" content=\"index, follow, max-snippet:-1, max-image-preview:large, max-video-preview:-1\" \/>\n<link rel=\"canonical\" href=\"https:\/\/tiketi.com\/fr-fr\/book-cheap-bus-tickets-in-egypt\/\" \/>\n<meta property=\"og:locale\" content=\"fr_FR\" \/>\n<meta property=\"og:type\" content=\"article\" \/>\n<meta property=\"og:title\" content=\"Bus Tickets in Egypt - Online Bus Ticket Booking\" \/>\n<meta property=\"og:description\" content=\"Looking for online bus ticket\u00a0booking Egypt, app, route, distance, fare &amp; schedule? Compare and book cheap bus tickets in Egypt online now\" \/>\n<meta property=\"og:url\" content=\"https:\/\/tiketi.com\/fr-fr\/book-cheap-bus-tickets-in-egypt\/\" \/>\n<meta property=\"og:site_name\" content=\"Tiketi.com\" \/>\n<meta property=\"article:publisher\" content=\"https:\/\/www.facebook.com\/TiketiCom\/\" \/>\n<meta property=\"article:modified_time\" content=\"2024-11-08T17:29:26+00:00\" \/>\n<meta property=\"og:image\" content=\"https:\/\/tiketi.com\/wp-content\/uploads\/2022\/01\/bus-ticket-online-booking.jpg\" \/>\n\t<meta property=\"og:image:width\" content=\"1200\" \/>\n\t<meta property=\"og:image:height\" content=\"206\" \/>\n\t<meta property=\"og:image:type\" content=\"image\/jpeg\" \/>\n<meta name=\"twitter:card\" content=\"summary_large_image\" \/>\n<meta name=\"twitter:label1\" content=\"Dur\u00e9e de lecture estim\u00e9e\" \/>\n\t<meta name=\"twitter:data1\" content=\"4 minutes\" \/>\n<script type=\"application\/ld+json\" class=\"yoast-schema-graph\">{\"@context\":\"https:\\\/\\\/schema.org\",\"@graph\":[{\"@type\":\"WebPage\",\"@id\":\"https:\\\/\\\/tiketi.com\\\/book-cheap-bus-tickets-in-egypt\\\/\",\"url\":\"https:\\\/\\\/tiketi.com\\\/book-cheap-bus-tickets-in-egypt\\\/\",\"name\":\"Bus Tickets in Egypt - Online Bus Ticket Booking\",\"isPartOf\":{\"@id\":\"https:\\\/\\\/tiketi.com\\\/#website\"},\"primaryImageOfPage\":{\"@id\":\"https:\\\/\\\/tiketi.com\\\/book-cheap-bus-tickets-in-egypt\\\/#primaryimage\"},\"image\":{\"@id\":\"https:\\\/\\\/tiketi.com\\\/book-cheap-bus-tickets-in-egypt\\\/#primaryimage\"},\"thumbnailUrl\":\"https:\\\/\\\/tiketi.com\\\/wp-content\\\/uploads\\\/2022\\\/01\\\/bus-ticket-online-booking.jpg\",\"datePublished\":\"2022-01-19T11:55:01+00:00\",\"dateModified\":\"2024-11-08T17:29:26+00:00\",\"description\":\"Looking for online bus ticket\u00a0booking Egypt, app, route, distance, fare & schedule? Compare and book cheap bus tickets in Egypt online now\",\"breadcrumb\":{\"@id\":\"https:\\\/\\\/tiketi.com\\\/book-cheap-bus-tickets-in-egypt\\\/#breadcrumb\"},\"inLanguage\":\"fr-FR\",\"potentialAction\":[{\"@type\":\"ReadAction\",\"target\":[\"https:\\\/\\\/tiketi.com\\\/book-cheap-bus-tickets-in-egypt\\\/\"]}]},{\"@type\":\"ImageObject\",\"inLanguage\":\"fr-FR\",\"@id\":\"https:\\\/\\\/tiketi.com\\\/book-cheap-bus-tickets-in-egypt\\\/#primaryimage\",\"url\":\"https:\\\/\\\/tiketi.com\\\/wp-content\\\/uploads\\\/2022\\\/01\\\/bus-ticket-online-booking.jpg\",\"contentUrl\":\"https:\\\/\\\/tiketi.com\\\/wp-content\\\/uploads\\\/2022\\\/01\\\/bus-ticket-online-booking.jpg\",\"width\":1200,\"height\":206,\"caption\":\"Online Bus Ticket Booking\"},{\"@type\":\"BreadcrumbList\",\"@id\":\"https:\\\/\\\/tiketi.com\\\/book-cheap-bus-tickets-in-egypt\\\/#breadcrumb\",\"itemListElement\":[{\"@type\":\"ListItem\",\"position\":1,\"name\":\"Home\",\"item\":\"https:\\\/\\\/tiketi.com\\\/\"},{\"@type\":\"ListItem\",\"position\":2,\"name\":\"Bus Tickets in Egypt &#8211; Online Bus Ticket Booking\"}]},{\"@type\":\"WebSite\",\"@id\":\"https:\\\/\\\/tiketi.com\\\/#website\",\"url\":\"https:\\\/\\\/tiketi.com\\\/\",\"name\":\"Flight & Bus Tickets, Tour Packages & Activitites - Tiketi.com\",\"description\":\"Flight &amp; Bus Tickets, Tours, Activitites\",\"publisher\":{\"@id\":\"https:\\\/\\\/tiketi.com\\\/#organization\"},\"potentialAction\":[{\"@type\":\"SearchAction\",\"target\":{\"@type\":\"EntryPoint\",\"urlTemplate\":\"https:\\\/\\\/tiketi.com\\\/?s={search_term_string}\"},\"query-input\":{\"@type\":\"PropertyValueSpecification\",\"valueRequired\":true,\"valueName\":\"search_term_string\"}}],\"inLanguage\":\"fr-FR\"},{\"@type\":\"Organization\",\"@id\":\"https:\\\/\\\/tiketi.com\\\/#organization\",\"name\":\"Tiketi.com\",\"alternateName\":\"Tiketi\",\"url\":\"https:\\\/\\\/tiketi.com\\\/\",\"logo\":{\"@type\":\"ImageObject\",\"inLanguage\":\"fr-FR\",\"@id\":\"https:\\\/\\\/tiketi.com\\\/#\\\/schema\\\/logo\\\/image\\\/\",\"url\":\"https:\\\/\\\/tiketi.com\\\/wp-content\\\/uploads\\\/2019\\\/05\\\/tiketi-logo-696.png\",\"contentUrl\":\"https:\\\/\\\/tiketi.com\\\/wp-content\\\/uploads\\\/2019\\\/05\\\/tiketi-logo-696.png\",\"width\":696,\"height\":696,\"caption\":\"Tiketi.com\"},\"image\":{\"@id\":\"https:\\\/\\\/tiketi.com\\\/#\\\/schema\\\/logo\\\/image\\\/\"},\"sameAs\":[\"https:\\\/\\\/www.facebook.com\\\/TiketiCom\\\/\"]}]}<\/script>\n<!-- \/ Yoast SEO plugin. -->","yoast_head_json":{"title":"Billets de bus en \u00c9gypte - R\u00e9servation de billets de bus en ligne","description":"Vous recherchez une r\u00e9servation en ligne de billets de bus en \u00c9gypte, une application, un itin\u00e9raire, une distance, un tarif et des horaires\u00a0? Comparez et r\u00e9servez en ligne d\u00e8s maintenant vos billets de bus pas chers en \u00c9gypte","robots":{"index":"index","follow":"follow","max-snippet":"max-snippet:-1","max-image-preview":"max-image-preview:large","max-video-preview":"max-video-preview:-1"},"canonical":"https:\/\/tiketi.com\/fr-fr\/book-cheap-bus-tickets-in-egypt\/","og_locale":"fr_FR","og_type":"article","og_title":"Bus Tickets in Egypt - Online Bus Ticket Booking","og_description":"Looking for online bus ticket\u00a0booking Egypt, app, route, distance, fare & schedule? Compare and book cheap bus tickets in Egypt online now","og_url":"https:\/\/tiketi.com\/fr-fr\/book-cheap-bus-tickets-in-egypt\/","og_site_name":"Tiketi.com","article_publisher":"https:\/\/www.facebook.com\/TiketiCom\/","article_modified_time":"2024-11-08T17:29:26+00:00","og_image":[{"width":1200,"height":206,"url":"https:\/\/tiketi.com\/wp-content\/uploads\/2022\/01\/bus-ticket-online-booking.jpg","type":"image\/jpeg"}],"twitter_card":"summary_large_image","twitter_misc":{"Dur\u00e9e de lecture estim\u00e9e":"4 minutes"},"schema":{"@context":"https:\/\/schema.org","@graph":[{"@type":"WebPage","@id":"https:\/\/tiketi.com\/book-cheap-bus-tickets-in-egypt\/","url":"https:\/\/tiketi.com\/book-cheap-bus-tickets-in-egypt\/","name":"Billets de bus en \u00c9gypte - R\u00e9servation de billets de bus en ligne","isPartOf":{"@id":"https:\/\/tiketi.com\/#website"},"primaryImageOfPage":{"@id":"https:\/\/tiketi.com\/book-cheap-bus-tickets-in-egypt\/#primaryimage"},"image":{"@id":"https:\/\/tiketi.com\/book-cheap-bus-tickets-in-egypt\/#primaryimage"},"thumbnailUrl":"https:\/\/tiketi.com\/wp-content\/uploads\/2022\/01\/bus-ticket-online-booking.jpg","datePublished":"2022-01-19T11:55:01+00:00","dateModified":"2024-11-08T17:29:26+00:00","description":"Vous recherchez une r\u00e9servation en ligne de billets de bus en \u00c9gypte, une application, un itin\u00e9raire, une distance, un tarif et des horaires\u00a0? Comparez et r\u00e9servez en ligne d\u00e8s maintenant vos billets de bus pas chers en \u00c9gypte","breadcrumb":{"@id":"https:\/\/tiketi.com\/book-cheap-bus-tickets-in-egypt\/#breadcrumb"},"inLanguage":"fr-FR","potentialAction":[{"@type":"ReadAction","target":["https:\/\/tiketi.com\/book-cheap-bus-tickets-in-egypt\/"]}]},{"@type":"ImageObject","inLanguage":"fr-FR","@id":"https:\/\/tiketi.com\/book-cheap-bus-tickets-in-egypt\/#primaryimage","url":"https:\/\/tiketi.com\/wp-content\/uploads\/2022\/01\/bus-ticket-online-booking.jpg","contentUrl":"https:\/\/tiketi.com\/wp-content\/uploads\/2022\/01\/bus-ticket-online-booking.jpg","width":1200,"height":206,"caption":"Online Bus Ticket Booking"},{"@type":"BreadcrumbList","@id":"https:\/\/tiketi.com\/book-cheap-bus-tickets-in-egypt\/#breadcrumb","itemListElement":[{"@type":"ListItem","position":1,"name":"Home","item":"https:\/\/tiketi.com\/"},{"@type":"ListItem","position":2,"name":"Bus Tickets in Egypt &#8211; Online Bus Ticket Booking"}]},{"@type":"WebSite","@id":"https:\/\/tiketi.com\/#website","url":"https:\/\/tiketi.com\/","name":"Billets d&#039;avion et de bus, forfaits touristiques et activit\u00e9s - Tiketi.com","description":"Billets d&#039;avion et de bus, Tours, Activit\u00e9s","publisher":{"@id":"https:\/\/tiketi.com\/#organization"},"potentialAction":[{"@type":"SearchAction","target":{"@type":"EntryPoint","urlTemplate":"https:\/\/tiketi.com\/?s={search_term_string}"},"query-input":{"@type":"PropertyValueSpecification","valueRequired":true,"valueName":"search_term_string"}}],"inLanguage":"fr-FR"},{"@type":"Organization","@id":"https:\/\/tiketi.com\/#organization","name":"Tiketi.com","alternateName":"Tiketi","url":"https:\/\/tiketi.com\/","logo":{"@type":"ImageObject","inLanguage":"fr-FR","@id":"https:\/\/tiketi.com\/#\/schema\/logo\/image\/","url":"https:\/\/tiketi.com\/wp-content\/uploads\/2019\/05\/tiketi-logo-696.png","contentUrl":"https:\/\/tiketi.com\/wp-content\/uploads\/2019\/05\/tiketi-logo-696.png","width":696,"height":696,"caption":"Tiketi.com"},"image":{"@id":"https:\/\/tiketi.com\/#\/schema\/logo\/image\/"},"sameAs":["https:\/\/www.facebook.com\/TiketiCom\/"]}]}},"_links":{"self":[{"href":"https:\/\/tiketi.com\/fr-fr\/wp-json\/wp\/v2\/pages\/11658","targetHints":{"allow":["GET"]}}],"collection":[{"href":"https:\/\/tiketi.com\/fr-fr\/wp-json\/wp\/v2\/pages"}],"about":[{"href":"https:\/\/tiketi.com\/fr-fr\/wp-json\/wp\/v2\/types\/page"}],"author":[{"embeddable":true,"href":"https:\/\/tiketi.com\/fr-fr\/wp-json\/wp\/v2\/users\/1"}],"replies":[{"embeddable":true,"href":"https:\/\/tiketi.com\/fr-fr\/wp-json\/wp\/v2\/comments?post=11658"}],"version-history":[{"count":3,"href":"https:\/\/tiketi.com\/fr-fr\/wp-json\/wp\/v2\/pages\/11658\/revisions"}],"predecessor-version":[{"id":31113,"href":"https:\/\/tiketi.com\/fr-fr\/wp-json\/wp\/v2\/pages\/11658\/revisions\/31113"}],"wp:featuredmedia":[{"embeddable":true,"href":"https:\/\/tiketi.com\/fr-fr\/wp-json\/wp\/v2\/media\/13999"}],"wp:attachment":[{"href":"https:\/\/tiketi.com\/fr-fr\/wp-json\/wp\/v2\/media?parent=11658"}],"curies":[{"name":"wp","href":"https:\/\/api.w.org\/{rel}","templated":true}]}}