{"id":11659,"date":"2022-01-19T12:55:01","date_gmt":"2022-01-19T11:55:01","guid":{"rendered":"https:\/\/new.tiketi.com\/bus-tickets-in-morocco-online-bus-ticket-booking\/"},"modified":"2022-10-24T12:16:11","modified_gmt":"2022-10-24T11:16:11","slug":"morocco-bus-tickets","status":"publish","type":"page","link":"https:\/\/tiketi.com\/fr-fr\/coaches\/morocco-bus-tickets\/","title":{"rendered":"Billets de bus au Maroc - R\u00e9servation de billets de bus en ligne"},"content":{"rendered":"<h2>R\u00e9servation de billets de bus en ligne pas cher au Maroc<\/h2>\n<h3>D\u00e9couvrez votre itin\u00e9raire de voyage sur le web, le mobile ou l&#039;application et r\u00e9servez en ligne d\u00e8s maintenant des billets de bus Maroc pas chers.<\/h3>\n<p>Les billets de bus au Maroc ne sont g\u00e9n\u00e9ralement que l\u00e9g\u00e8rement abordables que de prendre un grand taxi partag\u00e9, et environ 30% plus lent, mais aussi plus s\u00fbr et plus d\u00e9tendu, bien que sur certains bus plus anciens, l&#039;espace pour les jambes soit limit\u00e9, et pour toute personne approchant 6 pieds ou plus de hauteur , les longs trajets peuvent \u00eatre plut\u00f4t une \u00e9preuve d&#039;endurance. De nombreux services longue distance de r\u00e9servation de bus en ligne Maroc fonctionnent la nuit lorsqu&#039;ils sont \u00e0 la fois plus frais et plus rapides. La plupart sont \u00e9quip\u00e9s de lampes de lecture, mais elles sont invariablement \u00e9teintes, vous ne pourrez donc pas lire dans les bus apr\u00e8s la tomb\u00e9e de la nuit. A noter \u00e9galement que le taux d&#039;accidents impliquant des bus de nuit est assez \u00e9lev\u00e9, principalement sur des axes tr\u00e8s fr\u00e9quent\u00e9s, et surtout sur la N8 entre Agadir et Marrakech. R\u00e9servez vos billets de bus Maroc \u00e0 l&#039;avance pour \u00e9viter les probl\u00e8mes.<\/p>\n<p>En voyageant pendant la journ\u00e9e, principalement en \u00e9t\u00e9, il est avantageux de s&#039;asseoir sur le c\u00f4t\u00e9 \u00e0 l&#039;abri du soleil. Se d\u00e9pla\u00e7ant du nord au sud, cela signifie \u00eatre assis \u00e0 droite le matin. En allant d&#039;est en ouest, asseyez-vous \u00e0 droite, ou \u00e0 gauche en allant d&#039;ouest en est. En fait, les passagers marocains baissent g\u00e9n\u00e9ralement les stores et ferment les fen\u00eatres, ce qui peut bloquer le paysage et rendre le voyage plut\u00f4t claustrophobe.<\/p>\n<h2>R\u00e9servations bus CTM et lignes priv\u00e9es Maroc<\/h2>\n<p>Les bus g\u00e9r\u00e9s par CTM sont plus rapides et plus fiables que les services priv\u00e9s, avec des si\u00e8ges num\u00e9rot\u00e9s et des horaires de d\u00e9part fixes - faites une r\u00e9servation en ligne de billets de bus Maroc et r\u00e9servez votre place \u00e0 l&#039;avance. Les services CTM ont g\u00e9n\u00e9ralement des lampes de lecture, mais vous devrez peut-\u00eatre demander au chauffeur de les allumer. Certains des plus gros bus priv\u00e9s, tels que SATAS et Trans Ghazala, mais de nombreuses autres soci\u00e9t\u00e9s priv\u00e9es sont de petites entreprises, avec un seul bus et qui partent lorsque le conducteur le consid\u00e8re plein.<\/p>\n<h2>Gares routi\u00e8res<\/h2>\n<p>La plupart des villes ont des gares routi\u00e8res principales, g\u00e9n\u00e9ralement \u00e0 la p\u00e9riph\u00e9rie de la ville. Les bus CTM partent g\u00e9n\u00e9ralement du bureau de l&#039;entreprise, qui peut \u00eatre assez \u00e9loign\u00e9 de la gare routi\u00e8re principale, bien qu&#039;\u00e0 plusieurs endroits, CTM et des entreprises priv\u00e9es partagent un seul terminal, et dans certains cas, les bus CTM feront escale \u00e0 la gare routi\u00e8re principale lors du d\u00e9part. une ville, mais pas en arrivant.<\/p>\n<h2>Billets de bus Maroc gares et r\u00e9servation de billets de bus en ligne Maroc r\u00e9servation de bus confirm\u00e9e<\/h2>\n<p>Les gares routi\u00e8res ont g\u00e9n\u00e9ralement un certain nombre de guichets, et vous pouvez \u00e9galement acheter des billets de navette et de bus Maroc en ligne. Il y a parfois un tableau des d\u00e9parts, mais il peut \u00eatre obsol\u00e8te et uniquement en arabe, vous devez donc toujours v\u00e9rifier les heures de d\u00e9part dans la fen\u00eatre de droite. La r\u00e9servation de billets de bus au Maroc ou les conducteurs peuvent appeler des destinations dans la gare routi\u00e8re dans tous les cas, ou peuvent vous accueillir \u00e0 votre arriv\u00e9e en vous demandant o\u00f9 vous voulez aller. Sur les voyages les plus c\u00e9l\u00e8bres, il vaut la peine d&#039;essayer de faire des r\u00e9servations de bus au Maroc en ligne \u00e0 l&#039;avance, bien que cela ne soit pas toujours facile sur les petits services de ligne priv\u00e9e.<br \/>\nDans les bus priv\u00e9s, vous payez g\u00e9n\u00e9ralement le chargement de vos bagages en soute. La charge standard est de 5dh, mais cela peut \u00eatre renonc\u00e9 \u00e0 de petits sauts. Non pas que vous payiez juste pour faire charger vos bagages, pas pour les faire d\u00e9charger \u00e0 l&#039;arriv\u00e9e, quoi qu&#039;on en dise.<\/p>\n<h2>Billets de bus Supratours au Maroc<\/h2>\n<p>Un service compl\u00e9mentaire, sur certains grands axes, est constitu\u00e9 par les bus express Supratours exploit\u00e9s en desserte par la soci\u00e9t\u00e9 ferroviaire, <a href=\"https:\/\/tiketi.com\/fr-fr\/morocco-train-tickets-oncf-ticket-booking\/\" target=\"_blank\" rel=\"noopener\">ONCF<\/a>. Ceux-ci sont tr\u00e8s relaxants et rapides, et partent d&#039;Essaouira, de T\u00e9touan et de la Sahada occidentale pour se relier aux services ferroviaires de Marrakech, Tanger et Oujda. Les tarifs et les horaires des bus supratours sont disponibles en ligne. Ils n&#039;utilisent pas la gare routi\u00e8re principale, mais partent de l&#039;ext\u00e9rieur de leurs propres bureaux du centre-ville. Gr\u00e2ce \u00e0 la r\u00e9servation de billets de bus en ligne, le Maroc vers et depuis les gares de liaison est accessible, et les visiteurs avec des billets de train pour les services de liaison ont la priorit\u00e9. Il est pr\u00e9f\u00e9rable de faire une r\u00e9servation de bus en ligne au Maroc \u00e0 l&#039;avance si possible.<\/p>","protected":false},"excerpt":{"rendered":"<p>Cheap Online Bus Ticket Booking Morocco Discover your travel route on web, mobile or app and book cheap Morocco bus tickets online now. Bus tickets in Morocco travel is usually only marginally affordable than taking a shared grand taxi, and around 30% slower, but also safer and more relax, though on some older buses leg [&hellip;]<\/p>\n","protected":false},"author":1,"featured_media":13999,"parent":25605,"menu_order":0,"comment_status":"open","ping_status":"closed","template":"template-home-modern.php","meta":{"footnotes":""},"class_list":["post-11659","page","type-page","status-publish","has-post-thumbnail","hentry"],"yoast_head":"<!-- This site is optimized with the Yoast SEO plugin v27.2 - https:\/\/yoast.com\/product\/yoast-seo-wordpress\/ -->\n<title>Bus Tickets in Morocco - Online Bus Ticket Booking<\/title>\n<meta name=\"description\" content=\"Looking for online bus ticket\u00a0booking Morocco, app, route, distance, fare &amp; schedule? Book cheap bus tickets in Morocco online\" \/>\n<meta name=\"robots\" content=\"index, follow, max-snippet:-1, max-image-preview:large, max-video-preview:-1\" \/>\n<link rel=\"canonical\" href=\"https:\/\/tiketi.com\/fr-fr\/coaches\/morocco-bus-tickets\/\" \/>\n<meta property=\"og:locale\" content=\"fr_FR\" \/>\n<meta property=\"og:type\" content=\"article\" \/>\n<meta property=\"og:title\" content=\"Bus Tickets in Morocco - Online Bus Ticket Booking\" \/>\n<meta property=\"og:description\" content=\"Looking for online bus ticket\u00a0booking Morocco, app, route, distance, fare &amp; schedule? Book cheap bus tickets in Morocco online\" \/>\n<meta property=\"og:url\" content=\"https:\/\/tiketi.com\/fr-fr\/coaches\/morocco-bus-tickets\/\" \/>\n<meta property=\"og:site_name\" content=\"Tiketi.com\" \/>\n<meta property=\"article:publisher\" content=\"https:\/\/www.facebook.com\/TiketiCom\/\" \/>\n<meta property=\"article:modified_time\" content=\"2022-10-24T11:16:11+00:00\" \/>\n<meta property=\"og:image\" content=\"https:\/\/tiketi.com\/wp-content\/uploads\/2022\/01\/bus-ticket-online-booking.jpg\" \/>\n\t<meta property=\"og:image:width\" content=\"1200\" \/>\n\t<meta property=\"og:image:height\" content=\"206\" \/>\n\t<meta property=\"og:image:type\" content=\"image\/jpeg\" \/>\n<meta name=\"twitter:card\" content=\"summary_large_image\" \/>\n<meta name=\"twitter:label1\" content=\"Dur\u00e9e de lecture estim\u00e9e\" \/>\n\t<meta name=\"twitter:data1\" content=\"3 minutes\" \/>\n<script type=\"application\/ld+json\" class=\"yoast-schema-graph\">{\"@context\":\"https:\/\/schema.org\",\"@graph\":[{\"@type\":\"WebPage\",\"@id\":\"https:\/\/tiketi.com\/fr-fr\/coaches\/morocco-bus-tickets\/\",\"url\":\"https:\/\/tiketi.com\/fr-fr\/coaches\/morocco-bus-tickets\/\",\"name\":\"Bus Tickets in Morocco - Online Bus Ticket Booking\",\"isPartOf\":{\"@id\":\"https:\/\/tiketi.com\/#website\"},\"primaryImageOfPage\":{\"@id\":\"https:\/\/tiketi.com\/fr-fr\/coaches\/morocco-bus-tickets\/#primaryimage\"},\"image\":{\"@id\":\"https:\/\/tiketi.com\/fr-fr\/coaches\/morocco-bus-tickets\/#primaryimage\"},\"thumbnailUrl\":\"https:\/\/tiketi.com\/wp-content\/uploads\/2022\/01\/bus-ticket-online-booking.jpg\",\"datePublished\":\"2022-01-19T11:55:01+00:00\",\"dateModified\":\"2022-10-24T11:16:11+00:00\",\"description\":\"Looking for online bus ticket\u00a0booking Morocco, app, route, distance, fare & schedule? Book cheap bus tickets in Morocco online\",\"breadcrumb\":{\"@id\":\"https:\/\/tiketi.com\/fr-fr\/coaches\/morocco-bus-tickets\/#breadcrumb\"},\"inLanguage\":\"fr-FR\",\"potentialAction\":[{\"@type\":\"ReadAction\",\"target\":[\"https:\/\/tiketi.com\/fr-fr\/coaches\/morocco-bus-tickets\/\"]}]},{\"@type\":\"ImageObject\",\"inLanguage\":\"fr-FR\",\"@id\":\"https:\/\/tiketi.com\/fr-fr\/coaches\/morocco-bus-tickets\/#primaryimage\",\"url\":\"https:\/\/tiketi.com\/wp-content\/uploads\/2022\/01\/bus-ticket-online-booking.jpg\",\"contentUrl\":\"https:\/\/tiketi.com\/wp-content\/uploads\/2022\/01\/bus-ticket-online-booking.jpg\",\"width\":1200,\"height\":206,\"caption\":\"Online Bus Ticket Booking\"},{\"@type\":\"BreadcrumbList\",\"@id\":\"https:\/\/tiketi.com\/fr-fr\/coaches\/morocco-bus-tickets\/#breadcrumb\",\"itemListElement\":[{\"@type\":\"ListItem\",\"position\":1,\"name\":\"Home\",\"item\":\"https:\/\/tiketi.com\/\"},{\"@type\":\"ListItem\",\"position\":2,\"name\":\"Coaches\",\"item\":\"https:\/\/tiketi.com\/sw\/nauli-za-mabasi\/\"},{\"@type\":\"ListItem\",\"position\":3,\"name\":\"Bus Tickets in Morocco &#8211; Online Bus Ticket Booking\"}]},{\"@type\":\"WebSite\",\"@id\":\"https:\/\/tiketi.com\/#website\",\"url\":\"https:\/\/tiketi.com\/\",\"name\":\"Flight & Bus Tickets, Tour Packages & Activitites - Tiketi.com\",\"description\":\"Flight &amp; Bus Tickets, Tours, Activitites\",\"publisher\":{\"@id\":\"https:\/\/tiketi.com\/#organization\"},\"potentialAction\":[{\"@type\":\"SearchAction\",\"target\":{\"@type\":\"EntryPoint\",\"urlTemplate\":\"https:\/\/tiketi.com\/?s={search_term_string}\"},\"query-input\":{\"@type\":\"PropertyValueSpecification\",\"valueRequired\":true,\"valueName\":\"search_term_string\"}}],\"inLanguage\":\"fr-FR\"},{\"@type\":\"Organization\",\"@id\":\"https:\/\/tiketi.com\/#organization\",\"name\":\"Tiketi.com\",\"alternateName\":\"Tiketi\",\"url\":\"https:\/\/tiketi.com\/\",\"logo\":{\"@type\":\"ImageObject\",\"inLanguage\":\"fr-FR\",\"@id\":\"https:\/\/tiketi.com\/#\/schema\/logo\/image\/\",\"url\":\"https:\/\/tiketi.com\/wp-content\/uploads\/2019\/05\/tiketi-logo-696.png\",\"contentUrl\":\"https:\/\/tiketi.com\/wp-content\/uploads\/2019\/05\/tiketi-logo-696.png\",\"width\":696,\"height\":696,\"caption\":\"Tiketi.com\"},\"image\":{\"@id\":\"https:\/\/tiketi.com\/#\/schema\/logo\/image\/\"},\"sameAs\":[\"https:\/\/www.facebook.com\/TiketiCom\/\"]}]}<\/script>\n<!-- \/ Yoast SEO plugin. -->","yoast_head_json":{"title":"Billets de bus au Maroc - R\u00e9servation de billets de bus en ligne","description":"\u00c0 la recherche d&#039;une r\u00e9servation en ligne de billets de bus Maroc, d&#039;une application, d&#039;un itin\u00e9raire, d&#039;une distance, d&#039;un tarif et d&#039;horaires ? R\u00e9server en ligne des billets de bus pas chers au Maroc","robots":{"index":"index","follow":"follow","max-snippet":"max-snippet:-1","max-image-preview":"max-image-preview:large","max-video-preview":"max-video-preview:-1"},"canonical":"https:\/\/tiketi.com\/fr-fr\/coaches\/morocco-bus-tickets\/","og_locale":"fr_FR","og_type":"article","og_title":"Bus Tickets in Morocco - Online Bus Ticket Booking","og_description":"Looking for online bus ticket\u00a0booking Morocco, app, route, distance, fare & schedule? Book cheap bus tickets in Morocco online","og_url":"https:\/\/tiketi.com\/fr-fr\/coaches\/morocco-bus-tickets\/","og_site_name":"Tiketi.com","article_publisher":"https:\/\/www.facebook.com\/TiketiCom\/","article_modified_time":"2022-10-24T11:16:11+00:00","og_image":[{"width":1200,"height":206,"url":"https:\/\/tiketi.com\/wp-content\/uploads\/2022\/01\/bus-ticket-online-booking.jpg","type":"image\/jpeg"}],"twitter_card":"summary_large_image","twitter_misc":{"Dur\u00e9e de lecture estim\u00e9e":"3 minutes"},"schema":{"@context":"https:\/\/schema.org","@graph":[{"@type":"WebPage","@id":"https:\/\/tiketi.com\/fr-fr\/coaches\/morocco-bus-tickets\/","url":"https:\/\/tiketi.com\/fr-fr\/coaches\/morocco-bus-tickets\/","name":"Billets de bus au Maroc - R\u00e9servation de billets de bus en ligne","isPartOf":{"@id":"https:\/\/tiketi.com\/#website"},"primaryImageOfPage":{"@id":"https:\/\/tiketi.com\/fr-fr\/coaches\/morocco-bus-tickets\/#primaryimage"},"image":{"@id":"https:\/\/tiketi.com\/fr-fr\/coaches\/morocco-bus-tickets\/#primaryimage"},"thumbnailUrl":"https:\/\/tiketi.com\/wp-content\/uploads\/2022\/01\/bus-ticket-online-booking.jpg","datePublished":"2022-01-19T11:55:01+00:00","dateModified":"2022-10-24T11:16:11+00:00","description":"\u00c0 la recherche d&#039;une r\u00e9servation en ligne de billets de bus Maroc, d&#039;une application, d&#039;un itin\u00e9raire, d&#039;une distance, d&#039;un tarif et d&#039;horaires ? R\u00e9server en ligne des billets de bus pas chers au Maroc","breadcrumb":{"@id":"https:\/\/tiketi.com\/fr-fr\/coaches\/morocco-bus-tickets\/#breadcrumb"},"inLanguage":"fr-FR","potentialAction":[{"@type":"ReadAction","target":["https:\/\/tiketi.com\/fr-fr\/coaches\/morocco-bus-tickets\/"]}]},{"@type":"ImageObject","inLanguage":"fr-FR","@id":"https:\/\/tiketi.com\/fr-fr\/coaches\/morocco-bus-tickets\/#primaryimage","url":"https:\/\/tiketi.com\/wp-content\/uploads\/2022\/01\/bus-ticket-online-booking.jpg","contentUrl":"https:\/\/tiketi.com\/wp-content\/uploads\/2022\/01\/bus-ticket-online-booking.jpg","width":1200,"height":206,"caption":"Online Bus Ticket Booking"},{"@type":"BreadcrumbList","@id":"https:\/\/tiketi.com\/fr-fr\/coaches\/morocco-bus-tickets\/#breadcrumb","itemListElement":[{"@type":"ListItem","position":1,"name":"Home","item":"https:\/\/tiketi.com\/"},{"@type":"ListItem","position":2,"name":"Coaches","item":"https:\/\/tiketi.com\/sw\/nauli-za-mabasi\/"},{"@type":"ListItem","position":3,"name":"Bus Tickets in Morocco &#8211; Online Bus Ticket Booking"}]},{"@type":"WebSite","@id":"https:\/\/tiketi.com\/#website","url":"https:\/\/tiketi.com\/","name":"Billets d&#039;avion et de bus, forfaits touristiques et activit\u00e9s - Tiketi.com","description":"Billets d&#039;avion et de bus, Tours, Activit\u00e9s","publisher":{"@id":"https:\/\/tiketi.com\/#organization"},"potentialAction":[{"@type":"SearchAction","target":{"@type":"EntryPoint","urlTemplate":"https:\/\/tiketi.com\/?s={search_term_string}"},"query-input":{"@type":"PropertyValueSpecification","valueRequired":true,"valueName":"search_term_string"}}],"inLanguage":"fr-FR"},{"@type":"Organization","@id":"https:\/\/tiketi.com\/#organization","name":"Tiketi.com","alternateName":"Tiketi","url":"https:\/\/tiketi.com\/","logo":{"@type":"ImageObject","inLanguage":"fr-FR","@id":"https:\/\/tiketi.com\/#\/schema\/logo\/image\/","url":"https:\/\/tiketi.com\/wp-content\/uploads\/2019\/05\/tiketi-logo-696.png","contentUrl":"https:\/\/tiketi.com\/wp-content\/uploads\/2019\/05\/tiketi-logo-696.png","width":696,"height":696,"caption":"Tiketi.com"},"image":{"@id":"https:\/\/tiketi.com\/#\/schema\/logo\/image\/"},"sameAs":["https:\/\/www.facebook.com\/TiketiCom\/"]}]}},"_links":{"self":[{"href":"https:\/\/tiketi.com\/fr-fr\/wp-json\/wp\/v2\/pages\/11659","targetHints":{"allow":["GET"]}}],"collection":[{"href":"https:\/\/tiketi.com\/fr-fr\/wp-json\/wp\/v2\/pages"}],"about":[{"href":"https:\/\/tiketi.com\/fr-fr\/wp-json\/wp\/v2\/types\/page"}],"author":[{"embeddable":true,"href":"https:\/\/tiketi.com\/fr-fr\/wp-json\/wp\/v2\/users\/1"}],"replies":[{"embeddable":true,"href":"https:\/\/tiketi.com\/fr-fr\/wp-json\/wp\/v2\/comments?post=11659"}],"version-history":[{"count":0,"href":"https:\/\/tiketi.com\/fr-fr\/wp-json\/wp\/v2\/pages\/11659\/revisions"}],"up":[{"embeddable":true,"href":"https:\/\/tiketi.com\/fr-fr\/wp-json\/wp\/v2\/pages\/25605"}],"wp:featuredmedia":[{"embeddable":true,"href":"https:\/\/tiketi.com\/fr-fr\/wp-json\/wp\/v2\/media\/13999"}],"wp:attachment":[{"href":"https:\/\/tiketi.com\/fr-fr\/wp-json\/wp\/v2\/media?parent=11659"}],"curies":[{"name":"wp","href":"https:\/\/api.w.org\/{rel}","templated":true}]}}