{"id":11660,"date":"2022-01-19T12:55:01","date_gmt":"2022-01-19T11:55:01","guid":{"rendered":"https:\/\/new.tiketi.com\/book-bus-tickets-kenya-online-bus-ticket-booking\/"},"modified":"2023-11-23T15:18:41","modified_gmt":"2023-11-23T14:18:41","slug":"kenya-bus-tickets","status":"publish","type":"page","link":"https:\/\/tiketi.com\/fr-fr\/coaches\/kenya-bus-tickets\/","title":{"rendered":"Billets de bus au Kenya I Meilleure r\u00e9servation de billets de bus en ligne"},"content":{"rendered":"<h2>R\u00e9servation de billets de bus en ligne pas cher au Kenya<\/h2>\n<h3>T\u00e9l\u00e9chargez l&#039;application de r\u00e9servation de bus au Kenya et r\u00e9servez votre billet de bus pas cher au Kenya en ligne.<\/h3>\n<p>Comparez les tarifs de bus au Kenya et effectuez une r\u00e9servation de bus en ligne facile et bon march\u00e9 au Kenya. En tant que r\u00e9sident local du Kenya ou pendant vos vacances au Kenya, vous pouvez envisager les services en ligne de r\u00e9servation de billets de bus au Kenya. Le pays dispose d&#039;un r\u00e9seau de billets de bus courte et longue distance dans les lignes du Kenya. La vitesse est limit\u00e9e \u00e0 80 km\/h, et les autoroutes peuvent \u00eatre extr\u00eamement poussi\u00e9reuses et cahoteuses, alors assurez-vous de choisir une compagnie d&#039;autocars r\u00e9put\u00e9e et d\u00e9tendue pour les longs trajets. Voici le d\u00e9tail de la r\u00e9servation de billets de bus en ligne les moins chers au Kenya.<\/p>\n<h2>R\u00e9server des billets de bus au Kenya, tarifs, itin\u00e9raires, horaires FAQ<\/h2>\n<h3>Lignes de bus interurbaines au Kenya<\/h3>\n<p>Les bus au Kenya peuvent \u00eatre embarqu\u00e9s \u00e0 n&#039;importe quel arr\u00eat et les billets de bus achet\u00e9s \u00e0 bord ou t\u00e9l\u00e9charger l&#039;application de r\u00e9servation de bus au Kenya et r\u00e9server n&#039;importe o\u00f9, n&#039;importe quand. Des bus circulent \u00e9galement r\u00e9guli\u00e8rement entre les villes et les villages. Il existe plusieurs compagnies de bus avec de vastes r\u00e9seaux inter-pays.<\/p>\n<p>Des bus traversent \u00e9galement les fronti\u00e8res en Tanzanie, en Ouganda et en \u00c9thiopie. Les bus au Kenya sont un moyen abordable de voyager dans le pays.<br \/>\nCertaines compagnies de bus priv\u00e9es proposent d\u00e9sormais des services de r\u00e9servation de bus en ligne avec obturateur de bus priv\u00e9 au Kenya entre Mombasa et Nairobi et Arusha et Nairobi ainsi que les a\u00e9roports de la ville.<\/p>\n<h3>Matatus et bus pour les voyageurs \u00e0 petit budget<\/h3>\n<p>Pour les voyageurs \u00e0 petit budget au Kenya, l&#039;application de r\u00e9servation de bus au Kenya est votre meilleur ami.<\/p>\n<h3>Il existe 2 types de services de bus au Kenya<\/h3>\n<p>De gros bus qui font le trajet entre les grandes villes, vers l&#039;Ouganda et la Tanzanie (par exemple, le trajet entre Nairobi et Kampala).<\/p>\n<p>Minibus locaux connus sous le nom de matatus. Ceux-ci vous m\u00e8neront \u00e0 la plupart des petites destinations (Nakuru et Nairobi).<\/p>\n<p>Les grandes lignes de bus proposent des bus climatis\u00e9s comme ceux que vous trouverez partout ailleurs dans la plupart des pays africains. Pour ces itin\u00e9raires, il est pr\u00e9f\u00e9rable de r\u00e9server \u00e0 l&#039;avance des billets de bus en ligne au Kenya, et ils partiront \u00e0 peu pr\u00e8s \u00e0 l&#039;heure. Essayez simplement de vous asseoir plus pr\u00e8s de l&#039;avant si vous pr\u00e9f\u00e9rez ne pas rebondir dans les airs chaque fois que le bus roule sur une bosse.<\/p>\n<p>Pour les petites balades, il faudra prendre un matatu de 14 \u00e0 16 places, ou une navette de 6 \u00e0 7 places. Pour les matatus, demandez \u00e0 n&#039;importe quel local o\u00f9 se trouve la gare routi\u00e8re centrale. A Nairobi, vous aurez envie d&#039;aller dans la r\u00e9gion de River Road. Notez simplement que ces zones sont les zones les plus vol\u00e9es, alors gardez vos objets de valeur sur vous et restez vigilant.<\/p>\n<h2>R\u00e9servation de bus en ligne au Kenya tarifs<\/h2>\n<p>Les services de bus au Kenya sont assez \u00e9conomiques, la r\u00e9servation de billets de bus au Kenya en ligne \u00e0 environ 150 KSh pour un trajet d&#039;une heure entre les villes, tandis que les tarifs de bus au Kenya entre Mombasa et Nairobi commencent \u00e0 600 KSh pour le trajet standard et peuvent aller jusqu&#039;\u00e0 2000 KSH pour le meilleur. prestations de service.<\/p>\n<h2>Stations de r\u00e9servation de billets de bus au Kenya ou r\u00e9servation de billets de bus en ligne au Kenya r\u00e9servation de bus confirm\u00e9e<\/h2>\n<p>La plupart des entreprises de services de bus au Kenya ont des bureaux ou des agents et \u00e0 des arr\u00eats vitaux le long de leurs itin\u00e9raires et la r\u00e9servation en ligne de billets de bus au Kenya partenaire, o\u00f9 vous pouvez r\u00e9server une place. Pour les petites villes de voyage, les r\u00e9servations ne sont g\u00e9n\u00e9ralement pas n\u00e9cessaires, mais pour les itin\u00e9raires plus longs c\u00e9l\u00e8bres, en particulier Nairobi-Mombasa et Nairobi-Kisumu, l&#039;achat de votre billet au moins un jour \u00e0 l&#039;avance est fortement conseill\u00e9.<\/p>\n<h2>R\u00e9servation de bus en ligne en toute s\u00e9curit\u00e9 au Kenya<\/h2>\n<p>Il y a quelques consid\u00e9rations de s\u00e9curit\u00e9 \u00e0 garder \u00e0 l&#039;esprit lorsque vous prenez un bus au Kenya. Certaines lignes de bus du Kenya, notamment les routes d&#039;Isiolo \u00e0 Marsabit et de Malindi \u00e0 Lamu, ont \u00e9t\u00e9 sujettes aux attaques de shifas dans le pass\u00e9, v\u00e9rifiez les choses localement avant d&#039;acheter une navette et un billet de bus au Kenya. Un autre danger possible est la boisson et la nourriture drogu\u00e9es : il est pr\u00e9f\u00e9rable de refuser poliment et toute offre de collations ou de boissons d&#039;inconnus.<\/p>\n<h2>Meilleurs op\u00e9rateurs de bus longue distance<\/h2>\n<p>\u2022 Dreamline Executive Nairobi, Malindi et Mombasa.<\/p>\n<p>\u2022 Busways Ouest du Kenya et c\u00f4te<\/p>\n<p>\u2022 Coastline Safaris sud et ouest du Kenya, Mombasa<\/p>\n<p>\u2022 Vall\u00e9e du Rift en autocar facile et ouest du Kenya<\/p>\n<p>\u2022 Modern Coast Express Nairobi, Malindi, Mombasa et l&#039;ouest du Kenya<\/p>\n<p>\u2022 Mash East Africa\u00a0: destinations \u00e0 travers le Kenya et l&#039;Afrique de l&#039;Est<\/p>\n<p>\u2022 Entra\u00eeneur Simba, Kenya et Afrique de l&#039;Est<\/p>\n<p>\u2022 Entra\u00eeneur Tahmeed, Kenya et Afrique de l&#039;Est<\/p>\n<h2>Billets de bus pas chers au Kenya conseils<\/h2>\n<p>Il est pr\u00e9f\u00e9rable de voyager pendant la journ\u00e9e plut\u00f4t que de voyager la nuit en raison de la menace d&#039;accidents de la route et de d\u00e9tournements de voiture. Les bus locaux de la ville sont g\u00e9r\u00e9s par des entreprises priv\u00e9es, telles que Yellow et Green Citi Hoppa, qui proposent des billets de bus bon march\u00e9 au Kenya, g\u00e9n\u00e9ralement autour de $0,66.<\/p>\n<h3>Application de r\u00e9servation de bus au Kenya<\/h3>\n<p>Ils ont des services r\u00e9guliers de r\u00e9servation de bus au Kenya \u00e0 l&#039;int\u00e9rieur et \u00e0 l&#039;ext\u00e9rieur de la banlieue de Nairobi ou des plates-formes d&#039;applications de r\u00e9servation de bus au Kenya. Ils peuvent g\u00e9n\u00e9ralement accueillir de 20 \u00e0 35 passagers et constituent un type de transport plus propre et moins mouvement\u00e9 que les matatus, tout en empruntant plusieurs des m\u00eames itin\u00e9raires.<\/p>","protected":false},"excerpt":{"rendered":"<p>Cheap Online Bus Ticket Booking in Kenya Download the bus booking app in Kenya and reserve your cheap bus ticket in Kenya online. Compare bus fares in Kenya and do cheap and easy online bus booking in Kenya. As a local Kenya resident or while on your holiday in Kenya you may consider Kenya bus [&hellip;]<\/p>\n","protected":false},"author":1,"featured_media":13999,"parent":25605,"menu_order":0,"comment_status":"open","ping_status":"closed","template":"template-home-modern.php","meta":{"footnotes":""},"class_list":["post-11660","page","type-page","status-publish","has-post-thumbnail","hentry"],"yoast_head":"<!-- This site is optimized with the Yoast SEO plugin v27.4 - https:\/\/yoast.com\/product\/yoast-seo-wordpress\/ -->\n<title>Bus Tickets in Kenya I Best Online Bus Ticket Booking<\/title>\n<meta name=\"description\" content=\"Looking for online bus ticket\u00a0booking in Kenya? Do bus tickets in Kenya online booking or downlad our bus booking app in Kenya &amp; save time\" \/>\n<meta name=\"robots\" content=\"index, follow, max-snippet:-1, max-image-preview:large, max-video-preview:-1\" \/>\n<link rel=\"canonical\" href=\"https:\/\/tiketi.com\/fr-fr\/nauli-za-mabasi\/kenya-bus-tickets\/\" \/>\n<meta property=\"og:locale\" content=\"fr_FR\" \/>\n<meta property=\"og:type\" content=\"article\" \/>\n<meta property=\"og:title\" content=\"Bus Tickets in Kenya I Best Online Bus Ticket Booking\" \/>\n<meta property=\"og:description\" content=\"Looking for online bus ticket\u00a0booking in Kenya? Do bus tickets in Kenya online booking or downlad our bus booking app in Kenya &amp; save time\" \/>\n<meta property=\"og:url\" content=\"https:\/\/tiketi.com\/fr-fr\/nauli-za-mabasi\/kenya-bus-tickets\/\" \/>\n<meta property=\"og:site_name\" content=\"Tiketi.com\" \/>\n<meta property=\"article:publisher\" content=\"https:\/\/www.facebook.com\/TiketiCom\/\" \/>\n<meta property=\"article:modified_time\" content=\"2023-11-23T14:18:41+00:00\" \/>\n<meta property=\"og:image\" content=\"https:\/\/tiketi.com\/wp-content\/uploads\/2022\/01\/bus-ticket-online-booking.jpg\" \/>\n\t<meta property=\"og:image:width\" content=\"1200\" \/>\n\t<meta property=\"og:image:height\" content=\"206\" \/>\n\t<meta property=\"og:image:type\" content=\"image\/jpeg\" \/>\n<meta name=\"twitter:card\" content=\"summary_large_image\" \/>\n<meta name=\"twitter:label1\" content=\"Dur\u00e9e de lecture estim\u00e9e\" \/>\n\t<meta name=\"twitter:data1\" content=\"4 minutes\" \/>\n<script type=\"application\/ld+json\" class=\"yoast-schema-graph\">{\"@context\":\"https:\\\/\\\/schema.org\",\"@graph\":[{\"@type\":\"WebPage\",\"@id\":\"https:\\\/\\\/tiketi.com\\\/sw\\\/nauli-za-mabasi\\\/kenya-bus-tickets\\\/\",\"url\":\"https:\\\/\\\/tiketi.com\\\/sw\\\/nauli-za-mabasi\\\/kenya-bus-tickets\\\/\",\"name\":\"Bus Tickets in Kenya I Best Online Bus Ticket Booking\",\"isPartOf\":{\"@id\":\"https:\\\/\\\/tiketi.com\\\/#website\"},\"primaryImageOfPage\":{\"@id\":\"https:\\\/\\\/tiketi.com\\\/sw\\\/nauli-za-mabasi\\\/kenya-bus-tickets\\\/#primaryimage\"},\"image\":{\"@id\":\"https:\\\/\\\/tiketi.com\\\/sw\\\/nauli-za-mabasi\\\/kenya-bus-tickets\\\/#primaryimage\"},\"thumbnailUrl\":\"https:\\\/\\\/tiketi.com\\\/wp-content\\\/uploads\\\/2022\\\/01\\\/bus-ticket-online-booking.jpg\",\"datePublished\":\"2022-01-19T11:55:01+00:00\",\"dateModified\":\"2023-11-23T14:18:41+00:00\",\"description\":\"Looking for online bus ticket\u00a0booking in Kenya? Do bus tickets in Kenya online booking or downlad our bus booking app in Kenya & save time\",\"breadcrumb\":{\"@id\":\"https:\\\/\\\/tiketi.com\\\/sw\\\/nauli-za-mabasi\\\/kenya-bus-tickets\\\/#breadcrumb\"},\"inLanguage\":\"fr-FR\",\"potentialAction\":[{\"@type\":\"ReadAction\",\"target\":[\"https:\\\/\\\/tiketi.com\\\/sw\\\/nauli-za-mabasi\\\/kenya-bus-tickets\\\/\"]}]},{\"@type\":\"ImageObject\",\"inLanguage\":\"fr-FR\",\"@id\":\"https:\\\/\\\/tiketi.com\\\/sw\\\/nauli-za-mabasi\\\/kenya-bus-tickets\\\/#primaryimage\",\"url\":\"https:\\\/\\\/tiketi.com\\\/wp-content\\\/uploads\\\/2022\\\/01\\\/bus-ticket-online-booking.jpg\",\"contentUrl\":\"https:\\\/\\\/tiketi.com\\\/wp-content\\\/uploads\\\/2022\\\/01\\\/bus-ticket-online-booking.jpg\",\"width\":1200,\"height\":206,\"caption\":\"Online Bus Ticket Booking\"},{\"@type\":\"BreadcrumbList\",\"@id\":\"https:\\\/\\\/tiketi.com\\\/sw\\\/nauli-za-mabasi\\\/kenya-bus-tickets\\\/#breadcrumb\",\"itemListElement\":[{\"@type\":\"ListItem\",\"position\":1,\"name\":\"Home\",\"item\":\"https:\\\/\\\/tiketi.com\\\/\"},{\"@type\":\"ListItem\",\"position\":2,\"name\":\"Coaches\",\"item\":\"https:\\\/\\\/tiketi.com\\\/sw\\\/nauli-za-mabasi\\\/\"},{\"@type\":\"ListItem\",\"position\":3,\"name\":\"Bus Tickets in Kenya I Best Online Bus Ticket Booking\"}]},{\"@type\":\"WebSite\",\"@id\":\"https:\\\/\\\/tiketi.com\\\/#website\",\"url\":\"https:\\\/\\\/tiketi.com\\\/\",\"name\":\"Flight & Bus Tickets, Tour Packages & Activitites - Tiketi.com\",\"description\":\"Flight &amp; Bus Tickets, Tours, Activitites\",\"publisher\":{\"@id\":\"https:\\\/\\\/tiketi.com\\\/#organization\"},\"potentialAction\":[{\"@type\":\"SearchAction\",\"target\":{\"@type\":\"EntryPoint\",\"urlTemplate\":\"https:\\\/\\\/tiketi.com\\\/?s={search_term_string}\"},\"query-input\":{\"@type\":\"PropertyValueSpecification\",\"valueRequired\":true,\"valueName\":\"search_term_string\"}}],\"inLanguage\":\"fr-FR\"},{\"@type\":\"Organization\",\"@id\":\"https:\\\/\\\/tiketi.com\\\/#organization\",\"name\":\"Tiketi.com\",\"alternateName\":\"Tiketi\",\"url\":\"https:\\\/\\\/tiketi.com\\\/\",\"logo\":{\"@type\":\"ImageObject\",\"inLanguage\":\"fr-FR\",\"@id\":\"https:\\\/\\\/tiketi.com\\\/#\\\/schema\\\/logo\\\/image\\\/\",\"url\":\"https:\\\/\\\/tiketi.com\\\/wp-content\\\/uploads\\\/2019\\\/05\\\/tiketi-logo-696.png\",\"contentUrl\":\"https:\\\/\\\/tiketi.com\\\/wp-content\\\/uploads\\\/2019\\\/05\\\/tiketi-logo-696.png\",\"width\":696,\"height\":696,\"caption\":\"Tiketi.com\"},\"image\":{\"@id\":\"https:\\\/\\\/tiketi.com\\\/#\\\/schema\\\/logo\\\/image\\\/\"},\"sameAs\":[\"https:\\\/\\\/www.facebook.com\\\/TiketiCom\\\/\"]}]}<\/script>\n<!-- \/ Yoast SEO plugin. -->","yoast_head_json":{"title":"Billets de bus au Kenya I Meilleure r\u00e9servation de billets de bus en ligne","description":"Vous recherchez une r\u00e9servation en ligne de billets de bus au Kenya ? R\u00e9servez en ligne des billets de bus au Kenya ou t\u00e9l\u00e9chargez notre application de r\u00e9servation de bus au Kenya et gagnez du temps","robots":{"index":"index","follow":"follow","max-snippet":"max-snippet:-1","max-image-preview":"max-image-preview:large","max-video-preview":"max-video-preview:-1"},"canonical":"https:\/\/tiketi.com\/fr-fr\/nauli-za-mabasi\/kenya-bus-tickets\/","og_locale":"fr_FR","og_type":"article","og_title":"Bus Tickets in Kenya I Best Online Bus Ticket Booking","og_description":"Looking for online bus ticket\u00a0booking in Kenya? Do bus tickets in Kenya online booking or downlad our bus booking app in Kenya & save time","og_url":"https:\/\/tiketi.com\/fr-fr\/nauli-za-mabasi\/kenya-bus-tickets\/","og_site_name":"Tiketi.com","article_publisher":"https:\/\/www.facebook.com\/TiketiCom\/","article_modified_time":"2023-11-23T14:18:41+00:00","og_image":[{"width":1200,"height":206,"url":"https:\/\/tiketi.com\/wp-content\/uploads\/2022\/01\/bus-ticket-online-booking.jpg","type":"image\/jpeg"}],"twitter_card":"summary_large_image","twitter_misc":{"Dur\u00e9e de lecture estim\u00e9e":"4 minutes"},"schema":{"@context":"https:\/\/schema.org","@graph":[{"@type":"WebPage","@id":"https:\/\/tiketi.com\/sw\/nauli-za-mabasi\/kenya-bus-tickets\/","url":"https:\/\/tiketi.com\/sw\/nauli-za-mabasi\/kenya-bus-tickets\/","name":"Billets de bus au Kenya I Meilleure r\u00e9servation de billets de bus en ligne","isPartOf":{"@id":"https:\/\/tiketi.com\/#website"},"primaryImageOfPage":{"@id":"https:\/\/tiketi.com\/sw\/nauli-za-mabasi\/kenya-bus-tickets\/#primaryimage"},"image":{"@id":"https:\/\/tiketi.com\/sw\/nauli-za-mabasi\/kenya-bus-tickets\/#primaryimage"},"thumbnailUrl":"https:\/\/tiketi.com\/wp-content\/uploads\/2022\/01\/bus-ticket-online-booking.jpg","datePublished":"2022-01-19T11:55:01+00:00","dateModified":"2023-11-23T14:18:41+00:00","description":"Vous recherchez une r\u00e9servation en ligne de billets de bus au Kenya ? R\u00e9servez en ligne des billets de bus au Kenya ou t\u00e9l\u00e9chargez notre application de r\u00e9servation de bus au Kenya et gagnez du temps","breadcrumb":{"@id":"https:\/\/tiketi.com\/sw\/nauli-za-mabasi\/kenya-bus-tickets\/#breadcrumb"},"inLanguage":"fr-FR","potentialAction":[{"@type":"ReadAction","target":["https:\/\/tiketi.com\/sw\/nauli-za-mabasi\/kenya-bus-tickets\/"]}]},{"@type":"ImageObject","inLanguage":"fr-FR","@id":"https:\/\/tiketi.com\/sw\/nauli-za-mabasi\/kenya-bus-tickets\/#primaryimage","url":"https:\/\/tiketi.com\/wp-content\/uploads\/2022\/01\/bus-ticket-online-booking.jpg","contentUrl":"https:\/\/tiketi.com\/wp-content\/uploads\/2022\/01\/bus-ticket-online-booking.jpg","width":1200,"height":206,"caption":"Online Bus Ticket Booking"},{"@type":"BreadcrumbList","@id":"https:\/\/tiketi.com\/sw\/nauli-za-mabasi\/kenya-bus-tickets\/#breadcrumb","itemListElement":[{"@type":"ListItem","position":1,"name":"Home","item":"https:\/\/tiketi.com\/"},{"@type":"ListItem","position":2,"name":"Coaches","item":"https:\/\/tiketi.com\/sw\/nauli-za-mabasi\/"},{"@type":"ListItem","position":3,"name":"Bus Tickets in Kenya I Best Online Bus Ticket Booking"}]},{"@type":"WebSite","@id":"https:\/\/tiketi.com\/#website","url":"https:\/\/tiketi.com\/","name":"Billets d&#039;avion et de bus, forfaits touristiques et activit\u00e9s - Tiketi.com","description":"Billets d&#039;avion et de bus, Tours, Activit\u00e9s","publisher":{"@id":"https:\/\/tiketi.com\/#organization"},"potentialAction":[{"@type":"SearchAction","target":{"@type":"EntryPoint","urlTemplate":"https:\/\/tiketi.com\/?s={search_term_string}"},"query-input":{"@type":"PropertyValueSpecification","valueRequired":true,"valueName":"search_term_string"}}],"inLanguage":"fr-FR"},{"@type":"Organization","@id":"https:\/\/tiketi.com\/#organization","name":"Tiketi.com","alternateName":"Tiketi","url":"https:\/\/tiketi.com\/","logo":{"@type":"ImageObject","inLanguage":"fr-FR","@id":"https:\/\/tiketi.com\/#\/schema\/logo\/image\/","url":"https:\/\/tiketi.com\/wp-content\/uploads\/2019\/05\/tiketi-logo-696.png","contentUrl":"https:\/\/tiketi.com\/wp-content\/uploads\/2019\/05\/tiketi-logo-696.png","width":696,"height":696,"caption":"Tiketi.com"},"image":{"@id":"https:\/\/tiketi.com\/#\/schema\/logo\/image\/"},"sameAs":["https:\/\/www.facebook.com\/TiketiCom\/"]}]}},"_links":{"self":[{"href":"https:\/\/tiketi.com\/fr-fr\/wp-json\/wp\/v2\/pages\/11660","targetHints":{"allow":["GET"]}}],"collection":[{"href":"https:\/\/tiketi.com\/fr-fr\/wp-json\/wp\/v2\/pages"}],"about":[{"href":"https:\/\/tiketi.com\/fr-fr\/wp-json\/wp\/v2\/types\/page"}],"author":[{"embeddable":true,"href":"https:\/\/tiketi.com\/fr-fr\/wp-json\/wp\/v2\/users\/1"}],"replies":[{"embeddable":true,"href":"https:\/\/tiketi.com\/fr-fr\/wp-json\/wp\/v2\/comments?post=11660"}],"version-history":[{"count":0,"href":"https:\/\/tiketi.com\/fr-fr\/wp-json\/wp\/v2\/pages\/11660\/revisions"}],"up":[{"embeddable":true,"href":"https:\/\/tiketi.com\/fr-fr\/wp-json\/wp\/v2\/pages\/25605"}],"wp:featuredmedia":[{"embeddable":true,"href":"https:\/\/tiketi.com\/fr-fr\/wp-json\/wp\/v2\/media\/13999"}],"wp:attachment":[{"href":"https:\/\/tiketi.com\/fr-fr\/wp-json\/wp\/v2\/media?parent=11660"}],"curies":[{"name":"wp","href":"https:\/\/api.w.org\/{rel}","templated":true}]}}