{"id":11661,"date":"2022-01-19T12:55:01","date_gmt":"2022-01-19T11:55:01","guid":{"rendered":"https:\/\/new.tiketi.com\/bus-tickets-uganda-online-bus-ticket-booking\/"},"modified":"2022-10-24T12:03:40","modified_gmt":"2022-10-24T11:03:40","slug":"book-cheap-bus-tickets-in-uganda","status":"publish","type":"page","link":"https:\/\/tiketi.com\/fr-fr\/book-cheap-bus-tickets-in-uganda\/","title":{"rendered":"Billets de bus Ouganda \u2013 R\u00e9servation de billets de bus en ligne"},"content":{"rendered":"<h2>R\u00e9servation de billets de bus en ligne pas cher Ouganda<\/h2>\n<h3>D\u00e9couvrez votre itin\u00e9raire de voyage sur le Web, votre mobile ou votre application et r\u00e9servez d\u00e8s maintenant en ligne des billets de bus bon march\u00e9 en Ouganda.<\/h3>\n<p>Comparez les tarifs de bus en Ouganda et r\u00e9servez votre billet de bus pas cher en ligne. Deux types de bus composent la structure des transports publics ougandais de r\u00e9servation de billets de bus en ligne. Les soi-disant taxis et en fait les minibus ou les fourgons de banlieue n&#039;ont pas d&#039;heures de d\u00e9part fixes, mais partent simplement lorsqu&#039;ils sont pleins toutes les 10 \u00e0 30 minutes sur les itin\u00e9raires les plus fr\u00e9quent\u00e9s. Les tarifs des billets de minibus en Ouganda sont g\u00e9n\u00e9ralement assez plus \u00e9lev\u00e9s que ceux des bus terrestres et il est d&#039;usage sur la plupart des itin\u00e9raires de payer peu de temps avant l&#039;arriv\u00e9e plut\u00f4t qu&#039;au d\u00e9part, il y a donc un risque limit\u00e9 d&#039;\u00eatre surfactur\u00e9 \u00e0 condition que vous regardiez et voyiez ce que les autres passagers pensent. . Une pelouse imposant un maximum de quatorze passagers dans chaque mini-bus-taxi, soit 3 passagers par rang\u00e9e, est strictement appliqu\u00e9e dans la plupart des r\u00e9gions de l&#039;Ouganda, ce qui signifie que les voyages en minibus sont beaucoup plus d\u00e9tendus que dans la majorit\u00e9 des pays africains o\u00f9 4 passagers par rang\u00e9e. la rang\u00e9e est habituelle. Utilisez donc notre application de r\u00e9servation de bus en Ouganda et r\u00e9servez votre billet de bus pour l&#039;Ouganda en ligne d\u00e8s maintenant.<\/p>\n<h2>R\u00e9servation de bus interurbains en ligne Ouganda<\/h2>\n<p>Les tarifs des autocars et des bus en Ouganda couvrent tous les grands itin\u00e9raires et vous pouvez r\u00e9server des billets de bus en Ouganda en ligne. Les entreprises de transport par bus en Ouganda disposent g\u00e9n\u00e9ralement d&#039;une flotte moderne qui maintient g\u00e9n\u00e9ralement une vitesse de 100 km\/h ou plus, permettant aux visiteurs de voyager entre Kampala et les principaux centres urbains d&#039;Ouganda. Se d\u00e9placer dans les grands centres urbains de l&#039;Ouganda en bus est un moyen abordable de voyager et de r\u00e9server des billets de bus en ligne en Ouganda. De toute fa\u00e7on, les services de bus en Ouganda ne fonctionnent pas toujours selon une heure de d\u00e9part programm\u00e9e, mais partent lorsqu&#039;ils sont pleins. Les routards qui ont le temps trouveront peut-\u00eatre que se d\u00e9placer en Ouganda en bus est un meilleur choix.<\/p>\n<h2>Transport en bus en Ouganda pour les voyageurs \u00e0 petit budget<\/h2>\n<p>Pour les routards, nous conseillons les services de bus les moins chers de la poste ougandaise en Ouganda, consid\u00e9r\u00e9s comme le choix le plus s\u00fbr. Plusieurs services de bus en Ouganda ont chaque matin un bureau de poste cl\u00e9 \u00e0 Kampala en direction de Gulu, Masindi Kiboga, Kisoro, Kabale et Kasese. En chemin, ils s&#039;arr\u00eatent dans diff\u00e9rentes villes pour d\u00e9poser et r\u00e9cup\u00e9rer les passagers et le courrier. Les bus quittent le b\u00e2timent du bureau de poste \u00e0 Kampala \u00e0 7h00. R\u00e9server des billets de navette et de bus en Ouganda. Les services sont diff\u00e9rents et abordables lorsque vous correspondez avec d&#039;autres bus\/autocars. En Ouganda, des services de bus postaux relient quotidiennement Kabale (via Mbarara et Masaka), Kampala \u00e0 Kasese (via Mbarara), Hoima (via Masindi) et Soroti (via Mbale).<\/p>\n<p>Les meilleurs services de transport en bus en Ouganda \/ autocars priv\u00e9s ont des heures de d\u00e9part raisonnablement fixes. Notez que les r\u00e9servations de billets de navette et de bus en Ouganda augmentent rapidement avant les p\u00e9riodes de vacances telles que No\u00ebl et l&#039;Est, lorsque la soci\u00e9t\u00e9 multitribale de Kampala quitte ses r\u00e9gions d&#039;origine. Ces hausses sont p\u00e9riodiques et compensent \u00e9galement le retour des v\u00e9hicules presque vides \u00e0 Kampala.<\/p>\n<h2>Tarifs de r\u00e9servation de bus en Ouganda<\/h2>\n<p>Un voyage de r\u00e9servation de bus en Ouganda entre Kampala et Masindi dure environ 4 heures et co\u00fbte environ 8 000 shillings. Il est essentiel de garder \u00e0 l&#039;esprit que ni les bus ni les taxis ne fonctionnent selon des horaires fixes, ils quittent le terminus lorsqu&#039;ils sont pleins. La capacit\u00e9 officielle totale est de quatorze personnes, et les bus sur les grands itin\u00e9raires au d\u00e9part de Kampala doivent respecter cet itin\u00e9raire, vous pouvez donc r\u00e9server en ligne des bus en Ouganda d\u00e8s maintenant.<\/p>\n<h2>Comment puis-je r\u00e9server des billets de bus en Ouganda ?<\/h2>\n<p>Tiketi.com est la solution que vous recherchez. Il s&#039;agit du meilleur service de r\u00e9servation de billets de bus en ligne en Ouganda, ils peuvent simplement acc\u00e9der \u00e0 tous les tarifs de bus de l&#039;entreprise ougandaise avec lesquels vous souhaitez voyager, ils peuvent \u00e9galement voyager en Afrique de l&#039;Est. Tout ce que vous avez \u00e0 faire est de t\u00e9l\u00e9charger notre application de r\u00e9servation de bus en Ouganda ou d&#039;aller sur le site et de r\u00e9server votre transport en bus en Ouganda dans le confort de votre maison.<\/p>\n<h2>Apr\u00e8s recherche, je recherche un billet de bus pas cher pour les op\u00e9rateurs ougandais.<\/h2>\n<p>\u2022 Services de bus Gateway Ltd.<br \/>\n\u2022\u00a0Modern Coast Express\u00a0Lt\u00e9e<br \/>\n\u2022Falcon Beach Ltd.<br \/>\n\u2022 KK Coaches Limited, Arua Park, Kamapala<br \/>\n\u2022 Modern Coast Express Lt\u00e9e.<br \/>\n\u2022 Services de bus Easy Coach Ltd.<br \/>\n\u2022 Association ougandaise des op\u00e9rateurs de bus<br \/>\n\u2022 Scandinave Express<br \/>\n\u2022 Services d&#039;autocars du Nil<\/p>\n<h2>R\u00e9servation de billets de train ou de bus en ligne Ouganda<\/h2>\n<p>D&#039;autre part, la soci\u00e9t\u00e9 Uganda Railway exploite 2 lignes de train en Ouganda, l&#039;une de Kampala \u00e0 Port Bell sur la baie de Murchison au bord du lac Victoria, et l&#039;autre de Kampala \u00e0 Tororo \u00e0 la fronti\u00e8re du Kenya. Ce sont les seuls trains de voyageurs circulant actuellement dans le pays.<\/p>","protected":false},"excerpt":{"rendered":"<p>Cheap Online Bus Ticket Booking Uganda Discover your travel route on web, mobile or app and book cheap bus tickets in Uganda online now. Compare bus fares in Uganda and book your cheap bus ticket online. Two types of buses make up the online bus ticket booking Uganda public transportation structure. The s-called taxis and [&hellip;]<\/p>\n","protected":false},"author":1,"featured_media":13999,"parent":0,"menu_order":0,"comment_status":"open","ping_status":"closed","template":"template-home-modern.php","meta":{"footnotes":""},"class_list":["post-11661","page","type-page","status-publish","has-post-thumbnail","hentry"],"yoast_head":"<!-- This site is optimized with the Yoast SEO plugin v27.2 - https:\/\/yoast.com\/product\/yoast-seo-wordpress\/ -->\n<title>Bus Tickets Uganda - Online Bus Ticket Booking<\/title>\n<meta name=\"description\" content=\"Looking for online bus ticket\u00a0booking in Uganda or bus ticket to Uganda, app, route, distance, fare &amp; schedule? Book cheap bus tickets Uganda\" \/>\n<meta name=\"robots\" content=\"index, follow, max-snippet:-1, max-image-preview:large, max-video-preview:-1\" \/>\n<link rel=\"canonical\" href=\"https:\/\/tiketi.com\/fr-fr\/book-cheap-bus-tickets-in-uganda\/\" \/>\n<meta property=\"og:locale\" content=\"fr_FR\" \/>\n<meta property=\"og:type\" content=\"article\" \/>\n<meta property=\"og:title\" content=\"Bus Tickets Uganda - Online Bus Ticket Booking\" \/>\n<meta property=\"og:description\" content=\"Looking for online bus ticket\u00a0booking in Uganda or bus ticket to Uganda, app, route, distance, fare &amp; schedule? Book cheap bus tickets Uganda\" \/>\n<meta property=\"og:url\" content=\"https:\/\/tiketi.com\/fr-fr\/book-cheap-bus-tickets-in-uganda\/\" \/>\n<meta property=\"og:site_name\" content=\"Tiketi.com\" \/>\n<meta property=\"article:publisher\" content=\"https:\/\/www.facebook.com\/TiketiCom\/\" \/>\n<meta property=\"article:modified_time\" content=\"2022-10-24T11:03:40+00:00\" \/>\n<meta property=\"og:image\" content=\"https:\/\/tiketi.com\/wp-content\/uploads\/2022\/01\/bus-ticket-online-booking.jpg\" \/>\n\t<meta property=\"og:image:width\" content=\"1200\" \/>\n\t<meta property=\"og:image:height\" content=\"206\" \/>\n\t<meta property=\"og:image:type\" content=\"image\/jpeg\" \/>\n<meta name=\"twitter:card\" content=\"summary_large_image\" \/>\n<meta name=\"twitter:label1\" content=\"Dur\u00e9e de lecture estim\u00e9e\" \/>\n\t<meta name=\"twitter:data1\" content=\"4 minutes\" \/>\n<script type=\"application\/ld+json\" class=\"yoast-schema-graph\">{\"@context\":\"https:\/\/schema.org\",\"@graph\":[{\"@type\":\"WebPage\",\"@id\":\"https:\/\/tiketi.com\/book-cheap-bus-tickets-in-uganda\/\",\"url\":\"https:\/\/tiketi.com\/book-cheap-bus-tickets-in-uganda\/\",\"name\":\"Bus Tickets Uganda - Online Bus Ticket Booking\",\"isPartOf\":{\"@id\":\"https:\/\/tiketi.com\/#website\"},\"primaryImageOfPage\":{\"@id\":\"https:\/\/tiketi.com\/book-cheap-bus-tickets-in-uganda\/#primaryimage\"},\"image\":{\"@id\":\"https:\/\/tiketi.com\/book-cheap-bus-tickets-in-uganda\/#primaryimage\"},\"thumbnailUrl\":\"https:\/\/tiketi.com\/wp-content\/uploads\/2022\/01\/bus-ticket-online-booking.jpg\",\"datePublished\":\"2022-01-19T11:55:01+00:00\",\"dateModified\":\"2022-10-24T11:03:40+00:00\",\"description\":\"Looking for online bus ticket\u00a0booking in Uganda or bus ticket to Uganda, app, route, distance, fare & schedule? Book cheap bus tickets Uganda\",\"breadcrumb\":{\"@id\":\"https:\/\/tiketi.com\/book-cheap-bus-tickets-in-uganda\/#breadcrumb\"},\"inLanguage\":\"fr-FR\",\"potentialAction\":[{\"@type\":\"ReadAction\",\"target\":[\"https:\/\/tiketi.com\/book-cheap-bus-tickets-in-uganda\/\"]}]},{\"@type\":\"ImageObject\",\"inLanguage\":\"fr-FR\",\"@id\":\"https:\/\/tiketi.com\/book-cheap-bus-tickets-in-uganda\/#primaryimage\",\"url\":\"https:\/\/tiketi.com\/wp-content\/uploads\/2022\/01\/bus-ticket-online-booking.jpg\",\"contentUrl\":\"https:\/\/tiketi.com\/wp-content\/uploads\/2022\/01\/bus-ticket-online-booking.jpg\",\"width\":1200,\"height\":206,\"caption\":\"Online Bus Ticket Booking\"},{\"@type\":\"BreadcrumbList\",\"@id\":\"https:\/\/tiketi.com\/book-cheap-bus-tickets-in-uganda\/#breadcrumb\",\"itemListElement\":[{\"@type\":\"ListItem\",\"position\":1,\"name\":\"Home\",\"item\":\"https:\/\/tiketi.com\/\"},{\"@type\":\"ListItem\",\"position\":2,\"name\":\"Bus Tickets Uganda &#8211; Online Bus Ticket Booking\"}]},{\"@type\":\"WebSite\",\"@id\":\"https:\/\/tiketi.com\/#website\",\"url\":\"https:\/\/tiketi.com\/\",\"name\":\"Flight & Bus Tickets, Tour Packages & Activitites - Tiketi.com\",\"description\":\"Flight &amp; Bus Tickets, Tours, Activitites\",\"publisher\":{\"@id\":\"https:\/\/tiketi.com\/#organization\"},\"potentialAction\":[{\"@type\":\"SearchAction\",\"target\":{\"@type\":\"EntryPoint\",\"urlTemplate\":\"https:\/\/tiketi.com\/?s={search_term_string}\"},\"query-input\":{\"@type\":\"PropertyValueSpecification\",\"valueRequired\":true,\"valueName\":\"search_term_string\"}}],\"inLanguage\":\"fr-FR\"},{\"@type\":\"Organization\",\"@id\":\"https:\/\/tiketi.com\/#organization\",\"name\":\"Tiketi.com\",\"alternateName\":\"Tiketi\",\"url\":\"https:\/\/tiketi.com\/\",\"logo\":{\"@type\":\"ImageObject\",\"inLanguage\":\"fr-FR\",\"@id\":\"https:\/\/tiketi.com\/#\/schema\/logo\/image\/\",\"url\":\"https:\/\/tiketi.com\/wp-content\/uploads\/2019\/05\/tiketi-logo-696.png\",\"contentUrl\":\"https:\/\/tiketi.com\/wp-content\/uploads\/2019\/05\/tiketi-logo-696.png\",\"width\":696,\"height\":696,\"caption\":\"Tiketi.com\"},\"image\":{\"@id\":\"https:\/\/tiketi.com\/#\/schema\/logo\/image\/\"},\"sameAs\":[\"https:\/\/www.facebook.com\/TiketiCom\/\"]}]}<\/script>\n<!-- \/ Yoast SEO plugin. -->","yoast_head_json":{"title":"Billets de bus Ouganda - R\u00e9servation de billets de bus en ligne","description":"Vous recherchez une r\u00e9servation de billets de bus en ligne en Ouganda ou un billet de bus pour l&#039;Ouganda, une application, un itin\u00e9raire, une distance, un tarif et un horaire\u00a0? R\u00e9servez des billets de bus pas chers Ouganda","robots":{"index":"index","follow":"follow","max-snippet":"max-snippet:-1","max-image-preview":"max-image-preview:large","max-video-preview":"max-video-preview:-1"},"canonical":"https:\/\/tiketi.com\/fr-fr\/book-cheap-bus-tickets-in-uganda\/","og_locale":"fr_FR","og_type":"article","og_title":"Bus Tickets Uganda - Online Bus Ticket Booking","og_description":"Looking for online bus ticket\u00a0booking in Uganda or bus ticket to Uganda, app, route, distance, fare & schedule? Book cheap bus tickets Uganda","og_url":"https:\/\/tiketi.com\/fr-fr\/book-cheap-bus-tickets-in-uganda\/","og_site_name":"Tiketi.com","article_publisher":"https:\/\/www.facebook.com\/TiketiCom\/","article_modified_time":"2022-10-24T11:03:40+00:00","og_image":[{"width":1200,"height":206,"url":"https:\/\/tiketi.com\/wp-content\/uploads\/2022\/01\/bus-ticket-online-booking.jpg","type":"image\/jpeg"}],"twitter_card":"summary_large_image","twitter_misc":{"Dur\u00e9e de lecture estim\u00e9e":"4 minutes"},"schema":{"@context":"https:\/\/schema.org","@graph":[{"@type":"WebPage","@id":"https:\/\/tiketi.com\/book-cheap-bus-tickets-in-uganda\/","url":"https:\/\/tiketi.com\/book-cheap-bus-tickets-in-uganda\/","name":"Billets de bus Ouganda - R\u00e9servation de billets de bus en ligne","isPartOf":{"@id":"https:\/\/tiketi.com\/#website"},"primaryImageOfPage":{"@id":"https:\/\/tiketi.com\/book-cheap-bus-tickets-in-uganda\/#primaryimage"},"image":{"@id":"https:\/\/tiketi.com\/book-cheap-bus-tickets-in-uganda\/#primaryimage"},"thumbnailUrl":"https:\/\/tiketi.com\/wp-content\/uploads\/2022\/01\/bus-ticket-online-booking.jpg","datePublished":"2022-01-19T11:55:01+00:00","dateModified":"2022-10-24T11:03:40+00:00","description":"Vous recherchez une r\u00e9servation de billets de bus en ligne en Ouganda ou un billet de bus pour l&#039;Ouganda, une application, un itin\u00e9raire, une distance, un tarif et un horaire\u00a0? R\u00e9servez des billets de bus pas chers Ouganda","breadcrumb":{"@id":"https:\/\/tiketi.com\/book-cheap-bus-tickets-in-uganda\/#breadcrumb"},"inLanguage":"fr-FR","potentialAction":[{"@type":"ReadAction","target":["https:\/\/tiketi.com\/book-cheap-bus-tickets-in-uganda\/"]}]},{"@type":"ImageObject","inLanguage":"fr-FR","@id":"https:\/\/tiketi.com\/book-cheap-bus-tickets-in-uganda\/#primaryimage","url":"https:\/\/tiketi.com\/wp-content\/uploads\/2022\/01\/bus-ticket-online-booking.jpg","contentUrl":"https:\/\/tiketi.com\/wp-content\/uploads\/2022\/01\/bus-ticket-online-booking.jpg","width":1200,"height":206,"caption":"Online Bus Ticket Booking"},{"@type":"BreadcrumbList","@id":"https:\/\/tiketi.com\/book-cheap-bus-tickets-in-uganda\/#breadcrumb","itemListElement":[{"@type":"ListItem","position":1,"name":"Home","item":"https:\/\/tiketi.com\/"},{"@type":"ListItem","position":2,"name":"Bus Tickets Uganda &#8211; Online Bus Ticket Booking"}]},{"@type":"WebSite","@id":"https:\/\/tiketi.com\/#website","url":"https:\/\/tiketi.com\/","name":"Billets d&#039;avion et de bus, forfaits touristiques et activit\u00e9s - Tiketi.com","description":"Billets d&#039;avion et de bus, Tours, Activit\u00e9s","publisher":{"@id":"https:\/\/tiketi.com\/#organization"},"potentialAction":[{"@type":"SearchAction","target":{"@type":"EntryPoint","urlTemplate":"https:\/\/tiketi.com\/?s={search_term_string}"},"query-input":{"@type":"PropertyValueSpecification","valueRequired":true,"valueName":"search_term_string"}}],"inLanguage":"fr-FR"},{"@type":"Organization","@id":"https:\/\/tiketi.com\/#organization","name":"Tiketi.com","alternateName":"Tiketi","url":"https:\/\/tiketi.com\/","logo":{"@type":"ImageObject","inLanguage":"fr-FR","@id":"https:\/\/tiketi.com\/#\/schema\/logo\/image\/","url":"https:\/\/tiketi.com\/wp-content\/uploads\/2019\/05\/tiketi-logo-696.png","contentUrl":"https:\/\/tiketi.com\/wp-content\/uploads\/2019\/05\/tiketi-logo-696.png","width":696,"height":696,"caption":"Tiketi.com"},"image":{"@id":"https:\/\/tiketi.com\/#\/schema\/logo\/image\/"},"sameAs":["https:\/\/www.facebook.com\/TiketiCom\/"]}]}},"_links":{"self":[{"href":"https:\/\/tiketi.com\/fr-fr\/wp-json\/wp\/v2\/pages\/11661","targetHints":{"allow":["GET"]}}],"collection":[{"href":"https:\/\/tiketi.com\/fr-fr\/wp-json\/wp\/v2\/pages"}],"about":[{"href":"https:\/\/tiketi.com\/fr-fr\/wp-json\/wp\/v2\/types\/page"}],"author":[{"embeddable":true,"href":"https:\/\/tiketi.com\/fr-fr\/wp-json\/wp\/v2\/users\/1"}],"replies":[{"embeddable":true,"href":"https:\/\/tiketi.com\/fr-fr\/wp-json\/wp\/v2\/comments?post=11661"}],"version-history":[{"count":0,"href":"https:\/\/tiketi.com\/fr-fr\/wp-json\/wp\/v2\/pages\/11661\/revisions"}],"wp:featuredmedia":[{"embeddable":true,"href":"https:\/\/tiketi.com\/fr-fr\/wp-json\/wp\/v2\/media\/13999"}],"wp:attachment":[{"href":"https:\/\/tiketi.com\/fr-fr\/wp-json\/wp\/v2\/media?parent=11661"}],"curies":[{"name":"wp","href":"https:\/\/api.w.org\/{rel}","templated":true}]}}