{"id":11662,"date":"2022-01-19T12:55:01","date_gmt":"2022-01-19T11:55:01","guid":{"rendered":"https:\/\/new.tiketi.com\/bus-from-harare-to-gaborone-bus-tickets-route-schedule-fare\/"},"modified":"2022-01-28T12:47:08","modified_gmt":"2022-01-28T11:47:08","slug":"cheap-bus-tickets-from-harare-to-gaborone","status":"publish","type":"page","link":"https:\/\/tiketi.com\/fr-fr\/cheap-bus-tickets-from-harare-to-gaborone\/","title":{"rendered":"Bus de Harare \u00e0 Gaborone Billets de bus, itin\u00e9raire, horaires et tarifs"},"content":{"rendered":"<h2>Billets de bus pas chers de Harare \u00e0 Gaborone : r\u00e9servation en ligne<\/h2>\n<h3>D\u00e9couvrez votre itin\u00e9raire de voyage sur le Web, votre mobile ou votre application et r\u00e9servez d\u00e8s maintenant en ligne un billet de bus pas cher de Harare \u00e0 Gaborone.<\/h3>\n<p>R\u00e9servez des billets de bus pas chers en ligne de Harare \u00e0 Gaborone et voyagez de Harare \u00e0 Gaborone par la route. Gaborone est la capitale du Botswana. Elle est c\u00e9l\u00e8bre pour la r\u00e9serve animali\u00e8re de Gaborone, qui abrite des animaux indig\u00e8nes comme les impalas et les gnous, ainsi que des oiseaux migrateurs et r\u00e9sidents. Au sud-ouest de la ville, les rhinoc\u00e9ros et les girafes habitent la r\u00e9serve naturelle de Mokolodi. Vous pouvez visiter cette ville en r\u00e9servant d\u00e8s maintenant en ligne des billets de bus pas chers de Harare \u00e0 Gaborone.<\/p>\n<h2>Bus de Harare \u00e0 Gaborone R\u00e9servation de billets de bus, itin\u00e9raires, horaires et tarifs FAQ<\/h2>\n<h3>Quel est le moyen le moins cher pour se rendre de Harare \u00e0 Gaborone ?<\/h3>\n<p>Le moyen le moins cher de se rendre de Harare \u00e0 Gaborone est en bus qui co\u00fbte $50 \u2013 $70 et prend 24h 30m.<\/p>\n<h3>Existe-t-il un bus direct de Harare \u00e0 Gaborone ?<\/h3>\n<p>Non, il n&#039;y a pas de bus directs vers Gaborone depuis Harare. Quoi qu\u2019il en soit, il y a des services au d\u00e9part de Harare et arrivant \u00e0 Gaborone par Johannesburg et Midrand. Le trajet, transferts compris, dure environ 23h 4min.<\/p>\n<h3>Quelle est la distance entre Harare et Gaborone en bus ?<\/h3>\n<p>La distance entre Harare et Gaborone en bus est de 927 km.<\/p>\n<h3>Comment se rendre de Harare \u00e0 Gaborone sans voiture ?<\/h3>\n<p>Le meilleur moyen pour se rendre \u00e0 Gaborone sans voiture est de bus Harare \u00e0 Gaborone via Centurion, ce qui dure 23h 5m et co\u00fbte $60 \u2013 $95.<\/p>\n<h3>O\u00f9 prendre le bus depuis Harare pour Gaborone ?<\/h3>\n<p>Billets de bus pas chers de Harare \u00e0 Gaborone, op\u00e9r\u00e9s par Greyhound ZA.<\/p>\n<h3>Avion, train ou bus Harare jusqu&#039;\u00e0 Gaborone ?<\/h3>\n<p>Le meilleur moyen pour aller de Harare \u00e0 Gaborone est de <a href=\"https:\/\/tiketi.com\/fr-fr\/flightst\/\" target=\"_blank\" rel=\"noopener\">voler<\/a> ce qui dure 4h 5min et co\u00fbte $170 \u2013 $480. Sinon, vous pouvez bus via Centurion, Harare \u00e0 Gaborone, bus tarif $60 \u2013 $95, et dure 23h 5m, vous pouvez \u00e9galement train.<\/p>\n<h2>Conseils pour les billets de bus de Harare \u00e0 Gaborone<\/h2>\n<h3><strong>Voici quelques-unes des meilleures attractions :<\/strong><\/h3>\n<h3>Le centre commercial principal<\/h3>\n<p>Aucune visite \u00e0 Gaborone ne se ferait sans une visite au Hall, \u00e9galement appel\u00e9 Main Mall. Con\u00e7u dans les ann\u00e9es 1960, le Mall \u00e9tait destin\u00e9 \u00e0 devenir le nouveau centre-ville. Aujourd&#039;hui, il conserve son r\u00f4le essentiel d&#039;abri de nombreux bureaux et commerces.<\/p>\n<h3>Maison Opara<\/h3>\n<p>L&#039;architecture de la Maison Opara est \u00e0 juste titre con\u00e7ue pour classer les diamants extraits des mines de diamants du Botswana. La lumi\u00e8re naturelle, plut\u00f4t que directe, est tr\u00e8s importante pour le processus de tri. Le b\u00e2timent lui-m\u00eame a \u00e9t\u00e9 construit il y a environ vingt-cinq ans, au milieu des b\u00e2timents administratifs de Gaborone.<\/p>","protected":false},"excerpt":{"rendered":"<p>Cheap Bus Tickets from\u00a0Harare to Gaborone Online Booking Discover your travel route on web, mobile or app and book cheap bus ticket from Harare to Gaborone online now. Book cheap bus from Harare to Gaborone bus tickets online and travel Harare to Gaborone by road. Gaborone is the Botswana capital city. It is famous for [&hellip;]<\/p>\n","protected":false},"author":1,"featured_media":13999,"parent":0,"menu_order":0,"comment_status":"open","ping_status":"closed","template":"template-home-modern.php","meta":{"footnotes":""},"class_list":["post-11662","page","type-page","status-publish","has-post-thumbnail","hentry"],"yoast_head":"<!-- This site is optimized with the Yoast SEO plugin v27.3 - https:\/\/yoast.com\/product\/yoast-seo-wordpress\/ -->\n<title>Bus from Harare to Gaborone Bus Tickets, Route, Schedule &amp; Fare<\/title>\n<meta name=\"description\" content=\"Looking for bus from\u00a0Harare to Gaborone bus tickets booking app, schedules &amp; fares? Book cheap bus tickets from Harare to Gaborone online now\" \/>\n<meta name=\"robots\" content=\"index, follow, max-snippet:-1, max-image-preview:large, max-video-preview:-1\" \/>\n<link rel=\"canonical\" href=\"https:\/\/tiketi.com\/fr-fr\/cheap-bus-tickets-from-harare-to-gaborone\/\" \/>\n<meta property=\"og:locale\" content=\"fr_FR\" \/>\n<meta property=\"og:type\" content=\"article\" \/>\n<meta property=\"og:title\" content=\"Bus from Harare to Gaborone Bus Tickets, Route, Schedule &amp; Fare\" \/>\n<meta property=\"og:description\" content=\"Looking for bus from\u00a0Harare to Gaborone bus tickets booking app, schedules &amp; fares? Book cheap bus tickets from Harare to Gaborone online now\" \/>\n<meta property=\"og:url\" content=\"https:\/\/tiketi.com\/fr-fr\/cheap-bus-tickets-from-harare-to-gaborone\/\" \/>\n<meta property=\"og:site_name\" content=\"Tiketi.com\" \/>\n<meta property=\"article:publisher\" content=\"https:\/\/www.facebook.com\/TiketiCom\/\" \/>\n<meta property=\"article:modified_time\" content=\"2022-01-28T11:47:08+00:00\" \/>\n<meta property=\"og:image\" content=\"https:\/\/tiketi.com\/wp-content\/uploads\/2022\/01\/bus-ticket-online-booking.jpg\" \/>\n\t<meta property=\"og:image:width\" content=\"1200\" \/>\n\t<meta property=\"og:image:height\" content=\"206\" \/>\n\t<meta property=\"og:image:type\" content=\"image\/jpeg\" \/>\n<meta name=\"twitter:card\" content=\"summary_large_image\" \/>\n<meta name=\"twitter:label1\" content=\"Dur\u00e9e de lecture estim\u00e9e\" \/>\n\t<meta name=\"twitter:data1\" content=\"2 minutes\" \/>\n<script type=\"application\/ld+json\" class=\"yoast-schema-graph\">{\"@context\":\"https:\\\/\\\/schema.org\",\"@graph\":[{\"@type\":\"WebPage\",\"@id\":\"https:\\\/\\\/tiketi.com\\\/cheap-bus-tickets-from-harare-to-gaborone\\\/\",\"url\":\"https:\\\/\\\/tiketi.com\\\/cheap-bus-tickets-from-harare-to-gaborone\\\/\",\"name\":\"Bus from Harare to Gaborone Bus Tickets, Route, Schedule & Fare\",\"isPartOf\":{\"@id\":\"https:\\\/\\\/tiketi.com\\\/#website\"},\"primaryImageOfPage\":{\"@id\":\"https:\\\/\\\/tiketi.com\\\/cheap-bus-tickets-from-harare-to-gaborone\\\/#primaryimage\"},\"image\":{\"@id\":\"https:\\\/\\\/tiketi.com\\\/cheap-bus-tickets-from-harare-to-gaborone\\\/#primaryimage\"},\"thumbnailUrl\":\"https:\\\/\\\/tiketi.com\\\/wp-content\\\/uploads\\\/2022\\\/01\\\/bus-ticket-online-booking.jpg\",\"datePublished\":\"2022-01-19T11:55:01+00:00\",\"dateModified\":\"2022-01-28T11:47:08+00:00\",\"description\":\"Looking for bus from\u00a0Harare to Gaborone bus tickets booking app, schedules & fares? Book cheap bus tickets from Harare to Gaborone online now\",\"breadcrumb\":{\"@id\":\"https:\\\/\\\/tiketi.com\\\/cheap-bus-tickets-from-harare-to-gaborone\\\/#breadcrumb\"},\"inLanguage\":\"fr-FR\",\"potentialAction\":[{\"@type\":\"ReadAction\",\"target\":[\"https:\\\/\\\/tiketi.com\\\/cheap-bus-tickets-from-harare-to-gaborone\\\/\"]}]},{\"@type\":\"ImageObject\",\"inLanguage\":\"fr-FR\",\"@id\":\"https:\\\/\\\/tiketi.com\\\/cheap-bus-tickets-from-harare-to-gaborone\\\/#primaryimage\",\"url\":\"https:\\\/\\\/tiketi.com\\\/wp-content\\\/uploads\\\/2022\\\/01\\\/bus-ticket-online-booking.jpg\",\"contentUrl\":\"https:\\\/\\\/tiketi.com\\\/wp-content\\\/uploads\\\/2022\\\/01\\\/bus-ticket-online-booking.jpg\",\"width\":1200,\"height\":206,\"caption\":\"Online Bus Ticket Booking\"},{\"@type\":\"BreadcrumbList\",\"@id\":\"https:\\\/\\\/tiketi.com\\\/cheap-bus-tickets-from-harare-to-gaborone\\\/#breadcrumb\",\"itemListElement\":[{\"@type\":\"ListItem\",\"position\":1,\"name\":\"Home\",\"item\":\"https:\\\/\\\/tiketi.com\\\/\"},{\"@type\":\"ListItem\",\"position\":2,\"name\":\"Bus from Harare to Gaborone Bus Tickets, Route, Schedule &#038; Fare\"}]},{\"@type\":\"WebSite\",\"@id\":\"https:\\\/\\\/tiketi.com\\\/#website\",\"url\":\"https:\\\/\\\/tiketi.com\\\/\",\"name\":\"Flight & Bus Tickets, Tour Packages & Activitites - Tiketi.com\",\"description\":\"Flight &amp; Bus Tickets, Tours, Activitites\",\"publisher\":{\"@id\":\"https:\\\/\\\/tiketi.com\\\/#organization\"},\"potentialAction\":[{\"@type\":\"SearchAction\",\"target\":{\"@type\":\"EntryPoint\",\"urlTemplate\":\"https:\\\/\\\/tiketi.com\\\/?s={search_term_string}\"},\"query-input\":{\"@type\":\"PropertyValueSpecification\",\"valueRequired\":true,\"valueName\":\"search_term_string\"}}],\"inLanguage\":\"fr-FR\"},{\"@type\":\"Organization\",\"@id\":\"https:\\\/\\\/tiketi.com\\\/#organization\",\"name\":\"Tiketi.com\",\"alternateName\":\"Tiketi\",\"url\":\"https:\\\/\\\/tiketi.com\\\/\",\"logo\":{\"@type\":\"ImageObject\",\"inLanguage\":\"fr-FR\",\"@id\":\"https:\\\/\\\/tiketi.com\\\/#\\\/schema\\\/logo\\\/image\\\/\",\"url\":\"https:\\\/\\\/tiketi.com\\\/wp-content\\\/uploads\\\/2019\\\/05\\\/tiketi-logo-696.png\",\"contentUrl\":\"https:\\\/\\\/tiketi.com\\\/wp-content\\\/uploads\\\/2019\\\/05\\\/tiketi-logo-696.png\",\"width\":696,\"height\":696,\"caption\":\"Tiketi.com\"},\"image\":{\"@id\":\"https:\\\/\\\/tiketi.com\\\/#\\\/schema\\\/logo\\\/image\\\/\"},\"sameAs\":[\"https:\\\/\\\/www.facebook.com\\\/TiketiCom\\\/\"]}]}<\/script>\n<!-- \/ Yoast SEO plugin. -->","yoast_head_json":{"title":"Bus de Harare \u00e0 Gaborone Billets de bus, itin\u00e9raire, horaires et tarifs","description":"Vous recherchez des bus de Harare \u00e0 Gaborone, une application de r\u00e9servation de billets de bus, des horaires et des tarifs ? R\u00e9servez vos billets de bus \u00e0 bas prix de Harare \u00e0 Gaborone en ligne maintenant","robots":{"index":"index","follow":"follow","max-snippet":"max-snippet:-1","max-image-preview":"max-image-preview:large","max-video-preview":"max-video-preview:-1"},"canonical":"https:\/\/tiketi.com\/fr-fr\/cheap-bus-tickets-from-harare-to-gaborone\/","og_locale":"fr_FR","og_type":"article","og_title":"Bus from Harare to Gaborone Bus Tickets, Route, Schedule & Fare","og_description":"Looking for bus from\u00a0Harare to Gaborone bus tickets booking app, schedules & fares? Book cheap bus tickets from Harare to Gaborone online now","og_url":"https:\/\/tiketi.com\/fr-fr\/cheap-bus-tickets-from-harare-to-gaborone\/","og_site_name":"Tiketi.com","article_publisher":"https:\/\/www.facebook.com\/TiketiCom\/","article_modified_time":"2022-01-28T11:47:08+00:00","og_image":[{"width":1200,"height":206,"url":"https:\/\/tiketi.com\/wp-content\/uploads\/2022\/01\/bus-ticket-online-booking.jpg","type":"image\/jpeg"}],"twitter_card":"summary_large_image","twitter_misc":{"Dur\u00e9e de lecture estim\u00e9e":"2 minutes"},"schema":{"@context":"https:\/\/schema.org","@graph":[{"@type":"WebPage","@id":"https:\/\/tiketi.com\/cheap-bus-tickets-from-harare-to-gaborone\/","url":"https:\/\/tiketi.com\/cheap-bus-tickets-from-harare-to-gaborone\/","name":"Bus de Harare \u00e0 Gaborone Billets de bus, itin\u00e9raire, horaires et tarifs","isPartOf":{"@id":"https:\/\/tiketi.com\/#website"},"primaryImageOfPage":{"@id":"https:\/\/tiketi.com\/cheap-bus-tickets-from-harare-to-gaborone\/#primaryimage"},"image":{"@id":"https:\/\/tiketi.com\/cheap-bus-tickets-from-harare-to-gaborone\/#primaryimage"},"thumbnailUrl":"https:\/\/tiketi.com\/wp-content\/uploads\/2022\/01\/bus-ticket-online-booking.jpg","datePublished":"2022-01-19T11:55:01+00:00","dateModified":"2022-01-28T11:47:08+00:00","description":"Vous recherchez des bus de Harare \u00e0 Gaborone, une application de r\u00e9servation de billets de bus, des horaires et des tarifs ? R\u00e9servez vos billets de bus \u00e0 bas prix de Harare \u00e0 Gaborone en ligne maintenant","breadcrumb":{"@id":"https:\/\/tiketi.com\/cheap-bus-tickets-from-harare-to-gaborone\/#breadcrumb"},"inLanguage":"fr-FR","potentialAction":[{"@type":"ReadAction","target":["https:\/\/tiketi.com\/cheap-bus-tickets-from-harare-to-gaborone\/"]}]},{"@type":"ImageObject","inLanguage":"fr-FR","@id":"https:\/\/tiketi.com\/cheap-bus-tickets-from-harare-to-gaborone\/#primaryimage","url":"https:\/\/tiketi.com\/wp-content\/uploads\/2022\/01\/bus-ticket-online-booking.jpg","contentUrl":"https:\/\/tiketi.com\/wp-content\/uploads\/2022\/01\/bus-ticket-online-booking.jpg","width":1200,"height":206,"caption":"Online Bus Ticket Booking"},{"@type":"BreadcrumbList","@id":"https:\/\/tiketi.com\/cheap-bus-tickets-from-harare-to-gaborone\/#breadcrumb","itemListElement":[{"@type":"ListItem","position":1,"name":"Home","item":"https:\/\/tiketi.com\/"},{"@type":"ListItem","position":2,"name":"Bus from Harare to Gaborone Bus Tickets, Route, Schedule &#038; Fare"}]},{"@type":"WebSite","@id":"https:\/\/tiketi.com\/#website","url":"https:\/\/tiketi.com\/","name":"Billets d&#039;avion et de bus, forfaits touristiques et activit\u00e9s - Tiketi.com","description":"Billets d&#039;avion et de bus, Tours, Activit\u00e9s","publisher":{"@id":"https:\/\/tiketi.com\/#organization"},"potentialAction":[{"@type":"SearchAction","target":{"@type":"EntryPoint","urlTemplate":"https:\/\/tiketi.com\/?s={search_term_string}"},"query-input":{"@type":"PropertyValueSpecification","valueRequired":true,"valueName":"search_term_string"}}],"inLanguage":"fr-FR"},{"@type":"Organization","@id":"https:\/\/tiketi.com\/#organization","name":"Tiketi.com","alternateName":"Tiketi","url":"https:\/\/tiketi.com\/","logo":{"@type":"ImageObject","inLanguage":"fr-FR","@id":"https:\/\/tiketi.com\/#\/schema\/logo\/image\/","url":"https:\/\/tiketi.com\/wp-content\/uploads\/2019\/05\/tiketi-logo-696.png","contentUrl":"https:\/\/tiketi.com\/wp-content\/uploads\/2019\/05\/tiketi-logo-696.png","width":696,"height":696,"caption":"Tiketi.com"},"image":{"@id":"https:\/\/tiketi.com\/#\/schema\/logo\/image\/"},"sameAs":["https:\/\/www.facebook.com\/TiketiCom\/"]}]}},"_links":{"self":[{"href":"https:\/\/tiketi.com\/fr-fr\/wp-json\/wp\/v2\/pages\/11662","targetHints":{"allow":["GET"]}}],"collection":[{"href":"https:\/\/tiketi.com\/fr-fr\/wp-json\/wp\/v2\/pages"}],"about":[{"href":"https:\/\/tiketi.com\/fr-fr\/wp-json\/wp\/v2\/types\/page"}],"author":[{"embeddable":true,"href":"https:\/\/tiketi.com\/fr-fr\/wp-json\/wp\/v2\/users\/1"}],"replies":[{"embeddable":true,"href":"https:\/\/tiketi.com\/fr-fr\/wp-json\/wp\/v2\/comments?post=11662"}],"version-history":[{"count":0,"href":"https:\/\/tiketi.com\/fr-fr\/wp-json\/wp\/v2\/pages\/11662\/revisions"}],"wp:featuredmedia":[{"embeddable":true,"href":"https:\/\/tiketi.com\/fr-fr\/wp-json\/wp\/v2\/media\/13999"}],"wp:attachment":[{"href":"https:\/\/tiketi.com\/fr-fr\/wp-json\/wp\/v2\/media?parent=11662"}],"curies":[{"name":"wp","href":"https:\/\/api.w.org\/{rel}","templated":true}]}}