{"id":11664,"date":"2022-01-19T12:55:01","date_gmt":"2022-01-19T11:55:01","guid":{"rendered":"https:\/\/new.tiketi.com\/bus-tickets-zimbabwe-online-bus-ticket-booking\/"},"modified":"2022-02-01T15:24:47","modified_gmt":"2022-02-01T14:24:47","slug":"book-cheap-bus-tickets-in-zimbabwe","status":"publish","type":"page","link":"https:\/\/tiketi.com\/fr-fr\/book-cheap-bus-tickets-in-zimbabwe\/","title":{"rendered":"Billets de bus Zimbabwe \u2013 R\u00e9servation de billets de bus en ligne"},"content":{"rendered":"<h2>R\u00e9servation de billets de bus en ligne pas cher au Zimbabwe<\/h2>\n<h3>D\u00e9couvrez votre itin\u00e9raire de voyage sur le Web, votre mobile ou votre application et r\u00e9servez des voyages bon march\u00e9 en utilisant notre application de r\u00e9servation de bus au Zimbabwe en ligne.<\/h3>\n<p>Il existe 2 types de bus locaux au Zimbabwe : locaux et express. Des services de bus express r\u00e9guliers fonctionnent selon des horaires fixes de Johannesburg \u00e0 Harare et Bulawayo et de nombreuses compagnies de bus proposent \u00e9galement des bus directs vers le Malawi, Blantyre et entre Bulawayo et Harare. Vous pouvez ainsi facilement r\u00e9server des billets de bus au Zimbabwe. Il existe un transport public entre les chutes Victoria et le Botswana, mais un taxi emm\u00e8nera les visiteurs jusqu&#039;\u00e0 la fronti\u00e8re et certains h\u00f4tels des chutes Victoria peuvent organiser des transferts. Ces liaisons sont fr\u00e9quentes, leurs horaires et la r\u00e9servation de bus en ligne au Zimbabwe sont fiables et leurs visages sont encore tout \u00e0 fait raisonnables. Ils constituent le moyen de transport le plus rapide et le plus fiable entre les grandes villes et les revenus locaux augmentent et les services deviennent accessibles. Utilisez donc notre application de r\u00e9servation de bus au Zimbabwe pour r\u00e9server d\u00e8s maintenant des billets de bus en ligne bon march\u00e9 au Zimbabwe et \u00e9conomisez du temps et de l&#039;argent. Voici le d\u00e9tail de la r\u00e9servation des billets de bus au Zimbabwe.<\/p>\n<h2>Voyages en bus au Zimbabwe<\/h2>\n<h3>Les principaux op\u00e9rateurs de bus nationaux au Zimbabwe\u00a0:<\/h3>\n<p>Les bus locaux avec r\u00e9servation de billets de bus en ligne pour le Zimbabwe partent lorsqu&#039;ils sont pleins des march\u00e9s des cantons en dehors du centre d&#039;une ville. Il s&#039;agit de vieux bus publics, g\u00e9n\u00e9ralement envelopp\u00e9s dans un nuage noir de gaz d&#039;\u00e9chappement de diesel qui se brisent \u00e0 chaque intersection et transportent presque tout, des canap\u00e9s aux brouettes. Ils constituent g\u00e9n\u00e9ralement le seul moyen de transport abordable pour les nationaux et le seul moyen de transport accessible dans les zones rurales. Voyagez si vous souhaitez vivre l&#039;exp\u00e9rience et vous serez re\u00e7u avec de grands sourires et de politesse comme toujours et partout au Zimbabwe mais ils ne sont g\u00e9n\u00e9ralement pas en bon \u00e9tat de marche et tr\u00e8s souvent tr\u00e8s en retard en raison de pannes persistantes.<\/p>\n<p>Les taxis minibus proposent des billets de bus bon march\u00e9 au Zimbabwe pour le transport intra-urbain et sont relativement abordables par rapport aux normes europ\u00e9ennes, bien qu&#039;ils ne soient pas n\u00e9cessairement un moyen s\u00fbr ou tr\u00e8s d\u00e9tendu de d\u00e9couvrir le vrai Zimbabwe.<\/p>\n<h3>Compagnies de bus<\/h3>\n<p>Les bus de luxe ou express au Zimbabwe fonctionnent selon les horaires publi\u00e9s. Quoi qu&#039;il en soit, v\u00e9rifiez attentivement, car la plupart des compagnies de bus disposent d&#039;autocars locaux et de luxe pour la r\u00e9servation en ligne de billets de bus au Zimbabwe. Par exemple, Zupco et Pioneer proposent \u00e0 la fois des bus de poulet et des bus de luxe.<\/p>\n<p><strong>\u00c9claireur<\/strong>: Ce service de bus de luxe sept \u00e9toiles a mis en place un service quotidien reliant Harare \u00e0 Bulawayo, Victoria Falls et m\u00eame Hwange. Elle pr\u00e9voit de desservir Kariba et Mutare.<\/p>\n<p><strong>Bravo plis<\/strong> la route Harare-Bulawayo-Chutes Victoria.<\/p>\n<p>Alors pourquoi perdez-vous votre temps \u00e0 r\u00e9server des billets de bus en ligne au Zimbabwe pour profiter de vos prochaines vacances.<\/p>\n<h2>Billets de bus itin\u00e9raires vers le Zimbabwe<\/h2>\n<p>Les services de bus Intercape Pathfinder les moins chers au Zimbabwe sont utilis\u00e9s pour relier Harare via Bulawayo et Victoria Falls, quelque peu occasionnellement. En outre, la production de pierre vivante en provenance de Namibie a \u00e9galement cess\u00e9.<\/p>\n<p>Le seul service restant est la route Bulawayo-Johannesburg, qui circule r\u00e9guli\u00e8rement. Les billets de navette et de bus au Zimbabwe quittent l&#039;Afrique du Sud \u00e0 18h et arrivent \u00e0 Bulawayo \u00e0 8h10 le lendemain matin. De Bulawayo, le bus part \u00e0 16h et arrive dans la capitale sud-africaine \u00e0 8h le lendemain matin.<\/p>\n<h2>Tarifs des bus au Zimbabwe<\/h2>\n<p>Les tarifs des bus au Zimbabwe commencent \u00e0 partir de 450 ZAR par personne. Il existe diff\u00e9rents choix de billets et c&#039;est le prix abordable que vous paieriez pour un aller simple. De plus, plus vous r\u00e9servez votre date de voyage \u00e0 l\u2019approche, plus vous devrez payer cher.<\/p>\n<h2>Stations de r\u00e9servation de bus au Zimbabwe et r\u00e9servation de billets de bus en ligne R\u00e9servation de bus confirm\u00e9e au Zimbabwe<\/h2>\n<p>La r\u00e9servation de billets de navette et de bus au Zimbabwe peut \u00eatre effectu\u00e9e hors ligne ou en ligne via l&#039;application de r\u00e9servation de bus au Zimbabwe. Le paiement peut \u00eatre effectu\u00e9 par carte de cr\u00e9dit (Mastercard ou Visa) ou par Internet Banking (avec les titulaires de comptes bancaires Internet FNB, Standard Bank, Capitec, ABSA ou NedBank). Vous recevrez votre r\u00e9servation de billet de bus en ligne pour le Zimbabwe par courrier. Vous devrez donc l&#039;imprimer puis le montrer lors de sa v\u00e9rification.<br \/>\nBien que les bus vers Victoria Falls et Livingstone ne circulent pas, il semble s&#039;agir d&#039;un horaire saisonnier, bien qu&#039;il ne soit pas publi\u00e9 par l&#039;entreprise. Pendant les p\u00e9riodes de vacances extr\u00eamement charg\u00e9es, vous constaterez peut-\u00eatre que des bus circuleront.<\/p>","protected":false},"excerpt":{"rendered":"<p>Cheap Online Bus Ticket Booking Zimbabwe Discover your travel route on web, mobile or app and book cheap trips using our bus booking app in Zimbabwe online. There are 2 types of local buses in Zimbabwe services: local and express. Regular express bus services run according to fixed timetables from Johannesburg to Harare and Bulawayo [&hellip;]<\/p>\n","protected":false},"author":1,"featured_media":13999,"parent":0,"menu_order":0,"comment_status":"open","ping_status":"closed","template":"template-home-modern.php","meta":{"footnotes":""},"class_list":["post-11664","page","type-page","status-publish","has-post-thumbnail","hentry"],"yoast_head":"<!-- This site is optimized with the Yoast SEO plugin v27.3 - https:\/\/yoast.com\/product\/yoast-seo-wordpress\/ -->\n<title>Bus Tickets Zimbabwe - Online Bus Ticket Booking<\/title>\n<meta name=\"description\" content=\"Looking for online bus ticket\u00a0booking Zimbabwe, app, route, distance, fare &amp; schedule? Compare and book cheap bus tickets in Zimbabwe online\" \/>\n<meta name=\"robots\" content=\"index, follow, max-snippet:-1, max-image-preview:large, max-video-preview:-1\" \/>\n<link rel=\"canonical\" href=\"https:\/\/tiketi.com\/fr-fr\/book-cheap-bus-tickets-in-zimbabwe\/\" \/>\n<meta property=\"og:locale\" content=\"fr_FR\" \/>\n<meta property=\"og:type\" content=\"article\" \/>\n<meta property=\"og:title\" content=\"Bus Tickets Zimbabwe - Online Bus Ticket Booking\" \/>\n<meta property=\"og:description\" content=\"Looking for online bus ticket\u00a0booking Zimbabwe, app, route, distance, fare &amp; schedule? Compare and book cheap bus tickets in Zimbabwe online\" \/>\n<meta property=\"og:url\" content=\"https:\/\/tiketi.com\/fr-fr\/book-cheap-bus-tickets-in-zimbabwe\/\" \/>\n<meta property=\"og:site_name\" content=\"Tiketi.com\" \/>\n<meta property=\"article:publisher\" content=\"https:\/\/www.facebook.com\/TiketiCom\/\" \/>\n<meta property=\"article:modified_time\" content=\"2022-02-01T14:24:47+00:00\" \/>\n<meta property=\"og:image\" content=\"https:\/\/tiketi.com\/wp-content\/uploads\/2022\/01\/bus-ticket-online-booking.jpg\" \/>\n\t<meta property=\"og:image:width\" content=\"1200\" \/>\n\t<meta property=\"og:image:height\" content=\"206\" \/>\n\t<meta property=\"og:image:type\" content=\"image\/jpeg\" \/>\n<meta name=\"twitter:card\" content=\"summary_large_image\" \/>\n<meta name=\"twitter:label1\" content=\"Dur\u00e9e de lecture estim\u00e9e\" \/>\n\t<meta name=\"twitter:data1\" content=\"4 minutes\" \/>\n<script type=\"application\/ld+json\" class=\"yoast-schema-graph\">{\"@context\":\"https:\\\/\\\/schema.org\",\"@graph\":[{\"@type\":\"WebPage\",\"@id\":\"https:\\\/\\\/tiketi.com\\\/book-cheap-bus-tickets-in-zimbabwe\\\/\",\"url\":\"https:\\\/\\\/tiketi.com\\\/book-cheap-bus-tickets-in-zimbabwe\\\/\",\"name\":\"Bus Tickets Zimbabwe - Online Bus Ticket Booking\",\"isPartOf\":{\"@id\":\"https:\\\/\\\/tiketi.com\\\/#website\"},\"primaryImageOfPage\":{\"@id\":\"https:\\\/\\\/tiketi.com\\\/book-cheap-bus-tickets-in-zimbabwe\\\/#primaryimage\"},\"image\":{\"@id\":\"https:\\\/\\\/tiketi.com\\\/book-cheap-bus-tickets-in-zimbabwe\\\/#primaryimage\"},\"thumbnailUrl\":\"https:\\\/\\\/tiketi.com\\\/wp-content\\\/uploads\\\/2022\\\/01\\\/bus-ticket-online-booking.jpg\",\"datePublished\":\"2022-01-19T11:55:01+00:00\",\"dateModified\":\"2022-02-01T14:24:47+00:00\",\"description\":\"Looking for online bus ticket\u00a0booking Zimbabwe, app, route, distance, fare & schedule? Compare and book cheap bus tickets in Zimbabwe online\",\"breadcrumb\":{\"@id\":\"https:\\\/\\\/tiketi.com\\\/book-cheap-bus-tickets-in-zimbabwe\\\/#breadcrumb\"},\"inLanguage\":\"fr-FR\",\"potentialAction\":[{\"@type\":\"ReadAction\",\"target\":[\"https:\\\/\\\/tiketi.com\\\/book-cheap-bus-tickets-in-zimbabwe\\\/\"]}]},{\"@type\":\"ImageObject\",\"inLanguage\":\"fr-FR\",\"@id\":\"https:\\\/\\\/tiketi.com\\\/book-cheap-bus-tickets-in-zimbabwe\\\/#primaryimage\",\"url\":\"https:\\\/\\\/tiketi.com\\\/wp-content\\\/uploads\\\/2022\\\/01\\\/bus-ticket-online-booking.jpg\",\"contentUrl\":\"https:\\\/\\\/tiketi.com\\\/wp-content\\\/uploads\\\/2022\\\/01\\\/bus-ticket-online-booking.jpg\",\"width\":1200,\"height\":206,\"caption\":\"Online Bus Ticket Booking\"},{\"@type\":\"BreadcrumbList\",\"@id\":\"https:\\\/\\\/tiketi.com\\\/book-cheap-bus-tickets-in-zimbabwe\\\/#breadcrumb\",\"itemListElement\":[{\"@type\":\"ListItem\",\"position\":1,\"name\":\"Home\",\"item\":\"https:\\\/\\\/tiketi.com\\\/\"},{\"@type\":\"ListItem\",\"position\":2,\"name\":\"Bus Tickets Zimbabwe &#8211; Online Bus Ticket Booking\"}]},{\"@type\":\"WebSite\",\"@id\":\"https:\\\/\\\/tiketi.com\\\/#website\",\"url\":\"https:\\\/\\\/tiketi.com\\\/\",\"name\":\"Flight & Bus Tickets, Tour Packages & Activitites - Tiketi.com\",\"description\":\"Flight &amp; Bus Tickets, Tours, Activitites\",\"publisher\":{\"@id\":\"https:\\\/\\\/tiketi.com\\\/#organization\"},\"potentialAction\":[{\"@type\":\"SearchAction\",\"target\":{\"@type\":\"EntryPoint\",\"urlTemplate\":\"https:\\\/\\\/tiketi.com\\\/?s={search_term_string}\"},\"query-input\":{\"@type\":\"PropertyValueSpecification\",\"valueRequired\":true,\"valueName\":\"search_term_string\"}}],\"inLanguage\":\"fr-FR\"},{\"@type\":\"Organization\",\"@id\":\"https:\\\/\\\/tiketi.com\\\/#organization\",\"name\":\"Tiketi.com\",\"alternateName\":\"Tiketi\",\"url\":\"https:\\\/\\\/tiketi.com\\\/\",\"logo\":{\"@type\":\"ImageObject\",\"inLanguage\":\"fr-FR\",\"@id\":\"https:\\\/\\\/tiketi.com\\\/#\\\/schema\\\/logo\\\/image\\\/\",\"url\":\"https:\\\/\\\/tiketi.com\\\/wp-content\\\/uploads\\\/2019\\\/05\\\/tiketi-logo-696.png\",\"contentUrl\":\"https:\\\/\\\/tiketi.com\\\/wp-content\\\/uploads\\\/2019\\\/05\\\/tiketi-logo-696.png\",\"width\":696,\"height\":696,\"caption\":\"Tiketi.com\"},\"image\":{\"@id\":\"https:\\\/\\\/tiketi.com\\\/#\\\/schema\\\/logo\\\/image\\\/\"},\"sameAs\":[\"https:\\\/\\\/www.facebook.com\\\/TiketiCom\\\/\"]}]}<\/script>\n<!-- \/ Yoast SEO plugin. -->","yoast_head_json":{"title":"Billets de bus Zimbabwe - R\u00e9servation de billets de bus en ligne","description":"Vous recherchez une r\u00e9servation de billets de bus en ligne pour le Zimbabwe, une application, un itin\u00e9raire, une distance, un tarif et un horaire\u00a0? Comparez et r\u00e9servez en ligne des billets de bus pas chers au Zimbabwe","robots":{"index":"index","follow":"follow","max-snippet":"max-snippet:-1","max-image-preview":"max-image-preview:large","max-video-preview":"max-video-preview:-1"},"canonical":"https:\/\/tiketi.com\/fr-fr\/book-cheap-bus-tickets-in-zimbabwe\/","og_locale":"fr_FR","og_type":"article","og_title":"Bus Tickets Zimbabwe - Online Bus Ticket Booking","og_description":"Looking for online bus ticket\u00a0booking Zimbabwe, app, route, distance, fare & schedule? Compare and book cheap bus tickets in Zimbabwe online","og_url":"https:\/\/tiketi.com\/fr-fr\/book-cheap-bus-tickets-in-zimbabwe\/","og_site_name":"Tiketi.com","article_publisher":"https:\/\/www.facebook.com\/TiketiCom\/","article_modified_time":"2022-02-01T14:24:47+00:00","og_image":[{"width":1200,"height":206,"url":"https:\/\/tiketi.com\/wp-content\/uploads\/2022\/01\/bus-ticket-online-booking.jpg","type":"image\/jpeg"}],"twitter_card":"summary_large_image","twitter_misc":{"Dur\u00e9e de lecture estim\u00e9e":"4 minutes"},"schema":{"@context":"https:\/\/schema.org","@graph":[{"@type":"WebPage","@id":"https:\/\/tiketi.com\/book-cheap-bus-tickets-in-zimbabwe\/","url":"https:\/\/tiketi.com\/book-cheap-bus-tickets-in-zimbabwe\/","name":"Billets de bus Zimbabwe - R\u00e9servation de billets de bus en ligne","isPartOf":{"@id":"https:\/\/tiketi.com\/#website"},"primaryImageOfPage":{"@id":"https:\/\/tiketi.com\/book-cheap-bus-tickets-in-zimbabwe\/#primaryimage"},"image":{"@id":"https:\/\/tiketi.com\/book-cheap-bus-tickets-in-zimbabwe\/#primaryimage"},"thumbnailUrl":"https:\/\/tiketi.com\/wp-content\/uploads\/2022\/01\/bus-ticket-online-booking.jpg","datePublished":"2022-01-19T11:55:01+00:00","dateModified":"2022-02-01T14:24:47+00:00","description":"Vous recherchez une r\u00e9servation de billets de bus en ligne pour le Zimbabwe, une application, un itin\u00e9raire, une distance, un tarif et un horaire\u00a0? Comparez et r\u00e9servez en ligne des billets de bus pas chers au Zimbabwe","breadcrumb":{"@id":"https:\/\/tiketi.com\/book-cheap-bus-tickets-in-zimbabwe\/#breadcrumb"},"inLanguage":"fr-FR","potentialAction":[{"@type":"ReadAction","target":["https:\/\/tiketi.com\/book-cheap-bus-tickets-in-zimbabwe\/"]}]},{"@type":"ImageObject","inLanguage":"fr-FR","@id":"https:\/\/tiketi.com\/book-cheap-bus-tickets-in-zimbabwe\/#primaryimage","url":"https:\/\/tiketi.com\/wp-content\/uploads\/2022\/01\/bus-ticket-online-booking.jpg","contentUrl":"https:\/\/tiketi.com\/wp-content\/uploads\/2022\/01\/bus-ticket-online-booking.jpg","width":1200,"height":206,"caption":"Online Bus Ticket Booking"},{"@type":"BreadcrumbList","@id":"https:\/\/tiketi.com\/book-cheap-bus-tickets-in-zimbabwe\/#breadcrumb","itemListElement":[{"@type":"ListItem","position":1,"name":"Home","item":"https:\/\/tiketi.com\/"},{"@type":"ListItem","position":2,"name":"Bus Tickets Zimbabwe &#8211; Online Bus Ticket Booking"}]},{"@type":"WebSite","@id":"https:\/\/tiketi.com\/#website","url":"https:\/\/tiketi.com\/","name":"Billets d&#039;avion et de bus, forfaits touristiques et activit\u00e9s - Tiketi.com","description":"Billets d&#039;avion et de bus, Tours, Activit\u00e9s","publisher":{"@id":"https:\/\/tiketi.com\/#organization"},"potentialAction":[{"@type":"SearchAction","target":{"@type":"EntryPoint","urlTemplate":"https:\/\/tiketi.com\/?s={search_term_string}"},"query-input":{"@type":"PropertyValueSpecification","valueRequired":true,"valueName":"search_term_string"}}],"inLanguage":"fr-FR"},{"@type":"Organization","@id":"https:\/\/tiketi.com\/#organization","name":"Tiketi.com","alternateName":"Tiketi","url":"https:\/\/tiketi.com\/","logo":{"@type":"ImageObject","inLanguage":"fr-FR","@id":"https:\/\/tiketi.com\/#\/schema\/logo\/image\/","url":"https:\/\/tiketi.com\/wp-content\/uploads\/2019\/05\/tiketi-logo-696.png","contentUrl":"https:\/\/tiketi.com\/wp-content\/uploads\/2019\/05\/tiketi-logo-696.png","width":696,"height":696,"caption":"Tiketi.com"},"image":{"@id":"https:\/\/tiketi.com\/#\/schema\/logo\/image\/"},"sameAs":["https:\/\/www.facebook.com\/TiketiCom\/"]}]}},"_links":{"self":[{"href":"https:\/\/tiketi.com\/fr-fr\/wp-json\/wp\/v2\/pages\/11664","targetHints":{"allow":["GET"]}}],"collection":[{"href":"https:\/\/tiketi.com\/fr-fr\/wp-json\/wp\/v2\/pages"}],"about":[{"href":"https:\/\/tiketi.com\/fr-fr\/wp-json\/wp\/v2\/types\/page"}],"author":[{"embeddable":true,"href":"https:\/\/tiketi.com\/fr-fr\/wp-json\/wp\/v2\/users\/1"}],"replies":[{"embeddable":true,"href":"https:\/\/tiketi.com\/fr-fr\/wp-json\/wp\/v2\/comments?post=11664"}],"version-history":[{"count":0,"href":"https:\/\/tiketi.com\/fr-fr\/wp-json\/wp\/v2\/pages\/11664\/revisions"}],"wp:featuredmedia":[{"embeddable":true,"href":"https:\/\/tiketi.com\/fr-fr\/wp-json\/wp\/v2\/media\/13999"}],"wp:attachment":[{"href":"https:\/\/tiketi.com\/fr-fr\/wp-json\/wp\/v2\/media?parent=11664"}],"curies":[{"name":"wp","href":"https:\/\/api.w.org\/{rel}","templated":true}]}}